{"id":255174,"date":"2022-03-21T11:35:15","date_gmt":"2022-03-21T15:35:15","guid":{"rendered":"https:\/\/content.carib-export.com\/partnerships\/"},"modified":"2025-03-01T07:23:58","modified_gmt":"2025-03-01T11:23:58","slug":"partnerships","status":"publish","type":"page","link":"https:\/\/content.carib-export.com\/es\/our-work\/partnerships\/","title":{"rendered":"Asociaciones"},"content":{"rendered":"\n<p>Caribbean Export reconoce el valor de las asociaciones s\u00f3lidas, como lo demuestra la exitosa cooperaci\u00f3n de larga data con la Uni\u00f3n Europea.<\/p>\n\n<p>Para cumplir nuestra misi\u00f3n, colaboramos con socios de desarrollo y organizaciones donantes para impulsar el crecimiento del sector privado. Estas asociaciones estrat\u00e9gicas son fundamentales para transformar las econom\u00edas caribe\u00f1as y crear puestos de trabajo sostenibles para nuestra gente. <\/p>\n\n<p>Con oficinas en Barbados y la Rep\u00fablica Dominicana, tenemos un historial probado de resultados, con una tasa de ejecuci\u00f3n anual constante cercana al 93%.<\/p>\n","protected":false},"excerpt":{"rendered":"<p>Reconocemos el valor de las asociaciones y la cooperaci\u00f3n s\u00f3lidas para impulsar el desarrollo del sector privado en el Caribe \u23af Haz clic en Socios para explorar sus proyectos<\/p>\n","protected":false},"author":9,"featured_media":0,"parent":308388,"menu_order":0,"comment_status":"closed","ping_status":"closed","template":"partners.php","meta":{"_acf_changed":false,"inline_featured_image":false,"footnotes":""},"tags":[],"class_list":["post-255174","page","type-page","status-publish","hentry"],"acf":[],"yoast_head":"<!-- This site is optimized with the Yoast SEO plugin v27.1.1 - https:\/\/yoast.com\/product\/yoast-seo-wordpress\/ -->\n<title>Asociaciones - nombre del Exportaci\u00f3n del Caribe<\/title>\n<meta name=\"description\" content=\"Implementamos una gama de iniciativas innovadoras y enfocadas dise\u00f1adas para facilitar la expansi\u00f3n de las empresas del Caribe a nivel nacional, regional e internacional en mercados de alto valor mientras aprovechamos el acceso especial al mercado.\" \/>\n<meta name=\"robots\" content=\"index, follow, max-snippet:-1, max-image-preview:large, max-video-preview:-1\" \/>\n<link rel=\"canonical\" href=\"https:\/\/content.carib-export.com\/es\/our-work\/partnerships\/\" \/>\n<meta property=\"og:locale\" content=\"es_ES\" \/>\n<meta property=\"og:type\" content=\"article\" \/>\n<meta property=\"og:title\" content=\"Asociaciones - nombre del Exportaci\u00f3n del Caribe\" \/>\n<meta property=\"og:description\" content=\"Implementamos una gama de iniciativas innovadoras y enfocadas dise\u00f1adas para facilitar la expansi\u00f3n de las empresas del Caribe a nivel nacional, regional e internacional en mercados de alto valor mientras aprovechamos el acceso especial al mercado.\" \/>\n<meta property=\"og:url\" content=\"https:\/\/content.carib-export.com\/es\/our-work\/partnerships\/\" \/>\n<meta property=\"og:site_name\" content=\"Exportaci\u00f3n del Caribe\" \/>\n<meta property=\"article:publisher\" content=\"https:\/\/www.facebook.com\/CaribbeanExport\" \/>\n<meta property=\"article:modified_time\" content=\"2025-03-01T11:23:58+00:00\" \/>\n<meta property=\"og:image\" content=\"https:\/\/content.carib-export.com\/wp-content\/uploads\/2019\/06\/CEDA-default-square.jpg\" \/>\n\t<meta property=\"og:image:width\" content=\"1000\" \/>\n\t<meta property=\"og:image:height\" content=\"1000\" \/>\n\t<meta property=\"og:image:type\" content=\"image\/jpeg\" \/>\n<meta name=\"twitter:card\" content=\"summary_large_image\" \/>\n<meta name=\"twitter:site\" content=\"@CaribXport\" \/>\n<script type=\"application\/ld+json\" class=\"yoast-schema-graph\">{\"@context\":\"https:\/\/schema.org\",\"@graph\":[{\"@type\":\"WebPage\",\"@id\":\"https:\/\/content.carib-export.com\/es\/our-work\/partnerships\/\",\"url\":\"https:\/\/content.carib-export.com\/es\/our-work\/partnerships\/\",\"name\":\"Asociaciones - nombre del Exportaci\u00f3n del Caribe\",\"isPartOf\":{\"@id\":\"https:\/\/content.carib-export.com\/es\/#website\"},\"datePublished\":\"2022-03-21T15:35:15+00:00\",\"dateModified\":\"2025-03-01T11:23:58+00:00\",\"description\":\"Implementamos una gama de iniciativas innovadoras y enfocadas dise\u00f1adas para facilitar la expansi\u00f3n de las empresas del Caribe a nivel nacional, regional e internacional en mercados de alto valor mientras aprovechamos el acceso especial al mercado.\",\"breadcrumb\":{\"@id\":\"https:\/\/content.carib-export.com\/es\/our-work\/partnerships\/#breadcrumb\"},\"inLanguage\":\"es\",\"potentialAction\":[{\"@type\":\"ReadAction\",\"target\":[\"https:\/\/content.carib-export.com\/es\/our-work\/partnerships\/\"]}]},{\"@type\":\"BreadcrumbList\",\"@id\":\"https:\/\/content.carib-export.com\/es\/our-work\/partnerships\/#breadcrumb\",\"itemListElement\":[{\"@type\":\"ListItem\",\"position\":1,\"name\":\"Casa\",\"item\":\"https:\/\/content.carib-export.com\/es\/home\/\"},{\"@type\":\"ListItem\",\"position\":2,\"name\":\"Nuestro trabajo\",\"item\":\"https:\/\/content.carib-export.com\/es\/our-work\/\"},{\"@type\":\"ListItem\",\"position\":3,\"name\":\"Asociaciones\"}]},{\"@type\":\"WebSite\",\"@id\":\"https:\/\/content.carib-export.com\/es\/#website\",\"url\":\"https:\/\/content.carib-export.com\/es\/\",\"name\":\"Exportaci\u00f3n del Caribe\",\"description\":\"La \u00fanica agencia regional de promoci\u00f3n del comercio y las inversiones en el grupo de \u00c1frica, el Caribe y el Pac\u00edfico.\",\"publisher\":{\"@id\":\"https:\/\/content.carib-export.com\/es\/#organization\"},\"potentialAction\":[{\"@type\":\"SearchAction\",\"target\":{\"@type\":\"EntryPoint\",\"urlTemplate\":\"https:\/\/content.carib-export.com\/es\/?s={search_term_string}\"},\"query-input\":{\"@type\":\"PropertyValueSpecification\",\"valueRequired\":true,\"valueName\":\"search_term_string\"}}],\"inLanguage\":\"es\"},{\"@type\":\"Organization\",\"@id\":\"https:\/\/content.carib-export.com\/es\/#organization\",\"name\":\"Agencia de Desarrollo de Exportaciones del Caribe\",\"url\":\"https:\/\/content.carib-export.com\/es\/\",\"logo\":{\"@type\":\"ImageObject\",\"inLanguage\":\"es\",\"@id\":\"https:\/\/content.carib-export.com\/es\/#\/schema\/logo\/image\/\",\"url\":\"https:\/\/content.carib-export.com\/wp-content\/uploads\/2013\/03\/CE-Logo-2013.jpg\",\"contentUrl\":\"https:\/\/content.carib-export.com\/wp-content\/uploads\/2013\/03\/CE-Logo-2013.jpg\",\"width\":1024,\"height\":244,\"caption\":\"Agencia de Desarrollo de Exportaciones del Caribe\"},\"image\":{\"@id\":\"https:\/\/content.carib-export.com\/es\/#\/schema\/logo\/image\/\"},\"sameAs\":[\"https:\/\/www.facebook.com\/CaribbeanExport\",\"https:\/\/x.com\/CaribXport\",\"https:\/\/www.instagram.com\/caribbeanexport\",\"https:\/\/www.linkedin.com\/company\/caribbeanexport\",\"https:\/\/www.youtube.com\/user\/TheCaribbeanExport\"]}]}<\/script>\n<!-- \/ Yoast SEO plugin. -->","yoast_head_json":{"title":"Asociaciones - nombre del Exportaci\u00f3n del Caribe","description":"Implementamos una gama de iniciativas innovadoras y enfocadas dise\u00f1adas para facilitar la expansi\u00f3n de las empresas del Caribe a nivel nacional, regional e internacional en mercados de alto valor mientras aprovechamos el acceso especial al mercado.","robots":{"index":"index","follow":"follow","max-snippet":"max-snippet:-1","max-image-preview":"max-image-preview:large","max-video-preview":"max-video-preview:-1"},"canonical":"https:\/\/content.carib-export.com\/es\/our-work\/partnerships\/","og_locale":"es_ES","og_type":"article","og_title":"Asociaciones - nombre del Exportaci\u00f3n del Caribe","og_description":"Implementamos una gama de iniciativas innovadoras y enfocadas dise\u00f1adas para facilitar la expansi\u00f3n de las empresas del Caribe a nivel nacional, regional e internacional en mercados de alto valor mientras aprovechamos el acceso especial al mercado.","og_url":"https:\/\/content.carib-export.com\/es\/our-work\/partnerships\/","og_site_name":"Exportaci\u00f3n del Caribe","article_publisher":"https:\/\/www.facebook.com\/CaribbeanExport","article_modified_time":"2025-03-01T11:23:58+00:00","og_image":[{"width":1000,"height":1000,"url":"https:\/\/content.carib-export.com\/wp-content\/uploads\/2019\/06\/CEDA-default-square.jpg","type":"image\/jpeg"}],"twitter_card":"summary_large_image","twitter_site":"@CaribXport","schema":{"@context":"https:\/\/schema.org","@graph":[{"@type":"WebPage","@id":"https:\/\/content.carib-export.com\/es\/our-work\/partnerships\/","url":"https:\/\/content.carib-export.com\/es\/our-work\/partnerships\/","name":"Asociaciones - nombre del Exportaci\u00f3n del Caribe","isPartOf":{"@id":"https:\/\/content.carib-export.com\/es\/#website"},"datePublished":"2022-03-21T15:35:15+00:00","dateModified":"2025-03-01T11:23:58+00:00","description":"Implementamos una gama de iniciativas innovadoras y enfocadas dise\u00f1adas para facilitar la expansi\u00f3n de las empresas del Caribe a nivel nacional, regional e internacional en mercados de alto valor mientras aprovechamos el acceso especial al mercado.","breadcrumb":{"@id":"https:\/\/content.carib-export.com\/es\/our-work\/partnerships\/#breadcrumb"},"inLanguage":"es","potentialAction":[{"@type":"ReadAction","target":["https:\/\/content.carib-export.com\/es\/our-work\/partnerships\/"]}]},{"@type":"BreadcrumbList","@id":"https:\/\/content.carib-export.com\/es\/our-work\/partnerships\/#breadcrumb","itemListElement":[{"@type":"ListItem","position":1,"name":"Casa","item":"https:\/\/content.carib-export.com\/es\/home\/"},{"@type":"ListItem","position":2,"name":"Nuestro trabajo","item":"https:\/\/content.carib-export.com\/es\/our-work\/"},{"@type":"ListItem","position":3,"name":"Asociaciones"}]},{"@type":"WebSite","@id":"https:\/\/content.carib-export.com\/es\/#website","url":"https:\/\/content.carib-export.com\/es\/","name":"Exportaci\u00f3n del Caribe","description":"La \u00fanica agencia regional de promoci\u00f3n del comercio y las inversiones en el grupo de \u00c1frica, el Caribe y el Pac\u00edfico.","publisher":{"@id":"https:\/\/content.carib-export.com\/es\/#organization"},"potentialAction":[{"@type":"SearchAction","target":{"@type":"EntryPoint","urlTemplate":"https:\/\/content.carib-export.com\/es\/?s={search_term_string}"},"query-input":{"@type":"PropertyValueSpecification","valueRequired":true,"valueName":"search_term_string"}}],"inLanguage":"es"},{"@type":"Organization","@id":"https:\/\/content.carib-export.com\/es\/#organization","name":"Agencia de Desarrollo de Exportaciones del Caribe","url":"https:\/\/content.carib-export.com\/es\/","logo":{"@type":"ImageObject","inLanguage":"es","@id":"https:\/\/content.carib-export.com\/es\/#\/schema\/logo\/image\/","url":"https:\/\/content.carib-export.com\/wp-content\/uploads\/2013\/03\/CE-Logo-2013.jpg","contentUrl":"https:\/\/content.carib-export.com\/wp-content\/uploads\/2013\/03\/CE-Logo-2013.jpg","width":1024,"height":244,"caption":"Agencia de Desarrollo de Exportaciones del Caribe"},"image":{"@id":"https:\/\/content.carib-export.com\/es\/#\/schema\/logo\/image\/"},"sameAs":["https:\/\/www.facebook.com\/CaribbeanExport","https:\/\/x.com\/CaribXport","https:\/\/www.instagram.com\/caribbeanexport","https:\/\/www.linkedin.com\/company\/caribbeanexport","https:\/\/www.youtube.com\/user\/TheCaribbeanExport"]}]}},"_links":{"self":[{"href":"https:\/\/content.carib-export.com\/es\/wp-json\/wp\/v2\/pages\/255174","targetHints":{"allow":["GET"]}}],"collection":[{"href":"https:\/\/content.carib-export.com\/es\/wp-json\/wp\/v2\/pages"}],"about":[{"href":"https:\/\/content.carib-export.com\/es\/wp-json\/wp\/v2\/types\/page"}],"author":[{"embeddable":true,"href":"https:\/\/content.carib-export.com\/es\/wp-json\/wp\/v2\/users\/9"}],"replies":[{"embeddable":true,"href":"https:\/\/content.carib-export.com\/es\/wp-json\/wp\/v2\/comments?post=255174"}],"version-history":[{"count":0,"href":"https:\/\/content.carib-export.com\/es\/wp-json\/wp\/v2\/pages\/255174\/revisions"}],"up":[{"embeddable":true,"href":"https:\/\/content.carib-export.com\/es\/wp-json\/wp\/v2\/pages\/308388"}],"wp:attachment":[{"href":"https:\/\/content.carib-export.com\/es\/wp-json\/wp\/v2\/media?parent=255174"}],"wp:term":[{"taxonomy":"post_tag","embeddable":true,"href":"https:\/\/content.carib-export.com\/es\/wp-json\/wp\/v2\/tags?post=255174"}],"curies":[{"name":"wp","href":"https:\/\/api.w.org\/{rel}","templated":true}]}}