{"id":255534,"date":"2022-03-23T14:25:32","date_gmt":"2022-03-23T18:25:32","guid":{"rendered":"https:\/\/content.carib-export.com\/buyers\/services-registry\/"},"modified":"2025-02-06T12:58:19","modified_gmt":"2025-02-06T16:58:19","slug":"services-registry","status":"publish","type":"page","link":"https:\/\/content.carib-export.com\/es\/resources\/services-registry\/","title":{"rendered":"Registro de Servicios"},"content":{"rendered":"\n<h2 class=\"wp-block-heading\">Bienvenido al Registro de Servicios CE<\/h2>\n\n<p>El Registro de Servicios de CE es una base de datos de Proveedores de Servicios en el Caribe.<\/p>\n\n<p>Busque empresas en funci\u00f3n de su ubicaci\u00f3n, acreditaciones profesionales, \u00e1reas de especialidad y categorizaci\u00f3n de la industria.<\/p>\n\n<p>El Registro de Servicios de CE tambi\u00e9n es un gran recurso para los proveedores de servicios del Caribe que buscan informaci\u00f3n sobre CARIFORUM-EU EPA (Acuerdo de Asociaci\u00f3n Econ\u00f3mica); una variedad de gu\u00edas de exportaci\u00f3n e informaci\u00f3n comercial para ayudarlo a brindar su servicio a trav\u00e9s de las fronteras.<\/p>\n\n<h2 class=\"wp-block-heading\">\u00bfPor qu\u00e9 registrarse?<\/h2>\n\n<p>El env\u00edo de informaci\u00f3n al registro es completamente voluntario, sin embargo, hay una serie de beneficios que deben experimentar las empresas y los profesionales que figuran en el registro, aunque Caribbean Export no garantiza ninguno de estos beneficios.<\/p>\n\n<h2 class=\"wp-block-heading\">Beneficios para firmas registradas\/profesionales<\/h2>\n\n<ul class=\"wp-block-list\">\n<li>Mayor reconocimiento y visibilidad que podr\u00edan ayudar a agregar otra capa de legitimidad y profesionalismo a la firma\/practicante.<\/li>\n\n\n\n<li>El registro puede desencadenar nuevas colaboraciones y asociaciones, ya que las empresas pueden identificar otras empresas o profesionales con conjuntos de habilidades de los que carecen actualmente, pero que mejorar\u00edan y ampliar\u00edan su oferta comercial.<\/li>\n\n\n\n<li>El registro podr\u00eda dar lugar a un aumento de los clientes, ya que la promoci\u00f3n del registro expondr\u00eda a las empresas\/los profesionales a una base de clientes m\u00e1s amplia. <\/li>\n<\/ul>\n\n<h2 class=\"wp-block-heading\">Beneficios para una poblaci\u00f3n m\u00e1s amplia<\/h2>\n\n<p>El registro est\u00e1 dise\u00f1ado para abordar necesidades como:<\/p>\n\n<ul class=\"wp-block-list\">\n<li>F\u00e1cil identificaci\u00f3n de proveedores en sectores representados<\/li>\n\n\n\n<li>F\u00e1cil acceso a la informaci\u00f3n de contacto de los proveedores de servicios<\/li>\n\n\n\n<li>Acceso a las credenciales y experiencia de los proveedores de servicios.<\/li>\n\n\n\n<li>Un creciente cuerpo de conocimiento sobre los sectores que puede informar pol\u00edticas e intervenciones destinadas a abordar desaf\u00edos generalizados y traer mejoras a los sectores representados.<\/li>\n\n\n\n<li>Datos sobre el sector servicios regional, que aclaran si se est\u00e1 avanzando hacia los objetivos nacionales y regionales y pueden dar lugar a un aumento del perfil internacional de los sectores representados. <\/li>\n<\/ul>\n","protected":false},"excerpt":{"rendered":"<p>Obtenga los servicios que necesita del Caribe.<\/p>\n","protected":false},"author":9,"featured_media":0,"parent":256191,"menu_order":0,"comment_status":"closed","ping_status":"closed","template":"our-sites.php","meta":{"_acf_changed":false,"inline_featured_image":false,"footnotes":""},"tags":[],"class_list":["post-255534","page","type-page","status-publish","hentry"],"acf":[],"yoast_head":"<!-- This site is optimized with the Yoast SEO plugin v27.1.1 - https:\/\/yoast.com\/product\/yoast-seo-wordpress\/ -->\n<title>Registro de Servicios - nombre del Exportaci\u00f3n del Caribe<\/title>\n<meta name=\"robots\" content=\"index, follow, max-snippet:-1, max-image-preview:large, max-video-preview:-1\" \/>\n<link rel=\"canonical\" href=\"https:\/\/content.carib-export.com\/es\/resources\/services-registry\/\" \/>\n<meta property=\"og:locale\" content=\"es_ES\" \/>\n<meta property=\"og:type\" content=\"article\" \/>\n<meta property=\"og:title\" content=\"Registro de Servicios - nombre del Exportaci\u00f3n del Caribe\" \/>\n<meta property=\"og:description\" content=\"Obtenga los servicios que necesita del Caribe.\" \/>\n<meta property=\"og:url\" content=\"https:\/\/content.carib-export.com\/es\/resources\/services-registry\/\" \/>\n<meta property=\"og:site_name\" content=\"Exportaci\u00f3n del Caribe\" \/>\n<meta property=\"article:publisher\" content=\"https:\/\/www.facebook.com\/CaribbeanExport\" \/>\n<meta property=\"article:modified_time\" content=\"2025-02-06T16:58:19+00:00\" \/>\n<meta property=\"og:image\" content=\"https:\/\/content.carib-export.com\/wp-content\/uploads\/2019\/06\/CEDA-default-square.jpg\" \/>\n\t<meta property=\"og:image:width\" content=\"1000\" \/>\n\t<meta property=\"og:image:height\" content=\"1000\" \/>\n\t<meta property=\"og:image:type\" content=\"image\/jpeg\" \/>\n<meta name=\"twitter:card\" content=\"summary_large_image\" \/>\n<meta name=\"twitter:site\" content=\"@CaribXport\" \/>\n<meta name=\"twitter:label1\" content=\"Tiempo de lectura\" \/>\n\t<meta name=\"twitter:data1\" content=\"1 minuto\" \/>\n<script type=\"application\/ld+json\" class=\"yoast-schema-graph\">{\"@context\":\"https:\/\/schema.org\",\"@graph\":[{\"@type\":\"WebPage\",\"@id\":\"https:\/\/content.carib-export.com\/es\/resources\/services-registry\/\",\"url\":\"https:\/\/content.carib-export.com\/es\/resources\/services-registry\/\",\"name\":\"Registro de Servicios - nombre del Exportaci\u00f3n del Caribe\",\"isPartOf\":{\"@id\":\"https:\/\/content.carib-export.com\/es\/#website\"},\"datePublished\":\"2022-03-23T18:25:32+00:00\",\"dateModified\":\"2025-02-06T16:58:19+00:00\",\"breadcrumb\":{\"@id\":\"https:\/\/content.carib-export.com\/es\/resources\/services-registry\/#breadcrumb\"},\"inLanguage\":\"es\",\"potentialAction\":[{\"@type\":\"ReadAction\",\"target\":[\"https:\/\/content.carib-export.com\/es\/resources\/services-registry\/\"]}]},{\"@type\":\"BreadcrumbList\",\"@id\":\"https:\/\/content.carib-export.com\/es\/resources\/services-registry\/#breadcrumb\",\"itemListElement\":[{\"@type\":\"ListItem\",\"position\":1,\"name\":\"Casa\",\"item\":\"https:\/\/content.carib-export.com\/es\/home\/\"},{\"@type\":\"ListItem\",\"position\":2,\"name\":\"Recursos\",\"item\":\"https:\/\/content.carib-export.com\/es\/resources\/\"},{\"@type\":\"ListItem\",\"position\":3,\"name\":\"Registro de Servicios\"}]},{\"@type\":\"WebSite\",\"@id\":\"https:\/\/content.carib-export.com\/es\/#website\",\"url\":\"https:\/\/content.carib-export.com\/es\/\",\"name\":\"Exportaci\u00f3n del Caribe\",\"description\":\"La \u00fanica agencia regional de promoci\u00f3n del comercio y las inversiones en el grupo de \u00c1frica, el Caribe y el Pac\u00edfico.\",\"publisher\":{\"@id\":\"https:\/\/content.carib-export.com\/es\/#organization\"},\"potentialAction\":[{\"@type\":\"SearchAction\",\"target\":{\"@type\":\"EntryPoint\",\"urlTemplate\":\"https:\/\/content.carib-export.com\/es\/?s={search_term_string}\"},\"query-input\":{\"@type\":\"PropertyValueSpecification\",\"valueRequired\":true,\"valueName\":\"search_term_string\"}}],\"inLanguage\":\"es\"},{\"@type\":\"Organization\",\"@id\":\"https:\/\/content.carib-export.com\/es\/#organization\",\"name\":\"Agencia de Desarrollo de Exportaciones del Caribe\",\"url\":\"https:\/\/content.carib-export.com\/es\/\",\"logo\":{\"@type\":\"ImageObject\",\"inLanguage\":\"es\",\"@id\":\"https:\/\/content.carib-export.com\/es\/#\/schema\/logo\/image\/\",\"url\":\"https:\/\/content.carib-export.com\/wp-content\/uploads\/2013\/03\/CE-Logo-2013.jpg\",\"contentUrl\":\"https:\/\/content.carib-export.com\/wp-content\/uploads\/2013\/03\/CE-Logo-2013.jpg\",\"width\":1024,\"height\":244,\"caption\":\"Agencia de Desarrollo de Exportaciones del Caribe\"},\"image\":{\"@id\":\"https:\/\/content.carib-export.com\/es\/#\/schema\/logo\/image\/\"},\"sameAs\":[\"https:\/\/www.facebook.com\/CaribbeanExport\",\"https:\/\/x.com\/CaribXport\",\"https:\/\/www.instagram.com\/caribbeanexport\",\"https:\/\/www.linkedin.com\/company\/caribbeanexport\",\"https:\/\/www.youtube.com\/user\/TheCaribbeanExport\"]}]}<\/script>\n<!-- \/ Yoast SEO plugin. -->","yoast_head_json":{"title":"Registro de Servicios - nombre del Exportaci\u00f3n del Caribe","robots":{"index":"index","follow":"follow","max-snippet":"max-snippet:-1","max-image-preview":"max-image-preview:large","max-video-preview":"max-video-preview:-1"},"canonical":"https:\/\/content.carib-export.com\/es\/resources\/services-registry\/","og_locale":"es_ES","og_type":"article","og_title":"Registro de Servicios - nombre del Exportaci\u00f3n del Caribe","og_description":"Obtenga los servicios que necesita del Caribe.","og_url":"https:\/\/content.carib-export.com\/es\/resources\/services-registry\/","og_site_name":"Exportaci\u00f3n del Caribe","article_publisher":"https:\/\/www.facebook.com\/CaribbeanExport","article_modified_time":"2025-02-06T16:58:19+00:00","og_image":[{"width":1000,"height":1000,"url":"https:\/\/content.carib-export.com\/wp-content\/uploads\/2019\/06\/CEDA-default-square.jpg","type":"image\/jpeg"}],"twitter_card":"summary_large_image","twitter_site":"@CaribXport","twitter_misc":{"Tiempo de lectura":"1 minuto"},"schema":{"@context":"https:\/\/schema.org","@graph":[{"@type":"WebPage","@id":"https:\/\/content.carib-export.com\/es\/resources\/services-registry\/","url":"https:\/\/content.carib-export.com\/es\/resources\/services-registry\/","name":"Registro de Servicios - nombre del Exportaci\u00f3n del Caribe","isPartOf":{"@id":"https:\/\/content.carib-export.com\/es\/#website"},"datePublished":"2022-03-23T18:25:32+00:00","dateModified":"2025-02-06T16:58:19+00:00","breadcrumb":{"@id":"https:\/\/content.carib-export.com\/es\/resources\/services-registry\/#breadcrumb"},"inLanguage":"es","potentialAction":[{"@type":"ReadAction","target":["https:\/\/content.carib-export.com\/es\/resources\/services-registry\/"]}]},{"@type":"BreadcrumbList","@id":"https:\/\/content.carib-export.com\/es\/resources\/services-registry\/#breadcrumb","itemListElement":[{"@type":"ListItem","position":1,"name":"Casa","item":"https:\/\/content.carib-export.com\/es\/home\/"},{"@type":"ListItem","position":2,"name":"Recursos","item":"https:\/\/content.carib-export.com\/es\/resources\/"},{"@type":"ListItem","position":3,"name":"Registro de Servicios"}]},{"@type":"WebSite","@id":"https:\/\/content.carib-export.com\/es\/#website","url":"https:\/\/content.carib-export.com\/es\/","name":"Exportaci\u00f3n del Caribe","description":"La \u00fanica agencia regional de promoci\u00f3n del comercio y las inversiones en el grupo de \u00c1frica, el Caribe y el Pac\u00edfico.","publisher":{"@id":"https:\/\/content.carib-export.com\/es\/#organization"},"potentialAction":[{"@type":"SearchAction","target":{"@type":"EntryPoint","urlTemplate":"https:\/\/content.carib-export.com\/es\/?s={search_term_string}"},"query-input":{"@type":"PropertyValueSpecification","valueRequired":true,"valueName":"search_term_string"}}],"inLanguage":"es"},{"@type":"Organization","@id":"https:\/\/content.carib-export.com\/es\/#organization","name":"Agencia de Desarrollo de Exportaciones del Caribe","url":"https:\/\/content.carib-export.com\/es\/","logo":{"@type":"ImageObject","inLanguage":"es","@id":"https:\/\/content.carib-export.com\/es\/#\/schema\/logo\/image\/","url":"https:\/\/content.carib-export.com\/wp-content\/uploads\/2013\/03\/CE-Logo-2013.jpg","contentUrl":"https:\/\/content.carib-export.com\/wp-content\/uploads\/2013\/03\/CE-Logo-2013.jpg","width":1024,"height":244,"caption":"Agencia de Desarrollo de Exportaciones del Caribe"},"image":{"@id":"https:\/\/content.carib-export.com\/es\/#\/schema\/logo\/image\/"},"sameAs":["https:\/\/www.facebook.com\/CaribbeanExport","https:\/\/x.com\/CaribXport","https:\/\/www.instagram.com\/caribbeanexport","https:\/\/www.linkedin.com\/company\/caribbeanexport","https:\/\/www.youtube.com\/user\/TheCaribbeanExport"]}]}},"_links":{"self":[{"href":"https:\/\/content.carib-export.com\/es\/wp-json\/wp\/v2\/pages\/255534","targetHints":{"allow":["GET"]}}],"collection":[{"href":"https:\/\/content.carib-export.com\/es\/wp-json\/wp\/v2\/pages"}],"about":[{"href":"https:\/\/content.carib-export.com\/es\/wp-json\/wp\/v2\/types\/page"}],"author":[{"embeddable":true,"href":"https:\/\/content.carib-export.com\/es\/wp-json\/wp\/v2\/users\/9"}],"replies":[{"embeddable":true,"href":"https:\/\/content.carib-export.com\/es\/wp-json\/wp\/v2\/comments?post=255534"}],"version-history":[{"count":0,"href":"https:\/\/content.carib-export.com\/es\/wp-json\/wp\/v2\/pages\/255534\/revisions"}],"up":[{"embeddable":true,"href":"https:\/\/content.carib-export.com\/es\/wp-json\/wp\/v2\/pages\/256191"}],"wp:attachment":[{"href":"https:\/\/content.carib-export.com\/es\/wp-json\/wp\/v2\/media?parent=255534"}],"wp:term":[{"taxonomy":"post_tag","embeddable":true,"href":"https:\/\/content.carib-export.com\/es\/wp-json\/wp\/v2\/tags?post=255534"}],"curies":[{"name":"wp","href":"https:\/\/api.w.org\/{rel}","templated":true}]}}