{"id":256161,"date":"2009-06-25T18:38:17","date_gmt":"2009-06-25T22:38:17","guid":{"rendered":"https:\/\/content.carib-export.com\/privacy-policy\/"},"modified":"2025-02-05T13:34:48","modified_gmt":"2025-02-05T17:34:48","slug":"privacy-policy","status":"publish","type":"page","link":"https:\/\/content.carib-export.com\/es\/privacy-policy\/","title":{"rendered":"Pol\u00edtica de privacidad"},"content":{"rendered":"\n<p>Caribbean Export respeta la privacidad de cada persona que visita nuestro sitio web o responde a nuestros anuncios en l\u00ednea. Esta Pol\u00edtica de privacidad describe el tipo de informaci\u00f3n que Caribbean Export generalmente recopila de nuestro sitio web y anuncios en l\u00ednea, y c\u00f3mo podemos usar esa informaci\u00f3n.<\/p>\n\n<p>En el sitio web de Caribbean Export y en la publicidad en l\u00ednea, podemos solicitarle informaci\u00f3n como su nombre, direcci\u00f3n, n\u00famero de tel\u00e9fono, fecha de nacimiento y\/o su direcci\u00f3n de correo electr\u00f3nico. De vez en cuando tambi\u00e9n se le puede preguntar si desea proporcionar informaci\u00f3n adicional para recopilar mediante el uso de una \u00abcookie\u00bb o un archivo similar. Su acuerdo y suministro de informaci\u00f3n es completamente voluntario.<\/p>\n\n<p>Cuando nos proporciona informaci\u00f3n, a menos que se le indique lo contrario, podemos usar esa informaci\u00f3n para mejorar nuestros productos y servicios; para adaptar un sitio web o publicidad para que coincida mejor con sus intereses y preferencias; como entrada para un concurso o sorteo; o para contactarte. No proporcionamos esa informaci\u00f3n a terceros no afiliados a Caribbean Export.<\/p>\n\n<p>Si no desea que se recopile informaci\u00f3n de nuestro sitio web y publicidad en l\u00ednea, no acepte la recopilaci\u00f3n de informaci\u00f3n ni nos env\u00ede ninguna informaci\u00f3n. Si ya ha enviado informaci\u00f3n personal y desea que la eliminemos de nuestros registros, comun\u00edquese con nosotros a la direcci\u00f3n de correo electr\u00f3nico que figura en la parte inferior de esta Pol\u00edtica. Si lo solicita, la informaci\u00f3n personal que nos ha proporcionado se eliminar\u00e1 de nuestros archivos existentes. Tenga en cuenta que con la mayor\u00eda de los navegadores de Internet, puede borrar las cookies del disco duro de su computadora, bloquear todas las cookies o recibir una advertencia antes de que se almacene una cookie. Debe consultar las instrucciones de su navegador o la pantalla de ayuda para obtener m\u00e1s informaci\u00f3n sobre estas funciones.<\/p>\n\n<p>Cierta informaci\u00f3n no personal puede recopilarse autom\u00e1ticamente. Ejemplos de este tipo de informaci\u00f3n incluyen el tipo de navegador de Internet, el tipo de sistema operativo de computadora utilizado y el nombre de dominio del sitio web desde el cual se vincul\u00f3 a nuestro sitio o anuncio.<\/p>\n\n<p>Si ha enviado informaci\u00f3n personal a trav\u00e9s del sitio web de Caribbean Export o un anuncio en l\u00ednea y desea que esa informaci\u00f3n se elimine de nuestros registros, env\u00edenos un correo electr\u00f3nico. Si lo solicita, eliminaremos esta informaci\u00f3n personal de nuestros archivos existentes. Nos complace que haya elegido visitar nuestro sitio.<\/p>\n","protected":false},"excerpt":{"rendered":"<p>Caribbean Export respeta la privacidad de cada persona que visita nuestro sitio web o responde a nuestros anuncios en l\u00ednea. Esta Pol\u00edtica de privacidad describe el tipo de informaci\u00f3n que Caribbean Export generalmente recopila de nuestro sitio web y anuncios en l\u00ednea, y c\u00f3mo podemos usar esa informaci\u00f3n. En el sitio web de Caribbean Export [&hellip;]<\/p>\n","protected":false},"author":3,"featured_media":0,"parent":0,"menu_order":0,"comment_status":"closed","ping_status":"closed","template":"","meta":{"_acf_changed":false,"inline_featured_image":false,"footnotes":""},"tags":[],"class_list":["post-256161","page","type-page","status-publish","hentry"],"acf":[],"yoast_head":"<!-- This site is optimized with the Yoast SEO plugin v27.1.1 - https:\/\/yoast.com\/product\/yoast-seo-wordpress\/ -->\n<title>Pol\u00edtica de privacidad - nombre del Exportaci\u00f3n del Caribe<\/title>\n<meta name=\"robots\" content=\"index, follow, max-snippet:-1, max-image-preview:large, max-video-preview:-1\" \/>\n<link rel=\"canonical\" href=\"https:\/\/content.carib-export.com\/es\/privacy-policy\/\" \/>\n<meta property=\"og:locale\" content=\"es_ES\" \/>\n<meta property=\"og:type\" content=\"article\" \/>\n<meta property=\"og:title\" content=\"Pol\u00edtica de privacidad - nombre del Exportaci\u00f3n del Caribe\" \/>\n<meta property=\"og:description\" content=\"Caribbean Export respeta la privacidad de cada persona que visita nuestro sitio web o responde a nuestros anuncios en l\u00ednea. Esta Pol\u00edtica de privacidad describe el tipo de informaci\u00f3n que Caribbean Export generalmente recopila de nuestro sitio web y anuncios en l\u00ednea, y c\u00f3mo podemos usar esa informaci\u00f3n. En el sitio web de Caribbean Export [&hellip;]\" \/>\n<meta property=\"og:url\" content=\"https:\/\/content.carib-export.com\/es\/privacy-policy\/\" \/>\n<meta property=\"og:site_name\" content=\"Exportaci\u00f3n del Caribe\" \/>\n<meta property=\"article:publisher\" content=\"https:\/\/www.facebook.com\/CaribbeanExport\" \/>\n<meta property=\"article:modified_time\" content=\"2025-02-05T17:34:48+00:00\" \/>\n<meta property=\"og:image\" content=\"https:\/\/content.carib-export.com\/wp-content\/uploads\/2019\/06\/CEDA-default-square.jpg\" \/>\n\t<meta property=\"og:image:width\" content=\"1000\" \/>\n\t<meta property=\"og:image:height\" content=\"1000\" \/>\n\t<meta property=\"og:image:type\" content=\"image\/jpeg\" \/>\n<meta name=\"twitter:card\" content=\"summary_large_image\" \/>\n<meta name=\"twitter:site\" content=\"@CaribXport\" \/>\n<meta name=\"twitter:label1\" content=\"Tiempo de lectura\" \/>\n\t<meta name=\"twitter:data1\" content=\"2 minutos\" \/>\n<script type=\"application\/ld+json\" class=\"yoast-schema-graph\">{\"@context\":\"https:\/\/schema.org\",\"@graph\":[{\"@type\":\"WebPage\",\"@id\":\"https:\/\/content.carib-export.com\/es\/privacy-policy\/\",\"url\":\"https:\/\/content.carib-export.com\/es\/privacy-policy\/\",\"name\":\"Pol\u00edtica de privacidad - nombre del Exportaci\u00f3n del Caribe\",\"isPartOf\":{\"@id\":\"https:\/\/content.carib-export.com\/es\/#website\"},\"datePublished\":\"2009-06-25T22:38:17+00:00\",\"dateModified\":\"2025-02-05T17:34:48+00:00\",\"breadcrumb\":{\"@id\":\"https:\/\/content.carib-export.com\/es\/privacy-policy\/#breadcrumb\"},\"inLanguage\":\"es\",\"potentialAction\":[{\"@type\":\"ReadAction\",\"target\":[\"https:\/\/content.carib-export.com\/es\/privacy-policy\/\"]}]},{\"@type\":\"BreadcrumbList\",\"@id\":\"https:\/\/content.carib-export.com\/es\/privacy-policy\/#breadcrumb\",\"itemListElement\":[{\"@type\":\"ListItem\",\"position\":1,\"name\":\"Casa\",\"item\":\"https:\/\/content.carib-export.com\/es\/home\/\"},{\"@type\":\"ListItem\",\"position\":2,\"name\":\"Pol\u00edtica de privacidad\"}]},{\"@type\":\"WebSite\",\"@id\":\"https:\/\/content.carib-export.com\/es\/#website\",\"url\":\"https:\/\/content.carib-export.com\/es\/\",\"name\":\"Exportaci\u00f3n del Caribe\",\"description\":\"La \u00fanica agencia regional de promoci\u00f3n del comercio y las inversiones en el grupo de \u00c1frica, el Caribe y el Pac\u00edfico.\",\"publisher\":{\"@id\":\"https:\/\/content.carib-export.com\/es\/#organization\"},\"potentialAction\":[{\"@type\":\"SearchAction\",\"target\":{\"@type\":\"EntryPoint\",\"urlTemplate\":\"https:\/\/content.carib-export.com\/es\/?s={search_term_string}\"},\"query-input\":{\"@type\":\"PropertyValueSpecification\",\"valueRequired\":true,\"valueName\":\"search_term_string\"}}],\"inLanguage\":\"es\"},{\"@type\":\"Organization\",\"@id\":\"https:\/\/content.carib-export.com\/es\/#organization\",\"name\":\"Agencia de Desarrollo de Exportaciones del Caribe\",\"url\":\"https:\/\/content.carib-export.com\/es\/\",\"logo\":{\"@type\":\"ImageObject\",\"inLanguage\":\"es\",\"@id\":\"https:\/\/content.carib-export.com\/es\/#\/schema\/logo\/image\/\",\"url\":\"https:\/\/content.carib-export.com\/wp-content\/uploads\/2013\/03\/CE-Logo-2013.jpg\",\"contentUrl\":\"https:\/\/content.carib-export.com\/wp-content\/uploads\/2013\/03\/CE-Logo-2013.jpg\",\"width\":1024,\"height\":244,\"caption\":\"Agencia de Desarrollo de Exportaciones del Caribe\"},\"image\":{\"@id\":\"https:\/\/content.carib-export.com\/es\/#\/schema\/logo\/image\/\"},\"sameAs\":[\"https:\/\/www.facebook.com\/CaribbeanExport\",\"https:\/\/x.com\/CaribXport\",\"https:\/\/www.instagram.com\/caribbeanexport\",\"https:\/\/www.linkedin.com\/company\/caribbeanexport\",\"https:\/\/www.youtube.com\/user\/TheCaribbeanExport\"]}]}<\/script>\n<!-- \/ Yoast SEO plugin. -->","yoast_head_json":{"title":"Pol\u00edtica de privacidad - nombre del Exportaci\u00f3n del Caribe","robots":{"index":"index","follow":"follow","max-snippet":"max-snippet:-1","max-image-preview":"max-image-preview:large","max-video-preview":"max-video-preview:-1"},"canonical":"https:\/\/content.carib-export.com\/es\/privacy-policy\/","og_locale":"es_ES","og_type":"article","og_title":"Pol\u00edtica de privacidad - nombre del Exportaci\u00f3n del Caribe","og_description":"Caribbean Export respeta la privacidad de cada persona que visita nuestro sitio web o responde a nuestros anuncios en l\u00ednea. Esta Pol\u00edtica de privacidad describe el tipo de informaci\u00f3n que Caribbean Export generalmente recopila de nuestro sitio web y anuncios en l\u00ednea, y c\u00f3mo podemos usar esa informaci\u00f3n. En el sitio web de Caribbean Export [&hellip;]","og_url":"https:\/\/content.carib-export.com\/es\/privacy-policy\/","og_site_name":"Exportaci\u00f3n del Caribe","article_publisher":"https:\/\/www.facebook.com\/CaribbeanExport","article_modified_time":"2025-02-05T17:34:48+00:00","og_image":[{"width":1000,"height":1000,"url":"https:\/\/content.carib-export.com\/wp-content\/uploads\/2019\/06\/CEDA-default-square.jpg","type":"image\/jpeg"}],"twitter_card":"summary_large_image","twitter_site":"@CaribXport","twitter_misc":{"Tiempo de lectura":"2 minutos"},"schema":{"@context":"https:\/\/schema.org","@graph":[{"@type":"WebPage","@id":"https:\/\/content.carib-export.com\/es\/privacy-policy\/","url":"https:\/\/content.carib-export.com\/es\/privacy-policy\/","name":"Pol\u00edtica de privacidad - nombre del Exportaci\u00f3n del Caribe","isPartOf":{"@id":"https:\/\/content.carib-export.com\/es\/#website"},"datePublished":"2009-06-25T22:38:17+00:00","dateModified":"2025-02-05T17:34:48+00:00","breadcrumb":{"@id":"https:\/\/content.carib-export.com\/es\/privacy-policy\/#breadcrumb"},"inLanguage":"es","potentialAction":[{"@type":"ReadAction","target":["https:\/\/content.carib-export.com\/es\/privacy-policy\/"]}]},{"@type":"BreadcrumbList","@id":"https:\/\/content.carib-export.com\/es\/privacy-policy\/#breadcrumb","itemListElement":[{"@type":"ListItem","position":1,"name":"Casa","item":"https:\/\/content.carib-export.com\/es\/home\/"},{"@type":"ListItem","position":2,"name":"Pol\u00edtica de privacidad"}]},{"@type":"WebSite","@id":"https:\/\/content.carib-export.com\/es\/#website","url":"https:\/\/content.carib-export.com\/es\/","name":"Exportaci\u00f3n del Caribe","description":"La \u00fanica agencia regional de promoci\u00f3n del comercio y las inversiones en el grupo de \u00c1frica, el Caribe y el Pac\u00edfico.","publisher":{"@id":"https:\/\/content.carib-export.com\/es\/#organization"},"potentialAction":[{"@type":"SearchAction","target":{"@type":"EntryPoint","urlTemplate":"https:\/\/content.carib-export.com\/es\/?s={search_term_string}"},"query-input":{"@type":"PropertyValueSpecification","valueRequired":true,"valueName":"search_term_string"}}],"inLanguage":"es"},{"@type":"Organization","@id":"https:\/\/content.carib-export.com\/es\/#organization","name":"Agencia de Desarrollo de Exportaciones del Caribe","url":"https:\/\/content.carib-export.com\/es\/","logo":{"@type":"ImageObject","inLanguage":"es","@id":"https:\/\/content.carib-export.com\/es\/#\/schema\/logo\/image\/","url":"https:\/\/content.carib-export.com\/wp-content\/uploads\/2013\/03\/CE-Logo-2013.jpg","contentUrl":"https:\/\/content.carib-export.com\/wp-content\/uploads\/2013\/03\/CE-Logo-2013.jpg","width":1024,"height":244,"caption":"Agencia de Desarrollo de Exportaciones del Caribe"},"image":{"@id":"https:\/\/content.carib-export.com\/es\/#\/schema\/logo\/image\/"},"sameAs":["https:\/\/www.facebook.com\/CaribbeanExport","https:\/\/x.com\/CaribXport","https:\/\/www.instagram.com\/caribbeanexport","https:\/\/www.linkedin.com\/company\/caribbeanexport","https:\/\/www.youtube.com\/user\/TheCaribbeanExport"]}]}},"_links":{"self":[{"href":"https:\/\/content.carib-export.com\/es\/wp-json\/wp\/v2\/pages\/256161","targetHints":{"allow":["GET"]}}],"collection":[{"href":"https:\/\/content.carib-export.com\/es\/wp-json\/wp\/v2\/pages"}],"about":[{"href":"https:\/\/content.carib-export.com\/es\/wp-json\/wp\/v2\/types\/page"}],"author":[{"embeddable":true,"href":"https:\/\/content.carib-export.com\/es\/wp-json\/wp\/v2\/users\/3"}],"replies":[{"embeddable":true,"href":"https:\/\/content.carib-export.com\/es\/wp-json\/wp\/v2\/comments?post=256161"}],"version-history":[{"count":0,"href":"https:\/\/content.carib-export.com\/es\/wp-json\/wp\/v2\/pages\/256161\/revisions"}],"wp:attachment":[{"href":"https:\/\/content.carib-export.com\/es\/wp-json\/wp\/v2\/media?parent=256161"}],"wp:term":[{"taxonomy":"post_tag","embeddable":true,"href":"https:\/\/content.carib-export.com\/es\/wp-json\/wp\/v2\/tags?post=256161"}],"curies":[{"name":"wp","href":"https:\/\/api.w.org\/{rel}","templated":true}]}}