{"id":256172,"date":"2009-06-25T18:38:34","date_gmt":"2009-06-25T22:38:34","guid":{"rendered":"https:\/\/content.carib-export.com\/terms-of-use\/"},"modified":"2025-02-04T20:25:36","modified_gmt":"2025-02-05T00:25:36","slug":"terms-of-use","status":"publish","type":"page","link":"https:\/\/content.carib-export.com\/es\/terms-of-use\/","title":{"rendered":"T\u00e9rminos de Uso"},"content":{"rendered":"\n<p>POR FAVOR LEA DETENIDAMENTE ESTOS T\u00c9RMINOS Y CONDICIONES DE USO. ESTOS T\u00c9RMINOS Y CONDICIONES PUEDEN HABER CAMBIADO DESDE SU \u00daLTIMA VISITA A ESTE SITIO. AL UTILIZAR ESTE SITIO, USTED INDICA SU ACEPTACI\u00d3N DE ESTOS T\u00c9RMINOS Y CONDICIONES. SI NO ACEPTA ESTOS T\u00c9RMINOS Y CONDICIONES, ENTONCES NO UTILICE ESTE SITIO.<\/p>\n\n<p><a href=\"#TERMS\">T\u00c9RMINOS Y CONDICIONES<\/a><br\/><a href=\"#USERS\">USUARIOS\/PARTICIPANTES<\/a><br\/><a href=\"#COOKIES\">GALLETAS<\/a><br\/><a href=\"#TRADEMARKS\">MARCAS COMERCIALES, DERECHOS DE AUTOR Y RESTRICCIONES<\/a><br\/><a href=\"#LINKS\">ENLACES<\/a><br\/><a href=\"#PRIVACY\">PROBLEMAS DE PRIVACIDAD<\/a><br\/><a href=\"#DISCLAIMERS\">EXENCIONES DE RESPONSABILIDAD E INDEMNIZACI\u00d3N<\/a><br\/><a href=\"#LIMITATIONS\">LIMITACI\u00d3N DE RESPONSABILIDAD<\/a><br\/><a href=\"#TERMINATION\">TERMINACI\u00d3N<\/a><br\/><a href=\"#JURISDICTION\">JURISDICCI\u00d3N<\/a><br\/><a href=\"#COMMENTS\">COMENTARIOS, QUEJAS Y PREGUNTAS<\/a><\/p>\n\n<p id=\"TERMS\"><br\/><strong>T\u00c9RMINOS Y CONDICIONES<\/strong><br\/>El sitio web de Caribbean Export Interactive (\u00abEmpresa\u00bb) se proporciona actualmente de forma gratuita a los usuarios que aceptan cumplir los t\u00e9rminos y condiciones de este Acuerdo. La Compa\u00f1\u00eda se reserva el derecho de cambiar la naturaleza de esta relaci\u00f3n en cualquier momento, y de revisar estas pautas y T\u00e9rminos y Condiciones de vez en cuando, seg\u00fan lo considere conveniente. A los usuarios que violen los t\u00e9rminos de este Acuerdo se les cancelar\u00e1 el acceso y se les puede prohibir permanentemente el uso del Sitio y cualquier servicio interactivo.<\/p>\n\n<p>Los usuarios deben revisar estos t\u00e9rminos y condiciones peri\u00f3dicamente. Al usar el Sitio despu\u00e9s de que publiquemos los cambios a estos T\u00e9rminos y condiciones, usted acepta esos cambios, ya sea que los haya revisado o no.<\/p>\n\n<p>Ingresar al Sitio constituir\u00e1 su aceptaci\u00f3n de estos T\u00e9rminos y Condiciones. Si no acepta cumplir con estos t\u00e9rminos, no ingrese al Sitio.<\/p>\n\n<p><a href=\"#Top\">volver arriba<\/a><\/p>\n\n<p id=\"USERS\"><a><\/a><strong>USUARIOS\/PARTICIPANTES<\/strong><br\/>No discriminamos por motivos de edad, raza, nacionalidad, sexo, orientaci\u00f3n sexual o religi\u00f3n.<br\/>Ninguna persona menor de 13 a\u00f1os debe utilizar el Sitio sin el consentimiento de sus padres o tutores legales. Recomendamos encarecidamente a todos los padres y tutores que supervisen el uso de Internet de sus hijos. El uso del Sitio por parte de cualquier usuario se considerar\u00e1 como una representaci\u00f3n de que el usuario tiene 13 a\u00f1os de edad o m\u00e1s.<\/p>\n\n<p><a href=\"#Top\">volver arriba<\/a><\/p>\n\n<p id=\"COOKIES\"><a><\/a><strong>COOKIES<\/strong><br\/>Las \u00abcookies\u00bb son peque\u00f1os archivos de datos encriptados (que contienen referencias a la informaci\u00f3n de identificaci\u00f3n de usuario proporcionada por el usuario y almacenada en nuestro servidor seguro) que pueden escribirse en tu disco duro una vez que has accedido a un sitio. La empresa utiliza cookies para mejorar su experiencia de usuario con nosotros.<\/p>\n\n<p><a href=\"#Top\">volver arriba<\/a><\/p>\n\n<p id=\"TRADEMARKS\"><a><\/a><strong>MARCAS REGISTRADAS, DERECHOS DE AUTOR Y RESTRICCIONES<\/strong><br\/>Este Sitio y todos los materiales del Sitio, incluyendo, pero sin limitarse a, im\u00e1genes, ilustraciones, posts, clips de audio, clips de v\u00eddeo (los \u00abMateriales\u00bb) son propiedad de la Empresa y de sus afiliados y licenciantes, y est\u00e1n protegidos contra la copia y difusi\u00f3n no autorizadas por derechos de autor que son propiedad o est\u00e1n licenciados por la Empresa y por leyes de derechos de autor, leyes de marcas registradas, convenciones internacionales y otras leyes de propiedad intelectual. No puede reproducir, realizar, crear trabajos derivados, volver a publicar, cargar, publicar, transmitir o distribuir de ninguna manera los Materiales de <a href=\"https:\/\/www.carib-export.com\/\">Caribbean Export<\/a> o cualquier otro sitio web que sea propiedad de la Compa\u00f1\u00eda o est\u00e9 operado por ella sin el permiso previo por escrito de la Compa\u00f1\u00eda. . Sin embargo, puede descargar o hacer una copia de los Materiales y otros elementos descargables que se muestran en el Sitio, siempre que los mismos no se utilicen para fines comerciales, se distribuyan a terceros o se ofrezcan para la venta a terceros, y siempre que todos los derechos de autor y otros avisos contenidos en los Materiales se dejan intactos. Cualquier modificaci\u00f3n de los Materiales, o cualquier parte de los mismos, o el uso de los Materiales para cualquier otro prop\u00f3sito constituye una infracci\u00f3n de los derechos de autor y otros derechos de propiedad de la Compa\u00f1\u00eda. El uso de estos Materiales en cualquier otro sitio web u otro entorno inform\u00e1tico en red est\u00e1 prohibido sin el permiso previo por escrito de la Empresa.<br\/>Nada de lo contenido en este Sitio debe interpretarse como una concesi\u00f3n, por implicaci\u00f3n, impedimento o de otro modo, de cualquier licencia o derecho a utilizar este Sitio o cualquier informaci\u00f3n mostrada en este Sitio, mediante el uso de marcos o de otro modo, excepto: (a) seg\u00fan lo permitido expresamente por estos t\u00e9rminos y condiciones; o (b) con el permiso previo por escrito de la Compa\u00f1\u00eda o de un tercero que pueda ser propietario de la marca comercial o los derechos de autor de la informaci\u00f3n que se muestra en este Sitio.<\/p>\n\n<p><a href=\"#Top\">volver arriba<\/a><\/p>\n\n<p id=\"LINKS\"><strong>ENLACES<\/strong><br\/>La Empresa no es responsable del contenido de ning\u00fan sitio que pueda estar enlazado a o desde <a href=\"https:\/\/www.carib-export.com\/\">Caribbean Export<\/a>, o cualquier tabl\u00f3n de anuncios asociado con la Empresa. Estos enlaces se proporcionan \u00fanicamente para su comodidad y usted accede a ellos bajo su propio riesgo. Cualquier otro sitio web al que se acceda desde este Sitio es independiente de la Compa\u00f1\u00eda, y la Compa\u00f1\u00eda no tiene control sobre el contenido de ese otro sitio web. Adem\u00e1s, un enlace a cualquier otro sitio web no implica que la Empresa respalde o acepte responsabilidad alguna por el contenido o el uso de dicho sitio web.<br\/>En ning\u00fan caso se interpretar\u00e1 cualquier referencia a un tercero o a un producto o servicio de un tercero como una aprobaci\u00f3n o respaldo por parte de la Empresa de dicho tercero o de cualquier producto o servicio proporcionado por un tercero.<\/p>\n\n<p><a href=\"#Top\">volver arriba<\/a><\/p>\n\n<p id=\"PRIVACY\"><a><\/a><strong>CUESTIONES DE PRIVACIDAD<\/strong><br\/>La Empresa se preocupa por las cuestiones de privacidad de sus clientes. Por favor revise nuestra Pol\u00edtica de Privacidad.<\/p>\n\n<p><a href=\"#Top\">volver arriba<\/a><\/p>\n\n<p id=\"DISCLAIMERS\"><a><\/a><strong>EXENCIONES DE RESPONSABILIDAD E INDEMNIZACI\u00d3N<\/strong><br\/>Al utilizar el Sitio y\/o publicar Materiales, aceptas indemnizar a la Empresa, sus directivos, directores, empleados, sucesores, agentes, distribuidores y afiliados por cualquier reclamaci\u00f3n, da\u00f1o, p\u00e9rdida y causa de acci\u00f3n (incluidos los honorarios de los abogados) que surjan o est\u00e9n relacionados con tu incumplimiento o presunto incumplimiento de este acuerdo (incluidas, entre otras, las reclamaciones presentadas por terceros por infracci\u00f3n de los derechos de propiedad intelectual), o por cualquier contenido proporcionado por ti (o a trav\u00e9s de tu identificaci\u00f3n de usuario y\/o contrase\u00f1a). Usted acepta cooperar tanto como sea razonablemente necesario en la defensa de cualquier reclamo. La Empresa se reserva el derecho a asumir la defensa y el control exclusivos de cualquier asunto que, de otro modo, estar\u00eda sujeto a indemnizaci\u00f3n por tu parte.<br\/>La informaci\u00f3n contenida en este Sitio sirve de orientaci\u00f3n general sobre temas seleccionados por la Empresa. Dicha informaci\u00f3n se proporciona a ciegas, sin ning\u00fan conocimiento de su industria, identidad o circunstancias espec\u00edficas. La aplicaci\u00f3n y el impacto de las leyes pertinentes variar\u00e1n de una jurisdicci\u00f3n a otra. Tambi\u00e9n puede haber retrasos, omisiones o inexactitudes en la informaci\u00f3n contenida en este Sitio. La informaci\u00f3n en este Sitio se proporciona con el entendimiento de que la Compa\u00f1\u00eda y varios autores y editores que brindan dicha informaci\u00f3n no est\u00e1n involucrados, y que proporcionar dicha informaci\u00f3n no constituye la prestaci\u00f3n de asesoramiento o servicios legales, contables, fiscales, profesionales u otros. . Como tal, no se debe confiar en la informaci\u00f3n de este Sitio ni utilizarla como sustituto de la consulta directa con asesores profesionales.<\/p>\n\n<p>ESTE SITIO CONTIENE HECHOS, PUNTOS DE VISTA, OPINIONES, DECLARACIONES Y RECOMENDACIONES DE TERCEROS INDIVIDUOS Y ORGANIZACIONES. NINGUNO DE ELLOS O Caribbean Export INTEACTIVE (Y SUS ENTIDADES AFILIADAS, CONJUNTAMENTE \u00abLA COMPA\u00d1\u00cdA\u00bb) REPRESENTA O RESPALDA LA EXACTITUD, ACTUALIDAD O CONFIABILIDAD DE CUALQUIER CONSEJO, OPINI\u00d3N, DECLARACI\u00d3N U OTRA INFORMACI\u00d3N MOSTRADA, CARGADA O DISTRIBUIDA A TRAV\u00c9S DEL SITIO. USTED RECONOCE QUE CUALQUIER CONFIANZA EN CUALQUIER OPINI\u00d3N, CONSEJO, DECLARACI\u00d3N O INFORMACI\u00d3N SER\u00c1 BAJO SU PROPIO RIESGO. LOS MATERIALES EN ESTE SITIO SON TRANSMITIDOS Y DISTRIBUIDOS \u00abTAL CUAL\u00bb Y APARECEN EN EL SITIO SIN GARANT\u00cdAS EXPRESAS O IMPL\u00cdCITAS DE NING\u00daN TIPO, INCLUIDAS, ENTRE OTRAS, GARANT\u00cdAS DE T\u00cdTULO, GARANT\u00cdAS IMPL\u00cdCITAS DE COMERCIABILIDAD O IDONEIDAD PARA UN PROP\u00d3SITO PARTICULAR. NO HAY GARANT\u00cdA EN CUANTO A LA CALIDAD, EXACTITUD, INTEGRIDAD Y VALIDEZ DE CUALQUIER MATERIAL EN EL SITIO WEB, NI NINGUNA GARANT\u00cdA DE QUE LAS FUNCIONES CONTENIDAS EN EL SITIO WEB SER\u00c1N ININTERRUMPIDAS O LIBRES DE ERRORES, O QUE LOS DEFECTOS SER\u00c1N CORREGIDOS.<\/p>\n\n<p>Cuando la ley aplicable no permita la exclusi\u00f3n de garant\u00edas impl\u00edcitas, es posible que las exclusiones anteriores no se apliquen a usted. Este descargo de responsabilidad se aplica a todo el contenido, la mercanc\u00eda y los servicios disponibles a trav\u00e9s de este sitio.<\/p>\n\n<p><a href=\"#Top\">volver arriba<\/a><\/p>\n\n<p id=\"LIMITATION\"><a><\/a><strong>LIMITACI\u00d3N DE RESPONSABILIDAD<\/strong><br\/>NI LA EMPRESA, NI SUS DIRECTIVOS, DIRECTORES, EMPLEADOS, AGENTES, SUCESORES, FILIALES, DISTRIBUIDORES, AFILIADOS O TERCEROS QUE PROPORCIONEN INFORMACI\u00d3N EN ESTE SITIO SON RESPONSABLES DE NING\u00daN DA\u00d1O ESPECIAL, INCIDENTAL, CONSECUENTE, PUNITIVO U OTRO DA\u00d1O INDIRECTO QUE RESULTE DEL USO O DE LA INCAPACIDAD DE USAR ESTE SITIO O LA INFORMACI\u00d3N CONTENIDA EN \u00c9L, INCLUSO SI LA EMPRESA (O CUALQUIER TERCERO QUE PUBLIQUE INFORMACI\u00d3N EN ESTE SITIO) HA SIDO ADVERTIDA DE LA POSIBILIDAD DE TALES DA\u00d1OS. EN NING\u00daN CASO LA RESPONSABILIDAD TOTAL DE LA COMPA\u00d1\u00cdA (O LA RESPONSABILIDAD TOTAL DE CUALQUIER TERCERO QUE PROPORCIONE INFORMACI\u00d3N EN ESTE SITIO) HACIA USTED POR TODOS LOS DA\u00d1OS, P\u00c9RDIDAS Y CAUSAS DE ACCI\u00d3N RESULTANTES DEL USO DE ESTE SITIO, YA SEA POR CONTRATO, AGRAVIO (INCLUYENDO, PERO NO LIMITADO A, NEGLIGENCIA) O DE CUALQUIER OTRA FORMA, SUPERAR UN D\u00d3LAR (BDS $ 1.00).<\/p>\n\n<p id=\"TERMINATION\"><a><\/a><strong>TERMINACI\u00d3N<\/strong><br\/>La Empresa puede, a su entera discreci\u00f3n, terminar o suspender tu acceso a todo o parte del Sitio, incluyendo, pero sin limitarse a, cualquier tabl\u00f3n de mensajes del Sitio, por cualquier motivo, incluyendo, sin limitarse a, el incumplimiento de este Acuerdo. En caso de que se rescinda este Acuerdo, las restricciones con respecto a los Materiales que aparecen en el Sitio y las representaciones y garant\u00edas, indemnizaciones y limitaciones de responsabilidades establecidas en este Acuerdo sobrevivir\u00e1n a la rescisi\u00f3n. En caso de que no est\u00e9 satisfecho con los servicios proporcionados por la Compa\u00f1\u00eda, su \u00fanico recurso es rescindir este Acuerdo.<\/p>\n\n<p><a href=\"#Top\">volver arriba<\/a><\/p>\n\n<p id=\"JURISDICTION\"><strong>JURISDICCI\u00d3N<\/strong><br\/>La Empresa opera el Sitio desde sus oficinas en Barbados. La Compa\u00f1\u00eda no garantiza que el contenido y los materiales del Sitio sean legales o apropiados para su uso fuera de Barbados. Si elige acceder al Sitio desde otras ubicaciones, lo hace bajo su propio riesgo y es responsable de cumplir con todas y cada una de las leyes locales. No puedes utilizar el Sitio infringiendo las leyes y reglamentos de exportaci\u00f3n de Barbados.<br\/>Este Acuerdo se regir\u00e1 e interpretar\u00e1 de acuerdo con las leyes de Barbados. Cualquier reclamo o causa de acci\u00f3n que tenga con respecto al uso del Sitio debe iniciarse dentro de un (1) a\u00f1o despu\u00e9s de que surja el reclamo. Si alguna disposici\u00f3n de este Acuerdo se considera nula, ilegal o inaplicable por alg\u00fan motivo, esa disposici\u00f3n se eliminar\u00e1 de este Acuerdo y las disposiciones restantes de este Acuerdo permanecer\u00e1n en vigor. Este Acuerdo constituye el acuerdo completo entre usted y la Compa\u00f1\u00eda con respecto a su uso del Sitio, y el Acuerdo no se modificar\u00e1, excepto por escrito, firmado por ambas partes.<\/p>\n\n<p><a href=\"#Top\">volver arriba<\/a><\/p>\n\n<p id=\"COMMENTS\"><a><\/a><strong>COMENTARIOS, QUEJAS Y PREGUNTAS<\/strong><br\/>Agradecemos tus comentarios sobre el Sitio. Sin embargo, cualquier comentario, idea, nota, mensaje, sugerencia u otra comunicaci\u00f3n enviada al Sitio ser\u00e1 y seguir\u00e1 siendo propiedad exclusiva de la Empresa, y podremos utilizar todas esas comunicaciones de cualquier manera, incluyendo la reproducci\u00f3n, divulgaci\u00f3n y publicaci\u00f3n de dichas comunicaciones, todo ello sin compensaci\u00f3n alguna para ti.<br\/>Si tienes alguna pregunta o queja sobre violaciones de este Acuerdo, ponte en contacto con nosotros. <\/p>\n\n<p><a href=\"#Top\">volver arriba<\/a><\/p>\n","protected":false},"excerpt":{"rendered":"<p>POR FAVOR LEA DETENIDAMENTE ESTOS T\u00c9RMINOS Y CONDICIONES DE USO. ESTOS T\u00c9RMINOS Y CONDICIONES PUEDEN HABER CAMBIADO DESDE SU \u00daLTIMA VISITA A ESTE SITIO. AL UTILIZAR ESTE SITIO, USTED INDICA SU ACEPTACI\u00d3N DE ESTOS T\u00c9RMINOS Y CONDICIONES. SI NO ACEPTA ESTOS T\u00c9RMINOS Y CONDICIONES, ENTONCES NO UTILICE ESTE SITIO. T\u00c9RMINOS Y CONDICIONESUSUARIOS\/PARTICIPANTESGALLETASMARCAS COMERCIALES, DERECHOS DE [&hellip;]<\/p>\n","protected":false},"author":3,"featured_media":0,"parent":0,"menu_order":0,"comment_status":"closed","ping_status":"closed","template":"","meta":{"_acf_changed":false,"inline_featured_image":false,"footnotes":""},"tags":[],"class_list":["post-256172","page","type-page","status-publish","hentry"],"acf":[],"yoast_head":"<!-- This site is optimized with the Yoast SEO plugin v27.1.1 - https:\/\/yoast.com\/product\/yoast-seo-wordpress\/ -->\n<title>T\u00e9rminos de Uso - nombre del Exportaci\u00f3n del Caribe<\/title>\n<meta name=\"robots\" content=\"index, follow, max-snippet:-1, max-image-preview:large, max-video-preview:-1\" \/>\n<link rel=\"canonical\" href=\"https:\/\/content.carib-export.com\/es\/terms-of-use\/\" \/>\n<meta property=\"og:locale\" content=\"es_ES\" \/>\n<meta property=\"og:type\" content=\"article\" \/>\n<meta property=\"og:title\" content=\"T\u00e9rminos de Uso - nombre del Exportaci\u00f3n del Caribe\" \/>\n<meta property=\"og:description\" content=\"POR FAVOR LEA DETENIDAMENTE ESTOS T\u00c9RMINOS Y CONDICIONES DE USO. ESTOS T\u00c9RMINOS Y CONDICIONES PUEDEN HABER CAMBIADO DESDE SU \u00daLTIMA VISITA A ESTE SITIO. AL UTILIZAR ESTE SITIO, USTED INDICA SU ACEPTACI\u00d3N DE ESTOS T\u00c9RMINOS Y CONDICIONES. SI NO ACEPTA ESTOS T\u00c9RMINOS Y CONDICIONES, ENTONCES NO UTILICE ESTE SITIO. T\u00c9RMINOS Y CONDICIONESUSUARIOS\/PARTICIPANTESGALLETASMARCAS COMERCIALES, DERECHOS DE [&hellip;]\" \/>\n<meta property=\"og:url\" content=\"https:\/\/content.carib-export.com\/es\/terms-of-use\/\" \/>\n<meta property=\"og:site_name\" content=\"Exportaci\u00f3n del Caribe\" \/>\n<meta property=\"article:publisher\" content=\"https:\/\/www.facebook.com\/CaribbeanExport\" \/>\n<meta property=\"article:modified_time\" content=\"2025-02-05T00:25:36+00:00\" \/>\n<meta property=\"og:image\" content=\"https:\/\/content.carib-export.com\/wp-content\/uploads\/2019\/06\/CEDA-default-square.jpg\" \/>\n\t<meta property=\"og:image:width\" content=\"1000\" \/>\n\t<meta property=\"og:image:height\" content=\"1000\" \/>\n\t<meta property=\"og:image:type\" content=\"image\/jpeg\" \/>\n<meta name=\"twitter:card\" content=\"summary_large_image\" \/>\n<meta name=\"twitter:site\" content=\"@CaribXport\" \/>\n<meta name=\"twitter:label1\" content=\"Tiempo de lectura\" \/>\n\t<meta name=\"twitter:data1\" content=\"10 minutos\" \/>\n<script type=\"application\/ld+json\" class=\"yoast-schema-graph\">{\"@context\":\"https:\/\/schema.org\",\"@graph\":[{\"@type\":\"WebPage\",\"@id\":\"https:\/\/content.carib-export.com\/es\/terms-of-use\/\",\"url\":\"https:\/\/content.carib-export.com\/es\/terms-of-use\/\",\"name\":\"T\u00e9rminos de Uso - nombre del Exportaci\u00f3n del Caribe\",\"isPartOf\":{\"@id\":\"https:\/\/content.carib-export.com\/es\/#website\"},\"datePublished\":\"2009-06-25T22:38:34+00:00\",\"dateModified\":\"2025-02-05T00:25:36+00:00\",\"breadcrumb\":{\"@id\":\"https:\/\/content.carib-export.com\/es\/terms-of-use\/#breadcrumb\"},\"inLanguage\":\"es\",\"potentialAction\":[{\"@type\":\"ReadAction\",\"target\":[\"https:\/\/content.carib-export.com\/es\/terms-of-use\/\"]}]},{\"@type\":\"BreadcrumbList\",\"@id\":\"https:\/\/content.carib-export.com\/es\/terms-of-use\/#breadcrumb\",\"itemListElement\":[{\"@type\":\"ListItem\",\"position\":1,\"name\":\"Casa\",\"item\":\"https:\/\/content.carib-export.com\/es\/home\/\"},{\"@type\":\"ListItem\",\"position\":2,\"name\":\"T\u00e9rminos de Uso\"}]},{\"@type\":\"WebSite\",\"@id\":\"https:\/\/content.carib-export.com\/es\/#website\",\"url\":\"https:\/\/content.carib-export.com\/es\/\",\"name\":\"Exportaci\u00f3n del Caribe\",\"description\":\"La \u00fanica agencia regional de promoci\u00f3n del comercio y las inversiones en el grupo de \u00c1frica, el Caribe y el Pac\u00edfico.\",\"publisher\":{\"@id\":\"https:\/\/content.carib-export.com\/es\/#organization\"},\"potentialAction\":[{\"@type\":\"SearchAction\",\"target\":{\"@type\":\"EntryPoint\",\"urlTemplate\":\"https:\/\/content.carib-export.com\/es\/?s={search_term_string}\"},\"query-input\":{\"@type\":\"PropertyValueSpecification\",\"valueRequired\":true,\"valueName\":\"search_term_string\"}}],\"inLanguage\":\"es\"},{\"@type\":\"Organization\",\"@id\":\"https:\/\/content.carib-export.com\/es\/#organization\",\"name\":\"Agencia de Desarrollo de Exportaciones del Caribe\",\"url\":\"https:\/\/content.carib-export.com\/es\/\",\"logo\":{\"@type\":\"ImageObject\",\"inLanguage\":\"es\",\"@id\":\"https:\/\/content.carib-export.com\/es\/#\/schema\/logo\/image\/\",\"url\":\"https:\/\/content.carib-export.com\/wp-content\/uploads\/2013\/03\/CE-Logo-2013.jpg\",\"contentUrl\":\"https:\/\/content.carib-export.com\/wp-content\/uploads\/2013\/03\/CE-Logo-2013.jpg\",\"width\":1024,\"height\":244,\"caption\":\"Agencia de Desarrollo de Exportaciones del Caribe\"},\"image\":{\"@id\":\"https:\/\/content.carib-export.com\/es\/#\/schema\/logo\/image\/\"},\"sameAs\":[\"https:\/\/www.facebook.com\/CaribbeanExport\",\"https:\/\/x.com\/CaribXport\",\"https:\/\/www.instagram.com\/caribbeanexport\",\"https:\/\/www.linkedin.com\/company\/caribbeanexport\",\"https:\/\/www.youtube.com\/user\/TheCaribbeanExport\"]}]}<\/script>\n<!-- \/ Yoast SEO plugin. -->","yoast_head_json":{"title":"T\u00e9rminos de Uso - nombre del Exportaci\u00f3n del Caribe","robots":{"index":"index","follow":"follow","max-snippet":"max-snippet:-1","max-image-preview":"max-image-preview:large","max-video-preview":"max-video-preview:-1"},"canonical":"https:\/\/content.carib-export.com\/es\/terms-of-use\/","og_locale":"es_ES","og_type":"article","og_title":"T\u00e9rminos de Uso - nombre del Exportaci\u00f3n del Caribe","og_description":"POR FAVOR LEA DETENIDAMENTE ESTOS T\u00c9RMINOS Y CONDICIONES DE USO. ESTOS T\u00c9RMINOS Y CONDICIONES PUEDEN HABER CAMBIADO DESDE SU \u00daLTIMA VISITA A ESTE SITIO. AL UTILIZAR ESTE SITIO, USTED INDICA SU ACEPTACI\u00d3N DE ESTOS T\u00c9RMINOS Y CONDICIONES. SI NO ACEPTA ESTOS T\u00c9RMINOS Y CONDICIONES, ENTONCES NO UTILICE ESTE SITIO. T\u00c9RMINOS Y CONDICIONESUSUARIOS\/PARTICIPANTESGALLETASMARCAS COMERCIALES, DERECHOS DE [&hellip;]","og_url":"https:\/\/content.carib-export.com\/es\/terms-of-use\/","og_site_name":"Exportaci\u00f3n del Caribe","article_publisher":"https:\/\/www.facebook.com\/CaribbeanExport","article_modified_time":"2025-02-05T00:25:36+00:00","og_image":[{"width":1000,"height":1000,"url":"https:\/\/content.carib-export.com\/wp-content\/uploads\/2019\/06\/CEDA-default-square.jpg","type":"image\/jpeg"}],"twitter_card":"summary_large_image","twitter_site":"@CaribXport","twitter_misc":{"Tiempo de lectura":"10 minutos"},"schema":{"@context":"https:\/\/schema.org","@graph":[{"@type":"WebPage","@id":"https:\/\/content.carib-export.com\/es\/terms-of-use\/","url":"https:\/\/content.carib-export.com\/es\/terms-of-use\/","name":"T\u00e9rminos de Uso - nombre del Exportaci\u00f3n del Caribe","isPartOf":{"@id":"https:\/\/content.carib-export.com\/es\/#website"},"datePublished":"2009-06-25T22:38:34+00:00","dateModified":"2025-02-05T00:25:36+00:00","breadcrumb":{"@id":"https:\/\/content.carib-export.com\/es\/terms-of-use\/#breadcrumb"},"inLanguage":"es","potentialAction":[{"@type":"ReadAction","target":["https:\/\/content.carib-export.com\/es\/terms-of-use\/"]}]},{"@type":"BreadcrumbList","@id":"https:\/\/content.carib-export.com\/es\/terms-of-use\/#breadcrumb","itemListElement":[{"@type":"ListItem","position":1,"name":"Casa","item":"https:\/\/content.carib-export.com\/es\/home\/"},{"@type":"ListItem","position":2,"name":"T\u00e9rminos de Uso"}]},{"@type":"WebSite","@id":"https:\/\/content.carib-export.com\/es\/#website","url":"https:\/\/content.carib-export.com\/es\/","name":"Exportaci\u00f3n del Caribe","description":"La \u00fanica agencia regional de promoci\u00f3n del comercio y las inversiones en el grupo de \u00c1frica, el Caribe y el Pac\u00edfico.","publisher":{"@id":"https:\/\/content.carib-export.com\/es\/#organization"},"potentialAction":[{"@type":"SearchAction","target":{"@type":"EntryPoint","urlTemplate":"https:\/\/content.carib-export.com\/es\/?s={search_term_string}"},"query-input":{"@type":"PropertyValueSpecification","valueRequired":true,"valueName":"search_term_string"}}],"inLanguage":"es"},{"@type":"Organization","@id":"https:\/\/content.carib-export.com\/es\/#organization","name":"Agencia de Desarrollo de Exportaciones del Caribe","url":"https:\/\/content.carib-export.com\/es\/","logo":{"@type":"ImageObject","inLanguage":"es","@id":"https:\/\/content.carib-export.com\/es\/#\/schema\/logo\/image\/","url":"https:\/\/content.carib-export.com\/wp-content\/uploads\/2013\/03\/CE-Logo-2013.jpg","contentUrl":"https:\/\/content.carib-export.com\/wp-content\/uploads\/2013\/03\/CE-Logo-2013.jpg","width":1024,"height":244,"caption":"Agencia de Desarrollo de Exportaciones del Caribe"},"image":{"@id":"https:\/\/content.carib-export.com\/es\/#\/schema\/logo\/image\/"},"sameAs":["https:\/\/www.facebook.com\/CaribbeanExport","https:\/\/x.com\/CaribXport","https:\/\/www.instagram.com\/caribbeanexport","https:\/\/www.linkedin.com\/company\/caribbeanexport","https:\/\/www.youtube.com\/user\/TheCaribbeanExport"]}]}},"_links":{"self":[{"href":"https:\/\/content.carib-export.com\/es\/wp-json\/wp\/v2\/pages\/256172","targetHints":{"allow":["GET"]}}],"collection":[{"href":"https:\/\/content.carib-export.com\/es\/wp-json\/wp\/v2\/pages"}],"about":[{"href":"https:\/\/content.carib-export.com\/es\/wp-json\/wp\/v2\/types\/page"}],"author":[{"embeddable":true,"href":"https:\/\/content.carib-export.com\/es\/wp-json\/wp\/v2\/users\/3"}],"replies":[{"embeddable":true,"href":"https:\/\/content.carib-export.com\/es\/wp-json\/wp\/v2\/comments?post=256172"}],"version-history":[{"count":0,"href":"https:\/\/content.carib-export.com\/es\/wp-json\/wp\/v2\/pages\/256172\/revisions"}],"wp:attachment":[{"href":"https:\/\/content.carib-export.com\/es\/wp-json\/wp\/v2\/media?parent=256172"}],"wp:term":[{"taxonomy":"post_tag","embeddable":true,"href":"https:\/\/content.carib-export.com\/es\/wp-json\/wp\/v2\/tags?post=256172"}],"curies":[{"name":"wp","href":"https:\/\/api.w.org\/{rel}","templated":true}]}}