{"id":269564,"date":"2014-07-19T19:53:59","date_gmt":"2014-07-19T23:53:59","guid":{"rendered":"https:\/\/content.carib-export.com\/exporters\/advocacy\/mutual-recognition-agreements\/"},"modified":"2025-02-05T14:07:22","modified_gmt":"2025-02-05T18:07:22","slug":"mutual-recognition-agreements","status":"publish","type":"page","link":"https:\/\/content.carib-export.com\/es\/resources\/advocacy\/mutual-recognition-agreements\/","title":{"rendered":"Acuerdos de Reconocimiento Mutuo"},"content":{"rendered":"\n<p>Caribbean Export est\u00e1 profundamente comprometida con el crecimiento de las industrias, especialmente aquellas que est\u00e1n vinculadas a ser indicadores de crecimiento econ\u00f3mico y diversificaci\u00f3n.<\/p>\n\n<p>Como parte de este mandato, y su implementaci\u00f3n del CARIFORUM &#8211; Acuerdo de Asociaci\u00f3n Econ\u00f3mica (EPA) de la UE, Caribbean Export apoya el proceso de negociaci\u00f3n de los principales profesionales de la arquitectura de la regi\u00f3n, conocidos colectivamente como el Comit\u00e9 del Acuerdo de Reconocimiento Mutuo de Arquitectos del Caribe (CAMRAC) para el desarrollo de un Acuerdo de Reconocimiento Mutuo (ARM) UE-CARIFORUM, que ser\u00eda la base para un mayor acceso al Mercado Europeo.<\/p>\n\n<p>Estos MRA tienen como objetivo espec\u00edfico crear oportunidades comerciales para que los profesionales regionales trabajen en el mercado europeo mediante la construcci\u00f3n de un acuerdo que tenga en cuenta los factores que rodean la exportaci\u00f3n de los servicios de arquitectura en particular. Estos acuerdos est\u00e1n dise\u00f1ados para beneficiar a ambas partes tanto en t\u00e9rminos de desarrollo como financieros.<\/p>\n\n<p>CARMAC tiene como objetivo lograr este MRA UE &#8211; CARIFORUM estableciendo primero un MRA intranacional en toda la regi\u00f3n. Estos acuerdos se establecer\u00e1n a trav\u00e9s de cinco actividades:<\/p>\n\n<ol class=\"wp-block-list\"><li>Consultas nacionales de Belice<\/li><li>Consultas nacionales de Trinidad y Tobago<\/li><li>Consultas nacionales de Barbados<\/li><li>Consultas de la OECO y<\/li><li>Consultas subregionales<\/li><\/ol>\n","protected":false},"excerpt":{"rendered":"<p>Caribbean Export est\u00e1 profundamente comprometida con el crecimiento de las industrias, especialmente aquellas que est\u00e1n vinculadas a ser indicadores de crecimiento econ\u00f3mico y diversificaci\u00f3n.<\/p>\n","protected":false},"author":3,"featured_media":0,"parent":256208,"menu_order":0,"comment_status":"closed","ping_status":"closed","template":"","meta":{"_acf_changed":false,"inline_featured_image":false,"footnotes":""},"tags":[],"class_list":["post-269564","page","type-page","status-publish","hentry"],"acf":[],"yoast_head":"<!-- This site is optimized with the Yoast SEO plugin v27.1.1 - https:\/\/yoast.com\/product\/yoast-seo-wordpress\/ -->\n<title>Acuerdos de Reconocimiento Mutuo - nombre del Exportaci\u00f3n del Caribe<\/title>\n<meta name=\"robots\" content=\"index, follow, max-snippet:-1, max-image-preview:large, max-video-preview:-1\" \/>\n<link rel=\"canonical\" href=\"https:\/\/content.carib-export.com\/es\/resources\/advocacy\/mutual-recognition-agreements\/\" \/>\n<meta property=\"og:locale\" content=\"es_ES\" \/>\n<meta property=\"og:type\" content=\"article\" \/>\n<meta property=\"og:title\" content=\"Acuerdos de Reconocimiento Mutuo - nombre del Exportaci\u00f3n del Caribe\" \/>\n<meta property=\"og:description\" content=\"Caribbean Export est\u00e1 profundamente comprometida con el crecimiento de las industrias, especialmente aquellas que est\u00e1n vinculadas a ser indicadores de crecimiento econ\u00f3mico y diversificaci\u00f3n.\" \/>\n<meta property=\"og:url\" content=\"https:\/\/content.carib-export.com\/es\/resources\/advocacy\/mutual-recognition-agreements\/\" \/>\n<meta property=\"og:site_name\" content=\"Exportaci\u00f3n del Caribe\" \/>\n<meta property=\"article:publisher\" content=\"https:\/\/www.facebook.com\/CaribbeanExport\" \/>\n<meta property=\"article:modified_time\" content=\"2025-02-05T18:07:22+00:00\" \/>\n<meta property=\"og:image\" content=\"https:\/\/content.carib-export.com\/wp-content\/uploads\/2019\/06\/CEDA-default-square.jpg\" \/>\n\t<meta property=\"og:image:width\" content=\"1000\" \/>\n\t<meta property=\"og:image:height\" content=\"1000\" \/>\n\t<meta property=\"og:image:type\" content=\"image\/jpeg\" \/>\n<meta name=\"twitter:card\" content=\"summary_large_image\" \/>\n<meta name=\"twitter:site\" content=\"@CaribXport\" \/>\n<meta name=\"twitter:label1\" content=\"Tiempo de lectura\" \/>\n\t<meta name=\"twitter:data1\" content=\"1 minuto\" \/>\n<script type=\"application\/ld+json\" class=\"yoast-schema-graph\">{\"@context\":\"https:\/\/schema.org\",\"@graph\":[{\"@type\":\"WebPage\",\"@id\":\"https:\/\/content.carib-export.com\/es\/resources\/advocacy\/mutual-recognition-agreements\/\",\"url\":\"https:\/\/content.carib-export.com\/es\/resources\/advocacy\/mutual-recognition-agreements\/\",\"name\":\"Acuerdos de Reconocimiento Mutuo - nombre del Exportaci\u00f3n del Caribe\",\"isPartOf\":{\"@id\":\"https:\/\/content.carib-export.com\/es\/#website\"},\"datePublished\":\"2014-07-19T23:53:59+00:00\",\"dateModified\":\"2025-02-05T18:07:22+00:00\",\"breadcrumb\":{\"@id\":\"https:\/\/content.carib-export.com\/es\/resources\/advocacy\/mutual-recognition-agreements\/#breadcrumb\"},\"inLanguage\":\"es\",\"potentialAction\":[{\"@type\":\"ReadAction\",\"target\":[\"https:\/\/content.carib-export.com\/es\/resources\/advocacy\/mutual-recognition-agreements\/\"]}]},{\"@type\":\"BreadcrumbList\",\"@id\":\"https:\/\/content.carib-export.com\/es\/resources\/advocacy\/mutual-recognition-agreements\/#breadcrumb\",\"itemListElement\":[{\"@type\":\"ListItem\",\"position\":1,\"name\":\"Casa\",\"item\":\"https:\/\/content.carib-export.com\/es\/home\/\"},{\"@type\":\"ListItem\",\"position\":2,\"name\":\"Recursos\",\"item\":\"https:\/\/content.carib-export.com\/es\/resources\/\"},{\"@type\":\"ListItem\",\"position\":3,\"name\":\"Abogac\u00eda\",\"item\":\"https:\/\/content.carib-export.com\/es\/resources\/advocacy\/\"},{\"@type\":\"ListItem\",\"position\":4,\"name\":\"Acuerdos de Reconocimiento Mutuo\"}]},{\"@type\":\"WebSite\",\"@id\":\"https:\/\/content.carib-export.com\/es\/#website\",\"url\":\"https:\/\/content.carib-export.com\/es\/\",\"name\":\"Exportaci\u00f3n del Caribe\",\"description\":\"La \u00fanica agencia regional de promoci\u00f3n del comercio y las inversiones en el grupo de \u00c1frica, el Caribe y el Pac\u00edfico.\",\"publisher\":{\"@id\":\"https:\/\/content.carib-export.com\/es\/#organization\"},\"potentialAction\":[{\"@type\":\"SearchAction\",\"target\":{\"@type\":\"EntryPoint\",\"urlTemplate\":\"https:\/\/content.carib-export.com\/es\/?s={search_term_string}\"},\"query-input\":{\"@type\":\"PropertyValueSpecification\",\"valueRequired\":true,\"valueName\":\"search_term_string\"}}],\"inLanguage\":\"es\"},{\"@type\":\"Organization\",\"@id\":\"https:\/\/content.carib-export.com\/es\/#organization\",\"name\":\"Agencia de Desarrollo de Exportaciones del Caribe\",\"url\":\"https:\/\/content.carib-export.com\/es\/\",\"logo\":{\"@type\":\"ImageObject\",\"inLanguage\":\"es\",\"@id\":\"https:\/\/content.carib-export.com\/es\/#\/schema\/logo\/image\/\",\"url\":\"https:\/\/content.carib-export.com\/wp-content\/uploads\/2013\/03\/CE-Logo-2013.jpg\",\"contentUrl\":\"https:\/\/content.carib-export.com\/wp-content\/uploads\/2013\/03\/CE-Logo-2013.jpg\",\"width\":1024,\"height\":244,\"caption\":\"Agencia de Desarrollo de Exportaciones del Caribe\"},\"image\":{\"@id\":\"https:\/\/content.carib-export.com\/es\/#\/schema\/logo\/image\/\"},\"sameAs\":[\"https:\/\/www.facebook.com\/CaribbeanExport\",\"https:\/\/x.com\/CaribXport\",\"https:\/\/www.instagram.com\/caribbeanexport\",\"https:\/\/www.linkedin.com\/company\/caribbeanexport\",\"https:\/\/www.youtube.com\/user\/TheCaribbeanExport\"]}]}<\/script>\n<!-- \/ Yoast SEO plugin. -->","yoast_head_json":{"title":"Acuerdos de Reconocimiento Mutuo - nombre del Exportaci\u00f3n del Caribe","robots":{"index":"index","follow":"follow","max-snippet":"max-snippet:-1","max-image-preview":"max-image-preview:large","max-video-preview":"max-video-preview:-1"},"canonical":"https:\/\/content.carib-export.com\/es\/resources\/advocacy\/mutual-recognition-agreements\/","og_locale":"es_ES","og_type":"article","og_title":"Acuerdos de Reconocimiento Mutuo - nombre del Exportaci\u00f3n del Caribe","og_description":"Caribbean Export est\u00e1 profundamente comprometida con el crecimiento de las industrias, especialmente aquellas que est\u00e1n vinculadas a ser indicadores de crecimiento econ\u00f3mico y diversificaci\u00f3n.","og_url":"https:\/\/content.carib-export.com\/es\/resources\/advocacy\/mutual-recognition-agreements\/","og_site_name":"Exportaci\u00f3n del Caribe","article_publisher":"https:\/\/www.facebook.com\/CaribbeanExport","article_modified_time":"2025-02-05T18:07:22+00:00","og_image":[{"width":1000,"height":1000,"url":"https:\/\/content.carib-export.com\/wp-content\/uploads\/2019\/06\/CEDA-default-square.jpg","type":"image\/jpeg"}],"twitter_card":"summary_large_image","twitter_site":"@CaribXport","twitter_misc":{"Tiempo de lectura":"1 minuto"},"schema":{"@context":"https:\/\/schema.org","@graph":[{"@type":"WebPage","@id":"https:\/\/content.carib-export.com\/es\/resources\/advocacy\/mutual-recognition-agreements\/","url":"https:\/\/content.carib-export.com\/es\/resources\/advocacy\/mutual-recognition-agreements\/","name":"Acuerdos de Reconocimiento Mutuo - nombre del Exportaci\u00f3n del Caribe","isPartOf":{"@id":"https:\/\/content.carib-export.com\/es\/#website"},"datePublished":"2014-07-19T23:53:59+00:00","dateModified":"2025-02-05T18:07:22+00:00","breadcrumb":{"@id":"https:\/\/content.carib-export.com\/es\/resources\/advocacy\/mutual-recognition-agreements\/#breadcrumb"},"inLanguage":"es","potentialAction":[{"@type":"ReadAction","target":["https:\/\/content.carib-export.com\/es\/resources\/advocacy\/mutual-recognition-agreements\/"]}]},{"@type":"BreadcrumbList","@id":"https:\/\/content.carib-export.com\/es\/resources\/advocacy\/mutual-recognition-agreements\/#breadcrumb","itemListElement":[{"@type":"ListItem","position":1,"name":"Casa","item":"https:\/\/content.carib-export.com\/es\/home\/"},{"@type":"ListItem","position":2,"name":"Recursos","item":"https:\/\/content.carib-export.com\/es\/resources\/"},{"@type":"ListItem","position":3,"name":"Abogac\u00eda","item":"https:\/\/content.carib-export.com\/es\/resources\/advocacy\/"},{"@type":"ListItem","position":4,"name":"Acuerdos de Reconocimiento Mutuo"}]},{"@type":"WebSite","@id":"https:\/\/content.carib-export.com\/es\/#website","url":"https:\/\/content.carib-export.com\/es\/","name":"Exportaci\u00f3n del Caribe","description":"La \u00fanica agencia regional de promoci\u00f3n del comercio y las inversiones en el grupo de \u00c1frica, el Caribe y el Pac\u00edfico.","publisher":{"@id":"https:\/\/content.carib-export.com\/es\/#organization"},"potentialAction":[{"@type":"SearchAction","target":{"@type":"EntryPoint","urlTemplate":"https:\/\/content.carib-export.com\/es\/?s={search_term_string}"},"query-input":{"@type":"PropertyValueSpecification","valueRequired":true,"valueName":"search_term_string"}}],"inLanguage":"es"},{"@type":"Organization","@id":"https:\/\/content.carib-export.com\/es\/#organization","name":"Agencia de Desarrollo de Exportaciones del Caribe","url":"https:\/\/content.carib-export.com\/es\/","logo":{"@type":"ImageObject","inLanguage":"es","@id":"https:\/\/content.carib-export.com\/es\/#\/schema\/logo\/image\/","url":"https:\/\/content.carib-export.com\/wp-content\/uploads\/2013\/03\/CE-Logo-2013.jpg","contentUrl":"https:\/\/content.carib-export.com\/wp-content\/uploads\/2013\/03\/CE-Logo-2013.jpg","width":1024,"height":244,"caption":"Agencia de Desarrollo de Exportaciones del Caribe"},"image":{"@id":"https:\/\/content.carib-export.com\/es\/#\/schema\/logo\/image\/"},"sameAs":["https:\/\/www.facebook.com\/CaribbeanExport","https:\/\/x.com\/CaribXport","https:\/\/www.instagram.com\/caribbeanexport","https:\/\/www.linkedin.com\/company\/caribbeanexport","https:\/\/www.youtube.com\/user\/TheCaribbeanExport"]}]}},"_links":{"self":[{"href":"https:\/\/content.carib-export.com\/es\/wp-json\/wp\/v2\/pages\/269564","targetHints":{"allow":["GET"]}}],"collection":[{"href":"https:\/\/content.carib-export.com\/es\/wp-json\/wp\/v2\/pages"}],"about":[{"href":"https:\/\/content.carib-export.com\/es\/wp-json\/wp\/v2\/types\/page"}],"author":[{"embeddable":true,"href":"https:\/\/content.carib-export.com\/es\/wp-json\/wp\/v2\/users\/3"}],"replies":[{"embeddable":true,"href":"https:\/\/content.carib-export.com\/es\/wp-json\/wp\/v2\/comments?post=269564"}],"version-history":[{"count":0,"href":"https:\/\/content.carib-export.com\/es\/wp-json\/wp\/v2\/pages\/269564\/revisions"}],"up":[{"embeddable":true,"href":"https:\/\/content.carib-export.com\/es\/wp-json\/wp\/v2\/pages\/256208"}],"wp:attachment":[{"href":"https:\/\/content.carib-export.com\/es\/wp-json\/wp\/v2\/media?parent=269564"}],"wp:term":[{"taxonomy":"post_tag","embeddable":true,"href":"https:\/\/content.carib-export.com\/es\/wp-json\/wp\/v2\/tags?post=269564"}],"curies":[{"name":"wp","href":"https:\/\/api.w.org\/{rel}","templated":true}]}}