{"id":270164,"date":"2019-01-03T14:31:59","date_gmt":"2019-01-03T18:31:59","guid":{"rendered":"https:\/\/content.carib-export.com\/exporters\/exporters-toolkit\/achieving-success-at-tradeshows\/"},"modified":"2025-02-06T01:04:42","modified_gmt":"2025-02-06T05:04:42","slug":"achieving-success-at-tradeshows","status":"publish","type":"page","link":"https:\/\/content.carib-export.com\/es\/resources\/exporters-toolkit\/achieving-success-at-tradeshows\/","title":{"rendered":"Lograr el \u00e9xito en las ferias comerciales"},"content":{"rendered":"\n<p>\u00bfEst\u00e1 pensando en exhibir su negocio en una feria comercial? La investigaci\u00f3n establece que el 81% de los asistentes tienen poder adquisitivo. El \u00e9xito de su feria comercial depende de una buena planificaci\u00f3n, ejecuci\u00f3n y evaluaci\u00f3n. Hemos compartido todo lo que necesita saber en la siguiente serie multimedia de 3 partes.<\/p>\n\n<p>Lograr el \u00e9xito en una feria comercial depende de una buena planificaci\u00f3n. Esto es todo lo que debe tener en cuenta al planificar.<\/p>\n\n<p><strong><a href=\"https:\/\/user-Wb8Ncdk.cld.bz\/Tradeshow-Success-Pre-Show-Planning\" target=\"_blank\" rel=\"noreferrer noopener\">\u00c9xito en la feria comercial: planificaci\u00f3n previa a la feria<\/a><\/strong><script><\/script><\/p>\n\n<p>La buena ejecuci\u00f3n es fundamental para el \u00e9xito de la feria comercial.<\/p>\n\n<p><strong><a href=\"https:\/\/user-Wb8Ncdk.cld.bz\/Tradeshow-Success-Execution\" target=\"_blank\" rel=\"noreferrer noopener\">\u00c9xito en la feria comercial: ejecuci\u00f3n<\/a><\/strong><script><\/script><\/p>\n\n<p>La feria ha terminado. \u00bfAhora que? Hay una serie de cuestiones clave que abordar, incluida la determinaci\u00f3n de si el evento fue beneficioso para su negocio.<\/p>\n\n<p><a href=\"https:\/\/user-Wb8Ncdk.cld.bz\/Tradeshow-Success-Evaluation\" target=\"_blank\" rel=\"noreferrer noopener\"><strong>\u00c9xito en la feria comercial: evaluaci\u00f3n<\/strong><\/a><\/p>\n\n<p><\/p>\n\n<figure class=\"wp-block-embed is-type-video is-provider-youtube wp-block-embed-youtube wp-embed-aspect-16-9 wp-has-aspect-ratio\"><div class=\"wp-block-embed__wrapper\">\n<iframe loading=\"lazy\" title=\"Achieving Success at a Tradeshow\" width=\"640\" height=\"360\" src=\"https:\/\/www.youtube.com\/embed\/videoseries?list=PLr0w--_hV6qqT6wtb31jld6y3nEv7UwmH\" frameborder=\"0\" allow=\"accelerometer; autoplay; clipboard-write; encrypted-media; gyroscope; picture-in-picture; web-share\" referrerpolicy=\"strict-origin-when-cross-origin\" allowfullscreen><\/iframe>\n<\/div><\/figure>\n","protected":false},"excerpt":{"rendered":"<p>\u00bfEst\u00e1 pensando en exhibir su negocio en una feria comercial? La investigaci\u00f3n establece que el 81% de los asistentes tienen poder adquisitivo. El \u00e9xito de su feria comercial depende de una buena planificaci\u00f3n, ejecuci\u00f3n y evaluaci\u00f3n. Hemos compartido todo lo que necesita saber en la siguiente serie multimedia de 3 partes. Lograr el \u00e9xito en [&hellip;]<\/p>\n","protected":false},"author":3,"featured_media":305521,"parent":256243,"menu_order":5,"comment_status":"closed","ping_status":"closed","template":"","meta":{"_acf_changed":false,"inline_featured_image":false,"footnotes":""},"tags":[],"class_list":["post-270164","page","type-page","status-publish","has-post-thumbnail","hentry"],"acf":[],"yoast_head":"<!-- This site is optimized with the Yoast SEO plugin v27.1.1 - https:\/\/yoast.com\/product\/yoast-seo-wordpress\/ -->\n<title>Lograr el \u00e9xito en las ferias comerciales - nombre del Exportaci\u00f3n del Caribe<\/title>\n<meta name=\"robots\" content=\"index, follow, max-snippet:-1, max-image-preview:large, max-video-preview:-1\" \/>\n<link rel=\"canonical\" href=\"https:\/\/content.carib-export.com\/es\/resources\/exporters-toolkit\/achieving-success-at-tradeshows\/\" \/>\n<meta property=\"og:locale\" content=\"es_ES\" \/>\n<meta property=\"og:type\" content=\"article\" \/>\n<meta property=\"og:title\" content=\"Lograr el \u00e9xito en las ferias comerciales - nombre del Exportaci\u00f3n del Caribe\" \/>\n<meta property=\"og:description\" content=\"\u00bfEst\u00e1 pensando en exhibir su negocio en una feria comercial? La investigaci\u00f3n establece que el 81% de los asistentes tienen poder adquisitivo. El \u00e9xito de su feria comercial depende de una buena planificaci\u00f3n, ejecuci\u00f3n y evaluaci\u00f3n. Hemos compartido todo lo que necesita saber en la siguiente serie multimedia de 3 partes. Lograr el \u00e9xito en [&hellip;]\" \/>\n<meta property=\"og:url\" content=\"https:\/\/content.carib-export.com\/es\/resources\/exporters-toolkit\/achieving-success-at-tradeshows\/\" \/>\n<meta property=\"og:site_name\" content=\"Exportaci\u00f3n del Caribe\" \/>\n<meta property=\"article:publisher\" content=\"https:\/\/www.facebook.com\/CaribbeanExport\" \/>\n<meta property=\"article:modified_time\" content=\"2025-02-06T05:04:42+00:00\" \/>\n<meta property=\"og:image\" content=\"https:\/\/content.carib-export.com\/wp-content\/uploads\/2022\/11\/New-website-featured-image-1500-x-1125-19-1024x768.png\" \/>\n\t<meta property=\"og:image:width\" content=\"1024\" \/>\n\t<meta property=\"og:image:height\" content=\"768\" \/>\n\t<meta property=\"og:image:type\" content=\"image\/png\" \/>\n<meta name=\"twitter:card\" content=\"summary_large_image\" \/>\n<meta name=\"twitter:site\" content=\"@CaribXport\" \/>\n<meta name=\"twitter:label1\" content=\"Tiempo de lectura\" \/>\n\t<meta name=\"twitter:data1\" content=\"1 minuto\" \/>\n<script type=\"application\/ld+json\" class=\"yoast-schema-graph\">{\"@context\":\"https:\/\/schema.org\",\"@graph\":[{\"@type\":\"WebPage\",\"@id\":\"https:\/\/content.carib-export.com\/es\/resources\/exporters-toolkit\/achieving-success-at-tradeshows\/\",\"url\":\"https:\/\/content.carib-export.com\/es\/resources\/exporters-toolkit\/achieving-success-at-tradeshows\/\",\"name\":\"Lograr el \u00e9xito en las ferias comerciales - nombre del Exportaci\u00f3n del Caribe\",\"isPartOf\":{\"@id\":\"https:\/\/content.carib-export.com\/es\/#website\"},\"primaryImageOfPage\":{\"@id\":\"https:\/\/content.carib-export.com\/es\/resources\/exporters-toolkit\/achieving-success-at-tradeshows\/#primaryimage\"},\"image\":{\"@id\":\"https:\/\/content.carib-export.com\/es\/resources\/exporters-toolkit\/achieving-success-at-tradeshows\/#primaryimage\"},\"thumbnailUrl\":\"https:\/\/content.carib-export.com\/wp-content\/uploads\/2022\/11\/New-website-featured-image-1500-x-1125-19.png\",\"datePublished\":\"2019-01-03T18:31:59+00:00\",\"dateModified\":\"2025-02-06T05:04:42+00:00\",\"breadcrumb\":{\"@id\":\"https:\/\/content.carib-export.com\/es\/resources\/exporters-toolkit\/achieving-success-at-tradeshows\/#breadcrumb\"},\"inLanguage\":\"es\",\"potentialAction\":[{\"@type\":\"ReadAction\",\"target\":[\"https:\/\/content.carib-export.com\/es\/resources\/exporters-toolkit\/achieving-success-at-tradeshows\/\"]}]},{\"@type\":\"ImageObject\",\"inLanguage\":\"es\",\"@id\":\"https:\/\/content.carib-export.com\/es\/resources\/exporters-toolkit\/achieving-success-at-tradeshows\/#primaryimage\",\"url\":\"https:\/\/content.carib-export.com\/wp-content\/uploads\/2022\/11\/New-website-featured-image-1500-x-1125-19.png\",\"contentUrl\":\"https:\/\/content.carib-export.com\/wp-content\/uploads\/2022\/11\/New-website-featured-image-1500-x-1125-19.png\",\"width\":1500,\"height\":1125},{\"@type\":\"BreadcrumbList\",\"@id\":\"https:\/\/content.carib-export.com\/es\/resources\/exporters-toolkit\/achieving-success-at-tradeshows\/#breadcrumb\",\"itemListElement\":[{\"@type\":\"ListItem\",\"position\":1,\"name\":\"Casa\",\"item\":\"https:\/\/content.carib-export.com\/es\/home\/\"},{\"@type\":\"ListItem\",\"position\":2,\"name\":\"Recursos\",\"item\":\"https:\/\/content.carib-export.com\/es\/resources\/\"},{\"@type\":\"ListItem\",\"position\":3,\"name\":\"Kit de herramientas para exportadores\",\"item\":\"https:\/\/content.carib-export.com\/es\/resources\/exporters-toolkit\/\"},{\"@type\":\"ListItem\",\"position\":4,\"name\":\"Lograr el \u00e9xito en las ferias comerciales\"}]},{\"@type\":\"WebSite\",\"@id\":\"https:\/\/content.carib-export.com\/es\/#website\",\"url\":\"https:\/\/content.carib-export.com\/es\/\",\"name\":\"Exportaci\u00f3n del Caribe\",\"description\":\"La \u00fanica agencia regional de promoci\u00f3n del comercio y las inversiones en el grupo de \u00c1frica, el Caribe y el Pac\u00edfico.\",\"publisher\":{\"@id\":\"https:\/\/content.carib-export.com\/es\/#organization\"},\"potentialAction\":[{\"@type\":\"SearchAction\",\"target\":{\"@type\":\"EntryPoint\",\"urlTemplate\":\"https:\/\/content.carib-export.com\/es\/?s={search_term_string}\"},\"query-input\":{\"@type\":\"PropertyValueSpecification\",\"valueRequired\":true,\"valueName\":\"search_term_string\"}}],\"inLanguage\":\"es\"},{\"@type\":\"Organization\",\"@id\":\"https:\/\/content.carib-export.com\/es\/#organization\",\"name\":\"Agencia de Desarrollo de Exportaciones del Caribe\",\"url\":\"https:\/\/content.carib-export.com\/es\/\",\"logo\":{\"@type\":\"ImageObject\",\"inLanguage\":\"es\",\"@id\":\"https:\/\/content.carib-export.com\/es\/#\/schema\/logo\/image\/\",\"url\":\"https:\/\/content.carib-export.com\/wp-content\/uploads\/2013\/03\/CE-Logo-2013.jpg\",\"contentUrl\":\"https:\/\/content.carib-export.com\/wp-content\/uploads\/2013\/03\/CE-Logo-2013.jpg\",\"width\":1024,\"height\":244,\"caption\":\"Agencia de Desarrollo de Exportaciones del Caribe\"},\"image\":{\"@id\":\"https:\/\/content.carib-export.com\/es\/#\/schema\/logo\/image\/\"},\"sameAs\":[\"https:\/\/www.facebook.com\/CaribbeanExport\",\"https:\/\/x.com\/CaribXport\",\"https:\/\/www.instagram.com\/caribbeanexport\",\"https:\/\/www.linkedin.com\/company\/caribbeanexport\",\"https:\/\/www.youtube.com\/user\/TheCaribbeanExport\"]}]}<\/script>\n<!-- \/ Yoast SEO plugin. -->","yoast_head_json":{"title":"Lograr el \u00e9xito en las ferias comerciales - nombre del Exportaci\u00f3n del Caribe","robots":{"index":"index","follow":"follow","max-snippet":"max-snippet:-1","max-image-preview":"max-image-preview:large","max-video-preview":"max-video-preview:-1"},"canonical":"https:\/\/content.carib-export.com\/es\/resources\/exporters-toolkit\/achieving-success-at-tradeshows\/","og_locale":"es_ES","og_type":"article","og_title":"Lograr el \u00e9xito en las ferias comerciales - nombre del Exportaci\u00f3n del Caribe","og_description":"\u00bfEst\u00e1 pensando en exhibir su negocio en una feria comercial? La investigaci\u00f3n establece que el 81% de los asistentes tienen poder adquisitivo. El \u00e9xito de su feria comercial depende de una buena planificaci\u00f3n, ejecuci\u00f3n y evaluaci\u00f3n. Hemos compartido todo lo que necesita saber en la siguiente serie multimedia de 3 partes. Lograr el \u00e9xito en [&hellip;]","og_url":"https:\/\/content.carib-export.com\/es\/resources\/exporters-toolkit\/achieving-success-at-tradeshows\/","og_site_name":"Exportaci\u00f3n del Caribe","article_publisher":"https:\/\/www.facebook.com\/CaribbeanExport","article_modified_time":"2025-02-06T05:04:42+00:00","og_image":[{"width":1024,"height":768,"url":"https:\/\/content.carib-export.com\/wp-content\/uploads\/2022\/11\/New-website-featured-image-1500-x-1125-19-1024x768.png","type":"image\/png"}],"twitter_card":"summary_large_image","twitter_site":"@CaribXport","twitter_misc":{"Tiempo de lectura":"1 minuto"},"schema":{"@context":"https:\/\/schema.org","@graph":[{"@type":"WebPage","@id":"https:\/\/content.carib-export.com\/es\/resources\/exporters-toolkit\/achieving-success-at-tradeshows\/","url":"https:\/\/content.carib-export.com\/es\/resources\/exporters-toolkit\/achieving-success-at-tradeshows\/","name":"Lograr el \u00e9xito en las ferias comerciales - nombre del Exportaci\u00f3n del Caribe","isPartOf":{"@id":"https:\/\/content.carib-export.com\/es\/#website"},"primaryImageOfPage":{"@id":"https:\/\/content.carib-export.com\/es\/resources\/exporters-toolkit\/achieving-success-at-tradeshows\/#primaryimage"},"image":{"@id":"https:\/\/content.carib-export.com\/es\/resources\/exporters-toolkit\/achieving-success-at-tradeshows\/#primaryimage"},"thumbnailUrl":"https:\/\/content.carib-export.com\/wp-content\/uploads\/2022\/11\/New-website-featured-image-1500-x-1125-19.png","datePublished":"2019-01-03T18:31:59+00:00","dateModified":"2025-02-06T05:04:42+00:00","breadcrumb":{"@id":"https:\/\/content.carib-export.com\/es\/resources\/exporters-toolkit\/achieving-success-at-tradeshows\/#breadcrumb"},"inLanguage":"es","potentialAction":[{"@type":"ReadAction","target":["https:\/\/content.carib-export.com\/es\/resources\/exporters-toolkit\/achieving-success-at-tradeshows\/"]}]},{"@type":"ImageObject","inLanguage":"es","@id":"https:\/\/content.carib-export.com\/es\/resources\/exporters-toolkit\/achieving-success-at-tradeshows\/#primaryimage","url":"https:\/\/content.carib-export.com\/wp-content\/uploads\/2022\/11\/New-website-featured-image-1500-x-1125-19.png","contentUrl":"https:\/\/content.carib-export.com\/wp-content\/uploads\/2022\/11\/New-website-featured-image-1500-x-1125-19.png","width":1500,"height":1125},{"@type":"BreadcrumbList","@id":"https:\/\/content.carib-export.com\/es\/resources\/exporters-toolkit\/achieving-success-at-tradeshows\/#breadcrumb","itemListElement":[{"@type":"ListItem","position":1,"name":"Casa","item":"https:\/\/content.carib-export.com\/es\/home\/"},{"@type":"ListItem","position":2,"name":"Recursos","item":"https:\/\/content.carib-export.com\/es\/resources\/"},{"@type":"ListItem","position":3,"name":"Kit de herramientas para exportadores","item":"https:\/\/content.carib-export.com\/es\/resources\/exporters-toolkit\/"},{"@type":"ListItem","position":4,"name":"Lograr el \u00e9xito en las ferias comerciales"}]},{"@type":"WebSite","@id":"https:\/\/content.carib-export.com\/es\/#website","url":"https:\/\/content.carib-export.com\/es\/","name":"Exportaci\u00f3n del Caribe","description":"La \u00fanica agencia regional de promoci\u00f3n del comercio y las inversiones en el grupo de \u00c1frica, el Caribe y el Pac\u00edfico.","publisher":{"@id":"https:\/\/content.carib-export.com\/es\/#organization"},"potentialAction":[{"@type":"SearchAction","target":{"@type":"EntryPoint","urlTemplate":"https:\/\/content.carib-export.com\/es\/?s={search_term_string}"},"query-input":{"@type":"PropertyValueSpecification","valueRequired":true,"valueName":"search_term_string"}}],"inLanguage":"es"},{"@type":"Organization","@id":"https:\/\/content.carib-export.com\/es\/#organization","name":"Agencia de Desarrollo de Exportaciones del Caribe","url":"https:\/\/content.carib-export.com\/es\/","logo":{"@type":"ImageObject","inLanguage":"es","@id":"https:\/\/content.carib-export.com\/es\/#\/schema\/logo\/image\/","url":"https:\/\/content.carib-export.com\/wp-content\/uploads\/2013\/03\/CE-Logo-2013.jpg","contentUrl":"https:\/\/content.carib-export.com\/wp-content\/uploads\/2013\/03\/CE-Logo-2013.jpg","width":1024,"height":244,"caption":"Agencia de Desarrollo de Exportaciones del Caribe"},"image":{"@id":"https:\/\/content.carib-export.com\/es\/#\/schema\/logo\/image\/"},"sameAs":["https:\/\/www.facebook.com\/CaribbeanExport","https:\/\/x.com\/CaribXport","https:\/\/www.instagram.com\/caribbeanexport","https:\/\/www.linkedin.com\/company\/caribbeanexport","https:\/\/www.youtube.com\/user\/TheCaribbeanExport"]}]}},"_links":{"self":[{"href":"https:\/\/content.carib-export.com\/es\/wp-json\/wp\/v2\/pages\/270164","targetHints":{"allow":["GET"]}}],"collection":[{"href":"https:\/\/content.carib-export.com\/es\/wp-json\/wp\/v2\/pages"}],"about":[{"href":"https:\/\/content.carib-export.com\/es\/wp-json\/wp\/v2\/types\/page"}],"author":[{"embeddable":true,"href":"https:\/\/content.carib-export.com\/es\/wp-json\/wp\/v2\/users\/3"}],"replies":[{"embeddable":true,"href":"https:\/\/content.carib-export.com\/es\/wp-json\/wp\/v2\/comments?post=270164"}],"version-history":[{"count":0,"href":"https:\/\/content.carib-export.com\/es\/wp-json\/wp\/v2\/pages\/270164\/revisions"}],"up":[{"embeddable":true,"href":"https:\/\/content.carib-export.com\/es\/wp-json\/wp\/v2\/pages\/256243"}],"wp:featuredmedia":[{"embeddable":true,"href":"https:\/\/content.carib-export.com\/es\/wp-json\/wp\/v2\/media\/305521"}],"wp:attachment":[{"href":"https:\/\/content.carib-export.com\/es\/wp-json\/wp\/v2\/media?parent=270164"}],"wp:term":[{"taxonomy":"post_tag","embeddable":true,"href":"https:\/\/content.carib-export.com\/es\/wp-json\/wp\/v2\/tags?post=270164"}],"curies":[{"name":"wp","href":"https:\/\/api.w.org\/{rel}","templated":true}]}}