{"id":270187,"date":"2016-04-04T15:52:50","date_gmt":"2016-04-04T19:52:50","guid":{"rendered":"https:\/\/content.carib-export.com\/exporters\/funding\/angel-investing\/"},"modified":"2025-02-06T10:54:23","modified_gmt":"2025-02-06T14:54:23","slug":"angel-investing","status":"publish","type":"page","link":"https:\/\/content.carib-export.com\/es\/resources\/funding\/angel-investing\/","title":{"rendered":"\u00c1ngel invirtiendo"},"content":{"rendered":"\n<h2 class=\"wp-block-heading\">Una comunidad donde los inversionistas pueden conectarse con las peque\u00f1as y medianas empresas en el Caribe<\/h2>\n\n<p>Acceder a la financiaci\u00f3n es uno de los principales desaf\u00edos a los que se enfrentan las peque\u00f1as y medianas empresas (PYME) cuando intentan crecer, especialmente en las primeras etapas. Para ayudar a abordar esto, Angel Investing ofrece una soluci\u00f3n financiera alternativa viable para las empresas del Caribe que buscan financiamiento adicional para financiar sus proyectos empresariales.<\/p>\n\n<p>Adem\u00e1s, a menudo hay una cantidad de personas de alto patrimonio neto que desean invertir en empresas nuevas e innovadoras, pero a veces encuentran que el proceso de evaluaci\u00f3n de empresas es tedioso y lento.<\/p>\n\n<p>Obtenga m\u00e1s informaci\u00f3n sobre la inversi\u00f3n \u00e1ngel haciendo clic en el \u00edcono a continuaci\u00f3n.<\/p>\n\n<div class=\"wp-block-columns is-layout-flex wp-container-core-columns-is-layout-9d6595d7 wp-block-columns-is-layout-flex\">\n<div class=\"wp-block-column is-layout-flow wp-block-column-is-layout-flow\">\n<figure class=\"wp-block-image size-full is-resized\"><a href=\"https:\/\/content.carib-export.com\/exporters\/funding\/angel-investing\/what-is-angel-investing\/\"><img loading=\"lazy\" decoding=\"async\" src=\"https:\/\/content.carib-export.com\/wp-content\/uploads\/2016\/04\/button.png\" alt=\"&#xBF;Qu&#xE9; es el bot&#xF3;n de inversi&#xF3;n &#xE1;ngel?\" class=\"wp-image-10809\" width=\"400\" height=\"400\" srcset=\"https:\/\/content.carib-export.com\/wp-content\/uploads\/2016\/04\/button.png 300w, https:\/\/content.carib-export.com\/wp-content\/uploads\/2016\/04\/button-150x150.png 150w, https:\/\/content.carib-export.com\/wp-content\/uploads\/2016\/04\/button-50x50.png 50w, https:\/\/content.carib-export.com\/wp-content\/uploads\/2016\/04\/button-40x40.png 40w\" sizes=\"auto, (max-width: 400px) 100vw, 400px\" \/><\/a><\/figure>\n\n\n\n<figure class=\"wp-block-image size-full is-resized\"><a href=\"https:\/\/content.carib-export.com\/exporters\/funding\/angel-investing\/what-makes-a-successful-business-angel\/\"><img loading=\"lazy\" decoding=\"async\" src=\"https:\/\/content.carib-export.com\/wp-content\/uploads\/2016\/04\/button3.png\" alt=\"&#xBF;Qu&#xE9; hace que un bot&#xF3;n de &#xE1;ngel sea exitoso?\" class=\"wp-image-10811\" width=\"402\" height=\"402\" srcset=\"https:\/\/content.carib-export.com\/wp-content\/uploads\/2016\/04\/button3.png 300w, https:\/\/content.carib-export.com\/wp-content\/uploads\/2016\/04\/button3-150x150.png 150w, https:\/\/content.carib-export.com\/wp-content\/uploads\/2016\/04\/button3-50x50.png 50w, https:\/\/content.carib-export.com\/wp-content\/uploads\/2016\/04\/button3-40x40.png 40w\" sizes=\"auto, (max-width: 402px) 100vw, 402px\" \/><\/a><\/figure>\n<\/div>\n\n\n\n<div class=\"wp-block-column is-layout-flow wp-block-column-is-layout-flow\">\n<figure class=\"wp-block-image is-resized\"><a href=\"https:\/\/content.carib-export.com\/exporters\/funding\/angel-investing\/why-have-an-angel-network\/\"><img loading=\"lazy\" decoding=\"async\" src=\"https:\/\/content.carib-export.com\/wp-content\/uploads\/2016\/04\/button2.png\" alt=\"&#xBF;Por qu&#xE9; tener un bot&#xF3;n de red &#xE1;ngel?\" class=\"wp-image-10810\" width=\"402\" height=\"402\" srcset=\"https:\/\/content.carib-export.com\/wp-content\/uploads\/2016\/04\/button2.png 300w, https:\/\/content.carib-export.com\/wp-content\/uploads\/2016\/04\/button2-150x150.png 150w, https:\/\/content.carib-export.com\/wp-content\/uploads\/2016\/04\/button2-50x50.png 50w, https:\/\/content.carib-export.com\/wp-content\/uploads\/2016\/04\/button2-40x40.png 40w\" sizes=\"auto, (max-width: 402px) 100vw, 402px\" \/><\/a><\/figure>\n\n\n\n<figure class=\"wp-block-image size-full is-resized\"><a href=\"https:\/\/content.carib-export.com\/exporters\/funding\/angel-investing\/is-angel-investment-right-for-your-business\/\"><img loading=\"lazy\" decoding=\"async\" src=\"https:\/\/content.carib-export.com\/wp-content\/uploads\/2016\/04\/BUTTON4.png\" alt=\"es la inversi&#xF3;n &#xE1;ngel adecuada para usted bot&#xF3;n\" class=\"wp-image-10812\" width=\"401\" height=\"401\" srcset=\"https:\/\/content.carib-export.com\/wp-content\/uploads\/2016\/04\/BUTTON4.png 300w, https:\/\/content.carib-export.com\/wp-content\/uploads\/2016\/04\/BUTTON4-150x150.png 150w, https:\/\/content.carib-export.com\/wp-content\/uploads\/2016\/04\/BUTTON4-50x50.png 50w, https:\/\/content.carib-export.com\/wp-content\/uploads\/2016\/04\/BUTTON4-40x40.png 40w\" sizes=\"auto, (max-width: 401px) 100vw, 401px\" \/><\/a><\/figure>\n<\/div>\n<\/div>\n\n<div class=\"wp-block-buttons is-layout-flex wp-block-buttons-is-layout-flex\">\n<div class=\"wp-block-button has-custom-font-size is-style-outline has-small-font-size is-style-outline--2\"><a class=\"wp-block-button__link wp-element-button\" href=\"mailto:dsinanan@carib-export.com\" style=\"border-radius:0px\" target=\"_blank\" rel=\"noreferrer noopener\">Haga clic aqu\u00ed para unirse a Caribbean Business Angel Network<\/a><\/div>\n<\/div>\n\n<p>La Agencia Caribe\u00f1a de Desarrollo de las Exportaciones (Caribbean Export) ha creado la Caribbean Business Angel Network (CBAN) para poner en contacto a los \u00e1ngeles con las PYME que buscan financiaci\u00f3n, con el objetivo de fomentar un ecosistema para la inversi\u00f3n \u00e1ngel en el Caribe.<\/p>\n","protected":false},"excerpt":{"rendered":"<p>Una comunidad donde los inversionistas pueden conectarse con las peque\u00f1as y medianas empresas en el Caribe Acceder a la financiaci\u00f3n es uno de los principales desaf\u00edos a los que se enfrentan las peque\u00f1as y medianas empresas (PYME) cuando intentan crecer, especialmente en las primeras etapas. Para ayudar a abordar esto, Angel Investing ofrece una soluci\u00f3n [&hellip;]<\/p>\n","protected":false},"author":3,"featured_media":0,"parent":256260,"menu_order":0,"comment_status":"closed","ping_status":"closed","template":"","meta":{"_acf_changed":false,"inline_featured_image":false,"footnotes":""},"tags":[],"class_list":["post-270187","page","type-page","status-publish","hentry"],"acf":[],"yoast_head":"<!-- This site is optimized with the Yoast SEO plugin v27.1.1 - https:\/\/yoast.com\/product\/yoast-seo-wordpress\/ -->\n<title>\u00c1ngel invirtiendo - nombre del Exportaci\u00f3n del Caribe<\/title>\n<meta name=\"robots\" content=\"index, follow, max-snippet:-1, max-image-preview:large, max-video-preview:-1\" \/>\n<link rel=\"canonical\" href=\"https:\/\/content.carib-export.com\/es\/resources\/funding\/angel-investing\/\" \/>\n<meta property=\"og:locale\" content=\"es_ES\" \/>\n<meta property=\"og:type\" content=\"article\" \/>\n<meta property=\"og:title\" content=\"\u00c1ngel invirtiendo - nombre del Exportaci\u00f3n del Caribe\" \/>\n<meta property=\"og:description\" content=\"Una comunidad donde los inversionistas pueden conectarse con las peque\u00f1as y medianas empresas en el Caribe Acceder a la financiaci\u00f3n es uno de los principales desaf\u00edos a los que se enfrentan las peque\u00f1as y medianas empresas (PYME) cuando intentan crecer, especialmente en las primeras etapas. Para ayudar a abordar esto, Angel Investing ofrece una soluci\u00f3n [&hellip;]\" \/>\n<meta property=\"og:url\" content=\"https:\/\/content.carib-export.com\/es\/resources\/funding\/angel-investing\/\" \/>\n<meta property=\"og:site_name\" content=\"Exportaci\u00f3n del Caribe\" \/>\n<meta property=\"article:publisher\" content=\"https:\/\/www.facebook.com\/CaribbeanExport\" \/>\n<meta property=\"article:modified_time\" content=\"2025-02-06T14:54:23+00:00\" \/>\n<meta property=\"og:image\" content=\"https:\/\/content.carib-export.com\/wp-content\/uploads\/2016\/04\/button.png\" \/>\n\t<meta property=\"og:image:width\" content=\"300\" \/>\n\t<meta property=\"og:image:height\" content=\"300\" \/>\n\t<meta property=\"og:image:type\" content=\"image\/png\" \/>\n<meta name=\"twitter:card\" content=\"summary_large_image\" \/>\n<meta name=\"twitter:site\" content=\"@CaribXport\" \/>\n<meta name=\"twitter:label1\" content=\"Tiempo de lectura\" \/>\n\t<meta name=\"twitter:data1\" content=\"1 minuto\" \/>\n<script type=\"application\/ld+json\" class=\"yoast-schema-graph\">{\"@context\":\"https:\/\/schema.org\",\"@graph\":[{\"@type\":\"WebPage\",\"@id\":\"https:\/\/content.carib-export.com\/es\/resources\/funding\/angel-investing\/\",\"url\":\"https:\/\/content.carib-export.com\/es\/resources\/funding\/angel-investing\/\",\"name\":\"\u00c1ngel invirtiendo - nombre del Exportaci\u00f3n del Caribe\",\"isPartOf\":{\"@id\":\"https:\/\/content.carib-export.com\/es\/#website\"},\"primaryImageOfPage\":{\"@id\":\"https:\/\/content.carib-export.com\/es\/resources\/funding\/angel-investing\/#primaryimage\"},\"image\":{\"@id\":\"https:\/\/content.carib-export.com\/es\/resources\/funding\/angel-investing\/#primaryimage\"},\"thumbnailUrl\":\"https:\/\/content.carib-export.com\/wp-content\/uploads\/2016\/04\/button.png\",\"datePublished\":\"2016-04-04T19:52:50+00:00\",\"dateModified\":\"2025-02-06T14:54:23+00:00\",\"breadcrumb\":{\"@id\":\"https:\/\/content.carib-export.com\/es\/resources\/funding\/angel-investing\/#breadcrumb\"},\"inLanguage\":\"es\",\"potentialAction\":[{\"@type\":\"ReadAction\",\"target\":[\"https:\/\/content.carib-export.com\/es\/resources\/funding\/angel-investing\/\"]}]},{\"@type\":\"ImageObject\",\"inLanguage\":\"es\",\"@id\":\"https:\/\/content.carib-export.com\/es\/resources\/funding\/angel-investing\/#primaryimage\",\"url\":\"https:\/\/content.carib-export.com\/wp-content\/uploads\/2016\/04\/button.png\",\"contentUrl\":\"https:\/\/content.carib-export.com\/wp-content\/uploads\/2016\/04\/button.png\"},{\"@type\":\"BreadcrumbList\",\"@id\":\"https:\/\/content.carib-export.com\/es\/resources\/funding\/angel-investing\/#breadcrumb\",\"itemListElement\":[{\"@type\":\"ListItem\",\"position\":1,\"name\":\"Casa\",\"item\":\"https:\/\/content.carib-export.com\/es\/home\/\"},{\"@type\":\"ListItem\",\"position\":2,\"name\":\"Recursos\",\"item\":\"https:\/\/content.carib-export.com\/es\/resources\/\"},{\"@type\":\"ListItem\",\"position\":3,\"name\":\"Subvenci\u00f3n\",\"item\":\"https:\/\/content.carib-export.com\/es\/resources\/funding\/\"},{\"@type\":\"ListItem\",\"position\":4,\"name\":\"\u00c1ngel invirtiendo\"}]},{\"@type\":\"WebSite\",\"@id\":\"https:\/\/content.carib-export.com\/es\/#website\",\"url\":\"https:\/\/content.carib-export.com\/es\/\",\"name\":\"Exportaci\u00f3n del Caribe\",\"description\":\"La \u00fanica agencia regional de promoci\u00f3n del comercio y las inversiones en el grupo de \u00c1frica, el Caribe y el Pac\u00edfico.\",\"publisher\":{\"@id\":\"https:\/\/content.carib-export.com\/es\/#organization\"},\"potentialAction\":[{\"@type\":\"SearchAction\",\"target\":{\"@type\":\"EntryPoint\",\"urlTemplate\":\"https:\/\/content.carib-export.com\/es\/?s={search_term_string}\"},\"query-input\":{\"@type\":\"PropertyValueSpecification\",\"valueRequired\":true,\"valueName\":\"search_term_string\"}}],\"inLanguage\":\"es\"},{\"@type\":\"Organization\",\"@id\":\"https:\/\/content.carib-export.com\/es\/#organization\",\"name\":\"Agencia de Desarrollo de Exportaciones del Caribe\",\"url\":\"https:\/\/content.carib-export.com\/es\/\",\"logo\":{\"@type\":\"ImageObject\",\"inLanguage\":\"es\",\"@id\":\"https:\/\/content.carib-export.com\/es\/#\/schema\/logo\/image\/\",\"url\":\"https:\/\/content.carib-export.com\/wp-content\/uploads\/2013\/03\/CE-Logo-2013.jpg\",\"contentUrl\":\"https:\/\/content.carib-export.com\/wp-content\/uploads\/2013\/03\/CE-Logo-2013.jpg\",\"width\":1024,\"height\":244,\"caption\":\"Agencia de Desarrollo de Exportaciones del Caribe\"},\"image\":{\"@id\":\"https:\/\/content.carib-export.com\/es\/#\/schema\/logo\/image\/\"},\"sameAs\":[\"https:\/\/www.facebook.com\/CaribbeanExport\",\"https:\/\/x.com\/CaribXport\",\"https:\/\/www.instagram.com\/caribbeanexport\",\"https:\/\/www.linkedin.com\/company\/caribbeanexport\",\"https:\/\/www.youtube.com\/user\/TheCaribbeanExport\"]}]}<\/script>\n<!-- \/ Yoast SEO plugin. -->","yoast_head_json":{"title":"\u00c1ngel invirtiendo - nombre del Exportaci\u00f3n del Caribe","robots":{"index":"index","follow":"follow","max-snippet":"max-snippet:-1","max-image-preview":"max-image-preview:large","max-video-preview":"max-video-preview:-1"},"canonical":"https:\/\/content.carib-export.com\/es\/resources\/funding\/angel-investing\/","og_locale":"es_ES","og_type":"article","og_title":"\u00c1ngel invirtiendo - nombre del Exportaci\u00f3n del Caribe","og_description":"Una comunidad donde los inversionistas pueden conectarse con las peque\u00f1as y medianas empresas en el Caribe Acceder a la financiaci\u00f3n es uno de los principales desaf\u00edos a los que se enfrentan las peque\u00f1as y medianas empresas (PYME) cuando intentan crecer, especialmente en las primeras etapas. Para ayudar a abordar esto, Angel Investing ofrece una soluci\u00f3n [&hellip;]","og_url":"https:\/\/content.carib-export.com\/es\/resources\/funding\/angel-investing\/","og_site_name":"Exportaci\u00f3n del Caribe","article_publisher":"https:\/\/www.facebook.com\/CaribbeanExport","article_modified_time":"2025-02-06T14:54:23+00:00","og_image":[{"width":300,"height":300,"url":"https:\/\/content.carib-export.com\/wp-content\/uploads\/2016\/04\/button.png","type":"image\/png"}],"twitter_card":"summary_large_image","twitter_site":"@CaribXport","twitter_misc":{"Tiempo de lectura":"1 minuto"},"schema":{"@context":"https:\/\/schema.org","@graph":[{"@type":"WebPage","@id":"https:\/\/content.carib-export.com\/es\/resources\/funding\/angel-investing\/","url":"https:\/\/content.carib-export.com\/es\/resources\/funding\/angel-investing\/","name":"\u00c1ngel invirtiendo - nombre del Exportaci\u00f3n del Caribe","isPartOf":{"@id":"https:\/\/content.carib-export.com\/es\/#website"},"primaryImageOfPage":{"@id":"https:\/\/content.carib-export.com\/es\/resources\/funding\/angel-investing\/#primaryimage"},"image":{"@id":"https:\/\/content.carib-export.com\/es\/resources\/funding\/angel-investing\/#primaryimage"},"thumbnailUrl":"https:\/\/content.carib-export.com\/wp-content\/uploads\/2016\/04\/button.png","datePublished":"2016-04-04T19:52:50+00:00","dateModified":"2025-02-06T14:54:23+00:00","breadcrumb":{"@id":"https:\/\/content.carib-export.com\/es\/resources\/funding\/angel-investing\/#breadcrumb"},"inLanguage":"es","potentialAction":[{"@type":"ReadAction","target":["https:\/\/content.carib-export.com\/es\/resources\/funding\/angel-investing\/"]}]},{"@type":"ImageObject","inLanguage":"es","@id":"https:\/\/content.carib-export.com\/es\/resources\/funding\/angel-investing\/#primaryimage","url":"https:\/\/content.carib-export.com\/wp-content\/uploads\/2016\/04\/button.png","contentUrl":"https:\/\/content.carib-export.com\/wp-content\/uploads\/2016\/04\/button.png"},{"@type":"BreadcrumbList","@id":"https:\/\/content.carib-export.com\/es\/resources\/funding\/angel-investing\/#breadcrumb","itemListElement":[{"@type":"ListItem","position":1,"name":"Casa","item":"https:\/\/content.carib-export.com\/es\/home\/"},{"@type":"ListItem","position":2,"name":"Recursos","item":"https:\/\/content.carib-export.com\/es\/resources\/"},{"@type":"ListItem","position":3,"name":"Subvenci\u00f3n","item":"https:\/\/content.carib-export.com\/es\/resources\/funding\/"},{"@type":"ListItem","position":4,"name":"\u00c1ngel invirtiendo"}]},{"@type":"WebSite","@id":"https:\/\/content.carib-export.com\/es\/#website","url":"https:\/\/content.carib-export.com\/es\/","name":"Exportaci\u00f3n del Caribe","description":"La \u00fanica agencia regional de promoci\u00f3n del comercio y las inversiones en el grupo de \u00c1frica, el Caribe y el Pac\u00edfico.","publisher":{"@id":"https:\/\/content.carib-export.com\/es\/#organization"},"potentialAction":[{"@type":"SearchAction","target":{"@type":"EntryPoint","urlTemplate":"https:\/\/content.carib-export.com\/es\/?s={search_term_string}"},"query-input":{"@type":"PropertyValueSpecification","valueRequired":true,"valueName":"search_term_string"}}],"inLanguage":"es"},{"@type":"Organization","@id":"https:\/\/content.carib-export.com\/es\/#organization","name":"Agencia de Desarrollo de Exportaciones del Caribe","url":"https:\/\/content.carib-export.com\/es\/","logo":{"@type":"ImageObject","inLanguage":"es","@id":"https:\/\/content.carib-export.com\/es\/#\/schema\/logo\/image\/","url":"https:\/\/content.carib-export.com\/wp-content\/uploads\/2013\/03\/CE-Logo-2013.jpg","contentUrl":"https:\/\/content.carib-export.com\/wp-content\/uploads\/2013\/03\/CE-Logo-2013.jpg","width":1024,"height":244,"caption":"Agencia de Desarrollo de Exportaciones del Caribe"},"image":{"@id":"https:\/\/content.carib-export.com\/es\/#\/schema\/logo\/image\/"},"sameAs":["https:\/\/www.facebook.com\/CaribbeanExport","https:\/\/x.com\/CaribXport","https:\/\/www.instagram.com\/caribbeanexport","https:\/\/www.linkedin.com\/company\/caribbeanexport","https:\/\/www.youtube.com\/user\/TheCaribbeanExport"]}]}},"_links":{"self":[{"href":"https:\/\/content.carib-export.com\/es\/wp-json\/wp\/v2\/pages\/270187","targetHints":{"allow":["GET"]}}],"collection":[{"href":"https:\/\/content.carib-export.com\/es\/wp-json\/wp\/v2\/pages"}],"about":[{"href":"https:\/\/content.carib-export.com\/es\/wp-json\/wp\/v2\/types\/page"}],"author":[{"embeddable":true,"href":"https:\/\/content.carib-export.com\/es\/wp-json\/wp\/v2\/users\/3"}],"replies":[{"embeddable":true,"href":"https:\/\/content.carib-export.com\/es\/wp-json\/wp\/v2\/comments?post=270187"}],"version-history":[{"count":0,"href":"https:\/\/content.carib-export.com\/es\/wp-json\/wp\/v2\/pages\/270187\/revisions"}],"up":[{"embeddable":true,"href":"https:\/\/content.carib-export.com\/es\/wp-json\/wp\/v2\/pages\/256260"}],"wp:attachment":[{"href":"https:\/\/content.carib-export.com\/es\/wp-json\/wp\/v2\/media?parent=270187"}],"wp:term":[{"taxonomy":"post_tag","embeddable":true,"href":"https:\/\/content.carib-export.com\/es\/wp-json\/wp\/v2\/tags?post=270187"}],"curies":[{"name":"wp","href":"https:\/\/api.w.org\/{rel}","templated":true}]}}