{"id":270218,"date":"2020-07-10T12:13:59","date_gmt":"2020-07-10T16:13:59","guid":{"rendered":"https:\/\/content.carib-export.com\/exporters\/funding\/direct-support-grants-programme\/"},"modified":"2025-09-15T15:39:28","modified_gmt":"2025-09-15T19:39:28","slug":"direct-support-grants-programme","status":"publish","type":"page","link":"https:\/\/content.carib-export.com\/es\/resources\/funding\/direct-support-grants-programme\/","title":{"rendered":"Programa de subvenciones de apoyo directo"},"content":{"rendered":"\n<p>El Programa de Subvenciones de Apoyo Directo (DSGP) se desarroll\u00f3 en respuesta a la necesidad inmediata de las empresas de reestructurar y mitigar el impacto de la pandemia del coronavirus (COVID-19). Caribbean Export ha asignado fondos para las empresas de CARIFORUM, que se distribuir\u00e1n como subvenciones. Esta financiaci\u00f3n es proporcionada por la Uni\u00f3n Europea en el marco del Programa Regional de Desarrollo del Sector Privado del 11\u00ba FED.<\/p>\n\n<p>Las empresas de CARIFORUM pueden recibir una subvenci\u00f3n no reembolsable valorada entre 5.000 y 15.000 euros para implementar los proyectos aprobados.<\/p>\n\n<p>Los objetivos de la DSGP son los siguientes:<\/p>\n\n<ul class=\"wp-block-list\">\n<li>Proporcionar apoyo directo al sector privado del CARIFORUM, incluidas las PYME, de forma no reembolsable, dados los desaf\u00edos que se est\u00e1n experimentando debido a la pandemia de COVID-19;<\/li>\n\n\n\n<li>Brindar apoyo a las actividades enfocadas a la continuidad del negocio;<\/li>\n\n\n\n<li>Incrementar las exportaciones a la Regi\u00f3n Caribe y\/u otros Mercados Internacionales;<\/li>\n\n\n\n<li>Para capitalizar los beneficios del Acuerdo de Asociaci\u00f3n Econ\u00f3mica (EPA) CARIFORUM-Uni\u00f3n Europea, la Econom\u00eda de Mercado \u00danico CARICOM (CSME), el Tratado de Libre Comercio entre CARICOM-Rep\u00fablica Dominicana o cualquier otro acuerdo bilateral o multilateral suscrito por los pa\u00edses de la regi\u00f3n dentro de la regi\u00f3n o con socios ACP o de la Uni\u00f3n Europea (UE);<\/li>\n\n\n\n<li>Facilitar la transformaci\u00f3n digital, la gesti\u00f3n y eficiencia energ\u00e9tica y la protecci\u00f3n de los derechos de propiedad intelectual.<\/li>\n<\/ul>\n\n<div style=\"height:40px\" aria-hidden=\"true\" class=\"wp-block-spacer\"><\/div>\n\n<figure class=\"wp-block-embed is-type-video is-provider-youtube wp-block-embed-youtube wp-embed-aspect-16-9 wp-has-aspect-ratio\"><div class=\"wp-block-embed__wrapper\">\n<iframe loading=\"lazy\" title=\"Direct Support Grants Programme  Sensitisation Webinar\" width=\"640\" height=\"360\" src=\"https:\/\/www.youtube.com\/embed\/SrvVIN8_FE0?feature=oembed\" frameborder=\"0\" allow=\"accelerometer; autoplay; clipboard-write; encrypted-media; gyroscope; picture-in-picture; web-share\" referrerpolicy=\"strict-origin-when-cross-origin\" allowfullscreen><\/iframe>\n<\/div><figcaption class=\"wp-element-caption\"><em>Este seminario web de sensibilizaci\u00f3n le brinda la oportunidad de evaluar la elegibilidad de su proyecto, comprender mejor el proceso de solicitud, c\u00f3mo se evaluar\u00e1n los proyectos y m\u00e1s<\/em> .<\/figcaption><\/figure>\n\n<div style=\"height:40px\" aria-hidden=\"true\" class=\"wp-block-spacer\"><\/div>\n\n<p>Todas las consultas relacionadas con el Programa de Subvenciones de Apoyo Directo deben enviarse a <a title=\"mailto:dsgpinfo@carib-export.com\" href=\"mailto:dsgpinfo@carib-export.com\" target=\"_blank\" rel=\"noreferrer noopener\">dsgpinfo@carib-export.com<\/a> <\/p>\n\n<div style=\"height:40px\" aria-hidden=\"true\" class=\"wp-block-spacer\"><\/div>\n\n<div class=\"wp-block-buttons is-layout-flex wp-block-buttons-is-layout-flex\">\n<div class=\"wp-block-button is-style-outline is-style-outline--2\"><a class=\"wp-block-button__link wp-element-button\" href=\"https:\/\/carib-export.com\/resources\/funding\/dags\/grant-awardees\/\" style=\"border-radius:0px\">Adjudicatarios de subvenciones del 11.\u00ba FED<\/a><\/div>\n<\/div>\n\n<div style=\"height:40px\" aria-hidden=\"true\" class=\"wp-block-spacer\"><\/div>\n\n<figure class=\"wp-block-image size-full\"><img loading=\"lazy\" decoding=\"async\" width=\"813\" height=\"525\" src=\"https:\/\/content.carib-export.com\/wp-content\/uploads\/2020\/09\/DGSP-2020-Cover-image.png\" alt=\"DGSP-2020-Cover-image\" class=\"wp-image-189887\" srcset=\"https:\/\/content.carib-export.com\/wp-content\/uploads\/2020\/09\/DGSP-2020-Cover-image.png 813w, https:\/\/content.carib-export.com\/wp-content\/uploads\/2020\/09\/DGSP-2020-Cover-image-150x97.png 150w, https:\/\/content.carib-export.com\/wp-content\/uploads\/2020\/09\/DGSP-2020-Cover-image-155x100.png 155w, https:\/\/content.carib-export.com\/wp-content\/uploads\/2020\/09\/DGSP-2020-Cover-image-768x496.png 768w\" sizes=\"auto, (max-width: 813px) 100vw, 813px\" \/><\/figure>\n","protected":false},"excerpt":{"rendered":"<p>El Programa de Subvenciones de Apoyo Directo (DSGP) se desarroll\u00f3 en respuesta a la necesidad inmediata de las empresas de reestructurar y mitigar el impacto de la pandemia del coronavirus (COVID-19). Caribbean Export ha asignado fondos para las empresas de CARIFORUM, que se distribuir\u00e1n como subvenciones. Esta financiaci\u00f3n es proporcionada por la Uni\u00f3n Europea en [&hellip;]<\/p>\n","protected":false},"author":9,"featured_media":251897,"parent":256260,"menu_order":0,"comment_status":"closed","ping_status":"closed","template":"","meta":{"_acf_changed":false,"inline_featured_image":false,"footnotes":""},"tags":[12785,14351,12829],"class_list":["post-270218","page","type-page","status-publish","has-post-thumbnail","hentry","tag-covid19-es","tag-grantfunding-es","tag-grants-es"],"acf":[],"yoast_head":"<!-- This site is optimized with the Yoast SEO plugin v27.1.1 - https:\/\/yoast.com\/product\/yoast-seo-wordpress\/ -->\n<title>Programa de subvenciones de apoyo directo - nombre del Exportaci\u00f3n del Caribe<\/title>\n<meta name=\"description\" content=\"-1184\" \/>\n<meta name=\"robots\" content=\"index, follow, max-snippet:-1, max-image-preview:large, max-video-preview:-1\" \/>\n<link rel=\"canonical\" href=\"https:\/\/content.carib-export.com\/es\/resources\/funding\/direct-support-grants-programme\/\" \/>\n<meta property=\"og:locale\" content=\"es_ES\" \/>\n<meta property=\"og:type\" content=\"article\" \/>\n<meta property=\"og:title\" content=\"Programa de subvenciones de apoyo directo - nombre del Exportaci\u00f3n del Caribe\" \/>\n<meta property=\"og:description\" content=\"-1184\" \/>\n<meta property=\"og:url\" content=\"https:\/\/content.carib-export.com\/es\/resources\/funding\/direct-support-grants-programme\/\" \/>\n<meta property=\"og:site_name\" content=\"Exportaci\u00f3n del Caribe\" \/>\n<meta property=\"article:publisher\" content=\"https:\/\/www.facebook.com\/CaribbeanExport\" \/>\n<meta property=\"article:modified_time\" content=\"2025-09-15T19:39:28+00:00\" \/>\n<meta property=\"og:image\" content=\"https:\/\/content.carib-export.com\/wp-content\/uploads\/2020\/08\/DSGP-Social-Media-Sq-Apply-Nowf-02.png\" \/>\n\t<meta property=\"og:image:width\" content=\"6251\" \/>\n\t<meta property=\"og:image:height\" content=\"6250\" \/>\n\t<meta property=\"og:image:type\" content=\"image\/png\" \/>\n<meta name=\"twitter:card\" content=\"summary_large_image\" \/>\n<meta name=\"twitter:site\" content=\"@CaribXport\" \/>\n<meta name=\"twitter:label1\" content=\"Tiempo de lectura\" \/>\n\t<meta name=\"twitter:data1\" content=\"1 minuto\" \/>\n<script type=\"application\/ld+json\" class=\"yoast-schema-graph\">{\"@context\":\"https:\/\/schema.org\",\"@graph\":[{\"@type\":\"WebPage\",\"@id\":\"https:\/\/content.carib-export.com\/es\/resources\/funding\/direct-support-grants-programme\/\",\"url\":\"https:\/\/content.carib-export.com\/es\/resources\/funding\/direct-support-grants-programme\/\",\"name\":\"Programa de subvenciones de apoyo directo - nombre del Exportaci\u00f3n del Caribe\",\"isPartOf\":{\"@id\":\"https:\/\/content.carib-export.com\/es\/#website\"},\"primaryImageOfPage\":{\"@id\":\"https:\/\/content.carib-export.com\/es\/resources\/funding\/direct-support-grants-programme\/#primaryimage\"},\"image\":{\"@id\":\"https:\/\/content.carib-export.com\/es\/resources\/funding\/direct-support-grants-programme\/#primaryimage\"},\"thumbnailUrl\":\"https:\/\/content.carib-export.com\/wp-content\/uploads\/2020\/08\/DSGP-Social-Media-Sq-Apply-Nowf-02.png\",\"datePublished\":\"2020-07-10T16:13:59+00:00\",\"dateModified\":\"2025-09-15T19:39:28+00:00\",\"description\":\"-1184\",\"breadcrumb\":{\"@id\":\"https:\/\/content.carib-export.com\/es\/resources\/funding\/direct-support-grants-programme\/#breadcrumb\"},\"inLanguage\":\"es\",\"potentialAction\":[{\"@type\":\"ReadAction\",\"target\":[\"https:\/\/content.carib-export.com\/es\/resources\/funding\/direct-support-grants-programme\/\"]}]},{\"@type\":\"ImageObject\",\"inLanguage\":\"es\",\"@id\":\"https:\/\/content.carib-export.com\/es\/resources\/funding\/direct-support-grants-programme\/#primaryimage\",\"url\":\"https:\/\/content.carib-export.com\/wp-content\/uploads\/2020\/08\/DSGP-Social-Media-Sq-Apply-Nowf-02.png\",\"contentUrl\":\"https:\/\/content.carib-export.com\/wp-content\/uploads\/2020\/08\/DSGP-Social-Media-Sq-Apply-Nowf-02.png\",\"width\":6251,\"height\":6250,\"caption\":\"Grants\"},{\"@type\":\"BreadcrumbList\",\"@id\":\"https:\/\/content.carib-export.com\/es\/resources\/funding\/direct-support-grants-programme\/#breadcrumb\",\"itemListElement\":[{\"@type\":\"ListItem\",\"position\":1,\"name\":\"Casa\",\"item\":\"https:\/\/content.carib-export.com\/es\/home\/\"},{\"@type\":\"ListItem\",\"position\":2,\"name\":\"Recursos\",\"item\":\"https:\/\/content.carib-export.com\/es\/resources\/\"},{\"@type\":\"ListItem\",\"position\":3,\"name\":\"Subvenci\u00f3n\",\"item\":\"https:\/\/content.carib-export.com\/es\/resources\/funding\/\"},{\"@type\":\"ListItem\",\"position\":4,\"name\":\"Programa de subvenciones de apoyo directo\"}]},{\"@type\":\"WebSite\",\"@id\":\"https:\/\/content.carib-export.com\/es\/#website\",\"url\":\"https:\/\/content.carib-export.com\/es\/\",\"name\":\"Exportaci\u00f3n del Caribe\",\"description\":\"La \u00fanica agencia regional de promoci\u00f3n del comercio y las inversiones en el grupo de \u00c1frica, el Caribe y el Pac\u00edfico.\",\"publisher\":{\"@id\":\"https:\/\/content.carib-export.com\/es\/#organization\"},\"potentialAction\":[{\"@type\":\"SearchAction\",\"target\":{\"@type\":\"EntryPoint\",\"urlTemplate\":\"https:\/\/content.carib-export.com\/es\/?s={search_term_string}\"},\"query-input\":{\"@type\":\"PropertyValueSpecification\",\"valueRequired\":true,\"valueName\":\"search_term_string\"}}],\"inLanguage\":\"es\"},{\"@type\":\"Organization\",\"@id\":\"https:\/\/content.carib-export.com\/es\/#organization\",\"name\":\"Agencia de Desarrollo de Exportaciones del Caribe\",\"url\":\"https:\/\/content.carib-export.com\/es\/\",\"logo\":{\"@type\":\"ImageObject\",\"inLanguage\":\"es\",\"@id\":\"https:\/\/content.carib-export.com\/es\/#\/schema\/logo\/image\/\",\"url\":\"https:\/\/content.carib-export.com\/wp-content\/uploads\/2013\/03\/CE-Logo-2013.jpg\",\"contentUrl\":\"https:\/\/content.carib-export.com\/wp-content\/uploads\/2013\/03\/CE-Logo-2013.jpg\",\"width\":1024,\"height\":244,\"caption\":\"Agencia de Desarrollo de Exportaciones del Caribe\"},\"image\":{\"@id\":\"https:\/\/content.carib-export.com\/es\/#\/schema\/logo\/image\/\"},\"sameAs\":[\"https:\/\/www.facebook.com\/CaribbeanExport\",\"https:\/\/x.com\/CaribXport\",\"https:\/\/www.instagram.com\/caribbeanexport\",\"https:\/\/www.linkedin.com\/company\/caribbeanexport\",\"https:\/\/www.youtube.com\/user\/TheCaribbeanExport\"]}]}<\/script>\n<!-- \/ Yoast SEO plugin. -->","yoast_head_json":{"title":"Programa de subvenciones de apoyo directo - nombre del Exportaci\u00f3n del Caribe","description":"-1184","robots":{"index":"index","follow":"follow","max-snippet":"max-snippet:-1","max-image-preview":"max-image-preview:large","max-video-preview":"max-video-preview:-1"},"canonical":"https:\/\/content.carib-export.com\/es\/resources\/funding\/direct-support-grants-programme\/","og_locale":"es_ES","og_type":"article","og_title":"Programa de subvenciones de apoyo directo - nombre del Exportaci\u00f3n del Caribe","og_description":"-1184","og_url":"https:\/\/content.carib-export.com\/es\/resources\/funding\/direct-support-grants-programme\/","og_site_name":"Exportaci\u00f3n del Caribe","article_publisher":"https:\/\/www.facebook.com\/CaribbeanExport","article_modified_time":"2025-09-15T19:39:28+00:00","og_image":[{"width":6251,"height":6250,"url":"https:\/\/content.carib-export.com\/wp-content\/uploads\/2020\/08\/DSGP-Social-Media-Sq-Apply-Nowf-02.png","type":"image\/png"}],"twitter_card":"summary_large_image","twitter_site":"@CaribXport","twitter_misc":{"Tiempo de lectura":"1 minuto"},"schema":{"@context":"https:\/\/schema.org","@graph":[{"@type":"WebPage","@id":"https:\/\/content.carib-export.com\/es\/resources\/funding\/direct-support-grants-programme\/","url":"https:\/\/content.carib-export.com\/es\/resources\/funding\/direct-support-grants-programme\/","name":"Programa de subvenciones de apoyo directo - nombre del Exportaci\u00f3n del Caribe","isPartOf":{"@id":"https:\/\/content.carib-export.com\/es\/#website"},"primaryImageOfPage":{"@id":"https:\/\/content.carib-export.com\/es\/resources\/funding\/direct-support-grants-programme\/#primaryimage"},"image":{"@id":"https:\/\/content.carib-export.com\/es\/resources\/funding\/direct-support-grants-programme\/#primaryimage"},"thumbnailUrl":"https:\/\/content.carib-export.com\/wp-content\/uploads\/2020\/08\/DSGP-Social-Media-Sq-Apply-Nowf-02.png","datePublished":"2020-07-10T16:13:59+00:00","dateModified":"2025-09-15T19:39:28+00:00","description":"-1184","breadcrumb":{"@id":"https:\/\/content.carib-export.com\/es\/resources\/funding\/direct-support-grants-programme\/#breadcrumb"},"inLanguage":"es","potentialAction":[{"@type":"ReadAction","target":["https:\/\/content.carib-export.com\/es\/resources\/funding\/direct-support-grants-programme\/"]}]},{"@type":"ImageObject","inLanguage":"es","@id":"https:\/\/content.carib-export.com\/es\/resources\/funding\/direct-support-grants-programme\/#primaryimage","url":"https:\/\/content.carib-export.com\/wp-content\/uploads\/2020\/08\/DSGP-Social-Media-Sq-Apply-Nowf-02.png","contentUrl":"https:\/\/content.carib-export.com\/wp-content\/uploads\/2020\/08\/DSGP-Social-Media-Sq-Apply-Nowf-02.png","width":6251,"height":6250,"caption":"Grants"},{"@type":"BreadcrumbList","@id":"https:\/\/content.carib-export.com\/es\/resources\/funding\/direct-support-grants-programme\/#breadcrumb","itemListElement":[{"@type":"ListItem","position":1,"name":"Casa","item":"https:\/\/content.carib-export.com\/es\/home\/"},{"@type":"ListItem","position":2,"name":"Recursos","item":"https:\/\/content.carib-export.com\/es\/resources\/"},{"@type":"ListItem","position":3,"name":"Subvenci\u00f3n","item":"https:\/\/content.carib-export.com\/es\/resources\/funding\/"},{"@type":"ListItem","position":4,"name":"Programa de subvenciones de apoyo directo"}]},{"@type":"WebSite","@id":"https:\/\/content.carib-export.com\/es\/#website","url":"https:\/\/content.carib-export.com\/es\/","name":"Exportaci\u00f3n del Caribe","description":"La \u00fanica agencia regional de promoci\u00f3n del comercio y las inversiones en el grupo de \u00c1frica, el Caribe y el Pac\u00edfico.","publisher":{"@id":"https:\/\/content.carib-export.com\/es\/#organization"},"potentialAction":[{"@type":"SearchAction","target":{"@type":"EntryPoint","urlTemplate":"https:\/\/content.carib-export.com\/es\/?s={search_term_string}"},"query-input":{"@type":"PropertyValueSpecification","valueRequired":true,"valueName":"search_term_string"}}],"inLanguage":"es"},{"@type":"Organization","@id":"https:\/\/content.carib-export.com\/es\/#organization","name":"Agencia de Desarrollo de Exportaciones del Caribe","url":"https:\/\/content.carib-export.com\/es\/","logo":{"@type":"ImageObject","inLanguage":"es","@id":"https:\/\/content.carib-export.com\/es\/#\/schema\/logo\/image\/","url":"https:\/\/content.carib-export.com\/wp-content\/uploads\/2013\/03\/CE-Logo-2013.jpg","contentUrl":"https:\/\/content.carib-export.com\/wp-content\/uploads\/2013\/03\/CE-Logo-2013.jpg","width":1024,"height":244,"caption":"Agencia de Desarrollo de Exportaciones del Caribe"},"image":{"@id":"https:\/\/content.carib-export.com\/es\/#\/schema\/logo\/image\/"},"sameAs":["https:\/\/www.facebook.com\/CaribbeanExport","https:\/\/x.com\/CaribXport","https:\/\/www.instagram.com\/caribbeanexport","https:\/\/www.linkedin.com\/company\/caribbeanexport","https:\/\/www.youtube.com\/user\/TheCaribbeanExport"]}]}},"_links":{"self":[{"href":"https:\/\/content.carib-export.com\/es\/wp-json\/wp\/v2\/pages\/270218","targetHints":{"allow":["GET"]}}],"collection":[{"href":"https:\/\/content.carib-export.com\/es\/wp-json\/wp\/v2\/pages"}],"about":[{"href":"https:\/\/content.carib-export.com\/es\/wp-json\/wp\/v2\/types\/page"}],"author":[{"embeddable":true,"href":"https:\/\/content.carib-export.com\/es\/wp-json\/wp\/v2\/users\/9"}],"replies":[{"embeddable":true,"href":"https:\/\/content.carib-export.com\/es\/wp-json\/wp\/v2\/comments?post=270218"}],"version-history":[{"count":0,"href":"https:\/\/content.carib-export.com\/es\/wp-json\/wp\/v2\/pages\/270218\/revisions"}],"up":[{"embeddable":true,"href":"https:\/\/content.carib-export.com\/es\/wp-json\/wp\/v2\/pages\/256260"}],"wp:featuredmedia":[{"embeddable":true,"href":"https:\/\/content.carib-export.com\/es\/wp-json\/wp\/v2\/media\/251897"}],"wp:attachment":[{"href":"https:\/\/content.carib-export.com\/es\/wp-json\/wp\/v2\/media?parent=270218"}],"wp:term":[{"taxonomy":"post_tag","embeddable":true,"href":"https:\/\/content.carib-export.com\/es\/wp-json\/wp\/v2\/tags?post=270218"}],"curies":[{"name":"wp","href":"https:\/\/api.w.org\/{rel}","templated":true}]}}