{"id":270251,"date":"2021-10-18T15:18:50","date_gmt":"2021-10-18T19:18:50","guid":{"rendered":"https:\/\/content.carib-export.com\/exporters\/funding\/dsgp2021\/"},"modified":"2025-02-06T12:11:24","modified_gmt":"2025-02-06T16:11:24","slug":"dsgp2021","status":"publish","type":"page","link":"https:\/\/content.carib-export.com\/es\/resources\/funding\/dsgp2021\/","title":{"rendered":"Programa de Becas de Apoyo Directo 2021"},"content":{"rendered":"\n<p><strong><mark style=\"background-color:rgba(0, 0, 0, 0)\" class=\"has-inline-color has-vivid-red-color\">La convocatoria ya est\u00e1 cerrada.<\/mark><\/strong><\/p>\n\n<div style=\"height:40px\" aria-hidden=\"true\" class=\"wp-block-spacer\"><\/div>\n\n<p>El Programa de Subvenciones de Apoyo Directo (DSGP) se desarroll\u00f3 en respuesta a la necesidad inmediata de las empresas de reestructurar y mitigar el impacto de la pandemia del coronavirus (COVID-19). Caribbean Export ha asignado fondos para las empresas de CARIFORUM, que se distribuir\u00e1n como subvenciones en 2022. Esta financiaci\u00f3n es proporcionada por la Uni\u00f3n Europea en el marco del Programa Regional de Desarrollo del Sector Privado del 11\u00ba FED.<\/p>\n\n<p>Las empresas de CARIFORUM pueden recibir una subvenci\u00f3n no reembolsable valorada entre 10 000 y 30 000 \u20ac para ejecutar los proyectos aprobados.<\/p>\n\n<p>Los objetivos de la DSGP son los siguientes:<\/p>\n\n<ul class=\"wp-block-list\"><li>Brindar apoyo directo al sector privado del CARIFORUM, incluidas las micro, peque\u00f1as y medianas empresas (MIPYMES), con car\u00e1cter no reembolsable, dados los desaf\u00edos que se est\u00e1n experimentando a causa de la pandemia del COVID-19;<\/li><li>Brindar apoyo a las actividades enfocadas a la continuidad del negocio;<\/li><li>Facilitar el aumento de las exportaciones a la Regi\u00f3n del Caribe y\/u otros Mercados Internacionales; y<\/li><li>Aproveche los beneficios del Acuerdo de Asociaci\u00f3n Econ\u00f3mica (EPA) CARIFORUM-Uni\u00f3n Europea, la Econom\u00eda de Mercado \u00danico CARICOM (CSME), el Tratado de Libre Comercio entre CARICOM-Rep\u00fablica Dominicana o cualquier otro acuerdo bilateral o multilateral suscrito por los pa\u00edses de la regi\u00f3n dentro de la regi\u00f3n o con socios ACP o de la Uni\u00f3n Europea (UE);<\/li><li>Facilitar la transformaci\u00f3n digital, la gesti\u00f3n y eficiencia energ\u00e9tica y la protecci\u00f3n de los derechos de propiedad intelectual.<\/li><\/ul>\n\n<p><strong>La convocatoria de propuestas cerr\u00f3 el 8 de diciembre de 2021.<\/strong><\/p>\n","protected":false},"excerpt":{"rendered":"<p>La convocatoria ya est\u00e1 cerrada. El Programa de Subvenciones de Apoyo Directo (DSGP) se desarroll\u00f3 en respuesta a la necesidad inmediata de las empresas de reestructurar y mitigar el impacto de la pandemia del coronavirus (COVID-19). Caribbean Export ha asignado fondos para las empresas de CARIFORUM, que se distribuir\u00e1n como subvenciones en 2022. Esta financiaci\u00f3n [&hellip;]<\/p>\n","protected":false},"author":9,"featured_media":270256,"parent":256260,"menu_order":0,"comment_status":"closed","ping_status":"closed","template":"","meta":{"_acf_changed":false,"inline_featured_image":false,"footnotes":""},"tags":[],"class_list":["post-270251","page","type-page","status-publish","has-post-thumbnail","hentry"],"acf":[],"yoast_head":"<!-- This site is optimized with the Yoast SEO plugin v27.1.1 - https:\/\/yoast.com\/product\/yoast-seo-wordpress\/ -->\n<title>Programa de Becas de Apoyo Directo 2021 - nombre del Exportaci\u00f3n del Caribe<\/title>\n<meta name=\"robots\" content=\"index, follow, max-snippet:-1, max-image-preview:large, max-video-preview:-1\" \/>\n<link rel=\"canonical\" href=\"https:\/\/content.carib-export.com\/es\/resources\/funding\/dsgp2021\/\" \/>\n<meta property=\"og:locale\" content=\"es_ES\" \/>\n<meta property=\"og:type\" content=\"article\" \/>\n<meta property=\"og:title\" content=\"Programa de Becas de Apoyo Directo 2021 - nombre del Exportaci\u00f3n del Caribe\" \/>\n<meta property=\"og:description\" content=\"La convocatoria ya est\u00e1 cerrada. El Programa de Subvenciones de Apoyo Directo (DSGP) se desarroll\u00f3 en respuesta a la necesidad inmediata de las empresas de reestructurar y mitigar el impacto de la pandemia del coronavirus (COVID-19). Caribbean Export ha asignado fondos para las empresas de CARIFORUM, que se distribuir\u00e1n como subvenciones en 2022. Esta financiaci\u00f3n [&hellip;]\" \/>\n<meta property=\"og:url\" content=\"https:\/\/content.carib-export.com\/es\/resources\/funding\/dsgp2021\/\" \/>\n<meta property=\"og:site_name\" content=\"Exportaci\u00f3n del Caribe\" \/>\n<meta property=\"article:publisher\" content=\"https:\/\/www.facebook.com\/CaribbeanExport\" \/>\n<meta property=\"article:modified_time\" content=\"2025-02-06T16:11:24+00:00\" \/>\n<meta property=\"og:image\" content=\"https:\/\/content.carib-export.com\/wp-content\/uploads\/2021\/10\/DSGP-Flyers-Apply-Now-IGFB-scaled.jpg\" \/>\n\t<meta property=\"og:image:width\" content=\"2560\" \/>\n\t<meta property=\"og:image:height\" content=\"2560\" \/>\n\t<meta property=\"og:image:type\" content=\"image\/jpeg\" \/>\n<meta name=\"twitter:card\" content=\"summary_large_image\" \/>\n<meta name=\"twitter:site\" content=\"@CaribXport\" \/>\n<meta name=\"twitter:label1\" content=\"Tiempo de lectura\" \/>\n\t<meta name=\"twitter:data1\" content=\"1 minuto\" \/>\n<script type=\"application\/ld+json\" class=\"yoast-schema-graph\">{\"@context\":\"https:\/\/schema.org\",\"@graph\":[{\"@type\":\"WebPage\",\"@id\":\"https:\/\/content.carib-export.com\/es\/resources\/funding\/dsgp2021\/\",\"url\":\"https:\/\/content.carib-export.com\/es\/resources\/funding\/dsgp2021\/\",\"name\":\"Programa de Becas de Apoyo Directo 2021 - nombre del Exportaci\u00f3n del Caribe\",\"isPartOf\":{\"@id\":\"https:\/\/content.carib-export.com\/es\/#website\"},\"primaryImageOfPage\":{\"@id\":\"https:\/\/content.carib-export.com\/es\/resources\/funding\/dsgp2021\/#primaryimage\"},\"image\":{\"@id\":\"https:\/\/content.carib-export.com\/es\/resources\/funding\/dsgp2021\/#primaryimage\"},\"thumbnailUrl\":\"https:\/\/content.carib-export.com\/wp-content\/uploads\/2021\/10\/DSGP-Flyers-Apply-Now-IGFB-scaled.jpg\",\"datePublished\":\"2021-10-18T19:18:50+00:00\",\"dateModified\":\"2025-02-06T16:11:24+00:00\",\"breadcrumb\":{\"@id\":\"https:\/\/content.carib-export.com\/es\/resources\/funding\/dsgp2021\/#breadcrumb\"},\"inLanguage\":\"es\",\"potentialAction\":[{\"@type\":\"ReadAction\",\"target\":[\"https:\/\/content.carib-export.com\/es\/resources\/funding\/dsgp2021\/\"]}]},{\"@type\":\"ImageObject\",\"inLanguage\":\"es\",\"@id\":\"https:\/\/content.carib-export.com\/es\/resources\/funding\/dsgp2021\/#primaryimage\",\"url\":\"https:\/\/content.carib-export.com\/wp-content\/uploads\/2021\/10\/DSGP-Flyers-Apply-Now-IGFB-scaled.jpg\",\"contentUrl\":\"https:\/\/content.carib-export.com\/wp-content\/uploads\/2021\/10\/DSGP-Flyers-Apply-Now-IGFB-scaled.jpg\",\"width\":2560,\"height\":2560},{\"@type\":\"BreadcrumbList\",\"@id\":\"https:\/\/content.carib-export.com\/es\/resources\/funding\/dsgp2021\/#breadcrumb\",\"itemListElement\":[{\"@type\":\"ListItem\",\"position\":1,\"name\":\"Casa\",\"item\":\"https:\/\/content.carib-export.com\/es\/home\/\"},{\"@type\":\"ListItem\",\"position\":2,\"name\":\"Recursos\",\"item\":\"https:\/\/content.carib-export.com\/es\/resources\/\"},{\"@type\":\"ListItem\",\"position\":3,\"name\":\"Subvenci\u00f3n\",\"item\":\"https:\/\/content.carib-export.com\/es\/resources\/funding\/\"},{\"@type\":\"ListItem\",\"position\":4,\"name\":\"Programa de Becas de Apoyo Directo 2021\"}]},{\"@type\":\"WebSite\",\"@id\":\"https:\/\/content.carib-export.com\/es\/#website\",\"url\":\"https:\/\/content.carib-export.com\/es\/\",\"name\":\"Exportaci\u00f3n del Caribe\",\"description\":\"La \u00fanica agencia regional de promoci\u00f3n del comercio y las inversiones en el grupo de \u00c1frica, el Caribe y el Pac\u00edfico.\",\"publisher\":{\"@id\":\"https:\/\/content.carib-export.com\/es\/#organization\"},\"potentialAction\":[{\"@type\":\"SearchAction\",\"target\":{\"@type\":\"EntryPoint\",\"urlTemplate\":\"https:\/\/content.carib-export.com\/es\/?s={search_term_string}\"},\"query-input\":{\"@type\":\"PropertyValueSpecification\",\"valueRequired\":true,\"valueName\":\"search_term_string\"}}],\"inLanguage\":\"es\"},{\"@type\":\"Organization\",\"@id\":\"https:\/\/content.carib-export.com\/es\/#organization\",\"name\":\"Agencia de Desarrollo de Exportaciones del Caribe\",\"url\":\"https:\/\/content.carib-export.com\/es\/\",\"logo\":{\"@type\":\"ImageObject\",\"inLanguage\":\"es\",\"@id\":\"https:\/\/content.carib-export.com\/es\/#\/schema\/logo\/image\/\",\"url\":\"https:\/\/content.carib-export.com\/wp-content\/uploads\/2013\/03\/CE-Logo-2013.jpg\",\"contentUrl\":\"https:\/\/content.carib-export.com\/wp-content\/uploads\/2013\/03\/CE-Logo-2013.jpg\",\"width\":1024,\"height\":244,\"caption\":\"Agencia de Desarrollo de Exportaciones del Caribe\"},\"image\":{\"@id\":\"https:\/\/content.carib-export.com\/es\/#\/schema\/logo\/image\/\"},\"sameAs\":[\"https:\/\/www.facebook.com\/CaribbeanExport\",\"https:\/\/x.com\/CaribXport\",\"https:\/\/www.instagram.com\/caribbeanexport\",\"https:\/\/www.linkedin.com\/company\/caribbeanexport\",\"https:\/\/www.youtube.com\/user\/TheCaribbeanExport\"]}]}<\/script>\n<!-- \/ Yoast SEO plugin. -->","yoast_head_json":{"title":"Programa de Becas de Apoyo Directo 2021 - nombre del Exportaci\u00f3n del Caribe","robots":{"index":"index","follow":"follow","max-snippet":"max-snippet:-1","max-image-preview":"max-image-preview:large","max-video-preview":"max-video-preview:-1"},"canonical":"https:\/\/content.carib-export.com\/es\/resources\/funding\/dsgp2021\/","og_locale":"es_ES","og_type":"article","og_title":"Programa de Becas de Apoyo Directo 2021 - nombre del Exportaci\u00f3n del Caribe","og_description":"La convocatoria ya est\u00e1 cerrada. El Programa de Subvenciones de Apoyo Directo (DSGP) se desarroll\u00f3 en respuesta a la necesidad inmediata de las empresas de reestructurar y mitigar el impacto de la pandemia del coronavirus (COVID-19). Caribbean Export ha asignado fondos para las empresas de CARIFORUM, que se distribuir\u00e1n como subvenciones en 2022. Esta financiaci\u00f3n [&hellip;]","og_url":"https:\/\/content.carib-export.com\/es\/resources\/funding\/dsgp2021\/","og_site_name":"Exportaci\u00f3n del Caribe","article_publisher":"https:\/\/www.facebook.com\/CaribbeanExport","article_modified_time":"2025-02-06T16:11:24+00:00","og_image":[{"width":2560,"height":2560,"url":"https:\/\/content.carib-export.com\/wp-content\/uploads\/2021\/10\/DSGP-Flyers-Apply-Now-IGFB-scaled.jpg","type":"image\/jpeg"}],"twitter_card":"summary_large_image","twitter_site":"@CaribXport","twitter_misc":{"Tiempo de lectura":"1 minuto"},"schema":{"@context":"https:\/\/schema.org","@graph":[{"@type":"WebPage","@id":"https:\/\/content.carib-export.com\/es\/resources\/funding\/dsgp2021\/","url":"https:\/\/content.carib-export.com\/es\/resources\/funding\/dsgp2021\/","name":"Programa de Becas de Apoyo Directo 2021 - nombre del Exportaci\u00f3n del Caribe","isPartOf":{"@id":"https:\/\/content.carib-export.com\/es\/#website"},"primaryImageOfPage":{"@id":"https:\/\/content.carib-export.com\/es\/resources\/funding\/dsgp2021\/#primaryimage"},"image":{"@id":"https:\/\/content.carib-export.com\/es\/resources\/funding\/dsgp2021\/#primaryimage"},"thumbnailUrl":"https:\/\/content.carib-export.com\/wp-content\/uploads\/2021\/10\/DSGP-Flyers-Apply-Now-IGFB-scaled.jpg","datePublished":"2021-10-18T19:18:50+00:00","dateModified":"2025-02-06T16:11:24+00:00","breadcrumb":{"@id":"https:\/\/content.carib-export.com\/es\/resources\/funding\/dsgp2021\/#breadcrumb"},"inLanguage":"es","potentialAction":[{"@type":"ReadAction","target":["https:\/\/content.carib-export.com\/es\/resources\/funding\/dsgp2021\/"]}]},{"@type":"ImageObject","inLanguage":"es","@id":"https:\/\/content.carib-export.com\/es\/resources\/funding\/dsgp2021\/#primaryimage","url":"https:\/\/content.carib-export.com\/wp-content\/uploads\/2021\/10\/DSGP-Flyers-Apply-Now-IGFB-scaled.jpg","contentUrl":"https:\/\/content.carib-export.com\/wp-content\/uploads\/2021\/10\/DSGP-Flyers-Apply-Now-IGFB-scaled.jpg","width":2560,"height":2560},{"@type":"BreadcrumbList","@id":"https:\/\/content.carib-export.com\/es\/resources\/funding\/dsgp2021\/#breadcrumb","itemListElement":[{"@type":"ListItem","position":1,"name":"Casa","item":"https:\/\/content.carib-export.com\/es\/home\/"},{"@type":"ListItem","position":2,"name":"Recursos","item":"https:\/\/content.carib-export.com\/es\/resources\/"},{"@type":"ListItem","position":3,"name":"Subvenci\u00f3n","item":"https:\/\/content.carib-export.com\/es\/resources\/funding\/"},{"@type":"ListItem","position":4,"name":"Programa de Becas de Apoyo Directo 2021"}]},{"@type":"WebSite","@id":"https:\/\/content.carib-export.com\/es\/#website","url":"https:\/\/content.carib-export.com\/es\/","name":"Exportaci\u00f3n del Caribe","description":"La \u00fanica agencia regional de promoci\u00f3n del comercio y las inversiones en el grupo de \u00c1frica, el Caribe y el Pac\u00edfico.","publisher":{"@id":"https:\/\/content.carib-export.com\/es\/#organization"},"potentialAction":[{"@type":"SearchAction","target":{"@type":"EntryPoint","urlTemplate":"https:\/\/content.carib-export.com\/es\/?s={search_term_string}"},"query-input":{"@type":"PropertyValueSpecification","valueRequired":true,"valueName":"search_term_string"}}],"inLanguage":"es"},{"@type":"Organization","@id":"https:\/\/content.carib-export.com\/es\/#organization","name":"Agencia de Desarrollo de Exportaciones del Caribe","url":"https:\/\/content.carib-export.com\/es\/","logo":{"@type":"ImageObject","inLanguage":"es","@id":"https:\/\/content.carib-export.com\/es\/#\/schema\/logo\/image\/","url":"https:\/\/content.carib-export.com\/wp-content\/uploads\/2013\/03\/CE-Logo-2013.jpg","contentUrl":"https:\/\/content.carib-export.com\/wp-content\/uploads\/2013\/03\/CE-Logo-2013.jpg","width":1024,"height":244,"caption":"Agencia de Desarrollo de Exportaciones del Caribe"},"image":{"@id":"https:\/\/content.carib-export.com\/es\/#\/schema\/logo\/image\/"},"sameAs":["https:\/\/www.facebook.com\/CaribbeanExport","https:\/\/x.com\/CaribXport","https:\/\/www.instagram.com\/caribbeanexport","https:\/\/www.linkedin.com\/company\/caribbeanexport","https:\/\/www.youtube.com\/user\/TheCaribbeanExport"]}]}},"_links":{"self":[{"href":"https:\/\/content.carib-export.com\/es\/wp-json\/wp\/v2\/pages\/270251","targetHints":{"allow":["GET"]}}],"collection":[{"href":"https:\/\/content.carib-export.com\/es\/wp-json\/wp\/v2\/pages"}],"about":[{"href":"https:\/\/content.carib-export.com\/es\/wp-json\/wp\/v2\/types\/page"}],"author":[{"embeddable":true,"href":"https:\/\/content.carib-export.com\/es\/wp-json\/wp\/v2\/users\/9"}],"replies":[{"embeddable":true,"href":"https:\/\/content.carib-export.com\/es\/wp-json\/wp\/v2\/comments?post=270251"}],"version-history":[{"count":0,"href":"https:\/\/content.carib-export.com\/es\/wp-json\/wp\/v2\/pages\/270251\/revisions"}],"up":[{"embeddable":true,"href":"https:\/\/content.carib-export.com\/es\/wp-json\/wp\/v2\/pages\/256260"}],"wp:featuredmedia":[{"embeddable":true,"href":"https:\/\/content.carib-export.com\/es\/wp-json\/wp\/v2\/media\/270256"}],"wp:attachment":[{"href":"https:\/\/content.carib-export.com\/es\/wp-json\/wp\/v2\/media?parent=270251"}],"wp:term":[{"taxonomy":"post_tag","embeddable":true,"href":"https:\/\/content.carib-export.com\/es\/wp-json\/wp\/v2\/tags?post=270251"}],"curies":[{"name":"wp","href":"https:\/\/api.w.org\/{rel}","templated":true}]}}