{"id":270559,"date":"2014-07-19T20:52:44","date_gmt":"2014-07-20T00:52:44","guid":{"rendered":"https:\/\/content.carib-export.com\/exporters\/training\/small-business-development-centres-sbdcs\/"},"modified":"2025-02-06T13:10:22","modified_gmt":"2025-02-06T17:10:22","slug":"small-business-development-centres-sbdcs","status":"publish","type":"page","link":"https:\/\/content.carib-export.com\/es\/resources\/training\/small-business-development-centres-sbdcs\/","title":{"rendered":"Centros de Desarrollo de Peque\u00f1as Empresas (SBDC)"},"content":{"rendered":"\n<p>Los Centros de Desarrollo de Peque\u00f1as Empresas (SBDC) son la fuente central e integral de apoyo t\u00e9cnico y administrativo para las micro, peque\u00f1as y medianas empresas. Estos centros se originaron en los Estados Unidos de Am\u00e9rica, donde conforman una red colectiva (SBDCN), una matriz establecida e interconectada de centros dedicados al desarrollo general del sector privado en los Estados Unidos.<\/p>\n\n<p>La misi\u00f3n principal de estos centros es promover el crecimiento, la innovaci\u00f3n, la productividad y los ingresos de las peque\u00f1as empresas a trav\u00e9s de mejoras en su administraci\u00f3n interna.<\/p>\n\n<p>Los centros buscan realizar esta misi\u00f3n a trav\u00e9s de la utilizaci\u00f3n de ciertos servicios b\u00e1sicos:<\/p>\n\n<ul class=\"wp-block-list\"><li>Asistencia t\u00e9cnica para mejorar la eficacia de la infraestructura sistem\u00e1tica de la empresa<\/li><li>Formaci\u00f3n en grupo para mejorar la eficiencia de los recursos humanos de la empresa<\/li><li>Estudios de mercado a la medida de las necesidades del cliente<\/li><\/ul>\n\n<p>La implementaci\u00f3n exitosa de estratagemas comerciales efectivas y mejores pr\u00e1cticas dentro de estas peque\u00f1as empresas individuales, en \u00faltima instancia, se esfuerza por generar la creaci\u00f3n de nuevas oportunidades de trabajo; mayores ingresos; el fortalecimiento y diversificaci\u00f3n de la econom\u00eda del pa\u00eds; as\u00ed como la estabilidad y mayor crecimiento de los sectores econ\u00f3micos de ese pa\u00eds. Estos son los objetivos declarados de los SBDC.<\/p>\n\n<p>Los elementos clave del modelo SBDC est\u00e1n dise\u00f1ados para fomentar un entorno productivo en el que el cliente pueda obtener el m\u00e1ximo beneficio. Este modelo se basa en:<\/p>\n\n<ul class=\"wp-block-list\"><li>un enfoque en la asistencia a largo plazo<\/li><li>trabajar con m\u00faltiples clientes de peque\u00f1as empresas<\/li><li>la creaci\u00f3n de impacto econ\u00f3mico<\/li><li>una cultura orientada a resultados<\/li><\/ul>\n\n<p>Los recursos invertidos en la concreci\u00f3n de los objetivos de los SBDC provienen del sector p\u00fablico y privado, as\u00ed como del sector acad\u00e9mico de cada sociedad en la que se establecen estos centros. El \u00e9xito del proyecto depende de la adaptabilidad del modelo SBDC al entorno sociopol\u00edtico y econ\u00f3mico del pa\u00eds para obtener el m\u00e1ximo rendimiento de la inversi\u00f3n.<\/p>\n\n<p>Este modelo ahora se est\u00e1 implementando en el Caribe con el apoyo de Caribbean Export en asociaci\u00f3n con el Departamento de Desarrollo Econ\u00f3mico, Comercio y Turismo de la Organizaci\u00f3n de los Estados Americanos y la Universidad de Texas en San Antonio (UTSA). Esta iniciativa fue el resultado de las discusiones del Taller Regional \u201cPromoviendo y Mejorando la Competitividad y Productividad de las PYMES en el Caribe\u201d que se llev\u00f3 a cabo en San Diego, California, el 6 y 7 de septiembre de 2011, en el que participaron las tres partes.<\/p>\n\n<p>El Caribe ahora tiene SBDC en;<\/p>\n","protected":false},"excerpt":{"rendered":"<p>Los Centros de Desarrollo de Peque\u00f1as Empresas (SBDC) son la fuente central e integral de apoyo t\u00e9cnico y administrativo para las micro, peque\u00f1as y medianas empresas.<\/p>\n","protected":false},"author":3,"featured_media":0,"parent":256316,"menu_order":0,"comment_status":"closed","ping_status":"closed","template":"","meta":{"_acf_changed":false,"inline_featured_image":false,"footnotes":""},"tags":[],"class_list":["post-270559","page","type-page","status-publish","hentry"],"acf":[],"yoast_head":"<!-- This site is optimized with the Yoast SEO plugin v27.1.1 - https:\/\/yoast.com\/product\/yoast-seo-wordpress\/ -->\n<title>Centros de Desarrollo de Peque\u00f1as Empresas (SBDC) - nombre del Exportaci\u00f3n del Caribe<\/title>\n<meta name=\"robots\" content=\"index, follow, max-snippet:-1, max-image-preview:large, max-video-preview:-1\" \/>\n<link rel=\"canonical\" href=\"https:\/\/content.carib-export.com\/es\/resources\/training\/small-business-development-centres-sbdcs\/\" \/>\n<meta property=\"og:locale\" content=\"es_ES\" \/>\n<meta property=\"og:type\" content=\"article\" \/>\n<meta property=\"og:title\" content=\"Centros de Desarrollo de Peque\u00f1as Empresas (SBDC) - nombre del Exportaci\u00f3n del Caribe\" \/>\n<meta property=\"og:description\" content=\"Los Centros de Desarrollo de Peque\u00f1as Empresas (SBDC) son la fuente central e integral de apoyo t\u00e9cnico y administrativo para las micro, peque\u00f1as y medianas empresas.\" \/>\n<meta property=\"og:url\" content=\"https:\/\/content.carib-export.com\/es\/resources\/training\/small-business-development-centres-sbdcs\/\" \/>\n<meta property=\"og:site_name\" content=\"Exportaci\u00f3n del Caribe\" \/>\n<meta property=\"article:publisher\" content=\"https:\/\/www.facebook.com\/CaribbeanExport\" \/>\n<meta property=\"article:modified_time\" content=\"2025-02-06T17:10:22+00:00\" \/>\n<meta property=\"og:image\" content=\"https:\/\/content.carib-export.com\/wp-content\/uploads\/2019\/06\/CEDA-default-square.jpg\" \/>\n\t<meta property=\"og:image:width\" content=\"1000\" \/>\n\t<meta property=\"og:image:height\" content=\"1000\" \/>\n\t<meta property=\"og:image:type\" content=\"image\/jpeg\" \/>\n<meta name=\"twitter:card\" content=\"summary_large_image\" \/>\n<meta name=\"twitter:site\" content=\"@CaribXport\" \/>\n<meta name=\"twitter:label1\" content=\"Tiempo de lectura\" \/>\n\t<meta name=\"twitter:data1\" content=\"2 minutos\" \/>\n<script type=\"application\/ld+json\" class=\"yoast-schema-graph\">{\"@context\":\"https:\/\/schema.org\",\"@graph\":[{\"@type\":\"WebPage\",\"@id\":\"https:\/\/content.carib-export.com\/es\/resources\/training\/small-business-development-centres-sbdcs\/\",\"url\":\"https:\/\/content.carib-export.com\/es\/resources\/training\/small-business-development-centres-sbdcs\/\",\"name\":\"Centros de Desarrollo de Peque\u00f1as Empresas (SBDC) - nombre del Exportaci\u00f3n del Caribe\",\"isPartOf\":{\"@id\":\"https:\/\/content.carib-export.com\/es\/#website\"},\"datePublished\":\"2014-07-20T00:52:44+00:00\",\"dateModified\":\"2025-02-06T17:10:22+00:00\",\"breadcrumb\":{\"@id\":\"https:\/\/content.carib-export.com\/es\/resources\/training\/small-business-development-centres-sbdcs\/#breadcrumb\"},\"inLanguage\":\"es\",\"potentialAction\":[{\"@type\":\"ReadAction\",\"target\":[\"https:\/\/content.carib-export.com\/es\/resources\/training\/small-business-development-centres-sbdcs\/\"]}]},{\"@type\":\"BreadcrumbList\",\"@id\":\"https:\/\/content.carib-export.com\/es\/resources\/training\/small-business-development-centres-sbdcs\/#breadcrumb\",\"itemListElement\":[{\"@type\":\"ListItem\",\"position\":1,\"name\":\"Casa\",\"item\":\"https:\/\/content.carib-export.com\/es\/home\/\"},{\"@type\":\"ListItem\",\"position\":2,\"name\":\"Recursos\",\"item\":\"https:\/\/content.carib-export.com\/es\/resources\/\"},{\"@type\":\"ListItem\",\"position\":3,\"name\":\"Capacitaci\u00f3n\",\"item\":\"https:\/\/content.carib-export.com\/es\/resources\/training\/\"},{\"@type\":\"ListItem\",\"position\":4,\"name\":\"Centros de Desarrollo de Peque\u00f1as Empresas (SBDC)\"}]},{\"@type\":\"WebSite\",\"@id\":\"https:\/\/content.carib-export.com\/es\/#website\",\"url\":\"https:\/\/content.carib-export.com\/es\/\",\"name\":\"Exportaci\u00f3n del Caribe\",\"description\":\"La \u00fanica agencia regional de promoci\u00f3n del comercio y las inversiones en el grupo de \u00c1frica, el Caribe y el Pac\u00edfico.\",\"publisher\":{\"@id\":\"https:\/\/content.carib-export.com\/es\/#organization\"},\"potentialAction\":[{\"@type\":\"SearchAction\",\"target\":{\"@type\":\"EntryPoint\",\"urlTemplate\":\"https:\/\/content.carib-export.com\/es\/?s={search_term_string}\"},\"query-input\":{\"@type\":\"PropertyValueSpecification\",\"valueRequired\":true,\"valueName\":\"search_term_string\"}}],\"inLanguage\":\"es\"},{\"@type\":\"Organization\",\"@id\":\"https:\/\/content.carib-export.com\/es\/#organization\",\"name\":\"Agencia de Desarrollo de Exportaciones del Caribe\",\"url\":\"https:\/\/content.carib-export.com\/es\/\",\"logo\":{\"@type\":\"ImageObject\",\"inLanguage\":\"es\",\"@id\":\"https:\/\/content.carib-export.com\/es\/#\/schema\/logo\/image\/\",\"url\":\"https:\/\/content.carib-export.com\/wp-content\/uploads\/2013\/03\/CE-Logo-2013.jpg\",\"contentUrl\":\"https:\/\/content.carib-export.com\/wp-content\/uploads\/2013\/03\/CE-Logo-2013.jpg\",\"width\":1024,\"height\":244,\"caption\":\"Agencia de Desarrollo de Exportaciones del Caribe\"},\"image\":{\"@id\":\"https:\/\/content.carib-export.com\/es\/#\/schema\/logo\/image\/\"},\"sameAs\":[\"https:\/\/www.facebook.com\/CaribbeanExport\",\"https:\/\/x.com\/CaribXport\",\"https:\/\/www.instagram.com\/caribbeanexport\",\"https:\/\/www.linkedin.com\/company\/caribbeanexport\",\"https:\/\/www.youtube.com\/user\/TheCaribbeanExport\"]}]}<\/script>\n<!-- \/ Yoast SEO plugin. -->","yoast_head_json":{"title":"Centros de Desarrollo de Peque\u00f1as Empresas (SBDC) - nombre del Exportaci\u00f3n del Caribe","robots":{"index":"index","follow":"follow","max-snippet":"max-snippet:-1","max-image-preview":"max-image-preview:large","max-video-preview":"max-video-preview:-1"},"canonical":"https:\/\/content.carib-export.com\/es\/resources\/training\/small-business-development-centres-sbdcs\/","og_locale":"es_ES","og_type":"article","og_title":"Centros de Desarrollo de Peque\u00f1as Empresas (SBDC) - nombre del Exportaci\u00f3n del Caribe","og_description":"Los Centros de Desarrollo de Peque\u00f1as Empresas (SBDC) son la fuente central e integral de apoyo t\u00e9cnico y administrativo para las micro, peque\u00f1as y medianas empresas.","og_url":"https:\/\/content.carib-export.com\/es\/resources\/training\/small-business-development-centres-sbdcs\/","og_site_name":"Exportaci\u00f3n del Caribe","article_publisher":"https:\/\/www.facebook.com\/CaribbeanExport","article_modified_time":"2025-02-06T17:10:22+00:00","og_image":[{"width":1000,"height":1000,"url":"https:\/\/content.carib-export.com\/wp-content\/uploads\/2019\/06\/CEDA-default-square.jpg","type":"image\/jpeg"}],"twitter_card":"summary_large_image","twitter_site":"@CaribXport","twitter_misc":{"Tiempo de lectura":"2 minutos"},"schema":{"@context":"https:\/\/schema.org","@graph":[{"@type":"WebPage","@id":"https:\/\/content.carib-export.com\/es\/resources\/training\/small-business-development-centres-sbdcs\/","url":"https:\/\/content.carib-export.com\/es\/resources\/training\/small-business-development-centres-sbdcs\/","name":"Centros de Desarrollo de Peque\u00f1as Empresas (SBDC) - nombre del Exportaci\u00f3n del Caribe","isPartOf":{"@id":"https:\/\/content.carib-export.com\/es\/#website"},"datePublished":"2014-07-20T00:52:44+00:00","dateModified":"2025-02-06T17:10:22+00:00","breadcrumb":{"@id":"https:\/\/content.carib-export.com\/es\/resources\/training\/small-business-development-centres-sbdcs\/#breadcrumb"},"inLanguage":"es","potentialAction":[{"@type":"ReadAction","target":["https:\/\/content.carib-export.com\/es\/resources\/training\/small-business-development-centres-sbdcs\/"]}]},{"@type":"BreadcrumbList","@id":"https:\/\/content.carib-export.com\/es\/resources\/training\/small-business-development-centres-sbdcs\/#breadcrumb","itemListElement":[{"@type":"ListItem","position":1,"name":"Casa","item":"https:\/\/content.carib-export.com\/es\/home\/"},{"@type":"ListItem","position":2,"name":"Recursos","item":"https:\/\/content.carib-export.com\/es\/resources\/"},{"@type":"ListItem","position":3,"name":"Capacitaci\u00f3n","item":"https:\/\/content.carib-export.com\/es\/resources\/training\/"},{"@type":"ListItem","position":4,"name":"Centros de Desarrollo de Peque\u00f1as Empresas (SBDC)"}]},{"@type":"WebSite","@id":"https:\/\/content.carib-export.com\/es\/#website","url":"https:\/\/content.carib-export.com\/es\/","name":"Exportaci\u00f3n del Caribe","description":"La \u00fanica agencia regional de promoci\u00f3n del comercio y las inversiones en el grupo de \u00c1frica, el Caribe y el Pac\u00edfico.","publisher":{"@id":"https:\/\/content.carib-export.com\/es\/#organization"},"potentialAction":[{"@type":"SearchAction","target":{"@type":"EntryPoint","urlTemplate":"https:\/\/content.carib-export.com\/es\/?s={search_term_string}"},"query-input":{"@type":"PropertyValueSpecification","valueRequired":true,"valueName":"search_term_string"}}],"inLanguage":"es"},{"@type":"Organization","@id":"https:\/\/content.carib-export.com\/es\/#organization","name":"Agencia de Desarrollo de Exportaciones del Caribe","url":"https:\/\/content.carib-export.com\/es\/","logo":{"@type":"ImageObject","inLanguage":"es","@id":"https:\/\/content.carib-export.com\/es\/#\/schema\/logo\/image\/","url":"https:\/\/content.carib-export.com\/wp-content\/uploads\/2013\/03\/CE-Logo-2013.jpg","contentUrl":"https:\/\/content.carib-export.com\/wp-content\/uploads\/2013\/03\/CE-Logo-2013.jpg","width":1024,"height":244,"caption":"Agencia de Desarrollo de Exportaciones del Caribe"},"image":{"@id":"https:\/\/content.carib-export.com\/es\/#\/schema\/logo\/image\/"},"sameAs":["https:\/\/www.facebook.com\/CaribbeanExport","https:\/\/x.com\/CaribXport","https:\/\/www.instagram.com\/caribbeanexport","https:\/\/www.linkedin.com\/company\/caribbeanexport","https:\/\/www.youtube.com\/user\/TheCaribbeanExport"]}]}},"_links":{"self":[{"href":"https:\/\/content.carib-export.com\/es\/wp-json\/wp\/v2\/pages\/270559","targetHints":{"allow":["GET"]}}],"collection":[{"href":"https:\/\/content.carib-export.com\/es\/wp-json\/wp\/v2\/pages"}],"about":[{"href":"https:\/\/content.carib-export.com\/es\/wp-json\/wp\/v2\/types\/page"}],"author":[{"embeddable":true,"href":"https:\/\/content.carib-export.com\/es\/wp-json\/wp\/v2\/users\/3"}],"replies":[{"embeddable":true,"href":"https:\/\/content.carib-export.com\/es\/wp-json\/wp\/v2\/comments?post=270559"}],"version-history":[{"count":0,"href":"https:\/\/content.carib-export.com\/es\/wp-json\/wp\/v2\/pages\/270559\/revisions"}],"up":[{"embeddable":true,"href":"https:\/\/content.carib-export.com\/es\/wp-json\/wp\/v2\/pages\/256316"}],"wp:attachment":[{"href":"https:\/\/content.carib-export.com\/es\/wp-json\/wp\/v2\/media?parent=270559"}],"wp:term":[{"taxonomy":"post_tag","embeddable":true,"href":"https:\/\/content.carib-export.com\/es\/wp-json\/wp\/v2\/tags?post=270559"}],"curies":[{"name":"wp","href":"https:\/\/api.w.org\/{rel}","templated":true}]}}