{"id":270638,"date":"2017-05-08T11:50:05","date_gmt":"2017-05-08T15:50:05","guid":{"rendered":"https:\/\/content.carib-export.com\/exporters\/training\/services-go-global\/"},"modified":"2025-02-06T13:15:19","modified_gmt":"2025-02-06T17:15:19","slug":"services-go-global","status":"publish","type":"page","link":"https:\/\/content.carib-export.com\/es\/resources\/training\/services-go-global\/","title":{"rendered":"Los servicios se globalizan"},"content":{"rendered":"\n<p>El programa Services Go Global (SGG) se ha desarrollado para optimizar la exportaci\u00f3n de servicios de la regi\u00f3n CARIFORUM mediante el desarrollo de la capacidad de los proveedores de servicios para capitalizar las oportunidades en virtud del Acuerdo de Asociaci\u00f3n Econ\u00f3mica (EPA), el Mercado \u00danico de CARICOM (CSM) y otros terceros existentes. Acuerdos Comerciales; y establecer un cuadro de capacitadores certificados para la plataforma SGG orientados a ayudar a las PYME en el sector de servicios.<\/p>\n\n<p>La preparaci\u00f3n para la exportaci\u00f3n es el objetivo final, ya que los participantes son guiados a trav\u00e9s de una hoja de ruta de 4 etapas, que cubre 4 \u00e1reas clave:<\/p>\n\n<div style=\"height:40px\" aria-hidden=\"true\" class=\"wp-block-spacer\"><\/div>\n\n<ul class=\"wp-block-list\"><li><strong><strong>\u201cEtapa 1, Preparaci\u00f3n de su negocio\u201d,<\/strong><\/strong> que analiza la comprensi\u00f3n del comercio de servicios, la evaluaci\u00f3n de la preparaci\u00f3n para la exportaci\u00f3n y el desarrollo de un plan de exportaci\u00f3n;<\/li><li><strong><strong>\u201cEtapa 2, Realizaci\u00f3n de estudios de mercado\u201d<\/strong><\/strong> , incluida la investigaci\u00f3n de mercados, sectores y recopilaci\u00f3n de inteligencia de mercado;<\/li><li><strong><strong>\u201cEtapa 3, Desarrollo de una estrategia de marketing\u201d,<\/strong><\/strong> que incluye iniciar un plan de marketing, desarrollar una estrategia en l\u00ednea y ganar negocios; y<\/li><li><strong><strong>\u201cEtapa 4, Ingreso al Mercado\u201d<\/strong><\/strong> que revisa las opciones de ingreso al mercado, financiamiento, cobro y tambi\u00e9n contrataci\u00f3n y aspectos legales asociados a la <strong>exportaci\u00f3n de servicios.<\/strong><\/li><\/ul>\n\n<div style=\"height:40px\" aria-hidden=\"true\" class=\"wp-block-spacer\"><\/div>\n\n<p>Los programas de capacitaci\u00f3n de SGG se llevan a cabo en colaboraci\u00f3n con las BSO nacionales y se alienta a las empresas interesadas a unirse al programa en su pa\u00eds. Visite la <a href=\"https:\/\/content.carib-export.com\/events\/\">p\u00e1gina del evento<\/a> para encontrar un curso en su pa\u00eds o comun\u00edquese con Allyson Francis &#8211; Especialista en servicios en afrancis@carib-export.com<\/p>\n","protected":false},"excerpt":{"rendered":"<p>El programa Services Go Global (SGG) se ha desarrollado para optimizar la exportaci\u00f3n de servicios de la regi\u00f3n CARIFORUM mediante el desarrollo de la capacidad de los proveedores de servicios para capitalizar las oportunidades en virtud del Acuerdo de Asociaci\u00f3n Econ\u00f3mica (EPA), el Mercado \u00danico de CARICOM (CSM) y otros terceros existentes. Acuerdos Comerciales; y [&hellip;]<\/p>\n","protected":false},"author":3,"featured_media":0,"parent":256316,"menu_order":0,"comment_status":"closed","ping_status":"closed","template":"","meta":{"_acf_changed":false,"inline_featured_image":false,"footnotes":""},"tags":[11090,12916],"class_list":["post-270638","page","type-page","status-publish","hentry","tag-services-go-global-es","tag-sgg-es"],"acf":[],"yoast_head":"<!-- This site is optimized with the Yoast SEO plugin v27.1.1 - https:\/\/yoast.com\/product\/yoast-seo-wordpress\/ -->\n<title>Los servicios se globalizan - nombre del Exportaci\u00f3n del Caribe<\/title>\n<meta name=\"robots\" content=\"index, follow, max-snippet:-1, max-image-preview:large, max-video-preview:-1\" \/>\n<link rel=\"canonical\" href=\"https:\/\/content.carib-export.com\/es\/resources\/training\/services-go-global\/\" \/>\n<meta property=\"og:locale\" content=\"es_ES\" \/>\n<meta property=\"og:type\" content=\"article\" \/>\n<meta property=\"og:title\" content=\"Los servicios se globalizan - nombre del Exportaci\u00f3n del Caribe\" \/>\n<meta property=\"og:description\" content=\"El programa Services Go Global (SGG) se ha desarrollado para optimizar la exportaci\u00f3n de servicios de la regi\u00f3n CARIFORUM mediante el desarrollo de la capacidad de los proveedores de servicios para capitalizar las oportunidades en virtud del Acuerdo de Asociaci\u00f3n Econ\u00f3mica (EPA), el Mercado \u00danico de CARICOM (CSM) y otros terceros existentes. Acuerdos Comerciales; y [&hellip;]\" \/>\n<meta property=\"og:url\" content=\"https:\/\/content.carib-export.com\/es\/resources\/training\/services-go-global\/\" \/>\n<meta property=\"og:site_name\" content=\"Exportaci\u00f3n del Caribe\" \/>\n<meta property=\"article:publisher\" content=\"https:\/\/www.facebook.com\/CaribbeanExport\" \/>\n<meta property=\"article:modified_time\" content=\"2025-02-06T17:15:19+00:00\" \/>\n<meta property=\"og:image\" content=\"https:\/\/content.carib-export.com\/wp-content\/uploads\/2019\/06\/CEDA-default-square.jpg\" \/>\n\t<meta property=\"og:image:width\" content=\"1000\" \/>\n\t<meta property=\"og:image:height\" content=\"1000\" \/>\n\t<meta property=\"og:image:type\" content=\"image\/jpeg\" \/>\n<meta name=\"twitter:card\" content=\"summary_large_image\" \/>\n<meta name=\"twitter:site\" content=\"@CaribXport\" \/>\n<meta name=\"twitter:label1\" content=\"Tiempo de lectura\" \/>\n\t<meta name=\"twitter:data1\" content=\"1 minuto\" \/>\n<script type=\"application\/ld+json\" class=\"yoast-schema-graph\">{\"@context\":\"https:\/\/schema.org\",\"@graph\":[{\"@type\":\"WebPage\",\"@id\":\"https:\/\/content.carib-export.com\/es\/resources\/training\/services-go-global\/\",\"url\":\"https:\/\/content.carib-export.com\/es\/resources\/training\/services-go-global\/\",\"name\":\"Los servicios se globalizan - nombre del Exportaci\u00f3n del Caribe\",\"isPartOf\":{\"@id\":\"https:\/\/content.carib-export.com\/es\/#website\"},\"datePublished\":\"2017-05-08T15:50:05+00:00\",\"dateModified\":\"2025-02-06T17:15:19+00:00\",\"breadcrumb\":{\"@id\":\"https:\/\/content.carib-export.com\/es\/resources\/training\/services-go-global\/#breadcrumb\"},\"inLanguage\":\"es\",\"potentialAction\":[{\"@type\":\"ReadAction\",\"target\":[\"https:\/\/content.carib-export.com\/es\/resources\/training\/services-go-global\/\"]}]},{\"@type\":\"BreadcrumbList\",\"@id\":\"https:\/\/content.carib-export.com\/es\/resources\/training\/services-go-global\/#breadcrumb\",\"itemListElement\":[{\"@type\":\"ListItem\",\"position\":1,\"name\":\"Casa\",\"item\":\"https:\/\/content.carib-export.com\/es\/home\/\"},{\"@type\":\"ListItem\",\"position\":2,\"name\":\"Recursos\",\"item\":\"https:\/\/content.carib-export.com\/es\/resources\/\"},{\"@type\":\"ListItem\",\"position\":3,\"name\":\"Capacitaci\u00f3n\",\"item\":\"https:\/\/content.carib-export.com\/es\/resources\/training\/\"},{\"@type\":\"ListItem\",\"position\":4,\"name\":\"Los servicios se globalizan\"}]},{\"@type\":\"WebSite\",\"@id\":\"https:\/\/content.carib-export.com\/es\/#website\",\"url\":\"https:\/\/content.carib-export.com\/es\/\",\"name\":\"Exportaci\u00f3n del Caribe\",\"description\":\"La \u00fanica agencia regional de promoci\u00f3n del comercio y las inversiones en el grupo de \u00c1frica, el Caribe y el Pac\u00edfico.\",\"publisher\":{\"@id\":\"https:\/\/content.carib-export.com\/es\/#organization\"},\"potentialAction\":[{\"@type\":\"SearchAction\",\"target\":{\"@type\":\"EntryPoint\",\"urlTemplate\":\"https:\/\/content.carib-export.com\/es\/?s={search_term_string}\"},\"query-input\":{\"@type\":\"PropertyValueSpecification\",\"valueRequired\":true,\"valueName\":\"search_term_string\"}}],\"inLanguage\":\"es\"},{\"@type\":\"Organization\",\"@id\":\"https:\/\/content.carib-export.com\/es\/#organization\",\"name\":\"Agencia de Desarrollo de Exportaciones del Caribe\",\"url\":\"https:\/\/content.carib-export.com\/es\/\",\"logo\":{\"@type\":\"ImageObject\",\"inLanguage\":\"es\",\"@id\":\"https:\/\/content.carib-export.com\/es\/#\/schema\/logo\/image\/\",\"url\":\"https:\/\/content.carib-export.com\/wp-content\/uploads\/2013\/03\/CE-Logo-2013.jpg\",\"contentUrl\":\"https:\/\/content.carib-export.com\/wp-content\/uploads\/2013\/03\/CE-Logo-2013.jpg\",\"width\":1024,\"height\":244,\"caption\":\"Agencia de Desarrollo de Exportaciones del Caribe\"},\"image\":{\"@id\":\"https:\/\/content.carib-export.com\/es\/#\/schema\/logo\/image\/\"},\"sameAs\":[\"https:\/\/www.facebook.com\/CaribbeanExport\",\"https:\/\/x.com\/CaribXport\",\"https:\/\/www.instagram.com\/caribbeanexport\",\"https:\/\/www.linkedin.com\/company\/caribbeanexport\",\"https:\/\/www.youtube.com\/user\/TheCaribbeanExport\"]}]}<\/script>\n<!-- \/ Yoast SEO plugin. -->","yoast_head_json":{"title":"Los servicios se globalizan - nombre del Exportaci\u00f3n del Caribe","robots":{"index":"index","follow":"follow","max-snippet":"max-snippet:-1","max-image-preview":"max-image-preview:large","max-video-preview":"max-video-preview:-1"},"canonical":"https:\/\/content.carib-export.com\/es\/resources\/training\/services-go-global\/","og_locale":"es_ES","og_type":"article","og_title":"Los servicios se globalizan - nombre del Exportaci\u00f3n del Caribe","og_description":"El programa Services Go Global (SGG) se ha desarrollado para optimizar la exportaci\u00f3n de servicios de la regi\u00f3n CARIFORUM mediante el desarrollo de la capacidad de los proveedores de servicios para capitalizar las oportunidades en virtud del Acuerdo de Asociaci\u00f3n Econ\u00f3mica (EPA), el Mercado \u00danico de CARICOM (CSM) y otros terceros existentes. Acuerdos Comerciales; y [&hellip;]","og_url":"https:\/\/content.carib-export.com\/es\/resources\/training\/services-go-global\/","og_site_name":"Exportaci\u00f3n del Caribe","article_publisher":"https:\/\/www.facebook.com\/CaribbeanExport","article_modified_time":"2025-02-06T17:15:19+00:00","og_image":[{"width":1000,"height":1000,"url":"https:\/\/content.carib-export.com\/wp-content\/uploads\/2019\/06\/CEDA-default-square.jpg","type":"image\/jpeg"}],"twitter_card":"summary_large_image","twitter_site":"@CaribXport","twitter_misc":{"Tiempo de lectura":"1 minuto"},"schema":{"@context":"https:\/\/schema.org","@graph":[{"@type":"WebPage","@id":"https:\/\/content.carib-export.com\/es\/resources\/training\/services-go-global\/","url":"https:\/\/content.carib-export.com\/es\/resources\/training\/services-go-global\/","name":"Los servicios se globalizan - nombre del Exportaci\u00f3n del Caribe","isPartOf":{"@id":"https:\/\/content.carib-export.com\/es\/#website"},"datePublished":"2017-05-08T15:50:05+00:00","dateModified":"2025-02-06T17:15:19+00:00","breadcrumb":{"@id":"https:\/\/content.carib-export.com\/es\/resources\/training\/services-go-global\/#breadcrumb"},"inLanguage":"es","potentialAction":[{"@type":"ReadAction","target":["https:\/\/content.carib-export.com\/es\/resources\/training\/services-go-global\/"]}]},{"@type":"BreadcrumbList","@id":"https:\/\/content.carib-export.com\/es\/resources\/training\/services-go-global\/#breadcrumb","itemListElement":[{"@type":"ListItem","position":1,"name":"Casa","item":"https:\/\/content.carib-export.com\/es\/home\/"},{"@type":"ListItem","position":2,"name":"Recursos","item":"https:\/\/content.carib-export.com\/es\/resources\/"},{"@type":"ListItem","position":3,"name":"Capacitaci\u00f3n","item":"https:\/\/content.carib-export.com\/es\/resources\/training\/"},{"@type":"ListItem","position":4,"name":"Los servicios se globalizan"}]},{"@type":"WebSite","@id":"https:\/\/content.carib-export.com\/es\/#website","url":"https:\/\/content.carib-export.com\/es\/","name":"Exportaci\u00f3n del Caribe","description":"La \u00fanica agencia regional de promoci\u00f3n del comercio y las inversiones en el grupo de \u00c1frica, el Caribe y el Pac\u00edfico.","publisher":{"@id":"https:\/\/content.carib-export.com\/es\/#organization"},"potentialAction":[{"@type":"SearchAction","target":{"@type":"EntryPoint","urlTemplate":"https:\/\/content.carib-export.com\/es\/?s={search_term_string}"},"query-input":{"@type":"PropertyValueSpecification","valueRequired":true,"valueName":"search_term_string"}}],"inLanguage":"es"},{"@type":"Organization","@id":"https:\/\/content.carib-export.com\/es\/#organization","name":"Agencia de Desarrollo de Exportaciones del Caribe","url":"https:\/\/content.carib-export.com\/es\/","logo":{"@type":"ImageObject","inLanguage":"es","@id":"https:\/\/content.carib-export.com\/es\/#\/schema\/logo\/image\/","url":"https:\/\/content.carib-export.com\/wp-content\/uploads\/2013\/03\/CE-Logo-2013.jpg","contentUrl":"https:\/\/content.carib-export.com\/wp-content\/uploads\/2013\/03\/CE-Logo-2013.jpg","width":1024,"height":244,"caption":"Agencia de Desarrollo de Exportaciones del Caribe"},"image":{"@id":"https:\/\/content.carib-export.com\/es\/#\/schema\/logo\/image\/"},"sameAs":["https:\/\/www.facebook.com\/CaribbeanExport","https:\/\/x.com\/CaribXport","https:\/\/www.instagram.com\/caribbeanexport","https:\/\/www.linkedin.com\/company\/caribbeanexport","https:\/\/www.youtube.com\/user\/TheCaribbeanExport"]}]}},"_links":{"self":[{"href":"https:\/\/content.carib-export.com\/es\/wp-json\/wp\/v2\/pages\/270638","targetHints":{"allow":["GET"]}}],"collection":[{"href":"https:\/\/content.carib-export.com\/es\/wp-json\/wp\/v2\/pages"}],"about":[{"href":"https:\/\/content.carib-export.com\/es\/wp-json\/wp\/v2\/types\/page"}],"author":[{"embeddable":true,"href":"https:\/\/content.carib-export.com\/es\/wp-json\/wp\/v2\/users\/3"}],"replies":[{"embeddable":true,"href":"https:\/\/content.carib-export.com\/es\/wp-json\/wp\/v2\/comments?post=270638"}],"version-history":[{"count":0,"href":"https:\/\/content.carib-export.com\/es\/wp-json\/wp\/v2\/pages\/270638\/revisions"}],"up":[{"embeddable":true,"href":"https:\/\/content.carib-export.com\/es\/wp-json\/wp\/v2\/pages\/256316"}],"wp:attachment":[{"href":"https:\/\/content.carib-export.com\/es\/wp-json\/wp\/v2\/media?parent=270638"}],"wp:term":[{"taxonomy":"post_tag","embeddable":true,"href":"https:\/\/content.carib-export.com\/es\/wp-json\/wp\/v2\/tags?post=270638"}],"curies":[{"name":"wp","href":"https:\/\/api.w.org\/{rel}","templated":true}]}}