{"id":270691,"date":"2012-12-06T15:25:44","date_gmt":"2012-12-06T19:25:44","guid":{"rendered":"https:\/\/content.carib-export.com\/exporters\/training\/export-training\/"},"modified":"2025-02-06T13:17:40","modified_gmt":"2025-02-06T17:17:40","slug":"export-training","status":"publish","type":"page","link":"https:\/\/content.carib-export.com\/es\/resources\/training\/export-training\/","title":{"rendered":"Capacitaci\u00f3n ProNET"},"content":{"rendered":"\n<p>Caribbean Export, en asociaci\u00f3n con Deutsche Gesellschaft f\u00fcr Internationale Zusammenarbeit (GIZ), ofrece capacitaci\u00f3n ProNET a peque\u00f1as y medianas empresas (PYME). Trabajando junto con las Organizaciones de Apoyo Empresarial (BSO) locales, estos programas de capacitaci\u00f3n est\u00e1n dise\u00f1ados para brindar fortalecimiento institucional y capacitaci\u00f3n en comercializaci\u00f3n de exportaciones al sector de las PYME, mejorando as\u00ed sus habilidades comerciales b\u00e1sicas y al mismo tiempo aumentando su productividad y competitividad. El objetivo final de estas capacitaciones es preparar a las empresas regionales para exportar y posicionarlas para aprovechar las oportunidades disponibles en virtud del Acuerdo de Asociaci\u00f3n Econ\u00f3mica (EPA).<\/p>\n\n<h2 class=\"wp-block-heading\">ProNET: un programa de formaci\u00f3n en gesti\u00f3n empresarial para peque\u00f1as y medianas empresas<\/h2>\n\n<p>ProNet es un programa de capacitaci\u00f3n para propietarios de PYMES que desean hacer crecer su negocio y ser m\u00e1s competitivos. Las pymes se definen como empresas con m\u00e1s de 5 pero menos de 25 empleados. El programa est\u00e1 dise\u00f1ado actualmente para empresas manufactureras, con planes de expandirse a empresas en el sector de servicios.<\/p>\n\n<h2 class=\"wp-block-heading\">M\u00f3dulos ProNET y Entrenadores Certificados<\/h2>\n\n<figure class=\"wp-block-flexible-table-block-table is-scroll-on-mobile is-style-default\"><table class=\"has-fixed-layout\" style=\"border-collapse:collapse;width:100%;border-width:0\"><thead><tr><th style=\"border-style:solid;border-color:#abb8c3;text-align:left;vertical-align:top\">Module<\/th><th style=\"border-style:solid;vertical-align:top;text-align:left;border-color:#abb8c3\">Trainer<\/th><th style=\"text-align:left;vertical-align:top;border-color:#abb8c3;border-style:solid\">Country<\/th><\/tr><\/thead><tbody><tr><td rowspan=\"5\" style=\"border-style:solid;text-align:left;vertical-align:top;border-color:#abb8c3\">1- Business Strategy<\/td><td style=\"text-align:left;border-style:solid;border-color:#abb8c3\">Colin Porter<\/td><td style=\"text-align:left;vertical-align:top;border-color:#abb8c3;border-style:solid\">Jamaica<\/td><\/tr><tr><td style=\"text-align:left;border-style:solid;border-color:#abb8c3\">Maxine Harris<\/td><td style=\"text-align:left;vertical-align:top;border-color:#abb8c3;border-style:solid\">Jamaica<\/td><\/tr><tr><td style=\"text-align:left;border-style:solid;border-color:#abb8c3\">Kamesha Turner<\/td><td style=\"text-align:left;vertical-align:top;border-color:#abb8c3;border-style:solid\">Jamaica<\/td><\/tr><tr><td style=\"text-align:left;border-style:solid;border-color:#abb8c3\">Ramesh Ramdeen<\/td><td style=\"text-align:left;vertical-align:top;border-color:#abb8c3;border-style:solid\">Trinidad<\/td><\/tr><tr><td style=\"text-align:left;border-style:solid;border-color:#abb8c3\">Joy Francis<\/td><td style=\"text-align:left;vertical-align:top;border-radius:10px;border-color:#abb8c3;border-style:solid\">Trinidad<\/td><\/tr><tr><td rowspan=\"3\" style=\"text-align:left;vertical-align:top;border-color:#abb8c3;border-style:solid\">2-Quality Management<\/td><td style=\"text-align:left;vertical-align:top;border-color:#abb8c3;border-style:solid\">Nsombi Jaja<\/td><td style=\"text-align:left;vertical-align:top;border-color:#abb8c3;border-style:solid\">Jamaica<\/td><\/tr><tr><td style=\"text-align:left;border-color:#abb8c3;border-style:solid\">Cheryl Collymore<\/td><td style=\"text-align:left;vertical-align:top;border-color:#abb8c3;border-style:solid\">Barbados<\/td><\/tr><tr><td style=\"text-align:left;border-color:#abb8c3;border-style:solid\">Sheryl Mullings<\/td><td style=\"text-align:left;vertical-align:top;border-color:#abb8c3;border-style:solid\">Jamaica<\/td><\/tr><tr><td rowspan=\"2\" style=\"text-align:left;vertical-align:top;border-style:solid;border-color:#abb8c3\">3-Production Management<br><br><\/td><td style=\"text-align:left;vertical-align:top;border-style:solid;border-color:#abb8c3\">Donald Demeritte<\/td><td style=\"text-align:left;vertical-align:top;border-color:#abb8c3;border-style:solid\">Bahamas<\/td><\/tr><tr><td style=\"text-align:left;vertical-align:top;border-color:#abb8c3;border-style:solid\">Wilma Dandel<\/td><td style=\"text-align:left;vertical-align:top;border-color:#abb8c3;border-style:solid\">Bahamas<\/td><\/tr><tr><td rowspan=\"3\" style=\"text-align:left;vertical-align:top;border-style:solid;border-color:#abb8c3\">4-Resources Management<\/td><td style=\"border-style:solid;border-color:#abb8c3\">Paula Calderon<\/td><td style=\"border-color:#abb8c3;border-style:solid\">St. Lucia<\/td><\/tr><tr><td style=\"border-style:solid;text-align:left;vertical-align:top;border-color:#abb8c3\">Nsombi Jaja<\/td><td style=\"text-align:left;vertical-align:top;border-color:#abb8c3;border-style:solid\">Jamaica<\/td><\/tr><tr><td style=\"text-align:left;vertical-align:top;border-color:#abb8c3;border-style:solid\">Cheryl Collymore<\/td><td style=\"text-align:left;vertical-align:top;border-color:#abb8c3;border-style:solid\">Barbados<\/td><\/tr><tr><td rowspan=\"2\" style=\"text-align:left;vertical-align:top;border-style:solid;border-color:#abb8c3\">5-Product Development<\/td><td style=\"text-align:left;border-style:solid;border-color:#abb8c3\">Ramesh Ramdeen<\/td><td style=\"text-align:left;vertical-align:top;border-color:#abb8c3;border-style:solid\">Trinidad<\/td><\/tr><tr><td style=\"border-style:solid;border-color:#abb8c3;text-align:left;vertical-align:top\">Joy Francis<\/td><td style=\"border-color:#abb8c3;text-align:left;vertical-align:top;border-style:solid\">Trinidad<\/td><\/tr><tr><td rowspan=\"4\" style=\"border-style:solid;border-color:#abb8c3;text-align:left;vertical-align:top\">6-Information and Knowledge Management<\/td><td style=\"border-style:solid;border-color:#abb8c3;text-align:left;vertical-align:top\">Cosbert Manchester<\/td><td style=\"border-color:#abb8c3;text-align:left;vertical-align:top;border-style:solid\">St. Kitts and Nevis<\/td><\/tr><tr><td style=\"border-style:solid;border-color:#abb8c3;text-align:left;vertical-align:top\">Tonya Cargill-Adderly<\/td><td style=\"border-color:#abb8c3;text-align:left;vertical-align:top;border-style:solid\">Bahamas<\/td><\/tr><tr><td style=\"border-style:solid;border-color:#abb8c3;text-align:left;vertical-align:top\">Nsombi Jaja<\/td><td style=\"border-color:#abb8c3;text-align:left;vertical-align:top;border-style:solid\">Jamaica<\/td><\/tr><tr><td style=\"border-style:solid;border-color:#abb8c3;text-align:left;vertical-align:top\">Valda Henry<\/td><td style=\"border-color:#abb8c3;text-align:left;vertical-align:top;border-style:solid\">Dominica<\/td><\/tr><tr><td rowspan=\"3\" style=\"border-style:solid;border-color:#abb8c3;text-align:left;vertical-align:top\">7-HR Management<\/td><td style=\"border-style:solid;border-color:#abb8c3;text-align:left;vertical-align:top\">Beverly Burke<\/td><td style=\"border-color:#abb8c3;text-align:left;vertical-align:top;border-style:solid\">Belize<\/td><\/tr><tr><td style=\"border-style:solid;border-color:#abb8c3;text-align:left;vertical-align:top\">Colin Porter<\/td><td style=\"border-color:#abb8c3;text-align:left;vertical-align:top;border-style:solid\">Jamaica<\/td><\/tr><tr><td style=\"border-style:solid;border-color:#abb8c3;text-align:left;vertical-align:top\">Maxine Harris<\/td><td style=\"border-color:#abb8c3;text-align:left;vertical-align:top;border-style:solid\">Jamaica<\/td><\/tr><tr><td rowspan=\"5\" style=\"border-style:solid;border-color:#abb8c3;text-align:left;vertical-align:top\">8-Cost and Financial Management<\/td><td style=\"border-style:solid;border-color:#abb8c3;text-align:left;vertical-align:top\">Donald Demeritte<\/td><td style=\"border-color:#abb8c3;text-align:left;vertical-align:top;border-style:solid\">Bahamas<\/td><\/tr><tr><td style=\"border-style:solid;border-color:#abb8c3;text-align:left;vertical-align:top\">Beverly Burke<\/td><td style=\"border-color:#abb8c3;text-align:left;vertical-align:top;border-style:solid\">Belize<\/td><\/tr><tr><td style=\"border-style:solid;border-color:#abb8c3;text-align:left;vertical-align:top\">Colin Porter<\/td><td style=\"border-color:#abb8c3;text-align:left;vertical-align:top;border-style:solid\">Jamaica<\/td><\/tr><tr><td style=\"border-style:solid;border-color:#abb8c3\">Kamesha Turner<\/td><td style=\"border-color:#abb8c3;border-style:solid\">Jamaica<\/td><\/tr><tr><td style=\"border-style:solid;text-align:left;vertical-align:top;border-color:#abb8c3\">Wilma Dandel<\/td><td style=\"text-align:left;vertical-align:top;border-color:#abb8c3;border-style:solid\">Suriname<\/td><\/tr><tr><td rowspan=\"14\" style=\"border-style:solid;border-color:#abb8c3;text-align:left;vertical-align:top\">9-Export Marketing<\/td><td style=\"border-style:solid;border-color:#abb8c3;text-align:left;vertical-align:top\">Donald Demeritte<\/td><td style=\"border-color:#abb8c3;text-align:left;vertical-align:top;border-style:solid\">Bahamas<\/td><\/tr><tr><td style=\"text-align:left;vertical-align:top;border-style:solid;border-color:#abb8c3\">Beverly Burke<\/td><td style=\"text-align:left;vertical-align:top;border-color:#abb8c3;border-style:solid\">Belize<\/td><\/tr><tr><td style=\"border-color:#abb8c3;border-style:solid\">Gail Defoe<\/td><td style=\"border-color:#abb8c3;border-style:solid\">Dominica<\/td><\/tr><tr><td style=\"border-style:solid;border-color:#abb8c3;text-align:left;vertical-align:top\">Shameilla Moses<\/td><td style=\"border-color:#abb8c3;text-align:left;vertical-align:top;border-style:solid\">Grenada<\/td><\/tr><tr><td style=\"border-style:solid;border-color:#abb8c3;text-align:left;vertical-align:top\">Colin Porter<\/td><td style=\"border-color:#abb8c3;text-align:left;vertical-align:top;border-style:solid\">Jamaica<\/td><\/tr><tr><td style=\"border-style:solid;border-color:#abb8c3;text-align:left;vertical-align:top\">Camille Beckford-Scott<\/td><td style=\"border-color:#abb8c3;text-align:left;vertical-align:top;border-style:solid\">Jamaica<\/td><\/tr><tr><td style=\"border-style:solid;border-color:#abb8c3;text-align:left;vertical-align:top\">Maxine Harris<\/td><td style=\"border-color:#abb8c3;text-align:left;vertical-align:top;border-style:solid\">Jamaica<\/td><\/tr><tr><td style=\"border-style:solid;border-color:#abb8c3;text-align:left;vertical-align:top\">Junia Belizaire<\/td><td style=\"border-color:#abb8c3;text-align:left;vertical-align:top;border-style:solid\">St. Lucia<\/td><\/tr><tr><td style=\"border-style:solid;border-color:#abb8c3;text-align:left;vertical-align:top\">Renee de Myers<\/td><td style=\"border-color:#abb8c3;text-align:left;vertical-align:top;border-style:solid\">St. Luci<\/td><\/tr><tr><td style=\"border-style:solid;border-color:#abb8c3;text-align:left;vertical-align:top\">Wilma Dandel<\/td><td style=\"border-color:#abb8c3;text-align:left;vertical-align:top;border-style:solid\">Suriname<\/td><\/tr><tr><td style=\"border-style:solid;border-color:#abb8c3;text-align:left;vertical-align:top\">Ramesh Ramdeen<\/td><td style=\"border-color:#abb8c3;text-align:left;vertical-align:top;border-style:solid\">Trinidad<\/td><\/tr><tr><td style=\"border-style:solid;border-color:#abb8c3;text-align:left;vertical-align:top\">Elka Scheker<\/td><td style=\"border-color:#abb8c3;text-align:left;vertical-align:top;border-style:solid\">Dominican Republic<\/td><\/tr><tr><td style=\"text-align:left;vertical-align:top;border-color:#abb8c3;border-style:solid\">Glady Pimentel<\/td><td style=\"text-align:left;vertical-align:top;border-color:#abb8c3;border-style:solid\">Dominican Republic<\/td><\/tr><tr><td style=\"border-style:solid;border-color:#abb8c3;text-align:left;vertical-align:top\">Milagros Puello<\/td><td style=\"border-color:#abb8c3;text-align:left;vertical-align:top;border-style:solid\">Dominican Republic<\/td><\/tr><\/tbody><\/table><\/figure>\n\n<div style=\"height:40px\" aria-hidden=\"true\" class=\"wp-block-spacer\"><\/div>\n\n<p>Para obtener m\u00e1s informaci\u00f3n sobre este programa, comun\u00edquese con Natasha Edwin-Walcott de Caribbean Export tel: +1 246 436 0578; correo electr\u00f3nico: <a href=\"mailto:nwalcott@carib-export.com\">nwalcott@carib-export.com<\/a><\/p>\n","protected":false},"excerpt":{"rendered":"<p>Caribbean Export, en asociaci\u00f3n con Deutsche Gesellschaft f\u00fcr Internationale Zusammenarbeit (GIZ), ofrece capacitaci\u00f3n ProNET a peque\u00f1as y medianas empresas (PYME).<\/p>\n","protected":false},"author":3,"featured_media":0,"parent":256316,"menu_order":0,"comment_status":"closed","ping_status":"closed","template":"","meta":{"_acf_changed":false,"inline_featured_image":false,"footnotes":""},"tags":[],"class_list":["post-270691","page","type-page","status-publish","hentry"],"acf":[],"yoast_head":"<!-- This site is optimized with the Yoast SEO plugin v27.1.1 - https:\/\/yoast.com\/product\/yoast-seo-wordpress\/ -->\n<title>Capacitaci\u00f3n ProNET - nombre del Exportaci\u00f3n del Caribe<\/title>\n<meta name=\"robots\" content=\"index, follow, max-snippet:-1, max-image-preview:large, max-video-preview:-1\" \/>\n<link rel=\"canonical\" href=\"https:\/\/content.carib-export.com\/es\/resources\/training\/export-training\/\" \/>\n<meta property=\"og:locale\" content=\"es_ES\" \/>\n<meta property=\"og:type\" content=\"article\" \/>\n<meta property=\"og:title\" content=\"Capacitaci\u00f3n ProNET - nombre del Exportaci\u00f3n del Caribe\" \/>\n<meta property=\"og:description\" content=\"Caribbean Export, en asociaci\u00f3n con Deutsche Gesellschaft f\u00fcr Internationale Zusammenarbeit (GIZ), ofrece capacitaci\u00f3n ProNET a peque\u00f1as y medianas empresas (PYME).\" \/>\n<meta property=\"og:url\" content=\"https:\/\/content.carib-export.com\/es\/resources\/training\/export-training\/\" \/>\n<meta property=\"og:site_name\" content=\"Exportaci\u00f3n del Caribe\" \/>\n<meta property=\"article:publisher\" content=\"https:\/\/www.facebook.com\/CaribbeanExport\" \/>\n<meta property=\"article:modified_time\" content=\"2025-02-06T17:17:40+00:00\" \/>\n<meta property=\"og:image\" content=\"https:\/\/content.carib-export.com\/wp-content\/uploads\/2019\/06\/CEDA-default-square.jpg\" \/>\n\t<meta property=\"og:image:width\" content=\"1000\" \/>\n\t<meta property=\"og:image:height\" content=\"1000\" \/>\n\t<meta property=\"og:image:type\" content=\"image\/jpeg\" \/>\n<meta name=\"twitter:card\" content=\"summary_large_image\" \/>\n<meta name=\"twitter:site\" content=\"@CaribXport\" \/>\n<meta name=\"twitter:label1\" content=\"Tiempo de lectura\" \/>\n\t<meta name=\"twitter:data1\" content=\"1 minuto\" \/>\n<script type=\"application\/ld+json\" class=\"yoast-schema-graph\">{\"@context\":\"https:\/\/schema.org\",\"@graph\":[{\"@type\":\"WebPage\",\"@id\":\"https:\/\/content.carib-export.com\/es\/resources\/training\/export-training\/\",\"url\":\"https:\/\/content.carib-export.com\/es\/resources\/training\/export-training\/\",\"name\":\"Capacitaci\u00f3n ProNET - nombre del Exportaci\u00f3n del Caribe\",\"isPartOf\":{\"@id\":\"https:\/\/content.carib-export.com\/es\/#website\"},\"datePublished\":\"2012-12-06T19:25:44+00:00\",\"dateModified\":\"2025-02-06T17:17:40+00:00\",\"breadcrumb\":{\"@id\":\"https:\/\/content.carib-export.com\/es\/resources\/training\/export-training\/#breadcrumb\"},\"inLanguage\":\"es\",\"potentialAction\":[{\"@type\":\"ReadAction\",\"target\":[\"https:\/\/content.carib-export.com\/es\/resources\/training\/export-training\/\"]}]},{\"@type\":\"BreadcrumbList\",\"@id\":\"https:\/\/content.carib-export.com\/es\/resources\/training\/export-training\/#breadcrumb\",\"itemListElement\":[{\"@type\":\"ListItem\",\"position\":1,\"name\":\"Casa\",\"item\":\"https:\/\/content.carib-export.com\/es\/home\/\"},{\"@type\":\"ListItem\",\"position\":2,\"name\":\"Recursos\",\"item\":\"https:\/\/content.carib-export.com\/es\/resources\/\"},{\"@type\":\"ListItem\",\"position\":3,\"name\":\"Capacitaci\u00f3n\",\"item\":\"https:\/\/content.carib-export.com\/es\/resources\/training\/\"},{\"@type\":\"ListItem\",\"position\":4,\"name\":\"Capacitaci\u00f3n ProNET\"}]},{\"@type\":\"WebSite\",\"@id\":\"https:\/\/content.carib-export.com\/es\/#website\",\"url\":\"https:\/\/content.carib-export.com\/es\/\",\"name\":\"Exportaci\u00f3n del Caribe\",\"description\":\"La \u00fanica agencia regional de promoci\u00f3n del comercio y las inversiones en el grupo de \u00c1frica, el Caribe y el Pac\u00edfico.\",\"publisher\":{\"@id\":\"https:\/\/content.carib-export.com\/es\/#organization\"},\"potentialAction\":[{\"@type\":\"SearchAction\",\"target\":{\"@type\":\"EntryPoint\",\"urlTemplate\":\"https:\/\/content.carib-export.com\/es\/?s={search_term_string}\"},\"query-input\":{\"@type\":\"PropertyValueSpecification\",\"valueRequired\":true,\"valueName\":\"search_term_string\"}}],\"inLanguage\":\"es\"},{\"@type\":\"Organization\",\"@id\":\"https:\/\/content.carib-export.com\/es\/#organization\",\"name\":\"Agencia de Desarrollo de Exportaciones del Caribe\",\"url\":\"https:\/\/content.carib-export.com\/es\/\",\"logo\":{\"@type\":\"ImageObject\",\"inLanguage\":\"es\",\"@id\":\"https:\/\/content.carib-export.com\/es\/#\/schema\/logo\/image\/\",\"url\":\"https:\/\/content.carib-export.com\/wp-content\/uploads\/2013\/03\/CE-Logo-2013.jpg\",\"contentUrl\":\"https:\/\/content.carib-export.com\/wp-content\/uploads\/2013\/03\/CE-Logo-2013.jpg\",\"width\":1024,\"height\":244,\"caption\":\"Agencia de Desarrollo de Exportaciones del Caribe\"},\"image\":{\"@id\":\"https:\/\/content.carib-export.com\/es\/#\/schema\/logo\/image\/\"},\"sameAs\":[\"https:\/\/www.facebook.com\/CaribbeanExport\",\"https:\/\/x.com\/CaribXport\",\"https:\/\/www.instagram.com\/caribbeanexport\",\"https:\/\/www.linkedin.com\/company\/caribbeanexport\",\"https:\/\/www.youtube.com\/user\/TheCaribbeanExport\"]}]}<\/script>\n<!-- \/ Yoast SEO plugin. -->","yoast_head_json":{"title":"Capacitaci\u00f3n ProNET - nombre del Exportaci\u00f3n del Caribe","robots":{"index":"index","follow":"follow","max-snippet":"max-snippet:-1","max-image-preview":"max-image-preview:large","max-video-preview":"max-video-preview:-1"},"canonical":"https:\/\/content.carib-export.com\/es\/resources\/training\/export-training\/","og_locale":"es_ES","og_type":"article","og_title":"Capacitaci\u00f3n ProNET - nombre del Exportaci\u00f3n del Caribe","og_description":"Caribbean Export, en asociaci\u00f3n con Deutsche Gesellschaft f\u00fcr Internationale Zusammenarbeit (GIZ), ofrece capacitaci\u00f3n ProNET a peque\u00f1as y medianas empresas (PYME).","og_url":"https:\/\/content.carib-export.com\/es\/resources\/training\/export-training\/","og_site_name":"Exportaci\u00f3n del Caribe","article_publisher":"https:\/\/www.facebook.com\/CaribbeanExport","article_modified_time":"2025-02-06T17:17:40+00:00","og_image":[{"width":1000,"height":1000,"url":"https:\/\/content.carib-export.com\/wp-content\/uploads\/2019\/06\/CEDA-default-square.jpg","type":"image\/jpeg"}],"twitter_card":"summary_large_image","twitter_site":"@CaribXport","twitter_misc":{"Tiempo de lectura":"1 minuto"},"schema":{"@context":"https:\/\/schema.org","@graph":[{"@type":"WebPage","@id":"https:\/\/content.carib-export.com\/es\/resources\/training\/export-training\/","url":"https:\/\/content.carib-export.com\/es\/resources\/training\/export-training\/","name":"Capacitaci\u00f3n ProNET - nombre del Exportaci\u00f3n del Caribe","isPartOf":{"@id":"https:\/\/content.carib-export.com\/es\/#website"},"datePublished":"2012-12-06T19:25:44+00:00","dateModified":"2025-02-06T17:17:40+00:00","breadcrumb":{"@id":"https:\/\/content.carib-export.com\/es\/resources\/training\/export-training\/#breadcrumb"},"inLanguage":"es","potentialAction":[{"@type":"ReadAction","target":["https:\/\/content.carib-export.com\/es\/resources\/training\/export-training\/"]}]},{"@type":"BreadcrumbList","@id":"https:\/\/content.carib-export.com\/es\/resources\/training\/export-training\/#breadcrumb","itemListElement":[{"@type":"ListItem","position":1,"name":"Casa","item":"https:\/\/content.carib-export.com\/es\/home\/"},{"@type":"ListItem","position":2,"name":"Recursos","item":"https:\/\/content.carib-export.com\/es\/resources\/"},{"@type":"ListItem","position":3,"name":"Capacitaci\u00f3n","item":"https:\/\/content.carib-export.com\/es\/resources\/training\/"},{"@type":"ListItem","position":4,"name":"Capacitaci\u00f3n ProNET"}]},{"@type":"WebSite","@id":"https:\/\/content.carib-export.com\/es\/#website","url":"https:\/\/content.carib-export.com\/es\/","name":"Exportaci\u00f3n del Caribe","description":"La \u00fanica agencia regional de promoci\u00f3n del comercio y las inversiones en el grupo de \u00c1frica, el Caribe y el Pac\u00edfico.","publisher":{"@id":"https:\/\/content.carib-export.com\/es\/#organization"},"potentialAction":[{"@type":"SearchAction","target":{"@type":"EntryPoint","urlTemplate":"https:\/\/content.carib-export.com\/es\/?s={search_term_string}"},"query-input":{"@type":"PropertyValueSpecification","valueRequired":true,"valueName":"search_term_string"}}],"inLanguage":"es"},{"@type":"Organization","@id":"https:\/\/content.carib-export.com\/es\/#organization","name":"Agencia de Desarrollo de Exportaciones del Caribe","url":"https:\/\/content.carib-export.com\/es\/","logo":{"@type":"ImageObject","inLanguage":"es","@id":"https:\/\/content.carib-export.com\/es\/#\/schema\/logo\/image\/","url":"https:\/\/content.carib-export.com\/wp-content\/uploads\/2013\/03\/CE-Logo-2013.jpg","contentUrl":"https:\/\/content.carib-export.com\/wp-content\/uploads\/2013\/03\/CE-Logo-2013.jpg","width":1024,"height":244,"caption":"Agencia de Desarrollo de Exportaciones del Caribe"},"image":{"@id":"https:\/\/content.carib-export.com\/es\/#\/schema\/logo\/image\/"},"sameAs":["https:\/\/www.facebook.com\/CaribbeanExport","https:\/\/x.com\/CaribXport","https:\/\/www.instagram.com\/caribbeanexport","https:\/\/www.linkedin.com\/company\/caribbeanexport","https:\/\/www.youtube.com\/user\/TheCaribbeanExport"]}]}},"_links":{"self":[{"href":"https:\/\/content.carib-export.com\/es\/wp-json\/wp\/v2\/pages\/270691","targetHints":{"allow":["GET"]}}],"collection":[{"href":"https:\/\/content.carib-export.com\/es\/wp-json\/wp\/v2\/pages"}],"about":[{"href":"https:\/\/content.carib-export.com\/es\/wp-json\/wp\/v2\/types\/page"}],"author":[{"embeddable":true,"href":"https:\/\/content.carib-export.com\/es\/wp-json\/wp\/v2\/users\/3"}],"replies":[{"embeddable":true,"href":"https:\/\/content.carib-export.com\/es\/wp-json\/wp\/v2\/comments?post=270691"}],"version-history":[{"count":0,"href":"https:\/\/content.carib-export.com\/es\/wp-json\/wp\/v2\/pages\/270691\/revisions"}],"up":[{"embeddable":true,"href":"https:\/\/content.carib-export.com\/es\/wp-json\/wp\/v2\/pages\/256316"}],"wp:attachment":[{"href":"https:\/\/content.carib-export.com\/es\/wp-json\/wp\/v2\/media?parent=270691"}],"wp:term":[{"taxonomy":"post_tag","embeddable":true,"href":"https:\/\/content.carib-export.com\/es\/wp-json\/wp\/v2\/tags?post=270691"}],"curies":[{"name":"wp","href":"https:\/\/api.w.org\/{rel}","templated":true}]}}