{"id":270772,"date":"2019-04-18T10:15:39","date_gmt":"2019-04-18T14:15:39","guid":{"rendered":"https:\/\/content.carib-export.com\/exporters\/training\/business-of-music\/"},"modified":"2025-02-06T13:30:40","modified_gmt":"2025-02-06T17:30:40","slug":"business-of-music","status":"publish","type":"page","link":"https:\/\/content.carib-export.com\/es\/resources\/training\/business-of-music\/","title":{"rendered":"negocio de la musica"},"content":{"rendered":"\n<p>La industria mundial de la m\u00fasica, que mueve miles de millones de d\u00f3lares, ha sufrido una serie de cambios como resultado de la llegada del streaming. Hasta 2013, los ingresos de la m\u00fasica grabada disminuyeron cuando los usuarios comenzaron a hacer la transici\u00f3n a los m\u00e9todos de transmisi\u00f3n. De hecho, muchos artistas y profesionales de la m\u00fasica estaban preocupados por los posibles impactos negativos del streaming en sus ingresos. Sin embargo, esa discusi\u00f3n se ha desvanecido, ya que las empresas han encontrado formas de monetizar la transmisi\u00f3n.<\/p>\n<div class=\"wp-block-image\">\n<figure class=\"alignright size-full is-resized\"><img loading=\"lazy\" decoding=\"async\" src=\"https:\/\/content.carib-export.com\/wp-content\/uploads\/2021\/06\/Business-Of-Music-800-x-800-01.png\" alt=\"\" class=\"wp-image-194021\" width=\"600\" height=\"600\" srcset=\"https:\/\/content.carib-export.com\/wp-content\/uploads\/2021\/06\/Business-Of-Music-800-x-800-01.png 800w, https:\/\/content.carib-export.com\/wp-content\/uploads\/2021\/06\/Business-Of-Music-800-x-800-01-150x150.png 150w, https:\/\/content.carib-export.com\/wp-content\/uploads\/2021\/06\/Business-Of-Music-800-x-800-01-100x100.png 100w, https:\/\/content.carib-export.com\/wp-content\/uploads\/2021\/06\/Business-Of-Music-800-x-800-01-768x768.png 768w, https:\/\/content.carib-export.com\/wp-content\/uploads\/2021\/06\/Business-Of-Music-800-x-800-01-70x70.png 70w\" sizes=\"auto, (max-width: 600px) 100vw, 600px\" \/><\/figure>\n<\/div>\n<p>El estudio de 2015 realizado en nombre de Caribbean Export por Visual &amp; Performing Arts Jamaica (VPAJ) y KEA European Affairs (KEA), destac\u00f3 el trabajo de McCandless, cuya investigaci\u00f3n revel\u00f3 que los artistas que firmaron con sellos ganaron $ 0.00128 cada vez que se transmiti\u00f3 su m\u00fasica. De hecho, el estudio concluy\u00f3 que los m\u00e9todos de transmisi\u00f3n infravaloraban el trabajo de los artistas. Sin embargo, los eventos relacionados con festivales y m\u00fasica experimentaron un fuerte crecimiento. El informe cit\u00f3 un estudio de EY que identific\u00f3 que los conciertos y festivales de m\u00fasica representaban poco m\u00e1s de 1\/3 de los ingresos globales de las artes esc\u00e9nicas. El estudio tambi\u00e9n identific\u00f3 que para los artistas caribe\u00f1os, el streaming brindaba la oportunidad de ser m\u00e1s conocidos y reconocidos.<\/p>\n\n<p>Tambi\u00e9n revel\u00f3 varios desaf\u00edos que enfrentan los artistas cuando buscan exportar. El principal desaf\u00edo identificado fue el acceso a la financiaci\u00f3n. La falta de apoyo tambi\u00e9n se destac\u00f3 como un problema que enfrentan los creativos.<\/p>\n\n<p>En respuesta, el programa <strong>NEGOCIO DE LA M\u00daSICA (BOM)<\/strong> ha desarrollado la industria musical regional con un enfoque en el desarrollo de la capacidad de los administradores y artistas musicales.<\/p>\n\n<p>El BOM es un programa en l\u00ednea que aborda el uso de plataformas digitales, IP, distribuci\u00f3n y promoci\u00f3n. A continuaci\u00f3n se muestra un esquema del programa.<\/p>\n\n<div style=\"height:40px\" aria-hidden=\"true\" class=\"wp-block-spacer\"><\/div>\n\n<div class=\"wp-block-columns is-layout-flex wp-container-core-columns-is-layout-9d6595d7 wp-block-columns-is-layout-flex\">\n<div class=\"wp-block-column is-layout-flow wp-block-column-is-layout-flow\">\n<h2 class=\"wp-block-heading\"><strong>LECCI\u00d3N 1 &#8211; Comprender el negocio de la m\u00fasica<\/strong><\/h2>\n\n\n\n<ul class=\"wp-block-list\">\n<li>Introducci\u00f3n al negocio de la m\u00fasica<\/li>\n\n\n\n<li>Qu\u00e9 constituye la industria de la m\u00fasica<\/li>\n\n\n\n<li>Definici\u00f3n de roles y ocupaciones en la industria<\/li>\n\n\n\n<li>Primeros pasos y formalizaci\u00f3n de sus operaciones<\/li>\n\n\n\n<li>Tendencias globales y la perspectiva del Caribe<\/li>\n\n\n\n<li>Tipos de entidades comerciales<\/li>\n\n\n\n<li>Habilidades y competencias para una empresa musical exitosa<\/li>\n<\/ul>\n<\/div>\n\n\n\n<div class=\"wp-block-column is-layout-flow wp-block-column-is-layout-flow\">\n<h2 class=\"wp-block-heading\"><strong>LECCI\u00d3N 2 &#8211; Identificaci\u00f3n y evaluaci\u00f3n de socios de desarrollo<\/strong><\/h2>\n\n\n\n<ul class=\"wp-block-list\">\n<li>El equipo del proyecto musical y los socios<\/li>\n\n\n\n<li>El gerente de artistas<\/li>\n\n\n\n<li>el productor musical<\/li>\n\n\n\n<li>El agente de publicidad<\/li>\n\n\n\n<li>El agente de reservas<\/li>\n\n\n\n<li>El editor de m\u00fasica<\/li>\n\n\n\n<li>Distribuidor de m\u00fasica<\/li>\n\n\n\n<li>Promotor de eventos<\/li>\n\n\n\n<li>Tu Asesor Jur\u00eddico<\/li>\n\n\n\n<li>Sociedades de colecci\u00f3n de derechos de autor de m\u00fasica<\/li>\n<\/ul>\n<\/div>\n<\/div>\n\n<div class=\"wp-block-columns is-layout-flex wp-container-core-columns-is-layout-9d6595d7 wp-block-columns-is-layout-flex\">\n<div class=\"wp-block-column is-layout-flow wp-block-column-is-layout-flow\">\n<h2 class=\"wp-block-heading\"><strong>LECCI\u00d3N 3 &#8211; El Artista\/Plan de Desarrollo del Proyecto<\/strong><\/h2>\n\n\n\n<ul class=\"wp-block-list\">\n<li>Los beneficios de un plan de negocios de m\u00fasica<\/li>\n\n\n\n<li>\u00bfPor qu\u00e9 necesitas un plan de negocios para la m\u00fasica?<\/li>\n\n\n\n<li>Elementos de un plan de negocios de proyecto musical<\/li>\n\n\n\n<li>Financiando tu Proyecto<\/li>\n<\/ul>\n<\/div>\n\n\n\n<div class=\"wp-block-column is-layout-flow wp-block-column-is-layout-flow\">\n<h2 class=\"wp-block-heading\"><strong>LECCI\u00d3N 4 &#8211; Bienes y servicios de la industria musical<\/strong><\/h2>\n\n\n\n<ul class=\"wp-block-list\">\n<li>La industria de la m\u00fasica grabada<\/li>\n\n\n\n<li>La industria de la m\u00fasica en vivo<\/li>\n\n\n\n<li>Mercanc\u00eda y Marca<\/li>\n\n\n\n<li>Qu\u00e9 se entiende por ingresos de marca<\/li>\n<\/ul>\n<\/div>\n<\/div>\n\n<div class=\"wp-block-columns is-layout-flex wp-container-core-columns-is-layout-9d6595d7 wp-block-columns-is-layout-flex\">\n<div class=\"wp-block-column is-layout-flow wp-block-column-is-layout-flow\">\n<h2 class=\"wp-block-heading\"><strong>LECCI\u00d3N 5 &#8211; Recopilaci\u00f3n de inteligencia de mercado<\/strong><\/h2>\n\n\n\n<ul class=\"wp-block-list\">\n<li>C\u00f3mo realizar una investigaci\u00f3n de mercado<\/li>\n\n\n\n<li>Objetivo del mercado<\/li>\n\n\n\n<li>An\u00e1lisis de la competencia<\/li>\n\n\n\n<li>Tendencias Actuales y Futuras<\/li>\n<\/ul>\n<\/div>\n\n\n\n<div class=\"wp-block-column is-layout-flow wp-block-column-is-layout-flow\">\n<h2 class=\"wp-block-heading\"><strong>LECCI\u00d3N 6 &#8211; Identificaci\u00f3n y establecimiento de su nicho<\/strong><\/h2>\n\n\n\n<ul class=\"wp-block-list\">\n<li>Conozca su nicho de adentro hacia afuera<\/li>\n\n\n\n<li>Resuelva los problemas de sus clientes<\/li>\n\n\n\n<li>Correr la voz sobre su negocio<\/li>\n\n\n\n<li>Controle a sus competidores de nicho de mercado<\/li>\n\n\n\n<li>Est\u00e9 abierto a nuevas oportunidades<\/li>\n\n\n\n<li>Escuche a sus clientes<\/li>\n<\/ul>\n<\/div>\n<\/div>\n\n<div class=\"wp-block-columns is-layout-flex wp-container-core-columns-is-layout-9d6595d7 wp-block-columns-is-layout-flex\">\n<div class=\"wp-block-column is-layout-flow wp-block-column-is-layout-flow\">\n<h2 class=\"wp-block-heading\"><strong>LECCI\u00d3N 7 &#8211; Tu plan de marketing musical<\/strong><\/h2>\n\n\n\n<ul class=\"wp-block-list\">\n<li>Cinco pasos esenciales del marketing musical<\/li>\n\n\n\n<li>Lanzamiento de su m\u00fasica al p\u00fablico<\/li>\n\n\n\n<li>V\u00eddeos<\/li>\n\n\n\n<li>La mercanc\u00eda como herramienta de marketing<\/li>\n\n\n\n<li>Turismo<\/li>\n\n\n\n<li>Campa\u00f1a de medios y lanzamiento de su m\u00fasica<\/li>\n<\/ul>\n<\/div>\n\n\n\n<div class=\"wp-block-column is-layout-flow wp-block-column-is-layout-flow\">\n<h2 class=\"wp-block-heading\"><strong>LECCI\u00d3N 8 &#8211; B\u00fasqueda y negociaci\u00f3n con compradores y distribuidores<\/strong><\/h2>\n\n\n\n<ul class=\"wp-block-list\">\n<li>La configuraci\u00f3n de distribuci\u00f3n de m\u00fasica tradicional<\/li>\n\n\n\n<li>Cambios radicales en la distribuci\u00f3n musical<\/li>\n\n\n\n<li>Encontrar distribuci\u00f3n de m\u00fasica<\/li>\n\n\n\n<li>Lo que necesita saber antes de hacer un acuerdo de distribuci\u00f3n<\/li>\n\n\n\n<li>Distribuci\u00f3n propia de su m\u00fasica<\/li>\n\n\n\n<li>Distribuci\u00f3n Digital<\/li>\n\n\n\n<li>Problemas importantes del contrato de distribuci\u00f3n<\/li>\n<\/ul>\n<\/div>\n<\/div>\n\n<div class=\"wp-block-columns is-layout-flex wp-container-core-columns-is-layout-9d6595d7 wp-block-columns-is-layout-flex\">\n<div class=\"wp-block-column is-layout-flow wp-block-column-is-layout-flow\">\n<h2 class=\"wp-block-heading\"><strong>LECCI\u00d3N 9 &#8211; El papel de la tecnolog\u00eda digital e Internet<\/strong><\/h2>\n\n\n\n<ul class=\"wp-block-list\">\n<li>La tecnolog\u00eda digital y la industria de la m\u00fasica<\/li>\n\n\n\n<li>Tendencias de la m\u00fasica digital<\/li>\n\n\n\n<li>Informe de m\u00fasica digital de la IFPI<\/li>\n\n\n\n<li>Marketing de redes sociales en la m\u00fasica<\/li>\n\n\n\n<li>Redes sociales y tus fans<\/li>\n\n\n\n<li>Publicar en las redes sociales<\/li>\n\n\n\n<li>Tu sitio web oficial<\/li>\n<\/ul>\n<\/div>\n\n\n\n<div class=\"wp-block-column is-layout-flow wp-block-column-is-layout-flow\">\n<h2 class=\"wp-block-heading\"><strong>LECCI\u00d3N 10 &#8211; C\u00f3mo ingresar al mercado de la m\u00fasica y tener \u00e9xito<\/strong><\/h2>\n\n\n\n<ul class=\"wp-block-list\">\n<li>Verificaci\u00f3n de la realidad<\/li>\n\n\n\n<li>Prepar\u00e1ndose para el \u00e9xito en el negocio de la m\u00fasica<\/li>\n\n\n\n<li>Crear un buen equipo<\/li>\n\n\n\n<li>Conoce tus derechos<\/li>\n\n\n\n<li>Cuida las Inscripciones<\/li>\n\n\n\n<li>Poner en marcha una distribuci\u00f3n y promoci\u00f3n eficaces<\/li>\n\n\n\n<li>Sigue el dinero<\/li>\n\n\n\n<li>Mantener el rumbo y mantener buenas relaciones<\/li>\n<\/ul>\n<\/div>\n<\/div>\n\n<div class=\"wp-block-columns is-layout-flex wp-container-core-columns-is-layout-9d6595d7 wp-block-columns-is-layout-flex\">\n<div class=\"wp-block-column is-layout-flow wp-block-column-is-layout-flow\">\n<h2 class=\"wp-block-heading\"><strong>LECCI\u00d3N 11 &#8211; Trabajar con instituciones y organizaciones internacionales<\/strong><\/h2>\n\n\n\n<ul class=\"wp-block-list\">\n<li>Organizaciones nacionales y regionales<\/li>\n\n\n\n<li>Organizaciones internacionales<\/li>\n\n\n\n<li>Instituciones Internacionales y Redes<\/li>\n<\/ul>\n<\/div>\n\n\n\n<div class=\"wp-block-column is-layout-flow wp-block-column-is-layout-flow\">\n<h2 class=\"wp-block-heading\"><strong>LECCI\u00d3N 12 &#8211; Contratos y Protecci\u00f3n de los Derechos de PI<\/strong><\/h2>\n\n\n\n<ul class=\"wp-block-list\">\n<li>Ley de Propiedad Intelectual (Derechos de Autor, Marcas y Nombres de Dominio)<\/li>\n\n\n\n<li>Contratos de negocios musicales<\/li>\n\n\n\n<li>Contrato de gesti\u00f3n de artistas<\/li>\n\n\n\n<li>Contrato de actuaci\u00f3n\/gira<\/li>\n\n\n\n<li>Contrato de grabaci\u00f3n<\/li>\n\n\n\n<li>Contratos de licencia\/distribuci\u00f3n<\/li>\n\n\n\n<li>Contratos de edici\u00f3n musical<\/li>\n\n\n\n<li>Cada m\u00f3dulo incluye presentaciones escritas, enlaces a materiales de recursos y un cuestionario.<\/li>\n<\/ul>\n<\/div>\n<\/div>\n\n<div style=\"height:40px\" aria-hidden=\"true\" class=\"wp-block-spacer\"><\/div>\n\n<p>Para m\u00e1s informaci\u00f3n o para participar en el <strong>programa BOM inscr\u00edbase aqu\u00ed<\/strong> y visite tambi\u00e9n la p\u00e1gina web del programa: <strong><a href=\"https:\/\/carib-export.thinkific.com\/courses\/business-of-music\" target=\"_blank\" rel=\"noreferrer noopener\">P\u00e1gina web del MOB<\/a><\/strong><\/p>\n\n<p><\/p>\n","protected":false},"excerpt":{"rendered":"<p>La industria mundial de la m\u00fasica, que mueve miles de millones de d\u00f3lares, ha sufrido una serie de cambios como resultado de la llegada del streaming. Hasta 2013, los ingresos de la m\u00fasica grabada disminuyeron cuando los usuarios comenzaron a hacer la transici\u00f3n a los m\u00e9todos de transmisi\u00f3n. De hecho, muchos artistas y profesionales de [&hellip;]<\/p>\n","protected":false},"author":3,"featured_media":248928,"parent":256316,"menu_order":0,"comment_status":"closed","ping_status":"closed","template":"","meta":{"_acf_changed":false,"inline_featured_image":false,"footnotes":""},"tags":[12690],"class_list":["post-270772","page","type-page","status-publish","has-post-thumbnail","hentry","tag-music-es"],"acf":[],"yoast_head":"<!-- This site is optimized with the Yoast SEO plugin v27.1.1 - https:\/\/yoast.com\/product\/yoast-seo-wordpress\/ -->\n<title>negocio de la musica - nombre del Exportaci\u00f3n del Caribe<\/title>\n<meta name=\"robots\" content=\"index, follow, max-snippet:-1, max-image-preview:large, max-video-preview:-1\" \/>\n<link rel=\"canonical\" href=\"https:\/\/content.carib-export.com\/es\/resources\/training\/business-of-music\/\" \/>\n<meta property=\"og:locale\" content=\"es_ES\" \/>\n<meta property=\"og:type\" content=\"article\" \/>\n<meta property=\"og:title\" content=\"negocio de la musica - nombre del Exportaci\u00f3n del Caribe\" \/>\n<meta property=\"og:description\" content=\"La industria mundial de la m\u00fasica, que mueve miles de millones de d\u00f3lares, ha sufrido una serie de cambios como resultado de la llegada del streaming. Hasta 2013, los ingresos de la m\u00fasica grabada disminuyeron cuando los usuarios comenzaron a hacer la transici\u00f3n a los m\u00e9todos de transmisi\u00f3n. De hecho, muchos artistas y profesionales de [&hellip;]\" \/>\n<meta property=\"og:url\" content=\"https:\/\/content.carib-export.com\/es\/resources\/training\/business-of-music\/\" \/>\n<meta property=\"og:site_name\" content=\"Exportaci\u00f3n del Caribe\" \/>\n<meta property=\"article:publisher\" content=\"https:\/\/www.facebook.com\/CaribbeanExport\" \/>\n<meta property=\"article:modified_time\" content=\"2025-02-06T17:30:40+00:00\" \/>\n<meta property=\"og:image\" content=\"https:\/\/content.carib-export.com\/wp-content\/uploads\/2019\/11\/Business-Of-Music-800-x-800_orange.png\" \/>\n\t<meta property=\"og:image:width\" content=\"800\" \/>\n\t<meta property=\"og:image:height\" content=\"800\" \/>\n\t<meta property=\"og:image:type\" content=\"image\/png\" \/>\n<meta name=\"twitter:card\" content=\"summary_large_image\" \/>\n<meta name=\"twitter:site\" content=\"@CaribXport\" \/>\n<meta name=\"twitter:label1\" content=\"Tiempo de lectura\" \/>\n\t<meta name=\"twitter:data1\" content=\"5 minutos\" \/>\n<script type=\"application\/ld+json\" class=\"yoast-schema-graph\">{\"@context\":\"https:\/\/schema.org\",\"@graph\":[{\"@type\":\"WebPage\",\"@id\":\"https:\/\/content.carib-export.com\/es\/resources\/training\/business-of-music\/\",\"url\":\"https:\/\/content.carib-export.com\/es\/resources\/training\/business-of-music\/\",\"name\":\"negocio de la musica - nombre del Exportaci\u00f3n del Caribe\",\"isPartOf\":{\"@id\":\"https:\/\/content.carib-export.com\/es\/#website\"},\"primaryImageOfPage\":{\"@id\":\"https:\/\/content.carib-export.com\/es\/resources\/training\/business-of-music\/#primaryimage\"},\"image\":{\"@id\":\"https:\/\/content.carib-export.com\/es\/resources\/training\/business-of-music\/#primaryimage\"},\"thumbnailUrl\":\"https:\/\/content.carib-export.com\/wp-content\/uploads\/2019\/11\/Business-Of-Music-800-x-800_orange.png\",\"datePublished\":\"2019-04-18T14:15:39+00:00\",\"dateModified\":\"2025-02-06T17:30:40+00:00\",\"breadcrumb\":{\"@id\":\"https:\/\/content.carib-export.com\/es\/resources\/training\/business-of-music\/#breadcrumb\"},\"inLanguage\":\"es\",\"potentialAction\":[{\"@type\":\"ReadAction\",\"target\":[\"https:\/\/content.carib-export.com\/es\/resources\/training\/business-of-music\/\"]}]},{\"@type\":\"ImageObject\",\"inLanguage\":\"es\",\"@id\":\"https:\/\/content.carib-export.com\/es\/resources\/training\/business-of-music\/#primaryimage\",\"url\":\"https:\/\/content.carib-export.com\/wp-content\/uploads\/2019\/11\/Business-Of-Music-800-x-800_orange.png\",\"contentUrl\":\"https:\/\/content.carib-export.com\/wp-content\/uploads\/2019\/11\/Business-Of-Music-800-x-800_orange.png\",\"width\":800,\"height\":800},{\"@type\":\"BreadcrumbList\",\"@id\":\"https:\/\/content.carib-export.com\/es\/resources\/training\/business-of-music\/#breadcrumb\",\"itemListElement\":[{\"@type\":\"ListItem\",\"position\":1,\"name\":\"Casa\",\"item\":\"https:\/\/content.carib-export.com\/es\/home\/\"},{\"@type\":\"ListItem\",\"position\":2,\"name\":\"Recursos\",\"item\":\"https:\/\/content.carib-export.com\/es\/resources\/\"},{\"@type\":\"ListItem\",\"position\":3,\"name\":\"Capacitaci\u00f3n\",\"item\":\"https:\/\/content.carib-export.com\/es\/resources\/training\/\"},{\"@type\":\"ListItem\",\"position\":4,\"name\":\"negocio de la musica\"}]},{\"@type\":\"WebSite\",\"@id\":\"https:\/\/content.carib-export.com\/es\/#website\",\"url\":\"https:\/\/content.carib-export.com\/es\/\",\"name\":\"Exportaci\u00f3n del Caribe\",\"description\":\"La \u00fanica agencia regional de promoci\u00f3n del comercio y las inversiones en el grupo de \u00c1frica, el Caribe y el Pac\u00edfico.\",\"publisher\":{\"@id\":\"https:\/\/content.carib-export.com\/es\/#organization\"},\"potentialAction\":[{\"@type\":\"SearchAction\",\"target\":{\"@type\":\"EntryPoint\",\"urlTemplate\":\"https:\/\/content.carib-export.com\/es\/?s={search_term_string}\"},\"query-input\":{\"@type\":\"PropertyValueSpecification\",\"valueRequired\":true,\"valueName\":\"search_term_string\"}}],\"inLanguage\":\"es\"},{\"@type\":\"Organization\",\"@id\":\"https:\/\/content.carib-export.com\/es\/#organization\",\"name\":\"Agencia de Desarrollo de Exportaciones del Caribe\",\"url\":\"https:\/\/content.carib-export.com\/es\/\",\"logo\":{\"@type\":\"ImageObject\",\"inLanguage\":\"es\",\"@id\":\"https:\/\/content.carib-export.com\/es\/#\/schema\/logo\/image\/\",\"url\":\"https:\/\/content.carib-export.com\/wp-content\/uploads\/2013\/03\/CE-Logo-2013.jpg\",\"contentUrl\":\"https:\/\/content.carib-export.com\/wp-content\/uploads\/2013\/03\/CE-Logo-2013.jpg\",\"width\":1024,\"height\":244,\"caption\":\"Agencia de Desarrollo de Exportaciones del Caribe\"},\"image\":{\"@id\":\"https:\/\/content.carib-export.com\/es\/#\/schema\/logo\/image\/\"},\"sameAs\":[\"https:\/\/www.facebook.com\/CaribbeanExport\",\"https:\/\/x.com\/CaribXport\",\"https:\/\/www.instagram.com\/caribbeanexport\",\"https:\/\/www.linkedin.com\/company\/caribbeanexport\",\"https:\/\/www.youtube.com\/user\/TheCaribbeanExport\"]}]}<\/script>\n<!-- \/ Yoast SEO plugin. -->","yoast_head_json":{"title":"negocio de la musica - nombre del Exportaci\u00f3n del Caribe","robots":{"index":"index","follow":"follow","max-snippet":"max-snippet:-1","max-image-preview":"max-image-preview:large","max-video-preview":"max-video-preview:-1"},"canonical":"https:\/\/content.carib-export.com\/es\/resources\/training\/business-of-music\/","og_locale":"es_ES","og_type":"article","og_title":"negocio de la musica - nombre del Exportaci\u00f3n del Caribe","og_description":"La industria mundial de la m\u00fasica, que mueve miles de millones de d\u00f3lares, ha sufrido una serie de cambios como resultado de la llegada del streaming. Hasta 2013, los ingresos de la m\u00fasica grabada disminuyeron cuando los usuarios comenzaron a hacer la transici\u00f3n a los m\u00e9todos de transmisi\u00f3n. De hecho, muchos artistas y profesionales de [&hellip;]","og_url":"https:\/\/content.carib-export.com\/es\/resources\/training\/business-of-music\/","og_site_name":"Exportaci\u00f3n del Caribe","article_publisher":"https:\/\/www.facebook.com\/CaribbeanExport","article_modified_time":"2025-02-06T17:30:40+00:00","og_image":[{"width":800,"height":800,"url":"https:\/\/content.carib-export.com\/wp-content\/uploads\/2019\/11\/Business-Of-Music-800-x-800_orange.png","type":"image\/png"}],"twitter_card":"summary_large_image","twitter_site":"@CaribXport","twitter_misc":{"Tiempo de lectura":"5 minutos"},"schema":{"@context":"https:\/\/schema.org","@graph":[{"@type":"WebPage","@id":"https:\/\/content.carib-export.com\/es\/resources\/training\/business-of-music\/","url":"https:\/\/content.carib-export.com\/es\/resources\/training\/business-of-music\/","name":"negocio de la musica - nombre del Exportaci\u00f3n del Caribe","isPartOf":{"@id":"https:\/\/content.carib-export.com\/es\/#website"},"primaryImageOfPage":{"@id":"https:\/\/content.carib-export.com\/es\/resources\/training\/business-of-music\/#primaryimage"},"image":{"@id":"https:\/\/content.carib-export.com\/es\/resources\/training\/business-of-music\/#primaryimage"},"thumbnailUrl":"https:\/\/content.carib-export.com\/wp-content\/uploads\/2019\/11\/Business-Of-Music-800-x-800_orange.png","datePublished":"2019-04-18T14:15:39+00:00","dateModified":"2025-02-06T17:30:40+00:00","breadcrumb":{"@id":"https:\/\/content.carib-export.com\/es\/resources\/training\/business-of-music\/#breadcrumb"},"inLanguage":"es","potentialAction":[{"@type":"ReadAction","target":["https:\/\/content.carib-export.com\/es\/resources\/training\/business-of-music\/"]}]},{"@type":"ImageObject","inLanguage":"es","@id":"https:\/\/content.carib-export.com\/es\/resources\/training\/business-of-music\/#primaryimage","url":"https:\/\/content.carib-export.com\/wp-content\/uploads\/2019\/11\/Business-Of-Music-800-x-800_orange.png","contentUrl":"https:\/\/content.carib-export.com\/wp-content\/uploads\/2019\/11\/Business-Of-Music-800-x-800_orange.png","width":800,"height":800},{"@type":"BreadcrumbList","@id":"https:\/\/content.carib-export.com\/es\/resources\/training\/business-of-music\/#breadcrumb","itemListElement":[{"@type":"ListItem","position":1,"name":"Casa","item":"https:\/\/content.carib-export.com\/es\/home\/"},{"@type":"ListItem","position":2,"name":"Recursos","item":"https:\/\/content.carib-export.com\/es\/resources\/"},{"@type":"ListItem","position":3,"name":"Capacitaci\u00f3n","item":"https:\/\/content.carib-export.com\/es\/resources\/training\/"},{"@type":"ListItem","position":4,"name":"negocio de la musica"}]},{"@type":"WebSite","@id":"https:\/\/content.carib-export.com\/es\/#website","url":"https:\/\/content.carib-export.com\/es\/","name":"Exportaci\u00f3n del Caribe","description":"La \u00fanica agencia regional de promoci\u00f3n del comercio y las inversiones en el grupo de \u00c1frica, el Caribe y el Pac\u00edfico.","publisher":{"@id":"https:\/\/content.carib-export.com\/es\/#organization"},"potentialAction":[{"@type":"SearchAction","target":{"@type":"EntryPoint","urlTemplate":"https:\/\/content.carib-export.com\/es\/?s={search_term_string}"},"query-input":{"@type":"PropertyValueSpecification","valueRequired":true,"valueName":"search_term_string"}}],"inLanguage":"es"},{"@type":"Organization","@id":"https:\/\/content.carib-export.com\/es\/#organization","name":"Agencia de Desarrollo de Exportaciones del Caribe","url":"https:\/\/content.carib-export.com\/es\/","logo":{"@type":"ImageObject","inLanguage":"es","@id":"https:\/\/content.carib-export.com\/es\/#\/schema\/logo\/image\/","url":"https:\/\/content.carib-export.com\/wp-content\/uploads\/2013\/03\/CE-Logo-2013.jpg","contentUrl":"https:\/\/content.carib-export.com\/wp-content\/uploads\/2013\/03\/CE-Logo-2013.jpg","width":1024,"height":244,"caption":"Agencia de Desarrollo de Exportaciones del Caribe"},"image":{"@id":"https:\/\/content.carib-export.com\/es\/#\/schema\/logo\/image\/"},"sameAs":["https:\/\/www.facebook.com\/CaribbeanExport","https:\/\/x.com\/CaribXport","https:\/\/www.instagram.com\/caribbeanexport","https:\/\/www.linkedin.com\/company\/caribbeanexport","https:\/\/www.youtube.com\/user\/TheCaribbeanExport"]}]}},"_links":{"self":[{"href":"https:\/\/content.carib-export.com\/es\/wp-json\/wp\/v2\/pages\/270772","targetHints":{"allow":["GET"]}}],"collection":[{"href":"https:\/\/content.carib-export.com\/es\/wp-json\/wp\/v2\/pages"}],"about":[{"href":"https:\/\/content.carib-export.com\/es\/wp-json\/wp\/v2\/types\/page"}],"author":[{"embeddable":true,"href":"https:\/\/content.carib-export.com\/es\/wp-json\/wp\/v2\/users\/3"}],"replies":[{"embeddable":true,"href":"https:\/\/content.carib-export.com\/es\/wp-json\/wp\/v2\/comments?post=270772"}],"version-history":[{"count":0,"href":"https:\/\/content.carib-export.com\/es\/wp-json\/wp\/v2\/pages\/270772\/revisions"}],"up":[{"embeddable":true,"href":"https:\/\/content.carib-export.com\/es\/wp-json\/wp\/v2\/pages\/256316"}],"wp:featuredmedia":[{"embeddable":true,"href":"https:\/\/content.carib-export.com\/es\/wp-json\/wp\/v2\/media\/248928"}],"wp:attachment":[{"href":"https:\/\/content.carib-export.com\/es\/wp-json\/wp\/v2\/media?parent=270772"}],"wp:term":[{"taxonomy":"post_tag","embeddable":true,"href":"https:\/\/content.carib-export.com\/es\/wp-json\/wp\/v2\/tags?post=270772"}],"curies":[{"name":"wp","href":"https:\/\/api.w.org\/{rel}","templated":true}]}}