{"id":278892,"date":"2011-09-02T19:53:40","date_gmt":"2011-09-02T23:53:40","guid":{"rendered":"https:\/\/content.carib-export.com\/exporters\/funding\/the-direct-assistance-grant-scheme-dags\/"},"modified":"2025-02-06T12:54:07","modified_gmt":"2025-02-06T16:54:07","slug":"the-direct-assistance-grant-scheme-dags","status":"publish","type":"page","link":"https:\/\/content.carib-export.com\/es\/resources\/funding\/the-direct-assistance-grant-scheme-dags\/","title":{"rendered":"El Plan de Subvenciones de Asistencia Directa (DAGS)"},"content":{"rendered":"\n<p>DAGS es un mecanismo de financiaci\u00f3n de subvenciones de reembolso dise\u00f1ado espec\u00edficamente para proporcionar asistencia financiera a empresas\/individuos\/organizaciones de apoyo empresarial (BSO) legalmente registradas con el potencial de exportar sus productos y servicios. DAGS es un mecanismo de reembolso, lo que significa que no se adelanta dinero a los beneficiarios y tendr\u00e1n que incurrir en el costo total de sus proyectos y se les reembolsar\u00e1 al finalizar sus proyectos. Una subvenci\u00f3n no puede otorgarse retrospectivamente. El objetivo de DAGS es el siguiente:<\/p>\n\n<ul class=\"wp-block-list\"><li>Apertura de nuevos mercados; aumentar las exportaciones a la Regi\u00f3n del Caribe y\/u otros Mercados Internacionales<\/li><li>Reducir los costos de producci\u00f3n<\/li><li>Identificar nuevas fuentes de suministro de materias primas u otros insumos.<\/li><li>Aumento de la productividad a trav\u00e9s de la formaci\u00f3n y el desarrollo del personal.<\/li><li>Facilitar la protecci\u00f3n de marcas registradas, propiedad intelectual y derechos de autor<\/li><li>Reducci\u00f3n del impacto ambiental<\/li><li>Aprovechar los beneficios del Acuerdo de Asociaci\u00f3n Econ\u00f3mica (EPA), la Econom\u00eda de Mercado \u00danico de CARICOM (CSME), el TLC CARICOM-Rep\u00fablica Dominicana o cualquier otro acuerdo bilateral o multilateral firmado por la regi\u00f3n dentro de la regi\u00f3n o con socios ACP o UE<\/li><li>Fomentar la cooperaci\u00f3n intrarregional para mejorar la productividad y capitalizar las econom\u00edas de escala<\/li><li>Promover programas que tendr\u00e1n un impacto en \u00e1reas subdesarrolladas o sectores desfavorecidos dentro de la regi\u00f3n (por ejemplo, desarrollo de \u00e1reas rurales y g\u00e9nero).<\/li><\/ul>\n\n<p><strong>La pr\u00f3xima convocatoria de propuestas ser\u00e1 en 2021.<\/strong> <a href=\"http:\/\/eepurl.com\/FFUfv\"><strong>Suscr\u00edbase ahora<\/strong><\/a> para asegurarse de recibir las \u00faltimas actualizaciones.<\/p>\n\n<p>Eche un vistazo al Plan de subvenciones de asistencia directa &#8211; DAGS &#8211; Folleto.<\/p>\n\n<div style=\"height:40px\" aria-hidden=\"true\" class=\"wp-block-spacer\"><\/div>\n\n<div class=\"wp-block-buttons is-layout-flex wp-block-buttons-is-layout-flex\">\n<div class=\"wp-block-button is-style-outline is-style-outline--2\"><a class=\"wp-block-button__link\" href=\"https:\/\/content.carib-export.com\/exporters\/funding\/dags\/grant-awardees\/\" style=\"border-radius:0px\">Adjudicatarios de subvenciones del 11.\u00ba FED<\/a><\/div>\n<\/div>\n\n<div style=\"height:40px\" aria-hidden=\"true\" class=\"wp-block-spacer\"><\/div>\n\n<h2 class=\"wp-block-heading\" id=\"tablepress-6-name\">Asesores Regionales de Pa\u00eds DAGS<\/h2>\n\n<p>Caribbean Export ha capacitado a asesores nacionales para ayudar a las empresas durante el proceso de solicitud y reembolso del programa. Con\u00e9ctese con un Country Advisor en su ubicaci\u00f3n.<\/p>\n\n<figure class=\"wp-block-flexible-table-block-table\"><table class=\"\"><thead><tr><th>Pa\u00eds<\/th> <th>Organizaci\u00f3n<\/th> <th>Nombre<\/th> <th>Correo electr\u00f3nico<\/th><\/tr><\/thead><tbody><tr><td>Antigua y Barbuda<\/td> <td>Ministerio de Comercio e Industria<\/td> <td>Sra. Juray Roberts<\/td> <td>Juray.Roberts@ab.gov.ag<\/td><\/tr><tr><td>Antigua y<\/td> <td>Barbuda Autoridad de Inversiones de Antigua y Barbuda<\/td> <td>Sra. Jacqueline Yearwood<\/td> <td>jacqueline.yearwood@ab.gov.ag<\/td><\/tr><tr><td>Antigua y<\/td> <td>Barbuda Autoridad de Inversiones de Antigua y Barbuda<\/td> <td>Sra. Ayanna Baptiste<\/td> <td>ayanna.baptiste@ab.gov.ag<\/td><\/tr><tr><td>Bahamas<\/td> <td>BAIC<\/td> <td>Sra. Debbie Strachan<\/td> <td>debbiemstrachan@baic.gov.bs<\/td><\/tr><tr><td>Bahamas<\/td> <td>BAIC<\/td> <td>Sr. John Burrows<\/td> <td>johnburrows@baic.gov.bs<\/td><\/tr><tr><td>Bahamas<\/td> <td>GBPA<\/td> <td>Sr. Charles Pratt<\/td> <td>cpratt@gbpa.com<\/td><\/tr><tr><td>Barbados<\/td> <td>BIDC<\/td> <td>Sr. Allan Lange<\/td> <td>alange@BIDC.ORG<\/td><\/tr><tr><td>Barbados<\/td> <td>BIDC<\/td> <td>Sr. Modou Diagne<\/td> <td>mdiagne@BIDC.ORG<\/td><\/tr><tr><td>Belice<\/td> <td>BELTRAIDE<\/td> <td>Sra. Diana Hernandez<\/td> <td>diana@belizeinvest.org.bz<\/td><\/tr><tr><td>Belice<\/td> <td>BELTRAIDE<\/td> <td>Sra. Shahera McKoy<\/td> <td>shahera@belizeinvest.org.bz<\/td><\/tr><tr><td>Dominica<\/td> <td>Dexia<\/td> <td>Sr. J. Lloyd Pascal<\/td> <td>lpascal@dexiaexport.com<\/td><\/tr><tr><td>Dominica<\/td> <td>Asociaci\u00f3n de Industria y Comercio de<\/td> <td>Dominica Sra. Lizra Fabien<\/td> <td>daic@cwdom.dm<\/td><\/tr><tr><td>Rep\u00fablica Dominicana<\/td> <td>ADOEXPO<\/td> <td>Sra. Noelia A Tavares<\/td> <td>NAlberto@adoexpo.org<\/td><\/tr><tr><td>Granada<\/td> <td>Corporaci\u00f3n de Desarrollo Industrial de Granada<\/td> <td>Sra. Karen Boatswain<\/td> <td>kboatswain@grenadaidc.com<\/td><\/tr><tr><td>Granada<\/td> <td>Corporaci\u00f3n de Desarrollo Industrial de Granada<\/td> <td>Sra. Khesha Mitchell<\/td> <td>kmitchell@grenadaidc.com<\/td><\/tr><tr><td>Guyana<\/td> <td>GOINVEST<\/td> <td>Sra. Uchenna Gibson<\/td> <td>ugibson@goinvest.gov.gy<\/td><\/tr><tr><td>Oficina de Peque\u00f1as Empresas de<\/td> <td>Guyana<\/td> <td>Dr. Lowell Porter<\/td> <td>lportersbb@gmail.com<\/td><\/tr><tr><td>Hait\u00ed<\/td> <td>CASELI<\/td> <td>Sr. Patrick Dessources<\/td> <td>patrick.dessources@caseli.org<\/td><\/tr><tr><td>Hait\u00ed<\/td> <td>YMCA<\/td> <td>Sr. Roges Lamothe<\/td> <td>rogesl@gns.ht<\/td><\/tr><tr><td>Jamaica<\/td> <td>Asociaci\u00f3n de Exportadores de Jamaica<\/td> <td>Sra. Carole Rowe<\/td> <td>cbrowe@exportja.org<\/td><\/tr><tr><td>Jamaica<\/td> <td>Asociaci\u00f3n de Fabricantes y Exportadores de Jamaica<\/td> <td>Sra. Paula Hagley<\/td> <td>paula@jmea.org<\/td><\/tr><tr><td>Centro de Desarrollo de Peque\u00f1as Empresas de<\/td> <td>Santa Luc\u00eda<\/td> <td>Sr. Jonathan Allain<\/td> <td>jonathan.allain@govt.lc<\/td><\/tr><tr><td>St. Kitts y Nevis<\/td> <td>Ministerio de Comercio Internacional, Industria, Comercio y Asuntos del Consumidor<\/td> <td>Sra. Tonya Kelly<\/td> <td>tonya.kelly@gov.kn<\/td><\/tr><tr><td>San Crist\u00f3bal<\/td> <td>y Nieves C\u00e1mara de Industria y Comercio de San Crist\u00f3bal y Nieves<\/td> <td>Sra. Brenda John<\/td> <td>bjohn@sknchamber.com<\/td><\/tr><tr>Centro de <td>San Vicente y las Granadinas<\/td> <td>para el Desarrollo Empresarial<\/td> <td>Nisha Glasgow<\/td> <td>nglasgow@cedsvg.com<\/td><\/tr><tr>Centro de <td>San Vicente y las Granadinas<\/td> <td>para el Desarrollo Empresarial<\/td> <td>Keisha Phillips<\/td> <td>kphillips@cedsvg.com<\/td><\/tr><tr><td>San Vicente y las Granadinas<\/td> <td>Invest SVG<\/td> <td>Sra. Hazell-Anne Nero-Roberts<\/td> <td>hnero@investsvg.com<\/td><\/tr><tr><td>San Vicente y las Granadinas<\/td> <td>Invest SVG<\/td> <td>Sianne Timm<\/td> <td>stimm@investsvg.com<\/td><\/tr><tr><td>San Vicente y las Granadinas<\/td> <td>Invest SVG<\/td> <td>Sra. Angelella Young<\/td> <td>ayoung@investsvg.com<\/td><\/tr><tr><td>Surinam<\/td> <td>Centro de Desarrollo Empresarial de Surinam<\/td> <td>Sr. Ratanlal Kalka<\/td> <td>rkalka@sbc.sr<\/td><\/tr><tr><td>Trinidad y Tobago<\/td> <td>exporTT Ltd<\/td> <td>Sra. Deborah Hoyte<\/td> <td>dhoyte-redman@exportt.co.tt<\/td><\/tr><tr><td>Trinidad y Tobago<\/td> <td>Asociaci\u00f3n de Fabricantes de Trinidad y Tobago<\/td> <td>Sr. Ismahieel Ali<\/td> <td>tradeassist@ttma.com<\/td><\/tr><\/tbody><\/table><\/figure>\n","protected":false},"excerpt":{"rendered":"<p>DAGS es un mecanismo de financiaci\u00f3n de subvenciones de reembolso dise\u00f1ado espec\u00edficamente para proporcionar asistencia financiera a empresas\/individuos\/organizaciones de apoyo empresarial (BSO) legalmente registradas con el potencial de exportar sus productos y servicios.<\/p>\n","protected":false},"author":9,"featured_media":245084,"parent":256260,"menu_order":0,"comment_status":"closed","ping_status":"closed","template":"","meta":{"_acf_changed":false,"inline_featured_image":false,"footnotes":""},"tags":[10646],"class_list":["post-278892","page","type-page","status-publish","has-post-thumbnail","hentry","tag-dags-es"],"acf":[],"yoast_head":"<!-- This site is optimized with the Yoast SEO plugin v27.1.1 - https:\/\/yoast.com\/product\/yoast-seo-wordpress\/ -->\n<title>El Plan de Subvenciones de Asistencia Directa (DAGS) - nombre del Exportaci\u00f3n del Caribe<\/title>\n<meta name=\"robots\" content=\"index, follow, max-snippet:-1, max-image-preview:large, max-video-preview:-1\" \/>\n<link rel=\"canonical\" href=\"https:\/\/content.carib-export.com\/es\/resources\/funding\/the-direct-assistance-grant-scheme-dags\/\" \/>\n<meta property=\"og:locale\" content=\"es_ES\" \/>\n<meta property=\"og:type\" content=\"article\" \/>\n<meta property=\"og:title\" content=\"El Plan de Subvenciones de Asistencia Directa (DAGS) - nombre del Exportaci\u00f3n del Caribe\" \/>\n<meta property=\"og:description\" content=\"DAGS es un mecanismo de financiaci\u00f3n de subvenciones de reembolso dise\u00f1ado espec\u00edficamente para proporcionar asistencia financiera a empresas\/individuos\/organizaciones de apoyo empresarial (BSO) legalmente registradas con el potencial de exportar sus productos y servicios.\" \/>\n<meta property=\"og:url\" content=\"https:\/\/content.carib-export.com\/es\/resources\/funding\/the-direct-assistance-grant-scheme-dags\/\" \/>\n<meta property=\"og:site_name\" content=\"Exportaci\u00f3n del Caribe\" \/>\n<meta property=\"article:publisher\" content=\"https:\/\/www.facebook.com\/CaribbeanExport\" \/>\n<meta property=\"article:modified_time\" content=\"2025-02-06T16:54:07+00:00\" \/>\n<meta property=\"og:image\" content=\"https:\/\/content.carib-export.com\/wp-content\/uploads\/2019\/04\/DAGs_Get-The-Edge_1000-x-376_Blue.jpg\" \/>\n\t<meta property=\"og:image:width\" content=\"1000\" \/>\n\t<meta property=\"og:image:height\" content=\"376\" \/>\n\t<meta property=\"og:image:type\" content=\"image\/jpeg\" \/>\n<meta name=\"twitter:card\" content=\"summary_large_image\" \/>\n<meta name=\"twitter:site\" content=\"@CaribXport\" \/>\n<meta name=\"twitter:label1\" content=\"Tiempo de lectura\" \/>\n\t<meta name=\"twitter:data1\" content=\"4 minutos\" \/>\n<script type=\"application\/ld+json\" class=\"yoast-schema-graph\">{\"@context\":\"https:\/\/schema.org\",\"@graph\":[{\"@type\":\"WebPage\",\"@id\":\"https:\/\/content.carib-export.com\/es\/resources\/funding\/the-direct-assistance-grant-scheme-dags\/\",\"url\":\"https:\/\/content.carib-export.com\/es\/resources\/funding\/the-direct-assistance-grant-scheme-dags\/\",\"name\":\"El Plan de Subvenciones de Asistencia Directa (DAGS) - nombre del Exportaci\u00f3n del Caribe\",\"isPartOf\":{\"@id\":\"https:\/\/content.carib-export.com\/es\/#website\"},\"primaryImageOfPage\":{\"@id\":\"https:\/\/content.carib-export.com\/es\/resources\/funding\/the-direct-assistance-grant-scheme-dags\/#primaryimage\"},\"image\":{\"@id\":\"https:\/\/content.carib-export.com\/es\/resources\/funding\/the-direct-assistance-grant-scheme-dags\/#primaryimage\"},\"thumbnailUrl\":\"https:\/\/content.carib-export.com\/wp-content\/uploads\/2019\/04\/DAGs_Get-The-Edge_1000-x-376_Blue.jpg\",\"datePublished\":\"2011-09-02T23:53:40+00:00\",\"dateModified\":\"2025-02-06T16:54:07+00:00\",\"breadcrumb\":{\"@id\":\"https:\/\/content.carib-export.com\/es\/resources\/funding\/the-direct-assistance-grant-scheme-dags\/#breadcrumb\"},\"inLanguage\":\"es\",\"potentialAction\":[{\"@type\":\"ReadAction\",\"target\":[\"https:\/\/content.carib-export.com\/es\/resources\/funding\/the-direct-assistance-grant-scheme-dags\/\"]}]},{\"@type\":\"ImageObject\",\"inLanguage\":\"es\",\"@id\":\"https:\/\/content.carib-export.com\/es\/resources\/funding\/the-direct-assistance-grant-scheme-dags\/#primaryimage\",\"url\":\"https:\/\/content.carib-export.com\/wp-content\/uploads\/2019\/04\/DAGs_Get-The-Edge_1000-x-376_Blue.jpg\",\"contentUrl\":\"https:\/\/content.carib-export.com\/wp-content\/uploads\/2019\/04\/DAGs_Get-The-Edge_1000-x-376_Blue.jpg\",\"width\":1000,\"height\":376},{\"@type\":\"BreadcrumbList\",\"@id\":\"https:\/\/content.carib-export.com\/es\/resources\/funding\/the-direct-assistance-grant-scheme-dags\/#breadcrumb\",\"itemListElement\":[{\"@type\":\"ListItem\",\"position\":1,\"name\":\"Casa\",\"item\":\"https:\/\/content.carib-export.com\/es\/home\/\"},{\"@type\":\"ListItem\",\"position\":2,\"name\":\"Recursos\",\"item\":\"https:\/\/content.carib-export.com\/es\/resources\/\"},{\"@type\":\"ListItem\",\"position\":3,\"name\":\"Subvenci\u00f3n\",\"item\":\"https:\/\/content.carib-export.com\/es\/resources\/funding\/\"},{\"@type\":\"ListItem\",\"position\":4,\"name\":\"El Plan de Subvenciones de Asistencia Directa (DAGS)\"}]},{\"@type\":\"WebSite\",\"@id\":\"https:\/\/content.carib-export.com\/es\/#website\",\"url\":\"https:\/\/content.carib-export.com\/es\/\",\"name\":\"Exportaci\u00f3n del Caribe\",\"description\":\"La \u00fanica agencia regional de promoci\u00f3n del comercio y las inversiones en el grupo de \u00c1frica, el Caribe y el Pac\u00edfico.\",\"publisher\":{\"@id\":\"https:\/\/content.carib-export.com\/es\/#organization\"},\"potentialAction\":[{\"@type\":\"SearchAction\",\"target\":{\"@type\":\"EntryPoint\",\"urlTemplate\":\"https:\/\/content.carib-export.com\/es\/?s={search_term_string}\"},\"query-input\":{\"@type\":\"PropertyValueSpecification\",\"valueRequired\":true,\"valueName\":\"search_term_string\"}}],\"inLanguage\":\"es\"},{\"@type\":\"Organization\",\"@id\":\"https:\/\/content.carib-export.com\/es\/#organization\",\"name\":\"Agencia de Desarrollo de Exportaciones del Caribe\",\"url\":\"https:\/\/content.carib-export.com\/es\/\",\"logo\":{\"@type\":\"ImageObject\",\"inLanguage\":\"es\",\"@id\":\"https:\/\/content.carib-export.com\/es\/#\/schema\/logo\/image\/\",\"url\":\"https:\/\/content.carib-export.com\/wp-content\/uploads\/2013\/03\/CE-Logo-2013.jpg\",\"contentUrl\":\"https:\/\/content.carib-export.com\/wp-content\/uploads\/2013\/03\/CE-Logo-2013.jpg\",\"width\":1024,\"height\":244,\"caption\":\"Agencia de Desarrollo de Exportaciones del Caribe\"},\"image\":{\"@id\":\"https:\/\/content.carib-export.com\/es\/#\/schema\/logo\/image\/\"},\"sameAs\":[\"https:\/\/www.facebook.com\/CaribbeanExport\",\"https:\/\/x.com\/CaribXport\",\"https:\/\/www.instagram.com\/caribbeanexport\",\"https:\/\/www.linkedin.com\/company\/caribbeanexport\",\"https:\/\/www.youtube.com\/user\/TheCaribbeanExport\"]}]}<\/script>\n<!-- \/ Yoast SEO plugin. -->","yoast_head_json":{"title":"El Plan de Subvenciones de Asistencia Directa (DAGS) - nombre del Exportaci\u00f3n del Caribe","robots":{"index":"index","follow":"follow","max-snippet":"max-snippet:-1","max-image-preview":"max-image-preview:large","max-video-preview":"max-video-preview:-1"},"canonical":"https:\/\/content.carib-export.com\/es\/resources\/funding\/the-direct-assistance-grant-scheme-dags\/","og_locale":"es_ES","og_type":"article","og_title":"El Plan de Subvenciones de Asistencia Directa (DAGS) - nombre del Exportaci\u00f3n del Caribe","og_description":"DAGS es un mecanismo de financiaci\u00f3n de subvenciones de reembolso dise\u00f1ado espec\u00edficamente para proporcionar asistencia financiera a empresas\/individuos\/organizaciones de apoyo empresarial (BSO) legalmente registradas con el potencial de exportar sus productos y servicios.","og_url":"https:\/\/content.carib-export.com\/es\/resources\/funding\/the-direct-assistance-grant-scheme-dags\/","og_site_name":"Exportaci\u00f3n del Caribe","article_publisher":"https:\/\/www.facebook.com\/CaribbeanExport","article_modified_time":"2025-02-06T16:54:07+00:00","og_image":[{"width":1000,"height":376,"url":"https:\/\/content.carib-export.com\/wp-content\/uploads\/2019\/04\/DAGs_Get-The-Edge_1000-x-376_Blue.jpg","type":"image\/jpeg"}],"twitter_card":"summary_large_image","twitter_site":"@CaribXport","twitter_misc":{"Tiempo de lectura":"4 minutos"},"schema":{"@context":"https:\/\/schema.org","@graph":[{"@type":"WebPage","@id":"https:\/\/content.carib-export.com\/es\/resources\/funding\/the-direct-assistance-grant-scheme-dags\/","url":"https:\/\/content.carib-export.com\/es\/resources\/funding\/the-direct-assistance-grant-scheme-dags\/","name":"El Plan de Subvenciones de Asistencia Directa (DAGS) - nombre del Exportaci\u00f3n del Caribe","isPartOf":{"@id":"https:\/\/content.carib-export.com\/es\/#website"},"primaryImageOfPage":{"@id":"https:\/\/content.carib-export.com\/es\/resources\/funding\/the-direct-assistance-grant-scheme-dags\/#primaryimage"},"image":{"@id":"https:\/\/content.carib-export.com\/es\/resources\/funding\/the-direct-assistance-grant-scheme-dags\/#primaryimage"},"thumbnailUrl":"https:\/\/content.carib-export.com\/wp-content\/uploads\/2019\/04\/DAGs_Get-The-Edge_1000-x-376_Blue.jpg","datePublished":"2011-09-02T23:53:40+00:00","dateModified":"2025-02-06T16:54:07+00:00","breadcrumb":{"@id":"https:\/\/content.carib-export.com\/es\/resources\/funding\/the-direct-assistance-grant-scheme-dags\/#breadcrumb"},"inLanguage":"es","potentialAction":[{"@type":"ReadAction","target":["https:\/\/content.carib-export.com\/es\/resources\/funding\/the-direct-assistance-grant-scheme-dags\/"]}]},{"@type":"ImageObject","inLanguage":"es","@id":"https:\/\/content.carib-export.com\/es\/resources\/funding\/the-direct-assistance-grant-scheme-dags\/#primaryimage","url":"https:\/\/content.carib-export.com\/wp-content\/uploads\/2019\/04\/DAGs_Get-The-Edge_1000-x-376_Blue.jpg","contentUrl":"https:\/\/content.carib-export.com\/wp-content\/uploads\/2019\/04\/DAGs_Get-The-Edge_1000-x-376_Blue.jpg","width":1000,"height":376},{"@type":"BreadcrumbList","@id":"https:\/\/content.carib-export.com\/es\/resources\/funding\/the-direct-assistance-grant-scheme-dags\/#breadcrumb","itemListElement":[{"@type":"ListItem","position":1,"name":"Casa","item":"https:\/\/content.carib-export.com\/es\/home\/"},{"@type":"ListItem","position":2,"name":"Recursos","item":"https:\/\/content.carib-export.com\/es\/resources\/"},{"@type":"ListItem","position":3,"name":"Subvenci\u00f3n","item":"https:\/\/content.carib-export.com\/es\/resources\/funding\/"},{"@type":"ListItem","position":4,"name":"El Plan de Subvenciones de Asistencia Directa (DAGS)"}]},{"@type":"WebSite","@id":"https:\/\/content.carib-export.com\/es\/#website","url":"https:\/\/content.carib-export.com\/es\/","name":"Exportaci\u00f3n del Caribe","description":"La \u00fanica agencia regional de promoci\u00f3n del comercio y las inversiones en el grupo de \u00c1frica, el Caribe y el Pac\u00edfico.","publisher":{"@id":"https:\/\/content.carib-export.com\/es\/#organization"},"potentialAction":[{"@type":"SearchAction","target":{"@type":"EntryPoint","urlTemplate":"https:\/\/content.carib-export.com\/es\/?s={search_term_string}"},"query-input":{"@type":"PropertyValueSpecification","valueRequired":true,"valueName":"search_term_string"}}],"inLanguage":"es"},{"@type":"Organization","@id":"https:\/\/content.carib-export.com\/es\/#organization","name":"Agencia de Desarrollo de Exportaciones del Caribe","url":"https:\/\/content.carib-export.com\/es\/","logo":{"@type":"ImageObject","inLanguage":"es","@id":"https:\/\/content.carib-export.com\/es\/#\/schema\/logo\/image\/","url":"https:\/\/content.carib-export.com\/wp-content\/uploads\/2013\/03\/CE-Logo-2013.jpg","contentUrl":"https:\/\/content.carib-export.com\/wp-content\/uploads\/2013\/03\/CE-Logo-2013.jpg","width":1024,"height":244,"caption":"Agencia de Desarrollo de Exportaciones del Caribe"},"image":{"@id":"https:\/\/content.carib-export.com\/es\/#\/schema\/logo\/image\/"},"sameAs":["https:\/\/www.facebook.com\/CaribbeanExport","https:\/\/x.com\/CaribXport","https:\/\/www.instagram.com\/caribbeanexport","https:\/\/www.linkedin.com\/company\/caribbeanexport","https:\/\/www.youtube.com\/user\/TheCaribbeanExport"]}]}},"_links":{"self":[{"href":"https:\/\/content.carib-export.com\/es\/wp-json\/wp\/v2\/pages\/278892","targetHints":{"allow":["GET"]}}],"collection":[{"href":"https:\/\/content.carib-export.com\/es\/wp-json\/wp\/v2\/pages"}],"about":[{"href":"https:\/\/content.carib-export.com\/es\/wp-json\/wp\/v2\/types\/page"}],"author":[{"embeddable":true,"href":"https:\/\/content.carib-export.com\/es\/wp-json\/wp\/v2\/users\/9"}],"replies":[{"embeddable":true,"href":"https:\/\/content.carib-export.com\/es\/wp-json\/wp\/v2\/comments?post=278892"}],"version-history":[{"count":0,"href":"https:\/\/content.carib-export.com\/es\/wp-json\/wp\/v2\/pages\/278892\/revisions"}],"up":[{"embeddable":true,"href":"https:\/\/content.carib-export.com\/es\/wp-json\/wp\/v2\/pages\/256260"}],"wp:featuredmedia":[{"embeddable":true,"href":"https:\/\/content.carib-export.com\/es\/wp-json\/wp\/v2\/media\/245084"}],"wp:attachment":[{"href":"https:\/\/content.carib-export.com\/es\/wp-json\/wp\/v2\/media?parent=278892"}],"wp:term":[{"taxonomy":"post_tag","embeddable":true,"href":"https:\/\/content.carib-export.com\/es\/wp-json\/wp\/v2\/tags?post=278892"}],"curies":[{"name":"wp","href":"https:\/\/api.w.org\/{rel}","templated":true}]}}