{"id":278913,"date":"2020-02-26T11:54:22","date_gmt":"2020-02-26T15:54:22","guid":{"rendered":"https:\/\/content.carib-export.com\/exporters\/funding\/dags\/"},"modified":"2025-02-06T12:16:56","modified_gmt":"2025-02-06T16:16:56","slug":"dags","status":"publish","type":"page","link":"https:\/\/content.carib-export.com\/es\/resources\/funding\/dags\/","title":{"rendered":"El Plan de Subvenciones de Asistencia Directa (DAGS)"},"content":{"rendered":"\n<p>DAGS es un mecanismo de financiamiento de subvenciones de reembolso dise\u00f1ado espec\u00edficamente para brindar asistencia financiera a personas registradas legalmente . DAGS es un mecanismo de reembolso, lo que significa que no se adelanta dinero a los beneficiarios y tendr\u00e1n que incurrir en el costo total de sus proyectos y se les reembolsar\u00e1 al finalizar sus proyectos. Una subvenci\u00f3n no puede otorgarse retrospectivamente. El objetivo de DAGS es el siguiente:<\/p>\n\n<div style=\"height:40px\" aria-hidden=\"true\" class=\"wp-block-spacer\"><\/div>\n\n<ul class=\"wp-block-list\">\n<li>Apertura de nuevos mercados; aumentar las exportaciones a la Regi\u00f3n del Caribe y\/u otros Mercados Internacionales<\/li>\n\n\n\n<li>Reducir los costos de producci\u00f3n<\/li>\n\n\n\n<li>Identificar nuevas fuentes de suministro de materias primas u otros insumos.<\/li>\n\n\n\n<li>Aumento de la productividad a trav\u00e9s de la formaci\u00f3n y el desarrollo del personal.<\/li>\n\n\n\n<li>Facilitar la protecci\u00f3n de marcas registradas, propiedad intelectual y derechos de autor<\/li>\n\n\n\n<li>Reducci\u00f3n del impacto ambiental<\/li>\n\n\n\n<li>Aprovechar los beneficios del Acuerdo de Asociaci\u00f3n Econ\u00f3mica (EPA), la Econom\u00eda de Mercado \u00danico de CARICOM (CSME), el TLC CARICOM-Rep\u00fablica Dominicana o cualquier otro acuerdo bilateral o multilateral firmado por la regi\u00f3n dentro de la regi\u00f3n o con socios ACP o UE<\/li>\n\n\n\n<li>Fomentar la cooperaci\u00f3n intrarregional para mejorar la productividad y capitalizar las econom\u00edas de escala<\/li>\n\n\n\n<li>Promover programas que tendr\u00e1n un impacto en \u00e1reas subdesarrolladas o sectores desfavorecidos dentro de la regi\u00f3n (por ejemplo, desarrollo de \u00e1reas rurales y g\u00e9nero).<\/li>\n<\/ul>\n\n<div style=\"height:40px\" aria-hidden=\"true\" class=\"wp-block-spacer\"><\/div>\n\n<h2 class=\"wp-block-heading\">Caribbean Export aceptar\u00e1 solicitudes de propuestas de subvenci\u00f3n en las siguientes categor\u00edas para la tercera convocatoria de propuestas:<\/h2>\n\n<div class=\"wp-block-media-text alignwide has-media-on-the-right is-stacked-on-mobile\"><div class=\"wp-block-media-text__content\">\n<ul class=\"wp-block-list\">\n<li>Eficiencia Energ\u00e9tica y Energ\u00edas Renovables (sistemas ambientales);<\/li>\n\n\n\n<li>Marketing y Promociones (marca, empaque y dise\u00f1o, dise\u00f1o de sitios web, folletos, etc.);<\/li>\n\n\n\n<li>preparaci\u00f3n para la inversi\u00f3n (investigaci\u00f3n y desarrollo, innovaci\u00f3n, actualizaci\u00f3n tecnol\u00f3gica, pruebas de mercado, etc.);<\/li>\n\n\n\n<li>Compra y actualizaci\u00f3n de equipos;<\/li>\n\n\n\n<li>Certificaci\u00f3n (normas, reglamentos, etc.);<\/li>\n\n\n\n<li>Creaci\u00f3n de capacidad (programas de formaci\u00f3n);<\/li>\n\n\n\n<li>Ferias comerciales (costos de stand y tarifas de registro); y<\/li>\n\n\n\n<li>Protecci\u00f3n de los Derechos de Propiedad Intelectual (registro de marcas, patentes, etc.).<\/li>\n<\/ul>\n<\/div><figure class=\"wp-block-media-text__media\"><img loading=\"lazy\" decoding=\"async\" width=\"1024\" height=\"1024\" src=\"https:\/\/content.carib-export.com\/wp-content\/uploads\/2020\/02\/CE-DAGS-2020-Square-Renewablef-1024x1024.jpg\" alt=\"\" class=\"wp-image-187979 size-full\" srcset=\"https:\/\/content.carib-export.com\/wp-content\/uploads\/2020\/02\/CE-DAGS-2020-Square-Renewablef-1024x1024.jpg 1024w, https:\/\/content.carib-export.com\/wp-content\/uploads\/2020\/02\/CE-DAGS-2020-Square-Renewablef-300x300.jpg 300w, https:\/\/content.carib-export.com\/wp-content\/uploads\/2020\/02\/CE-DAGS-2020-Square-Renewablef-150x150.jpg 150w, https:\/\/content.carib-export.com\/wp-content\/uploads\/2020\/02\/CE-DAGS-2020-Square-Renewablef-768x768.jpg 768w, https:\/\/content.carib-export.com\/wp-content\/uploads\/2020\/02\/CE-DAGS-2020-Square-Renewablef.jpg 1200w\" sizes=\"auto, (max-width: 1024px) 100vw, 1024px\" \/><\/figure><\/div>\n\n<div class=\"wp-block-buttons is-layout-flex wp-block-buttons-is-layout-flex\">\n<div class=\"wp-block-button is-style-outline is-style-outline--2\"><a class=\"wp-block-button__link wp-element-button\" href=\"https:\/\/content.carib-export.com\/exporters\/funding\/dags\/grant-awardees\/\" style=\"border-radius:0px\"> Adjudicatarios de subvenciones del 11.\u00ba FED <\/a><\/div>\n<\/div>\n\n<h3 class=\"wp-block-heading\"><strong>Esta convocatoria de propuestas ya est\u00e1 cerrada.<\/strong><\/h3>\n","protected":false},"excerpt":{"rendered":"<p>DAGS es un mecanismo de financiamiento de subvenciones de reembolso dise\u00f1ado espec\u00edficamente para brindar asistencia financiera a personas registradas legalmente . DAGS es un mecanismo de reembolso, lo que significa que no se adelanta dinero a los beneficiarios y tendr\u00e1n que incurrir en el costo total de sus proyectos y se les reembolsar\u00e1 al finalizar [&hellip;]<\/p>\n","protected":false},"author":9,"featured_media":249599,"parent":256260,"menu_order":0,"comment_status":"closed","ping_status":"closed","template":"","meta":{"_acf_changed":false,"inline_featured_image":false,"footnotes":""},"tags":[],"class_list":["post-278913","page","type-page","status-publish","has-post-thumbnail","hentry"],"acf":[],"yoast_head":"<!-- This site is optimized with the Yoast SEO plugin v27.1.1 - https:\/\/yoast.com\/product\/yoast-seo-wordpress\/ -->\n<title>El Plan de Subvenciones de Asistencia Directa (DAGS) - nombre del Exportaci\u00f3n del Caribe<\/title>\n<meta name=\"robots\" content=\"index, follow, max-snippet:-1, max-image-preview:large, max-video-preview:-1\" \/>\n<link rel=\"canonical\" href=\"https:\/\/content.carib-export.com\/es\/resources\/funding\/dags\/\" \/>\n<meta property=\"og:locale\" content=\"es_ES\" \/>\n<meta property=\"og:type\" content=\"article\" \/>\n<meta property=\"og:title\" content=\"El Plan de Subvenciones de Asistencia Directa (DAGS) - nombre del Exportaci\u00f3n del Caribe\" \/>\n<meta property=\"og:description\" content=\"DAGS es un mecanismo de financiamiento de subvenciones de reembolso dise\u00f1ado espec\u00edficamente para brindar asistencia financiera a personas registradas legalmente . DAGS es un mecanismo de reembolso, lo que significa que no se adelanta dinero a los beneficiarios y tendr\u00e1n que incurrir en el costo total de sus proyectos y se les reembolsar\u00e1 al finalizar [&hellip;]\" \/>\n<meta property=\"og:url\" content=\"https:\/\/content.carib-export.com\/es\/resources\/funding\/dags\/\" \/>\n<meta property=\"og:site_name\" content=\"Exportaci\u00f3n del Caribe\" \/>\n<meta property=\"article:publisher\" content=\"https:\/\/www.facebook.com\/CaribbeanExport\" \/>\n<meta property=\"article:modified_time\" content=\"2025-02-06T16:16:56+00:00\" \/>\n<meta property=\"og:image\" content=\"https:\/\/content.carib-export.com\/wp-content\/uploads\/2020\/02\/CE-DAGS-2020-Square-CreativeIndusf.jpg\" \/>\n\t<meta property=\"og:image:width\" content=\"1200\" \/>\n\t<meta property=\"og:image:height\" content=\"1200\" \/>\n\t<meta property=\"og:image:type\" content=\"image\/jpeg\" \/>\n<meta name=\"twitter:card\" content=\"summary_large_image\" \/>\n<meta name=\"twitter:site\" content=\"@CaribXport\" \/>\n<meta name=\"twitter:label1\" content=\"Tiempo de lectura\" \/>\n\t<meta name=\"twitter:data1\" content=\"2 minutos\" \/>\n<script type=\"application\/ld+json\" class=\"yoast-schema-graph\">{\"@context\":\"https:\/\/schema.org\",\"@graph\":[{\"@type\":\"WebPage\",\"@id\":\"https:\/\/content.carib-export.com\/es\/resources\/funding\/dags\/\",\"url\":\"https:\/\/content.carib-export.com\/es\/resources\/funding\/dags\/\",\"name\":\"El Plan de Subvenciones de Asistencia Directa (DAGS) - nombre del Exportaci\u00f3n del Caribe\",\"isPartOf\":{\"@id\":\"https:\/\/content.carib-export.com\/es\/#website\"},\"primaryImageOfPage\":{\"@id\":\"https:\/\/content.carib-export.com\/es\/resources\/funding\/dags\/#primaryimage\"},\"image\":{\"@id\":\"https:\/\/content.carib-export.com\/es\/resources\/funding\/dags\/#primaryimage\"},\"thumbnailUrl\":\"https:\/\/content.carib-export.com\/wp-content\/uploads\/2020\/02\/CE-DAGS-2020-Square-CreativeIndusf.jpg\",\"datePublished\":\"2020-02-26T15:54:22+00:00\",\"dateModified\":\"2025-02-06T16:16:56+00:00\",\"breadcrumb\":{\"@id\":\"https:\/\/content.carib-export.com\/es\/resources\/funding\/dags\/#breadcrumb\"},\"inLanguage\":\"es\",\"potentialAction\":[{\"@type\":\"ReadAction\",\"target\":[\"https:\/\/content.carib-export.com\/es\/resources\/funding\/dags\/\"]}]},{\"@type\":\"ImageObject\",\"inLanguage\":\"es\",\"@id\":\"https:\/\/content.carib-export.com\/es\/resources\/funding\/dags\/#primaryimage\",\"url\":\"https:\/\/content.carib-export.com\/wp-content\/uploads\/2020\/02\/CE-DAGS-2020-Square-CreativeIndusf.jpg\",\"contentUrl\":\"https:\/\/content.carib-export.com\/wp-content\/uploads\/2020\/02\/CE-DAGS-2020-Square-CreativeIndusf.jpg\",\"width\":1200,\"height\":1200},{\"@type\":\"BreadcrumbList\",\"@id\":\"https:\/\/content.carib-export.com\/es\/resources\/funding\/dags\/#breadcrumb\",\"itemListElement\":[{\"@type\":\"ListItem\",\"position\":1,\"name\":\"Casa\",\"item\":\"https:\/\/content.carib-export.com\/es\/home\/\"},{\"@type\":\"ListItem\",\"position\":2,\"name\":\"Recursos\",\"item\":\"https:\/\/content.carib-export.com\/es\/resources\/\"},{\"@type\":\"ListItem\",\"position\":3,\"name\":\"Subvenci\u00f3n\",\"item\":\"https:\/\/content.carib-export.com\/es\/resources\/funding\/\"},{\"@type\":\"ListItem\",\"position\":4,\"name\":\"El Plan de Subvenciones de Asistencia Directa (DAGS)\"}]},{\"@type\":\"WebSite\",\"@id\":\"https:\/\/content.carib-export.com\/es\/#website\",\"url\":\"https:\/\/content.carib-export.com\/es\/\",\"name\":\"Exportaci\u00f3n del Caribe\",\"description\":\"La \u00fanica agencia regional de promoci\u00f3n del comercio y las inversiones en el grupo de \u00c1frica, el Caribe y el Pac\u00edfico.\",\"publisher\":{\"@id\":\"https:\/\/content.carib-export.com\/es\/#organization\"},\"potentialAction\":[{\"@type\":\"SearchAction\",\"target\":{\"@type\":\"EntryPoint\",\"urlTemplate\":\"https:\/\/content.carib-export.com\/es\/?s={search_term_string}\"},\"query-input\":{\"@type\":\"PropertyValueSpecification\",\"valueRequired\":true,\"valueName\":\"search_term_string\"}}],\"inLanguage\":\"es\"},{\"@type\":\"Organization\",\"@id\":\"https:\/\/content.carib-export.com\/es\/#organization\",\"name\":\"Agencia de Desarrollo de Exportaciones del Caribe\",\"url\":\"https:\/\/content.carib-export.com\/es\/\",\"logo\":{\"@type\":\"ImageObject\",\"inLanguage\":\"es\",\"@id\":\"https:\/\/content.carib-export.com\/es\/#\/schema\/logo\/image\/\",\"url\":\"https:\/\/content.carib-export.com\/wp-content\/uploads\/2013\/03\/CE-Logo-2013.jpg\",\"contentUrl\":\"https:\/\/content.carib-export.com\/wp-content\/uploads\/2013\/03\/CE-Logo-2013.jpg\",\"width\":1024,\"height\":244,\"caption\":\"Agencia de Desarrollo de Exportaciones del Caribe\"},\"image\":{\"@id\":\"https:\/\/content.carib-export.com\/es\/#\/schema\/logo\/image\/\"},\"sameAs\":[\"https:\/\/www.facebook.com\/CaribbeanExport\",\"https:\/\/x.com\/CaribXport\",\"https:\/\/www.instagram.com\/caribbeanexport\",\"https:\/\/www.linkedin.com\/company\/caribbeanexport\",\"https:\/\/www.youtube.com\/user\/TheCaribbeanExport\"]}]}<\/script>\n<!-- \/ Yoast SEO plugin. -->","yoast_head_json":{"title":"El Plan de Subvenciones de Asistencia Directa (DAGS) - nombre del Exportaci\u00f3n del Caribe","robots":{"index":"index","follow":"follow","max-snippet":"max-snippet:-1","max-image-preview":"max-image-preview:large","max-video-preview":"max-video-preview:-1"},"canonical":"https:\/\/content.carib-export.com\/es\/resources\/funding\/dags\/","og_locale":"es_ES","og_type":"article","og_title":"El Plan de Subvenciones de Asistencia Directa (DAGS) - nombre del Exportaci\u00f3n del Caribe","og_description":"DAGS es un mecanismo de financiamiento de subvenciones de reembolso dise\u00f1ado espec\u00edficamente para brindar asistencia financiera a personas registradas legalmente . DAGS es un mecanismo de reembolso, lo que significa que no se adelanta dinero a los beneficiarios y tendr\u00e1n que incurrir en el costo total de sus proyectos y se les reembolsar\u00e1 al finalizar [&hellip;]","og_url":"https:\/\/content.carib-export.com\/es\/resources\/funding\/dags\/","og_site_name":"Exportaci\u00f3n del Caribe","article_publisher":"https:\/\/www.facebook.com\/CaribbeanExport","article_modified_time":"2025-02-06T16:16:56+00:00","og_image":[{"width":1200,"height":1200,"url":"https:\/\/content.carib-export.com\/wp-content\/uploads\/2020\/02\/CE-DAGS-2020-Square-CreativeIndusf.jpg","type":"image\/jpeg"}],"twitter_card":"summary_large_image","twitter_site":"@CaribXport","twitter_misc":{"Tiempo de lectura":"2 minutos"},"schema":{"@context":"https:\/\/schema.org","@graph":[{"@type":"WebPage","@id":"https:\/\/content.carib-export.com\/es\/resources\/funding\/dags\/","url":"https:\/\/content.carib-export.com\/es\/resources\/funding\/dags\/","name":"El Plan de Subvenciones de Asistencia Directa (DAGS) - nombre del Exportaci\u00f3n del Caribe","isPartOf":{"@id":"https:\/\/content.carib-export.com\/es\/#website"},"primaryImageOfPage":{"@id":"https:\/\/content.carib-export.com\/es\/resources\/funding\/dags\/#primaryimage"},"image":{"@id":"https:\/\/content.carib-export.com\/es\/resources\/funding\/dags\/#primaryimage"},"thumbnailUrl":"https:\/\/content.carib-export.com\/wp-content\/uploads\/2020\/02\/CE-DAGS-2020-Square-CreativeIndusf.jpg","datePublished":"2020-02-26T15:54:22+00:00","dateModified":"2025-02-06T16:16:56+00:00","breadcrumb":{"@id":"https:\/\/content.carib-export.com\/es\/resources\/funding\/dags\/#breadcrumb"},"inLanguage":"es","potentialAction":[{"@type":"ReadAction","target":["https:\/\/content.carib-export.com\/es\/resources\/funding\/dags\/"]}]},{"@type":"ImageObject","inLanguage":"es","@id":"https:\/\/content.carib-export.com\/es\/resources\/funding\/dags\/#primaryimage","url":"https:\/\/content.carib-export.com\/wp-content\/uploads\/2020\/02\/CE-DAGS-2020-Square-CreativeIndusf.jpg","contentUrl":"https:\/\/content.carib-export.com\/wp-content\/uploads\/2020\/02\/CE-DAGS-2020-Square-CreativeIndusf.jpg","width":1200,"height":1200},{"@type":"BreadcrumbList","@id":"https:\/\/content.carib-export.com\/es\/resources\/funding\/dags\/#breadcrumb","itemListElement":[{"@type":"ListItem","position":1,"name":"Casa","item":"https:\/\/content.carib-export.com\/es\/home\/"},{"@type":"ListItem","position":2,"name":"Recursos","item":"https:\/\/content.carib-export.com\/es\/resources\/"},{"@type":"ListItem","position":3,"name":"Subvenci\u00f3n","item":"https:\/\/content.carib-export.com\/es\/resources\/funding\/"},{"@type":"ListItem","position":4,"name":"El Plan de Subvenciones de Asistencia Directa (DAGS)"}]},{"@type":"WebSite","@id":"https:\/\/content.carib-export.com\/es\/#website","url":"https:\/\/content.carib-export.com\/es\/","name":"Exportaci\u00f3n del Caribe","description":"La \u00fanica agencia regional de promoci\u00f3n del comercio y las inversiones en el grupo de \u00c1frica, el Caribe y el Pac\u00edfico.","publisher":{"@id":"https:\/\/content.carib-export.com\/es\/#organization"},"potentialAction":[{"@type":"SearchAction","target":{"@type":"EntryPoint","urlTemplate":"https:\/\/content.carib-export.com\/es\/?s={search_term_string}"},"query-input":{"@type":"PropertyValueSpecification","valueRequired":true,"valueName":"search_term_string"}}],"inLanguage":"es"},{"@type":"Organization","@id":"https:\/\/content.carib-export.com\/es\/#organization","name":"Agencia de Desarrollo de Exportaciones del Caribe","url":"https:\/\/content.carib-export.com\/es\/","logo":{"@type":"ImageObject","inLanguage":"es","@id":"https:\/\/content.carib-export.com\/es\/#\/schema\/logo\/image\/","url":"https:\/\/content.carib-export.com\/wp-content\/uploads\/2013\/03\/CE-Logo-2013.jpg","contentUrl":"https:\/\/content.carib-export.com\/wp-content\/uploads\/2013\/03\/CE-Logo-2013.jpg","width":1024,"height":244,"caption":"Agencia de Desarrollo de Exportaciones del Caribe"},"image":{"@id":"https:\/\/content.carib-export.com\/es\/#\/schema\/logo\/image\/"},"sameAs":["https:\/\/www.facebook.com\/CaribbeanExport","https:\/\/x.com\/CaribXport","https:\/\/www.instagram.com\/caribbeanexport","https:\/\/www.linkedin.com\/company\/caribbeanexport","https:\/\/www.youtube.com\/user\/TheCaribbeanExport"]}]}},"_links":{"self":[{"href":"https:\/\/content.carib-export.com\/es\/wp-json\/wp\/v2\/pages\/278913","targetHints":{"allow":["GET"]}}],"collection":[{"href":"https:\/\/content.carib-export.com\/es\/wp-json\/wp\/v2\/pages"}],"about":[{"href":"https:\/\/content.carib-export.com\/es\/wp-json\/wp\/v2\/types\/page"}],"author":[{"embeddable":true,"href":"https:\/\/content.carib-export.com\/es\/wp-json\/wp\/v2\/users\/9"}],"replies":[{"embeddable":true,"href":"https:\/\/content.carib-export.com\/es\/wp-json\/wp\/v2\/comments?post=278913"}],"version-history":[{"count":0,"href":"https:\/\/content.carib-export.com\/es\/wp-json\/wp\/v2\/pages\/278913\/revisions"}],"up":[{"embeddable":true,"href":"https:\/\/content.carib-export.com\/es\/wp-json\/wp\/v2\/pages\/256260"}],"wp:featuredmedia":[{"embeddable":true,"href":"https:\/\/content.carib-export.com\/es\/wp-json\/wp\/v2\/media\/249599"}],"wp:attachment":[{"href":"https:\/\/content.carib-export.com\/es\/wp-json\/wp\/v2\/media?parent=278913"}],"wp:term":[{"taxonomy":"post_tag","embeddable":true,"href":"https:\/\/content.carib-export.com\/es\/wp-json\/wp\/v2\/tags?post=278913"}],"curies":[{"name":"wp","href":"https:\/\/api.w.org\/{rel}","templated":true}]}}