{"id":280024,"date":"2022-05-17T14:22:55","date_gmt":"2022-05-17T18:22:55","guid":{"rendered":"https:\/\/content.carib-export.com\/exporters\/exporters-toolkit\/9-steps-to-get-your-brand-prepped-for-export\/future-proof-your-brand-architecture\/"},"modified":"2025-02-05T14:59:16","modified_gmt":"2025-02-05T18:59:16","slug":"future-proof-your-brand-architecture","status":"publish","type":"page","link":"https:\/\/content.carib-export.com\/es\/resources\/exporters-toolkit\/9-steps-to-get-your-brand-prepped-for-export\/future-proof-your-brand-architecture\/","title":{"rendered":"Prepara tu arquitectura de marca para el futuro"},"content":{"rendered":"\n<p><em>Paso 6<\/em> &#8211; Prepare su arquitectura de marca para el futuro<\/p>\n\n<blockquote class=\"wp-block-quote is-style-default is-layout-flow wp-block-quote-is-layout-flow\"><p>Esencial si est\u00e1 en el negocio a largo plazo<\/p><cite><em>La fase de creaci\u00f3n<\/em><\/cite><\/blockquote>\n\n<p>Si est\u00e1 en el negocio a largo plazo, es crucial asegurarse de que la arquitectura de su marca sea lo suficientemente maleable para sobrevivir. Tienes que hacerte una pregunta clave durante la fase creativa: \u00bfest\u00e1 tu marca preparada para el futuro?<\/p>\n\n<p>Cuando su marca est\u00e1 en auge, es posible que desee ampliar su gama de productos. Si su apariencia es simple pero distinta, entonces su marca podr\u00e1 aplicarse a cualquier cosa sin demasiados problemas&#8230;<\/p>\n\n<p>Las marcas demasiado complicadas sin una narrativa clara ser\u00e1n mucho m\u00e1s dif\u00edciles de diversificar.<\/p>\n\n<figure class=\"wp-block-image size-full is-resized\"><img loading=\"lazy\" decoding=\"async\" src=\"https:\/\/content.carib-export.com\/wp-content\/uploads\/2017\/10\/ceda-9-steps-step-6-image.png\" alt=\"\" class=\"wp-image-178857\" width=\"697\" height=\"333\"\/><\/figure>\n\n<p><strong>Cuando Brand42 trabaj\u00f3 para CNN, crearon una gu\u00eda de estilo para que cualquier servicio nuevo pudiera adaptarse f\u00e1cilmente a la apariencia de la marca.<\/strong><\/p>\n","protected":false},"excerpt":{"rendered":"<p>Paso 6 &#8211; Prepare su arquitectura de marca para el futuro Esencial si est\u00e1 en el negocio a largo plazo La fase de creaci\u00f3n Si est\u00e1 en el negocio a largo plazo, es crucial asegurarse de que la arquitectura de su marca sea lo suficientemente maleable para sobrevivir. Tienes que hacerte una pregunta clave durante [&hellip;]<\/p>\n","protected":false},"author":9,"featured_media":0,"parent":270082,"menu_order":0,"comment_status":"closed","ping_status":"closed","template":"","meta":{"_acf_changed":false,"inline_featured_image":false,"footnotes":""},"tags":[],"class_list":["post-280024","page","type-page","status-publish","hentry"],"acf":[],"yoast_head":"<!-- This site is optimized with the Yoast SEO plugin v27.1.1 - https:\/\/yoast.com\/product\/yoast-seo-wordpress\/ -->\n<title>Prepara tu arquitectura de marca para el futuro - nombre del Exportaci\u00f3n del Caribe<\/title>\n<meta name=\"robots\" content=\"index, follow, max-snippet:-1, max-image-preview:large, max-video-preview:-1\" \/>\n<link rel=\"canonical\" href=\"https:\/\/content.carib-export.com\/es\/resources\/exporters-toolkit\/9-steps-to-get-your-brand-prepped-for-export\/future-proof-your-brand-architecture\/\" \/>\n<meta property=\"og:locale\" content=\"es_ES\" \/>\n<meta property=\"og:type\" content=\"article\" \/>\n<meta property=\"og:title\" content=\"Prepara tu arquitectura de marca para el futuro - nombre del Exportaci\u00f3n del Caribe\" \/>\n<meta property=\"og:description\" content=\"Paso 6 &#8211; Prepare su arquitectura de marca para el futuro Esencial si est\u00e1 en el negocio a largo plazo La fase de creaci\u00f3n Si est\u00e1 en el negocio a largo plazo, es crucial asegurarse de que la arquitectura de su marca sea lo suficientemente maleable para sobrevivir. Tienes que hacerte una pregunta clave durante [&hellip;]\" \/>\n<meta property=\"og:url\" content=\"https:\/\/content.carib-export.com\/es\/resources\/exporters-toolkit\/9-steps-to-get-your-brand-prepped-for-export\/future-proof-your-brand-architecture\/\" \/>\n<meta property=\"og:site_name\" content=\"Exportaci\u00f3n del Caribe\" \/>\n<meta property=\"article:publisher\" content=\"https:\/\/www.facebook.com\/CaribbeanExport\" \/>\n<meta property=\"article:modified_time\" content=\"2025-02-05T18:59:16+00:00\" \/>\n<meta property=\"og:image\" content=\"https:\/\/content.carib-export.com\/wp-content\/uploads\/2019\/06\/CEDA-default-square.jpg\" \/>\n\t<meta property=\"og:image:width\" content=\"1000\" \/>\n\t<meta property=\"og:image:height\" content=\"1000\" \/>\n\t<meta property=\"og:image:type\" content=\"image\/jpeg\" \/>\n<meta name=\"twitter:card\" content=\"summary_large_image\" \/>\n<meta name=\"twitter:site\" content=\"@CaribXport\" \/>\n<meta name=\"twitter:label1\" content=\"Tiempo de lectura\" \/>\n\t<meta name=\"twitter:data1\" content=\"1 minuto\" \/>\n<script type=\"application\/ld+json\" class=\"yoast-schema-graph\">{\"@context\":\"https:\/\/schema.org\",\"@graph\":[{\"@type\":\"WebPage\",\"@id\":\"https:\/\/content.carib-export.com\/es\/resources\/exporters-toolkit\/9-steps-to-get-your-brand-prepped-for-export\/future-proof-your-brand-architecture\/\",\"url\":\"https:\/\/content.carib-export.com\/es\/resources\/exporters-toolkit\/9-steps-to-get-your-brand-prepped-for-export\/future-proof-your-brand-architecture\/\",\"name\":\"Prepara tu arquitectura de marca para el futuro - nombre del Exportaci\u00f3n del Caribe\",\"isPartOf\":{\"@id\":\"https:\/\/content.carib-export.com\/es\/#website\"},\"primaryImageOfPage\":{\"@id\":\"https:\/\/content.carib-export.com\/es\/resources\/exporters-toolkit\/9-steps-to-get-your-brand-prepped-for-export\/future-proof-your-brand-architecture\/#primaryimage\"},\"image\":{\"@id\":\"https:\/\/content.carib-export.com\/es\/resources\/exporters-toolkit\/9-steps-to-get-your-brand-prepped-for-export\/future-proof-your-brand-architecture\/#primaryimage\"},\"thumbnailUrl\":\"https:\/\/content.carib-export.com\/wp-content\/uploads\/2017\/10\/ceda-9-steps-step-6-image.png\",\"datePublished\":\"2022-05-17T18:22:55+00:00\",\"dateModified\":\"2025-02-05T18:59:16+00:00\",\"breadcrumb\":{\"@id\":\"https:\/\/content.carib-export.com\/es\/resources\/exporters-toolkit\/9-steps-to-get-your-brand-prepped-for-export\/future-proof-your-brand-architecture\/#breadcrumb\"},\"inLanguage\":\"es\",\"potentialAction\":[{\"@type\":\"ReadAction\",\"target\":[\"https:\/\/content.carib-export.com\/es\/resources\/exporters-toolkit\/9-steps-to-get-your-brand-prepped-for-export\/future-proof-your-brand-architecture\/\"]}]},{\"@type\":\"ImageObject\",\"inLanguage\":\"es\",\"@id\":\"https:\/\/content.carib-export.com\/es\/resources\/exporters-toolkit\/9-steps-to-get-your-brand-prepped-for-export\/future-proof-your-brand-architecture\/#primaryimage\",\"url\":\"https:\/\/content.carib-export.com\/wp-content\/uploads\/2017\/10\/ceda-9-steps-step-6-image.png\",\"contentUrl\":\"https:\/\/content.carib-export.com\/wp-content\/uploads\/2017\/10\/ceda-9-steps-step-6-image.png\"},{\"@type\":\"BreadcrumbList\",\"@id\":\"https:\/\/content.carib-export.com\/es\/resources\/exporters-toolkit\/9-steps-to-get-your-brand-prepped-for-export\/future-proof-your-brand-architecture\/#breadcrumb\",\"itemListElement\":[{\"@type\":\"ListItem\",\"position\":1,\"name\":\"Casa\",\"item\":\"https:\/\/content.carib-export.com\/es\/home\/\"},{\"@type\":\"ListItem\",\"position\":2,\"name\":\"Recursos\",\"item\":\"https:\/\/content.carib-export.com\/es\/resources\/\"},{\"@type\":\"ListItem\",\"position\":3,\"name\":\"Kit de herramientas para exportadores\",\"item\":\"https:\/\/content.carib-export.com\/es\/resources\/exporters-toolkit\/\"},{\"@type\":\"ListItem\",\"position\":4,\"name\":\"9 pasos para preparar su marca para la exportaci\u00f3n\",\"item\":\"https:\/\/content.carib-export.com\/es\/resources\/exporters-toolkit\/9-steps-to-get-your-brand-prepped-for-export\/\"},{\"@type\":\"ListItem\",\"position\":5,\"name\":\"Prepara tu arquitectura de marca para el futuro\"}]},{\"@type\":\"WebSite\",\"@id\":\"https:\/\/content.carib-export.com\/es\/#website\",\"url\":\"https:\/\/content.carib-export.com\/es\/\",\"name\":\"Exportaci\u00f3n del Caribe\",\"description\":\"La \u00fanica agencia regional de promoci\u00f3n del comercio y las inversiones en el grupo de \u00c1frica, el Caribe y el Pac\u00edfico.\",\"publisher\":{\"@id\":\"https:\/\/content.carib-export.com\/es\/#organization\"},\"potentialAction\":[{\"@type\":\"SearchAction\",\"target\":{\"@type\":\"EntryPoint\",\"urlTemplate\":\"https:\/\/content.carib-export.com\/es\/?s={search_term_string}\"},\"query-input\":{\"@type\":\"PropertyValueSpecification\",\"valueRequired\":true,\"valueName\":\"search_term_string\"}}],\"inLanguage\":\"es\"},{\"@type\":\"Organization\",\"@id\":\"https:\/\/content.carib-export.com\/es\/#organization\",\"name\":\"Agencia de Desarrollo de Exportaciones del Caribe\",\"url\":\"https:\/\/content.carib-export.com\/es\/\",\"logo\":{\"@type\":\"ImageObject\",\"inLanguage\":\"es\",\"@id\":\"https:\/\/content.carib-export.com\/es\/#\/schema\/logo\/image\/\",\"url\":\"https:\/\/content.carib-export.com\/wp-content\/uploads\/2013\/03\/CE-Logo-2013.jpg\",\"contentUrl\":\"https:\/\/content.carib-export.com\/wp-content\/uploads\/2013\/03\/CE-Logo-2013.jpg\",\"width\":1024,\"height\":244,\"caption\":\"Agencia de Desarrollo de Exportaciones del Caribe\"},\"image\":{\"@id\":\"https:\/\/content.carib-export.com\/es\/#\/schema\/logo\/image\/\"},\"sameAs\":[\"https:\/\/www.facebook.com\/CaribbeanExport\",\"https:\/\/x.com\/CaribXport\",\"https:\/\/www.instagram.com\/caribbeanexport\",\"https:\/\/www.linkedin.com\/company\/caribbeanexport\",\"https:\/\/www.youtube.com\/user\/TheCaribbeanExport\"]}]}<\/script>\n<!-- \/ Yoast SEO plugin. -->","yoast_head_json":{"title":"Prepara tu arquitectura de marca para el futuro - nombre del Exportaci\u00f3n del Caribe","robots":{"index":"index","follow":"follow","max-snippet":"max-snippet:-1","max-image-preview":"max-image-preview:large","max-video-preview":"max-video-preview:-1"},"canonical":"https:\/\/content.carib-export.com\/es\/resources\/exporters-toolkit\/9-steps-to-get-your-brand-prepped-for-export\/future-proof-your-brand-architecture\/","og_locale":"es_ES","og_type":"article","og_title":"Prepara tu arquitectura de marca para el futuro - nombre del Exportaci\u00f3n del Caribe","og_description":"Paso 6 &#8211; Prepare su arquitectura de marca para el futuro Esencial si est\u00e1 en el negocio a largo plazo La fase de creaci\u00f3n Si est\u00e1 en el negocio a largo plazo, es crucial asegurarse de que la arquitectura de su marca sea lo suficientemente maleable para sobrevivir. Tienes que hacerte una pregunta clave durante [&hellip;]","og_url":"https:\/\/content.carib-export.com\/es\/resources\/exporters-toolkit\/9-steps-to-get-your-brand-prepped-for-export\/future-proof-your-brand-architecture\/","og_site_name":"Exportaci\u00f3n del Caribe","article_publisher":"https:\/\/www.facebook.com\/CaribbeanExport","article_modified_time":"2025-02-05T18:59:16+00:00","og_image":[{"width":1000,"height":1000,"url":"https:\/\/content.carib-export.com\/wp-content\/uploads\/2019\/06\/CEDA-default-square.jpg","type":"image\/jpeg"}],"twitter_card":"summary_large_image","twitter_site":"@CaribXport","twitter_misc":{"Tiempo de lectura":"1 minuto"},"schema":{"@context":"https:\/\/schema.org","@graph":[{"@type":"WebPage","@id":"https:\/\/content.carib-export.com\/es\/resources\/exporters-toolkit\/9-steps-to-get-your-brand-prepped-for-export\/future-proof-your-brand-architecture\/","url":"https:\/\/content.carib-export.com\/es\/resources\/exporters-toolkit\/9-steps-to-get-your-brand-prepped-for-export\/future-proof-your-brand-architecture\/","name":"Prepara tu arquitectura de marca para el futuro - nombre del Exportaci\u00f3n del Caribe","isPartOf":{"@id":"https:\/\/content.carib-export.com\/es\/#website"},"primaryImageOfPage":{"@id":"https:\/\/content.carib-export.com\/es\/resources\/exporters-toolkit\/9-steps-to-get-your-brand-prepped-for-export\/future-proof-your-brand-architecture\/#primaryimage"},"image":{"@id":"https:\/\/content.carib-export.com\/es\/resources\/exporters-toolkit\/9-steps-to-get-your-brand-prepped-for-export\/future-proof-your-brand-architecture\/#primaryimage"},"thumbnailUrl":"https:\/\/content.carib-export.com\/wp-content\/uploads\/2017\/10\/ceda-9-steps-step-6-image.png","datePublished":"2022-05-17T18:22:55+00:00","dateModified":"2025-02-05T18:59:16+00:00","breadcrumb":{"@id":"https:\/\/content.carib-export.com\/es\/resources\/exporters-toolkit\/9-steps-to-get-your-brand-prepped-for-export\/future-proof-your-brand-architecture\/#breadcrumb"},"inLanguage":"es","potentialAction":[{"@type":"ReadAction","target":["https:\/\/content.carib-export.com\/es\/resources\/exporters-toolkit\/9-steps-to-get-your-brand-prepped-for-export\/future-proof-your-brand-architecture\/"]}]},{"@type":"ImageObject","inLanguage":"es","@id":"https:\/\/content.carib-export.com\/es\/resources\/exporters-toolkit\/9-steps-to-get-your-brand-prepped-for-export\/future-proof-your-brand-architecture\/#primaryimage","url":"https:\/\/content.carib-export.com\/wp-content\/uploads\/2017\/10\/ceda-9-steps-step-6-image.png","contentUrl":"https:\/\/content.carib-export.com\/wp-content\/uploads\/2017\/10\/ceda-9-steps-step-6-image.png"},{"@type":"BreadcrumbList","@id":"https:\/\/content.carib-export.com\/es\/resources\/exporters-toolkit\/9-steps-to-get-your-brand-prepped-for-export\/future-proof-your-brand-architecture\/#breadcrumb","itemListElement":[{"@type":"ListItem","position":1,"name":"Casa","item":"https:\/\/content.carib-export.com\/es\/home\/"},{"@type":"ListItem","position":2,"name":"Recursos","item":"https:\/\/content.carib-export.com\/es\/resources\/"},{"@type":"ListItem","position":3,"name":"Kit de herramientas para exportadores","item":"https:\/\/content.carib-export.com\/es\/resources\/exporters-toolkit\/"},{"@type":"ListItem","position":4,"name":"9 pasos para preparar su marca para la exportaci\u00f3n","item":"https:\/\/content.carib-export.com\/es\/resources\/exporters-toolkit\/9-steps-to-get-your-brand-prepped-for-export\/"},{"@type":"ListItem","position":5,"name":"Prepara tu arquitectura de marca para el futuro"}]},{"@type":"WebSite","@id":"https:\/\/content.carib-export.com\/es\/#website","url":"https:\/\/content.carib-export.com\/es\/","name":"Exportaci\u00f3n del Caribe","description":"La \u00fanica agencia regional de promoci\u00f3n del comercio y las inversiones en el grupo de \u00c1frica, el Caribe y el Pac\u00edfico.","publisher":{"@id":"https:\/\/content.carib-export.com\/es\/#organization"},"potentialAction":[{"@type":"SearchAction","target":{"@type":"EntryPoint","urlTemplate":"https:\/\/content.carib-export.com\/es\/?s={search_term_string}"},"query-input":{"@type":"PropertyValueSpecification","valueRequired":true,"valueName":"search_term_string"}}],"inLanguage":"es"},{"@type":"Organization","@id":"https:\/\/content.carib-export.com\/es\/#organization","name":"Agencia de Desarrollo de Exportaciones del Caribe","url":"https:\/\/content.carib-export.com\/es\/","logo":{"@type":"ImageObject","inLanguage":"es","@id":"https:\/\/content.carib-export.com\/es\/#\/schema\/logo\/image\/","url":"https:\/\/content.carib-export.com\/wp-content\/uploads\/2013\/03\/CE-Logo-2013.jpg","contentUrl":"https:\/\/content.carib-export.com\/wp-content\/uploads\/2013\/03\/CE-Logo-2013.jpg","width":1024,"height":244,"caption":"Agencia de Desarrollo de Exportaciones del Caribe"},"image":{"@id":"https:\/\/content.carib-export.com\/es\/#\/schema\/logo\/image\/"},"sameAs":["https:\/\/www.facebook.com\/CaribbeanExport","https:\/\/x.com\/CaribXport","https:\/\/www.instagram.com\/caribbeanexport","https:\/\/www.linkedin.com\/company\/caribbeanexport","https:\/\/www.youtube.com\/user\/TheCaribbeanExport"]}]}},"_links":{"self":[{"href":"https:\/\/content.carib-export.com\/es\/wp-json\/wp\/v2\/pages\/280024","targetHints":{"allow":["GET"]}}],"collection":[{"href":"https:\/\/content.carib-export.com\/es\/wp-json\/wp\/v2\/pages"}],"about":[{"href":"https:\/\/content.carib-export.com\/es\/wp-json\/wp\/v2\/types\/page"}],"author":[{"embeddable":true,"href":"https:\/\/content.carib-export.com\/es\/wp-json\/wp\/v2\/users\/9"}],"replies":[{"embeddable":true,"href":"https:\/\/content.carib-export.com\/es\/wp-json\/wp\/v2\/comments?post=280024"}],"version-history":[{"count":0,"href":"https:\/\/content.carib-export.com\/es\/wp-json\/wp\/v2\/pages\/280024\/revisions"}],"up":[{"embeddable":true,"href":"https:\/\/content.carib-export.com\/es\/wp-json\/wp\/v2\/pages\/270082"}],"wp:attachment":[{"href":"https:\/\/content.carib-export.com\/es\/wp-json\/wp\/v2\/media?parent=280024"}],"wp:term":[{"taxonomy":"post_tag","embeddable":true,"href":"https:\/\/content.carib-export.com\/es\/wp-json\/wp\/v2\/tags?post=280024"}],"curies":[{"name":"wp","href":"https:\/\/api.w.org\/{rel}","templated":true}]}}