{"id":280122,"date":"2022-05-17T18:36:16","date_gmt":"2022-05-17T22:36:16","guid":{"rendered":"https:\/\/content.carib-export.com\/exporters\/exporters-toolkit\/10-steps-to-exporting\/step-2-create-an-export-plan\/"},"modified":"2025-02-05T15:44:48","modified_gmt":"2025-02-05T19:44:48","slug":"step-2-create-an-export-plan","status":"publish","type":"page","link":"https:\/\/content.carib-export.com\/es\/resources\/exporters-toolkit\/10-steps-to-exporting\/step-2-create-an-export-plan\/","title":{"rendered":"Paso 2 | Crear un plan de exportaci\u00f3n"},"content":{"rendered":"\n<p><em>Paso 2<\/em><\/p>\n\n<blockquote class=\"wp-block-quote is-style-default is-layout-flow wp-block-quote-is-layout-flow\"><p> <em>Crear un plan de exportaci\u00f3n<\/em><\/p><\/blockquote>\n\n<p>La creaci\u00f3n de un plan cuidadosamente investigado se considera ampliamente como el secreto del \u00e9xito en la exportaci\u00f3n. Su plan debe ser su fuente de direcci\u00f3n a medida que se embarca en su viaje a los mercados extranjeros, ayud\u00e1ndolo a actuar en lugar de reaccionar ante los desaf\u00edos y riesgos que se encuentran en los negocios internacionales. Adem\u00e1s, su plan puede ayudarlo a obtener asistencia financiera, inversionistas u otros socios estrat\u00e9gicos que puedan ser necesarios para que su empresa de exportaci\u00f3n sea un \u00e9xito.<\/p>\n\n<p>Un plan de exportaci\u00f3n se compone de muchos elementos tales como; una descripci\u00f3n de su empresa, su mercado e industria, y sus objetivos comerciales; informaci\u00f3n sobre sus productos o servicios; un an\u00e1lisis del mercado objetivo y la industria, incluidas las tendencias y pron\u00f3sticos; un examen de la competencia y sus fortalezas y debilidades en contraste con la suya; estrategias de marketing internacional, incluida la elaboraci\u00f3n de perfiles de clientes y el desarrollo de canales de venta y distribuci\u00f3n; cuestiones de empleo y formaci\u00f3n; necesidades y previsiones financieras; y mucho m\u00e1s.<\/p>\n\n<p><strong><a href=\"https:\/\/www.carib-export.com\/download\/7378\/\">Desarrollar un plan de exportaci\u00f3n<\/a><\/strong><\/p>\n","protected":false},"excerpt":{"rendered":"<p>Paso 2 Crear un plan de exportaci\u00f3n La creaci\u00f3n de un plan cuidadosamente investigado se considera ampliamente como el secreto del \u00e9xito en la exportaci\u00f3n. Su plan debe ser su fuente de direcci\u00f3n a medida que se embarca en su viaje a los mercados extranjeros, ayud\u00e1ndolo a actuar en lugar de reaccionar ante los desaf\u00edos [&hellip;]<\/p>\n","protected":false},"author":9,"featured_media":0,"parent":270060,"menu_order":0,"comment_status":"closed","ping_status":"closed","template":"","meta":{"_acf_changed":false,"inline_featured_image":false,"footnotes":""},"tags":[],"class_list":["post-280122","page","type-page","status-publish","hentry"],"acf":[],"yoast_head":"<!-- This site is optimized with the Yoast SEO plugin v27.1.1 - https:\/\/yoast.com\/product\/yoast-seo-wordpress\/ -->\n<title>Paso 2 | Crear un plan de exportaci\u00f3n - nombre del Exportaci\u00f3n del Caribe<\/title>\n<meta name=\"robots\" content=\"index, follow, max-snippet:-1, max-image-preview:large, max-video-preview:-1\" \/>\n<link rel=\"canonical\" href=\"https:\/\/content.carib-export.com\/es\/resources\/exporters-toolkit\/10-steps-to-exporting\/step-2-create-an-export-plan\/\" \/>\n<meta property=\"og:locale\" content=\"es_ES\" \/>\n<meta property=\"og:type\" content=\"article\" \/>\n<meta property=\"og:title\" content=\"Paso 2 | Crear un plan de exportaci\u00f3n - nombre del Exportaci\u00f3n del Caribe\" \/>\n<meta property=\"og:description\" content=\"Paso 2 Crear un plan de exportaci\u00f3n La creaci\u00f3n de un plan cuidadosamente investigado se considera ampliamente como el secreto del \u00e9xito en la exportaci\u00f3n. Su plan debe ser su fuente de direcci\u00f3n a medida que se embarca en su viaje a los mercados extranjeros, ayud\u00e1ndolo a actuar en lugar de reaccionar ante los desaf\u00edos [&hellip;]\" \/>\n<meta property=\"og:url\" content=\"https:\/\/content.carib-export.com\/es\/resources\/exporters-toolkit\/10-steps-to-exporting\/step-2-create-an-export-plan\/\" \/>\n<meta property=\"og:site_name\" content=\"Exportaci\u00f3n del Caribe\" \/>\n<meta property=\"article:publisher\" content=\"https:\/\/www.facebook.com\/CaribbeanExport\" \/>\n<meta property=\"article:modified_time\" content=\"2025-02-05T19:44:48+00:00\" \/>\n<meta property=\"og:image\" content=\"https:\/\/content.carib-export.com\/wp-content\/uploads\/2019\/06\/CEDA-default-square.jpg\" \/>\n\t<meta property=\"og:image:width\" content=\"1000\" \/>\n\t<meta property=\"og:image:height\" content=\"1000\" \/>\n\t<meta property=\"og:image:type\" content=\"image\/jpeg\" \/>\n<meta name=\"twitter:card\" content=\"summary_large_image\" \/>\n<meta name=\"twitter:site\" content=\"@CaribXport\" \/>\n<meta name=\"twitter:label1\" content=\"Tiempo de lectura\" \/>\n\t<meta name=\"twitter:data1\" content=\"1 minuto\" \/>\n<script type=\"application\/ld+json\" class=\"yoast-schema-graph\">{\"@context\":\"https:\/\/schema.org\",\"@graph\":[{\"@type\":\"WebPage\",\"@id\":\"https:\/\/content.carib-export.com\/es\/resources\/exporters-toolkit\/10-steps-to-exporting\/step-2-create-an-export-plan\/\",\"url\":\"https:\/\/content.carib-export.com\/es\/resources\/exporters-toolkit\/10-steps-to-exporting\/step-2-create-an-export-plan\/\",\"name\":\"Paso 2 | Crear un plan de exportaci\u00f3n - nombre del Exportaci\u00f3n del Caribe\",\"isPartOf\":{\"@id\":\"https:\/\/content.carib-export.com\/es\/#website\"},\"datePublished\":\"2022-05-17T22:36:16+00:00\",\"dateModified\":\"2025-02-05T19:44:48+00:00\",\"breadcrumb\":{\"@id\":\"https:\/\/content.carib-export.com\/es\/resources\/exporters-toolkit\/10-steps-to-exporting\/step-2-create-an-export-plan\/#breadcrumb\"},\"inLanguage\":\"es\",\"potentialAction\":[{\"@type\":\"ReadAction\",\"target\":[\"https:\/\/content.carib-export.com\/es\/resources\/exporters-toolkit\/10-steps-to-exporting\/step-2-create-an-export-plan\/\"]}]},{\"@type\":\"BreadcrumbList\",\"@id\":\"https:\/\/content.carib-export.com\/es\/resources\/exporters-toolkit\/10-steps-to-exporting\/step-2-create-an-export-plan\/#breadcrumb\",\"itemListElement\":[{\"@type\":\"ListItem\",\"position\":1,\"name\":\"Casa\",\"item\":\"https:\/\/content.carib-export.com\/es\/home\/\"},{\"@type\":\"ListItem\",\"position\":2,\"name\":\"Recursos\",\"item\":\"https:\/\/content.carib-export.com\/es\/resources\/\"},{\"@type\":\"ListItem\",\"position\":3,\"name\":\"Kit de herramientas para exportadores\",\"item\":\"https:\/\/content.carib-export.com\/es\/resources\/exporters-toolkit\/\"},{\"@type\":\"ListItem\",\"position\":4,\"name\":\"10 pasos para exportar\",\"item\":\"https:\/\/content.carib-export.com\/es\/resources\/exporters-toolkit\/10-steps-to-exporting\/\"},{\"@type\":\"ListItem\",\"position\":5,\"name\":\"Paso 2 | Crear un plan de exportaci\u00f3n\"}]},{\"@type\":\"WebSite\",\"@id\":\"https:\/\/content.carib-export.com\/es\/#website\",\"url\":\"https:\/\/content.carib-export.com\/es\/\",\"name\":\"Exportaci\u00f3n del Caribe\",\"description\":\"La \u00fanica agencia regional de promoci\u00f3n del comercio y las inversiones en el grupo de \u00c1frica, el Caribe y el Pac\u00edfico.\",\"publisher\":{\"@id\":\"https:\/\/content.carib-export.com\/es\/#organization\"},\"potentialAction\":[{\"@type\":\"SearchAction\",\"target\":{\"@type\":\"EntryPoint\",\"urlTemplate\":\"https:\/\/content.carib-export.com\/es\/?s={search_term_string}\"},\"query-input\":{\"@type\":\"PropertyValueSpecification\",\"valueRequired\":true,\"valueName\":\"search_term_string\"}}],\"inLanguage\":\"es\"},{\"@type\":\"Organization\",\"@id\":\"https:\/\/content.carib-export.com\/es\/#organization\",\"name\":\"Agencia de Desarrollo de Exportaciones del Caribe\",\"url\":\"https:\/\/content.carib-export.com\/es\/\",\"logo\":{\"@type\":\"ImageObject\",\"inLanguage\":\"es\",\"@id\":\"https:\/\/content.carib-export.com\/es\/#\/schema\/logo\/image\/\",\"url\":\"https:\/\/content.carib-export.com\/wp-content\/uploads\/2013\/03\/CE-Logo-2013.jpg\",\"contentUrl\":\"https:\/\/content.carib-export.com\/wp-content\/uploads\/2013\/03\/CE-Logo-2013.jpg\",\"width\":1024,\"height\":244,\"caption\":\"Agencia de Desarrollo de Exportaciones del Caribe\"},\"image\":{\"@id\":\"https:\/\/content.carib-export.com\/es\/#\/schema\/logo\/image\/\"},\"sameAs\":[\"https:\/\/www.facebook.com\/CaribbeanExport\",\"https:\/\/x.com\/CaribXport\",\"https:\/\/www.instagram.com\/caribbeanexport\",\"https:\/\/www.linkedin.com\/company\/caribbeanexport\",\"https:\/\/www.youtube.com\/user\/TheCaribbeanExport\"]}]}<\/script>\n<!-- \/ Yoast SEO plugin. -->","yoast_head_json":{"title":"Paso 2 | Crear un plan de exportaci\u00f3n - nombre del Exportaci\u00f3n del Caribe","robots":{"index":"index","follow":"follow","max-snippet":"max-snippet:-1","max-image-preview":"max-image-preview:large","max-video-preview":"max-video-preview:-1"},"canonical":"https:\/\/content.carib-export.com\/es\/resources\/exporters-toolkit\/10-steps-to-exporting\/step-2-create-an-export-plan\/","og_locale":"es_ES","og_type":"article","og_title":"Paso 2 | Crear un plan de exportaci\u00f3n - nombre del Exportaci\u00f3n del Caribe","og_description":"Paso 2 Crear un plan de exportaci\u00f3n La creaci\u00f3n de un plan cuidadosamente investigado se considera ampliamente como el secreto del \u00e9xito en la exportaci\u00f3n. Su plan debe ser su fuente de direcci\u00f3n a medida que se embarca en su viaje a los mercados extranjeros, ayud\u00e1ndolo a actuar en lugar de reaccionar ante los desaf\u00edos [&hellip;]","og_url":"https:\/\/content.carib-export.com\/es\/resources\/exporters-toolkit\/10-steps-to-exporting\/step-2-create-an-export-plan\/","og_site_name":"Exportaci\u00f3n del Caribe","article_publisher":"https:\/\/www.facebook.com\/CaribbeanExport","article_modified_time":"2025-02-05T19:44:48+00:00","og_image":[{"width":1000,"height":1000,"url":"https:\/\/content.carib-export.com\/wp-content\/uploads\/2019\/06\/CEDA-default-square.jpg","type":"image\/jpeg"}],"twitter_card":"summary_large_image","twitter_site":"@CaribXport","twitter_misc":{"Tiempo de lectura":"1 minuto"},"schema":{"@context":"https:\/\/schema.org","@graph":[{"@type":"WebPage","@id":"https:\/\/content.carib-export.com\/es\/resources\/exporters-toolkit\/10-steps-to-exporting\/step-2-create-an-export-plan\/","url":"https:\/\/content.carib-export.com\/es\/resources\/exporters-toolkit\/10-steps-to-exporting\/step-2-create-an-export-plan\/","name":"Paso 2 | Crear un plan de exportaci\u00f3n - nombre del Exportaci\u00f3n del Caribe","isPartOf":{"@id":"https:\/\/content.carib-export.com\/es\/#website"},"datePublished":"2022-05-17T22:36:16+00:00","dateModified":"2025-02-05T19:44:48+00:00","breadcrumb":{"@id":"https:\/\/content.carib-export.com\/es\/resources\/exporters-toolkit\/10-steps-to-exporting\/step-2-create-an-export-plan\/#breadcrumb"},"inLanguage":"es","potentialAction":[{"@type":"ReadAction","target":["https:\/\/content.carib-export.com\/es\/resources\/exporters-toolkit\/10-steps-to-exporting\/step-2-create-an-export-plan\/"]}]},{"@type":"BreadcrumbList","@id":"https:\/\/content.carib-export.com\/es\/resources\/exporters-toolkit\/10-steps-to-exporting\/step-2-create-an-export-plan\/#breadcrumb","itemListElement":[{"@type":"ListItem","position":1,"name":"Casa","item":"https:\/\/content.carib-export.com\/es\/home\/"},{"@type":"ListItem","position":2,"name":"Recursos","item":"https:\/\/content.carib-export.com\/es\/resources\/"},{"@type":"ListItem","position":3,"name":"Kit de herramientas para exportadores","item":"https:\/\/content.carib-export.com\/es\/resources\/exporters-toolkit\/"},{"@type":"ListItem","position":4,"name":"10 pasos para exportar","item":"https:\/\/content.carib-export.com\/es\/resources\/exporters-toolkit\/10-steps-to-exporting\/"},{"@type":"ListItem","position":5,"name":"Paso 2 | Crear un plan de exportaci\u00f3n"}]},{"@type":"WebSite","@id":"https:\/\/content.carib-export.com\/es\/#website","url":"https:\/\/content.carib-export.com\/es\/","name":"Exportaci\u00f3n del Caribe","description":"La \u00fanica agencia regional de promoci\u00f3n del comercio y las inversiones en el grupo de \u00c1frica, el Caribe y el Pac\u00edfico.","publisher":{"@id":"https:\/\/content.carib-export.com\/es\/#organization"},"potentialAction":[{"@type":"SearchAction","target":{"@type":"EntryPoint","urlTemplate":"https:\/\/content.carib-export.com\/es\/?s={search_term_string}"},"query-input":{"@type":"PropertyValueSpecification","valueRequired":true,"valueName":"search_term_string"}}],"inLanguage":"es"},{"@type":"Organization","@id":"https:\/\/content.carib-export.com\/es\/#organization","name":"Agencia de Desarrollo de Exportaciones del Caribe","url":"https:\/\/content.carib-export.com\/es\/","logo":{"@type":"ImageObject","inLanguage":"es","@id":"https:\/\/content.carib-export.com\/es\/#\/schema\/logo\/image\/","url":"https:\/\/content.carib-export.com\/wp-content\/uploads\/2013\/03\/CE-Logo-2013.jpg","contentUrl":"https:\/\/content.carib-export.com\/wp-content\/uploads\/2013\/03\/CE-Logo-2013.jpg","width":1024,"height":244,"caption":"Agencia de Desarrollo de Exportaciones del Caribe"},"image":{"@id":"https:\/\/content.carib-export.com\/es\/#\/schema\/logo\/image\/"},"sameAs":["https:\/\/www.facebook.com\/CaribbeanExport","https:\/\/x.com\/CaribXport","https:\/\/www.instagram.com\/caribbeanexport","https:\/\/www.linkedin.com\/company\/caribbeanexport","https:\/\/www.youtube.com\/user\/TheCaribbeanExport"]}]}},"_links":{"self":[{"href":"https:\/\/content.carib-export.com\/es\/wp-json\/wp\/v2\/pages\/280122","targetHints":{"allow":["GET"]}}],"collection":[{"href":"https:\/\/content.carib-export.com\/es\/wp-json\/wp\/v2\/pages"}],"about":[{"href":"https:\/\/content.carib-export.com\/es\/wp-json\/wp\/v2\/types\/page"}],"author":[{"embeddable":true,"href":"https:\/\/content.carib-export.com\/es\/wp-json\/wp\/v2\/users\/9"}],"replies":[{"embeddable":true,"href":"https:\/\/content.carib-export.com\/es\/wp-json\/wp\/v2\/comments?post=280122"}],"version-history":[{"count":0,"href":"https:\/\/content.carib-export.com\/es\/wp-json\/wp\/v2\/pages\/280122\/revisions"}],"up":[{"embeddable":true,"href":"https:\/\/content.carib-export.com\/es\/wp-json\/wp\/v2\/pages\/270060"}],"wp:attachment":[{"href":"https:\/\/content.carib-export.com\/es\/wp-json\/wp\/v2\/media?parent=280122"}],"wp:term":[{"taxonomy":"post_tag","embeddable":true,"href":"https:\/\/content.carib-export.com\/es\/wp-json\/wp\/v2\/tags?post=280122"}],"curies":[{"name":"wp","href":"https:\/\/api.w.org\/{rel}","templated":true}]}}