{"id":280131,"date":"2022-05-17T17:53:22","date_gmt":"2022-05-17T21:53:22","guid":{"rendered":"https:\/\/content.carib-export.com\/exporters\/exporters-toolkit\/10-steps-to-exporting\/step-3-conduct-market-research\/"},"modified":"2025-02-05T15:54:40","modified_gmt":"2025-02-05T19:54:40","slug":"step-3-conduct-market-research","status":"publish","type":"page","link":"https:\/\/content.carib-export.com\/es\/resources\/exporters-toolkit\/10-steps-to-exporting\/step-3-conduct-market-research\/","title":{"rendered":"Paso 3 | Realizar estudios de mercado"},"content":{"rendered":"\n<p><em>Paso 3<\/em><\/p>\n\n<blockquote class=\"wp-block-quote is-style-default is-layout-flow wp-block-quote-is-layout-flow\"><p><em>Realizar estudios de mercado<\/em><\/p><\/blockquote>\n\n<p>Tener un conocimiento profundo de su mercado de exportaci\u00f3n lo ayudar\u00e1 a tomar decisiones acertadas de marketing de exportaci\u00f3n al brindarle una imagen clara de los factores econ\u00f3micos, pol\u00edticos y culturales que afectan su capacidad para vender su producto o servicio. En \u00faltima instancia, lo ayudar\u00e1 a evitar errores costosos al reducir su exposici\u00f3n a lo desconocido. La investigaci\u00f3n documental inicial lo ayudar\u00e1 a priorizar los mercados m\u00e1s atractivos a trav\u00e9s de la revisi\u00f3n de las estad\u00edsticas comerciales publicadas, la informaci\u00f3n del mercado y la industria, los socios potenciales, las pistas comerciales e incluso identificar barreras t\u00e9cnicas como aranceles excesivos o pr\u00e1cticas restrictivas que pueden descartar territorios de exportaci\u00f3n antes que usted. comience a invertir tiempo y dinero en serio.<\/p>\n\n<p>Caribbean Export ha desarrollado el <a href=\"http:\/\/ceintelligence.com\/\" target=\"_blank\" rel=\"noreferrer noopener\">Portal de inteligencia de mercado de exportaci\u00f3n del Caribe (CE-MIP)<\/a> para ayudarlo en su investigaci\u00f3n de mercado. Hay una suite o recursos disponibles tambi\u00e9n para usted. He aqu\u00ed algunas recomendaciones: Visita la serie de siete partes de <strong>Sesiones Informativas para Empresas sobre Obst\u00e1culos T\u00e9cnicos al Comercio <\/strong> <a href=\"http:\/\/www.intracen.org\/BB-2010-09-29-Technical-Barriers-to-Trade\/\" target=\"_blank\" rel=\"noreferrer noopener\">del Centro de Comercio Internacional (CCI<\/a> <strong>). <\/strong> Adem\u00e1s, el contacto directo con expertos clave, clientes u otras fuentes de informaci\u00f3n a trav\u00e9s de t\u00e9cnicas como entrevistas y consultas tambi\u00e9n debe realizarse despu\u00e9s de que te hayas familiarizado con el mercado potencial a trav\u00e9s de tu investigaci\u00f3n documental. Una visita al mercado ser\u00e1 crucial una vez que comprenda la din\u00e1mica del mercado y la oportunidad. Su producto o servicio tambi\u00e9n puede aprovechar el Acuerdo de <a href=\"https:\/\/www.carib-export.com\/download\/187554\/\" target=\"_blank\" rel=\"noreferrer noopener\">Asociaci\u00f3n Econ\u00f3mica (EPA)<\/a> , as\u00ed como otros <a href=\"http:\/\/www.sice.oas.org\/agreements_e.asp\" target=\"_blank\" rel=\"noreferrer noopener\">acuerdos comerciales<\/a> <strong>.<\/strong> Tambi\u00e9n puede optar por acceder a una serie de informes y estudios de Caribbean Exports. Nuestra completa serie de Informes de pa\u00edses <strong>\u00abHacer negocios con\u00bb<\/strong> brinda consejos pr\u00e1cticos y orientaci\u00f3n sobre c\u00f3mo hacer negocios en varios pa\u00edses del mundo, explorando en detalle los est\u00e1ndares regulatorios locales, las influencias pol\u00edticas y los desaf\u00edos culturales. Estos documentos le brindar\u00e1n una comprensi\u00f3n de primera mano de los mercados de exportaci\u00f3n a los que est\u00e1 considerando ingresar.<\/p>\n\n<p>Las Oportunidades para Hacer Negocios en las FCORs te brindan informaci\u00f3n valiosa sobre el mercado:<\/p>\n\n<ul class=\"wp-block-list\"><li><a href=\"http:\/\/carib-export.mamp\/obic\/documents\/Final_Consolidated_Report_November_2010.pdf\" target=\"_blank\" rel=\"noreferrer noopener\">Oportunidades para hacer negocios entre los Estados del CARIFORUM y las regiones ultraperif\u00e9ricas del Caribe franc\u00e9s (FCOR): Volumen 1. Informe consolidado<\/a><\/li><li><a href=\"http:\/\/carib-export.mamp\/obic\/documents\/Final_Individual_Reports_November_2010.pdf\" target=\"_blank\" rel=\"noreferrer noopener\">Oportunidades para hacer negocios entre los estados del CARIFORUM y las regiones ultraperif\u00e9ricas del Caribe franc\u00e9s (FCOR): volumen 2: informes de pa\u00edses individuales<\/a><\/li><\/ul>\n\n<p>Para aquellos involucrados en las <strong>industrias de servicios<\/strong> , revise:<\/p>\n\n<ul class=\"wp-block-list\"><li><a href=\"http:\/\/carib-export.mamp\/obic\/documents\/Final_Report_Saint_Lucia.pdf\" target=\"_blank\" rel=\"noreferrer noopener\">Plan Estrat\u00e9gico de Marketing para la Promoci\u00f3n de las Exportaciones de Servicios Profesionales \u2013 Santa Luc\u00eda<\/a><\/li><li><a href=\"http:\/\/carib-export.mamp\/obic\/documents\/Final_Report_Dominica.pdf\" target=\"_blank\" rel=\"noreferrer noopener\">Plan Estrat\u00e9gico de Mercadeo para la Promoci\u00f3n de las Exportaciones de Servicios Profesionales \u2013 Commonwealth of Dominica<\/a><\/li><li><a href=\"http:\/\/carib-export.mamp\/obic\/documents\/Final_Report_Trinidad_%26_Tobago.pdf\" target=\"_blank\" rel=\"noreferrer noopener\">Plan de marketing estrat\u00e9gico para la promoci\u00f3n de las exportaciones de servicios profesionales \u2013 Trinidad y Tobago<\/a><\/li><li><a href=\"http:\/\/carib-export.mamp\/obic\/documents\/Final_Report_Barbados.pdf\" target=\"_blank\" rel=\"noreferrer noopener\">Plan de marketing estrat\u00e9gico para la promoci\u00f3n de las exportaciones de servicios profesionales \u2013 Barbados<\/a><\/li><\/ul>\n\n<p>Para aquellos en el sector artesanal por favor revisen la informaci\u00f3n en el <a href=\"http:\/\/carib-export.mamp\/obic\/documents\/Export_Marketing_Manual_2007.pdf\" target=\"_blank\" rel=\"noreferrer noopener\">manual de Marketing de Exportaci\u00f3n<\/a> . Para ayudar en su investigaci\u00f3n, consulte los siguientes sitios web;<\/p>\n\n<ul class=\"wp-block-list\"><li><a href=\"http:\/\/www.caricomstats.org\/\" target=\"_blank\" rel=\"noreferrer noopener\">Secretar\u00eda de CARICOM Departamento de Estad\u00edstica<\/a> : Proporciona estad\u00edsticas de comercio regional.<\/li><li><a href=\"https:\/\/www.cbi.eu\/\" target=\"_blank\" rel=\"noreferrer noopener\">Centro para la Promoci\u00f3n de Importaciones (CBI)<\/a> : proporciona estudios de mercado descargables que contienen informaci\u00f3n sobre productos, bases de datos y herramientas de exportaci\u00f3n, como un verificador de preparaci\u00f3n para la exportaci\u00f3n, plantillas para desarrollar un plan de marketing de exportaci\u00f3n y un plan de acci\u00f3n de investigaci\u00f3n de mercado.<\/li><li><a href=\"https:\/\/trade.ec.europa.eu\/tradehelp\/\" target=\"_blank\" rel=\"noreferrer noopener\">Mesa de ayuda de exportaci\u00f3n de la UE<\/a> : La mesa de ayuda de exportaci\u00f3n de la UE es un servicio en l\u00ednea, proporcionado por la Comisi\u00f3n Europea, para facilitar el acceso al mercado de las empresas de pa\u00edses en desarrollo para acceder a la Uni\u00f3n Europea. Este servicio proporciona una descripci\u00f3n general de los reg\u00edmenes comerciales preferenciales de la UE establecidos para los pa\u00edses en desarrollo, as\u00ed como enumera todos los aranceles, impuestos y otros requisitos para los exportadores de pa\u00edses en desarrollo interesados en abastecer el mercado de la UE.<\/li><li><a href=\"http:\/\/www.intracen.org\/\" target=\"_blank\" rel=\"noreferrer noopener\">Centro de Comercio Internacional (ITC)<\/a> : este sitio contiene informaci\u00f3n sobre comercio internacional y perfiles de mercado, estad\u00edsticas comerciales y precios.<\/li><li><a href=\"http:\/\/www.tfocanada.ca\/home.php\" target=\"_blank\" rel=\"noreferrer noopener\">TFO Canad\u00e1<\/a>: Los productos y servicios disponibles para los usuarios registrados incluyen el manual sobre Exportaci\u00f3n a Canad\u00e1, as\u00ed como m\u00e1s de 20 documentos informativos sobre mercados sectoriales, eventos y noticias comerciales, enlaces a recursos canadienses e internacionales; asesoramiento sobre c\u00f3mo encontrar compradores, tarifas arancelarias, preferencias y tendencias de los consumidores, requisitos normativos y consejos pr\u00e1cticos para prepararse para el mercado canadiense; y promoci\u00f3n gratuita de las empresas registradas y sus productos.<\/li><li><a href=\"https:\/\/www.hubspot.com\/\" target=\"_blank\" rel=\"noreferrer noopener\">HubSpot.com<\/a> : HubSpot es un software de marketing todo en uno que ayuda a las empresas a atraer clientes potenciales y convertirlos en clientes. HubSpot es pionero en marketing entrante y tiene como objetivo ayudar a sus clientes a hacer marketing que la gente realmente ame.<\/li><li><a href=\"http:\/\/www.marketresearch.com\/\" target=\"_blank\" rel=\"noreferrer noopener\">Market Reseach.com<\/a> : MarketResearch.com es la colecci\u00f3n m\u00e1s completa de productos y servicios de inteligencia de mercado en la Web. Ofrecen informes de m\u00e1s de 720 editores principales y actualizan su colecci\u00f3n diariamente para brindar a las empresas acceso instant\u00e1neo en l\u00ednea a la base de datos m\u00e1s completa y actualizada del mundo con informaci\u00f3n de expertos sobre industrias, empresas, productos y tendencias globales.<\/li><li><a href=\"http:\/\/www.crosq.org\/\" target=\"_blank\" rel=\"noreferrer noopener\">Organizaci\u00f3n Regional del Caribe para Est\u00e1ndares y Calidad (CROSQ)<\/a> : La Organizaci\u00f3n Regional CARICOM para Est\u00e1ndares y Calidad (CROSQ) es una Organizaci\u00f3n Intergubernamental entre los quince Estados miembros de la Comunidad del Caribe (CARICOM). Apoya el mandato de CARICOM en la expansi\u00f3n del comercio intrarregional y extrarregional de bienes y servicios. CROSQ es el centro regional para promover la eficiencia y la producci\u00f3n competitiva de bienes y servicios, a trav\u00e9s del proceso de normalizaci\u00f3n y verificaci\u00f3n de la calidad. Tiene el mandato de representar los intereses de la regi\u00f3n en el trabajo de est\u00e1ndares hemisf\u00e9ricos internacionales, promover la armonizaci\u00f3n de los sistemas y est\u00e1ndares de metrolog\u00eda, y acelerar el ritmo de desarrollo de est\u00e1ndares regionales para la producci\u00f3n sostenible de bienes y servicios en el Mercado \u00danico de CARICOM y Econom\u00eda (CSME), y la mejora del desarrollo social y econ\u00f3mico.<\/li><li> <a href=\"https:\/\/www.indocal.gob.do\/\" target=\"_blank\" rel=\"noreferrer noopener\">Instituto Dominicano Para La Calidad (INDOCAL)<\/a> : es la oficina del gobierno en la Rep\u00fablica Dominicana a cargo de hacer cumplir las regulaciones sobre marcado, etiquetado y controles de calidad.<\/li><\/ul>\n","protected":false},"excerpt":{"rendered":"<p>Paso 3 Realizar estudios de mercado Tener un conocimiento profundo de su mercado de exportaci\u00f3n lo ayudar\u00e1 a tomar decisiones acertadas de marketing de exportaci\u00f3n al brindarle una imagen clara de los factores econ\u00f3micos, pol\u00edticos y culturales que afectan su capacidad para vender su producto o servicio. En \u00faltima instancia, lo ayudar\u00e1 a evitar errores [&hellip;]<\/p>\n","protected":false},"author":9,"featured_media":0,"parent":270060,"menu_order":0,"comment_status":"closed","ping_status":"closed","template":"","meta":{"_acf_changed":false,"inline_featured_image":false,"footnotes":""},"tags":[],"class_list":["post-280131","page","type-page","status-publish","hentry"],"acf":[],"yoast_head":"<!-- This site is optimized with the Yoast SEO plugin v27.1.1 - https:\/\/yoast.com\/product\/yoast-seo-wordpress\/ -->\n<title>Paso 3 | Realizar estudios de mercado - nombre del Exportaci\u00f3n del Caribe<\/title>\n<meta name=\"robots\" content=\"index, follow, max-snippet:-1, max-image-preview:large, max-video-preview:-1\" \/>\n<link rel=\"canonical\" href=\"https:\/\/content.carib-export.com\/es\/resources\/exporters-toolkit\/10-steps-to-exporting\/step-3-conduct-market-research\/\" \/>\n<meta property=\"og:locale\" content=\"es_ES\" \/>\n<meta property=\"og:type\" content=\"article\" \/>\n<meta property=\"og:title\" content=\"Paso 3 | Realizar estudios de mercado - nombre del Exportaci\u00f3n del Caribe\" \/>\n<meta property=\"og:description\" content=\"Paso 3 Realizar estudios de mercado Tener un conocimiento profundo de su mercado de exportaci\u00f3n lo ayudar\u00e1 a tomar decisiones acertadas de marketing de exportaci\u00f3n al brindarle una imagen clara de los factores econ\u00f3micos, pol\u00edticos y culturales que afectan su capacidad para vender su producto o servicio. En \u00faltima instancia, lo ayudar\u00e1 a evitar errores [&hellip;]\" \/>\n<meta property=\"og:url\" content=\"https:\/\/content.carib-export.com\/es\/resources\/exporters-toolkit\/10-steps-to-exporting\/step-3-conduct-market-research\/\" \/>\n<meta property=\"og:site_name\" content=\"Exportaci\u00f3n del Caribe\" \/>\n<meta property=\"article:publisher\" content=\"https:\/\/www.facebook.com\/CaribbeanExport\" \/>\n<meta property=\"article:modified_time\" content=\"2025-02-05T19:54:40+00:00\" \/>\n<meta property=\"og:image\" content=\"https:\/\/content.carib-export.com\/wp-content\/uploads\/2019\/06\/CEDA-default-square.jpg\" \/>\n\t<meta property=\"og:image:width\" content=\"1000\" \/>\n\t<meta property=\"og:image:height\" content=\"1000\" \/>\n\t<meta property=\"og:image:type\" content=\"image\/jpeg\" \/>\n<meta name=\"twitter:card\" content=\"summary_large_image\" \/>\n<meta name=\"twitter:site\" content=\"@CaribXport\" \/>\n<meta name=\"twitter:label1\" content=\"Tiempo de lectura\" \/>\n\t<meta name=\"twitter:data1\" content=\"6 minutos\" \/>\n<script type=\"application\/ld+json\" class=\"yoast-schema-graph\">{\"@context\":\"https:\/\/schema.org\",\"@graph\":[{\"@type\":\"WebPage\",\"@id\":\"https:\/\/content.carib-export.com\/es\/resources\/exporters-toolkit\/10-steps-to-exporting\/step-3-conduct-market-research\/\",\"url\":\"https:\/\/content.carib-export.com\/es\/resources\/exporters-toolkit\/10-steps-to-exporting\/step-3-conduct-market-research\/\",\"name\":\"Paso 3 | Realizar estudios de mercado - nombre del Exportaci\u00f3n del Caribe\",\"isPartOf\":{\"@id\":\"https:\/\/content.carib-export.com\/es\/#website\"},\"datePublished\":\"2022-05-17T21:53:22+00:00\",\"dateModified\":\"2025-02-05T19:54:40+00:00\",\"breadcrumb\":{\"@id\":\"https:\/\/content.carib-export.com\/es\/resources\/exporters-toolkit\/10-steps-to-exporting\/step-3-conduct-market-research\/#breadcrumb\"},\"inLanguage\":\"es\",\"potentialAction\":[{\"@type\":\"ReadAction\",\"target\":[\"https:\/\/content.carib-export.com\/es\/resources\/exporters-toolkit\/10-steps-to-exporting\/step-3-conduct-market-research\/\"]}]},{\"@type\":\"BreadcrumbList\",\"@id\":\"https:\/\/content.carib-export.com\/es\/resources\/exporters-toolkit\/10-steps-to-exporting\/step-3-conduct-market-research\/#breadcrumb\",\"itemListElement\":[{\"@type\":\"ListItem\",\"position\":1,\"name\":\"Casa\",\"item\":\"https:\/\/content.carib-export.com\/es\/home\/\"},{\"@type\":\"ListItem\",\"position\":2,\"name\":\"Recursos\",\"item\":\"https:\/\/content.carib-export.com\/es\/resources\/\"},{\"@type\":\"ListItem\",\"position\":3,\"name\":\"Kit de herramientas para exportadores\",\"item\":\"https:\/\/content.carib-export.com\/es\/resources\/exporters-toolkit\/\"},{\"@type\":\"ListItem\",\"position\":4,\"name\":\"10 pasos para exportar\",\"item\":\"https:\/\/content.carib-export.com\/es\/resources\/exporters-toolkit\/10-steps-to-exporting\/\"},{\"@type\":\"ListItem\",\"position\":5,\"name\":\"Paso 3 | Realizar estudios de mercado\"}]},{\"@type\":\"WebSite\",\"@id\":\"https:\/\/content.carib-export.com\/es\/#website\",\"url\":\"https:\/\/content.carib-export.com\/es\/\",\"name\":\"Exportaci\u00f3n del Caribe\",\"description\":\"La \u00fanica agencia regional de promoci\u00f3n del comercio y las inversiones en el grupo de \u00c1frica, el Caribe y el Pac\u00edfico.\",\"publisher\":{\"@id\":\"https:\/\/content.carib-export.com\/es\/#organization\"},\"potentialAction\":[{\"@type\":\"SearchAction\",\"target\":{\"@type\":\"EntryPoint\",\"urlTemplate\":\"https:\/\/content.carib-export.com\/es\/?s={search_term_string}\"},\"query-input\":{\"@type\":\"PropertyValueSpecification\",\"valueRequired\":true,\"valueName\":\"search_term_string\"}}],\"inLanguage\":\"es\"},{\"@type\":\"Organization\",\"@id\":\"https:\/\/content.carib-export.com\/es\/#organization\",\"name\":\"Agencia de Desarrollo de Exportaciones del Caribe\",\"url\":\"https:\/\/content.carib-export.com\/es\/\",\"logo\":{\"@type\":\"ImageObject\",\"inLanguage\":\"es\",\"@id\":\"https:\/\/content.carib-export.com\/es\/#\/schema\/logo\/image\/\",\"url\":\"https:\/\/content.carib-export.com\/wp-content\/uploads\/2013\/03\/CE-Logo-2013.jpg\",\"contentUrl\":\"https:\/\/content.carib-export.com\/wp-content\/uploads\/2013\/03\/CE-Logo-2013.jpg\",\"width\":1024,\"height\":244,\"caption\":\"Agencia de Desarrollo de Exportaciones del Caribe\"},\"image\":{\"@id\":\"https:\/\/content.carib-export.com\/es\/#\/schema\/logo\/image\/\"},\"sameAs\":[\"https:\/\/www.facebook.com\/CaribbeanExport\",\"https:\/\/x.com\/CaribXport\",\"https:\/\/www.instagram.com\/caribbeanexport\",\"https:\/\/www.linkedin.com\/company\/caribbeanexport\",\"https:\/\/www.youtube.com\/user\/TheCaribbeanExport\"]}]}<\/script>\n<!-- \/ Yoast SEO plugin. -->","yoast_head_json":{"title":"Paso 3 | Realizar estudios de mercado - nombre del Exportaci\u00f3n del Caribe","robots":{"index":"index","follow":"follow","max-snippet":"max-snippet:-1","max-image-preview":"max-image-preview:large","max-video-preview":"max-video-preview:-1"},"canonical":"https:\/\/content.carib-export.com\/es\/resources\/exporters-toolkit\/10-steps-to-exporting\/step-3-conduct-market-research\/","og_locale":"es_ES","og_type":"article","og_title":"Paso 3 | Realizar estudios de mercado - nombre del Exportaci\u00f3n del Caribe","og_description":"Paso 3 Realizar estudios de mercado Tener un conocimiento profundo de su mercado de exportaci\u00f3n lo ayudar\u00e1 a tomar decisiones acertadas de marketing de exportaci\u00f3n al brindarle una imagen clara de los factores econ\u00f3micos, pol\u00edticos y culturales que afectan su capacidad para vender su producto o servicio. En \u00faltima instancia, lo ayudar\u00e1 a evitar errores [&hellip;]","og_url":"https:\/\/content.carib-export.com\/es\/resources\/exporters-toolkit\/10-steps-to-exporting\/step-3-conduct-market-research\/","og_site_name":"Exportaci\u00f3n del Caribe","article_publisher":"https:\/\/www.facebook.com\/CaribbeanExport","article_modified_time":"2025-02-05T19:54:40+00:00","og_image":[{"width":1000,"height":1000,"url":"https:\/\/content.carib-export.com\/wp-content\/uploads\/2019\/06\/CEDA-default-square.jpg","type":"image\/jpeg"}],"twitter_card":"summary_large_image","twitter_site":"@CaribXport","twitter_misc":{"Tiempo de lectura":"6 minutos"},"schema":{"@context":"https:\/\/schema.org","@graph":[{"@type":"WebPage","@id":"https:\/\/content.carib-export.com\/es\/resources\/exporters-toolkit\/10-steps-to-exporting\/step-3-conduct-market-research\/","url":"https:\/\/content.carib-export.com\/es\/resources\/exporters-toolkit\/10-steps-to-exporting\/step-3-conduct-market-research\/","name":"Paso 3 | Realizar estudios de mercado - nombre del Exportaci\u00f3n del Caribe","isPartOf":{"@id":"https:\/\/content.carib-export.com\/es\/#website"},"datePublished":"2022-05-17T21:53:22+00:00","dateModified":"2025-02-05T19:54:40+00:00","breadcrumb":{"@id":"https:\/\/content.carib-export.com\/es\/resources\/exporters-toolkit\/10-steps-to-exporting\/step-3-conduct-market-research\/#breadcrumb"},"inLanguage":"es","potentialAction":[{"@type":"ReadAction","target":["https:\/\/content.carib-export.com\/es\/resources\/exporters-toolkit\/10-steps-to-exporting\/step-3-conduct-market-research\/"]}]},{"@type":"BreadcrumbList","@id":"https:\/\/content.carib-export.com\/es\/resources\/exporters-toolkit\/10-steps-to-exporting\/step-3-conduct-market-research\/#breadcrumb","itemListElement":[{"@type":"ListItem","position":1,"name":"Casa","item":"https:\/\/content.carib-export.com\/es\/home\/"},{"@type":"ListItem","position":2,"name":"Recursos","item":"https:\/\/content.carib-export.com\/es\/resources\/"},{"@type":"ListItem","position":3,"name":"Kit de herramientas para exportadores","item":"https:\/\/content.carib-export.com\/es\/resources\/exporters-toolkit\/"},{"@type":"ListItem","position":4,"name":"10 pasos para exportar","item":"https:\/\/content.carib-export.com\/es\/resources\/exporters-toolkit\/10-steps-to-exporting\/"},{"@type":"ListItem","position":5,"name":"Paso 3 | Realizar estudios de mercado"}]},{"@type":"WebSite","@id":"https:\/\/content.carib-export.com\/es\/#website","url":"https:\/\/content.carib-export.com\/es\/","name":"Exportaci\u00f3n del Caribe","description":"La \u00fanica agencia regional de promoci\u00f3n del comercio y las inversiones en el grupo de \u00c1frica, el Caribe y el Pac\u00edfico.","publisher":{"@id":"https:\/\/content.carib-export.com\/es\/#organization"},"potentialAction":[{"@type":"SearchAction","target":{"@type":"EntryPoint","urlTemplate":"https:\/\/content.carib-export.com\/es\/?s={search_term_string}"},"query-input":{"@type":"PropertyValueSpecification","valueRequired":true,"valueName":"search_term_string"}}],"inLanguage":"es"},{"@type":"Organization","@id":"https:\/\/content.carib-export.com\/es\/#organization","name":"Agencia de Desarrollo de Exportaciones del Caribe","url":"https:\/\/content.carib-export.com\/es\/","logo":{"@type":"ImageObject","inLanguage":"es","@id":"https:\/\/content.carib-export.com\/es\/#\/schema\/logo\/image\/","url":"https:\/\/content.carib-export.com\/wp-content\/uploads\/2013\/03\/CE-Logo-2013.jpg","contentUrl":"https:\/\/content.carib-export.com\/wp-content\/uploads\/2013\/03\/CE-Logo-2013.jpg","width":1024,"height":244,"caption":"Agencia de Desarrollo de Exportaciones del Caribe"},"image":{"@id":"https:\/\/content.carib-export.com\/es\/#\/schema\/logo\/image\/"},"sameAs":["https:\/\/www.facebook.com\/CaribbeanExport","https:\/\/x.com\/CaribXport","https:\/\/www.instagram.com\/caribbeanexport","https:\/\/www.linkedin.com\/company\/caribbeanexport","https:\/\/www.youtube.com\/user\/TheCaribbeanExport"]}]}},"_links":{"self":[{"href":"https:\/\/content.carib-export.com\/es\/wp-json\/wp\/v2\/pages\/280131","targetHints":{"allow":["GET"]}}],"collection":[{"href":"https:\/\/content.carib-export.com\/es\/wp-json\/wp\/v2\/pages"}],"about":[{"href":"https:\/\/content.carib-export.com\/es\/wp-json\/wp\/v2\/types\/page"}],"author":[{"embeddable":true,"href":"https:\/\/content.carib-export.com\/es\/wp-json\/wp\/v2\/users\/9"}],"replies":[{"embeddable":true,"href":"https:\/\/content.carib-export.com\/es\/wp-json\/wp\/v2\/comments?post=280131"}],"version-history":[{"count":0,"href":"https:\/\/content.carib-export.com\/es\/wp-json\/wp\/v2\/pages\/280131\/revisions"}],"up":[{"embeddable":true,"href":"https:\/\/content.carib-export.com\/es\/wp-json\/wp\/v2\/pages\/270060"}],"wp:attachment":[{"href":"https:\/\/content.carib-export.com\/es\/wp-json\/wp\/v2\/media?parent=280131"}],"wp:term":[{"taxonomy":"post_tag","embeddable":true,"href":"https:\/\/content.carib-export.com\/es\/wp-json\/wp\/v2\/tags?post=280131"}],"curies":[{"name":"wp","href":"https:\/\/api.w.org\/{rel}","templated":true}]}}