{"id":280140,"date":"2022-05-17T17:55:33","date_gmt":"2022-05-17T21:55:33","guid":{"rendered":"https:\/\/content.carib-export.com\/exporters\/exporters-toolkit\/10-steps-to-exporting\/step-4-create-an-international-marketing-plan\/"},"modified":"2025-02-05T20:33:03","modified_gmt":"2025-02-06T00:33:03","slug":"step-4-create-an-international-marketing-plan","status":"publish","type":"page","link":"https:\/\/content.carib-export.com\/es\/resources\/exporters-toolkit\/10-steps-to-exporting\/step-4-create-an-international-marketing-plan\/","title":{"rendered":"Paso 4 | Crear un plan de marketing internacional"},"content":{"rendered":"\n<p><em>Etapa 4<\/em><\/p>\n\n<blockquote class=\"wp-block-quote is-style-default is-layout-flow wp-block-quote-is-layout-flow\"><p><em>Crear un plan de marketing internacional<\/em><\/p><\/blockquote>\n\n<p>El marketing para el mercado nacional puede ser muy diferente del mercado internacional y, por lo tanto, se debe desarrollar un Plan de marketing internacional dedicado para garantizar que se satisfagan las necesidades, los gustos y las costumbres de la audiencia internacional. Las buenas estrategias de marketing ayudan al exportador a comprender y abordar las posibles diferencias entre las audiencias nacional e internacional.<\/p>\n\n<p>El marketing es una actividad continua y tambi\u00e9n lo es la planificaci\u00f3n del marketing porque nunca se puede saber lo suficiente sobre los clientes y c\u00f3mo satisfacer sus necesidades. Por lo tanto, su plan de marketing internacional es un documento de trabajo flexible que es probable que sea revisado, revisado y modificado a lo largo de sus actividades de exportaci\u00f3n. La f\u00f3rmula b\u00e1sica de marketing, las cuatro \u00abP\u00bb de producto, precio, promoci\u00f3n y plaza, es solo el comienzo cuando se trata de marketing internacional. Su plan deber\u00e1 abordar muchos otros factores, como;<\/p>\n\n<ul class=\"wp-block-list\"><li>pago (transacciones internacionales y cambios de moneda)<\/li><li>papeleo (aumento de la documentaci\u00f3n)<\/li><li>pr\u00e1cticas (diferentes estilos culturales, sociales y empresariales)<\/li><li>asociaciones (alianzas estrat\u00e9gicas para fortalecer su presencia en el mercado)<\/li><li>protecci\u00f3n (mayores riesgos relacionados con el pago, la propiedad intelectual o los viajes)<\/li><\/ul>\n\n<p>Comprender todas estas facetas de los negocios internacionales transformar\u00e1 su plan de marketing en una acci\u00f3n de marketing.<\/p>\n","protected":false},"excerpt":{"rendered":"<p>Etapa 4 Crear un plan de marketing internacional El marketing para el mercado nacional puede ser muy diferente del mercado internacional y, por lo tanto, se debe desarrollar un Plan de marketing internacional dedicado para garantizar que se satisfagan las necesidades, los gustos y las costumbres de la audiencia internacional. Las buenas estrategias de marketing [&hellip;]<\/p>\n","protected":false},"author":9,"featured_media":0,"parent":270060,"menu_order":0,"comment_status":"closed","ping_status":"closed","template":"","meta":{"_acf_changed":false,"inline_featured_image":false,"footnotes":""},"tags":[],"class_list":["post-280140","page","type-page","status-publish","hentry"],"acf":[],"yoast_head":"<!-- This site is optimized with the Yoast SEO plugin v27.1.1 - https:\/\/yoast.com\/product\/yoast-seo-wordpress\/ -->\n<title>Paso 4 | Crear un plan de marketing internacional - nombre del Exportaci\u00f3n del Caribe<\/title>\n<meta name=\"robots\" content=\"index, follow, max-snippet:-1, max-image-preview:large, max-video-preview:-1\" \/>\n<link rel=\"canonical\" href=\"https:\/\/content.carib-export.com\/es\/resources\/exporters-toolkit\/10-steps-to-exporting\/step-4-create-an-international-marketing-plan\/\" \/>\n<meta property=\"og:locale\" content=\"es_ES\" \/>\n<meta property=\"og:type\" content=\"article\" \/>\n<meta property=\"og:title\" content=\"Paso 4 | Crear un plan de marketing internacional - nombre del Exportaci\u00f3n del Caribe\" \/>\n<meta property=\"og:description\" content=\"Etapa 4 Crear un plan de marketing internacional El marketing para el mercado nacional puede ser muy diferente del mercado internacional y, por lo tanto, se debe desarrollar un Plan de marketing internacional dedicado para garantizar que se satisfagan las necesidades, los gustos y las costumbres de la audiencia internacional. Las buenas estrategias de marketing [&hellip;]\" \/>\n<meta property=\"og:url\" content=\"https:\/\/content.carib-export.com\/es\/resources\/exporters-toolkit\/10-steps-to-exporting\/step-4-create-an-international-marketing-plan\/\" \/>\n<meta property=\"og:site_name\" content=\"Exportaci\u00f3n del Caribe\" \/>\n<meta property=\"article:publisher\" content=\"https:\/\/www.facebook.com\/CaribbeanExport\" \/>\n<meta property=\"article:modified_time\" content=\"2025-02-06T00:33:03+00:00\" \/>\n<meta property=\"og:image\" content=\"https:\/\/content.carib-export.com\/wp-content\/uploads\/2019\/06\/CEDA-default-square.jpg\" \/>\n\t<meta property=\"og:image:width\" content=\"1000\" \/>\n\t<meta property=\"og:image:height\" content=\"1000\" \/>\n\t<meta property=\"og:image:type\" content=\"image\/jpeg\" \/>\n<meta name=\"twitter:card\" content=\"summary_large_image\" \/>\n<meta name=\"twitter:site\" content=\"@CaribXport\" \/>\n<meta name=\"twitter:label1\" content=\"Tiempo de lectura\" \/>\n\t<meta name=\"twitter:data1\" content=\"1 minuto\" \/>\n<script type=\"application\/ld+json\" class=\"yoast-schema-graph\">{\"@context\":\"https:\/\/schema.org\",\"@graph\":[{\"@type\":\"WebPage\",\"@id\":\"https:\/\/content.carib-export.com\/es\/resources\/exporters-toolkit\/10-steps-to-exporting\/step-4-create-an-international-marketing-plan\/\",\"url\":\"https:\/\/content.carib-export.com\/es\/resources\/exporters-toolkit\/10-steps-to-exporting\/step-4-create-an-international-marketing-plan\/\",\"name\":\"Paso 4 | Crear un plan de marketing internacional - nombre del Exportaci\u00f3n del Caribe\",\"isPartOf\":{\"@id\":\"https:\/\/content.carib-export.com\/es\/#website\"},\"datePublished\":\"2022-05-17T21:55:33+00:00\",\"dateModified\":\"2025-02-06T00:33:03+00:00\",\"breadcrumb\":{\"@id\":\"https:\/\/content.carib-export.com\/es\/resources\/exporters-toolkit\/10-steps-to-exporting\/step-4-create-an-international-marketing-plan\/#breadcrumb\"},\"inLanguage\":\"es\",\"potentialAction\":[{\"@type\":\"ReadAction\",\"target\":[\"https:\/\/content.carib-export.com\/es\/resources\/exporters-toolkit\/10-steps-to-exporting\/step-4-create-an-international-marketing-plan\/\"]}]},{\"@type\":\"BreadcrumbList\",\"@id\":\"https:\/\/content.carib-export.com\/es\/resources\/exporters-toolkit\/10-steps-to-exporting\/step-4-create-an-international-marketing-plan\/#breadcrumb\",\"itemListElement\":[{\"@type\":\"ListItem\",\"position\":1,\"name\":\"Casa\",\"item\":\"https:\/\/content.carib-export.com\/es\/home\/\"},{\"@type\":\"ListItem\",\"position\":2,\"name\":\"Recursos\",\"item\":\"https:\/\/content.carib-export.com\/es\/resources\/\"},{\"@type\":\"ListItem\",\"position\":3,\"name\":\"Kit de herramientas para exportadores\",\"item\":\"https:\/\/content.carib-export.com\/es\/resources\/exporters-toolkit\/\"},{\"@type\":\"ListItem\",\"position\":4,\"name\":\"10 pasos para exportar\",\"item\":\"https:\/\/content.carib-export.com\/es\/resources\/exporters-toolkit\/10-steps-to-exporting\/\"},{\"@type\":\"ListItem\",\"position\":5,\"name\":\"Paso 4 | Crear un plan de marketing internacional\"}]},{\"@type\":\"WebSite\",\"@id\":\"https:\/\/content.carib-export.com\/es\/#website\",\"url\":\"https:\/\/content.carib-export.com\/es\/\",\"name\":\"Exportaci\u00f3n del Caribe\",\"description\":\"La \u00fanica agencia regional de promoci\u00f3n del comercio y las inversiones en el grupo de \u00c1frica, el Caribe y el Pac\u00edfico.\",\"publisher\":{\"@id\":\"https:\/\/content.carib-export.com\/es\/#organization\"},\"potentialAction\":[{\"@type\":\"SearchAction\",\"target\":{\"@type\":\"EntryPoint\",\"urlTemplate\":\"https:\/\/content.carib-export.com\/es\/?s={search_term_string}\"},\"query-input\":{\"@type\":\"PropertyValueSpecification\",\"valueRequired\":true,\"valueName\":\"search_term_string\"}}],\"inLanguage\":\"es\"},{\"@type\":\"Organization\",\"@id\":\"https:\/\/content.carib-export.com\/es\/#organization\",\"name\":\"Agencia de Desarrollo de Exportaciones del Caribe\",\"url\":\"https:\/\/content.carib-export.com\/es\/\",\"logo\":{\"@type\":\"ImageObject\",\"inLanguage\":\"es\",\"@id\":\"https:\/\/content.carib-export.com\/es\/#\/schema\/logo\/image\/\",\"url\":\"https:\/\/content.carib-export.com\/wp-content\/uploads\/2013\/03\/CE-Logo-2013.jpg\",\"contentUrl\":\"https:\/\/content.carib-export.com\/wp-content\/uploads\/2013\/03\/CE-Logo-2013.jpg\",\"width\":1024,\"height\":244,\"caption\":\"Agencia de Desarrollo de Exportaciones del Caribe\"},\"image\":{\"@id\":\"https:\/\/content.carib-export.com\/es\/#\/schema\/logo\/image\/\"},\"sameAs\":[\"https:\/\/www.facebook.com\/CaribbeanExport\",\"https:\/\/x.com\/CaribXport\",\"https:\/\/www.instagram.com\/caribbeanexport\",\"https:\/\/www.linkedin.com\/company\/caribbeanexport\",\"https:\/\/www.youtube.com\/user\/TheCaribbeanExport\"]}]}<\/script>\n<!-- \/ Yoast SEO plugin. -->","yoast_head_json":{"title":"Paso 4 | Crear un plan de marketing internacional - nombre del Exportaci\u00f3n del Caribe","robots":{"index":"index","follow":"follow","max-snippet":"max-snippet:-1","max-image-preview":"max-image-preview:large","max-video-preview":"max-video-preview:-1"},"canonical":"https:\/\/content.carib-export.com\/es\/resources\/exporters-toolkit\/10-steps-to-exporting\/step-4-create-an-international-marketing-plan\/","og_locale":"es_ES","og_type":"article","og_title":"Paso 4 | Crear un plan de marketing internacional - nombre del Exportaci\u00f3n del Caribe","og_description":"Etapa 4 Crear un plan de marketing internacional El marketing para el mercado nacional puede ser muy diferente del mercado internacional y, por lo tanto, se debe desarrollar un Plan de marketing internacional dedicado para garantizar que se satisfagan las necesidades, los gustos y las costumbres de la audiencia internacional. Las buenas estrategias de marketing [&hellip;]","og_url":"https:\/\/content.carib-export.com\/es\/resources\/exporters-toolkit\/10-steps-to-exporting\/step-4-create-an-international-marketing-plan\/","og_site_name":"Exportaci\u00f3n del Caribe","article_publisher":"https:\/\/www.facebook.com\/CaribbeanExport","article_modified_time":"2025-02-06T00:33:03+00:00","og_image":[{"width":1000,"height":1000,"url":"https:\/\/content.carib-export.com\/wp-content\/uploads\/2019\/06\/CEDA-default-square.jpg","type":"image\/jpeg"}],"twitter_card":"summary_large_image","twitter_site":"@CaribXport","twitter_misc":{"Tiempo de lectura":"1 minuto"},"schema":{"@context":"https:\/\/schema.org","@graph":[{"@type":"WebPage","@id":"https:\/\/content.carib-export.com\/es\/resources\/exporters-toolkit\/10-steps-to-exporting\/step-4-create-an-international-marketing-plan\/","url":"https:\/\/content.carib-export.com\/es\/resources\/exporters-toolkit\/10-steps-to-exporting\/step-4-create-an-international-marketing-plan\/","name":"Paso 4 | Crear un plan de marketing internacional - nombre del Exportaci\u00f3n del Caribe","isPartOf":{"@id":"https:\/\/content.carib-export.com\/es\/#website"},"datePublished":"2022-05-17T21:55:33+00:00","dateModified":"2025-02-06T00:33:03+00:00","breadcrumb":{"@id":"https:\/\/content.carib-export.com\/es\/resources\/exporters-toolkit\/10-steps-to-exporting\/step-4-create-an-international-marketing-plan\/#breadcrumb"},"inLanguage":"es","potentialAction":[{"@type":"ReadAction","target":["https:\/\/content.carib-export.com\/es\/resources\/exporters-toolkit\/10-steps-to-exporting\/step-4-create-an-international-marketing-plan\/"]}]},{"@type":"BreadcrumbList","@id":"https:\/\/content.carib-export.com\/es\/resources\/exporters-toolkit\/10-steps-to-exporting\/step-4-create-an-international-marketing-plan\/#breadcrumb","itemListElement":[{"@type":"ListItem","position":1,"name":"Casa","item":"https:\/\/content.carib-export.com\/es\/home\/"},{"@type":"ListItem","position":2,"name":"Recursos","item":"https:\/\/content.carib-export.com\/es\/resources\/"},{"@type":"ListItem","position":3,"name":"Kit de herramientas para exportadores","item":"https:\/\/content.carib-export.com\/es\/resources\/exporters-toolkit\/"},{"@type":"ListItem","position":4,"name":"10 pasos para exportar","item":"https:\/\/content.carib-export.com\/es\/resources\/exporters-toolkit\/10-steps-to-exporting\/"},{"@type":"ListItem","position":5,"name":"Paso 4 | Crear un plan de marketing internacional"}]},{"@type":"WebSite","@id":"https:\/\/content.carib-export.com\/es\/#website","url":"https:\/\/content.carib-export.com\/es\/","name":"Exportaci\u00f3n del Caribe","description":"La \u00fanica agencia regional de promoci\u00f3n del comercio y las inversiones en el grupo de \u00c1frica, el Caribe y el Pac\u00edfico.","publisher":{"@id":"https:\/\/content.carib-export.com\/es\/#organization"},"potentialAction":[{"@type":"SearchAction","target":{"@type":"EntryPoint","urlTemplate":"https:\/\/content.carib-export.com\/es\/?s={search_term_string}"},"query-input":{"@type":"PropertyValueSpecification","valueRequired":true,"valueName":"search_term_string"}}],"inLanguage":"es"},{"@type":"Organization","@id":"https:\/\/content.carib-export.com\/es\/#organization","name":"Agencia de Desarrollo de Exportaciones del Caribe","url":"https:\/\/content.carib-export.com\/es\/","logo":{"@type":"ImageObject","inLanguage":"es","@id":"https:\/\/content.carib-export.com\/es\/#\/schema\/logo\/image\/","url":"https:\/\/content.carib-export.com\/wp-content\/uploads\/2013\/03\/CE-Logo-2013.jpg","contentUrl":"https:\/\/content.carib-export.com\/wp-content\/uploads\/2013\/03\/CE-Logo-2013.jpg","width":1024,"height":244,"caption":"Agencia de Desarrollo de Exportaciones del Caribe"},"image":{"@id":"https:\/\/content.carib-export.com\/es\/#\/schema\/logo\/image\/"},"sameAs":["https:\/\/www.facebook.com\/CaribbeanExport","https:\/\/x.com\/CaribXport","https:\/\/www.instagram.com\/caribbeanexport","https:\/\/www.linkedin.com\/company\/caribbeanexport","https:\/\/www.youtube.com\/user\/TheCaribbeanExport"]}]}},"_links":{"self":[{"href":"https:\/\/content.carib-export.com\/es\/wp-json\/wp\/v2\/pages\/280140","targetHints":{"allow":["GET"]}}],"collection":[{"href":"https:\/\/content.carib-export.com\/es\/wp-json\/wp\/v2\/pages"}],"about":[{"href":"https:\/\/content.carib-export.com\/es\/wp-json\/wp\/v2\/types\/page"}],"author":[{"embeddable":true,"href":"https:\/\/content.carib-export.com\/es\/wp-json\/wp\/v2\/users\/9"}],"replies":[{"embeddable":true,"href":"https:\/\/content.carib-export.com\/es\/wp-json\/wp\/v2\/comments?post=280140"}],"version-history":[{"count":0,"href":"https:\/\/content.carib-export.com\/es\/wp-json\/wp\/v2\/pages\/280140\/revisions"}],"up":[{"embeddable":true,"href":"https:\/\/content.carib-export.com\/es\/wp-json\/wp\/v2\/pages\/270060"}],"wp:attachment":[{"href":"https:\/\/content.carib-export.com\/es\/wp-json\/wp\/v2\/media?parent=280140"}],"wp:term":[{"taxonomy":"post_tag","embeddable":true,"href":"https:\/\/content.carib-export.com\/es\/wp-json\/wp\/v2\/tags?post=280140"}],"curies":[{"name":"wp","href":"https:\/\/api.w.org\/{rel}","templated":true}]}}