{"id":280176,"date":"2022-05-17T18:04:19","date_gmt":"2022-05-17T22:04:19","guid":{"rendered":"https:\/\/content.carib-export.com\/exporters\/exporters-toolkit\/10-steps-to-exporting\/step-8-financing\/"},"modified":"2025-02-06T00:53:02","modified_gmt":"2025-02-06T04:53:02","slug":"step-8-financing","status":"publish","type":"page","link":"https:\/\/content.carib-export.com\/es\/resources\/exporters-toolkit\/10-steps-to-exporting\/step-8-financing\/","title":{"rendered":"Paso 8 | Financiaci\u00f3n"},"content":{"rendered":"\n<p><em>Paso 8<\/em><\/p>\n\n<blockquote class=\"wp-block-quote is-style-default is-layout-flow wp-block-quote-is-layout-flow\"><p><em>Financiaci\u00f3n<\/em><\/p><\/blockquote>\n\n<p>Si bien hay historias de \u00e9xito de exportaci\u00f3n de la noche a la ma\u00f1ana, la mayor\u00eda de las empresas deben estar preparadas para invertir tiempo y recursos financieros para ver el retorno de su inversi\u00f3n y el \u00e9xito posterior. En consecuencia, la estabilidad financiera y un flujo de efectivo seguro son importantes durante este per\u00edodo. En algunos casos, las empresas pueden depender de sus ventas internas para sostener sus primeros esfuerzos de exportaci\u00f3n. Si esto no es posible, es una buena idea saber qu\u00e9 opciones de financiamiento est\u00e1n disponibles. Los exportadores deben desarrollar un plan financiero para comprender y abordar los diversos costos asociados con la exportaci\u00f3n, completo con un presupuesto de efectivo de dos a tres a\u00f1os para cubrir los gastos y un presupuesto de capital. Un presupuesto de capital es una evaluaci\u00f3n de costo-beneficio de sus objetivos de exportaci\u00f3n y sirve como su plan operativo para medir gastos e ingresos.<\/p>\n\n<p>Tambi\u00e9n es importante la gu\u00eda <a href=\"http:\/\/www.intracen.org\/HOW-TO-ACCESS-TRADE-FINANCE-A-GUIDE-FOR-EXPORTING-SMEs\/\" target=\"_blank\" rel=\"noreferrer noopener\">\u00abC\u00f3mo acceder a la financiaci\u00f3n del comercio\u00bb &#8211; Gu\u00eda para PYME exportadoras<\/a>: Se trata de una gu\u00eda elaborada por el CCI que proporciona al gerente de la PYME consejos clave sobre c\u00f3mo entender los requisitos bancarios, preparar una propuesta financiable y un plan empresarial s\u00f3lido, llevar a cabo mejores negociaciones con los bancos y utilizar a los bancos para impulsar su competitividad. La publicaci\u00f3n tambi\u00e9n describe c\u00f3mo desarrollar una relaci\u00f3n entre una nueva generaci\u00f3n de banqueros y gerentes de PYME. Estos son banqueros que est\u00e1n listos para trabajar en estrecha colaboraci\u00f3n con la comunidad de PYME para comprender sus necesidades y brindar nuevas soluciones.<\/p>\n\n<p>Echa un vistazo a nuestra breve gu\u00eda sobre:<\/p>\n","protected":false},"excerpt":{"rendered":"<p>Paso 8 Financiaci\u00f3n Si bien hay historias de \u00e9xito de exportaci\u00f3n de la noche a la ma\u00f1ana, la mayor\u00eda de las empresas deben estar preparadas para invertir tiempo y recursos financieros para ver el retorno de su inversi\u00f3n y el \u00e9xito posterior. En consecuencia, la estabilidad financiera y un flujo de efectivo seguro son importantes [&hellip;]<\/p>\n","protected":false},"author":9,"featured_media":0,"parent":270060,"menu_order":0,"comment_status":"closed","ping_status":"closed","template":"","meta":{"_acf_changed":false,"inline_featured_image":false,"footnotes":""},"tags":[],"class_list":["post-280176","page","type-page","status-publish","hentry"],"acf":[],"yoast_head":"<!-- This site is optimized with the Yoast SEO plugin v27.1.1 - https:\/\/yoast.com\/product\/yoast-seo-wordpress\/ -->\n<title>Paso 8 | Financiaci\u00f3n - nombre del Exportaci\u00f3n del Caribe<\/title>\n<meta name=\"robots\" content=\"index, follow, max-snippet:-1, max-image-preview:large, max-video-preview:-1\" \/>\n<link rel=\"canonical\" href=\"https:\/\/content.carib-export.com\/es\/resources\/exporters-toolkit\/10-steps-to-exporting\/step-8-financing\/\" \/>\n<meta property=\"og:locale\" content=\"es_ES\" \/>\n<meta property=\"og:type\" content=\"article\" \/>\n<meta property=\"og:title\" content=\"Paso 8 | Financiaci\u00f3n - nombre del Exportaci\u00f3n del Caribe\" \/>\n<meta property=\"og:description\" content=\"Paso 8 Financiaci\u00f3n Si bien hay historias de \u00e9xito de exportaci\u00f3n de la noche a la ma\u00f1ana, la mayor\u00eda de las empresas deben estar preparadas para invertir tiempo y recursos financieros para ver el retorno de su inversi\u00f3n y el \u00e9xito posterior. En consecuencia, la estabilidad financiera y un flujo de efectivo seguro son importantes [&hellip;]\" \/>\n<meta property=\"og:url\" content=\"https:\/\/content.carib-export.com\/es\/resources\/exporters-toolkit\/10-steps-to-exporting\/step-8-financing\/\" \/>\n<meta property=\"og:site_name\" content=\"Exportaci\u00f3n del Caribe\" \/>\n<meta property=\"article:publisher\" content=\"https:\/\/www.facebook.com\/CaribbeanExport\" \/>\n<meta property=\"article:modified_time\" content=\"2025-02-06T04:53:02+00:00\" \/>\n<meta property=\"og:image\" content=\"https:\/\/content.carib-export.com\/wp-content\/uploads\/2019\/06\/CEDA-default-square.jpg\" \/>\n\t<meta property=\"og:image:width\" content=\"1000\" \/>\n\t<meta property=\"og:image:height\" content=\"1000\" \/>\n\t<meta property=\"og:image:type\" content=\"image\/jpeg\" \/>\n<meta name=\"twitter:card\" content=\"summary_large_image\" \/>\n<meta name=\"twitter:site\" content=\"@CaribXport\" \/>\n<meta name=\"twitter:label1\" content=\"Tiempo de lectura\" \/>\n\t<meta name=\"twitter:data1\" content=\"1 minuto\" \/>\n<script type=\"application\/ld+json\" class=\"yoast-schema-graph\">{\"@context\":\"https:\/\/schema.org\",\"@graph\":[{\"@type\":\"WebPage\",\"@id\":\"https:\/\/content.carib-export.com\/es\/resources\/exporters-toolkit\/10-steps-to-exporting\/step-8-financing\/\",\"url\":\"https:\/\/content.carib-export.com\/es\/resources\/exporters-toolkit\/10-steps-to-exporting\/step-8-financing\/\",\"name\":\"Paso 8 | Financiaci\u00f3n - nombre del Exportaci\u00f3n del Caribe\",\"isPartOf\":{\"@id\":\"https:\/\/content.carib-export.com\/es\/#website\"},\"datePublished\":\"2022-05-17T22:04:19+00:00\",\"dateModified\":\"2025-02-06T04:53:02+00:00\",\"breadcrumb\":{\"@id\":\"https:\/\/content.carib-export.com\/es\/resources\/exporters-toolkit\/10-steps-to-exporting\/step-8-financing\/#breadcrumb\"},\"inLanguage\":\"es\",\"potentialAction\":[{\"@type\":\"ReadAction\",\"target\":[\"https:\/\/content.carib-export.com\/es\/resources\/exporters-toolkit\/10-steps-to-exporting\/step-8-financing\/\"]}]},{\"@type\":\"BreadcrumbList\",\"@id\":\"https:\/\/content.carib-export.com\/es\/resources\/exporters-toolkit\/10-steps-to-exporting\/step-8-financing\/#breadcrumb\",\"itemListElement\":[{\"@type\":\"ListItem\",\"position\":1,\"name\":\"Casa\",\"item\":\"https:\/\/content.carib-export.com\/es\/home\/\"},{\"@type\":\"ListItem\",\"position\":2,\"name\":\"Recursos\",\"item\":\"https:\/\/content.carib-export.com\/es\/resources\/\"},{\"@type\":\"ListItem\",\"position\":3,\"name\":\"Kit de herramientas para exportadores\",\"item\":\"https:\/\/content.carib-export.com\/es\/resources\/exporters-toolkit\/\"},{\"@type\":\"ListItem\",\"position\":4,\"name\":\"10 pasos para exportar\",\"item\":\"https:\/\/content.carib-export.com\/es\/resources\/exporters-toolkit\/10-steps-to-exporting\/\"},{\"@type\":\"ListItem\",\"position\":5,\"name\":\"Paso 8 | Financiaci\u00f3n\"}]},{\"@type\":\"WebSite\",\"@id\":\"https:\/\/content.carib-export.com\/es\/#website\",\"url\":\"https:\/\/content.carib-export.com\/es\/\",\"name\":\"Exportaci\u00f3n del Caribe\",\"description\":\"La \u00fanica agencia regional de promoci\u00f3n del comercio y las inversiones en el grupo de \u00c1frica, el Caribe y el Pac\u00edfico.\",\"publisher\":{\"@id\":\"https:\/\/content.carib-export.com\/es\/#organization\"},\"potentialAction\":[{\"@type\":\"SearchAction\",\"target\":{\"@type\":\"EntryPoint\",\"urlTemplate\":\"https:\/\/content.carib-export.com\/es\/?s={search_term_string}\"},\"query-input\":{\"@type\":\"PropertyValueSpecification\",\"valueRequired\":true,\"valueName\":\"search_term_string\"}}],\"inLanguage\":\"es\"},{\"@type\":\"Organization\",\"@id\":\"https:\/\/content.carib-export.com\/es\/#organization\",\"name\":\"Agencia de Desarrollo de Exportaciones del Caribe\",\"url\":\"https:\/\/content.carib-export.com\/es\/\",\"logo\":{\"@type\":\"ImageObject\",\"inLanguage\":\"es\",\"@id\":\"https:\/\/content.carib-export.com\/es\/#\/schema\/logo\/image\/\",\"url\":\"https:\/\/content.carib-export.com\/wp-content\/uploads\/2013\/03\/CE-Logo-2013.jpg\",\"contentUrl\":\"https:\/\/content.carib-export.com\/wp-content\/uploads\/2013\/03\/CE-Logo-2013.jpg\",\"width\":1024,\"height\":244,\"caption\":\"Agencia de Desarrollo de Exportaciones del Caribe\"},\"image\":{\"@id\":\"https:\/\/content.carib-export.com\/es\/#\/schema\/logo\/image\/\"},\"sameAs\":[\"https:\/\/www.facebook.com\/CaribbeanExport\",\"https:\/\/x.com\/CaribXport\",\"https:\/\/www.instagram.com\/caribbeanexport\",\"https:\/\/www.linkedin.com\/company\/caribbeanexport\",\"https:\/\/www.youtube.com\/user\/TheCaribbeanExport\"]}]}<\/script>\n<!-- \/ Yoast SEO plugin. -->","yoast_head_json":{"title":"Paso 8 | Financiaci\u00f3n - nombre del Exportaci\u00f3n del Caribe","robots":{"index":"index","follow":"follow","max-snippet":"max-snippet:-1","max-image-preview":"max-image-preview:large","max-video-preview":"max-video-preview:-1"},"canonical":"https:\/\/content.carib-export.com\/es\/resources\/exporters-toolkit\/10-steps-to-exporting\/step-8-financing\/","og_locale":"es_ES","og_type":"article","og_title":"Paso 8 | Financiaci\u00f3n - nombre del Exportaci\u00f3n del Caribe","og_description":"Paso 8 Financiaci\u00f3n Si bien hay historias de \u00e9xito de exportaci\u00f3n de la noche a la ma\u00f1ana, la mayor\u00eda de las empresas deben estar preparadas para invertir tiempo y recursos financieros para ver el retorno de su inversi\u00f3n y el \u00e9xito posterior. En consecuencia, la estabilidad financiera y un flujo de efectivo seguro son importantes [&hellip;]","og_url":"https:\/\/content.carib-export.com\/es\/resources\/exporters-toolkit\/10-steps-to-exporting\/step-8-financing\/","og_site_name":"Exportaci\u00f3n del Caribe","article_publisher":"https:\/\/www.facebook.com\/CaribbeanExport","article_modified_time":"2025-02-06T04:53:02+00:00","og_image":[{"width":1000,"height":1000,"url":"https:\/\/content.carib-export.com\/wp-content\/uploads\/2019\/06\/CEDA-default-square.jpg","type":"image\/jpeg"}],"twitter_card":"summary_large_image","twitter_site":"@CaribXport","twitter_misc":{"Tiempo de lectura":"1 minuto"},"schema":{"@context":"https:\/\/schema.org","@graph":[{"@type":"WebPage","@id":"https:\/\/content.carib-export.com\/es\/resources\/exporters-toolkit\/10-steps-to-exporting\/step-8-financing\/","url":"https:\/\/content.carib-export.com\/es\/resources\/exporters-toolkit\/10-steps-to-exporting\/step-8-financing\/","name":"Paso 8 | Financiaci\u00f3n - nombre del Exportaci\u00f3n del Caribe","isPartOf":{"@id":"https:\/\/content.carib-export.com\/es\/#website"},"datePublished":"2022-05-17T22:04:19+00:00","dateModified":"2025-02-06T04:53:02+00:00","breadcrumb":{"@id":"https:\/\/content.carib-export.com\/es\/resources\/exporters-toolkit\/10-steps-to-exporting\/step-8-financing\/#breadcrumb"},"inLanguage":"es","potentialAction":[{"@type":"ReadAction","target":["https:\/\/content.carib-export.com\/es\/resources\/exporters-toolkit\/10-steps-to-exporting\/step-8-financing\/"]}]},{"@type":"BreadcrumbList","@id":"https:\/\/content.carib-export.com\/es\/resources\/exporters-toolkit\/10-steps-to-exporting\/step-8-financing\/#breadcrumb","itemListElement":[{"@type":"ListItem","position":1,"name":"Casa","item":"https:\/\/content.carib-export.com\/es\/home\/"},{"@type":"ListItem","position":2,"name":"Recursos","item":"https:\/\/content.carib-export.com\/es\/resources\/"},{"@type":"ListItem","position":3,"name":"Kit de herramientas para exportadores","item":"https:\/\/content.carib-export.com\/es\/resources\/exporters-toolkit\/"},{"@type":"ListItem","position":4,"name":"10 pasos para exportar","item":"https:\/\/content.carib-export.com\/es\/resources\/exporters-toolkit\/10-steps-to-exporting\/"},{"@type":"ListItem","position":5,"name":"Paso 8 | Financiaci\u00f3n"}]},{"@type":"WebSite","@id":"https:\/\/content.carib-export.com\/es\/#website","url":"https:\/\/content.carib-export.com\/es\/","name":"Exportaci\u00f3n del Caribe","description":"La \u00fanica agencia regional de promoci\u00f3n del comercio y las inversiones en el grupo de \u00c1frica, el Caribe y el Pac\u00edfico.","publisher":{"@id":"https:\/\/content.carib-export.com\/es\/#organization"},"potentialAction":[{"@type":"SearchAction","target":{"@type":"EntryPoint","urlTemplate":"https:\/\/content.carib-export.com\/es\/?s={search_term_string}"},"query-input":{"@type":"PropertyValueSpecification","valueRequired":true,"valueName":"search_term_string"}}],"inLanguage":"es"},{"@type":"Organization","@id":"https:\/\/content.carib-export.com\/es\/#organization","name":"Agencia de Desarrollo de Exportaciones del Caribe","url":"https:\/\/content.carib-export.com\/es\/","logo":{"@type":"ImageObject","inLanguage":"es","@id":"https:\/\/content.carib-export.com\/es\/#\/schema\/logo\/image\/","url":"https:\/\/content.carib-export.com\/wp-content\/uploads\/2013\/03\/CE-Logo-2013.jpg","contentUrl":"https:\/\/content.carib-export.com\/wp-content\/uploads\/2013\/03\/CE-Logo-2013.jpg","width":1024,"height":244,"caption":"Agencia de Desarrollo de Exportaciones del Caribe"},"image":{"@id":"https:\/\/content.carib-export.com\/es\/#\/schema\/logo\/image\/"},"sameAs":["https:\/\/www.facebook.com\/CaribbeanExport","https:\/\/x.com\/CaribXport","https:\/\/www.instagram.com\/caribbeanexport","https:\/\/www.linkedin.com\/company\/caribbeanexport","https:\/\/www.youtube.com\/user\/TheCaribbeanExport"]}]}},"_links":{"self":[{"href":"https:\/\/content.carib-export.com\/es\/wp-json\/wp\/v2\/pages\/280176","targetHints":{"allow":["GET"]}}],"collection":[{"href":"https:\/\/content.carib-export.com\/es\/wp-json\/wp\/v2\/pages"}],"about":[{"href":"https:\/\/content.carib-export.com\/es\/wp-json\/wp\/v2\/types\/page"}],"author":[{"embeddable":true,"href":"https:\/\/content.carib-export.com\/es\/wp-json\/wp\/v2\/users\/9"}],"replies":[{"embeddable":true,"href":"https:\/\/content.carib-export.com\/es\/wp-json\/wp\/v2\/comments?post=280176"}],"version-history":[{"count":0,"href":"https:\/\/content.carib-export.com\/es\/wp-json\/wp\/v2\/pages\/280176\/revisions"}],"up":[{"embeddable":true,"href":"https:\/\/content.carib-export.com\/es\/wp-json\/wp\/v2\/pages\/270060"}],"wp:attachment":[{"href":"https:\/\/content.carib-export.com\/es\/wp-json\/wp\/v2\/media?parent=280176"}],"wp:term":[{"taxonomy":"post_tag","embeddable":true,"href":"https:\/\/content.carib-export.com\/es\/wp-json\/wp\/v2\/tags?post=280176"}],"curies":[{"name":"wp","href":"https:\/\/api.w.org\/{rel}","templated":true}]}}