{"id":280317,"date":"2019-03-04T14:41:16","date_gmt":"2019-03-04T18:41:16","guid":{"rendered":"https:\/\/content.carib-export.com\/exporters\/technical-assistance\/caribbean-fashion-showroom\/"},"modified":"2025-02-06T14:11:09","modified_gmt":"2025-02-06T18:11:09","slug":"caribbean-fashion-showroom","status":"publish","type":"page","link":"https:\/\/content.carib-export.com\/es\/resources\/technical-assistance\/caribbean-fashion-showroom\/","title":{"rendered":"Showroom de Moda Caribe\u00f1a"},"content":{"rendered":"\n<figure class=\"wp-block-embed aligncenter is-type-video is-provider-youtube wp-block-embed-youtube wp-embed-aspect-16-9 wp-has-aspect-ratio\"><div class=\"wp-block-embed__wrapper\">\n<iframe loading=\"lazy\" title=\"Caribbean Fashion Showroom Virtual Pop Up\" width=\"640\" height=\"360\" src=\"https:\/\/www.youtube.com\/embed\/VPrD_cDZIMM?feature=oembed\" frameborder=\"0\" allow=\"accelerometer; autoplay; clipboard-write; encrypted-media; gyroscope; picture-in-picture; web-share\" referrerpolicy=\"strict-origin-when-cross-origin\" allowfullscreen><\/iframe>\n<\/div><figcaption><em>Caribbean Fashion Showroom en colaboraci\u00f3n con Fashion Arch organiz\u00f3 una ventana emergente virtual el s\u00e1bado 29 de mayo de 2021.<\/em><\/figcaption><\/figure>\n\n<div style=\"height:40px\" aria-hidden=\"true\" class=\"wp-block-spacer\"><\/div>\n\n<p>Caribbean Fashion Showroom es el hogar de los principales dise\u00f1adores de la regi\u00f3n y debut\u00f3 en Market Week LA el 11 de marzo de 2019. Durante un per\u00edodo de nueve meses, los compradores pudieron ver las colecciones de una variedad de dise\u00f1adores, reunirse con un agente y buscar moda caribe\u00f1a aut\u00e9nticamente dise\u00f1ada.<\/p>\n\n<p>El Caribbean Fashion Showroom estaba ubicado en 127 E 9th St #707, Los \u00c1ngeles, California, 90015, EE. UU.<\/p>\n\n<p>Si usted es un dise\u00f1ador caribe\u00f1o, tiene una colecci\u00f3n completa lista para las ventas comerciales y est\u00e1 interesado en ser parte de la sala de exposici\u00f3n, con\u00e9ctese con nosotros en <a aria-label=\"Facebook (opens in a new tab)\" rel=\"noreferrer noopener\" href=\"https:\/\/www.facebook.com\/caribbeanfashionshowroom\" target=\"_blank\"><strong>Facebook<\/strong><\/a> o <a aria-label=\"Instagram (opens in a new tab)\" rel=\"noreferrer noopener\" href=\"https:\/\/www.instagram.com\/caribbeanfashionshowroom\/\" target=\"_blank\"><strong>Instagram<\/strong><\/a> , donde exhibiremos los dise\u00f1os de la regi\u00f3n.<\/p>\n","protected":false},"excerpt":{"rendered":"<p>Caribbean Fashion Showroom es el hogar de los principales dise\u00f1adores de la regi\u00f3n y debut\u00f3 en Market Week LA el 11 de marzo de 2019. Durante un per\u00edodo de nueve meses, los compradores pudieron ver las colecciones de una variedad de dise\u00f1adores, reunirse con un agente y buscar moda caribe\u00f1a aut\u00e9nticamente dise\u00f1ada. El Caribbean Fashion [&hellip;]<\/p>\n","protected":false},"author":3,"featured_media":0,"parent":256328,"menu_order":0,"comment_status":"closed","ping_status":"closed","template":"","meta":{"_acf_changed":false,"inline_featured_image":false,"footnotes":""},"tags":[],"class_list":["post-280317","page","type-page","status-publish","hentry"],"acf":[],"yoast_head":"<!-- This site is optimized with the Yoast SEO plugin v27.1.1 - https:\/\/yoast.com\/product\/yoast-seo-wordpress\/ -->\n<title>Showroom de Moda Caribe\u00f1a - nombre del Exportaci\u00f3n del Caribe<\/title>\n<meta name=\"robots\" content=\"index, follow, max-snippet:-1, max-image-preview:large, max-video-preview:-1\" \/>\n<link rel=\"canonical\" href=\"https:\/\/content.carib-export.com\/es\/resources\/technical-assistance\/caribbean-fashion-showroom\/\" \/>\n<meta property=\"og:locale\" content=\"es_ES\" \/>\n<meta property=\"og:type\" content=\"article\" \/>\n<meta property=\"og:title\" content=\"Showroom de Moda Caribe\u00f1a - nombre del Exportaci\u00f3n del Caribe\" \/>\n<meta property=\"og:description\" content=\"Caribbean Fashion Showroom es el hogar de los principales dise\u00f1adores de la regi\u00f3n y debut\u00f3 en Market Week LA el 11 de marzo de 2019. Durante un per\u00edodo de nueve meses, los compradores pudieron ver las colecciones de una variedad de dise\u00f1adores, reunirse con un agente y buscar moda caribe\u00f1a aut\u00e9nticamente dise\u00f1ada. El Caribbean Fashion [&hellip;]\" \/>\n<meta property=\"og:url\" content=\"https:\/\/content.carib-export.com\/es\/resources\/technical-assistance\/caribbean-fashion-showroom\/\" \/>\n<meta property=\"og:site_name\" content=\"Exportaci\u00f3n del Caribe\" \/>\n<meta property=\"article:publisher\" content=\"https:\/\/www.facebook.com\/CaribbeanExport\" \/>\n<meta property=\"article:modified_time\" content=\"2025-02-06T18:11:09+00:00\" \/>\n<meta property=\"og:image\" content=\"https:\/\/content.carib-export.com\/wp-content\/uploads\/2019\/06\/CEDA-default-square.jpg\" \/>\n\t<meta property=\"og:image:width\" content=\"1000\" \/>\n\t<meta property=\"og:image:height\" content=\"1000\" \/>\n\t<meta property=\"og:image:type\" content=\"image\/jpeg\" \/>\n<meta name=\"twitter:card\" content=\"summary_large_image\" \/>\n<meta name=\"twitter:site\" content=\"@CaribXport\" \/>\n<meta name=\"twitter:label1\" content=\"Tiempo de lectura\" \/>\n\t<meta name=\"twitter:data1\" content=\"1 minuto\" \/>\n<script type=\"application\/ld+json\" class=\"yoast-schema-graph\">{\"@context\":\"https:\/\/schema.org\",\"@graph\":[{\"@type\":\"WebPage\",\"@id\":\"https:\/\/content.carib-export.com\/es\/resources\/technical-assistance\/caribbean-fashion-showroom\/\",\"url\":\"https:\/\/content.carib-export.com\/es\/resources\/technical-assistance\/caribbean-fashion-showroom\/\",\"name\":\"Showroom de Moda Caribe\u00f1a - nombre del Exportaci\u00f3n del Caribe\",\"isPartOf\":{\"@id\":\"https:\/\/content.carib-export.com\/es\/#website\"},\"datePublished\":\"2019-03-04T18:41:16+00:00\",\"dateModified\":\"2025-02-06T18:11:09+00:00\",\"breadcrumb\":{\"@id\":\"https:\/\/content.carib-export.com\/es\/resources\/technical-assistance\/caribbean-fashion-showroom\/#breadcrumb\"},\"inLanguage\":\"es\",\"potentialAction\":[{\"@type\":\"ReadAction\",\"target\":[\"https:\/\/content.carib-export.com\/es\/resources\/technical-assistance\/caribbean-fashion-showroom\/\"]}]},{\"@type\":\"BreadcrumbList\",\"@id\":\"https:\/\/content.carib-export.com\/es\/resources\/technical-assistance\/caribbean-fashion-showroom\/#breadcrumb\",\"itemListElement\":[{\"@type\":\"ListItem\",\"position\":1,\"name\":\"Casa\",\"item\":\"https:\/\/content.carib-export.com\/es\/home\/\"},{\"@type\":\"ListItem\",\"position\":2,\"name\":\"Recursos\",\"item\":\"https:\/\/content.carib-export.com\/es\/resources\/\"},{\"@type\":\"ListItem\",\"position\":3,\"name\":\"Asistencia t\u00e9cnica\",\"item\":\"https:\/\/content.carib-export.com\/es\/resources\/technical-assistance\/\"},{\"@type\":\"ListItem\",\"position\":4,\"name\":\"Showroom de Moda Caribe\u00f1a\"}]},{\"@type\":\"WebSite\",\"@id\":\"https:\/\/content.carib-export.com\/es\/#website\",\"url\":\"https:\/\/content.carib-export.com\/es\/\",\"name\":\"Exportaci\u00f3n del Caribe\",\"description\":\"La \u00fanica agencia regional de promoci\u00f3n del comercio y las inversiones en el grupo de \u00c1frica, el Caribe y el Pac\u00edfico.\",\"publisher\":{\"@id\":\"https:\/\/content.carib-export.com\/es\/#organization\"},\"potentialAction\":[{\"@type\":\"SearchAction\",\"target\":{\"@type\":\"EntryPoint\",\"urlTemplate\":\"https:\/\/content.carib-export.com\/es\/?s={search_term_string}\"},\"query-input\":{\"@type\":\"PropertyValueSpecification\",\"valueRequired\":true,\"valueName\":\"search_term_string\"}}],\"inLanguage\":\"es\"},{\"@type\":\"Organization\",\"@id\":\"https:\/\/content.carib-export.com\/es\/#organization\",\"name\":\"Agencia de Desarrollo de Exportaciones del Caribe\",\"url\":\"https:\/\/content.carib-export.com\/es\/\",\"logo\":{\"@type\":\"ImageObject\",\"inLanguage\":\"es\",\"@id\":\"https:\/\/content.carib-export.com\/es\/#\/schema\/logo\/image\/\",\"url\":\"https:\/\/content.carib-export.com\/wp-content\/uploads\/2013\/03\/CE-Logo-2013.jpg\",\"contentUrl\":\"https:\/\/content.carib-export.com\/wp-content\/uploads\/2013\/03\/CE-Logo-2013.jpg\",\"width\":1024,\"height\":244,\"caption\":\"Agencia de Desarrollo de Exportaciones del Caribe\"},\"image\":{\"@id\":\"https:\/\/content.carib-export.com\/es\/#\/schema\/logo\/image\/\"},\"sameAs\":[\"https:\/\/www.facebook.com\/CaribbeanExport\",\"https:\/\/x.com\/CaribXport\",\"https:\/\/www.instagram.com\/caribbeanexport\",\"https:\/\/www.linkedin.com\/company\/caribbeanexport\",\"https:\/\/www.youtube.com\/user\/TheCaribbeanExport\"]}]}<\/script>\n<!-- \/ Yoast SEO plugin. -->","yoast_head_json":{"title":"Showroom de Moda Caribe\u00f1a - nombre del Exportaci\u00f3n del Caribe","robots":{"index":"index","follow":"follow","max-snippet":"max-snippet:-1","max-image-preview":"max-image-preview:large","max-video-preview":"max-video-preview:-1"},"canonical":"https:\/\/content.carib-export.com\/es\/resources\/technical-assistance\/caribbean-fashion-showroom\/","og_locale":"es_ES","og_type":"article","og_title":"Showroom de Moda Caribe\u00f1a - nombre del Exportaci\u00f3n del Caribe","og_description":"Caribbean Fashion Showroom es el hogar de los principales dise\u00f1adores de la regi\u00f3n y debut\u00f3 en Market Week LA el 11 de marzo de 2019. Durante un per\u00edodo de nueve meses, los compradores pudieron ver las colecciones de una variedad de dise\u00f1adores, reunirse con un agente y buscar moda caribe\u00f1a aut\u00e9nticamente dise\u00f1ada. El Caribbean Fashion [&hellip;]","og_url":"https:\/\/content.carib-export.com\/es\/resources\/technical-assistance\/caribbean-fashion-showroom\/","og_site_name":"Exportaci\u00f3n del Caribe","article_publisher":"https:\/\/www.facebook.com\/CaribbeanExport","article_modified_time":"2025-02-06T18:11:09+00:00","og_image":[{"width":1000,"height":1000,"url":"https:\/\/content.carib-export.com\/wp-content\/uploads\/2019\/06\/CEDA-default-square.jpg","type":"image\/jpeg"}],"twitter_card":"summary_large_image","twitter_site":"@CaribXport","twitter_misc":{"Tiempo de lectura":"1 minuto"},"schema":{"@context":"https:\/\/schema.org","@graph":[{"@type":"WebPage","@id":"https:\/\/content.carib-export.com\/es\/resources\/technical-assistance\/caribbean-fashion-showroom\/","url":"https:\/\/content.carib-export.com\/es\/resources\/technical-assistance\/caribbean-fashion-showroom\/","name":"Showroom de Moda Caribe\u00f1a - nombre del Exportaci\u00f3n del Caribe","isPartOf":{"@id":"https:\/\/content.carib-export.com\/es\/#website"},"datePublished":"2019-03-04T18:41:16+00:00","dateModified":"2025-02-06T18:11:09+00:00","breadcrumb":{"@id":"https:\/\/content.carib-export.com\/es\/resources\/technical-assistance\/caribbean-fashion-showroom\/#breadcrumb"},"inLanguage":"es","potentialAction":[{"@type":"ReadAction","target":["https:\/\/content.carib-export.com\/es\/resources\/technical-assistance\/caribbean-fashion-showroom\/"]}]},{"@type":"BreadcrumbList","@id":"https:\/\/content.carib-export.com\/es\/resources\/technical-assistance\/caribbean-fashion-showroom\/#breadcrumb","itemListElement":[{"@type":"ListItem","position":1,"name":"Casa","item":"https:\/\/content.carib-export.com\/es\/home\/"},{"@type":"ListItem","position":2,"name":"Recursos","item":"https:\/\/content.carib-export.com\/es\/resources\/"},{"@type":"ListItem","position":3,"name":"Asistencia t\u00e9cnica","item":"https:\/\/content.carib-export.com\/es\/resources\/technical-assistance\/"},{"@type":"ListItem","position":4,"name":"Showroom de Moda Caribe\u00f1a"}]},{"@type":"WebSite","@id":"https:\/\/content.carib-export.com\/es\/#website","url":"https:\/\/content.carib-export.com\/es\/","name":"Exportaci\u00f3n del Caribe","description":"La \u00fanica agencia regional de promoci\u00f3n del comercio y las inversiones en el grupo de \u00c1frica, el Caribe y el Pac\u00edfico.","publisher":{"@id":"https:\/\/content.carib-export.com\/es\/#organization"},"potentialAction":[{"@type":"SearchAction","target":{"@type":"EntryPoint","urlTemplate":"https:\/\/content.carib-export.com\/es\/?s={search_term_string}"},"query-input":{"@type":"PropertyValueSpecification","valueRequired":true,"valueName":"search_term_string"}}],"inLanguage":"es"},{"@type":"Organization","@id":"https:\/\/content.carib-export.com\/es\/#organization","name":"Agencia de Desarrollo de Exportaciones del Caribe","url":"https:\/\/content.carib-export.com\/es\/","logo":{"@type":"ImageObject","inLanguage":"es","@id":"https:\/\/content.carib-export.com\/es\/#\/schema\/logo\/image\/","url":"https:\/\/content.carib-export.com\/wp-content\/uploads\/2013\/03\/CE-Logo-2013.jpg","contentUrl":"https:\/\/content.carib-export.com\/wp-content\/uploads\/2013\/03\/CE-Logo-2013.jpg","width":1024,"height":244,"caption":"Agencia de Desarrollo de Exportaciones del Caribe"},"image":{"@id":"https:\/\/content.carib-export.com\/es\/#\/schema\/logo\/image\/"},"sameAs":["https:\/\/www.facebook.com\/CaribbeanExport","https:\/\/x.com\/CaribXport","https:\/\/www.instagram.com\/caribbeanexport","https:\/\/www.linkedin.com\/company\/caribbeanexport","https:\/\/www.youtube.com\/user\/TheCaribbeanExport"]}]}},"_links":{"self":[{"href":"https:\/\/content.carib-export.com\/es\/wp-json\/wp\/v2\/pages\/280317","targetHints":{"allow":["GET"]}}],"collection":[{"href":"https:\/\/content.carib-export.com\/es\/wp-json\/wp\/v2\/pages"}],"about":[{"href":"https:\/\/content.carib-export.com\/es\/wp-json\/wp\/v2\/types\/page"}],"author":[{"embeddable":true,"href":"https:\/\/content.carib-export.com\/es\/wp-json\/wp\/v2\/users\/3"}],"replies":[{"embeddable":true,"href":"https:\/\/content.carib-export.com\/es\/wp-json\/wp\/v2\/comments?post=280317"}],"version-history":[{"count":0,"href":"https:\/\/content.carib-export.com\/es\/wp-json\/wp\/v2\/pages\/280317\/revisions"}],"up":[{"embeddable":true,"href":"https:\/\/content.carib-export.com\/es\/wp-json\/wp\/v2\/pages\/256328"}],"wp:attachment":[{"href":"https:\/\/content.carib-export.com\/es\/wp-json\/wp\/v2\/media?parent=280317"}],"wp:term":[{"taxonomy":"post_tag","embeddable":true,"href":"https:\/\/content.carib-export.com\/es\/wp-json\/wp\/v2\/tags?post=280317"}],"curies":[{"name":"wp","href":"https:\/\/api.w.org\/{rel}","templated":true}]}}