{"id":280458,"date":"2017-04-12T18:04:53","date_gmt":"2017-04-12T22:04:53","guid":{"rendered":"https:\/\/content.carib-export.com\/exporters\/technical-assistance\/we-xport\/"},"modified":"2025-02-06T14:06:29","modified_gmt":"2025-02-06T18:06:29","slug":"we-xport","status":"publish","type":"page","link":"https:\/\/content.carib-export.com\/es\/resources\/technical-assistance\/we-xport\/","title":{"rendered":"Mujeres empoderadas a trav\u00e9s de la exportaci\u00f3n (WE-XPORT)"},"content":{"rendered":"\n<div class=\"wp-block-group\"><div class=\"wp-block-group__inner-container is-layout-flow wp-block-group-is-layout-flow\">\n<div class=\"wp-block-columns is-layout-flex wp-container-core-columns-is-layout-9d6595d7 wp-block-columns-is-layout-flex\">\n<div class=\"wp-block-column is-layout-flow wp-block-column-is-layout-flow\" style=\"flex-basis:33.33%\">\n<figure class=\"wp-block-image size-full is-resized\"><img loading=\"lazy\" decoding=\"async\" src=\"https:\/\/content.carib-export.com\/wp-content\/uploads\/2018\/01\/WE-Xport-Logo-FINAL-3x1.5_Colour.png\" alt=\"\" class=\"wp-image-209389\" width=\"304\" height=\"153\"\/><\/figure>\n\n\n\n<p>WE-Xport est\u00e1 dise\u00f1ado para ayudar a las mujeres de negocios del Caribe a comenzar a exportar o aumentar las exportaciones de sus productos y servicios.<\/p>\n<\/div>\n\n\n\n<div class=\"wp-block-column is-layout-flow wp-block-column-is-layout-flow\" style=\"flex-basis:66.66%\">\n<figure class=\"wp-block-image size-full\"><img decoding=\"async\" src=\"https:\/\/content.carib-export.com\/wp-content\/uploads\/2018\/02\/Header-Images-11.png\" alt=\"\" class=\"wp-image-209420\"\/><\/figure>\n<\/div>\n<\/div>\n<\/div><\/div>\n\n<p><\/p>\n\n<h2 class=\"wp-block-heading\">Participantes en el WE-XPORT &#8211; Cohorte 1<\/h2>\n\n<div class=\"wp-block-columns is-layout-flex wp-container-core-columns-is-layout-9d6595d7 wp-block-columns-is-layout-flex\">\n<div class=\"wp-block-column is-layout-flow wp-block-column-is-layout-flow\">\n<figure class=\"wp-block-image size-full\"><img loading=\"lazy\" decoding=\"async\" width=\"800\" height=\"800\" src=\"https:\/\/content.carib-export.com\/wp-content\/uploads\/2018\/03\/11.png\" alt=\"\" class=\"wp-image-209860\" srcset=\"https:\/\/content.carib-export.com\/wp-content\/uploads\/2018\/03\/11.png 800w, https:\/\/content.carib-export.com\/wp-content\/uploads\/2018\/03\/11-150x150.png 150w, https:\/\/content.carib-export.com\/wp-content\/uploads\/2018\/03\/11-300x300.png 300w, https:\/\/content.carib-export.com\/wp-content\/uploads\/2018\/03\/11-768x768.png 768w\" sizes=\"auto, (max-width: 800px) 100vw, 800px\" \/><figcaption class=\"wp-element-caption\">EcoFarms<\/figcaption><\/figure>\n<\/div>\n\n\n\n<div class=\"wp-block-column is-layout-flow wp-block-column-is-layout-flow\">\n<figure class=\"wp-block-image size-full\"><img loading=\"lazy\" decoding=\"async\" width=\"800\" height=\"800\" src=\"https:\/\/content.carib-export.com\/wp-content\/uploads\/2018\/03\/31.png\" alt=\"\" class=\"wp-image-209864\" srcset=\"https:\/\/content.carib-export.com\/wp-content\/uploads\/2018\/03\/31.png 800w, https:\/\/content.carib-export.com\/wp-content\/uploads\/2018\/03\/31-150x150.png 150w, https:\/\/content.carib-export.com\/wp-content\/uploads\/2018\/03\/31-300x300.png 300w, https:\/\/content.carib-export.com\/wp-content\/uploads\/2018\/03\/31-768x768.png 768w\" sizes=\"auto, (max-width: 800px) 100vw, 800px\" \/><figcaption class=\"wp-element-caption\">Hot Mama\u2019s Belize Ltd<\/figcaption><\/figure>\n<\/div>\n\n\n\n<div class=\"wp-block-column is-layout-flow wp-block-column-is-layout-flow\">\n<figure class=\"wp-block-image size-full\"><img loading=\"lazy\" decoding=\"async\" width=\"800\" height=\"800\" src=\"https:\/\/content.carib-export.com\/wp-content\/uploads\/2018\/03\/41.png\" alt=\"\" class=\"wp-image-209857\" srcset=\"https:\/\/content.carib-export.com\/wp-content\/uploads\/2018\/03\/41.png 800w, https:\/\/content.carib-export.com\/wp-content\/uploads\/2018\/03\/41-150x150.png 150w, https:\/\/content.carib-export.com\/wp-content\/uploads\/2018\/03\/41-300x300.png 300w, https:\/\/content.carib-export.com\/wp-content\/uploads\/2018\/03\/41-768x768.png 768w\" sizes=\"auto, (max-width: 800px) 100vw, 800px\" \/><figcaption class=\"wp-element-caption\">Caribbean Cure<\/figcaption><\/figure>\n<\/div>\n<\/div>\n\n<div class=\"wp-block-columns is-layout-flex wp-container-core-columns-is-layout-9d6595d7 wp-block-columns-is-layout-flex\">\n<div class=\"wp-block-column is-layout-flow wp-block-column-is-layout-flow\">\n<figure class=\"wp-block-image size-full\"><img loading=\"lazy\" decoding=\"async\" width=\"800\" height=\"800\" src=\"https:\/\/content.carib-export.com\/wp-content\/uploads\/2018\/03\/21.png\" alt=\"\" class=\"wp-image-209863\" srcset=\"https:\/\/content.carib-export.com\/wp-content\/uploads\/2018\/03\/21.png 800w, https:\/\/content.carib-export.com\/wp-content\/uploads\/2018\/03\/21-150x150.png 150w, https:\/\/content.carib-export.com\/wp-content\/uploads\/2018\/03\/21-300x300.png 300w, https:\/\/content.carib-export.com\/wp-content\/uploads\/2018\/03\/21-768x768.png 768w\" sizes=\"auto, (max-width: 800px) 100vw, 800px\" \/><figcaption class=\"wp-element-caption\">Handelmaatschappij L. Willemsberg N.V.<\/figcaption><\/figure>\n<\/div>\n\n\n\n<div class=\"wp-block-column is-layout-flow wp-block-column-is-layout-flow\">\n<figure class=\"wp-block-image size-full\"><img loading=\"lazy\" decoding=\"async\" width=\"800\" height=\"800\" src=\"https:\/\/content.carib-export.com\/wp-content\/uploads\/2018\/05\/WE-Xport-participants-1.png\" alt=\"\" class=\"wp-image-209899\" srcset=\"https:\/\/content.carib-export.com\/wp-content\/uploads\/2018\/05\/WE-Xport-participants-1.png 800w, https:\/\/content.carib-export.com\/wp-content\/uploads\/2018\/05\/WE-Xport-participants-1-150x150.png 150w, https:\/\/content.carib-export.com\/wp-content\/uploads\/2018\/05\/WE-Xport-participants-1-300x300.png 300w, https:\/\/content.carib-export.com\/wp-content\/uploads\/2018\/05\/WE-Xport-participants-1-768x768.png 768w\" sizes=\"auto, (max-width: 800px) 100vw, 800px\" \/><figcaption class=\"wp-element-caption\">Sugar Town Organics<\/figcaption><\/figure>\n<\/div>\n\n\n\n<div class=\"wp-block-column is-layout-flow wp-block-column-is-layout-flow\">\n<figure class=\"wp-block-image size-full\"><img loading=\"lazy\" decoding=\"async\" width=\"800\" height=\"800\" src=\"https:\/\/content.carib-export.com\/wp-content\/uploads\/2018\/05\/WE-Xport-participants-20.png\" alt=\"\" class=\"wp-image-210088\" srcset=\"https:\/\/content.carib-export.com\/wp-content\/uploads\/2018\/05\/WE-Xport-participants-20.png 800w, https:\/\/content.carib-export.com\/wp-content\/uploads\/2018\/05\/WE-Xport-participants-20-150x150.png 150w, https:\/\/content.carib-export.com\/wp-content\/uploads\/2018\/05\/WE-Xport-participants-20-300x300.png 300w, https:\/\/content.carib-export.com\/wp-content\/uploads\/2018\/05\/WE-Xport-participants-20-768x768.png 768w\" sizes=\"auto, (max-width: 800px) 100vw, 800px\" \/><figcaption class=\"wp-element-caption\">Tamara Prosper<\/figcaption><\/figure>\n<\/div>\n<\/div>\n\n<div class=\"wp-block-columns is-layout-flex wp-container-core-columns-is-layout-9d6595d7 wp-block-columns-is-layout-flex\">\n<div class=\"wp-block-column is-layout-flow wp-block-column-is-layout-flow\">\n<figure class=\"wp-block-image size-full\"><img loading=\"lazy\" decoding=\"async\" width=\"800\" height=\"800\" src=\"https:\/\/content.carib-export.com\/wp-content\/uploads\/2018\/05\/WE-Xport-participants-7.png\" alt=\"\" class=\"wp-image-209959\" srcset=\"https:\/\/content.carib-export.com\/wp-content\/uploads\/2018\/05\/WE-Xport-participants-7.png 800w, https:\/\/content.carib-export.com\/wp-content\/uploads\/2018\/05\/WE-Xport-participants-7-150x150.png 150w, https:\/\/content.carib-export.com\/wp-content\/uploads\/2018\/05\/WE-Xport-participants-7-300x300.png 300w, https:\/\/content.carib-export.com\/wp-content\/uploads\/2018\/05\/WE-Xport-participants-7-768x768.png 768w\" sizes=\"auto, (max-width: 800px) 100vw, 800px\" \/><figcaption class=\"wp-element-caption\">Julia Jimenez<\/figcaption><\/figure>\n<\/div>\n\n\n\n<div class=\"wp-block-column is-layout-flow wp-block-column-is-layout-flow\">\n<figure class=\"wp-block-image size-full\"><img loading=\"lazy\" decoding=\"async\" width=\"800\" height=\"800\" src=\"https:\/\/content.carib-export.com\/wp-content\/uploads\/2018\/05\/WE-Xport-participants-2.png\" alt=\"\" class=\"wp-image-209914\" srcset=\"https:\/\/content.carib-export.com\/wp-content\/uploads\/2018\/05\/WE-Xport-participants-2.png 800w, https:\/\/content.carib-export.com\/wp-content\/uploads\/2018\/05\/WE-Xport-participants-2-150x150.png 150w, https:\/\/content.carib-export.com\/wp-content\/uploads\/2018\/05\/WE-Xport-participants-2-300x300.png 300w, https:\/\/content.carib-export.com\/wp-content\/uploads\/2018\/05\/WE-Xport-participants-2-768x768.png 768w\" sizes=\"auto, (max-width: 800px) 100vw, 800px\" \/><figcaption class=\"wp-element-caption\">Nadia Jabour<\/figcaption><\/figure>\n<\/div>\n\n\n\n<div class=\"wp-block-column is-layout-flow wp-block-column-is-layout-flow\">\n<figure class=\"wp-block-image size-full\"><img loading=\"lazy\" decoding=\"async\" width=\"800\" height=\"800\" src=\"https:\/\/content.carib-export.com\/wp-content\/uploads\/2018\/05\/WE-Xport-participants-3.png\" alt=\"\" class=\"wp-image-209920\" srcset=\"https:\/\/content.carib-export.com\/wp-content\/uploads\/2018\/05\/WE-Xport-participants-3.png 800w, https:\/\/content.carib-export.com\/wp-content\/uploads\/2018\/05\/WE-Xport-participants-3-150x150.png 150w, https:\/\/content.carib-export.com\/wp-content\/uploads\/2018\/05\/WE-Xport-participants-3-300x300.png 300w, https:\/\/content.carib-export.com\/wp-content\/uploads\/2018\/05\/WE-Xport-participants-3-768x768.png 768w\" sizes=\"auto, (max-width: 800px) 100vw, 800px\" \/><figcaption class=\"wp-element-caption\">Jacqueline Cort-Thomas<\/figcaption><\/figure>\n<\/div>\n<\/div>\n\n<div style=\"height:50px\" aria-hidden=\"true\" class=\"wp-block-spacer\"><\/div>\n\n<h2 class=\"wp-block-heading\">WE-XPORT Business Coaches<\/h2>\n\n<div class=\"wp-block-columns is-layout-flex wp-container-core-columns-is-layout-9d6595d7 wp-block-columns-is-layout-flex\">\n<div class=\"wp-block-column is-layout-flow wp-block-column-is-layout-flow\">\n<figure class=\"wp-block-image size-full\"><img loading=\"lazy\" decoding=\"async\" width=\"800\" height=\"800\" src=\"https:\/\/content.carib-export.com\/wp-content\/uploads\/2018\/03\/5-1.png\" alt=\"\" class=\"wp-image-209835\" srcset=\"https:\/\/content.carib-export.com\/wp-content\/uploads\/2018\/03\/5-1.png 800w, https:\/\/content.carib-export.com\/wp-content\/uploads\/2018\/03\/5-1-150x150.png 150w, https:\/\/content.carib-export.com\/wp-content\/uploads\/2018\/03\/5-1-300x300.png 300w, https:\/\/content.carib-export.com\/wp-content\/uploads\/2018\/03\/5-1-768x768.png 768w\" sizes=\"auto, (max-width: 800px) 100vw, 800px\" \/><figcaption class=\"wp-element-caption\">Pablo Arroyo<\/figcaption><\/figure>\n<\/div>\n\n\n\n<div class=\"wp-block-column is-layout-flow wp-block-column-is-layout-flow\">\n<figure class=\"wp-block-image size-full\"><img loading=\"lazy\" decoding=\"async\" width=\"800\" height=\"800\" src=\"https:\/\/content.carib-export.com\/wp-content\/uploads\/2018\/03\/4-1.png\" alt=\"\" class=\"wp-image-181420\" srcset=\"https:\/\/content.carib-export.com\/wp-content\/uploads\/2018\/03\/4-1.png 800w, https:\/\/content.carib-export.com\/wp-content\/uploads\/2018\/03\/4-1-150x150.png 150w, https:\/\/content.carib-export.com\/wp-content\/uploads\/2018\/03\/4-1-300x300.png 300w, https:\/\/content.carib-export.com\/wp-content\/uploads\/2018\/03\/4-1-768x768.png 768w\" sizes=\"auto, (max-width: 800px) 100vw, 800px\" \/><figcaption class=\"wp-element-caption\">Luis Ortiz<\/figcaption><\/figure>\n<\/div>\n\n\n\n<div class=\"wp-block-column is-layout-flow wp-block-column-is-layout-flow\">\n<figure class=\"wp-block-image size-full\"><img loading=\"lazy\" decoding=\"async\" width=\"800\" height=\"800\" src=\"https:\/\/content.carib-export.com\/wp-content\/uploads\/2018\/03\/1.png\" alt=\"\" class=\"wp-image-209824\" srcset=\"https:\/\/content.carib-export.com\/wp-content\/uploads\/2018\/03\/1.png 800w, https:\/\/content.carib-export.com\/wp-content\/uploads\/2018\/03\/1-150x150.png 150w, https:\/\/content.carib-export.com\/wp-content\/uploads\/2018\/03\/1-300x300.png 300w, https:\/\/content.carib-export.com\/wp-content\/uploads\/2018\/03\/1-768x768.png 768w\" sizes=\"auto, (max-width: 800px) 100vw, 800px\" \/><figcaption class=\"wp-element-caption\">Jason Grullon<\/figcaption><\/figure>\n<\/div>\n<\/div>\n","protected":false},"excerpt":{"rendered":"<p>WE-Xport est\u00e1 dise\u00f1ado para ayudar a las mujeres de negocios del Caribe a comenzar a exportar o aumentar las exportaciones de sus productos y servicios. Participantes en el WE-XPORT &#8211; Cohorte 1 WE-XPORT Business Coaches<\/p>\n","protected":false},"author":3,"featured_media":240878,"parent":256328,"menu_order":0,"comment_status":"closed","ping_status":"closed","template":"campaign.php","meta":{"_acf_changed":false,"inline_featured_image":false,"footnotes":""},"tags":[11661,15333],"class_list":["post-280458","page","type-page","status-publish","has-post-thumbnail","hentry","tag-we-xport-es","tag-web-es"],"acf":[],"yoast_head":"<!-- This site is optimized with the Yoast SEO plugin v27.1.1 - https:\/\/yoast.com\/product\/yoast-seo-wordpress\/ -->\n<title>Mujeres empoderadas a trav\u00e9s de la exportaci\u00f3n (WE-XPORT) - nombre del Exportaci\u00f3n del Caribe<\/title>\n<meta name=\"robots\" content=\"index, follow, max-snippet:-1, max-image-preview:large, max-video-preview:-1\" \/>\n<link rel=\"canonical\" href=\"https:\/\/content.carib-export.com\/es\/resources\/technical-assistance\/we-xport\/\" \/>\n<meta property=\"og:locale\" content=\"es_ES\" \/>\n<meta property=\"og:type\" content=\"article\" \/>\n<meta property=\"og:title\" content=\"Mujeres empoderadas a trav\u00e9s de la exportaci\u00f3n (WE-XPORT) - nombre del Exportaci\u00f3n del Caribe\" \/>\n<meta property=\"og:description\" content=\"WE-Xport est\u00e1 dise\u00f1ado para ayudar a las mujeres de negocios del Caribe a comenzar a exportar o aumentar las exportaciones de sus productos y servicios. Participantes en el WE-XPORT &#8211; Cohorte 1 WE-XPORT Business Coaches\" \/>\n<meta property=\"og:url\" content=\"https:\/\/content.carib-export.com\/es\/resources\/technical-assistance\/we-xport\/\" \/>\n<meta property=\"og:site_name\" content=\"Exportaci\u00f3n del Caribe\" \/>\n<meta property=\"article:publisher\" content=\"https:\/\/www.facebook.com\/CaribbeanExport\" \/>\n<meta property=\"article:modified_time\" content=\"2025-02-06T18:06:29+00:00\" \/>\n<meta property=\"og:image\" content=\"https:\/\/content.carib-export.com\/wp-content\/uploads\/2017\/12\/Untitled-design-16.png\" \/>\n\t<meta property=\"og:image:width\" content=\"800\" \/>\n\t<meta property=\"og:image:height\" content=\"800\" \/>\n\t<meta property=\"og:image:type\" content=\"image\/png\" \/>\n<meta name=\"twitter:card\" content=\"summary_large_image\" \/>\n<meta name=\"twitter:site\" content=\"@CaribXport\" \/>\n<script type=\"application\/ld+json\" class=\"yoast-schema-graph\">{\"@context\":\"https:\/\/schema.org\",\"@graph\":[{\"@type\":\"WebPage\",\"@id\":\"https:\/\/content.carib-export.com\/es\/resources\/technical-assistance\/we-xport\/\",\"url\":\"https:\/\/content.carib-export.com\/es\/resources\/technical-assistance\/we-xport\/\",\"name\":\"Mujeres empoderadas a trav\u00e9s de la exportaci\u00f3n (WE-XPORT) - nombre del Exportaci\u00f3n del Caribe\",\"isPartOf\":{\"@id\":\"https:\/\/content.carib-export.com\/es\/#website\"},\"primaryImageOfPage\":{\"@id\":\"https:\/\/content.carib-export.com\/es\/resources\/technical-assistance\/we-xport\/#primaryimage\"},\"image\":{\"@id\":\"https:\/\/content.carib-export.com\/es\/resources\/technical-assistance\/we-xport\/#primaryimage\"},\"thumbnailUrl\":\"https:\/\/content.carib-export.com\/wp-content\/uploads\/2017\/12\/Untitled-design-16.png\",\"datePublished\":\"2017-04-12T22:04:53+00:00\",\"dateModified\":\"2025-02-06T18:06:29+00:00\",\"breadcrumb\":{\"@id\":\"https:\/\/content.carib-export.com\/es\/resources\/technical-assistance\/we-xport\/#breadcrumb\"},\"inLanguage\":\"es\",\"potentialAction\":[{\"@type\":\"ReadAction\",\"target\":[\"https:\/\/content.carib-export.com\/es\/resources\/technical-assistance\/we-xport\/\"]}]},{\"@type\":\"ImageObject\",\"inLanguage\":\"es\",\"@id\":\"https:\/\/content.carib-export.com\/es\/resources\/technical-assistance\/we-xport\/#primaryimage\",\"url\":\"https:\/\/content.carib-export.com\/wp-content\/uploads\/2017\/12\/Untitled-design-16.png\",\"contentUrl\":\"https:\/\/content.carib-export.com\/wp-content\/uploads\/2017\/12\/Untitled-design-16.png\",\"width\":800,\"height\":800},{\"@type\":\"BreadcrumbList\",\"@id\":\"https:\/\/content.carib-export.com\/es\/resources\/technical-assistance\/we-xport\/#breadcrumb\",\"itemListElement\":[{\"@type\":\"ListItem\",\"position\":1,\"name\":\"Casa\",\"item\":\"https:\/\/content.carib-export.com\/es\/home\/\"},{\"@type\":\"ListItem\",\"position\":2,\"name\":\"Recursos\",\"item\":\"https:\/\/content.carib-export.com\/es\/resources\/\"},{\"@type\":\"ListItem\",\"position\":3,\"name\":\"Asistencia t\u00e9cnica\",\"item\":\"https:\/\/content.carib-export.com\/es\/resources\/technical-assistance\/\"},{\"@type\":\"ListItem\",\"position\":4,\"name\":\"Mujeres empoderadas a trav\u00e9s de la exportaci\u00f3n (WE-XPORT)\"}]},{\"@type\":\"WebSite\",\"@id\":\"https:\/\/content.carib-export.com\/es\/#website\",\"url\":\"https:\/\/content.carib-export.com\/es\/\",\"name\":\"Exportaci\u00f3n del Caribe\",\"description\":\"La \u00fanica agencia regional de promoci\u00f3n del comercio y las inversiones en el grupo de \u00c1frica, el Caribe y el Pac\u00edfico.\",\"publisher\":{\"@id\":\"https:\/\/content.carib-export.com\/es\/#organization\"},\"potentialAction\":[{\"@type\":\"SearchAction\",\"target\":{\"@type\":\"EntryPoint\",\"urlTemplate\":\"https:\/\/content.carib-export.com\/es\/?s={search_term_string}\"},\"query-input\":{\"@type\":\"PropertyValueSpecification\",\"valueRequired\":true,\"valueName\":\"search_term_string\"}}],\"inLanguage\":\"es\"},{\"@type\":\"Organization\",\"@id\":\"https:\/\/content.carib-export.com\/es\/#organization\",\"name\":\"Agencia de Desarrollo de Exportaciones del Caribe\",\"url\":\"https:\/\/content.carib-export.com\/es\/\",\"logo\":{\"@type\":\"ImageObject\",\"inLanguage\":\"es\",\"@id\":\"https:\/\/content.carib-export.com\/es\/#\/schema\/logo\/image\/\",\"url\":\"https:\/\/content.carib-export.com\/wp-content\/uploads\/2013\/03\/CE-Logo-2013.jpg\",\"contentUrl\":\"https:\/\/content.carib-export.com\/wp-content\/uploads\/2013\/03\/CE-Logo-2013.jpg\",\"width\":1024,\"height\":244,\"caption\":\"Agencia de Desarrollo de Exportaciones del Caribe\"},\"image\":{\"@id\":\"https:\/\/content.carib-export.com\/es\/#\/schema\/logo\/image\/\"},\"sameAs\":[\"https:\/\/www.facebook.com\/CaribbeanExport\",\"https:\/\/x.com\/CaribXport\",\"https:\/\/www.instagram.com\/caribbeanexport\",\"https:\/\/www.linkedin.com\/company\/caribbeanexport\",\"https:\/\/www.youtube.com\/user\/TheCaribbeanExport\"]}]}<\/script>\n<!-- \/ Yoast SEO plugin. -->","yoast_head_json":{"title":"Mujeres empoderadas a trav\u00e9s de la exportaci\u00f3n (WE-XPORT) - nombre del Exportaci\u00f3n del Caribe","robots":{"index":"index","follow":"follow","max-snippet":"max-snippet:-1","max-image-preview":"max-image-preview:large","max-video-preview":"max-video-preview:-1"},"canonical":"https:\/\/content.carib-export.com\/es\/resources\/technical-assistance\/we-xport\/","og_locale":"es_ES","og_type":"article","og_title":"Mujeres empoderadas a trav\u00e9s de la exportaci\u00f3n (WE-XPORT) - nombre del Exportaci\u00f3n del Caribe","og_description":"WE-Xport est\u00e1 dise\u00f1ado para ayudar a las mujeres de negocios del Caribe a comenzar a exportar o aumentar las exportaciones de sus productos y servicios. Participantes en el WE-XPORT &#8211; Cohorte 1 WE-XPORT Business Coaches","og_url":"https:\/\/content.carib-export.com\/es\/resources\/technical-assistance\/we-xport\/","og_site_name":"Exportaci\u00f3n del Caribe","article_publisher":"https:\/\/www.facebook.com\/CaribbeanExport","article_modified_time":"2025-02-06T18:06:29+00:00","og_image":[{"width":800,"height":800,"url":"https:\/\/content.carib-export.com\/wp-content\/uploads\/2017\/12\/Untitled-design-16.png","type":"image\/png"}],"twitter_card":"summary_large_image","twitter_site":"@CaribXport","schema":{"@context":"https:\/\/schema.org","@graph":[{"@type":"WebPage","@id":"https:\/\/content.carib-export.com\/es\/resources\/technical-assistance\/we-xport\/","url":"https:\/\/content.carib-export.com\/es\/resources\/technical-assistance\/we-xport\/","name":"Mujeres empoderadas a trav\u00e9s de la exportaci\u00f3n (WE-XPORT) - nombre del Exportaci\u00f3n del Caribe","isPartOf":{"@id":"https:\/\/content.carib-export.com\/es\/#website"},"primaryImageOfPage":{"@id":"https:\/\/content.carib-export.com\/es\/resources\/technical-assistance\/we-xport\/#primaryimage"},"image":{"@id":"https:\/\/content.carib-export.com\/es\/resources\/technical-assistance\/we-xport\/#primaryimage"},"thumbnailUrl":"https:\/\/content.carib-export.com\/wp-content\/uploads\/2017\/12\/Untitled-design-16.png","datePublished":"2017-04-12T22:04:53+00:00","dateModified":"2025-02-06T18:06:29+00:00","breadcrumb":{"@id":"https:\/\/content.carib-export.com\/es\/resources\/technical-assistance\/we-xport\/#breadcrumb"},"inLanguage":"es","potentialAction":[{"@type":"ReadAction","target":["https:\/\/content.carib-export.com\/es\/resources\/technical-assistance\/we-xport\/"]}]},{"@type":"ImageObject","inLanguage":"es","@id":"https:\/\/content.carib-export.com\/es\/resources\/technical-assistance\/we-xport\/#primaryimage","url":"https:\/\/content.carib-export.com\/wp-content\/uploads\/2017\/12\/Untitled-design-16.png","contentUrl":"https:\/\/content.carib-export.com\/wp-content\/uploads\/2017\/12\/Untitled-design-16.png","width":800,"height":800},{"@type":"BreadcrumbList","@id":"https:\/\/content.carib-export.com\/es\/resources\/technical-assistance\/we-xport\/#breadcrumb","itemListElement":[{"@type":"ListItem","position":1,"name":"Casa","item":"https:\/\/content.carib-export.com\/es\/home\/"},{"@type":"ListItem","position":2,"name":"Recursos","item":"https:\/\/content.carib-export.com\/es\/resources\/"},{"@type":"ListItem","position":3,"name":"Asistencia t\u00e9cnica","item":"https:\/\/content.carib-export.com\/es\/resources\/technical-assistance\/"},{"@type":"ListItem","position":4,"name":"Mujeres empoderadas a trav\u00e9s de la exportaci\u00f3n (WE-XPORT)"}]},{"@type":"WebSite","@id":"https:\/\/content.carib-export.com\/es\/#website","url":"https:\/\/content.carib-export.com\/es\/","name":"Exportaci\u00f3n del Caribe","description":"La \u00fanica agencia regional de promoci\u00f3n del comercio y las inversiones en el grupo de \u00c1frica, el Caribe y el Pac\u00edfico.","publisher":{"@id":"https:\/\/content.carib-export.com\/es\/#organization"},"potentialAction":[{"@type":"SearchAction","target":{"@type":"EntryPoint","urlTemplate":"https:\/\/content.carib-export.com\/es\/?s={search_term_string}"},"query-input":{"@type":"PropertyValueSpecification","valueRequired":true,"valueName":"search_term_string"}}],"inLanguage":"es"},{"@type":"Organization","@id":"https:\/\/content.carib-export.com\/es\/#organization","name":"Agencia de Desarrollo de Exportaciones del Caribe","url":"https:\/\/content.carib-export.com\/es\/","logo":{"@type":"ImageObject","inLanguage":"es","@id":"https:\/\/content.carib-export.com\/es\/#\/schema\/logo\/image\/","url":"https:\/\/content.carib-export.com\/wp-content\/uploads\/2013\/03\/CE-Logo-2013.jpg","contentUrl":"https:\/\/content.carib-export.com\/wp-content\/uploads\/2013\/03\/CE-Logo-2013.jpg","width":1024,"height":244,"caption":"Agencia de Desarrollo de Exportaciones del Caribe"},"image":{"@id":"https:\/\/content.carib-export.com\/es\/#\/schema\/logo\/image\/"},"sameAs":["https:\/\/www.facebook.com\/CaribbeanExport","https:\/\/x.com\/CaribXport","https:\/\/www.instagram.com\/caribbeanexport","https:\/\/www.linkedin.com\/company\/caribbeanexport","https:\/\/www.youtube.com\/user\/TheCaribbeanExport"]}]}},"_links":{"self":[{"href":"https:\/\/content.carib-export.com\/es\/wp-json\/wp\/v2\/pages\/280458","targetHints":{"allow":["GET"]}}],"collection":[{"href":"https:\/\/content.carib-export.com\/es\/wp-json\/wp\/v2\/pages"}],"about":[{"href":"https:\/\/content.carib-export.com\/es\/wp-json\/wp\/v2\/types\/page"}],"author":[{"embeddable":true,"href":"https:\/\/content.carib-export.com\/es\/wp-json\/wp\/v2\/users\/3"}],"replies":[{"embeddable":true,"href":"https:\/\/content.carib-export.com\/es\/wp-json\/wp\/v2\/comments?post=280458"}],"version-history":[{"count":0,"href":"https:\/\/content.carib-export.com\/es\/wp-json\/wp\/v2\/pages\/280458\/revisions"}],"up":[{"embeddable":true,"href":"https:\/\/content.carib-export.com\/es\/wp-json\/wp\/v2\/pages\/256328"}],"wp:featuredmedia":[{"embeddable":true,"href":"https:\/\/content.carib-export.com\/es\/wp-json\/wp\/v2\/media\/240878"}],"wp:attachment":[{"href":"https:\/\/content.carib-export.com\/es\/wp-json\/wp\/v2\/media?parent=280458"}],"wp:term":[{"taxonomy":"post_tag","embeddable":true,"href":"https:\/\/content.carib-export.com\/es\/wp-json\/wp\/v2\/tags?post=280458"}],"curies":[{"name":"wp","href":"https:\/\/api.w.org\/{rel}","templated":true}]}}