{"id":280758,"date":"2020-02-21T12:00:23","date_gmt":"2020-02-21T16:00:23","guid":{"rendered":"https:\/\/content.carib-export.com\/exporters\/funding\/angel-investing\/angel-groups\/"},"modified":"2025-02-06T11:05:14","modified_gmt":"2025-02-06T15:05:14","slug":"angel-groups","status":"publish","type":"page","link":"https:\/\/content.carib-export.com\/es\/resources\/funding\/angel-investing\/angel-groups\/","title":{"rendered":"Grupos de \u00e1ngeles"},"content":{"rendered":"\n<p><strong>En todo el Caribe hay una serie de grupos de \u00e1ngeles que apoyan empresas en etapa inicial y de puesta en marcha. Con\u00e9ctese con un grupo de \u00e1ngeles en su pa\u00eds.<\/strong><\/p>\n\n<div style=\"height:40px\" aria-hidden=\"true\" class=\"wp-block-spacer\"><\/div>\n\n<div class=\"wp-block-media-text alignwide is-stacked-on-mobile\" style=\"grid-template-columns:33% auto\"><figure class=\"wp-block-media-text__media\"><img decoding=\"async\" src=\"https:\/\/content.carib-export.com\/wp-content\/uploads\/2017\/03\/alphaangels_logo.png\" alt=\"\u00e1ngeles alfa jamaica\" class=\"wp-image-187202 size-full\"\/><\/figure><div class=\"wp-block-media-text__content\">\n<p class=\"has-medium-font-size\">Alpha Angels es una red de inversionistas que son l\u00edderes en la comunidad empresarial del Caribe. El grupo tiene su sede principalmente en Montego Bay y fomenta el crecimiento de empresas en etapa inicial en Jamaica y el Caribe a trav\u00e9s de inversiones en etapa inicial.<\/p>\n<\/div><\/div>\n\n<div style=\"height:40px\" aria-hidden=\"true\" class=\"wp-block-spacer\"><\/div>\n\n<div class=\"wp-block-media-text alignwide is-stacked-on-mobile\" style=\"grid-template-columns:33% auto\"><figure class=\"wp-block-media-text__media\"><img decoding=\"async\" src=\"https:\/\/content.carib-export.com\/wp-content\/uploads\/2017\/03\/firstangelsja_logo.png\" alt=\"primer \u00e1ngel jamaica\" class=\"wp-image-187201 size-full\"\/><\/figure><div class=\"wp-block-media-text__content\">\n<p class=\"has-medium-font-size\">First Angels Jamaica (FAJ) facilita la presentaci\u00f3n de empresarios a inversores potenciales. Los miembros de FAJ est\u00e1n interesados en financiar empresas privadas o empresas que normalmente se encuentran en una etapa temprana de desarrollo. FAJ se centra en inversiones potenciales en aplicaciones digitales, medios digitales, industrias creativas y otros negocios innovadores.<\/p>\n<\/div><\/div>\n\n<div style=\"height:40px\" aria-hidden=\"true\" class=\"wp-block-spacer\"><\/div>\n\n<div class=\"wp-block-media-text alignwide is-stacked-on-mobile\" style=\"grid-template-columns:33% auto\"><figure class=\"wp-block-media-text__media\"><img loading=\"lazy\" decoding=\"async\" width=\"175\" height=\"89\" src=\"https:\/\/content.carib-export.com\/wp-content\/uploads\/2020\/02\/Enlaces-logo.png\" alt=\"Enlaces\" class=\"wp-image-188029 size-full\"\/><\/figure><div class=\"wp-block-media-text__content\">\n<p class=\"has-medium-font-size\">Enlaces es una red de inversionistas \u00e1ngeles que promueve y facilita la inversi\u00f3n en emprendimientos din\u00e1micos de alto impacto en Rep\u00fablica Dominicana. Su trabajo est\u00e1 orientado a identificar oportunidades de inversi\u00f3n con alto potencial de crecimiento, analizar y evaluar proyectos, asesorar a sus emprendedores y estructurar la oportunidad de negocio con el objetivo de facilitar el proceso de inversi\u00f3n. Enlaces apoya emprendimientos innovadores con alto potencial de crecimiento que se encuentran en etapa de arranque o crecimiento, es decir que cuentan con al menos un producto m\u00ednimo viable y primeras ventas en el mercado.<\/p>\n<\/div><\/div>\n\n<div style=\"height:40px\" aria-hidden=\"true\" class=\"wp-block-spacer\"><\/div>\n\n<div class=\"wp-block-media-text alignwide is-stacked-on-mobile\" style=\"grid-template-columns:33% auto\"><figure class=\"wp-block-media-text__media\"><img loading=\"lazy\" decoding=\"async\" width=\"300\" height=\"73\" src=\"https:\/\/content.carib-export.com\/wp-content\/uploads\/2020\/02\/First-Angels-Oecs-1-300x73.jpg\" alt=\"\" class=\"wp-image-188031 size-medium\" srcset=\"https:\/\/content.carib-export.com\/wp-content\/uploads\/2020\/02\/First-Angels-Oecs-1-300x73.jpg 300w, https:\/\/content.carib-export.com\/wp-content\/uploads\/2020\/02\/First-Angels-Oecs-1.jpg 649w\" sizes=\"auto, (max-width: 300px) 100vw, 300px\" \/><\/figure><div class=\"wp-block-media-text__content\">\n<p class=\"has-medium-font-size\">First Angels OECS es un cap\u00edtulo de FAJ que sigue las reglas de compromiso para los miembros del cap\u00edtulo de FAJ. Si bien se encuentra en la OECO, el cap\u00edtulo utiliza los recursos proporcionados por FAJ para asesorar e invertir en grandes empresas para hacerlas crecer.<\/p>\n<\/div><\/div>\n\n<div style=\"height:40px\" aria-hidden=\"true\" class=\"wp-block-spacer\"><\/div>\n\n<p>Si usted es un inversionista, est\u00e1 interesado en la inversi\u00f3n \u00e1ngel y desea obtener m\u00e1s informaci\u00f3n sobre c\u00f3mo formar un grupo de inversionistas locales en su regi\u00f3n, Caribbean Export (a trav\u00e9s de CBAN) puede ofrecerle asistencia t\u00e9cnica o asesoramiento. P\u00f3ngase en contacto con Damie Sinanan &#8211; Gerente, Competitividad e Innovaci\u00f3n en <a href=\"mailto:dsinanan@carib-export.com\">dsinanan@carib-export.com<\/a> <\/p>\n\n<div style=\"height:40px\" aria-hidden=\"true\" class=\"wp-block-spacer\"><\/div>\n\n<div class=\"wp-block-media-text alignwide is-stacked-on-mobile\"><figure class=\"wp-block-media-text__media\"><img loading=\"lazy\" decoding=\"async\" width=\"1000\" height=\"376\" src=\"https:\/\/content.carib-export.com\/wp-content\/uploads\/2017\/03\/CBAN.png\" alt=\"Red Caribe\u00f1a de Business Angels\" class=\"wp-image-187815 size-full\" srcset=\"https:\/\/content.carib-export.com\/wp-content\/uploads\/2017\/03\/CBAN.png 1000w, https:\/\/content.carib-export.com\/wp-content\/uploads\/2017\/03\/CBAN-300x113.png 300w, https:\/\/content.carib-export.com\/wp-content\/uploads\/2017\/03\/CBAN-768x289.png 768w\" sizes=\"auto, (max-width: 1000px) 100vw, 1000px\" \/><\/figure><div class=\"wp-block-media-text__content\">\n<p>Obtenga acceso al flujo de transacciones pancaribe\u00f1as preseleccionado con <a href=\"https:\/\/content.carib-export.com\/exporters\/funding\/angel-investing\/caribbean-business-angel-network\/\">CBAN.<\/a> <\/p>\n<\/div><\/div>\n","protected":false},"excerpt":{"rendered":"<p>En todo el Caribe hay una serie de grupos de \u00e1ngeles que apoyan empresas en etapa inicial y de puesta en marcha. Con\u00e9ctese con un grupo de \u00e1ngeles en su pa\u00eds. Alpha Angels es una red de inversionistas que son l\u00edderes en la comunidad empresarial del Caribe. El grupo tiene su sede principalmente en Montego [&hellip;]<\/p>\n","protected":false},"author":10,"featured_media":0,"parent":270187,"menu_order":0,"comment_status":"closed","ping_status":"closed","template":"","meta":{"_acf_changed":false,"inline_featured_image":false,"footnotes":""},"tags":[],"class_list":["post-280758","page","type-page","status-publish","hentry"],"acf":[],"yoast_head":"<!-- This site is optimized with the Yoast SEO plugin v27.1.1 - https:\/\/yoast.com\/product\/yoast-seo-wordpress\/ -->\n<title>Grupos de \u00e1ngeles - nombre del Exportaci\u00f3n del Caribe<\/title>\n<meta name=\"robots\" content=\"index, follow, max-snippet:-1, max-image-preview:large, max-video-preview:-1\" \/>\n<link rel=\"canonical\" href=\"https:\/\/content.carib-export.com\/es\/resources\/funding\/angel-investing\/angel-groups\/\" \/>\n<meta property=\"og:locale\" content=\"es_ES\" \/>\n<meta property=\"og:type\" content=\"article\" \/>\n<meta property=\"og:title\" content=\"Grupos de \u00e1ngeles - nombre del Exportaci\u00f3n del Caribe\" \/>\n<meta property=\"og:description\" content=\"En todo el Caribe hay una serie de grupos de \u00e1ngeles que apoyan empresas en etapa inicial y de puesta en marcha. Con\u00e9ctese con un grupo de \u00e1ngeles en su pa\u00eds. Alpha Angels es una red de inversionistas que son l\u00edderes en la comunidad empresarial del Caribe. El grupo tiene su sede principalmente en Montego [&hellip;]\" \/>\n<meta property=\"og:url\" content=\"https:\/\/content.carib-export.com\/es\/resources\/funding\/angel-investing\/angel-groups\/\" \/>\n<meta property=\"og:site_name\" content=\"Exportaci\u00f3n del Caribe\" \/>\n<meta property=\"article:publisher\" content=\"https:\/\/www.facebook.com\/CaribbeanExport\" \/>\n<meta property=\"article:modified_time\" content=\"2025-02-06T15:05:14+00:00\" \/>\n<meta property=\"og:image\" content=\"https:\/\/content.carib-export.com\/wp-content\/uploads\/2019\/06\/CEDA-default-square.jpg\" \/>\n\t<meta property=\"og:image:width\" content=\"1000\" \/>\n\t<meta property=\"og:image:height\" content=\"1000\" \/>\n\t<meta property=\"og:image:type\" content=\"image\/jpeg\" \/>\n<meta name=\"twitter:card\" content=\"summary_large_image\" \/>\n<meta name=\"twitter:site\" content=\"@CaribXport\" \/>\n<meta name=\"twitter:label1\" content=\"Tiempo de lectura\" \/>\n\t<meta name=\"twitter:data1\" content=\"2 minutos\" \/>\n<script type=\"application\/ld+json\" class=\"yoast-schema-graph\">{\"@context\":\"https:\/\/schema.org\",\"@graph\":[{\"@type\":\"WebPage\",\"@id\":\"https:\/\/content.carib-export.com\/es\/resources\/funding\/angel-investing\/angel-groups\/\",\"url\":\"https:\/\/content.carib-export.com\/es\/resources\/funding\/angel-investing\/angel-groups\/\",\"name\":\"Grupos de \u00e1ngeles - nombre del Exportaci\u00f3n del Caribe\",\"isPartOf\":{\"@id\":\"https:\/\/content.carib-export.com\/es\/#website\"},\"primaryImageOfPage\":{\"@id\":\"https:\/\/content.carib-export.com\/es\/resources\/funding\/angel-investing\/angel-groups\/#primaryimage\"},\"image\":{\"@id\":\"https:\/\/content.carib-export.com\/es\/resources\/funding\/angel-investing\/angel-groups\/#primaryimage\"},\"thumbnailUrl\":\"https:\/\/content.carib-export.com\/wp-content\/uploads\/2017\/03\/alphaangels_logo.png\",\"datePublished\":\"2020-02-21T16:00:23+00:00\",\"dateModified\":\"2025-02-06T15:05:14+00:00\",\"breadcrumb\":{\"@id\":\"https:\/\/content.carib-export.com\/es\/resources\/funding\/angel-investing\/angel-groups\/#breadcrumb\"},\"inLanguage\":\"es\",\"potentialAction\":[{\"@type\":\"ReadAction\",\"target\":[\"https:\/\/content.carib-export.com\/es\/resources\/funding\/angel-investing\/angel-groups\/\"]}]},{\"@type\":\"ImageObject\",\"inLanguage\":\"es\",\"@id\":\"https:\/\/content.carib-export.com\/es\/resources\/funding\/angel-investing\/angel-groups\/#primaryimage\",\"url\":\"https:\/\/content.carib-export.com\/wp-content\/uploads\/2017\/03\/alphaangels_logo.png\",\"contentUrl\":\"https:\/\/content.carib-export.com\/wp-content\/uploads\/2017\/03\/alphaangels_logo.png\"},{\"@type\":\"BreadcrumbList\",\"@id\":\"https:\/\/content.carib-export.com\/es\/resources\/funding\/angel-investing\/angel-groups\/#breadcrumb\",\"itemListElement\":[{\"@type\":\"ListItem\",\"position\":1,\"name\":\"Casa\",\"item\":\"https:\/\/content.carib-export.com\/es\/home\/\"},{\"@type\":\"ListItem\",\"position\":2,\"name\":\"Recursos\",\"item\":\"https:\/\/content.carib-export.com\/es\/resources\/\"},{\"@type\":\"ListItem\",\"position\":3,\"name\":\"Subvenci\u00f3n\",\"item\":\"https:\/\/content.carib-export.com\/es\/resources\/funding\/\"},{\"@type\":\"ListItem\",\"position\":4,\"name\":\"\u00c1ngel invirtiendo\",\"item\":\"https:\/\/content.carib-export.com\/es\/resources\/funding\/angel-investing\/\"},{\"@type\":\"ListItem\",\"position\":5,\"name\":\"Grupos de \u00e1ngeles\"}]},{\"@type\":\"WebSite\",\"@id\":\"https:\/\/content.carib-export.com\/es\/#website\",\"url\":\"https:\/\/content.carib-export.com\/es\/\",\"name\":\"Exportaci\u00f3n del Caribe\",\"description\":\"La \u00fanica agencia regional de promoci\u00f3n del comercio y las inversiones en el grupo de \u00c1frica, el Caribe y el Pac\u00edfico.\",\"publisher\":{\"@id\":\"https:\/\/content.carib-export.com\/es\/#organization\"},\"potentialAction\":[{\"@type\":\"SearchAction\",\"target\":{\"@type\":\"EntryPoint\",\"urlTemplate\":\"https:\/\/content.carib-export.com\/es\/?s={search_term_string}\"},\"query-input\":{\"@type\":\"PropertyValueSpecification\",\"valueRequired\":true,\"valueName\":\"search_term_string\"}}],\"inLanguage\":\"es\"},{\"@type\":\"Organization\",\"@id\":\"https:\/\/content.carib-export.com\/es\/#organization\",\"name\":\"Agencia de Desarrollo de Exportaciones del Caribe\",\"url\":\"https:\/\/content.carib-export.com\/es\/\",\"logo\":{\"@type\":\"ImageObject\",\"inLanguage\":\"es\",\"@id\":\"https:\/\/content.carib-export.com\/es\/#\/schema\/logo\/image\/\",\"url\":\"https:\/\/content.carib-export.com\/wp-content\/uploads\/2013\/03\/CE-Logo-2013.jpg\",\"contentUrl\":\"https:\/\/content.carib-export.com\/wp-content\/uploads\/2013\/03\/CE-Logo-2013.jpg\",\"width\":1024,\"height\":244,\"caption\":\"Agencia de Desarrollo de Exportaciones del Caribe\"},\"image\":{\"@id\":\"https:\/\/content.carib-export.com\/es\/#\/schema\/logo\/image\/\"},\"sameAs\":[\"https:\/\/www.facebook.com\/CaribbeanExport\",\"https:\/\/x.com\/CaribXport\",\"https:\/\/www.instagram.com\/caribbeanexport\",\"https:\/\/www.linkedin.com\/company\/caribbeanexport\",\"https:\/\/www.youtube.com\/user\/TheCaribbeanExport\"]}]}<\/script>\n<!-- \/ Yoast SEO plugin. -->","yoast_head_json":{"title":"Grupos de \u00e1ngeles - nombre del Exportaci\u00f3n del Caribe","robots":{"index":"index","follow":"follow","max-snippet":"max-snippet:-1","max-image-preview":"max-image-preview:large","max-video-preview":"max-video-preview:-1"},"canonical":"https:\/\/content.carib-export.com\/es\/resources\/funding\/angel-investing\/angel-groups\/","og_locale":"es_ES","og_type":"article","og_title":"Grupos de \u00e1ngeles - nombre del Exportaci\u00f3n del Caribe","og_description":"En todo el Caribe hay una serie de grupos de \u00e1ngeles que apoyan empresas en etapa inicial y de puesta en marcha. Con\u00e9ctese con un grupo de \u00e1ngeles en su pa\u00eds. Alpha Angels es una red de inversionistas que son l\u00edderes en la comunidad empresarial del Caribe. El grupo tiene su sede principalmente en Montego [&hellip;]","og_url":"https:\/\/content.carib-export.com\/es\/resources\/funding\/angel-investing\/angel-groups\/","og_site_name":"Exportaci\u00f3n del Caribe","article_publisher":"https:\/\/www.facebook.com\/CaribbeanExport","article_modified_time":"2025-02-06T15:05:14+00:00","og_image":[{"width":1000,"height":1000,"url":"https:\/\/content.carib-export.com\/wp-content\/uploads\/2019\/06\/CEDA-default-square.jpg","type":"image\/jpeg"}],"twitter_card":"summary_large_image","twitter_site":"@CaribXport","twitter_misc":{"Tiempo de lectura":"2 minutos"},"schema":{"@context":"https:\/\/schema.org","@graph":[{"@type":"WebPage","@id":"https:\/\/content.carib-export.com\/es\/resources\/funding\/angel-investing\/angel-groups\/","url":"https:\/\/content.carib-export.com\/es\/resources\/funding\/angel-investing\/angel-groups\/","name":"Grupos de \u00e1ngeles - nombre del Exportaci\u00f3n del Caribe","isPartOf":{"@id":"https:\/\/content.carib-export.com\/es\/#website"},"primaryImageOfPage":{"@id":"https:\/\/content.carib-export.com\/es\/resources\/funding\/angel-investing\/angel-groups\/#primaryimage"},"image":{"@id":"https:\/\/content.carib-export.com\/es\/resources\/funding\/angel-investing\/angel-groups\/#primaryimage"},"thumbnailUrl":"https:\/\/content.carib-export.com\/wp-content\/uploads\/2017\/03\/alphaangels_logo.png","datePublished":"2020-02-21T16:00:23+00:00","dateModified":"2025-02-06T15:05:14+00:00","breadcrumb":{"@id":"https:\/\/content.carib-export.com\/es\/resources\/funding\/angel-investing\/angel-groups\/#breadcrumb"},"inLanguage":"es","potentialAction":[{"@type":"ReadAction","target":["https:\/\/content.carib-export.com\/es\/resources\/funding\/angel-investing\/angel-groups\/"]}]},{"@type":"ImageObject","inLanguage":"es","@id":"https:\/\/content.carib-export.com\/es\/resources\/funding\/angel-investing\/angel-groups\/#primaryimage","url":"https:\/\/content.carib-export.com\/wp-content\/uploads\/2017\/03\/alphaangels_logo.png","contentUrl":"https:\/\/content.carib-export.com\/wp-content\/uploads\/2017\/03\/alphaangels_logo.png"},{"@type":"BreadcrumbList","@id":"https:\/\/content.carib-export.com\/es\/resources\/funding\/angel-investing\/angel-groups\/#breadcrumb","itemListElement":[{"@type":"ListItem","position":1,"name":"Casa","item":"https:\/\/content.carib-export.com\/es\/home\/"},{"@type":"ListItem","position":2,"name":"Recursos","item":"https:\/\/content.carib-export.com\/es\/resources\/"},{"@type":"ListItem","position":3,"name":"Subvenci\u00f3n","item":"https:\/\/content.carib-export.com\/es\/resources\/funding\/"},{"@type":"ListItem","position":4,"name":"\u00c1ngel invirtiendo","item":"https:\/\/content.carib-export.com\/es\/resources\/funding\/angel-investing\/"},{"@type":"ListItem","position":5,"name":"Grupos de \u00e1ngeles"}]},{"@type":"WebSite","@id":"https:\/\/content.carib-export.com\/es\/#website","url":"https:\/\/content.carib-export.com\/es\/","name":"Exportaci\u00f3n del Caribe","description":"La \u00fanica agencia regional de promoci\u00f3n del comercio y las inversiones en el grupo de \u00c1frica, el Caribe y el Pac\u00edfico.","publisher":{"@id":"https:\/\/content.carib-export.com\/es\/#organization"},"potentialAction":[{"@type":"SearchAction","target":{"@type":"EntryPoint","urlTemplate":"https:\/\/content.carib-export.com\/es\/?s={search_term_string}"},"query-input":{"@type":"PropertyValueSpecification","valueRequired":true,"valueName":"search_term_string"}}],"inLanguage":"es"},{"@type":"Organization","@id":"https:\/\/content.carib-export.com\/es\/#organization","name":"Agencia de Desarrollo de Exportaciones del Caribe","url":"https:\/\/content.carib-export.com\/es\/","logo":{"@type":"ImageObject","inLanguage":"es","@id":"https:\/\/content.carib-export.com\/es\/#\/schema\/logo\/image\/","url":"https:\/\/content.carib-export.com\/wp-content\/uploads\/2013\/03\/CE-Logo-2013.jpg","contentUrl":"https:\/\/content.carib-export.com\/wp-content\/uploads\/2013\/03\/CE-Logo-2013.jpg","width":1024,"height":244,"caption":"Agencia de Desarrollo de Exportaciones del Caribe"},"image":{"@id":"https:\/\/content.carib-export.com\/es\/#\/schema\/logo\/image\/"},"sameAs":["https:\/\/www.facebook.com\/CaribbeanExport","https:\/\/x.com\/CaribXport","https:\/\/www.instagram.com\/caribbeanexport","https:\/\/www.linkedin.com\/company\/caribbeanexport","https:\/\/www.youtube.com\/user\/TheCaribbeanExport"]}]}},"_links":{"self":[{"href":"https:\/\/content.carib-export.com\/es\/wp-json\/wp\/v2\/pages\/280758","targetHints":{"allow":["GET"]}}],"collection":[{"href":"https:\/\/content.carib-export.com\/es\/wp-json\/wp\/v2\/pages"}],"about":[{"href":"https:\/\/content.carib-export.com\/es\/wp-json\/wp\/v2\/types\/page"}],"author":[{"embeddable":true,"href":"https:\/\/content.carib-export.com\/es\/wp-json\/wp\/v2\/users\/10"}],"replies":[{"embeddable":true,"href":"https:\/\/content.carib-export.com\/es\/wp-json\/wp\/v2\/comments?post=280758"}],"version-history":[{"count":0,"href":"https:\/\/content.carib-export.com\/es\/wp-json\/wp\/v2\/pages\/280758\/revisions"}],"up":[{"embeddable":true,"href":"https:\/\/content.carib-export.com\/es\/wp-json\/wp\/v2\/pages\/270187"}],"wp:attachment":[{"href":"https:\/\/content.carib-export.com\/es\/wp-json\/wp\/v2\/media?parent=280758"}],"wp:term":[{"taxonomy":"post_tag","embeddable":true,"href":"https:\/\/content.carib-export.com\/es\/wp-json\/wp\/v2\/tags?post=280758"}],"curies":[{"name":"wp","href":"https:\/\/api.w.org\/{rel}","templated":true}]}}