{"id":280775,"date":"2020-02-20T12:51:40","date_gmt":"2020-02-20T16:51:40","guid":{"rendered":"https:\/\/content.carib-export.com\/exporters\/funding\/angel-investing\/caribbean-business-angel-network\/"},"modified":"2025-02-06T11:10:25","modified_gmt":"2025-02-06T15:10:25","slug":"caribbean-business-angel-network","status":"publish","type":"page","link":"https:\/\/content.carib-export.com\/es\/resources\/funding\/angel-investing\/caribbean-business-angel-network\/","title":{"rendered":"Red Caribe\u00f1a de Business Angels"},"content":{"rendered":"\n<blockquote class=\"wp-block-quote is-layout-flow wp-block-quote-is-layout-flow\">\n<p><strong>UNA COMUNIDAD DONDE LOS INVERSORES PUEDEN CONECTARSE CON LAS PEQUE\u00d1AS Y MEDIANAS EMPRESAS DEL CARIBE<\/strong><\/p>\n<\/blockquote>\n\n<p>Si bien los \u00e1ngeles individuales son incre\u00edblemente importantes, pocos \u00e1ngeles potenciales tienen el tiempo, el conocimiento o los recursos financieros para participar en m\u00faltiples inversiones actuando solos. Como resultado, las redes de \u00e1ngeles han surgido como un m\u00e9todo para brindar un servicio de introducci\u00f3n a acuerdos potenciales, conectando a personas con ideas afines para compartir la carga de trabajo, accediendo a la sabidur\u00eda colectiva de otros y sindicando acuerdos. Como tales, las redes de \u00e1ngeles a menudo superan los numerosos desaf\u00edos asociados con la inversi\u00f3n en solitario y la inversi\u00f3n en entornos riesgosos, como los mercados emergentes como el Caribe.<\/p>\n\n<p><strong>Caribbean Business Angel Network (CBAN)<\/strong> tiene como objetivo mejorar el acceso a oportunidades de inversi\u00f3n en todo el Caribe, para inversionistas \u00e1ngeles. Se centra en conectar a los inversores con empresas de nueva creaci\u00f3n, en fase inicial y en crecimiento que buscan financiaci\u00f3n; aumento del flujo de transacciones en el Caribe.<\/p>\n\n<p>Si usted es un inversionista interesado en la inversi\u00f3n \u00e1ngel y desea obtener m\u00e1s informaci\u00f3n sobre c\u00f3mo formar un grupo de inversionistas locales en su regi\u00f3n, Caribbean Export (a trav\u00e9s de CBAN) puede ofrecerle asistencia t\u00e9cnica o asesoramiento. P\u00f3ngase en contacto con nosotros a trav\u00e9s <a href=\"mailto:Dsinanan@carib-export.com\">de Dsinanan@carib-export.com<\/a> si est\u00e1 interesado.<\/p>\n\n<p>Los inversionistas deber\u00edan unirse a CBAN porque se enfoca en apoyar a los inversionistas que buscan empresarios prometedores en el Caribe. <\/p>\n\n<h2 class=\"wp-block-heading\">\u00bfPor qu\u00e9 unirse a CBAN?<\/h2>\n\n<h3 class=\"wp-block-heading\">LOS INVERSORES QUE SE UNEN A CBAN PODR\u00c1N:<\/h3>\n\n<ul class=\"wp-block-list\">\n<li>Obtenga acceso al flujo de acuerdos pancaribe\u00f1os preseleccionados<\/li>\n\n\n\n<li>Con\u00e9ctese con inversores de ideas afines a trav\u00e9s de la plataforma en l\u00ednea, as\u00ed como en eventos peri\u00f3dicos, como talleres y conferencias de inversi\u00f3n \u00e1ngel.<\/li>\n\n\n\n<li>Obtenga acceso a recursos para inversionistas \u00e1ngeles, incluidos documentos de inversi\u00f3n de muestra, materiales de mejores pr\u00e1cticas y otros recursos de conocimiento<\/li>\n\n\n\n<li>Recibir asistencia con la formaci\u00f3n y el desarrollo de nuevos grupos.<\/li>\n<\/ul>\n\n<div style=\"height:40px\" aria-hidden=\"true\" class=\"wp-block-spacer\"><\/div>\n\n<h3 class=\"wp-block-heading\">LOS EMPRENDEDORES QUE SE UNEN A CBAN PODR\u00c1N:<\/h3>\n\n<ul class=\"wp-block-list\">\n<li>Mostrar sus negocios a inversionistas \u00e1ngeles acreditados<\/li>\n\n\n\n<li>Obtenga acceso al conocimiento a nivel de la industria internacional sobre inversi\u00f3n \u00e1ngel<\/li>\n\n\n\n<li>Ser ofrecido asistencia en la preparaci\u00f3n de lanzamientos<\/li>\n\n\n\n<li>Recibir una oferta de apoyo de seguimiento durante la negociaci\u00f3n del acuerdo<\/li>\n<\/ul>\n\n<div style=\"height:40px\" aria-hidden=\"true\" class=\"wp-block-spacer\"><\/div>\n\n<div class=\"wp-block-buttons is-layout-flex wp-block-buttons-is-layout-flex\">\n<div class=\"wp-block-button has-custom-font-size is-style-outline has-medium-font-size is-style-outline--2\"><a class=\"wp-block-button__link wp-element-button\" href=\"mailto:dsinanan@carib-export.com\" style=\"border-radius:0px\" target=\"_blank\" rel=\"noreferrer noopener\">Haga clic aqu\u00ed para unirse a Caribbean Business Angel Network<\/a><\/div>\n<\/div>\n\n<div style=\"height:40px\" aria-hidden=\"true\" class=\"wp-block-spacer\"><\/div>\n\n<h2 class=\"wp-block-heading\">\u00bfQui\u00e9n deber\u00eda unirse a CBAN?<\/h2>\n\n<ul class=\"wp-block-list\">\n<li><strong>Inversores con base regional o internacional, incluidos:<\/strong>\n<ul class=\"wp-block-list\">\n<li>Grupos y redes de \u00e1ngeles: las personas deben ser miembros de un grupo\/red de inversores \u00e1ngeles compuesto por inversores acreditados <a href=\"#_ftn1\">[1]<\/a> ; <\/li>\n\n\n\n<li>Inversores institucionales en etapa inicial, incluidos, entre otros, empresas de capital de riesgo, fondos para pymes e inversores de impacto; y<\/li>\n\n\n\n<li>Inversores\/sindicatos individuales acreditados seg\u00fan los est\u00e1ndares establecidos en el pa\u00eds en el que se realizar\u00e1 la inversi\u00f3n y poder pasar una verificaci\u00f3n de antecedentes.<\/li>\n<\/ul>\n<\/li>\n\n\n\n<li><strong>Start-ups o empresas que:<\/strong>\n<ul class=\"wp-block-list\">\n<li>Est\u00e1n registrados legalmente y\/o operan en un pa\u00eds del CARIFORUM;<\/li>\n\n\n\n<li>Est\u00e1n buscando activamente \u00e1ngel u otra inversi\u00f3n privada;<\/li>\n\n\n\n<li>Tener el potencial de escalar r\u00e1pidamente y tener un plan de acci\u00f3n claro para hacerlo; y<\/li>\n\n\n\n<li>Tiene un producto\/servicio casi listo para salir al mercado y puede mostrar evidencia de la demanda del cliente.<\/li>\n<\/ul>\n<\/li>\n<\/ul>\n\n<div style=\"height:40px\" aria-hidden=\"true\" class=\"wp-block-spacer\"><\/div>\n\n<div class=\"wp-block-buttons is-layout-flex wp-block-buttons-is-layout-flex\">\n<div class=\"wp-block-button has-custom-font-size is-style-outline has-medium-font-size is-style-outline--3\"><a class=\"wp-block-button__link wp-element-button\" href=\"mailto:dsinanan@carib-export.com\" style=\"border-radius:0px\" target=\"_blank\" rel=\"noreferrer noopener\">Haga clic aqu\u00ed para unirse a Caribbean Business Angel Network<\/a><\/div>\n<\/div>\n\n<div style=\"height:40px\" aria-hidden=\"true\" class=\"wp-block-spacer\"><\/div>\n\n<hr class=\"wp-block-separator has-css-opacity\"\/>\n\n<p>[<a href=\"#_ftnref1\">1]<\/a> Un inversor acreditado\n, en el contexto de una persona f\u00edsica, incluye a cualquier persona que\nhaya obtenido un nivel de ingresos o posea un patrimonio neto acumulado suficiente para las normas\nestablecidas en un pa\u00eds espec\u00edfico. Los umbrales var\u00edan seg\u00fan el pa\u00eds. A efectos de\nCBAN, las normas se aplicar\u00e1n en funci\u00f3n de las del pa\u00eds en\nque est\u00e9 domiciliada\/registrada la empresa participada. Si el pa\u00eds no dispone de\nnormas reguladoras, se aplicar\u00e1n las normas establecidas en las leyes de Barbados, donde\nCaribbean Export y la CBAN est\u00e1n domiciliadas. <\/p>\n","protected":false},"excerpt":{"rendered":"<p>UNA COMUNIDAD DONDE LOS INVERSORES PUEDEN CONECTARSE CON LAS PEQUE\u00d1AS Y MEDIANAS EMPRESAS DEL CARIBE Si bien los \u00e1ngeles individuales son incre\u00edblemente importantes, pocos \u00e1ngeles potenciales tienen el tiempo, el conocimiento o los recursos financieros para participar en m\u00faltiples inversiones actuando solos. Como resultado, las redes de \u00e1ngeles han surgido como un m\u00e9todo para brindar [&hellip;]<\/p>\n","protected":false},"author":10,"featured_media":249467,"parent":270187,"menu_order":0,"comment_status":"closed","ping_status":"closed","template":"","meta":{"_acf_changed":false,"inline_featured_image":false,"footnotes":""},"tags":[],"class_list":["post-280775","page","type-page","status-publish","has-post-thumbnail","hentry"],"acf":[],"yoast_head":"<!-- This site is optimized with the Yoast SEO plugin v27.1.1 - https:\/\/yoast.com\/product\/yoast-seo-wordpress\/ -->\n<title>Red Caribe\u00f1a de Business Angels - nombre del Exportaci\u00f3n del Caribe<\/title>\n<meta name=\"robots\" content=\"index, follow, max-snippet:-1, max-image-preview:large, max-video-preview:-1\" \/>\n<link rel=\"canonical\" href=\"https:\/\/content.carib-export.com\/es\/resources\/funding\/angel-investing\/caribbean-business-angel-network\/\" \/>\n<meta property=\"og:locale\" content=\"es_ES\" \/>\n<meta property=\"og:type\" content=\"article\" \/>\n<meta property=\"og:title\" content=\"Red Caribe\u00f1a de Business Angels - nombre del Exportaci\u00f3n del Caribe\" \/>\n<meta property=\"og:description\" content=\"UNA COMUNIDAD DONDE LOS INVERSORES PUEDEN CONECTARSE CON LAS PEQUE\u00d1AS Y MEDIANAS EMPRESAS DEL CARIBE Si bien los \u00e1ngeles individuales son incre\u00edblemente importantes, pocos \u00e1ngeles potenciales tienen el tiempo, el conocimiento o los recursos financieros para participar en m\u00faltiples inversiones actuando solos. Como resultado, las redes de \u00e1ngeles han surgido como un m\u00e9todo para brindar [&hellip;]\" \/>\n<meta property=\"og:url\" content=\"https:\/\/content.carib-export.com\/es\/resources\/funding\/angel-investing\/caribbean-business-angel-network\/\" \/>\n<meta property=\"og:site_name\" content=\"Exportaci\u00f3n del Caribe\" \/>\n<meta property=\"article:publisher\" content=\"https:\/\/www.facebook.com\/CaribbeanExport\" \/>\n<meta property=\"article:modified_time\" content=\"2025-02-06T15:10:25+00:00\" \/>\n<meta property=\"og:image\" content=\"https:\/\/content.carib-export.com\/wp-content\/uploads\/2017\/03\/CBAN.png\" \/>\n\t<meta property=\"og:image:width\" content=\"1000\" \/>\n\t<meta property=\"og:image:height\" content=\"376\" \/>\n\t<meta property=\"og:image:type\" content=\"image\/png\" \/>\n<meta name=\"twitter:card\" content=\"summary_large_image\" \/>\n<meta name=\"twitter:site\" content=\"@CaribXport\" \/>\n<meta name=\"twitter:label1\" content=\"Tiempo de lectura\" \/>\n\t<meta name=\"twitter:data1\" content=\"3 minutos\" \/>\n<script type=\"application\/ld+json\" class=\"yoast-schema-graph\">{\"@context\":\"https:\/\/schema.org\",\"@graph\":[{\"@type\":\"WebPage\",\"@id\":\"https:\/\/content.carib-export.com\/es\/resources\/funding\/angel-investing\/caribbean-business-angel-network\/\",\"url\":\"https:\/\/content.carib-export.com\/es\/resources\/funding\/angel-investing\/caribbean-business-angel-network\/\",\"name\":\"Red Caribe\u00f1a de Business Angels - nombre del Exportaci\u00f3n del Caribe\",\"isPartOf\":{\"@id\":\"https:\/\/content.carib-export.com\/es\/#website\"},\"primaryImageOfPage\":{\"@id\":\"https:\/\/content.carib-export.com\/es\/resources\/funding\/angel-investing\/caribbean-business-angel-network\/#primaryimage\"},\"image\":{\"@id\":\"https:\/\/content.carib-export.com\/es\/resources\/funding\/angel-investing\/caribbean-business-angel-network\/#primaryimage\"},\"thumbnailUrl\":\"https:\/\/content.carib-export.com\/wp-content\/uploads\/2017\/03\/CBAN.png\",\"datePublished\":\"2020-02-20T16:51:40+00:00\",\"dateModified\":\"2025-02-06T15:10:25+00:00\",\"breadcrumb\":{\"@id\":\"https:\/\/content.carib-export.com\/es\/resources\/funding\/angel-investing\/caribbean-business-angel-network\/#breadcrumb\"},\"inLanguage\":\"es\",\"potentialAction\":[{\"@type\":\"ReadAction\",\"target\":[\"https:\/\/content.carib-export.com\/es\/resources\/funding\/angel-investing\/caribbean-business-angel-network\/\"]}]},{\"@type\":\"ImageObject\",\"inLanguage\":\"es\",\"@id\":\"https:\/\/content.carib-export.com\/es\/resources\/funding\/angel-investing\/caribbean-business-angel-network\/#primaryimage\",\"url\":\"https:\/\/content.carib-export.com\/wp-content\/uploads\/2017\/03\/CBAN.png\",\"contentUrl\":\"https:\/\/content.carib-export.com\/wp-content\/uploads\/2017\/03\/CBAN.png\",\"width\":1000,\"height\":376,\"caption\":\"Red Caribe\u00f1a de Business Angels\"},{\"@type\":\"BreadcrumbList\",\"@id\":\"https:\/\/content.carib-export.com\/es\/resources\/funding\/angel-investing\/caribbean-business-angel-network\/#breadcrumb\",\"itemListElement\":[{\"@type\":\"ListItem\",\"position\":1,\"name\":\"Casa\",\"item\":\"https:\/\/content.carib-export.com\/es\/home\/\"},{\"@type\":\"ListItem\",\"position\":2,\"name\":\"Recursos\",\"item\":\"https:\/\/content.carib-export.com\/es\/resources\/\"},{\"@type\":\"ListItem\",\"position\":3,\"name\":\"Subvenci\u00f3n\",\"item\":\"https:\/\/content.carib-export.com\/es\/resources\/funding\/\"},{\"@type\":\"ListItem\",\"position\":4,\"name\":\"\u00c1ngel invirtiendo\",\"item\":\"https:\/\/content.carib-export.com\/es\/resources\/funding\/angel-investing\/\"},{\"@type\":\"ListItem\",\"position\":5,\"name\":\"Red Caribe\u00f1a de Business Angels\"}]},{\"@type\":\"WebSite\",\"@id\":\"https:\/\/content.carib-export.com\/es\/#website\",\"url\":\"https:\/\/content.carib-export.com\/es\/\",\"name\":\"Exportaci\u00f3n del Caribe\",\"description\":\"La \u00fanica agencia regional de promoci\u00f3n del comercio y las inversiones en el grupo de \u00c1frica, el Caribe y el Pac\u00edfico.\",\"publisher\":{\"@id\":\"https:\/\/content.carib-export.com\/es\/#organization\"},\"potentialAction\":[{\"@type\":\"SearchAction\",\"target\":{\"@type\":\"EntryPoint\",\"urlTemplate\":\"https:\/\/content.carib-export.com\/es\/?s={search_term_string}\"},\"query-input\":{\"@type\":\"PropertyValueSpecification\",\"valueRequired\":true,\"valueName\":\"search_term_string\"}}],\"inLanguage\":\"es\"},{\"@type\":\"Organization\",\"@id\":\"https:\/\/content.carib-export.com\/es\/#organization\",\"name\":\"Agencia de Desarrollo de Exportaciones del Caribe\",\"url\":\"https:\/\/content.carib-export.com\/es\/\",\"logo\":{\"@type\":\"ImageObject\",\"inLanguage\":\"es\",\"@id\":\"https:\/\/content.carib-export.com\/es\/#\/schema\/logo\/image\/\",\"url\":\"https:\/\/content.carib-export.com\/wp-content\/uploads\/2013\/03\/CE-Logo-2013.jpg\",\"contentUrl\":\"https:\/\/content.carib-export.com\/wp-content\/uploads\/2013\/03\/CE-Logo-2013.jpg\",\"width\":1024,\"height\":244,\"caption\":\"Agencia de Desarrollo de Exportaciones del Caribe\"},\"image\":{\"@id\":\"https:\/\/content.carib-export.com\/es\/#\/schema\/logo\/image\/\"},\"sameAs\":[\"https:\/\/www.facebook.com\/CaribbeanExport\",\"https:\/\/x.com\/CaribXport\",\"https:\/\/www.instagram.com\/caribbeanexport\",\"https:\/\/www.linkedin.com\/company\/caribbeanexport\",\"https:\/\/www.youtube.com\/user\/TheCaribbeanExport\"]}]}<\/script>\n<!-- \/ Yoast SEO plugin. -->","yoast_head_json":{"title":"Red Caribe\u00f1a de Business Angels - nombre del Exportaci\u00f3n del Caribe","robots":{"index":"index","follow":"follow","max-snippet":"max-snippet:-1","max-image-preview":"max-image-preview:large","max-video-preview":"max-video-preview:-1"},"canonical":"https:\/\/content.carib-export.com\/es\/resources\/funding\/angel-investing\/caribbean-business-angel-network\/","og_locale":"es_ES","og_type":"article","og_title":"Red Caribe\u00f1a de Business Angels - nombre del Exportaci\u00f3n del Caribe","og_description":"UNA COMUNIDAD DONDE LOS INVERSORES PUEDEN CONECTARSE CON LAS PEQUE\u00d1AS Y MEDIANAS EMPRESAS DEL CARIBE Si bien los \u00e1ngeles individuales son incre\u00edblemente importantes, pocos \u00e1ngeles potenciales tienen el tiempo, el conocimiento o los recursos financieros para participar en m\u00faltiples inversiones actuando solos. Como resultado, las redes de \u00e1ngeles han surgido como un m\u00e9todo para brindar [&hellip;]","og_url":"https:\/\/content.carib-export.com\/es\/resources\/funding\/angel-investing\/caribbean-business-angel-network\/","og_site_name":"Exportaci\u00f3n del Caribe","article_publisher":"https:\/\/www.facebook.com\/CaribbeanExport","article_modified_time":"2025-02-06T15:10:25+00:00","og_image":[{"width":1000,"height":376,"url":"https:\/\/content.carib-export.com\/wp-content\/uploads\/2017\/03\/CBAN.png","type":"image\/png"}],"twitter_card":"summary_large_image","twitter_site":"@CaribXport","twitter_misc":{"Tiempo de lectura":"3 minutos"},"schema":{"@context":"https:\/\/schema.org","@graph":[{"@type":"WebPage","@id":"https:\/\/content.carib-export.com\/es\/resources\/funding\/angel-investing\/caribbean-business-angel-network\/","url":"https:\/\/content.carib-export.com\/es\/resources\/funding\/angel-investing\/caribbean-business-angel-network\/","name":"Red Caribe\u00f1a de Business Angels - nombre del Exportaci\u00f3n del Caribe","isPartOf":{"@id":"https:\/\/content.carib-export.com\/es\/#website"},"primaryImageOfPage":{"@id":"https:\/\/content.carib-export.com\/es\/resources\/funding\/angel-investing\/caribbean-business-angel-network\/#primaryimage"},"image":{"@id":"https:\/\/content.carib-export.com\/es\/resources\/funding\/angel-investing\/caribbean-business-angel-network\/#primaryimage"},"thumbnailUrl":"https:\/\/content.carib-export.com\/wp-content\/uploads\/2017\/03\/CBAN.png","datePublished":"2020-02-20T16:51:40+00:00","dateModified":"2025-02-06T15:10:25+00:00","breadcrumb":{"@id":"https:\/\/content.carib-export.com\/es\/resources\/funding\/angel-investing\/caribbean-business-angel-network\/#breadcrumb"},"inLanguage":"es","potentialAction":[{"@type":"ReadAction","target":["https:\/\/content.carib-export.com\/es\/resources\/funding\/angel-investing\/caribbean-business-angel-network\/"]}]},{"@type":"ImageObject","inLanguage":"es","@id":"https:\/\/content.carib-export.com\/es\/resources\/funding\/angel-investing\/caribbean-business-angel-network\/#primaryimage","url":"https:\/\/content.carib-export.com\/wp-content\/uploads\/2017\/03\/CBAN.png","contentUrl":"https:\/\/content.carib-export.com\/wp-content\/uploads\/2017\/03\/CBAN.png","width":1000,"height":376,"caption":"Red Caribe\u00f1a de Business Angels"},{"@type":"BreadcrumbList","@id":"https:\/\/content.carib-export.com\/es\/resources\/funding\/angel-investing\/caribbean-business-angel-network\/#breadcrumb","itemListElement":[{"@type":"ListItem","position":1,"name":"Casa","item":"https:\/\/content.carib-export.com\/es\/home\/"},{"@type":"ListItem","position":2,"name":"Recursos","item":"https:\/\/content.carib-export.com\/es\/resources\/"},{"@type":"ListItem","position":3,"name":"Subvenci\u00f3n","item":"https:\/\/content.carib-export.com\/es\/resources\/funding\/"},{"@type":"ListItem","position":4,"name":"\u00c1ngel invirtiendo","item":"https:\/\/content.carib-export.com\/es\/resources\/funding\/angel-investing\/"},{"@type":"ListItem","position":5,"name":"Red Caribe\u00f1a de Business Angels"}]},{"@type":"WebSite","@id":"https:\/\/content.carib-export.com\/es\/#website","url":"https:\/\/content.carib-export.com\/es\/","name":"Exportaci\u00f3n del Caribe","description":"La \u00fanica agencia regional de promoci\u00f3n del comercio y las inversiones en el grupo de \u00c1frica, el Caribe y el Pac\u00edfico.","publisher":{"@id":"https:\/\/content.carib-export.com\/es\/#organization"},"potentialAction":[{"@type":"SearchAction","target":{"@type":"EntryPoint","urlTemplate":"https:\/\/content.carib-export.com\/es\/?s={search_term_string}"},"query-input":{"@type":"PropertyValueSpecification","valueRequired":true,"valueName":"search_term_string"}}],"inLanguage":"es"},{"@type":"Organization","@id":"https:\/\/content.carib-export.com\/es\/#organization","name":"Agencia de Desarrollo de Exportaciones del Caribe","url":"https:\/\/content.carib-export.com\/es\/","logo":{"@type":"ImageObject","inLanguage":"es","@id":"https:\/\/content.carib-export.com\/es\/#\/schema\/logo\/image\/","url":"https:\/\/content.carib-export.com\/wp-content\/uploads\/2013\/03\/CE-Logo-2013.jpg","contentUrl":"https:\/\/content.carib-export.com\/wp-content\/uploads\/2013\/03\/CE-Logo-2013.jpg","width":1024,"height":244,"caption":"Agencia de Desarrollo de Exportaciones del Caribe"},"image":{"@id":"https:\/\/content.carib-export.com\/es\/#\/schema\/logo\/image\/"},"sameAs":["https:\/\/www.facebook.com\/CaribbeanExport","https:\/\/x.com\/CaribXport","https:\/\/www.instagram.com\/caribbeanexport","https:\/\/www.linkedin.com\/company\/caribbeanexport","https:\/\/www.youtube.com\/user\/TheCaribbeanExport"]}]}},"_links":{"self":[{"href":"https:\/\/content.carib-export.com\/es\/wp-json\/wp\/v2\/pages\/280775","targetHints":{"allow":["GET"]}}],"collection":[{"href":"https:\/\/content.carib-export.com\/es\/wp-json\/wp\/v2\/pages"}],"about":[{"href":"https:\/\/content.carib-export.com\/es\/wp-json\/wp\/v2\/types\/page"}],"author":[{"embeddable":true,"href":"https:\/\/content.carib-export.com\/es\/wp-json\/wp\/v2\/users\/10"}],"replies":[{"embeddable":true,"href":"https:\/\/content.carib-export.com\/es\/wp-json\/wp\/v2\/comments?post=280775"}],"version-history":[{"count":0,"href":"https:\/\/content.carib-export.com\/es\/wp-json\/wp\/v2\/pages\/280775\/revisions"}],"up":[{"embeddable":true,"href":"https:\/\/content.carib-export.com\/es\/wp-json\/wp\/v2\/pages\/270187"}],"wp:featuredmedia":[{"embeddable":true,"href":"https:\/\/content.carib-export.com\/es\/wp-json\/wp\/v2\/media\/249467"}],"wp:attachment":[{"href":"https:\/\/content.carib-export.com\/es\/wp-json\/wp\/v2\/media?parent=280775"}],"wp:term":[{"taxonomy":"post_tag","embeddable":true,"href":"https:\/\/content.carib-export.com\/es\/wp-json\/wp\/v2\/tags?post=280775"}],"curies":[{"name":"wp","href":"https:\/\/api.w.org\/{rel}","templated":true}]}}