{"id":280796,"date":"2017-05-08T11:03:50","date_gmt":"2017-05-08T15:03:50","guid":{"rendered":"https:\/\/content.carib-export.com\/exporters\/funding\/angel-investing\/link-caribbean-2\/"},"modified":"2025-02-06T11:19:07","modified_gmt":"2025-02-06T15:19:07","slug":"link-caribbean-2","status":"publish","type":"page","link":"https:\/\/content.carib-export.com\/es\/resources\/funding\/angel-investing\/link-caribbean-2\/","title":{"rendered":"LINK-Caribe"},"content":{"rendered":"\n<p>LINK-Caribbean ayuda a las empresas emergentes a recaudar dinero en el Caribe, mejorando el acceso al capital que tanto se necesita.<\/p>\n\n<p>LINK-Caribbean tiene dos objetivos principales:<\/p>\n\n<ul class=\"wp-block-list\"><li>permitir a los empresarios obtener capital de inversores privados, principalmente inversores privados,<\/li><li>desarrollar una comunidad de inversi\u00f3n en etapa temprana pancaribe\u00f1a, con un enfoque en inversionistas \u00e1ngeles en la regi\u00f3n, inversionistas institucionales e inversionistas de la di\u00e1spora a trav\u00e9s de la creaci\u00f3n de una Red de Business Angel del Caribe (CBAN).<\/li><\/ul>\n\n<p>En el Caribe, las empresas en etapa inicial y de crecimiento desempe\u00f1an un papel fundamental en el desarrollo econ\u00f3mico y social sostenible. Fomentan el crecimiento, la innovaci\u00f3n y la prosperidad y son flexibles y r\u00e1pidos para responder a los cambios del mercado, como la evoluci\u00f3n de los gustos de los consumidores. Este es un activo importante en una econom\u00eda globalizada donde los consumidores son cada vez m\u00e1s conscientes e informados, y cada vez m\u00e1s en busca de bienes y servicios m\u00e1s personalizados.<\/p>\n\n<p><a href=\"http:\/\/link-caribbean.com\/\" target=\"_blank\" rel=\"noopener noreferrer\">Visite nuestro sitio web LINK-Caribbean para obtener m\u00e1s informaci\u00f3n sobre el programa y unirse a CBAN<\/a><\/p>\n\n<p>LINK-Caribbean es un proyecto de facilitaci\u00f3n de inversiones que tiene como objetivo mejorar el acceso de los empresarios al capital que tanto necesitan con dos objetivos principales: 1) permitir a los empresarios obtener capital de inversores privados, principalmente inversores providenciales, y 2) desarrollar una comunidad de inversi\u00f3n pancaribe\u00f1a en etapa inicial, con un enfoque en inversionistas \u00e1ngeles en la regi\u00f3n, inversionistas institucionales e inversionistas de la di\u00e1spora a trav\u00e9s de la creaci\u00f3n de una Red de Business Angel del Caribe (CBAN).<\/p>\n\n<p>En el Caribe, las empresas en etapa inicial y de crecimiento desempe\u00f1an un papel fundamental en el desarrollo econ\u00f3mico y social sostenible. Fomentan el crecimiento, la innovaci\u00f3n y la prosperidad y son flexibles y r\u00e1pidos para responder a los cambios del mercado, como la evoluci\u00f3n de los gustos de los consumidores. Este es un activo importante en una econom\u00eda globalizada donde los consumidores son cada vez m\u00e1s conscientes e informados, y cada vez m\u00e1s en busca de bienes y servicios m\u00e1s personalizados.<\/p>\n\n<p>El mandato de Caribbean Export se refiere al aumento de la competitividad de los pa\u00edses del Caribe centr\u00e1ndose en el desarrollo impulsado por las exportaciones y la promoci\u00f3n de inversiones. Un componente clave de esto es aumentar el acceso a la financiaci\u00f3n para el sector privado. En las econom\u00edas desarrolladas y emergentes, el financiamiento de capital privado, particularmente la inversi\u00f3n \u00e1ngel, ha desempe\u00f1ado un papel importante en el aumento del \u00e9xito de las empresas, especialmente aquellas en las primeras etapas de desarrollo. En el Caribe ha habido un crecimiento significativo en iniciativas que apoyan el desarrollo empresarial, como incubadoras y aceleradoras. Tambi\u00e9n ha habido un cambio en los servicios de apoyo empresarial general a trabajar personalmente con los empresarios.<\/p>\n\n<p>Es en este contexto que la Agencia de Desarrollo de las Exportaciones del Caribe, junto con el Grupo del Banco Mundial, ha desarrollado LINK-Caribbean.<\/p>\n","protected":false},"excerpt":{"rendered":"<p>LINK-Caribbean ayuda a las empresas emergentes a recaudar dinero en el Caribe, mejorando el acceso al capital que tanto se necesita. LINK-Caribbean tiene dos objetivos principales: permitir a los empresarios obtener capital de inversores privados, principalmente inversores privados, desarrollar una comunidad de inversi\u00f3n en etapa temprana pancaribe\u00f1a, con un enfoque en inversionistas \u00e1ngeles en la [&hellip;]<\/p>\n","protected":false},"author":3,"featured_media":0,"parent":270187,"menu_order":0,"comment_status":"closed","ping_status":"closed","template":"","meta":{"_acf_changed":false,"inline_featured_image":false,"footnotes":""},"tags":[],"class_list":["post-280796","page","type-page","status-publish","hentry"],"acf":[],"yoast_head":"<!-- This site is optimized with the Yoast SEO plugin v27.1.1 - https:\/\/yoast.com\/product\/yoast-seo-wordpress\/ -->\n<title>LINK-Caribe - nombre del Exportaci\u00f3n del Caribe<\/title>\n<meta name=\"robots\" content=\"index, follow, max-snippet:-1, max-image-preview:large, max-video-preview:-1\" \/>\n<link rel=\"canonical\" href=\"https:\/\/content.carib-export.com\/es\/resources\/funding\/angel-investing\/link-caribbean-2\/\" \/>\n<meta property=\"og:locale\" content=\"es_ES\" \/>\n<meta property=\"og:type\" content=\"article\" \/>\n<meta property=\"og:title\" content=\"LINK-Caribe - nombre del Exportaci\u00f3n del Caribe\" \/>\n<meta property=\"og:description\" content=\"LINK-Caribbean ayuda a las empresas emergentes a recaudar dinero en el Caribe, mejorando el acceso al capital que tanto se necesita. LINK-Caribbean tiene dos objetivos principales: permitir a los empresarios obtener capital de inversores privados, principalmente inversores privados, desarrollar una comunidad de inversi\u00f3n en etapa temprana pancaribe\u00f1a, con un enfoque en inversionistas \u00e1ngeles en la [&hellip;]\" \/>\n<meta property=\"og:url\" content=\"https:\/\/content.carib-export.com\/es\/resources\/funding\/angel-investing\/link-caribbean-2\/\" \/>\n<meta property=\"og:site_name\" content=\"Exportaci\u00f3n del Caribe\" \/>\n<meta property=\"article:publisher\" content=\"https:\/\/www.facebook.com\/CaribbeanExport\" \/>\n<meta property=\"article:modified_time\" content=\"2025-02-06T15:19:07+00:00\" \/>\n<meta property=\"og:image\" content=\"https:\/\/content.carib-export.com\/wp-content\/uploads\/2019\/06\/CEDA-default-square.jpg\" \/>\n\t<meta property=\"og:image:width\" content=\"1000\" \/>\n\t<meta property=\"og:image:height\" content=\"1000\" \/>\n\t<meta property=\"og:image:type\" content=\"image\/jpeg\" \/>\n<meta name=\"twitter:card\" content=\"summary_large_image\" \/>\n<meta name=\"twitter:site\" content=\"@CaribXport\" \/>\n<meta name=\"twitter:label1\" content=\"Tiempo de lectura\" \/>\n\t<meta name=\"twitter:data1\" content=\"3 minutos\" \/>\n<script type=\"application\/ld+json\" class=\"yoast-schema-graph\">{\"@context\":\"https:\/\/schema.org\",\"@graph\":[{\"@type\":\"WebPage\",\"@id\":\"https:\/\/content.carib-export.com\/es\/resources\/funding\/angel-investing\/link-caribbean-2\/\",\"url\":\"https:\/\/content.carib-export.com\/es\/resources\/funding\/angel-investing\/link-caribbean-2\/\",\"name\":\"LINK-Caribe - nombre del Exportaci\u00f3n del Caribe\",\"isPartOf\":{\"@id\":\"https:\/\/content.carib-export.com\/es\/#website\"},\"datePublished\":\"2017-05-08T15:03:50+00:00\",\"dateModified\":\"2025-02-06T15:19:07+00:00\",\"breadcrumb\":{\"@id\":\"https:\/\/content.carib-export.com\/es\/resources\/funding\/angel-investing\/link-caribbean-2\/#breadcrumb\"},\"inLanguage\":\"es\",\"potentialAction\":[{\"@type\":\"ReadAction\",\"target\":[\"https:\/\/content.carib-export.com\/es\/resources\/funding\/angel-investing\/link-caribbean-2\/\"]}]},{\"@type\":\"BreadcrumbList\",\"@id\":\"https:\/\/content.carib-export.com\/es\/resources\/funding\/angel-investing\/link-caribbean-2\/#breadcrumb\",\"itemListElement\":[{\"@type\":\"ListItem\",\"position\":1,\"name\":\"Casa\",\"item\":\"https:\/\/content.carib-export.com\/es\/home\/\"},{\"@type\":\"ListItem\",\"position\":2,\"name\":\"Recursos\",\"item\":\"https:\/\/content.carib-export.com\/es\/resources\/\"},{\"@type\":\"ListItem\",\"position\":3,\"name\":\"Subvenci\u00f3n\",\"item\":\"https:\/\/content.carib-export.com\/es\/resources\/funding\/\"},{\"@type\":\"ListItem\",\"position\":4,\"name\":\"\u00c1ngel invirtiendo\",\"item\":\"https:\/\/content.carib-export.com\/es\/resources\/funding\/angel-investing\/\"},{\"@type\":\"ListItem\",\"position\":5,\"name\":\"LINK-Caribe\"}]},{\"@type\":\"WebSite\",\"@id\":\"https:\/\/content.carib-export.com\/es\/#website\",\"url\":\"https:\/\/content.carib-export.com\/es\/\",\"name\":\"Exportaci\u00f3n del Caribe\",\"description\":\"La \u00fanica agencia regional de promoci\u00f3n del comercio y las inversiones en el grupo de \u00c1frica, el Caribe y el Pac\u00edfico.\",\"publisher\":{\"@id\":\"https:\/\/content.carib-export.com\/es\/#organization\"},\"potentialAction\":[{\"@type\":\"SearchAction\",\"target\":{\"@type\":\"EntryPoint\",\"urlTemplate\":\"https:\/\/content.carib-export.com\/es\/?s={search_term_string}\"},\"query-input\":{\"@type\":\"PropertyValueSpecification\",\"valueRequired\":true,\"valueName\":\"search_term_string\"}}],\"inLanguage\":\"es\"},{\"@type\":\"Organization\",\"@id\":\"https:\/\/content.carib-export.com\/es\/#organization\",\"name\":\"Agencia de Desarrollo de Exportaciones del Caribe\",\"url\":\"https:\/\/content.carib-export.com\/es\/\",\"logo\":{\"@type\":\"ImageObject\",\"inLanguage\":\"es\",\"@id\":\"https:\/\/content.carib-export.com\/es\/#\/schema\/logo\/image\/\",\"url\":\"https:\/\/content.carib-export.com\/wp-content\/uploads\/2013\/03\/CE-Logo-2013.jpg\",\"contentUrl\":\"https:\/\/content.carib-export.com\/wp-content\/uploads\/2013\/03\/CE-Logo-2013.jpg\",\"width\":1024,\"height\":244,\"caption\":\"Agencia de Desarrollo de Exportaciones del Caribe\"},\"image\":{\"@id\":\"https:\/\/content.carib-export.com\/es\/#\/schema\/logo\/image\/\"},\"sameAs\":[\"https:\/\/www.facebook.com\/CaribbeanExport\",\"https:\/\/x.com\/CaribXport\",\"https:\/\/www.instagram.com\/caribbeanexport\",\"https:\/\/www.linkedin.com\/company\/caribbeanexport\",\"https:\/\/www.youtube.com\/user\/TheCaribbeanExport\"]}]}<\/script>\n<!-- \/ Yoast SEO plugin. -->","yoast_head_json":{"title":"LINK-Caribe - nombre del Exportaci\u00f3n del Caribe","robots":{"index":"index","follow":"follow","max-snippet":"max-snippet:-1","max-image-preview":"max-image-preview:large","max-video-preview":"max-video-preview:-1"},"canonical":"https:\/\/content.carib-export.com\/es\/resources\/funding\/angel-investing\/link-caribbean-2\/","og_locale":"es_ES","og_type":"article","og_title":"LINK-Caribe - nombre del Exportaci\u00f3n del Caribe","og_description":"LINK-Caribbean ayuda a las empresas emergentes a recaudar dinero en el Caribe, mejorando el acceso al capital que tanto se necesita. LINK-Caribbean tiene dos objetivos principales: permitir a los empresarios obtener capital de inversores privados, principalmente inversores privados, desarrollar una comunidad de inversi\u00f3n en etapa temprana pancaribe\u00f1a, con un enfoque en inversionistas \u00e1ngeles en la [&hellip;]","og_url":"https:\/\/content.carib-export.com\/es\/resources\/funding\/angel-investing\/link-caribbean-2\/","og_site_name":"Exportaci\u00f3n del Caribe","article_publisher":"https:\/\/www.facebook.com\/CaribbeanExport","article_modified_time":"2025-02-06T15:19:07+00:00","og_image":[{"width":1000,"height":1000,"url":"https:\/\/content.carib-export.com\/wp-content\/uploads\/2019\/06\/CEDA-default-square.jpg","type":"image\/jpeg"}],"twitter_card":"summary_large_image","twitter_site":"@CaribXport","twitter_misc":{"Tiempo de lectura":"3 minutos"},"schema":{"@context":"https:\/\/schema.org","@graph":[{"@type":"WebPage","@id":"https:\/\/content.carib-export.com\/es\/resources\/funding\/angel-investing\/link-caribbean-2\/","url":"https:\/\/content.carib-export.com\/es\/resources\/funding\/angel-investing\/link-caribbean-2\/","name":"LINK-Caribe - nombre del Exportaci\u00f3n del Caribe","isPartOf":{"@id":"https:\/\/content.carib-export.com\/es\/#website"},"datePublished":"2017-05-08T15:03:50+00:00","dateModified":"2025-02-06T15:19:07+00:00","breadcrumb":{"@id":"https:\/\/content.carib-export.com\/es\/resources\/funding\/angel-investing\/link-caribbean-2\/#breadcrumb"},"inLanguage":"es","potentialAction":[{"@type":"ReadAction","target":["https:\/\/content.carib-export.com\/es\/resources\/funding\/angel-investing\/link-caribbean-2\/"]}]},{"@type":"BreadcrumbList","@id":"https:\/\/content.carib-export.com\/es\/resources\/funding\/angel-investing\/link-caribbean-2\/#breadcrumb","itemListElement":[{"@type":"ListItem","position":1,"name":"Casa","item":"https:\/\/content.carib-export.com\/es\/home\/"},{"@type":"ListItem","position":2,"name":"Recursos","item":"https:\/\/content.carib-export.com\/es\/resources\/"},{"@type":"ListItem","position":3,"name":"Subvenci\u00f3n","item":"https:\/\/content.carib-export.com\/es\/resources\/funding\/"},{"@type":"ListItem","position":4,"name":"\u00c1ngel invirtiendo","item":"https:\/\/content.carib-export.com\/es\/resources\/funding\/angel-investing\/"},{"@type":"ListItem","position":5,"name":"LINK-Caribe"}]},{"@type":"WebSite","@id":"https:\/\/content.carib-export.com\/es\/#website","url":"https:\/\/content.carib-export.com\/es\/","name":"Exportaci\u00f3n del Caribe","description":"La \u00fanica agencia regional de promoci\u00f3n del comercio y las inversiones en el grupo de \u00c1frica, el Caribe y el Pac\u00edfico.","publisher":{"@id":"https:\/\/content.carib-export.com\/es\/#organization"},"potentialAction":[{"@type":"SearchAction","target":{"@type":"EntryPoint","urlTemplate":"https:\/\/content.carib-export.com\/es\/?s={search_term_string}"},"query-input":{"@type":"PropertyValueSpecification","valueRequired":true,"valueName":"search_term_string"}}],"inLanguage":"es"},{"@type":"Organization","@id":"https:\/\/content.carib-export.com\/es\/#organization","name":"Agencia de Desarrollo de Exportaciones del Caribe","url":"https:\/\/content.carib-export.com\/es\/","logo":{"@type":"ImageObject","inLanguage":"es","@id":"https:\/\/content.carib-export.com\/es\/#\/schema\/logo\/image\/","url":"https:\/\/content.carib-export.com\/wp-content\/uploads\/2013\/03\/CE-Logo-2013.jpg","contentUrl":"https:\/\/content.carib-export.com\/wp-content\/uploads\/2013\/03\/CE-Logo-2013.jpg","width":1024,"height":244,"caption":"Agencia de Desarrollo de Exportaciones del Caribe"},"image":{"@id":"https:\/\/content.carib-export.com\/es\/#\/schema\/logo\/image\/"},"sameAs":["https:\/\/www.facebook.com\/CaribbeanExport","https:\/\/x.com\/CaribXport","https:\/\/www.instagram.com\/caribbeanexport","https:\/\/www.linkedin.com\/company\/caribbeanexport","https:\/\/www.youtube.com\/user\/TheCaribbeanExport"]}]}},"_links":{"self":[{"href":"https:\/\/content.carib-export.com\/es\/wp-json\/wp\/v2\/pages\/280796","targetHints":{"allow":["GET"]}}],"collection":[{"href":"https:\/\/content.carib-export.com\/es\/wp-json\/wp\/v2\/pages"}],"about":[{"href":"https:\/\/content.carib-export.com\/es\/wp-json\/wp\/v2\/types\/page"}],"author":[{"embeddable":true,"href":"https:\/\/content.carib-export.com\/es\/wp-json\/wp\/v2\/users\/3"}],"replies":[{"embeddable":true,"href":"https:\/\/content.carib-export.com\/es\/wp-json\/wp\/v2\/comments?post=280796"}],"version-history":[{"count":0,"href":"https:\/\/content.carib-export.com\/es\/wp-json\/wp\/v2\/pages\/280796\/revisions"}],"up":[{"embeddable":true,"href":"https:\/\/content.carib-export.com\/es\/wp-json\/wp\/v2\/pages\/270187"}],"wp:attachment":[{"href":"https:\/\/content.carib-export.com\/es\/wp-json\/wp\/v2\/media?parent=280796"}],"wp:term":[{"taxonomy":"post_tag","embeddable":true,"href":"https:\/\/content.carib-export.com\/es\/wp-json\/wp\/v2\/tags?post=280796"}],"curies":[{"name":"wp","href":"https:\/\/api.w.org\/{rel}","templated":true}]}}