{"id":280865,"date":"2016-06-29T15:47:23","date_gmt":"2016-06-29T19:47:23","guid":{"rendered":"https:\/\/content.carib-export.com\/exporters\/funding\/angel-investing\/what-is-angel-investing\/"},"modified":"2025-02-06T11:29:54","modified_gmt":"2025-02-06T15:29:54","slug":"what-is-angel-investing","status":"publish","type":"page","link":"https:\/\/content.carib-export.com\/es\/resources\/funding\/angel-investing\/what-is-angel-investing\/","title":{"rendered":"\u00bfQu\u00e9 es la inversi\u00f3n \u00e1ngel?"},"content":{"rendered":"\n<p class=\"has-text-align-center\"><strong>UNA COMUNIDAD DONDE LOS INVERSORES PUEDEN CONECTARSE CON LAS PEQUE\u00d1AS Y MEDIANAS EMPRESAS DEL CARIBE<\/strong><\/p>\n\n<p>La inversi\u00f3n \u00e1ngel generalmente involucra a personas de alto patrimonio neto (empresarios exitosos, industriales, ejecutivos corporativos\/comerciales e inversores) que invierten su propio capital y tiempo en empresas nuevas y en etapa inicial, con el objetivo de obtener un rendimiento financiero y contribuir al desarrollo de comunidades emprendedoras.<\/p>\n\n<p>A nivel mundial, tanto en los pa\u00edses desarrollados como cada vez m\u00e1s en los pa\u00edses en desarrollo, la inversi\u00f3n \u00e1ngel suele ser una forma favorable de capital para las empresas iniciales y en etapa inicial, ya que los \u00e1ngeles generalmente comprenden los riesgos inherentes asociados con las empresas en etapa inicial y tienen una mayor tolerancia al riesgo. . Adem\u00e1s, los inversionistas \u00e1ngeles pueden agregar un conjunto de apoyo no financiero a las empresas dirigidas por emprendedores.<\/p>\n\n<div class=\"wp-block-buttons is-layout-flex wp-block-buttons-is-layout-flex\">\n<div class=\"wp-block-button has-custom-font-size is-style-outline has-medium-font-size is-style-outline--2\"><a class=\"wp-block-button__link wp-element-button\" href=\"mailto:dsinanan@carib-export.com\" style=\"border-radius:0px\" target=\"_blank\" rel=\"noreferrer noopener\">Haga clic aqu\u00ed para unirse a Caribbean Business Angel Network<\/a><\/div>\n<\/div>\n","protected":false},"excerpt":{"rendered":"<p>UNA COMUNIDAD DONDE LOS INVERSORES PUEDEN CONECTARSE CON LAS PEQUE\u00d1AS Y MEDIANAS EMPRESAS DEL CARIBE La inversi\u00f3n \u00e1ngel generalmente involucra a personas de alto patrimonio neto (empresarios exitosos, industriales, ejecutivos corporativos\/comerciales e inversores) que invierten su propio capital y tiempo en empresas nuevas y en etapa inicial, con el objetivo de obtener un rendimiento financiero [&hellip;]<\/p>\n","protected":false},"author":3,"featured_media":0,"parent":270187,"menu_order":0,"comment_status":"closed","ping_status":"closed","template":"","meta":{"_acf_changed":false,"inline_featured_image":false,"footnotes":""},"tags":[15327,15330],"class_list":["post-280865","page","type-page","status-publish","hentry","tag-angel-investing-es","tag-cban-es"],"acf":[],"yoast_head":"<!-- This site is optimized with the Yoast SEO plugin v27.1.1 - https:\/\/yoast.com\/product\/yoast-seo-wordpress\/ -->\n<title>\u00bfQu\u00e9 es la inversi\u00f3n \u00e1ngel? - nombre del Exportaci\u00f3n del Caribe<\/title>\n<meta name=\"robots\" content=\"index, follow, max-snippet:-1, max-image-preview:large, max-video-preview:-1\" \/>\n<link rel=\"canonical\" href=\"https:\/\/content.carib-export.com\/es\/resources\/funding\/angel-investing\/what-is-angel-investing\/\" \/>\n<meta property=\"og:locale\" content=\"es_ES\" \/>\n<meta property=\"og:type\" content=\"article\" \/>\n<meta property=\"og:title\" content=\"\u00bfQu\u00e9 es la inversi\u00f3n \u00e1ngel? - nombre del Exportaci\u00f3n del Caribe\" \/>\n<meta property=\"og:description\" content=\"UNA COMUNIDAD DONDE LOS INVERSORES PUEDEN CONECTARSE CON LAS PEQUE\u00d1AS Y MEDIANAS EMPRESAS DEL CARIBE La inversi\u00f3n \u00e1ngel generalmente involucra a personas de alto patrimonio neto (empresarios exitosos, industriales, ejecutivos corporativos\/comerciales e inversores) que invierten su propio capital y tiempo en empresas nuevas y en etapa inicial, con el objetivo de obtener un rendimiento financiero [&hellip;]\" \/>\n<meta property=\"og:url\" content=\"https:\/\/content.carib-export.com\/es\/resources\/funding\/angel-investing\/what-is-angel-investing\/\" \/>\n<meta property=\"og:site_name\" content=\"Exportaci\u00f3n del Caribe\" \/>\n<meta property=\"article:publisher\" content=\"https:\/\/www.facebook.com\/CaribbeanExport\" \/>\n<meta property=\"article:modified_time\" content=\"2025-02-06T15:29:54+00:00\" \/>\n<meta property=\"og:image\" content=\"https:\/\/content.carib-export.com\/wp-content\/uploads\/2019\/06\/CEDA-default-square.jpg\" \/>\n\t<meta property=\"og:image:width\" content=\"1000\" \/>\n\t<meta property=\"og:image:height\" content=\"1000\" \/>\n\t<meta property=\"og:image:type\" content=\"image\/jpeg\" \/>\n<meta name=\"twitter:card\" content=\"summary_large_image\" \/>\n<meta name=\"twitter:site\" content=\"@CaribXport\" \/>\n<meta name=\"twitter:label1\" content=\"Tiempo de lectura\" \/>\n\t<meta name=\"twitter:data1\" content=\"1 minuto\" \/>\n<script type=\"application\/ld+json\" class=\"yoast-schema-graph\">{\"@context\":\"https:\/\/schema.org\",\"@graph\":[{\"@type\":\"WebPage\",\"@id\":\"https:\/\/content.carib-export.com\/es\/resources\/funding\/angel-investing\/what-is-angel-investing\/\",\"url\":\"https:\/\/content.carib-export.com\/es\/resources\/funding\/angel-investing\/what-is-angel-investing\/\",\"name\":\"\u00bfQu\u00e9 es la inversi\u00f3n \u00e1ngel? - nombre del Exportaci\u00f3n del Caribe\",\"isPartOf\":{\"@id\":\"https:\/\/content.carib-export.com\/es\/#website\"},\"datePublished\":\"2016-06-29T19:47:23+00:00\",\"dateModified\":\"2025-02-06T15:29:54+00:00\",\"breadcrumb\":{\"@id\":\"https:\/\/content.carib-export.com\/es\/resources\/funding\/angel-investing\/what-is-angel-investing\/#breadcrumb\"},\"inLanguage\":\"es\",\"potentialAction\":[{\"@type\":\"ReadAction\",\"target\":[\"https:\/\/content.carib-export.com\/es\/resources\/funding\/angel-investing\/what-is-angel-investing\/\"]}]},{\"@type\":\"BreadcrumbList\",\"@id\":\"https:\/\/content.carib-export.com\/es\/resources\/funding\/angel-investing\/what-is-angel-investing\/#breadcrumb\",\"itemListElement\":[{\"@type\":\"ListItem\",\"position\":1,\"name\":\"Casa\",\"item\":\"https:\/\/content.carib-export.com\/es\/home\/\"},{\"@type\":\"ListItem\",\"position\":2,\"name\":\"Recursos\",\"item\":\"https:\/\/content.carib-export.com\/es\/resources\/\"},{\"@type\":\"ListItem\",\"position\":3,\"name\":\"Subvenci\u00f3n\",\"item\":\"https:\/\/content.carib-export.com\/es\/resources\/funding\/\"},{\"@type\":\"ListItem\",\"position\":4,\"name\":\"\u00c1ngel invirtiendo\",\"item\":\"https:\/\/content.carib-export.com\/es\/resources\/funding\/angel-investing\/\"},{\"@type\":\"ListItem\",\"position\":5,\"name\":\"\u00bfQu\u00e9 es la inversi\u00f3n \u00e1ngel?\"}]},{\"@type\":\"WebSite\",\"@id\":\"https:\/\/content.carib-export.com\/es\/#website\",\"url\":\"https:\/\/content.carib-export.com\/es\/\",\"name\":\"Exportaci\u00f3n del Caribe\",\"description\":\"La \u00fanica agencia regional de promoci\u00f3n del comercio y las inversiones en el grupo de \u00c1frica, el Caribe y el Pac\u00edfico.\",\"publisher\":{\"@id\":\"https:\/\/content.carib-export.com\/es\/#organization\"},\"potentialAction\":[{\"@type\":\"SearchAction\",\"target\":{\"@type\":\"EntryPoint\",\"urlTemplate\":\"https:\/\/content.carib-export.com\/es\/?s={search_term_string}\"},\"query-input\":{\"@type\":\"PropertyValueSpecification\",\"valueRequired\":true,\"valueName\":\"search_term_string\"}}],\"inLanguage\":\"es\"},{\"@type\":\"Organization\",\"@id\":\"https:\/\/content.carib-export.com\/es\/#organization\",\"name\":\"Agencia de Desarrollo de Exportaciones del Caribe\",\"url\":\"https:\/\/content.carib-export.com\/es\/\",\"logo\":{\"@type\":\"ImageObject\",\"inLanguage\":\"es\",\"@id\":\"https:\/\/content.carib-export.com\/es\/#\/schema\/logo\/image\/\",\"url\":\"https:\/\/content.carib-export.com\/wp-content\/uploads\/2013\/03\/CE-Logo-2013.jpg\",\"contentUrl\":\"https:\/\/content.carib-export.com\/wp-content\/uploads\/2013\/03\/CE-Logo-2013.jpg\",\"width\":1024,\"height\":244,\"caption\":\"Agencia de Desarrollo de Exportaciones del Caribe\"},\"image\":{\"@id\":\"https:\/\/content.carib-export.com\/es\/#\/schema\/logo\/image\/\"},\"sameAs\":[\"https:\/\/www.facebook.com\/CaribbeanExport\",\"https:\/\/x.com\/CaribXport\",\"https:\/\/www.instagram.com\/caribbeanexport\",\"https:\/\/www.linkedin.com\/company\/caribbeanexport\",\"https:\/\/www.youtube.com\/user\/TheCaribbeanExport\"]}]}<\/script>\n<!-- \/ Yoast SEO plugin. -->","yoast_head_json":{"title":"\u00bfQu\u00e9 es la inversi\u00f3n \u00e1ngel? - nombre del Exportaci\u00f3n del Caribe","robots":{"index":"index","follow":"follow","max-snippet":"max-snippet:-1","max-image-preview":"max-image-preview:large","max-video-preview":"max-video-preview:-1"},"canonical":"https:\/\/content.carib-export.com\/es\/resources\/funding\/angel-investing\/what-is-angel-investing\/","og_locale":"es_ES","og_type":"article","og_title":"\u00bfQu\u00e9 es la inversi\u00f3n \u00e1ngel? - nombre del Exportaci\u00f3n del Caribe","og_description":"UNA COMUNIDAD DONDE LOS INVERSORES PUEDEN CONECTARSE CON LAS PEQUE\u00d1AS Y MEDIANAS EMPRESAS DEL CARIBE La inversi\u00f3n \u00e1ngel generalmente involucra a personas de alto patrimonio neto (empresarios exitosos, industriales, ejecutivos corporativos\/comerciales e inversores) que invierten su propio capital y tiempo en empresas nuevas y en etapa inicial, con el objetivo de obtener un rendimiento financiero [&hellip;]","og_url":"https:\/\/content.carib-export.com\/es\/resources\/funding\/angel-investing\/what-is-angel-investing\/","og_site_name":"Exportaci\u00f3n del Caribe","article_publisher":"https:\/\/www.facebook.com\/CaribbeanExport","article_modified_time":"2025-02-06T15:29:54+00:00","og_image":[{"width":1000,"height":1000,"url":"https:\/\/content.carib-export.com\/wp-content\/uploads\/2019\/06\/CEDA-default-square.jpg","type":"image\/jpeg"}],"twitter_card":"summary_large_image","twitter_site":"@CaribXport","twitter_misc":{"Tiempo de lectura":"1 minuto"},"schema":{"@context":"https:\/\/schema.org","@graph":[{"@type":"WebPage","@id":"https:\/\/content.carib-export.com\/es\/resources\/funding\/angel-investing\/what-is-angel-investing\/","url":"https:\/\/content.carib-export.com\/es\/resources\/funding\/angel-investing\/what-is-angel-investing\/","name":"\u00bfQu\u00e9 es la inversi\u00f3n \u00e1ngel? - nombre del Exportaci\u00f3n del Caribe","isPartOf":{"@id":"https:\/\/content.carib-export.com\/es\/#website"},"datePublished":"2016-06-29T19:47:23+00:00","dateModified":"2025-02-06T15:29:54+00:00","breadcrumb":{"@id":"https:\/\/content.carib-export.com\/es\/resources\/funding\/angel-investing\/what-is-angel-investing\/#breadcrumb"},"inLanguage":"es","potentialAction":[{"@type":"ReadAction","target":["https:\/\/content.carib-export.com\/es\/resources\/funding\/angel-investing\/what-is-angel-investing\/"]}]},{"@type":"BreadcrumbList","@id":"https:\/\/content.carib-export.com\/es\/resources\/funding\/angel-investing\/what-is-angel-investing\/#breadcrumb","itemListElement":[{"@type":"ListItem","position":1,"name":"Casa","item":"https:\/\/content.carib-export.com\/es\/home\/"},{"@type":"ListItem","position":2,"name":"Recursos","item":"https:\/\/content.carib-export.com\/es\/resources\/"},{"@type":"ListItem","position":3,"name":"Subvenci\u00f3n","item":"https:\/\/content.carib-export.com\/es\/resources\/funding\/"},{"@type":"ListItem","position":4,"name":"\u00c1ngel invirtiendo","item":"https:\/\/content.carib-export.com\/es\/resources\/funding\/angel-investing\/"},{"@type":"ListItem","position":5,"name":"\u00bfQu\u00e9 es la inversi\u00f3n \u00e1ngel?"}]},{"@type":"WebSite","@id":"https:\/\/content.carib-export.com\/es\/#website","url":"https:\/\/content.carib-export.com\/es\/","name":"Exportaci\u00f3n del Caribe","description":"La \u00fanica agencia regional de promoci\u00f3n del comercio y las inversiones en el grupo de \u00c1frica, el Caribe y el Pac\u00edfico.","publisher":{"@id":"https:\/\/content.carib-export.com\/es\/#organization"},"potentialAction":[{"@type":"SearchAction","target":{"@type":"EntryPoint","urlTemplate":"https:\/\/content.carib-export.com\/es\/?s={search_term_string}"},"query-input":{"@type":"PropertyValueSpecification","valueRequired":true,"valueName":"search_term_string"}}],"inLanguage":"es"},{"@type":"Organization","@id":"https:\/\/content.carib-export.com\/es\/#organization","name":"Agencia de Desarrollo de Exportaciones del Caribe","url":"https:\/\/content.carib-export.com\/es\/","logo":{"@type":"ImageObject","inLanguage":"es","@id":"https:\/\/content.carib-export.com\/es\/#\/schema\/logo\/image\/","url":"https:\/\/content.carib-export.com\/wp-content\/uploads\/2013\/03\/CE-Logo-2013.jpg","contentUrl":"https:\/\/content.carib-export.com\/wp-content\/uploads\/2013\/03\/CE-Logo-2013.jpg","width":1024,"height":244,"caption":"Agencia de Desarrollo de Exportaciones del Caribe"},"image":{"@id":"https:\/\/content.carib-export.com\/es\/#\/schema\/logo\/image\/"},"sameAs":["https:\/\/www.facebook.com\/CaribbeanExport","https:\/\/x.com\/CaribXport","https:\/\/www.instagram.com\/caribbeanexport","https:\/\/www.linkedin.com\/company\/caribbeanexport","https:\/\/www.youtube.com\/user\/TheCaribbeanExport"]}]}},"_links":{"self":[{"href":"https:\/\/content.carib-export.com\/es\/wp-json\/wp\/v2\/pages\/280865","targetHints":{"allow":["GET"]}}],"collection":[{"href":"https:\/\/content.carib-export.com\/es\/wp-json\/wp\/v2\/pages"}],"about":[{"href":"https:\/\/content.carib-export.com\/es\/wp-json\/wp\/v2\/types\/page"}],"author":[{"embeddable":true,"href":"https:\/\/content.carib-export.com\/es\/wp-json\/wp\/v2\/users\/3"}],"replies":[{"embeddable":true,"href":"https:\/\/content.carib-export.com\/es\/wp-json\/wp\/v2\/comments?post=280865"}],"version-history":[{"count":0,"href":"https:\/\/content.carib-export.com\/es\/wp-json\/wp\/v2\/pages\/280865\/revisions"}],"up":[{"embeddable":true,"href":"https:\/\/content.carib-export.com\/es\/wp-json\/wp\/v2\/pages\/270187"}],"wp:attachment":[{"href":"https:\/\/content.carib-export.com\/es\/wp-json\/wp\/v2\/media?parent=280865"}],"wp:term":[{"taxonomy":"post_tag","embeddable":true,"href":"https:\/\/content.carib-export.com\/es\/wp-json\/wp\/v2\/tags?post=280865"}],"curies":[{"name":"wp","href":"https:\/\/api.w.org\/{rel}","templated":true}]}}