{"id":280877,"date":"2016-06-29T15:49:46","date_gmt":"2016-06-29T19:49:46","guid":{"rendered":"https:\/\/content.carib-export.com\/exporters\/funding\/angel-investing\/what-makes-a-successful-business-angel\/"},"modified":"2025-02-06T11:37:52","modified_gmt":"2025-02-06T15:37:52","slug":"what-makes-a-successful-business-angel","status":"publish","type":"page","link":"https:\/\/content.carib-export.com\/es\/resources\/funding\/angel-investing\/what-makes-a-successful-business-angel\/","title":{"rendered":"\u00bfQu\u00e9 hace a un Business Angel exitoso?"},"content":{"rendered":"\n<p class=\"has-text-align-center\"><strong>UNA COMUNIDAD DONDE LOS INVERSORES PUEDEN CONECTARSE CON LAS PEQUE\u00d1AS Y MEDIANAS EMPRESAS DEL CARIBE<\/strong><\/p>\n\n<p>Encontrar la inversi\u00f3n adecuada puede ser un desaf\u00edo, aqu\u00ed hay una serie de factores a considerar que pueden aumentar la probabilidad de \u00e9xito:<\/p>\n\n<ul class=\"wp-block-list\">\n<li><strong>Tener la actitud correcta cuando se trata de riesgos.<\/strong> Si bien es posible obtener grandes ganancias, no olvide que podr\u00eda perder toda su inversi\u00f3n. Solo invierte si puedes permitirte perder.<\/li>\n\n\n\n<li><strong>La capacidad de repartir el riesgo.<\/strong> Un Business Angel exitoso a menudo tiene una cartera de 10 o m\u00e1s inversiones. Menos de diez inversiones podr\u00eda ser una cartera demasiado peque\u00f1a dada la alta probabilidad de fracaso de las transacciones individuales.<\/li>\n\n\n\n<li><strong>Diversificaci\u00f3n.<\/strong> Tener una cartera diversa es otro medio para distribuir el riesgo. Dado que la equidad es una inversi\u00f3n muy il\u00edquida: su capital podr\u00eda estar &#8216;bloqueado&#8217; durante muchos a\u00f1os. Por lo tanto, las inversiones \u00e1ngel no deber\u00edan representar m\u00e1s del 10 % de sus activos netos totales.<\/li>\n\n\n\n<li><strong>Investigaci\u00f3n<\/strong> La debida diligencia es fundamental a la hora de realizar inversiones. Los estudios han demostrado una correlaci\u00f3n directa entre el nivel de diligencia debida y el \u00e9xito de una inversi\u00f3n. Se ha visto que las inversiones en las que el inversor ha pasado al menos 20 horas en la debida diligencia experimentan significativamente menos fallas.<\/li>\n\n\n\n<li><strong>Paciencia.<\/strong> Est\u00e9 preparado para retrasos y fallas imprevistas. Los planes comerciales se revisar\u00e1n y las salidas rara vez tienen lugar cuando se planearon por primera vez y las buenas salidas tienden a llevar tiempo.<\/li>\n\n\n\n<li><strong>Planificaci\u00f3n.<\/strong> No se limite a esperar que las salidas sucedan: aseg\u00farese de que la empresa en la que invierte est\u00e9 trabajando para lograr una salida desde el primer d\u00eda.<\/li>\n\n\n\n<li><strong>Objetividad.<\/strong> Vincularse emocionalmente con una inversi\u00f3n fallida est\u00e1 relacionado con rendimientos bajos. A veces es mejor alejarse en lugar de invertir m\u00e1s dinero y tiempo en una inversi\u00f3n fallida.<\/li>\n\n\n\n<li><strong>Mantener efectivo en reserva<\/strong> . Para construir una cartera exitosa, es probable que implique rondas de inversi\u00f3n de seguimiento. Una buena regla general es permitir una reserva del 200% para inversiones de seguimiento.<\/li>\n<\/ul>\n\n<p><em>Por ejemplo, si est\u00e1 realizando inversiones individuales de $ 5000, deber\u00eda poder hacer un compromiso general de $ 150 000 (suponiendo una cartera de diez empresas con una reserva del 200 % para continuar con las inversiones) y tener un patrimonio neto general de $ 1,5 millones (de modo que las inversiones \u00e1ngel representan solo el 10% de sus activos totales).<\/em><\/p>\n\n<div style=\"height:40px\" aria-hidden=\"true\" class=\"wp-block-spacer\"><\/div>\n\n<div class=\"wp-block-buttons is-layout-flex wp-block-buttons-is-layout-flex\">\n<div class=\"wp-block-button has-custom-font-size is-style-outline has-medium-font-size is-style-outline--2\"><a class=\"wp-block-button__link wp-element-button\" href=\"mailto:dsinanan@carib-export.com\" style=\"border-radius:0px\" target=\"_blank\" rel=\"noreferrer noopener\">Haga clic aqu\u00ed para unirse a Caribbean Business Angel Network<\/a><\/div>\n<\/div>\n","protected":false},"excerpt":{"rendered":"<p>UNA COMUNIDAD DONDE LOS INVERSORES PUEDEN CONECTARSE CON LAS PEQUE\u00d1AS Y MEDIANAS EMPRESAS DEL CARIBE Encontrar la inversi\u00f3n adecuada puede ser un desaf\u00edo, aqu\u00ed hay una serie de factores a considerar que pueden aumentar la probabilidad de \u00e9xito: Por ejemplo, si est\u00e1 realizando inversiones individuales de $ 5000, deber\u00eda poder hacer un compromiso general de [&hellip;]<\/p>\n","protected":false},"author":3,"featured_media":0,"parent":270187,"menu_order":0,"comment_status":"closed","ping_status":"closed","template":"","meta":{"_acf_changed":false,"inline_featured_image":false,"footnotes":""},"tags":[15327,15330],"class_list":["post-280877","page","type-page","status-publish","hentry","tag-angel-investing-es","tag-cban-es"],"acf":[],"yoast_head":"<!-- This site is optimized with the Yoast SEO plugin v27.1.1 - https:\/\/yoast.com\/product\/yoast-seo-wordpress\/ -->\n<title>\u00bfQu\u00e9 hace a un Business Angel exitoso? - nombre del Exportaci\u00f3n del Caribe<\/title>\n<meta name=\"robots\" content=\"index, follow, max-snippet:-1, max-image-preview:large, max-video-preview:-1\" \/>\n<link rel=\"canonical\" href=\"https:\/\/content.carib-export.com\/es\/resources\/funding\/angel-investing\/what-makes-a-successful-business-angel\/\" \/>\n<meta property=\"og:locale\" content=\"es_ES\" \/>\n<meta property=\"og:type\" content=\"article\" \/>\n<meta property=\"og:title\" content=\"\u00bfQu\u00e9 hace a un Business Angel exitoso? - nombre del Exportaci\u00f3n del Caribe\" \/>\n<meta property=\"og:description\" content=\"UNA COMUNIDAD DONDE LOS INVERSORES PUEDEN CONECTARSE CON LAS PEQUE\u00d1AS Y MEDIANAS EMPRESAS DEL CARIBE Encontrar la inversi\u00f3n adecuada puede ser un desaf\u00edo, aqu\u00ed hay una serie de factores a considerar que pueden aumentar la probabilidad de \u00e9xito: Por ejemplo, si est\u00e1 realizando inversiones individuales de $ 5000, deber\u00eda poder hacer un compromiso general de [&hellip;]\" \/>\n<meta property=\"og:url\" content=\"https:\/\/content.carib-export.com\/es\/resources\/funding\/angel-investing\/what-makes-a-successful-business-angel\/\" \/>\n<meta property=\"og:site_name\" content=\"Exportaci\u00f3n del Caribe\" \/>\n<meta property=\"article:publisher\" content=\"https:\/\/www.facebook.com\/CaribbeanExport\" \/>\n<meta property=\"article:modified_time\" content=\"2025-02-06T15:37:52+00:00\" \/>\n<meta property=\"og:image\" content=\"https:\/\/content.carib-export.com\/wp-content\/uploads\/2019\/06\/CEDA-default-square.jpg\" \/>\n\t<meta property=\"og:image:width\" content=\"1000\" \/>\n\t<meta property=\"og:image:height\" content=\"1000\" \/>\n\t<meta property=\"og:image:type\" content=\"image\/jpeg\" \/>\n<meta name=\"twitter:card\" content=\"summary_large_image\" \/>\n<meta name=\"twitter:site\" content=\"@CaribXport\" \/>\n<meta name=\"twitter:label1\" content=\"Tiempo de lectura\" \/>\n\t<meta name=\"twitter:data1\" content=\"2 minutos\" \/>\n<script type=\"application\/ld+json\" class=\"yoast-schema-graph\">{\"@context\":\"https:\/\/schema.org\",\"@graph\":[{\"@type\":\"WebPage\",\"@id\":\"https:\/\/content.carib-export.com\/es\/resources\/funding\/angel-investing\/what-makes-a-successful-business-angel\/\",\"url\":\"https:\/\/content.carib-export.com\/es\/resources\/funding\/angel-investing\/what-makes-a-successful-business-angel\/\",\"name\":\"\u00bfQu\u00e9 hace a un Business Angel exitoso? - nombre del Exportaci\u00f3n del Caribe\",\"isPartOf\":{\"@id\":\"https:\/\/content.carib-export.com\/es\/#website\"},\"datePublished\":\"2016-06-29T19:49:46+00:00\",\"dateModified\":\"2025-02-06T15:37:52+00:00\",\"breadcrumb\":{\"@id\":\"https:\/\/content.carib-export.com\/es\/resources\/funding\/angel-investing\/what-makes-a-successful-business-angel\/#breadcrumb\"},\"inLanguage\":\"es\",\"potentialAction\":[{\"@type\":\"ReadAction\",\"target\":[\"https:\/\/content.carib-export.com\/es\/resources\/funding\/angel-investing\/what-makes-a-successful-business-angel\/\"]}]},{\"@type\":\"BreadcrumbList\",\"@id\":\"https:\/\/content.carib-export.com\/es\/resources\/funding\/angel-investing\/what-makes-a-successful-business-angel\/#breadcrumb\",\"itemListElement\":[{\"@type\":\"ListItem\",\"position\":1,\"name\":\"Casa\",\"item\":\"https:\/\/content.carib-export.com\/es\/home\/\"},{\"@type\":\"ListItem\",\"position\":2,\"name\":\"Recursos\",\"item\":\"https:\/\/content.carib-export.com\/es\/resources\/\"},{\"@type\":\"ListItem\",\"position\":3,\"name\":\"Subvenci\u00f3n\",\"item\":\"https:\/\/content.carib-export.com\/es\/resources\/funding\/\"},{\"@type\":\"ListItem\",\"position\":4,\"name\":\"\u00c1ngel invirtiendo\",\"item\":\"https:\/\/content.carib-export.com\/es\/resources\/funding\/angel-investing\/\"},{\"@type\":\"ListItem\",\"position\":5,\"name\":\"\u00bfQu\u00e9 hace a un Business Angel exitoso?\"}]},{\"@type\":\"WebSite\",\"@id\":\"https:\/\/content.carib-export.com\/es\/#website\",\"url\":\"https:\/\/content.carib-export.com\/es\/\",\"name\":\"Exportaci\u00f3n del Caribe\",\"description\":\"La \u00fanica agencia regional de promoci\u00f3n del comercio y las inversiones en el grupo de \u00c1frica, el Caribe y el Pac\u00edfico.\",\"publisher\":{\"@id\":\"https:\/\/content.carib-export.com\/es\/#organization\"},\"potentialAction\":[{\"@type\":\"SearchAction\",\"target\":{\"@type\":\"EntryPoint\",\"urlTemplate\":\"https:\/\/content.carib-export.com\/es\/?s={search_term_string}\"},\"query-input\":{\"@type\":\"PropertyValueSpecification\",\"valueRequired\":true,\"valueName\":\"search_term_string\"}}],\"inLanguage\":\"es\"},{\"@type\":\"Organization\",\"@id\":\"https:\/\/content.carib-export.com\/es\/#organization\",\"name\":\"Agencia de Desarrollo de Exportaciones del Caribe\",\"url\":\"https:\/\/content.carib-export.com\/es\/\",\"logo\":{\"@type\":\"ImageObject\",\"inLanguage\":\"es\",\"@id\":\"https:\/\/content.carib-export.com\/es\/#\/schema\/logo\/image\/\",\"url\":\"https:\/\/content.carib-export.com\/wp-content\/uploads\/2013\/03\/CE-Logo-2013.jpg\",\"contentUrl\":\"https:\/\/content.carib-export.com\/wp-content\/uploads\/2013\/03\/CE-Logo-2013.jpg\",\"width\":1024,\"height\":244,\"caption\":\"Agencia de Desarrollo de Exportaciones del Caribe\"},\"image\":{\"@id\":\"https:\/\/content.carib-export.com\/es\/#\/schema\/logo\/image\/\"},\"sameAs\":[\"https:\/\/www.facebook.com\/CaribbeanExport\",\"https:\/\/x.com\/CaribXport\",\"https:\/\/www.instagram.com\/caribbeanexport\",\"https:\/\/www.linkedin.com\/company\/caribbeanexport\",\"https:\/\/www.youtube.com\/user\/TheCaribbeanExport\"]}]}<\/script>\n<!-- \/ Yoast SEO plugin. -->","yoast_head_json":{"title":"\u00bfQu\u00e9 hace a un Business Angel exitoso? - nombre del Exportaci\u00f3n del Caribe","robots":{"index":"index","follow":"follow","max-snippet":"max-snippet:-1","max-image-preview":"max-image-preview:large","max-video-preview":"max-video-preview:-1"},"canonical":"https:\/\/content.carib-export.com\/es\/resources\/funding\/angel-investing\/what-makes-a-successful-business-angel\/","og_locale":"es_ES","og_type":"article","og_title":"\u00bfQu\u00e9 hace a un Business Angel exitoso? - nombre del Exportaci\u00f3n del Caribe","og_description":"UNA COMUNIDAD DONDE LOS INVERSORES PUEDEN CONECTARSE CON LAS PEQUE\u00d1AS Y MEDIANAS EMPRESAS DEL CARIBE Encontrar la inversi\u00f3n adecuada puede ser un desaf\u00edo, aqu\u00ed hay una serie de factores a considerar que pueden aumentar la probabilidad de \u00e9xito: Por ejemplo, si est\u00e1 realizando inversiones individuales de $ 5000, deber\u00eda poder hacer un compromiso general de [&hellip;]","og_url":"https:\/\/content.carib-export.com\/es\/resources\/funding\/angel-investing\/what-makes-a-successful-business-angel\/","og_site_name":"Exportaci\u00f3n del Caribe","article_publisher":"https:\/\/www.facebook.com\/CaribbeanExport","article_modified_time":"2025-02-06T15:37:52+00:00","og_image":[{"width":1000,"height":1000,"url":"https:\/\/content.carib-export.com\/wp-content\/uploads\/2019\/06\/CEDA-default-square.jpg","type":"image\/jpeg"}],"twitter_card":"summary_large_image","twitter_site":"@CaribXport","twitter_misc":{"Tiempo de lectura":"2 minutos"},"schema":{"@context":"https:\/\/schema.org","@graph":[{"@type":"WebPage","@id":"https:\/\/content.carib-export.com\/es\/resources\/funding\/angel-investing\/what-makes-a-successful-business-angel\/","url":"https:\/\/content.carib-export.com\/es\/resources\/funding\/angel-investing\/what-makes-a-successful-business-angel\/","name":"\u00bfQu\u00e9 hace a un Business Angel exitoso? - nombre del Exportaci\u00f3n del Caribe","isPartOf":{"@id":"https:\/\/content.carib-export.com\/es\/#website"},"datePublished":"2016-06-29T19:49:46+00:00","dateModified":"2025-02-06T15:37:52+00:00","breadcrumb":{"@id":"https:\/\/content.carib-export.com\/es\/resources\/funding\/angel-investing\/what-makes-a-successful-business-angel\/#breadcrumb"},"inLanguage":"es","potentialAction":[{"@type":"ReadAction","target":["https:\/\/content.carib-export.com\/es\/resources\/funding\/angel-investing\/what-makes-a-successful-business-angel\/"]}]},{"@type":"BreadcrumbList","@id":"https:\/\/content.carib-export.com\/es\/resources\/funding\/angel-investing\/what-makes-a-successful-business-angel\/#breadcrumb","itemListElement":[{"@type":"ListItem","position":1,"name":"Casa","item":"https:\/\/content.carib-export.com\/es\/home\/"},{"@type":"ListItem","position":2,"name":"Recursos","item":"https:\/\/content.carib-export.com\/es\/resources\/"},{"@type":"ListItem","position":3,"name":"Subvenci\u00f3n","item":"https:\/\/content.carib-export.com\/es\/resources\/funding\/"},{"@type":"ListItem","position":4,"name":"\u00c1ngel invirtiendo","item":"https:\/\/content.carib-export.com\/es\/resources\/funding\/angel-investing\/"},{"@type":"ListItem","position":5,"name":"\u00bfQu\u00e9 hace a un Business Angel exitoso?"}]},{"@type":"WebSite","@id":"https:\/\/content.carib-export.com\/es\/#website","url":"https:\/\/content.carib-export.com\/es\/","name":"Exportaci\u00f3n del Caribe","description":"La \u00fanica agencia regional de promoci\u00f3n del comercio y las inversiones en el grupo de \u00c1frica, el Caribe y el Pac\u00edfico.","publisher":{"@id":"https:\/\/content.carib-export.com\/es\/#organization"},"potentialAction":[{"@type":"SearchAction","target":{"@type":"EntryPoint","urlTemplate":"https:\/\/content.carib-export.com\/es\/?s={search_term_string}"},"query-input":{"@type":"PropertyValueSpecification","valueRequired":true,"valueName":"search_term_string"}}],"inLanguage":"es"},{"@type":"Organization","@id":"https:\/\/content.carib-export.com\/es\/#organization","name":"Agencia de Desarrollo de Exportaciones del Caribe","url":"https:\/\/content.carib-export.com\/es\/","logo":{"@type":"ImageObject","inLanguage":"es","@id":"https:\/\/content.carib-export.com\/es\/#\/schema\/logo\/image\/","url":"https:\/\/content.carib-export.com\/wp-content\/uploads\/2013\/03\/CE-Logo-2013.jpg","contentUrl":"https:\/\/content.carib-export.com\/wp-content\/uploads\/2013\/03\/CE-Logo-2013.jpg","width":1024,"height":244,"caption":"Agencia de Desarrollo de Exportaciones del Caribe"},"image":{"@id":"https:\/\/content.carib-export.com\/es\/#\/schema\/logo\/image\/"},"sameAs":["https:\/\/www.facebook.com\/CaribbeanExport","https:\/\/x.com\/CaribXport","https:\/\/www.instagram.com\/caribbeanexport","https:\/\/www.linkedin.com\/company\/caribbeanexport","https:\/\/www.youtube.com\/user\/TheCaribbeanExport"]}]}},"_links":{"self":[{"href":"https:\/\/content.carib-export.com\/es\/wp-json\/wp\/v2\/pages\/280877","targetHints":{"allow":["GET"]}}],"collection":[{"href":"https:\/\/content.carib-export.com\/es\/wp-json\/wp\/v2\/pages"}],"about":[{"href":"https:\/\/content.carib-export.com\/es\/wp-json\/wp\/v2\/types\/page"}],"author":[{"embeddable":true,"href":"https:\/\/content.carib-export.com\/es\/wp-json\/wp\/v2\/users\/3"}],"replies":[{"embeddable":true,"href":"https:\/\/content.carib-export.com\/es\/wp-json\/wp\/v2\/comments?post=280877"}],"version-history":[{"count":0,"href":"https:\/\/content.carib-export.com\/es\/wp-json\/wp\/v2\/pages\/280877\/revisions"}],"up":[{"embeddable":true,"href":"https:\/\/content.carib-export.com\/es\/wp-json\/wp\/v2\/pages\/270187"}],"wp:attachment":[{"href":"https:\/\/content.carib-export.com\/es\/wp-json\/wp\/v2\/media?parent=280877"}],"wp:term":[{"taxonomy":"post_tag","embeddable":true,"href":"https:\/\/content.carib-export.com\/es\/wp-json\/wp\/v2\/tags?post=280877"}],"curies":[{"name":"wp","href":"https:\/\/api.w.org\/{rel}","templated":true}]}}