{"id":280886,"date":"2016-06-29T15:46:36","date_gmt":"2016-06-29T19:46:36","guid":{"rendered":"https:\/\/content.carib-export.com\/exporters\/funding\/angel-investing\/why-have-an-angel-network\/"},"modified":"2025-02-06T11:46:18","modified_gmt":"2025-02-06T15:46:18","slug":"why-have-an-angel-network","status":"publish","type":"page","link":"https:\/\/content.carib-export.com\/es\/resources\/funding\/angel-investing\/why-have-an-angel-network\/","title":{"rendered":"\u00bfPor qu\u00e9 tener una red de \u00e1ngeles?"},"content":{"rendered":"\n<p>Si bien los \u00e1ngeles individuales son incre\u00edblemente importantes, pocos \u00e1ngeles tienen el tiempo o los recursos financieros para encontrar y financiar por completo una cartera de 10 o m\u00e1s empresas por s\u00ed mismos. En cambio, a menudo buscan conectarse con otros \u00c1ngeles de ideas afines para compartir el trabajo y reunir recursos. Como resultado, las redes de \u00e1ngeles han crecido significativamente; en 1996 hab\u00eda aproximadamente 10 redes de \u00e1ngeles en los Estados Unidos, y en 2006 esa cifra aument\u00f3 a poco m\u00e1s de 200 <a name=\"_ftnref1\" href=\"#_ftn1\"><sup><sup>[1]<\/sup><\/sup><\/a> .<\/p>\n\n<p>Las redes de \u00e1ngeles, que re\u00fanen los recursos y el conocimiento de sus miembros, a menudo superan muchos de los desaf\u00edos asociados con la inversi\u00f3n individual y la inversi\u00f3n en entornos emergentes, como los que existen en el Caribe.<\/p>\n\n<h2 class=\"wp-block-heading\">\u00bfPor qu\u00e9 los inversores se unen a CBAN?<\/h2>\n\n<p>CBAN se centra en ayudar a los inversores a lograr m\u00e1s al:<\/p>\n\n<ul class=\"wp-block-list\">\n<li>Proporcionar un mayor y mejor flujo de negocios;<\/li>\n\n\n\n<li>Permitir un uso m\u00e1s eficiente del tiempo de los inversores;<\/li>\n\n\n\n<li>Proporcionar oportunidades preseleccionadas;<\/li>\n\n\n\n<li>Habilitaci\u00f3n de la diversificaci\u00f3n del riesgo (10 operaciones peque\u00f1as frente a 1 operaci\u00f3n grande);<\/li>\n\n\n\n<li>Proporcionar acceso a plantillas y conocimientos a nivel de la industria internacional;<\/li>\n\n\n\n<li>Presentar inversores de diferentes pa\u00edses entre s\u00ed;<\/li>\n\n\n\n<li>Ayudar a los inversores a formar nuevos grupos y sindicatos;<\/li>\n\n\n\n<li>Garantizar la diligencia debida colectiva, con m\u00faltiples habilidades y experiencia en la red;<\/li>\n\n\n\n<li>Proporcionar el potencial para acuerdos transfronterizos;<\/li>\n\n\n\n<li>Proporcionar beneficios sociales: interactuar con personas de ideas afines;<\/li>\n<\/ul>\n\n<h2 class=\"wp-block-heading\">\u00bfPor qu\u00e9 los emprendedores se unen a CBAN?<\/h2>\n\n<p>CBAN se centra en apoyar a los empresarios mediante:<\/p>\n\n<ul class=\"wp-block-list\">\n<li>Ayudar a las empresas en su preparaci\u00f3n para ser colocadas en la plataforma para que las vean los inversionistas \u00e1ngeles;<\/li>\n\n\n\n<li>Brindar capacitaci\u00f3n sobre \u00abC\u00f3mo lanzar\u00bb a un inversor \u00e1ngel<\/li>\n\n\n\n<li>Mostrar sus negocios a inversionistas \u00e1ngeles acreditados e instituciones financieras en el Caribe y la di\u00e1spora;<\/li>\n\n\n\n<li>Brindar acceso a conocimientos a nivel de la industria internacional sobre Angel Investing y las plantillas correspondientes;<\/li>\n\n\n\n<li>Proporcionar soporte de seguimiento durante las negociaciones del acuerdo.<\/li>\n<\/ul>\n\n<div style=\"height:40px\" aria-hidden=\"true\" class=\"wp-block-spacer\"><\/div>\n\n<div class=\"wp-block-buttons is-layout-flex wp-block-buttons-is-layout-flex\">\n<div class=\"wp-block-button has-custom-font-size is-style-outline has-medium-font-size is-style-outline--2\"><a class=\"wp-block-button__link wp-element-button\" href=\"mailto:dsinanan@carib-export.com\" style=\"border-radius:0px\" target=\"_blank\" rel=\"noreferrer noopener\">Haga clic aqu\u00ed para unirse a Caribbean Business Angel Network<\/a><\/div>\n<\/div>\n\n<p><a href=\"https:\/\/content.carib-export.com\/exporters\/funding\/angel-investing\/\">REGRESAR A LA CASA DE INVERSIONES ANGEL<\/a><\/p>\n\n<p><a href=\"#_ftnref1\" name=\"_ftn1\">[1]<\/a> <em>Jeanne Lee, revista Fortune Small Business, 31 de mayo de 2006<\/em><\/p>\n\n<p class=\"has-text-align-center\">\u00a0<\/p>\n","protected":false},"excerpt":{"rendered":"<p>Si bien los \u00e1ngeles individuales son incre\u00edblemente importantes, pocos \u00e1ngeles tienen el tiempo o los recursos financieros para encontrar y financiar por completo una cartera de 10 o m\u00e1s empresas por s\u00ed mismos. En cambio, a menudo buscan conectarse con otros \u00c1ngeles de ideas afines para compartir el trabajo y reunir recursos. Como resultado, las [&hellip;]<\/p>\n","protected":false},"author":3,"featured_media":0,"parent":270187,"menu_order":0,"comment_status":"closed","ping_status":"closed","template":"","meta":{"_acf_changed":false,"inline_featured_image":false,"footnotes":""},"tags":[],"class_list":["post-280886","page","type-page","status-publish","hentry"],"acf":[],"yoast_head":"<!-- This site is optimized with the Yoast SEO plugin v27.1.1 - https:\/\/yoast.com\/product\/yoast-seo-wordpress\/ -->\n<title>\u00bfPor qu\u00e9 tener una red de \u00e1ngeles? - nombre del Exportaci\u00f3n del Caribe<\/title>\n<meta name=\"robots\" content=\"index, follow, max-snippet:-1, max-image-preview:large, max-video-preview:-1\" \/>\n<link rel=\"canonical\" href=\"https:\/\/content.carib-export.com\/es\/resources\/funding\/angel-investing\/why-have-an-angel-network\/\" \/>\n<meta property=\"og:locale\" content=\"es_ES\" \/>\n<meta property=\"og:type\" content=\"article\" \/>\n<meta property=\"og:title\" content=\"\u00bfPor qu\u00e9 tener una red de \u00e1ngeles? - nombre del Exportaci\u00f3n del Caribe\" \/>\n<meta property=\"og:description\" content=\"Si bien los \u00e1ngeles individuales son incre\u00edblemente importantes, pocos \u00e1ngeles tienen el tiempo o los recursos financieros para encontrar y financiar por completo una cartera de 10 o m\u00e1s empresas por s\u00ed mismos. En cambio, a menudo buscan conectarse con otros \u00c1ngeles de ideas afines para compartir el trabajo y reunir recursos. Como resultado, las [&hellip;]\" \/>\n<meta property=\"og:url\" content=\"https:\/\/content.carib-export.com\/es\/resources\/funding\/angel-investing\/why-have-an-angel-network\/\" \/>\n<meta property=\"og:site_name\" content=\"Exportaci\u00f3n del Caribe\" \/>\n<meta property=\"article:publisher\" content=\"https:\/\/www.facebook.com\/CaribbeanExport\" \/>\n<meta property=\"article:modified_time\" content=\"2025-02-06T15:46:18+00:00\" \/>\n<meta property=\"og:image\" content=\"https:\/\/content.carib-export.com\/wp-content\/uploads\/2019\/06\/CEDA-default-square.jpg\" \/>\n\t<meta property=\"og:image:width\" content=\"1000\" \/>\n\t<meta property=\"og:image:height\" content=\"1000\" \/>\n\t<meta property=\"og:image:type\" content=\"image\/jpeg\" \/>\n<meta name=\"twitter:card\" content=\"summary_large_image\" \/>\n<meta name=\"twitter:site\" content=\"@CaribXport\" \/>\n<meta name=\"twitter:label1\" content=\"Tiempo de lectura\" \/>\n\t<meta name=\"twitter:data1\" content=\"2 minutos\" \/>\n<script type=\"application\/ld+json\" class=\"yoast-schema-graph\">{\"@context\":\"https:\/\/schema.org\",\"@graph\":[{\"@type\":\"WebPage\",\"@id\":\"https:\/\/content.carib-export.com\/es\/resources\/funding\/angel-investing\/why-have-an-angel-network\/\",\"url\":\"https:\/\/content.carib-export.com\/es\/resources\/funding\/angel-investing\/why-have-an-angel-network\/\",\"name\":\"\u00bfPor qu\u00e9 tener una red de \u00e1ngeles? - nombre del Exportaci\u00f3n del Caribe\",\"isPartOf\":{\"@id\":\"https:\/\/content.carib-export.com\/es\/#website\"},\"datePublished\":\"2016-06-29T19:46:36+00:00\",\"dateModified\":\"2025-02-06T15:46:18+00:00\",\"breadcrumb\":{\"@id\":\"https:\/\/content.carib-export.com\/es\/resources\/funding\/angel-investing\/why-have-an-angel-network\/#breadcrumb\"},\"inLanguage\":\"es\",\"potentialAction\":[{\"@type\":\"ReadAction\",\"target\":[\"https:\/\/content.carib-export.com\/es\/resources\/funding\/angel-investing\/why-have-an-angel-network\/\"]}]},{\"@type\":\"BreadcrumbList\",\"@id\":\"https:\/\/content.carib-export.com\/es\/resources\/funding\/angel-investing\/why-have-an-angel-network\/#breadcrumb\",\"itemListElement\":[{\"@type\":\"ListItem\",\"position\":1,\"name\":\"Casa\",\"item\":\"https:\/\/content.carib-export.com\/es\/home\/\"},{\"@type\":\"ListItem\",\"position\":2,\"name\":\"Recursos\",\"item\":\"https:\/\/content.carib-export.com\/es\/resources\/\"},{\"@type\":\"ListItem\",\"position\":3,\"name\":\"Subvenci\u00f3n\",\"item\":\"https:\/\/content.carib-export.com\/es\/resources\/funding\/\"},{\"@type\":\"ListItem\",\"position\":4,\"name\":\"\u00c1ngel invirtiendo\",\"item\":\"https:\/\/content.carib-export.com\/es\/resources\/funding\/angel-investing\/\"},{\"@type\":\"ListItem\",\"position\":5,\"name\":\"\u00bfPor qu\u00e9 tener una red de \u00e1ngeles?\"}]},{\"@type\":\"WebSite\",\"@id\":\"https:\/\/content.carib-export.com\/es\/#website\",\"url\":\"https:\/\/content.carib-export.com\/es\/\",\"name\":\"Exportaci\u00f3n del Caribe\",\"description\":\"La \u00fanica agencia regional de promoci\u00f3n del comercio y las inversiones en el grupo de \u00c1frica, el Caribe y el Pac\u00edfico.\",\"publisher\":{\"@id\":\"https:\/\/content.carib-export.com\/es\/#organization\"},\"potentialAction\":[{\"@type\":\"SearchAction\",\"target\":{\"@type\":\"EntryPoint\",\"urlTemplate\":\"https:\/\/content.carib-export.com\/es\/?s={search_term_string}\"},\"query-input\":{\"@type\":\"PropertyValueSpecification\",\"valueRequired\":true,\"valueName\":\"search_term_string\"}}],\"inLanguage\":\"es\"},{\"@type\":\"Organization\",\"@id\":\"https:\/\/content.carib-export.com\/es\/#organization\",\"name\":\"Agencia de Desarrollo de Exportaciones del Caribe\",\"url\":\"https:\/\/content.carib-export.com\/es\/\",\"logo\":{\"@type\":\"ImageObject\",\"inLanguage\":\"es\",\"@id\":\"https:\/\/content.carib-export.com\/es\/#\/schema\/logo\/image\/\",\"url\":\"https:\/\/content.carib-export.com\/wp-content\/uploads\/2013\/03\/CE-Logo-2013.jpg\",\"contentUrl\":\"https:\/\/content.carib-export.com\/wp-content\/uploads\/2013\/03\/CE-Logo-2013.jpg\",\"width\":1024,\"height\":244,\"caption\":\"Agencia de Desarrollo de Exportaciones del Caribe\"},\"image\":{\"@id\":\"https:\/\/content.carib-export.com\/es\/#\/schema\/logo\/image\/\"},\"sameAs\":[\"https:\/\/www.facebook.com\/CaribbeanExport\",\"https:\/\/x.com\/CaribXport\",\"https:\/\/www.instagram.com\/caribbeanexport\",\"https:\/\/www.linkedin.com\/company\/caribbeanexport\",\"https:\/\/www.youtube.com\/user\/TheCaribbeanExport\"]}]}<\/script>\n<!-- \/ Yoast SEO plugin. -->","yoast_head_json":{"title":"\u00bfPor qu\u00e9 tener una red de \u00e1ngeles? - nombre del Exportaci\u00f3n del Caribe","robots":{"index":"index","follow":"follow","max-snippet":"max-snippet:-1","max-image-preview":"max-image-preview:large","max-video-preview":"max-video-preview:-1"},"canonical":"https:\/\/content.carib-export.com\/es\/resources\/funding\/angel-investing\/why-have-an-angel-network\/","og_locale":"es_ES","og_type":"article","og_title":"\u00bfPor qu\u00e9 tener una red de \u00e1ngeles? - nombre del Exportaci\u00f3n del Caribe","og_description":"Si bien los \u00e1ngeles individuales son incre\u00edblemente importantes, pocos \u00e1ngeles tienen el tiempo o los recursos financieros para encontrar y financiar por completo una cartera de 10 o m\u00e1s empresas por s\u00ed mismos. En cambio, a menudo buscan conectarse con otros \u00c1ngeles de ideas afines para compartir el trabajo y reunir recursos. Como resultado, las [&hellip;]","og_url":"https:\/\/content.carib-export.com\/es\/resources\/funding\/angel-investing\/why-have-an-angel-network\/","og_site_name":"Exportaci\u00f3n del Caribe","article_publisher":"https:\/\/www.facebook.com\/CaribbeanExport","article_modified_time":"2025-02-06T15:46:18+00:00","og_image":[{"width":1000,"height":1000,"url":"https:\/\/content.carib-export.com\/wp-content\/uploads\/2019\/06\/CEDA-default-square.jpg","type":"image\/jpeg"}],"twitter_card":"summary_large_image","twitter_site":"@CaribXport","twitter_misc":{"Tiempo de lectura":"2 minutos"},"schema":{"@context":"https:\/\/schema.org","@graph":[{"@type":"WebPage","@id":"https:\/\/content.carib-export.com\/es\/resources\/funding\/angel-investing\/why-have-an-angel-network\/","url":"https:\/\/content.carib-export.com\/es\/resources\/funding\/angel-investing\/why-have-an-angel-network\/","name":"\u00bfPor qu\u00e9 tener una red de \u00e1ngeles? - nombre del Exportaci\u00f3n del Caribe","isPartOf":{"@id":"https:\/\/content.carib-export.com\/es\/#website"},"datePublished":"2016-06-29T19:46:36+00:00","dateModified":"2025-02-06T15:46:18+00:00","breadcrumb":{"@id":"https:\/\/content.carib-export.com\/es\/resources\/funding\/angel-investing\/why-have-an-angel-network\/#breadcrumb"},"inLanguage":"es","potentialAction":[{"@type":"ReadAction","target":["https:\/\/content.carib-export.com\/es\/resources\/funding\/angel-investing\/why-have-an-angel-network\/"]}]},{"@type":"BreadcrumbList","@id":"https:\/\/content.carib-export.com\/es\/resources\/funding\/angel-investing\/why-have-an-angel-network\/#breadcrumb","itemListElement":[{"@type":"ListItem","position":1,"name":"Casa","item":"https:\/\/content.carib-export.com\/es\/home\/"},{"@type":"ListItem","position":2,"name":"Recursos","item":"https:\/\/content.carib-export.com\/es\/resources\/"},{"@type":"ListItem","position":3,"name":"Subvenci\u00f3n","item":"https:\/\/content.carib-export.com\/es\/resources\/funding\/"},{"@type":"ListItem","position":4,"name":"\u00c1ngel invirtiendo","item":"https:\/\/content.carib-export.com\/es\/resources\/funding\/angel-investing\/"},{"@type":"ListItem","position":5,"name":"\u00bfPor qu\u00e9 tener una red de \u00e1ngeles?"}]},{"@type":"WebSite","@id":"https:\/\/content.carib-export.com\/es\/#website","url":"https:\/\/content.carib-export.com\/es\/","name":"Exportaci\u00f3n del Caribe","description":"La \u00fanica agencia regional de promoci\u00f3n del comercio y las inversiones en el grupo de \u00c1frica, el Caribe y el Pac\u00edfico.","publisher":{"@id":"https:\/\/content.carib-export.com\/es\/#organization"},"potentialAction":[{"@type":"SearchAction","target":{"@type":"EntryPoint","urlTemplate":"https:\/\/content.carib-export.com\/es\/?s={search_term_string}"},"query-input":{"@type":"PropertyValueSpecification","valueRequired":true,"valueName":"search_term_string"}}],"inLanguage":"es"},{"@type":"Organization","@id":"https:\/\/content.carib-export.com\/es\/#organization","name":"Agencia de Desarrollo de Exportaciones del Caribe","url":"https:\/\/content.carib-export.com\/es\/","logo":{"@type":"ImageObject","inLanguage":"es","@id":"https:\/\/content.carib-export.com\/es\/#\/schema\/logo\/image\/","url":"https:\/\/content.carib-export.com\/wp-content\/uploads\/2013\/03\/CE-Logo-2013.jpg","contentUrl":"https:\/\/content.carib-export.com\/wp-content\/uploads\/2013\/03\/CE-Logo-2013.jpg","width":1024,"height":244,"caption":"Agencia de Desarrollo de Exportaciones del Caribe"},"image":{"@id":"https:\/\/content.carib-export.com\/es\/#\/schema\/logo\/image\/"},"sameAs":["https:\/\/www.facebook.com\/CaribbeanExport","https:\/\/x.com\/CaribXport","https:\/\/www.instagram.com\/caribbeanexport","https:\/\/www.linkedin.com\/company\/caribbeanexport","https:\/\/www.youtube.com\/user\/TheCaribbeanExport"]}]}},"_links":{"self":[{"href":"https:\/\/content.carib-export.com\/es\/wp-json\/wp\/v2\/pages\/280886","targetHints":{"allow":["GET"]}}],"collection":[{"href":"https:\/\/content.carib-export.com\/es\/wp-json\/wp\/v2\/pages"}],"about":[{"href":"https:\/\/content.carib-export.com\/es\/wp-json\/wp\/v2\/types\/page"}],"author":[{"embeddable":true,"href":"https:\/\/content.carib-export.com\/es\/wp-json\/wp\/v2\/users\/3"}],"replies":[{"embeddable":true,"href":"https:\/\/content.carib-export.com\/es\/wp-json\/wp\/v2\/comments?post=280886"}],"version-history":[{"count":0,"href":"https:\/\/content.carib-export.com\/es\/wp-json\/wp\/v2\/pages\/280886\/revisions"}],"up":[{"embeddable":true,"href":"https:\/\/content.carib-export.com\/es\/wp-json\/wp\/v2\/pages\/270187"}],"wp:attachment":[{"href":"https:\/\/content.carib-export.com\/es\/wp-json\/wp\/v2\/media?parent=280886"}],"wp:term":[{"taxonomy":"post_tag","embeddable":true,"href":"https:\/\/content.carib-export.com\/es\/wp-json\/wp\/v2\/tags?post=280886"}],"curies":[{"name":"wp","href":"https:\/\/api.w.org\/{rel}","templated":true}]}}