{"id":300736,"date":"2022-08-29T17:19:13","date_gmt":"2022-08-29T21:19:13","guid":{"rendered":"https:\/\/content.carib-export.com\/about\/governance\/"},"modified":"2025-03-02T10:35:53","modified_gmt":"2025-03-02T14:35:53","slug":"compliance","status":"publish","type":"page","link":"https:\/\/content.carib-export.com\/es\/about\/compliance\/","title":{"rendered":"Conformidad"},"content":{"rendered":"\n<p>Caribbean Export se compromete a mantener los m\u00e1s altos niveles de integridad, transparencia y responsabilidad en todas sus operaciones.<\/p>\n\n<p>Como tal, Caribbean Export, su Consejo de Administraci\u00f3n, la direcci\u00f3n y el personal adoptan un enfoque de tolerancia cero frente al fraude, la corrupci\u00f3n, la mala gesti\u00f3n financiera y otras actividades prohibidas, y se compromete a actuar con profesionalidad, equidad e integridad en todas las relaciones y tratos comerciales. Se investigar\u00e1n a fondo todas las denuncias de presuntas actividades ilegales. Tras la investigaci\u00f3n, el personal implicado podr\u00e1 ser objeto de medidas disciplinarias de conformidad con el Manual de Operaciones de Caribbean Export. En el caso de los contratistas, puede dar lugar a la rescisi\u00f3n del contrato y\/o a acciones judiciales de acuerdo con la ley. Se anima a todos los empleados, proveedores, clientes y socios comerciales a denunciar casos de sospecha de corrupci\u00f3n o actividades ilegales a trav\u00e9s de <a href=\"mailto:complaints@carib-export.com\" target=\"_blank\" rel=\"noreferrer noopener\">complaints@carib-export.com.<\/a><\/p>\n\n<p>Esta secci\u00f3n proporciona un recurso de documentos, pol\u00edticas y procedimientos que Caribbean Export aplica para garantizar el cumplimiento de los requisitos de sus socios.<\/p>\n\n<p><\/p>\n","protected":false},"excerpt":{"rendered":"<p>Caribbean Export se compromete a mantener los m\u00e1s altos niveles de integridad, transparencia y responsabilidad en todas sus operaciones.<\/p>\n","protected":false},"author":9,"featured_media":0,"parent":255416,"menu_order":7,"comment_status":"closed","ping_status":"closed","template":"hub.php","meta":{"_acf_changed":false,"inline_featured_image":false,"footnotes":""},"tags":[],"class_list":["post-300736","page","type-page","status-publish","hentry"],"acf":[],"yoast_head":"<!-- This site is optimized with the Yoast SEO plugin v27.1.1 - https:\/\/yoast.com\/product\/yoast-seo-wordpress\/ -->\n<title>Conformidad - nombre del Exportaci\u00f3n del Caribe<\/title>\n<meta name=\"description\" content=\"Una recopilaci\u00f3n de los documentos, pol\u00edticas y procedimientos que Caribbean Export aplica para garantizar el cumplimiento de los requisitos de sus socios.\" \/>\n<meta name=\"robots\" content=\"index, follow, max-snippet:-1, max-image-preview:large, max-video-preview:-1\" \/>\n<link rel=\"canonical\" href=\"https:\/\/content.carib-export.com\/es\/about\/compliance\/\" \/>\n<meta property=\"og:locale\" content=\"es_ES\" \/>\n<meta property=\"og:type\" content=\"article\" \/>\n<meta property=\"og:title\" content=\"Conformidad - nombre del Exportaci\u00f3n del Caribe\" \/>\n<meta property=\"og:description\" content=\"Una recopilaci\u00f3n de los documentos, pol\u00edticas y procedimientos que Caribbean Export aplica para garantizar el cumplimiento de los requisitos de sus socios.\" \/>\n<meta property=\"og:url\" content=\"https:\/\/content.carib-export.com\/es\/about\/compliance\/\" \/>\n<meta property=\"og:site_name\" content=\"Exportaci\u00f3n del Caribe\" \/>\n<meta property=\"article:publisher\" content=\"https:\/\/www.facebook.com\/CaribbeanExport\" \/>\n<meta property=\"article:modified_time\" content=\"2025-03-02T14:35:53+00:00\" \/>\n<meta property=\"og:image\" content=\"https:\/\/content.carib-export.com\/wp-content\/uploads\/2019\/06\/CEDA-default-square.jpg\" \/>\n\t<meta property=\"og:image:width\" content=\"1000\" \/>\n\t<meta property=\"og:image:height\" content=\"1000\" \/>\n\t<meta property=\"og:image:type\" content=\"image\/jpeg\" \/>\n<meta name=\"twitter:card\" content=\"summary_large_image\" \/>\n<meta name=\"twitter:site\" content=\"@CaribXport\" \/>\n<meta name=\"twitter:label1\" content=\"Tiempo de lectura\" \/>\n\t<meta name=\"twitter:data1\" content=\"1 minuto\" \/>\n<script type=\"application\/ld+json\" class=\"yoast-schema-graph\">{\"@context\":\"https:\/\/schema.org\",\"@graph\":[{\"@type\":\"WebPage\",\"@id\":\"https:\/\/content.carib-export.com\/es\/about\/compliance\/\",\"url\":\"https:\/\/content.carib-export.com\/es\/about\/compliance\/\",\"name\":\"Conformidad - nombre del Exportaci\u00f3n del Caribe\",\"isPartOf\":{\"@id\":\"https:\/\/content.carib-export.com\/es\/#website\"},\"datePublished\":\"2022-08-29T21:19:13+00:00\",\"dateModified\":\"2025-03-02T14:35:53+00:00\",\"description\":\"Una recopilaci\u00f3n de los documentos, pol\u00edticas y procedimientos que Caribbean Export aplica para garantizar el cumplimiento de los requisitos de sus socios.\",\"breadcrumb\":{\"@id\":\"https:\/\/content.carib-export.com\/es\/about\/compliance\/#breadcrumb\"},\"inLanguage\":\"es\",\"potentialAction\":[{\"@type\":\"ReadAction\",\"target\":[\"https:\/\/content.carib-export.com\/es\/about\/compliance\/\"]}]},{\"@type\":\"BreadcrumbList\",\"@id\":\"https:\/\/content.carib-export.com\/es\/about\/compliance\/#breadcrumb\",\"itemListElement\":[{\"@type\":\"ListItem\",\"position\":1,\"name\":\"Casa\",\"item\":\"https:\/\/content.carib-export.com\/es\/home\/\"},{\"@type\":\"ListItem\",\"position\":2,\"name\":\"Acerca de\",\"item\":\"https:\/\/content.carib-export.com\/es\/about\/\"},{\"@type\":\"ListItem\",\"position\":3,\"name\":\"Conformidad\"}]},{\"@type\":\"WebSite\",\"@id\":\"https:\/\/content.carib-export.com\/es\/#website\",\"url\":\"https:\/\/content.carib-export.com\/es\/\",\"name\":\"Exportaci\u00f3n del Caribe\",\"description\":\"La \u00fanica agencia regional de promoci\u00f3n del comercio y las inversiones en el grupo de \u00c1frica, el Caribe y el Pac\u00edfico.\",\"publisher\":{\"@id\":\"https:\/\/content.carib-export.com\/es\/#organization\"},\"potentialAction\":[{\"@type\":\"SearchAction\",\"target\":{\"@type\":\"EntryPoint\",\"urlTemplate\":\"https:\/\/content.carib-export.com\/es\/?s={search_term_string}\"},\"query-input\":{\"@type\":\"PropertyValueSpecification\",\"valueRequired\":true,\"valueName\":\"search_term_string\"}}],\"inLanguage\":\"es\"},{\"@type\":\"Organization\",\"@id\":\"https:\/\/content.carib-export.com\/es\/#organization\",\"name\":\"Agencia de Desarrollo de Exportaciones del Caribe\",\"url\":\"https:\/\/content.carib-export.com\/es\/\",\"logo\":{\"@type\":\"ImageObject\",\"inLanguage\":\"es\",\"@id\":\"https:\/\/content.carib-export.com\/es\/#\/schema\/logo\/image\/\",\"url\":\"https:\/\/content.carib-export.com\/wp-content\/uploads\/2013\/03\/CE-Logo-2013.jpg\",\"contentUrl\":\"https:\/\/content.carib-export.com\/wp-content\/uploads\/2013\/03\/CE-Logo-2013.jpg\",\"width\":1024,\"height\":244,\"caption\":\"Agencia de Desarrollo de Exportaciones del Caribe\"},\"image\":{\"@id\":\"https:\/\/content.carib-export.com\/es\/#\/schema\/logo\/image\/\"},\"sameAs\":[\"https:\/\/www.facebook.com\/CaribbeanExport\",\"https:\/\/x.com\/CaribXport\",\"https:\/\/www.instagram.com\/caribbeanexport\",\"https:\/\/www.linkedin.com\/company\/caribbeanexport\",\"https:\/\/www.youtube.com\/user\/TheCaribbeanExport\"]}]}<\/script>\n<!-- \/ Yoast SEO plugin. -->","yoast_head_json":{"title":"Conformidad - nombre del Exportaci\u00f3n del Caribe","description":"Una recopilaci\u00f3n de los documentos, pol\u00edticas y procedimientos que Caribbean Export aplica para garantizar el cumplimiento de los requisitos de sus socios.","robots":{"index":"index","follow":"follow","max-snippet":"max-snippet:-1","max-image-preview":"max-image-preview:large","max-video-preview":"max-video-preview:-1"},"canonical":"https:\/\/content.carib-export.com\/es\/about\/compliance\/","og_locale":"es_ES","og_type":"article","og_title":"Conformidad - nombre del Exportaci\u00f3n del Caribe","og_description":"Una recopilaci\u00f3n de los documentos, pol\u00edticas y procedimientos que Caribbean Export aplica para garantizar el cumplimiento de los requisitos de sus socios.","og_url":"https:\/\/content.carib-export.com\/es\/about\/compliance\/","og_site_name":"Exportaci\u00f3n del Caribe","article_publisher":"https:\/\/www.facebook.com\/CaribbeanExport","article_modified_time":"2025-03-02T14:35:53+00:00","og_image":[{"width":1000,"height":1000,"url":"https:\/\/content.carib-export.com\/wp-content\/uploads\/2019\/06\/CEDA-default-square.jpg","type":"image\/jpeg"}],"twitter_card":"summary_large_image","twitter_site":"@CaribXport","twitter_misc":{"Tiempo de lectura":"1 minuto"},"schema":{"@context":"https:\/\/schema.org","@graph":[{"@type":"WebPage","@id":"https:\/\/content.carib-export.com\/es\/about\/compliance\/","url":"https:\/\/content.carib-export.com\/es\/about\/compliance\/","name":"Conformidad - nombre del Exportaci\u00f3n del Caribe","isPartOf":{"@id":"https:\/\/content.carib-export.com\/es\/#website"},"datePublished":"2022-08-29T21:19:13+00:00","dateModified":"2025-03-02T14:35:53+00:00","description":"Una recopilaci\u00f3n de los documentos, pol\u00edticas y procedimientos que Caribbean Export aplica para garantizar el cumplimiento de los requisitos de sus socios.","breadcrumb":{"@id":"https:\/\/content.carib-export.com\/es\/about\/compliance\/#breadcrumb"},"inLanguage":"es","potentialAction":[{"@type":"ReadAction","target":["https:\/\/content.carib-export.com\/es\/about\/compliance\/"]}]},{"@type":"BreadcrumbList","@id":"https:\/\/content.carib-export.com\/es\/about\/compliance\/#breadcrumb","itemListElement":[{"@type":"ListItem","position":1,"name":"Casa","item":"https:\/\/content.carib-export.com\/es\/home\/"},{"@type":"ListItem","position":2,"name":"Acerca de","item":"https:\/\/content.carib-export.com\/es\/about\/"},{"@type":"ListItem","position":3,"name":"Conformidad"}]},{"@type":"WebSite","@id":"https:\/\/content.carib-export.com\/es\/#website","url":"https:\/\/content.carib-export.com\/es\/","name":"Exportaci\u00f3n del Caribe","description":"La \u00fanica agencia regional de promoci\u00f3n del comercio y las inversiones en el grupo de \u00c1frica, el Caribe y el Pac\u00edfico.","publisher":{"@id":"https:\/\/content.carib-export.com\/es\/#organization"},"potentialAction":[{"@type":"SearchAction","target":{"@type":"EntryPoint","urlTemplate":"https:\/\/content.carib-export.com\/es\/?s={search_term_string}"},"query-input":{"@type":"PropertyValueSpecification","valueRequired":true,"valueName":"search_term_string"}}],"inLanguage":"es"},{"@type":"Organization","@id":"https:\/\/content.carib-export.com\/es\/#organization","name":"Agencia de Desarrollo de Exportaciones del Caribe","url":"https:\/\/content.carib-export.com\/es\/","logo":{"@type":"ImageObject","inLanguage":"es","@id":"https:\/\/content.carib-export.com\/es\/#\/schema\/logo\/image\/","url":"https:\/\/content.carib-export.com\/wp-content\/uploads\/2013\/03\/CE-Logo-2013.jpg","contentUrl":"https:\/\/content.carib-export.com\/wp-content\/uploads\/2013\/03\/CE-Logo-2013.jpg","width":1024,"height":244,"caption":"Agencia de Desarrollo de Exportaciones del Caribe"},"image":{"@id":"https:\/\/content.carib-export.com\/es\/#\/schema\/logo\/image\/"},"sameAs":["https:\/\/www.facebook.com\/CaribbeanExport","https:\/\/x.com\/CaribXport","https:\/\/www.instagram.com\/caribbeanexport","https:\/\/www.linkedin.com\/company\/caribbeanexport","https:\/\/www.youtube.com\/user\/TheCaribbeanExport"]}]}},"_links":{"self":[{"href":"https:\/\/content.carib-export.com\/es\/wp-json\/wp\/v2\/pages\/300736","targetHints":{"allow":["GET"]}}],"collection":[{"href":"https:\/\/content.carib-export.com\/es\/wp-json\/wp\/v2\/pages"}],"about":[{"href":"https:\/\/content.carib-export.com\/es\/wp-json\/wp\/v2\/types\/page"}],"author":[{"embeddable":true,"href":"https:\/\/content.carib-export.com\/es\/wp-json\/wp\/v2\/users\/9"}],"replies":[{"embeddable":true,"href":"https:\/\/content.carib-export.com\/es\/wp-json\/wp\/v2\/comments?post=300736"}],"version-history":[{"count":0,"href":"https:\/\/content.carib-export.com\/es\/wp-json\/wp\/v2\/pages\/300736\/revisions"}],"up":[{"embeddable":true,"href":"https:\/\/content.carib-export.com\/es\/wp-json\/wp\/v2\/pages\/255416"}],"wp:attachment":[{"href":"https:\/\/content.carib-export.com\/es\/wp-json\/wp\/v2\/media?parent=300736"}],"wp:term":[{"taxonomy":"post_tag","embeddable":true,"href":"https:\/\/content.carib-export.com\/es\/wp-json\/wp\/v2\/tags?post=300736"}],"curies":[{"name":"wp","href":"https:\/\/api.w.org\/{rel}","templated":true}]}}