{"id":321619,"date":"2012-07-24T15:26:25","date_gmt":"2012-07-24T19:26:25","guid":{"rendered":"https:\/\/content.carib-export.com\/about\/our-team\/"},"modified":"2025-12-19T14:27:43","modified_gmt":"2025-12-19T18:27:43","slug":"our-team","status":"publish","type":"page","link":"https:\/\/content.carib-export.com\/es\/about\/our-team\/","title":{"rendered":"Nuestro equipo"},"content":{"rendered":"\n<p>En Caribbean Export, nuestro equipo refleja la diversidad de nuestra regi\u00f3n CARIFORUM. Aportamos un enfoque multidisciplinario y experiencia a la implementaci\u00f3n de nuestro programa. Y nuestros consultores externos nos ayudan a responder a las necesidades especializadas de nuestros grupos de inter\u00e9s y clientes. <\/p>\n\n<p>Adem\u00e1s del Equipo de Liderazgo, cada oficial t\u00e9cnico tiene responsabilidades tanto a nivel de sector como de pa\u00eds. Esto permite el uso de sus habilidades t\u00e9cnicas en toda la regi\u00f3n, as\u00ed como un enfoque integrado de las actividades a nivel de pa\u00eds, todo en beneficio de nuestros clientes.<\/p>\n","protected":false},"excerpt":{"rendered":"<p>En Caribbean Export, nuestro equipo refleja la diversidad de nuestra regi\u00f3n CARIFORUM. Aportamos un enfoque multidisciplinario y experiencia a la implementaci\u00f3n de nuestro programa. Y nuestros consultores externos nos ayudan a responder a las necesidades especializadas de nuestros grupos de inter\u00e9s y clientes. Adem\u00e1s del Equipo de Liderazgo, cada oficial t\u00e9cnico tiene responsabilidades tanto a nivel de sector como de pa\u00eds. Esto permite el uso de sus habilidades t\u00e9cnicas en toda la regi\u00f3n, as\u00ed como un enfoque integrado de las actividades a nivel de pa\u00eds, todo en beneficio de nuestros clientes.<\/p>\n","protected":false},"author":3,"featured_media":0,"parent":255416,"menu_order":2,"comment_status":"closed","ping_status":"closed","template":"","meta":{"_acf_changed":false,"inline_featured_image":false,"footnotes":""},"tags":[],"class_list":["post-321619","page","type-page","status-publish","hentry"],"acf":[],"yoast_head":"<!-- This site is optimized with the Yoast SEO plugin v27.1.1 - https:\/\/yoast.com\/product\/yoast-seo-wordpress\/ -->\n<title>Nuestro equipo - nombre del Exportaci\u00f3n del Caribe<\/title>\n<meta name=\"robots\" content=\"index, follow, max-snippet:-1, max-image-preview:large, max-video-preview:-1\" \/>\n<link rel=\"canonical\" href=\"https:\/\/content.carib-export.com\/es\/about\/our-team\/\" \/>\n<meta property=\"og:locale\" content=\"es_ES\" \/>\n<meta property=\"og:type\" content=\"article\" \/>\n<meta property=\"og:title\" content=\"Nuestro equipo - nombre del Exportaci\u00f3n del Caribe\" \/>\n<meta property=\"og:description\" content=\"En Caribbean Export, nuestro equipo refleja la diversidad de nuestra regi\u00f3n CARIFORUM. Aportamos un enfoque multidisciplinario y experiencia a la implementaci\u00f3n de nuestro programa. Y nuestros consultores externos nos ayudan a responder a las necesidades especializadas de nuestros grupos de inter\u00e9s y clientes. Adem\u00e1s del Equipo de Liderazgo, cada oficial t\u00e9cnico tiene responsabilidades tanto a nivel de sector como de pa\u00eds. Esto permite el uso de sus habilidades t\u00e9cnicas en toda la regi\u00f3n, as\u00ed como un enfoque integrado de las actividades a nivel de pa\u00eds, todo en beneficio de nuestros clientes.\" \/>\n<meta property=\"og:url\" content=\"https:\/\/content.carib-export.com\/es\/about\/our-team\/\" \/>\n<meta property=\"og:site_name\" content=\"Exportaci\u00f3n del Caribe\" \/>\n<meta property=\"article:publisher\" content=\"https:\/\/www.facebook.com\/CaribbeanExport\" \/>\n<meta property=\"article:modified_time\" content=\"2025-12-19T18:27:43+00:00\" \/>\n<meta property=\"og:image\" content=\"https:\/\/content.carib-export.com\/wp-content\/uploads\/2019\/06\/CEDA-default-square.jpg\" \/>\n\t<meta property=\"og:image:width\" content=\"1000\" \/>\n\t<meta property=\"og:image:height\" content=\"1000\" \/>\n\t<meta property=\"og:image:type\" content=\"image\/jpeg\" \/>\n<meta name=\"twitter:card\" content=\"summary_large_image\" \/>\n<meta name=\"twitter:site\" content=\"@CaribXport\" \/>\n<meta name=\"twitter:label1\" content=\"Tiempo de lectura\" \/>\n\t<meta name=\"twitter:data1\" content=\"1 minuto\" \/>\n<script type=\"application\/ld+json\" class=\"yoast-schema-graph\">{\"@context\":\"https:\/\/schema.org\",\"@graph\":[{\"@type\":\"WebPage\",\"@id\":\"https:\/\/content.carib-export.com\/es\/about\/our-team\/\",\"url\":\"https:\/\/content.carib-export.com\/es\/about\/our-team\/\",\"name\":\"Nuestro equipo - nombre del Exportaci\u00f3n del Caribe\",\"isPartOf\":{\"@id\":\"https:\/\/content.carib-export.com\/es\/#website\"},\"datePublished\":\"2012-07-24T19:26:25+00:00\",\"dateModified\":\"2025-12-19T18:27:43+00:00\",\"breadcrumb\":{\"@id\":\"https:\/\/content.carib-export.com\/es\/about\/our-team\/#breadcrumb\"},\"inLanguage\":\"es\",\"potentialAction\":[{\"@type\":\"ReadAction\",\"target\":[\"https:\/\/content.carib-export.com\/es\/about\/our-team\/\"]}]},{\"@type\":\"BreadcrumbList\",\"@id\":\"https:\/\/content.carib-export.com\/es\/about\/our-team\/#breadcrumb\",\"itemListElement\":[{\"@type\":\"ListItem\",\"position\":1,\"name\":\"Casa\",\"item\":\"https:\/\/content.carib-export.com\/es\/home\/\"},{\"@type\":\"ListItem\",\"position\":2,\"name\":\"Acerca de\",\"item\":\"https:\/\/content.carib-export.com\/es\/about\/\"},{\"@type\":\"ListItem\",\"position\":3,\"name\":\"Nuestro equipo\"}]},{\"@type\":\"WebSite\",\"@id\":\"https:\/\/content.carib-export.com\/es\/#website\",\"url\":\"https:\/\/content.carib-export.com\/es\/\",\"name\":\"Exportaci\u00f3n del Caribe\",\"description\":\"La \u00fanica agencia regional de promoci\u00f3n del comercio y las inversiones en el grupo de \u00c1frica, el Caribe y el Pac\u00edfico.\",\"publisher\":{\"@id\":\"https:\/\/content.carib-export.com\/es\/#organization\"},\"potentialAction\":[{\"@type\":\"SearchAction\",\"target\":{\"@type\":\"EntryPoint\",\"urlTemplate\":\"https:\/\/content.carib-export.com\/es\/?s={search_term_string}\"},\"query-input\":{\"@type\":\"PropertyValueSpecification\",\"valueRequired\":true,\"valueName\":\"search_term_string\"}}],\"inLanguage\":\"es\"},{\"@type\":\"Organization\",\"@id\":\"https:\/\/content.carib-export.com\/es\/#organization\",\"name\":\"Agencia de Desarrollo de Exportaciones del Caribe\",\"url\":\"https:\/\/content.carib-export.com\/es\/\",\"logo\":{\"@type\":\"ImageObject\",\"inLanguage\":\"es\",\"@id\":\"https:\/\/content.carib-export.com\/es\/#\/schema\/logo\/image\/\",\"url\":\"https:\/\/content.carib-export.com\/wp-content\/uploads\/2013\/03\/CE-Logo-2013.jpg\",\"contentUrl\":\"https:\/\/content.carib-export.com\/wp-content\/uploads\/2013\/03\/CE-Logo-2013.jpg\",\"width\":1024,\"height\":244,\"caption\":\"Agencia de Desarrollo de Exportaciones del Caribe\"},\"image\":{\"@id\":\"https:\/\/content.carib-export.com\/es\/#\/schema\/logo\/image\/\"},\"sameAs\":[\"https:\/\/www.facebook.com\/CaribbeanExport\",\"https:\/\/x.com\/CaribXport\",\"https:\/\/www.instagram.com\/caribbeanexport\",\"https:\/\/www.linkedin.com\/company\/caribbeanexport\",\"https:\/\/www.youtube.com\/user\/TheCaribbeanExport\"]}]}<\/script>\n<!-- \/ Yoast SEO plugin. -->","yoast_head_json":{"title":"Nuestro equipo - nombre del Exportaci\u00f3n del Caribe","robots":{"index":"index","follow":"follow","max-snippet":"max-snippet:-1","max-image-preview":"max-image-preview:large","max-video-preview":"max-video-preview:-1"},"canonical":"https:\/\/content.carib-export.com\/es\/about\/our-team\/","og_locale":"es_ES","og_type":"article","og_title":"Nuestro equipo - nombre del Exportaci\u00f3n del Caribe","og_description":"En Caribbean Export, nuestro equipo refleja la diversidad de nuestra regi\u00f3n CARIFORUM. Aportamos un enfoque multidisciplinario y experiencia a la implementaci\u00f3n de nuestro programa. Y nuestros consultores externos nos ayudan a responder a las necesidades especializadas de nuestros grupos de inter\u00e9s y clientes. Adem\u00e1s del Equipo de Liderazgo, cada oficial t\u00e9cnico tiene responsabilidades tanto a nivel de sector como de pa\u00eds. Esto permite el uso de sus habilidades t\u00e9cnicas en toda la regi\u00f3n, as\u00ed como un enfoque integrado de las actividades a nivel de pa\u00eds, todo en beneficio de nuestros clientes.","og_url":"https:\/\/content.carib-export.com\/es\/about\/our-team\/","og_site_name":"Exportaci\u00f3n del Caribe","article_publisher":"https:\/\/www.facebook.com\/CaribbeanExport","article_modified_time":"2025-12-19T18:27:43+00:00","og_image":[{"width":1000,"height":1000,"url":"https:\/\/content.carib-export.com\/wp-content\/uploads\/2019\/06\/CEDA-default-square.jpg","type":"image\/jpeg"}],"twitter_card":"summary_large_image","twitter_site":"@CaribXport","twitter_misc":{"Tiempo de lectura":"1 minuto"},"schema":{"@context":"https:\/\/schema.org","@graph":[{"@type":"WebPage","@id":"https:\/\/content.carib-export.com\/es\/about\/our-team\/","url":"https:\/\/content.carib-export.com\/es\/about\/our-team\/","name":"Nuestro equipo - nombre del Exportaci\u00f3n del Caribe","isPartOf":{"@id":"https:\/\/content.carib-export.com\/es\/#website"},"datePublished":"2012-07-24T19:26:25+00:00","dateModified":"2025-12-19T18:27:43+00:00","breadcrumb":{"@id":"https:\/\/content.carib-export.com\/es\/about\/our-team\/#breadcrumb"},"inLanguage":"es","potentialAction":[{"@type":"ReadAction","target":["https:\/\/content.carib-export.com\/es\/about\/our-team\/"]}]},{"@type":"BreadcrumbList","@id":"https:\/\/content.carib-export.com\/es\/about\/our-team\/#breadcrumb","itemListElement":[{"@type":"ListItem","position":1,"name":"Casa","item":"https:\/\/content.carib-export.com\/es\/home\/"},{"@type":"ListItem","position":2,"name":"Acerca de","item":"https:\/\/content.carib-export.com\/es\/about\/"},{"@type":"ListItem","position":3,"name":"Nuestro equipo"}]},{"@type":"WebSite","@id":"https:\/\/content.carib-export.com\/es\/#website","url":"https:\/\/content.carib-export.com\/es\/","name":"Exportaci\u00f3n del Caribe","description":"La \u00fanica agencia regional de promoci\u00f3n del comercio y las inversiones en el grupo de \u00c1frica, el Caribe y el Pac\u00edfico.","publisher":{"@id":"https:\/\/content.carib-export.com\/es\/#organization"},"potentialAction":[{"@type":"SearchAction","target":{"@type":"EntryPoint","urlTemplate":"https:\/\/content.carib-export.com\/es\/?s={search_term_string}"},"query-input":{"@type":"PropertyValueSpecification","valueRequired":true,"valueName":"search_term_string"}}],"inLanguage":"es"},{"@type":"Organization","@id":"https:\/\/content.carib-export.com\/es\/#organization","name":"Agencia de Desarrollo de Exportaciones del Caribe","url":"https:\/\/content.carib-export.com\/es\/","logo":{"@type":"ImageObject","inLanguage":"es","@id":"https:\/\/content.carib-export.com\/es\/#\/schema\/logo\/image\/","url":"https:\/\/content.carib-export.com\/wp-content\/uploads\/2013\/03\/CE-Logo-2013.jpg","contentUrl":"https:\/\/content.carib-export.com\/wp-content\/uploads\/2013\/03\/CE-Logo-2013.jpg","width":1024,"height":244,"caption":"Agencia de Desarrollo de Exportaciones del Caribe"},"image":{"@id":"https:\/\/content.carib-export.com\/es\/#\/schema\/logo\/image\/"},"sameAs":["https:\/\/www.facebook.com\/CaribbeanExport","https:\/\/x.com\/CaribXport","https:\/\/www.instagram.com\/caribbeanexport","https:\/\/www.linkedin.com\/company\/caribbeanexport","https:\/\/www.youtube.com\/user\/TheCaribbeanExport"]}]}},"_links":{"self":[{"href":"https:\/\/content.carib-export.com\/es\/wp-json\/wp\/v2\/pages\/321619","targetHints":{"allow":["GET"]}}],"collection":[{"href":"https:\/\/content.carib-export.com\/es\/wp-json\/wp\/v2\/pages"}],"about":[{"href":"https:\/\/content.carib-export.com\/es\/wp-json\/wp\/v2\/types\/page"}],"author":[{"embeddable":true,"href":"https:\/\/content.carib-export.com\/es\/wp-json\/wp\/v2\/users\/3"}],"replies":[{"embeddable":true,"href":"https:\/\/content.carib-export.com\/es\/wp-json\/wp\/v2\/comments?post=321619"}],"version-history":[{"count":0,"href":"https:\/\/content.carib-export.com\/es\/wp-json\/wp\/v2\/pages\/321619\/revisions"}],"up":[{"embeddable":true,"href":"https:\/\/content.carib-export.com\/es\/wp-json\/wp\/v2\/pages\/255416"}],"wp:attachment":[{"href":"https:\/\/content.carib-export.com\/es\/wp-json\/wp\/v2\/media?parent=321619"}],"wp:term":[{"taxonomy":"post_tag","embeddable":true,"href":"https:\/\/content.carib-export.com\/es\/wp-json\/wp\/v2\/tags?post=321619"}],"curies":[{"name":"wp","href":"https:\/\/api.w.org\/{rel}","templated":true}]}}