{"id":373505,"date":"2025-01-30T12:17:57","date_gmt":"2025-01-30T16:17:57","guid":{"rendered":"https:\/\/demo.content.carib-export.com\/our-work\/projects\/transformacion-digital\/"},"modified":"2025-02-17T19:38:46","modified_gmt":"2025-02-17T23:38:46","slug":"digital-transformation","status":"publish","type":"page","link":"https:\/\/content.carib-export.com\/es\/our-work\/projects\/digital-transformation\/","title":{"rendered":"Transformaci\u00f3n digital"},"content":{"rendered":"\n<p>Potenciar la innovaci\u00f3n: Transformaci\u00f3n digital en el Caribe<\/p>\n\n<p>En una econom\u00eda global en r\u00e1pida evoluci\u00f3n, adoptar la transformaci\u00f3n digital es esencial para seguir siendo competitivos. Nos dedicamos a capacitar a las empresas caribe\u00f1as mediante tecnolog\u00edas y estrategias digitales de vanguardia. Desde mejorar las capacidades de comercio electr\u00f3nico hasta agilizar las operaciones con herramientas digitales, nuestras iniciativas pretenden fomentar la innovaci\u00f3n, aumentar la eficiencia y abrir nuevos mercados. Descubre c\u00f3mo podemos ayudarte a navegar por el panorama digital y transformar tu negocio para el futuro.   <\/p>\n","protected":false},"excerpt":{"rendered":"<p>Potenciar la innovaci\u00f3n: Transformaci\u00f3n digital en el Caribe En una econom\u00eda global en r\u00e1pida evoluci\u00f3n, adoptar la transformaci\u00f3n digital es esencial para seguir siendo competitivos. Nos dedicamos a capacitar a las empresas caribe\u00f1as mediante tecnolog\u00edas y estrategias digitales de vanguardia. Desde mejorar las capacidades de comercio electr\u00f3nico hasta agilizar las operaciones con herramientas digitales, nuestras [&hellip;]<\/p>\n","protected":false},"author":8,"featured_media":325612,"parent":308510,"menu_order":0,"comment_status":"closed","ping_status":"closed","template":"project-section.php","meta":{"_acf_changed":false,"inline_featured_image":false,"footnotes":""},"tags":[],"class_list":["post-373505","page","type-page","status-publish","has-post-thumbnail","hentry"],"acf":[],"yoast_head":"<!-- This site is optimized with the Yoast SEO plugin v27.1.1 - https:\/\/yoast.com\/product\/yoast-seo-wordpress\/ -->\n<title>Transformaci\u00f3n digital - nombre del Exportaci\u00f3n del Caribe<\/title>\n<meta name=\"robots\" content=\"index, follow, max-snippet:-1, max-image-preview:large, max-video-preview:-1\" \/>\n<link rel=\"canonical\" href=\"https:\/\/content.carib-export.com\/es\/our-work\/projects\/digital-transformation\/\" \/>\n<meta property=\"og:locale\" content=\"es_ES\" \/>\n<meta property=\"og:type\" content=\"article\" \/>\n<meta property=\"og:title\" content=\"Transformaci\u00f3n digital - nombre del Exportaci\u00f3n del Caribe\" \/>\n<meta property=\"og:description\" content=\"Potenciar la innovaci\u00f3n: Transformaci\u00f3n digital en el Caribe En una econom\u00eda global en r\u00e1pida evoluci\u00f3n, adoptar la transformaci\u00f3n digital es esencial para seguir siendo competitivos. Nos dedicamos a capacitar a las empresas caribe\u00f1as mediante tecnolog\u00edas y estrategias digitales de vanguardia. Desde mejorar las capacidades de comercio electr\u00f3nico hasta agilizar las operaciones con herramientas digitales, nuestras [&hellip;]\" \/>\n<meta property=\"og:url\" content=\"https:\/\/content.carib-export.com\/es\/our-work\/projects\/digital-transformation\/\" \/>\n<meta property=\"og:site_name\" content=\"Exportaci\u00f3n del Caribe\" \/>\n<meta property=\"article:publisher\" content=\"https:\/\/www.facebook.com\/CaribbeanExport\" \/>\n<meta property=\"article:modified_time\" content=\"2025-02-17T23:38:46+00:00\" \/>\n<meta property=\"og:image\" content=\"https:\/\/content.carib-export.com\/wp-content\/uploads\/2024\/11\/New-website-featured-image-1500-x-1125-69.jpg\" \/>\n\t<meta property=\"og:image:width\" content=\"1500\" \/>\n\t<meta property=\"og:image:height\" content=\"1125\" \/>\n\t<meta property=\"og:image:type\" content=\"image\/jpeg\" \/>\n<meta name=\"twitter:card\" content=\"summary_large_image\" \/>\n<meta name=\"twitter:site\" content=\"@CaribXport\" \/>\n<script type=\"application\/ld+json\" class=\"yoast-schema-graph\">{\"@context\":\"https:\/\/schema.org\",\"@graph\":[{\"@type\":\"WebPage\",\"@id\":\"https:\/\/content.carib-export.com\/es\/our-work\/projects\/digital-transformation\/\",\"url\":\"https:\/\/content.carib-export.com\/es\/our-work\/projects\/digital-transformation\/\",\"name\":\"Transformaci\u00f3n digital - nombre del Exportaci\u00f3n del Caribe\",\"isPartOf\":{\"@id\":\"https:\/\/content.carib-export.com\/es\/#website\"},\"primaryImageOfPage\":{\"@id\":\"https:\/\/content.carib-export.com\/es\/our-work\/projects\/digital-transformation\/#primaryimage\"},\"image\":{\"@id\":\"https:\/\/content.carib-export.com\/es\/our-work\/projects\/digital-transformation\/#primaryimage\"},\"thumbnailUrl\":\"https:\/\/content.carib-export.com\/wp-content\/uploads\/2024\/11\/New-website-featured-image-1500-x-1125-69.jpg\",\"datePublished\":\"2025-01-30T16:17:57+00:00\",\"dateModified\":\"2025-02-17T23:38:46+00:00\",\"breadcrumb\":{\"@id\":\"https:\/\/content.carib-export.com\/es\/our-work\/projects\/digital-transformation\/#breadcrumb\"},\"inLanguage\":\"es\",\"potentialAction\":[{\"@type\":\"ReadAction\",\"target\":[\"https:\/\/content.carib-export.com\/es\/our-work\/projects\/digital-transformation\/\"]}]},{\"@type\":\"ImageObject\",\"inLanguage\":\"es\",\"@id\":\"https:\/\/content.carib-export.com\/es\/our-work\/projects\/digital-transformation\/#primaryimage\",\"url\":\"https:\/\/content.carib-export.com\/wp-content\/uploads\/2024\/11\/New-website-featured-image-1500-x-1125-69.jpg\",\"contentUrl\":\"https:\/\/content.carib-export.com\/wp-content\/uploads\/2024\/11\/New-website-featured-image-1500-x-1125-69.jpg\",\"width\":1500,\"height\":1125},{\"@type\":\"BreadcrumbList\",\"@id\":\"https:\/\/content.carib-export.com\/es\/our-work\/projects\/digital-transformation\/#breadcrumb\",\"itemListElement\":[{\"@type\":\"ListItem\",\"position\":1,\"name\":\"Casa\",\"item\":\"https:\/\/content.carib-export.com\/es\/home\/\"},{\"@type\":\"ListItem\",\"position\":2,\"name\":\"Nuestro trabajo\",\"item\":\"https:\/\/content.carib-export.com\/es\/our-work\/\"},{\"@type\":\"ListItem\",\"position\":3,\"name\":\"Proyectos\",\"item\":\"https:\/\/content.carib-export.com\/es\/our-work\/projects\/\"},{\"@type\":\"ListItem\",\"position\":4,\"name\":\"Transformaci\u00f3n digital\"}]},{\"@type\":\"WebSite\",\"@id\":\"https:\/\/content.carib-export.com\/es\/#website\",\"url\":\"https:\/\/content.carib-export.com\/es\/\",\"name\":\"Exportaci\u00f3n del Caribe\",\"description\":\"La \u00fanica agencia regional de promoci\u00f3n del comercio y las inversiones en el grupo de \u00c1frica, el Caribe y el Pac\u00edfico.\",\"publisher\":{\"@id\":\"https:\/\/content.carib-export.com\/es\/#organization\"},\"potentialAction\":[{\"@type\":\"SearchAction\",\"target\":{\"@type\":\"EntryPoint\",\"urlTemplate\":\"https:\/\/content.carib-export.com\/es\/?s={search_term_string}\"},\"query-input\":{\"@type\":\"PropertyValueSpecification\",\"valueRequired\":true,\"valueName\":\"search_term_string\"}}],\"inLanguage\":\"es\"},{\"@type\":\"Organization\",\"@id\":\"https:\/\/content.carib-export.com\/es\/#organization\",\"name\":\"Agencia de Desarrollo de Exportaciones del Caribe\",\"url\":\"https:\/\/content.carib-export.com\/es\/\",\"logo\":{\"@type\":\"ImageObject\",\"inLanguage\":\"es\",\"@id\":\"https:\/\/content.carib-export.com\/es\/#\/schema\/logo\/image\/\",\"url\":\"https:\/\/content.carib-export.com\/wp-content\/uploads\/2013\/03\/CE-Logo-2013.jpg\",\"contentUrl\":\"https:\/\/content.carib-export.com\/wp-content\/uploads\/2013\/03\/CE-Logo-2013.jpg\",\"width\":1024,\"height\":244,\"caption\":\"Agencia de Desarrollo de Exportaciones del Caribe\"},\"image\":{\"@id\":\"https:\/\/content.carib-export.com\/es\/#\/schema\/logo\/image\/\"},\"sameAs\":[\"https:\/\/www.facebook.com\/CaribbeanExport\",\"https:\/\/x.com\/CaribXport\",\"https:\/\/www.instagram.com\/caribbeanexport\",\"https:\/\/www.linkedin.com\/company\/caribbeanexport\",\"https:\/\/www.youtube.com\/user\/TheCaribbeanExport\"]}]}<\/script>\n<!-- \/ Yoast SEO plugin. -->","yoast_head_json":{"title":"Transformaci\u00f3n digital - nombre del Exportaci\u00f3n del Caribe","robots":{"index":"index","follow":"follow","max-snippet":"max-snippet:-1","max-image-preview":"max-image-preview:large","max-video-preview":"max-video-preview:-1"},"canonical":"https:\/\/content.carib-export.com\/es\/our-work\/projects\/digital-transformation\/","og_locale":"es_ES","og_type":"article","og_title":"Transformaci\u00f3n digital - nombre del Exportaci\u00f3n del Caribe","og_description":"Potenciar la innovaci\u00f3n: Transformaci\u00f3n digital en el Caribe En una econom\u00eda global en r\u00e1pida evoluci\u00f3n, adoptar la transformaci\u00f3n digital es esencial para seguir siendo competitivos. Nos dedicamos a capacitar a las empresas caribe\u00f1as mediante tecnolog\u00edas y estrategias digitales de vanguardia. Desde mejorar las capacidades de comercio electr\u00f3nico hasta agilizar las operaciones con herramientas digitales, nuestras [&hellip;]","og_url":"https:\/\/content.carib-export.com\/es\/our-work\/projects\/digital-transformation\/","og_site_name":"Exportaci\u00f3n del Caribe","article_publisher":"https:\/\/www.facebook.com\/CaribbeanExport","article_modified_time":"2025-02-17T23:38:46+00:00","og_image":[{"width":1500,"height":1125,"url":"https:\/\/content.carib-export.com\/wp-content\/uploads\/2024\/11\/New-website-featured-image-1500-x-1125-69.jpg","type":"image\/jpeg"}],"twitter_card":"summary_large_image","twitter_site":"@CaribXport","schema":{"@context":"https:\/\/schema.org","@graph":[{"@type":"WebPage","@id":"https:\/\/content.carib-export.com\/es\/our-work\/projects\/digital-transformation\/","url":"https:\/\/content.carib-export.com\/es\/our-work\/projects\/digital-transformation\/","name":"Transformaci\u00f3n digital - nombre del Exportaci\u00f3n del Caribe","isPartOf":{"@id":"https:\/\/content.carib-export.com\/es\/#website"},"primaryImageOfPage":{"@id":"https:\/\/content.carib-export.com\/es\/our-work\/projects\/digital-transformation\/#primaryimage"},"image":{"@id":"https:\/\/content.carib-export.com\/es\/our-work\/projects\/digital-transformation\/#primaryimage"},"thumbnailUrl":"https:\/\/content.carib-export.com\/wp-content\/uploads\/2024\/11\/New-website-featured-image-1500-x-1125-69.jpg","datePublished":"2025-01-30T16:17:57+00:00","dateModified":"2025-02-17T23:38:46+00:00","breadcrumb":{"@id":"https:\/\/content.carib-export.com\/es\/our-work\/projects\/digital-transformation\/#breadcrumb"},"inLanguage":"es","potentialAction":[{"@type":"ReadAction","target":["https:\/\/content.carib-export.com\/es\/our-work\/projects\/digital-transformation\/"]}]},{"@type":"ImageObject","inLanguage":"es","@id":"https:\/\/content.carib-export.com\/es\/our-work\/projects\/digital-transformation\/#primaryimage","url":"https:\/\/content.carib-export.com\/wp-content\/uploads\/2024\/11\/New-website-featured-image-1500-x-1125-69.jpg","contentUrl":"https:\/\/content.carib-export.com\/wp-content\/uploads\/2024\/11\/New-website-featured-image-1500-x-1125-69.jpg","width":1500,"height":1125},{"@type":"BreadcrumbList","@id":"https:\/\/content.carib-export.com\/es\/our-work\/projects\/digital-transformation\/#breadcrumb","itemListElement":[{"@type":"ListItem","position":1,"name":"Casa","item":"https:\/\/content.carib-export.com\/es\/home\/"},{"@type":"ListItem","position":2,"name":"Nuestro trabajo","item":"https:\/\/content.carib-export.com\/es\/our-work\/"},{"@type":"ListItem","position":3,"name":"Proyectos","item":"https:\/\/content.carib-export.com\/es\/our-work\/projects\/"},{"@type":"ListItem","position":4,"name":"Transformaci\u00f3n digital"}]},{"@type":"WebSite","@id":"https:\/\/content.carib-export.com\/es\/#website","url":"https:\/\/content.carib-export.com\/es\/","name":"Exportaci\u00f3n del Caribe","description":"La \u00fanica agencia regional de promoci\u00f3n del comercio y las inversiones en el grupo de \u00c1frica, el Caribe y el Pac\u00edfico.","publisher":{"@id":"https:\/\/content.carib-export.com\/es\/#organization"},"potentialAction":[{"@type":"SearchAction","target":{"@type":"EntryPoint","urlTemplate":"https:\/\/content.carib-export.com\/es\/?s={search_term_string}"},"query-input":{"@type":"PropertyValueSpecification","valueRequired":true,"valueName":"search_term_string"}}],"inLanguage":"es"},{"@type":"Organization","@id":"https:\/\/content.carib-export.com\/es\/#organization","name":"Agencia de Desarrollo de Exportaciones del Caribe","url":"https:\/\/content.carib-export.com\/es\/","logo":{"@type":"ImageObject","inLanguage":"es","@id":"https:\/\/content.carib-export.com\/es\/#\/schema\/logo\/image\/","url":"https:\/\/content.carib-export.com\/wp-content\/uploads\/2013\/03\/CE-Logo-2013.jpg","contentUrl":"https:\/\/content.carib-export.com\/wp-content\/uploads\/2013\/03\/CE-Logo-2013.jpg","width":1024,"height":244,"caption":"Agencia de Desarrollo de Exportaciones del Caribe"},"image":{"@id":"https:\/\/content.carib-export.com\/es\/#\/schema\/logo\/image\/"},"sameAs":["https:\/\/www.facebook.com\/CaribbeanExport","https:\/\/x.com\/CaribXport","https:\/\/www.instagram.com\/caribbeanexport","https:\/\/www.linkedin.com\/company\/caribbeanexport","https:\/\/www.youtube.com\/user\/TheCaribbeanExport"]}]}},"_links":{"self":[{"href":"https:\/\/content.carib-export.com\/es\/wp-json\/wp\/v2\/pages\/373505","targetHints":{"allow":["GET"]}}],"collection":[{"href":"https:\/\/content.carib-export.com\/es\/wp-json\/wp\/v2\/pages"}],"about":[{"href":"https:\/\/content.carib-export.com\/es\/wp-json\/wp\/v2\/types\/page"}],"author":[{"embeddable":true,"href":"https:\/\/content.carib-export.com\/es\/wp-json\/wp\/v2\/users\/8"}],"replies":[{"embeddable":true,"href":"https:\/\/content.carib-export.com\/es\/wp-json\/wp\/v2\/comments?post=373505"}],"version-history":[{"count":0,"href":"https:\/\/content.carib-export.com\/es\/wp-json\/wp\/v2\/pages\/373505\/revisions"}],"up":[{"embeddable":true,"href":"https:\/\/content.carib-export.com\/es\/wp-json\/wp\/v2\/pages\/308510"}],"wp:featuredmedia":[{"embeddable":true,"href":"https:\/\/content.carib-export.com\/es\/wp-json\/wp\/v2\/media\/325612"}],"wp:attachment":[{"href":"https:\/\/content.carib-export.com\/es\/wp-json\/wp\/v2\/media?parent=373505"}],"wp:term":[{"taxonomy":"post_tag","embeddable":true,"href":"https:\/\/content.carib-export.com\/es\/wp-json\/wp\/v2\/tags?post=373505"}],"curies":[{"name":"wp","href":"https:\/\/api.w.org\/{rel}","templated":true}]}}