{"id":373535,"date":"2025-01-30T12:19:38","date_gmt":"2025-01-30T16:19:38","guid":{"rendered":"https:\/\/demo.content.carib-export.com\/our-work\/projects\/sustainable-development\/"},"modified":"2025-02-17T19:45:21","modified_gmt":"2025-02-17T23:45:21","slug":"sustainable-development","status":"publish","type":"page","link":"https:\/\/content.carib-export.com\/es\/our-work\/projects\/sustainable-development\/","title":{"rendered":"Desarrollo sostenible"},"content":{"rendered":"\n<p>Construir un futuro sostenible para el Caribe<\/p>\n\n<p>En la Agencia Caribe\u00f1a de Desarrollo de las Exportaciones estamos impulsando la transici\u00f3n hacia una econom\u00eda caribe\u00f1a m\u00e1s sostenible e integradora. A trav\u00e9s de nuestros programas de Desarrollo Sostenible, apoyamos a las empresas para que adopten pr\u00e1cticas responsables que equilibren el crecimiento econ\u00f3mico con el bienestar social y la gesti\u00f3n medioambiental. Nuestras iniciativas se centran en fomentar las industrias ecol\u00f3gicas, promover la resiliencia clim\u00e1tica e integrar la sostenibilidad en las estrategias de comercio e inversi\u00f3n. Al dotar a las empresas de las herramientas y los conocimientos necesarios para operar de forma sostenible, estamos creando un futuro en el que las empresas caribe\u00f1as prosperen al tiempo que preservamos nuestros recursos naturales para las generaciones venideras. \u00danete a nosotros para dar forma a un Caribe resiliente y pr\u00f3spero.    <\/p>\n","protected":false},"excerpt":{"rendered":"<p>Construir un futuro sostenible para el Caribe En la Agencia Caribe\u00f1a de Desarrollo de las Exportaciones estamos impulsando la transici\u00f3n hacia una econom\u00eda caribe\u00f1a m\u00e1s sostenible e integradora. A trav\u00e9s de nuestros programas de Desarrollo Sostenible, apoyamos a las empresas para que adopten pr\u00e1cticas responsables que equilibren el crecimiento econ\u00f3mico con el bienestar social y [&hellip;]<\/p>\n","protected":false},"author":8,"featured_media":325292,"parent":308510,"menu_order":2,"comment_status":"closed","ping_status":"closed","template":"project-section.php","meta":{"_acf_changed":false,"inline_featured_image":false,"footnotes":""},"tags":[],"class_list":["post-373535","page","type-page","status-publish","has-post-thumbnail","hentry"],"acf":[],"yoast_head":"<!-- This site is optimized with the Yoast SEO plugin v27.1.1 - https:\/\/yoast.com\/product\/yoast-seo-wordpress\/ -->\n<title>Desarrollo sostenible - nombre del Exportaci\u00f3n del Caribe<\/title>\n<meta name=\"robots\" content=\"index, follow, max-snippet:-1, max-image-preview:large, max-video-preview:-1\" \/>\n<link rel=\"canonical\" href=\"https:\/\/content.carib-export.com\/es\/our-work\/projects\/sustainable-development\/\" \/>\n<meta property=\"og:locale\" content=\"es_ES\" \/>\n<meta property=\"og:type\" content=\"article\" \/>\n<meta property=\"og:title\" content=\"Desarrollo sostenible - nombre del Exportaci\u00f3n del Caribe\" \/>\n<meta property=\"og:description\" content=\"Construir un futuro sostenible para el Caribe En la Agencia Caribe\u00f1a de Desarrollo de las Exportaciones estamos impulsando la transici\u00f3n hacia una econom\u00eda caribe\u00f1a m\u00e1s sostenible e integradora. A trav\u00e9s de nuestros programas de Desarrollo Sostenible, apoyamos a las empresas para que adopten pr\u00e1cticas responsables que equilibren el crecimiento econ\u00f3mico con el bienestar social y [&hellip;]\" \/>\n<meta property=\"og:url\" content=\"https:\/\/content.carib-export.com\/es\/our-work\/projects\/sustainable-development\/\" \/>\n<meta property=\"og:site_name\" content=\"Exportaci\u00f3n del Caribe\" \/>\n<meta property=\"article:publisher\" content=\"https:\/\/www.facebook.com\/CaribbeanExport\" \/>\n<meta property=\"article:modified_time\" content=\"2025-02-17T23:45:21+00:00\" \/>\n<meta property=\"og:image\" content=\"https:\/\/content.carib-export.com\/wp-content\/uploads\/2024\/10\/New-website-featured-image-1500-x-1125-64.jpg\" \/>\n\t<meta property=\"og:image:width\" content=\"1500\" \/>\n\t<meta property=\"og:image:height\" content=\"1125\" \/>\n\t<meta property=\"og:image:type\" content=\"image\/jpeg\" \/>\n<meta name=\"twitter:card\" content=\"summary_large_image\" \/>\n<meta name=\"twitter:site\" content=\"@CaribXport\" \/>\n<meta name=\"twitter:label1\" content=\"Tiempo de lectura\" \/>\n\t<meta name=\"twitter:data1\" content=\"1 minuto\" \/>\n<script type=\"application\/ld+json\" class=\"yoast-schema-graph\">{\"@context\":\"https:\/\/schema.org\",\"@graph\":[{\"@type\":\"WebPage\",\"@id\":\"https:\/\/content.carib-export.com\/es\/our-work\/projects\/sustainable-development\/\",\"url\":\"https:\/\/content.carib-export.com\/es\/our-work\/projects\/sustainable-development\/\",\"name\":\"Desarrollo sostenible - nombre del Exportaci\u00f3n del Caribe\",\"isPartOf\":{\"@id\":\"https:\/\/content.carib-export.com\/es\/#website\"},\"primaryImageOfPage\":{\"@id\":\"https:\/\/content.carib-export.com\/es\/our-work\/projects\/sustainable-development\/#primaryimage\"},\"image\":{\"@id\":\"https:\/\/content.carib-export.com\/es\/our-work\/projects\/sustainable-development\/#primaryimage\"},\"thumbnailUrl\":\"https:\/\/content.carib-export.com\/wp-content\/uploads\/2024\/10\/New-website-featured-image-1500-x-1125-64.jpg\",\"datePublished\":\"2025-01-30T16:19:38+00:00\",\"dateModified\":\"2025-02-17T23:45:21+00:00\",\"breadcrumb\":{\"@id\":\"https:\/\/content.carib-export.com\/es\/our-work\/projects\/sustainable-development\/#breadcrumb\"},\"inLanguage\":\"es\",\"potentialAction\":[{\"@type\":\"ReadAction\",\"target\":[\"https:\/\/content.carib-export.com\/es\/our-work\/projects\/sustainable-development\/\"]}]},{\"@type\":\"ImageObject\",\"inLanguage\":\"es\",\"@id\":\"https:\/\/content.carib-export.com\/es\/our-work\/projects\/sustainable-development\/#primaryimage\",\"url\":\"https:\/\/content.carib-export.com\/wp-content\/uploads\/2024\/10\/New-website-featured-image-1500-x-1125-64.jpg\",\"contentUrl\":\"https:\/\/content.carib-export.com\/wp-content\/uploads\/2024\/10\/New-website-featured-image-1500-x-1125-64.jpg\",\"width\":1500,\"height\":1125},{\"@type\":\"BreadcrumbList\",\"@id\":\"https:\/\/content.carib-export.com\/es\/our-work\/projects\/sustainable-development\/#breadcrumb\",\"itemListElement\":[{\"@type\":\"ListItem\",\"position\":1,\"name\":\"Casa\",\"item\":\"https:\/\/content.carib-export.com\/es\/home\/\"},{\"@type\":\"ListItem\",\"position\":2,\"name\":\"Nuestro trabajo\",\"item\":\"https:\/\/content.carib-export.com\/es\/our-work\/\"},{\"@type\":\"ListItem\",\"position\":3,\"name\":\"Proyectos\",\"item\":\"https:\/\/content.carib-export.com\/es\/our-work\/projects\/\"},{\"@type\":\"ListItem\",\"position\":4,\"name\":\"Desarrollo sostenible\"}]},{\"@type\":\"WebSite\",\"@id\":\"https:\/\/content.carib-export.com\/es\/#website\",\"url\":\"https:\/\/content.carib-export.com\/es\/\",\"name\":\"Exportaci\u00f3n del Caribe\",\"description\":\"La \u00fanica agencia regional de promoci\u00f3n del comercio y las inversiones en el grupo de \u00c1frica, el Caribe y el Pac\u00edfico.\",\"publisher\":{\"@id\":\"https:\/\/content.carib-export.com\/es\/#organization\"},\"potentialAction\":[{\"@type\":\"SearchAction\",\"target\":{\"@type\":\"EntryPoint\",\"urlTemplate\":\"https:\/\/content.carib-export.com\/es\/?s={search_term_string}\"},\"query-input\":{\"@type\":\"PropertyValueSpecification\",\"valueRequired\":true,\"valueName\":\"search_term_string\"}}],\"inLanguage\":\"es\"},{\"@type\":\"Organization\",\"@id\":\"https:\/\/content.carib-export.com\/es\/#organization\",\"name\":\"Agencia de Desarrollo de Exportaciones del Caribe\",\"url\":\"https:\/\/content.carib-export.com\/es\/\",\"logo\":{\"@type\":\"ImageObject\",\"inLanguage\":\"es\",\"@id\":\"https:\/\/content.carib-export.com\/es\/#\/schema\/logo\/image\/\",\"url\":\"https:\/\/content.carib-export.com\/wp-content\/uploads\/2013\/03\/CE-Logo-2013.jpg\",\"contentUrl\":\"https:\/\/content.carib-export.com\/wp-content\/uploads\/2013\/03\/CE-Logo-2013.jpg\",\"width\":1024,\"height\":244,\"caption\":\"Agencia de Desarrollo de Exportaciones del Caribe\"},\"image\":{\"@id\":\"https:\/\/content.carib-export.com\/es\/#\/schema\/logo\/image\/\"},\"sameAs\":[\"https:\/\/www.facebook.com\/CaribbeanExport\",\"https:\/\/x.com\/CaribXport\",\"https:\/\/www.instagram.com\/caribbeanexport\",\"https:\/\/www.linkedin.com\/company\/caribbeanexport\",\"https:\/\/www.youtube.com\/user\/TheCaribbeanExport\"]}]}<\/script>\n<!-- \/ Yoast SEO plugin. -->","yoast_head_json":{"title":"Desarrollo sostenible - nombre del Exportaci\u00f3n del Caribe","robots":{"index":"index","follow":"follow","max-snippet":"max-snippet:-1","max-image-preview":"max-image-preview:large","max-video-preview":"max-video-preview:-1"},"canonical":"https:\/\/content.carib-export.com\/es\/our-work\/projects\/sustainable-development\/","og_locale":"es_ES","og_type":"article","og_title":"Desarrollo sostenible - nombre del Exportaci\u00f3n del Caribe","og_description":"Construir un futuro sostenible para el Caribe En la Agencia Caribe\u00f1a de Desarrollo de las Exportaciones estamos impulsando la transici\u00f3n hacia una econom\u00eda caribe\u00f1a m\u00e1s sostenible e integradora. A trav\u00e9s de nuestros programas de Desarrollo Sostenible, apoyamos a las empresas para que adopten pr\u00e1cticas responsables que equilibren el crecimiento econ\u00f3mico con el bienestar social y [&hellip;]","og_url":"https:\/\/content.carib-export.com\/es\/our-work\/projects\/sustainable-development\/","og_site_name":"Exportaci\u00f3n del Caribe","article_publisher":"https:\/\/www.facebook.com\/CaribbeanExport","article_modified_time":"2025-02-17T23:45:21+00:00","og_image":[{"width":1500,"height":1125,"url":"https:\/\/content.carib-export.com\/wp-content\/uploads\/2024\/10\/New-website-featured-image-1500-x-1125-64.jpg","type":"image\/jpeg"}],"twitter_card":"summary_large_image","twitter_site":"@CaribXport","twitter_misc":{"Tiempo de lectura":"1 minuto"},"schema":{"@context":"https:\/\/schema.org","@graph":[{"@type":"WebPage","@id":"https:\/\/content.carib-export.com\/es\/our-work\/projects\/sustainable-development\/","url":"https:\/\/content.carib-export.com\/es\/our-work\/projects\/sustainable-development\/","name":"Desarrollo sostenible - nombre del Exportaci\u00f3n del Caribe","isPartOf":{"@id":"https:\/\/content.carib-export.com\/es\/#website"},"primaryImageOfPage":{"@id":"https:\/\/content.carib-export.com\/es\/our-work\/projects\/sustainable-development\/#primaryimage"},"image":{"@id":"https:\/\/content.carib-export.com\/es\/our-work\/projects\/sustainable-development\/#primaryimage"},"thumbnailUrl":"https:\/\/content.carib-export.com\/wp-content\/uploads\/2024\/10\/New-website-featured-image-1500-x-1125-64.jpg","datePublished":"2025-01-30T16:19:38+00:00","dateModified":"2025-02-17T23:45:21+00:00","breadcrumb":{"@id":"https:\/\/content.carib-export.com\/es\/our-work\/projects\/sustainable-development\/#breadcrumb"},"inLanguage":"es","potentialAction":[{"@type":"ReadAction","target":["https:\/\/content.carib-export.com\/es\/our-work\/projects\/sustainable-development\/"]}]},{"@type":"ImageObject","inLanguage":"es","@id":"https:\/\/content.carib-export.com\/es\/our-work\/projects\/sustainable-development\/#primaryimage","url":"https:\/\/content.carib-export.com\/wp-content\/uploads\/2024\/10\/New-website-featured-image-1500-x-1125-64.jpg","contentUrl":"https:\/\/content.carib-export.com\/wp-content\/uploads\/2024\/10\/New-website-featured-image-1500-x-1125-64.jpg","width":1500,"height":1125},{"@type":"BreadcrumbList","@id":"https:\/\/content.carib-export.com\/es\/our-work\/projects\/sustainable-development\/#breadcrumb","itemListElement":[{"@type":"ListItem","position":1,"name":"Casa","item":"https:\/\/content.carib-export.com\/es\/home\/"},{"@type":"ListItem","position":2,"name":"Nuestro trabajo","item":"https:\/\/content.carib-export.com\/es\/our-work\/"},{"@type":"ListItem","position":3,"name":"Proyectos","item":"https:\/\/content.carib-export.com\/es\/our-work\/projects\/"},{"@type":"ListItem","position":4,"name":"Desarrollo sostenible"}]},{"@type":"WebSite","@id":"https:\/\/content.carib-export.com\/es\/#website","url":"https:\/\/content.carib-export.com\/es\/","name":"Exportaci\u00f3n del Caribe","description":"La \u00fanica agencia regional de promoci\u00f3n del comercio y las inversiones en el grupo de \u00c1frica, el Caribe y el Pac\u00edfico.","publisher":{"@id":"https:\/\/content.carib-export.com\/es\/#organization"},"potentialAction":[{"@type":"SearchAction","target":{"@type":"EntryPoint","urlTemplate":"https:\/\/content.carib-export.com\/es\/?s={search_term_string}"},"query-input":{"@type":"PropertyValueSpecification","valueRequired":true,"valueName":"search_term_string"}}],"inLanguage":"es"},{"@type":"Organization","@id":"https:\/\/content.carib-export.com\/es\/#organization","name":"Agencia de Desarrollo de Exportaciones del Caribe","url":"https:\/\/content.carib-export.com\/es\/","logo":{"@type":"ImageObject","inLanguage":"es","@id":"https:\/\/content.carib-export.com\/es\/#\/schema\/logo\/image\/","url":"https:\/\/content.carib-export.com\/wp-content\/uploads\/2013\/03\/CE-Logo-2013.jpg","contentUrl":"https:\/\/content.carib-export.com\/wp-content\/uploads\/2013\/03\/CE-Logo-2013.jpg","width":1024,"height":244,"caption":"Agencia de Desarrollo de Exportaciones del Caribe"},"image":{"@id":"https:\/\/content.carib-export.com\/es\/#\/schema\/logo\/image\/"},"sameAs":["https:\/\/www.facebook.com\/CaribbeanExport","https:\/\/x.com\/CaribXport","https:\/\/www.instagram.com\/caribbeanexport","https:\/\/www.linkedin.com\/company\/caribbeanexport","https:\/\/www.youtube.com\/user\/TheCaribbeanExport"]}]}},"_links":{"self":[{"href":"https:\/\/content.carib-export.com\/es\/wp-json\/wp\/v2\/pages\/373535","targetHints":{"allow":["GET"]}}],"collection":[{"href":"https:\/\/content.carib-export.com\/es\/wp-json\/wp\/v2\/pages"}],"about":[{"href":"https:\/\/content.carib-export.com\/es\/wp-json\/wp\/v2\/types\/page"}],"author":[{"embeddable":true,"href":"https:\/\/content.carib-export.com\/es\/wp-json\/wp\/v2\/users\/8"}],"replies":[{"embeddable":true,"href":"https:\/\/content.carib-export.com\/es\/wp-json\/wp\/v2\/comments?post=373535"}],"version-history":[{"count":0,"href":"https:\/\/content.carib-export.com\/es\/wp-json\/wp\/v2\/pages\/373535\/revisions"}],"up":[{"embeddable":true,"href":"https:\/\/content.carib-export.com\/es\/wp-json\/wp\/v2\/pages\/308510"}],"wp:featuredmedia":[{"embeddable":true,"href":"https:\/\/content.carib-export.com\/es\/wp-json\/wp\/v2\/media\/325292"}],"wp:attachment":[{"href":"https:\/\/content.carib-export.com\/es\/wp-json\/wp\/v2\/media?parent=373535"}],"wp:term":[{"taxonomy":"post_tag","embeddable":true,"href":"https:\/\/content.carib-export.com\/es\/wp-json\/wp\/v2\/tags?post=373535"}],"curies":[{"name":"wp","href":"https:\/\/api.w.org\/{rel}","templated":true}]}}