{"id":373544,"date":"2025-01-30T12:16:12","date_gmt":"2025-01-30T16:16:12","guid":{"rendered":"https:\/\/demo.content.carib-export.com\/our-work\/projects\/transition-to-a-green-economy\/"},"modified":"2025-03-02T00:02:57","modified_gmt":"2025-03-02T04:02:57","slug":"transition-to-a-green-economy","status":"publish","type":"page","link":"https:\/\/content.carib-export.com\/es\/our-work\/projects\/transition-to-a-green-economy\/","title":{"rendered":"Transici\u00f3n a una econom\u00eda verde"},"content":{"rendered":"\n<p>Abriendo camino: La transici\u00f3n a una econom\u00eda verde en el Caribe <\/p>\n\n<p>La transici\u00f3n a una econom\u00eda verde no es s\u00f3lo una necesidad; es una oportunidad para el crecimiento sostenible y la innovaci\u00f3n. Nos comprometemos a guiar al Caribe hacia un modelo econ\u00f3mico m\u00e1s sostenible e integrador. A trav\u00e9s de nuestros programas, apoyamos a las empresas para que adopten pr\u00e1cticas ecol\u00f3gicas, inviertan en energ\u00edas renovables y desarrollen industrias verdes. \u00danete a nosotros en el camino hacia un futuro vibrante, resistente y sostenible en el que el desarrollo econ\u00f3mico vaya de la mano de la gesti\u00f3n medioambiental.    <\/p>\n","protected":false},"excerpt":{"rendered":"<p>Abriendo camino: La transici\u00f3n a una econom\u00eda verde en el Caribe La transici\u00f3n a una econom\u00eda verde no es s\u00f3lo una necesidad; es una oportunidad para el crecimiento sostenible y la innovaci\u00f3n. Nos comprometemos a guiar al Caribe hacia un modelo econ\u00f3mico m\u00e1s sostenible e integrador. A trav\u00e9s de nuestros programas, apoyamos a las empresas [&hellip;]<\/p>\n","protected":false},"author":8,"featured_media":376399,"parent":308510,"menu_order":3,"comment_status":"closed","ping_status":"closed","template":"project-section.php","meta":{"_acf_changed":false,"inline_featured_image":false,"footnotes":""},"tags":[],"class_list":["post-373544","page","type-page","status-publish","has-post-thumbnail","hentry"],"acf":[],"yoast_head":"<!-- This site is optimized with the Yoast SEO plugin v27.1.1 - https:\/\/yoast.com\/product\/yoast-seo-wordpress\/ -->\n<title>Transici\u00f3n a una econom\u00eda verde - nombre del Exportaci\u00f3n del Caribe<\/title>\n<meta name=\"robots\" content=\"index, follow, max-snippet:-1, max-image-preview:large, max-video-preview:-1\" \/>\n<link rel=\"canonical\" href=\"https:\/\/content.carib-export.com\/es\/our-work\/projects\/transition-to-a-green-economy\/\" \/>\n<meta property=\"og:locale\" content=\"es_ES\" \/>\n<meta property=\"og:type\" content=\"article\" \/>\n<meta property=\"og:title\" content=\"Transici\u00f3n a una econom\u00eda verde - nombre del Exportaci\u00f3n del Caribe\" \/>\n<meta property=\"og:description\" content=\"Abriendo camino: La transici\u00f3n a una econom\u00eda verde en el Caribe La transici\u00f3n a una econom\u00eda verde no es s\u00f3lo una necesidad; es una oportunidad para el crecimiento sostenible y la innovaci\u00f3n. Nos comprometemos a guiar al Caribe hacia un modelo econ\u00f3mico m\u00e1s sostenible e integrador. A trav\u00e9s de nuestros programas, apoyamos a las empresas [&hellip;]\" \/>\n<meta property=\"og:url\" content=\"https:\/\/content.carib-export.com\/es\/our-work\/projects\/transition-to-a-green-economy\/\" \/>\n<meta property=\"og:site_name\" content=\"Exportaci\u00f3n del Caribe\" \/>\n<meta property=\"article:publisher\" content=\"https:\/\/www.facebook.com\/CaribbeanExport\" \/>\n<meta property=\"article:modified_time\" content=\"2025-03-02T04:02:57+00:00\" \/>\n<meta property=\"og:image\" content=\"https:\/\/content.carib-export.com\/wp-content\/uploads\/2025\/03\/Environmental-and-Social-Safeguards-Policy-1024x768.png\" \/>\n\t<meta property=\"og:image:width\" content=\"1024\" \/>\n\t<meta property=\"og:image:height\" content=\"768\" \/>\n\t<meta property=\"og:image:type\" content=\"image\/png\" \/>\n<meta name=\"twitter:card\" content=\"summary_large_image\" \/>\n<meta name=\"twitter:site\" content=\"@CaribXport\" \/>\n<meta name=\"twitter:label1\" content=\"Tiempo de lectura\" \/>\n\t<meta name=\"twitter:data1\" content=\"1 minuto\" \/>\n<script type=\"application\/ld+json\" class=\"yoast-schema-graph\">{\"@context\":\"https:\/\/schema.org\",\"@graph\":[{\"@type\":\"WebPage\",\"@id\":\"https:\/\/content.carib-export.com\/es\/our-work\/projects\/transition-to-a-green-economy\/\",\"url\":\"https:\/\/content.carib-export.com\/es\/our-work\/projects\/transition-to-a-green-economy\/\",\"name\":\"Transici\u00f3n a una econom\u00eda verde - nombre del Exportaci\u00f3n del Caribe\",\"isPartOf\":{\"@id\":\"https:\/\/content.carib-export.com\/es\/#website\"},\"primaryImageOfPage\":{\"@id\":\"https:\/\/content.carib-export.com\/es\/our-work\/projects\/transition-to-a-green-economy\/#primaryimage\"},\"image\":{\"@id\":\"https:\/\/content.carib-export.com\/es\/our-work\/projects\/transition-to-a-green-economy\/#primaryimage\"},\"thumbnailUrl\":\"https:\/\/content.carib-export.com\/wp-content\/uploads\/2025\/03\/Environmental-and-Social-Safeguards-Policy.png\",\"datePublished\":\"2025-01-30T16:16:12+00:00\",\"dateModified\":\"2025-03-02T04:02:57+00:00\",\"breadcrumb\":{\"@id\":\"https:\/\/content.carib-export.com\/es\/our-work\/projects\/transition-to-a-green-economy\/#breadcrumb\"},\"inLanguage\":\"es\",\"potentialAction\":[{\"@type\":\"ReadAction\",\"target\":[\"https:\/\/content.carib-export.com\/es\/our-work\/projects\/transition-to-a-green-economy\/\"]}]},{\"@type\":\"ImageObject\",\"inLanguage\":\"es\",\"@id\":\"https:\/\/content.carib-export.com\/es\/our-work\/projects\/transition-to-a-green-economy\/#primaryimage\",\"url\":\"https:\/\/content.carib-export.com\/wp-content\/uploads\/2025\/03\/Environmental-and-Social-Safeguards-Policy.png\",\"contentUrl\":\"https:\/\/content.carib-export.com\/wp-content\/uploads\/2025\/03\/Environmental-and-Social-Safeguards-Policy.png\",\"width\":1500,\"height\":1125},{\"@type\":\"BreadcrumbList\",\"@id\":\"https:\/\/content.carib-export.com\/es\/our-work\/projects\/transition-to-a-green-economy\/#breadcrumb\",\"itemListElement\":[{\"@type\":\"ListItem\",\"position\":1,\"name\":\"Casa\",\"item\":\"https:\/\/content.carib-export.com\/es\/home\/\"},{\"@type\":\"ListItem\",\"position\":2,\"name\":\"Nuestro trabajo\",\"item\":\"https:\/\/content.carib-export.com\/es\/our-work\/\"},{\"@type\":\"ListItem\",\"position\":3,\"name\":\"Proyectos\",\"item\":\"https:\/\/content.carib-export.com\/es\/our-work\/projects\/\"},{\"@type\":\"ListItem\",\"position\":4,\"name\":\"Transici\u00f3n a una econom\u00eda verde\"}]},{\"@type\":\"WebSite\",\"@id\":\"https:\/\/content.carib-export.com\/es\/#website\",\"url\":\"https:\/\/content.carib-export.com\/es\/\",\"name\":\"Exportaci\u00f3n del Caribe\",\"description\":\"La \u00fanica agencia regional de promoci\u00f3n del comercio y las inversiones en el grupo de \u00c1frica, el Caribe y el Pac\u00edfico.\",\"publisher\":{\"@id\":\"https:\/\/content.carib-export.com\/es\/#organization\"},\"potentialAction\":[{\"@type\":\"SearchAction\",\"target\":{\"@type\":\"EntryPoint\",\"urlTemplate\":\"https:\/\/content.carib-export.com\/es\/?s={search_term_string}\"},\"query-input\":{\"@type\":\"PropertyValueSpecification\",\"valueRequired\":true,\"valueName\":\"search_term_string\"}}],\"inLanguage\":\"es\"},{\"@type\":\"Organization\",\"@id\":\"https:\/\/content.carib-export.com\/es\/#organization\",\"name\":\"Agencia de Desarrollo de Exportaciones del Caribe\",\"url\":\"https:\/\/content.carib-export.com\/es\/\",\"logo\":{\"@type\":\"ImageObject\",\"inLanguage\":\"es\",\"@id\":\"https:\/\/content.carib-export.com\/es\/#\/schema\/logo\/image\/\",\"url\":\"https:\/\/content.carib-export.com\/wp-content\/uploads\/2013\/03\/CE-Logo-2013.jpg\",\"contentUrl\":\"https:\/\/content.carib-export.com\/wp-content\/uploads\/2013\/03\/CE-Logo-2013.jpg\",\"width\":1024,\"height\":244,\"caption\":\"Agencia de Desarrollo de Exportaciones del Caribe\"},\"image\":{\"@id\":\"https:\/\/content.carib-export.com\/es\/#\/schema\/logo\/image\/\"},\"sameAs\":[\"https:\/\/www.facebook.com\/CaribbeanExport\",\"https:\/\/x.com\/CaribXport\",\"https:\/\/www.instagram.com\/caribbeanexport\",\"https:\/\/www.linkedin.com\/company\/caribbeanexport\",\"https:\/\/www.youtube.com\/user\/TheCaribbeanExport\"]}]}<\/script>\n<!-- \/ Yoast SEO plugin. -->","yoast_head_json":{"title":"Transici\u00f3n a una econom\u00eda verde - nombre del Exportaci\u00f3n del Caribe","robots":{"index":"index","follow":"follow","max-snippet":"max-snippet:-1","max-image-preview":"max-image-preview:large","max-video-preview":"max-video-preview:-1"},"canonical":"https:\/\/content.carib-export.com\/es\/our-work\/projects\/transition-to-a-green-economy\/","og_locale":"es_ES","og_type":"article","og_title":"Transici\u00f3n a una econom\u00eda verde - nombre del Exportaci\u00f3n del Caribe","og_description":"Abriendo camino: La transici\u00f3n a una econom\u00eda verde en el Caribe La transici\u00f3n a una econom\u00eda verde no es s\u00f3lo una necesidad; es una oportunidad para el crecimiento sostenible y la innovaci\u00f3n. Nos comprometemos a guiar al Caribe hacia un modelo econ\u00f3mico m\u00e1s sostenible e integrador. A trav\u00e9s de nuestros programas, apoyamos a las empresas [&hellip;]","og_url":"https:\/\/content.carib-export.com\/es\/our-work\/projects\/transition-to-a-green-economy\/","og_site_name":"Exportaci\u00f3n del Caribe","article_publisher":"https:\/\/www.facebook.com\/CaribbeanExport","article_modified_time":"2025-03-02T04:02:57+00:00","og_image":[{"width":1024,"height":768,"url":"https:\/\/content.carib-export.com\/wp-content\/uploads\/2025\/03\/Environmental-and-Social-Safeguards-Policy-1024x768.png","type":"image\/png"}],"twitter_card":"summary_large_image","twitter_site":"@CaribXport","twitter_misc":{"Tiempo de lectura":"1 minuto"},"schema":{"@context":"https:\/\/schema.org","@graph":[{"@type":"WebPage","@id":"https:\/\/content.carib-export.com\/es\/our-work\/projects\/transition-to-a-green-economy\/","url":"https:\/\/content.carib-export.com\/es\/our-work\/projects\/transition-to-a-green-economy\/","name":"Transici\u00f3n a una econom\u00eda verde - nombre del Exportaci\u00f3n del Caribe","isPartOf":{"@id":"https:\/\/content.carib-export.com\/es\/#website"},"primaryImageOfPage":{"@id":"https:\/\/content.carib-export.com\/es\/our-work\/projects\/transition-to-a-green-economy\/#primaryimage"},"image":{"@id":"https:\/\/content.carib-export.com\/es\/our-work\/projects\/transition-to-a-green-economy\/#primaryimage"},"thumbnailUrl":"https:\/\/content.carib-export.com\/wp-content\/uploads\/2025\/03\/Environmental-and-Social-Safeguards-Policy.png","datePublished":"2025-01-30T16:16:12+00:00","dateModified":"2025-03-02T04:02:57+00:00","breadcrumb":{"@id":"https:\/\/content.carib-export.com\/es\/our-work\/projects\/transition-to-a-green-economy\/#breadcrumb"},"inLanguage":"es","potentialAction":[{"@type":"ReadAction","target":["https:\/\/content.carib-export.com\/es\/our-work\/projects\/transition-to-a-green-economy\/"]}]},{"@type":"ImageObject","inLanguage":"es","@id":"https:\/\/content.carib-export.com\/es\/our-work\/projects\/transition-to-a-green-economy\/#primaryimage","url":"https:\/\/content.carib-export.com\/wp-content\/uploads\/2025\/03\/Environmental-and-Social-Safeguards-Policy.png","contentUrl":"https:\/\/content.carib-export.com\/wp-content\/uploads\/2025\/03\/Environmental-and-Social-Safeguards-Policy.png","width":1500,"height":1125},{"@type":"BreadcrumbList","@id":"https:\/\/content.carib-export.com\/es\/our-work\/projects\/transition-to-a-green-economy\/#breadcrumb","itemListElement":[{"@type":"ListItem","position":1,"name":"Casa","item":"https:\/\/content.carib-export.com\/es\/home\/"},{"@type":"ListItem","position":2,"name":"Nuestro trabajo","item":"https:\/\/content.carib-export.com\/es\/our-work\/"},{"@type":"ListItem","position":3,"name":"Proyectos","item":"https:\/\/content.carib-export.com\/es\/our-work\/projects\/"},{"@type":"ListItem","position":4,"name":"Transici\u00f3n a una econom\u00eda verde"}]},{"@type":"WebSite","@id":"https:\/\/content.carib-export.com\/es\/#website","url":"https:\/\/content.carib-export.com\/es\/","name":"Exportaci\u00f3n del Caribe","description":"La \u00fanica agencia regional de promoci\u00f3n del comercio y las inversiones en el grupo de \u00c1frica, el Caribe y el Pac\u00edfico.","publisher":{"@id":"https:\/\/content.carib-export.com\/es\/#organization"},"potentialAction":[{"@type":"SearchAction","target":{"@type":"EntryPoint","urlTemplate":"https:\/\/content.carib-export.com\/es\/?s={search_term_string}"},"query-input":{"@type":"PropertyValueSpecification","valueRequired":true,"valueName":"search_term_string"}}],"inLanguage":"es"},{"@type":"Organization","@id":"https:\/\/content.carib-export.com\/es\/#organization","name":"Agencia de Desarrollo de Exportaciones del Caribe","url":"https:\/\/content.carib-export.com\/es\/","logo":{"@type":"ImageObject","inLanguage":"es","@id":"https:\/\/content.carib-export.com\/es\/#\/schema\/logo\/image\/","url":"https:\/\/content.carib-export.com\/wp-content\/uploads\/2013\/03\/CE-Logo-2013.jpg","contentUrl":"https:\/\/content.carib-export.com\/wp-content\/uploads\/2013\/03\/CE-Logo-2013.jpg","width":1024,"height":244,"caption":"Agencia de Desarrollo de Exportaciones del Caribe"},"image":{"@id":"https:\/\/content.carib-export.com\/es\/#\/schema\/logo\/image\/"},"sameAs":["https:\/\/www.facebook.com\/CaribbeanExport","https:\/\/x.com\/CaribXport","https:\/\/www.instagram.com\/caribbeanexport","https:\/\/www.linkedin.com\/company\/caribbeanexport","https:\/\/www.youtube.com\/user\/TheCaribbeanExport"]}]}},"_links":{"self":[{"href":"https:\/\/content.carib-export.com\/es\/wp-json\/wp\/v2\/pages\/373544","targetHints":{"allow":["GET"]}}],"collection":[{"href":"https:\/\/content.carib-export.com\/es\/wp-json\/wp\/v2\/pages"}],"about":[{"href":"https:\/\/content.carib-export.com\/es\/wp-json\/wp\/v2\/types\/page"}],"author":[{"embeddable":true,"href":"https:\/\/content.carib-export.com\/es\/wp-json\/wp\/v2\/users\/8"}],"replies":[{"embeddable":true,"href":"https:\/\/content.carib-export.com\/es\/wp-json\/wp\/v2\/comments?post=373544"}],"version-history":[{"count":0,"href":"https:\/\/content.carib-export.com\/es\/wp-json\/wp\/v2\/pages\/373544\/revisions"}],"up":[{"embeddable":true,"href":"https:\/\/content.carib-export.com\/es\/wp-json\/wp\/v2\/pages\/308510"}],"wp:featuredmedia":[{"embeddable":true,"href":"https:\/\/content.carib-export.com\/es\/wp-json\/wp\/v2\/media\/376399"}],"wp:attachment":[{"href":"https:\/\/content.carib-export.com\/es\/wp-json\/wp\/v2\/media?parent=373544"}],"wp:term":[{"taxonomy":"post_tag","embeddable":true,"href":"https:\/\/content.carib-export.com\/es\/wp-json\/wp\/v2\/tags?post=373544"}],"curies":[{"name":"wp","href":"https:\/\/api.w.org\/{rel}","templated":true}]}}