{"id":382043,"date":"2025-09-24T15:57:05","date_gmt":"2025-09-24T19:57:05","guid":{"rendered":"https:\/\/content.carib-export.com\/resources\/funding\/building-resilient-innovation-for-digital-green-enterprises-bridge-2025\/"},"modified":"2025-11-03T09:27:26","modified_gmt":"2025-11-03T13:27:26","slug":"bridge","status":"publish","type":"page","link":"https:\/\/content.carib-export.com\/es\/resources\/funding\/bridge\/","title":{"rendered":"Construir una innovaci\u00f3n resistente para empresas digitales y ecol\u00f3gicas (BRIDGE) 2025"},"content":{"rendered":"\n<h2 class=\"wp-block-heading has-black-color has-text-color has-link-color wp-elements-43a389bf35c6322550f09c03981e3b4f\">Capacitar a las empresas mediante la cofinanciaci\u00f3n para un futuro ecol\u00f3gico, inteligente y conectado<\/h2>\n\n<p><\/p>\n\n<p>El mecanismo Building Resilient Innovation for Digital &amp; Green Enterprises (BRIDGE) est\u00e1 financiado por la Uni\u00f3n Europea en el marco de la Iniciativa Global Gateway y ejecutado por la Agencia Caribe\u00f1a de Desarrollo de las Exportaciones. Este mecanismo proporciona apoyo de cofinanciaci\u00f3n para ayudar a las empresas caribe\u00f1as a ser m\u00e1s <strong>sostenibles, digitales y competitivas a escala mundial<\/strong>. <\/p>\n\n<p>Las empresas pueden presentar su candidatura por <strong>dos v\u00edas espec\u00edficas<\/strong>:<\/p>\n\n<ul class=\"wp-block-list\">\n<li><strong>Transici\u00f3n Verde:<\/strong>apoyo a los modelos empresariales sostenibles desde el punto de vista medioambiental<\/li>\n\n\n\n<li><strong>Transformaci\u00f3n digital:<\/strong>aprovechar la tecnolog\u00eda digital para mejorar la eficacia empresarial  <\/li>\n<\/ul>\n\n<p><\/p>\n\n<p><\/p>\n\n<h3 class=\"wp-block-heading\"><strong>\u00bfPor qu\u00e9 solicitarlo?<\/strong><\/h3>\n\n<ul class=\"wp-block-list\">\n<li>Conseguir hasta 100.000 euros de <strong>ayuda financiera<\/strong> de la Uni\u00f3n Europea (hasta el 60% de los costes subvencionables del proyecto).  <\/li>\n\n\n\n<li>Refuerza tu competitividad y tu preparaci\u00f3n para la exportaci\u00f3n<\/li>\n\n\n\n<li>Aumentar la resiliencia mediante la <strong>sostenibilidad y la adopci\u00f3n digital<\/strong><\/li>\n\n\n\n<li>Apoyo a las <strong>empresas dirigidas por mujeres, j\u00f3venes y de base rural<\/strong><\/li>\n<\/ul>\n\n<p><\/p>\n\n<h3 class=\"wp-block-heading\"><strong><strong>Transici\u00f3n<\/strong> Verde<\/strong><\/h3>\n\n<p>Financiaci\u00f3n de proyectos que reduzcan el impacto medioambiental, mejoren la eficiencia de los recursos y ampl\u00eden la innovaci\u00f3n ecol\u00f3gica.<\/p>\n\n<p><strong>Qu\u00e9 financiamos:<\/strong><\/p>\n\n<ul class=\"wp-block-list\">\n<li>Energ\u00edas renovables y eficiencia energ\u00e9tica<\/li>\n\n\n\n<li>Soluciones de econom\u00eda circular (reciclaje, conversi\u00f3n de residuos en energ\u00eda, productos biodegradables)<\/li>\n\n\n\n<li>Agricultura sostenible y agrosilvicultura<\/li>\n\n\n\n<li>Proyectos de econom\u00eda azul<\/li>\n\n\n\n<li>Certificaciones verdes y normas ESG<\/li>\n<\/ul>\n\n<p><strong>Financiaci\u00f3n disponible:<\/strong><\/p>\n\n<ul class=\"wp-block-list\">\n<li>Hasta 100.000 euros de financiaci\u00f3n de la UE.  <\/li>\n\n\n\n<li>Hasta el 60% de los costes subvencionables.  <\/li>\n\n\n\n<li>Los candidatos seleccionados deber\u00e1n aportar al menos un 40% como cofinanciaci\u00f3n.<\/li>\n\n\n\n<li>Plazo de ejecuci\u00f3n: hasta 15 meses.<\/li>\n<\/ul>\n\n<h1 class=\"wp-block-heading\"><strong><a href=\"https:\/\/content.carib-export.com\/es\/opportunities\/green-transition-bridge\/\" target=\"_blank\" rel=\"noreferrer noopener\">Explora la Transici\u00f3n Verde<\/a><\/strong><\/h1>\n\n<p><\/p>\n\n<h3 class=\"wp-block-heading\"><strong><strong>Transformaci\u00f3n<\/strong> digital<\/strong><\/h3>\n\n<p>Financiaci\u00f3n para proyectos que ayuden a las empresas a adoptar tecnolog\u00edas digitales, reforzar la competitividad y ampliar el alcance del mercado.<\/p>\n\n<p><strong>Qu\u00e9 financiamos:<\/strong><\/p>\n\n<ul class=\"wp-block-list\">\n<li>Plataformas de comercio electr\u00f3nico y marketing digital<\/li>\n\n\n\n<li>Automatizaci\u00f3n de procesos empresariales (CRM, ERP, contabilidad en la nube)<\/li>\n\n\n\n<li>Ciberseguridad y protecci\u00f3n de datos<\/li>\n\n\n\n<li>Aplicaciones m\u00f3viles y desarrollo de productos digitales<\/li>\n\n\n\n<li>Digitalizaci\u00f3n de la cadena de suministro y pagos electr\u00f3nicos<\/li>\n\n\n\n<li>Formaci\u00f3n en competencias digitales del personal<\/li>\n<\/ul>\n\n<p><strong>Financiaci\u00f3n disponible:<\/strong><\/p>\n\n<ul class=\"wp-block-list\">\n<li>Hasta 50.000 euros Financiaci\u00f3n de la UE.<\/li>\n\n\n\n<li>Hasta el 60% de los costes subvencionables.<\/li>\n\n\n\n<li>Los candidatos seleccionados deber\u00e1n aportar al menos un 40% como cofinanciaci\u00f3n.<\/li>\n\n\n\n<li>Plazo de ejecuci\u00f3n: hasta 12 meses.<\/li>\n<\/ul>\n\n<h1 class=\"wp-block-heading\"><strong><a href=\"https:\/\/content.carib-export.com\/es\/opportunities\/digital-transformation-bridge\/\" target=\"_blank\" rel=\"noreferrer noopener\">Explora la transformaci\u00f3n digital<\/a><\/strong><\/h1>\n\n<p><\/p>\n\n<h3 class=\"wp-block-heading\"><strong>C\u00f3mo solicitarlo<\/strong><\/h3>\n\n<ol start=\"1\" class=\"wp-block-list\">\n<li>Selecciona tu corriente para revisar y completar todas las directrices y documentos de solicitud<\/li>\n\n\n\n<li>Submit your completed application by email before <strong>Deadline Date- December 2, 2025 4:30 PM AST<\/strong>.*<\/li>\n\n\n\n<li>Asunto del correo electr\u00f3nico: <em>\u00abSolicitud &#8211; <em>Beca BRIDGE de Transici\u00f3n Verde\/Transformaci\u00f3n <\/em>Digital &#8211; [Nombre del solicitante]\u00bb.<\/em><\/li>\n<\/ol>\n\n<p><strong>*<em>Kindly note the deadline has been extended from November 9, to December 2, 2025.<\/em><\/strong><\/p>\n\n<p><\/p>\n\n<h3 class=\"wp-block-heading\"><strong>\u00a1Aprende m\u00e1s sobre BRIDGE en nuestras sesiones de webinar en directo!<\/strong><\/h3>\n\n<figure class=\"wp-block-embed is-type-video is-provider-youtube wp-block-embed-youtube wp-embed-aspect-16-9 wp-has-aspect-ratio\"><div class=\"wp-block-embed__wrapper\">\n<iframe loading=\"lazy\" title=\"BRIDGE Grant Sensitisation Webinar\" width=\"640\" height=\"360\" src=\"https:\/\/www.youtube.com\/embed\/IUO1fG5A32Q?feature=oembed\" frameborder=\"0\" allow=\"accelerometer; autoplay; clipboard-write; encrypted-media; gyroscope; picture-in-picture; web-share\" referrerpolicy=\"strict-origin-when-cross-origin\" allowfullscreen><\/iframe>\n<\/div><\/figure>\n","protected":false},"excerpt":{"rendered":"<p>Capacitar a las empresas mediante la cofinanciaci\u00f3n para un futuro ecol\u00f3gico, inteligente y conectado El mecanismo Building Resilient Innovation for Digital &amp; Green Enterprises (BRIDGE) est\u00e1 financiado por la Uni\u00f3n Europea en el marco de la Iniciativa Global Gateway y ejecutado por la Agencia Caribe\u00f1a de Desarrollo de las Exportaciones. Este mecanismo proporciona apoyo de [&hellip;]<\/p>\n","protected":false},"author":18,"featured_media":381652,"parent":256260,"menu_order":0,"comment_status":"closed","ping_status":"closed","template":"","meta":{"_acf_changed":false,"inline_featured_image":false,"footnotes":""},"tags":[],"class_list":["post-382043","page","type-page","status-publish","has-post-thumbnail","hentry"],"acf":[],"yoast_head":"<!-- This site is optimized with the Yoast SEO plugin v27.1.1 - https:\/\/yoast.com\/product\/yoast-seo-wordpress\/ -->\n<title>Construir una innovaci\u00f3n resistente para empresas digitales y ecol\u00f3gicas (BRIDGE) 2025 - nombre del Exportaci\u00f3n del Caribe<\/title>\n<meta name=\"robots\" content=\"index, follow, max-snippet:-1, max-image-preview:large, max-video-preview:-1\" \/>\n<link rel=\"canonical\" href=\"https:\/\/content.carib-export.com\/es\/resources\/funding\/bridge\/\" \/>\n<meta property=\"og:locale\" content=\"es_ES\" \/>\n<meta property=\"og:type\" content=\"article\" \/>\n<meta property=\"og:title\" content=\"Construir una innovaci\u00f3n resistente para empresas digitales y ecol\u00f3gicas (BRIDGE) 2025 - nombre del Exportaci\u00f3n del Caribe\" \/>\n<meta property=\"og:description\" content=\"Capacitar a las empresas mediante la cofinanciaci\u00f3n para un futuro ecol\u00f3gico, inteligente y conectado El mecanismo Building Resilient Innovation for Digital &amp; Green Enterprises (BRIDGE) est\u00e1 financiado por la Uni\u00f3n Europea en el marco de la Iniciativa Global Gateway y ejecutado por la Agencia Caribe\u00f1a de Desarrollo de las Exportaciones. Este mecanismo proporciona apoyo de [&hellip;]\" \/>\n<meta property=\"og:url\" content=\"https:\/\/content.carib-export.com\/es\/resources\/funding\/bridge\/\" \/>\n<meta property=\"og:site_name\" content=\"Exportaci\u00f3n del Caribe\" \/>\n<meta property=\"article:publisher\" content=\"https:\/\/www.facebook.com\/CaribbeanExport\" \/>\n<meta property=\"article:modified_time\" content=\"2025-11-03T13:27:26+00:00\" \/>\n<meta property=\"og:image\" content=\"https:\/\/content.carib-export.com\/wp-content\/uploads\/2025\/09\/BRIDGE-Flyers_Hero-scaled.jpg\" \/>\n\t<meta property=\"og:image:width\" content=\"2560\" \/>\n\t<meta property=\"og:image:height\" content=\"1440\" \/>\n\t<meta property=\"og:image:type\" content=\"image\/jpeg\" \/>\n<meta name=\"twitter:card\" content=\"summary_large_image\" \/>\n<meta name=\"twitter:site\" content=\"@CaribXport\" \/>\n<meta name=\"twitter:label1\" content=\"Tiempo de lectura\" \/>\n\t<meta name=\"twitter:data1\" content=\"2 minutos\" \/>\n<script type=\"application\/ld+json\" class=\"yoast-schema-graph\">{\"@context\":\"https:\/\/schema.org\",\"@graph\":[{\"@type\":\"WebPage\",\"@id\":\"https:\/\/content.carib-export.com\/es\/resources\/funding\/bridge\/\",\"url\":\"https:\/\/content.carib-export.com\/es\/resources\/funding\/bridge\/\",\"name\":\"Construir una innovaci\u00f3n resistente para empresas digitales y ecol\u00f3gicas (BRIDGE) 2025 - nombre del Exportaci\u00f3n del Caribe\",\"isPartOf\":{\"@id\":\"https:\/\/content.carib-export.com\/es\/#website\"},\"primaryImageOfPage\":{\"@id\":\"https:\/\/content.carib-export.com\/es\/resources\/funding\/bridge\/#primaryimage\"},\"image\":{\"@id\":\"https:\/\/content.carib-export.com\/es\/resources\/funding\/bridge\/#primaryimage\"},\"thumbnailUrl\":\"https:\/\/content.carib-export.com\/wp-content\/uploads\/2025\/09\/BRIDGE-Flyers_Hero-scaled.jpg\",\"datePublished\":\"2025-09-24T19:57:05+00:00\",\"dateModified\":\"2025-11-03T13:27:26+00:00\",\"breadcrumb\":{\"@id\":\"https:\/\/content.carib-export.com\/es\/resources\/funding\/bridge\/#breadcrumb\"},\"inLanguage\":\"es\",\"potentialAction\":[{\"@type\":\"ReadAction\",\"target\":[\"https:\/\/content.carib-export.com\/es\/resources\/funding\/bridge\/\"]}]},{\"@type\":\"ImageObject\",\"inLanguage\":\"es\",\"@id\":\"https:\/\/content.carib-export.com\/es\/resources\/funding\/bridge\/#primaryimage\",\"url\":\"https:\/\/content.carib-export.com\/wp-content\/uploads\/2025\/09\/BRIDGE-Flyers_Hero-scaled.jpg\",\"contentUrl\":\"https:\/\/content.carib-export.com\/wp-content\/uploads\/2025\/09\/BRIDGE-Flyers_Hero-scaled.jpg\",\"width\":2560,\"height\":1440},{\"@type\":\"BreadcrumbList\",\"@id\":\"https:\/\/content.carib-export.com\/es\/resources\/funding\/bridge\/#breadcrumb\",\"itemListElement\":[{\"@type\":\"ListItem\",\"position\":1,\"name\":\"Casa\",\"item\":\"https:\/\/content.carib-export.com\/es\/home\/\"},{\"@type\":\"ListItem\",\"position\":2,\"name\":\"Recursos\",\"item\":\"https:\/\/content.carib-export.com\/es\/resources\/\"},{\"@type\":\"ListItem\",\"position\":3,\"name\":\"Subvenci\u00f3n\",\"item\":\"https:\/\/content.carib-export.com\/es\/resources\/funding\/\"},{\"@type\":\"ListItem\",\"position\":4,\"name\":\"Construir una innovaci\u00f3n resistente para empresas digitales y ecol\u00f3gicas (BRIDGE) 2025\"}]},{\"@type\":\"WebSite\",\"@id\":\"https:\/\/content.carib-export.com\/es\/#website\",\"url\":\"https:\/\/content.carib-export.com\/es\/\",\"name\":\"Exportaci\u00f3n del Caribe\",\"description\":\"La \u00fanica agencia regional de promoci\u00f3n del comercio y las inversiones en el grupo de \u00c1frica, el Caribe y el Pac\u00edfico.\",\"publisher\":{\"@id\":\"https:\/\/content.carib-export.com\/es\/#organization\"},\"potentialAction\":[{\"@type\":\"SearchAction\",\"target\":{\"@type\":\"EntryPoint\",\"urlTemplate\":\"https:\/\/content.carib-export.com\/es\/?s={search_term_string}\"},\"query-input\":{\"@type\":\"PropertyValueSpecification\",\"valueRequired\":true,\"valueName\":\"search_term_string\"}}],\"inLanguage\":\"es\"},{\"@type\":\"Organization\",\"@id\":\"https:\/\/content.carib-export.com\/es\/#organization\",\"name\":\"Agencia de Desarrollo de Exportaciones del Caribe\",\"url\":\"https:\/\/content.carib-export.com\/es\/\",\"logo\":{\"@type\":\"ImageObject\",\"inLanguage\":\"es\",\"@id\":\"https:\/\/content.carib-export.com\/es\/#\/schema\/logo\/image\/\",\"url\":\"https:\/\/content.carib-export.com\/wp-content\/uploads\/2013\/03\/CE-Logo-2013.jpg\",\"contentUrl\":\"https:\/\/content.carib-export.com\/wp-content\/uploads\/2013\/03\/CE-Logo-2013.jpg\",\"width\":1024,\"height\":244,\"caption\":\"Agencia de Desarrollo de Exportaciones del Caribe\"},\"image\":{\"@id\":\"https:\/\/content.carib-export.com\/es\/#\/schema\/logo\/image\/\"},\"sameAs\":[\"https:\/\/www.facebook.com\/CaribbeanExport\",\"https:\/\/x.com\/CaribXport\",\"https:\/\/www.instagram.com\/caribbeanexport\",\"https:\/\/www.linkedin.com\/company\/caribbeanexport\",\"https:\/\/www.youtube.com\/user\/TheCaribbeanExport\"]}]}<\/script>\n<!-- \/ Yoast SEO plugin. -->","yoast_head_json":{"title":"Construir una innovaci\u00f3n resistente para empresas digitales y ecol\u00f3gicas (BRIDGE) 2025 - nombre del Exportaci\u00f3n del Caribe","robots":{"index":"index","follow":"follow","max-snippet":"max-snippet:-1","max-image-preview":"max-image-preview:large","max-video-preview":"max-video-preview:-1"},"canonical":"https:\/\/content.carib-export.com\/es\/resources\/funding\/bridge\/","og_locale":"es_ES","og_type":"article","og_title":"Construir una innovaci\u00f3n resistente para empresas digitales y ecol\u00f3gicas (BRIDGE) 2025 - nombre del Exportaci\u00f3n del Caribe","og_description":"Capacitar a las empresas mediante la cofinanciaci\u00f3n para un futuro ecol\u00f3gico, inteligente y conectado El mecanismo Building Resilient Innovation for Digital &amp; Green Enterprises (BRIDGE) est\u00e1 financiado por la Uni\u00f3n Europea en el marco de la Iniciativa Global Gateway y ejecutado por la Agencia Caribe\u00f1a de Desarrollo de las Exportaciones. Este mecanismo proporciona apoyo de [&hellip;]","og_url":"https:\/\/content.carib-export.com\/es\/resources\/funding\/bridge\/","og_site_name":"Exportaci\u00f3n del Caribe","article_publisher":"https:\/\/www.facebook.com\/CaribbeanExport","article_modified_time":"2025-11-03T13:27:26+00:00","og_image":[{"width":2560,"height":1440,"url":"https:\/\/content.carib-export.com\/wp-content\/uploads\/2025\/09\/BRIDGE-Flyers_Hero-scaled.jpg","type":"image\/jpeg"}],"twitter_card":"summary_large_image","twitter_site":"@CaribXport","twitter_misc":{"Tiempo de lectura":"2 minutos"},"schema":{"@context":"https:\/\/schema.org","@graph":[{"@type":"WebPage","@id":"https:\/\/content.carib-export.com\/es\/resources\/funding\/bridge\/","url":"https:\/\/content.carib-export.com\/es\/resources\/funding\/bridge\/","name":"Construir una innovaci\u00f3n resistente para empresas digitales y ecol\u00f3gicas (BRIDGE) 2025 - nombre del Exportaci\u00f3n del Caribe","isPartOf":{"@id":"https:\/\/content.carib-export.com\/es\/#website"},"primaryImageOfPage":{"@id":"https:\/\/content.carib-export.com\/es\/resources\/funding\/bridge\/#primaryimage"},"image":{"@id":"https:\/\/content.carib-export.com\/es\/resources\/funding\/bridge\/#primaryimage"},"thumbnailUrl":"https:\/\/content.carib-export.com\/wp-content\/uploads\/2025\/09\/BRIDGE-Flyers_Hero-scaled.jpg","datePublished":"2025-09-24T19:57:05+00:00","dateModified":"2025-11-03T13:27:26+00:00","breadcrumb":{"@id":"https:\/\/content.carib-export.com\/es\/resources\/funding\/bridge\/#breadcrumb"},"inLanguage":"es","potentialAction":[{"@type":"ReadAction","target":["https:\/\/content.carib-export.com\/es\/resources\/funding\/bridge\/"]}]},{"@type":"ImageObject","inLanguage":"es","@id":"https:\/\/content.carib-export.com\/es\/resources\/funding\/bridge\/#primaryimage","url":"https:\/\/content.carib-export.com\/wp-content\/uploads\/2025\/09\/BRIDGE-Flyers_Hero-scaled.jpg","contentUrl":"https:\/\/content.carib-export.com\/wp-content\/uploads\/2025\/09\/BRIDGE-Flyers_Hero-scaled.jpg","width":2560,"height":1440},{"@type":"BreadcrumbList","@id":"https:\/\/content.carib-export.com\/es\/resources\/funding\/bridge\/#breadcrumb","itemListElement":[{"@type":"ListItem","position":1,"name":"Casa","item":"https:\/\/content.carib-export.com\/es\/home\/"},{"@type":"ListItem","position":2,"name":"Recursos","item":"https:\/\/content.carib-export.com\/es\/resources\/"},{"@type":"ListItem","position":3,"name":"Subvenci\u00f3n","item":"https:\/\/content.carib-export.com\/es\/resources\/funding\/"},{"@type":"ListItem","position":4,"name":"Construir una innovaci\u00f3n resistente para empresas digitales y ecol\u00f3gicas (BRIDGE) 2025"}]},{"@type":"WebSite","@id":"https:\/\/content.carib-export.com\/es\/#website","url":"https:\/\/content.carib-export.com\/es\/","name":"Exportaci\u00f3n del Caribe","description":"La \u00fanica agencia regional de promoci\u00f3n del comercio y las inversiones en el grupo de \u00c1frica, el Caribe y el Pac\u00edfico.","publisher":{"@id":"https:\/\/content.carib-export.com\/es\/#organization"},"potentialAction":[{"@type":"SearchAction","target":{"@type":"EntryPoint","urlTemplate":"https:\/\/content.carib-export.com\/es\/?s={search_term_string}"},"query-input":{"@type":"PropertyValueSpecification","valueRequired":true,"valueName":"search_term_string"}}],"inLanguage":"es"},{"@type":"Organization","@id":"https:\/\/content.carib-export.com\/es\/#organization","name":"Agencia de Desarrollo de Exportaciones del Caribe","url":"https:\/\/content.carib-export.com\/es\/","logo":{"@type":"ImageObject","inLanguage":"es","@id":"https:\/\/content.carib-export.com\/es\/#\/schema\/logo\/image\/","url":"https:\/\/content.carib-export.com\/wp-content\/uploads\/2013\/03\/CE-Logo-2013.jpg","contentUrl":"https:\/\/content.carib-export.com\/wp-content\/uploads\/2013\/03\/CE-Logo-2013.jpg","width":1024,"height":244,"caption":"Agencia de Desarrollo de Exportaciones del Caribe"},"image":{"@id":"https:\/\/content.carib-export.com\/es\/#\/schema\/logo\/image\/"},"sameAs":["https:\/\/www.facebook.com\/CaribbeanExport","https:\/\/x.com\/CaribXport","https:\/\/www.instagram.com\/caribbeanexport","https:\/\/www.linkedin.com\/company\/caribbeanexport","https:\/\/www.youtube.com\/user\/TheCaribbeanExport"]}]}},"_links":{"self":[{"href":"https:\/\/content.carib-export.com\/es\/wp-json\/wp\/v2\/pages\/382043","targetHints":{"allow":["GET"]}}],"collection":[{"href":"https:\/\/content.carib-export.com\/es\/wp-json\/wp\/v2\/pages"}],"about":[{"href":"https:\/\/content.carib-export.com\/es\/wp-json\/wp\/v2\/types\/page"}],"author":[{"embeddable":true,"href":"https:\/\/content.carib-export.com\/es\/wp-json\/wp\/v2\/users\/18"}],"replies":[{"embeddable":true,"href":"https:\/\/content.carib-export.com\/es\/wp-json\/wp\/v2\/comments?post=382043"}],"version-history":[{"count":0,"href":"https:\/\/content.carib-export.com\/es\/wp-json\/wp\/v2\/pages\/382043\/revisions"}],"up":[{"embeddable":true,"href":"https:\/\/content.carib-export.com\/es\/wp-json\/wp\/v2\/pages\/256260"}],"wp:featuredmedia":[{"embeddable":true,"href":"https:\/\/content.carib-export.com\/es\/wp-json\/wp\/v2\/media\/381652"}],"wp:attachment":[{"href":"https:\/\/content.carib-export.com\/es\/wp-json\/wp\/v2\/media?parent=382043"}],"wp:term":[{"taxonomy":"post_tag","embeddable":true,"href":"https:\/\/content.carib-export.com\/es\/wp-json\/wp\/v2\/tags?post=382043"}],"curies":[{"name":"wp","href":"https:\/\/api.w.org\/{rel}","templated":true}]}}