{"id":383929,"date":"2026-02-23T17:29:15","date_gmt":"2026-02-23T21:29:15","guid":{"rendered":"https:\/\/content.carib-export.com\/resources\/technical-assistance\/grit\/"},"modified":"2026-02-24T08:46:18","modified_gmt":"2026-02-24T12:46:18","slug":"grit","status":"publish","type":"page","link":"https:\/\/content.carib-export.com\/es\/resources\/technical-assistance\/grit\/","title":{"rendered":"GRIT"},"content":{"rendered":"\n<p>El Proyecto de Mujeres Empresarias del Caribe Generando un Comercio Resistente e Inclusivo (GRIT) est\u00e1 financiado por Global Affairs Canada (GAC) y ejecutado por Caribbean Export. El proyecto est\u00e1 dise\u00f1ado para aumentar la productividad, la competitividad y la preparaci\u00f3n para la exportaci\u00f3n de las empresas dirigidas por mujeres en todo el Caribe<br\/>. M\u00e1s all\u00e1 de sus intervenciones, GRIT refuerza el ecosistema m\u00e1s amplio para la iniciativa empresarial de las mujeres abordando las barreras estructurales, incorporando enfoques sensibles al g\u00e9nero en el desarrollo del comercio y del sector privado, y posicionando a las empresas dirigidas por mujeres como motores clave del crecimiento econ\u00f3mico sostenible e integrador en el Caribe.  <\/p>\n\n<p><a href=\"https:\/\/content.carib-export.com\/download\/grit-factsheet\/?tmstv=1771881696\">Descarga aqu\u00ed la Ficha GRIT<\/a><\/p>\n\n<p class=\"has-vivid-cyan-blue-color has-text-color has-link-color wp-elements-3acd34b0f30e9c5f76a6a2ce703005a8\"><strong>Encuesta GRIT: Instant\u00e1nea de las empresas dirigidas por mujeres<\/strong><\/p>\n","protected":false},"excerpt":{"rendered":"<p>El Proyecto de Mujeres Empresarias del Caribe Generando un Comercio Resistente e Inclusivo (GRIT) est\u00e1 financiado por Global Affairs Canada (GAC) y ejecutado por Caribbean Export. El proyecto est\u00e1 dise\u00f1ado para aumentar la productividad, la competitividad y la preparaci\u00f3n para la exportaci\u00f3n de las empresas dirigidas por mujeres en todo el Caribe. M\u00e1s all\u00e1 de [&hellip;]<\/p>\n","protected":false},"author":10,"featured_media":383926,"parent":256328,"menu_order":0,"comment_status":"closed","ping_status":"closed","template":"project-section.php","meta":{"_acf_changed":false,"inline_featured_image":false,"footnotes":""},"tags":[],"class_list":["post-383929","page","type-page","status-publish","has-post-thumbnail","hentry"],"acf":[],"yoast_head":"<!-- This site is optimized with the Yoast SEO plugin v27.1.1 - https:\/\/yoast.com\/product\/yoast-seo-wordpress\/ -->\n<title>GRIT - nombre del Exportaci\u00f3n del Caribe<\/title>\n<meta name=\"robots\" content=\"index, follow, max-snippet:-1, max-image-preview:large, max-video-preview:-1\" \/>\n<link rel=\"canonical\" href=\"https:\/\/content.carib-export.com\/es\/resources\/technical-assistance\/grit\/\" \/>\n<meta property=\"og:locale\" content=\"es_ES\" \/>\n<meta property=\"og:type\" content=\"article\" \/>\n<meta property=\"og:title\" content=\"GRIT - nombre del Exportaci\u00f3n del Caribe\" \/>\n<meta property=\"og:description\" content=\"El Proyecto de Mujeres Empresarias del Caribe Generando un Comercio Resistente e Inclusivo (GRIT) est\u00e1 financiado por Global Affairs Canada (GAC) y ejecutado por Caribbean Export. El proyecto est\u00e1 dise\u00f1ado para aumentar la productividad, la competitividad y la preparaci\u00f3n para la exportaci\u00f3n de las empresas dirigidas por mujeres en todo el Caribe. M\u00e1s all\u00e1 de [&hellip;]\" \/>\n<meta property=\"og:url\" content=\"https:\/\/content.carib-export.com\/es\/resources\/technical-assistance\/grit\/\" \/>\n<meta property=\"og:site_name\" content=\"Exportaci\u00f3n del Caribe\" \/>\n<meta property=\"article:publisher\" content=\"https:\/\/www.facebook.com\/CaribbeanExport\" \/>\n<meta property=\"article:modified_time\" content=\"2026-02-24T12:46:18+00:00\" \/>\n<meta property=\"og:image\" content=\"https:\/\/content.carib-export.com\/wp-content\/uploads\/2026\/02\/CE-GRIT-25-Holding-Screen.jpg\" \/>\n\t<meta property=\"og:image:width\" content=\"1920\" \/>\n\t<meta property=\"og:image:height\" content=\"1080\" \/>\n\t<meta property=\"og:image:type\" content=\"image\/jpeg\" \/>\n<meta name=\"twitter:card\" content=\"summary_large_image\" \/>\n<meta name=\"twitter:site\" content=\"@CaribXport\" \/>\n<meta name=\"twitter:label1\" content=\"Tiempo de lectura\" \/>\n\t<meta name=\"twitter:data1\" content=\"1 minuto\" \/>\n<script type=\"application\/ld+json\" class=\"yoast-schema-graph\">{\"@context\":\"https:\/\/schema.org\",\"@graph\":[{\"@type\":\"WebPage\",\"@id\":\"https:\/\/content.carib-export.com\/es\/resources\/technical-assistance\/grit\/\",\"url\":\"https:\/\/content.carib-export.com\/es\/resources\/technical-assistance\/grit\/\",\"name\":\"GRIT - nombre del Exportaci\u00f3n del Caribe\",\"isPartOf\":{\"@id\":\"https:\/\/content.carib-export.com\/es\/#website\"},\"primaryImageOfPage\":{\"@id\":\"https:\/\/content.carib-export.com\/es\/resources\/technical-assistance\/grit\/#primaryimage\"},\"image\":{\"@id\":\"https:\/\/content.carib-export.com\/es\/resources\/technical-assistance\/grit\/#primaryimage\"},\"thumbnailUrl\":\"https:\/\/content.carib-export.com\/wp-content\/uploads\/2026\/02\/CE-GRIT-25-Holding-Screen.jpg\",\"datePublished\":\"2026-02-23T21:29:15+00:00\",\"dateModified\":\"2026-02-24T12:46:18+00:00\",\"breadcrumb\":{\"@id\":\"https:\/\/content.carib-export.com\/es\/resources\/technical-assistance\/grit\/#breadcrumb\"},\"inLanguage\":\"es\",\"potentialAction\":[{\"@type\":\"ReadAction\",\"target\":[\"https:\/\/content.carib-export.com\/es\/resources\/technical-assistance\/grit\/\"]}]},{\"@type\":\"ImageObject\",\"inLanguage\":\"es\",\"@id\":\"https:\/\/content.carib-export.com\/es\/resources\/technical-assistance\/grit\/#primaryimage\",\"url\":\"https:\/\/content.carib-export.com\/wp-content\/uploads\/2026\/02\/CE-GRIT-25-Holding-Screen.jpg\",\"contentUrl\":\"https:\/\/content.carib-export.com\/wp-content\/uploads\/2026\/02\/CE-GRIT-25-Holding-Screen.jpg\",\"width\":1920,\"height\":1080},{\"@type\":\"BreadcrumbList\",\"@id\":\"https:\/\/content.carib-export.com\/es\/resources\/technical-assistance\/grit\/#breadcrumb\",\"itemListElement\":[{\"@type\":\"ListItem\",\"position\":1,\"name\":\"Casa\",\"item\":\"https:\/\/content.carib-export.com\/es\/home\/\"},{\"@type\":\"ListItem\",\"position\":2,\"name\":\"Recursos\",\"item\":\"https:\/\/content.carib-export.com\/es\/resources\/\"},{\"@type\":\"ListItem\",\"position\":3,\"name\":\"Asistencia t\u00e9cnica\",\"item\":\"https:\/\/content.carib-export.com\/es\/resources\/technical-assistance\/\"},{\"@type\":\"ListItem\",\"position\":4,\"name\":\"GRIT\"}]},{\"@type\":\"WebSite\",\"@id\":\"https:\/\/content.carib-export.com\/es\/#website\",\"url\":\"https:\/\/content.carib-export.com\/es\/\",\"name\":\"Exportaci\u00f3n del Caribe\",\"description\":\"La \u00fanica agencia regional de promoci\u00f3n del comercio y las inversiones en el grupo de \u00c1frica, el Caribe y el Pac\u00edfico.\",\"publisher\":{\"@id\":\"https:\/\/content.carib-export.com\/es\/#organization\"},\"potentialAction\":[{\"@type\":\"SearchAction\",\"target\":{\"@type\":\"EntryPoint\",\"urlTemplate\":\"https:\/\/content.carib-export.com\/es\/?s={search_term_string}\"},\"query-input\":{\"@type\":\"PropertyValueSpecification\",\"valueRequired\":true,\"valueName\":\"search_term_string\"}}],\"inLanguage\":\"es\"},{\"@type\":\"Organization\",\"@id\":\"https:\/\/content.carib-export.com\/es\/#organization\",\"name\":\"Agencia de Desarrollo de Exportaciones del Caribe\",\"url\":\"https:\/\/content.carib-export.com\/es\/\",\"logo\":{\"@type\":\"ImageObject\",\"inLanguage\":\"es\",\"@id\":\"https:\/\/content.carib-export.com\/es\/#\/schema\/logo\/image\/\",\"url\":\"https:\/\/content.carib-export.com\/wp-content\/uploads\/2013\/03\/CE-Logo-2013.jpg\",\"contentUrl\":\"https:\/\/content.carib-export.com\/wp-content\/uploads\/2013\/03\/CE-Logo-2013.jpg\",\"width\":1024,\"height\":244,\"caption\":\"Agencia de Desarrollo de Exportaciones del Caribe\"},\"image\":{\"@id\":\"https:\/\/content.carib-export.com\/es\/#\/schema\/logo\/image\/\"},\"sameAs\":[\"https:\/\/www.facebook.com\/CaribbeanExport\",\"https:\/\/x.com\/CaribXport\",\"https:\/\/www.instagram.com\/caribbeanexport\",\"https:\/\/www.linkedin.com\/company\/caribbeanexport\",\"https:\/\/www.youtube.com\/user\/TheCaribbeanExport\"]}]}<\/script>\n<!-- \/ Yoast SEO plugin. -->","yoast_head_json":{"title":"GRIT - nombre del Exportaci\u00f3n del Caribe","robots":{"index":"index","follow":"follow","max-snippet":"max-snippet:-1","max-image-preview":"max-image-preview:large","max-video-preview":"max-video-preview:-1"},"canonical":"https:\/\/content.carib-export.com\/es\/resources\/technical-assistance\/grit\/","og_locale":"es_ES","og_type":"article","og_title":"GRIT - nombre del Exportaci\u00f3n del Caribe","og_description":"El Proyecto de Mujeres Empresarias del Caribe Generando un Comercio Resistente e Inclusivo (GRIT) est\u00e1 financiado por Global Affairs Canada (GAC) y ejecutado por Caribbean Export. El proyecto est\u00e1 dise\u00f1ado para aumentar la productividad, la competitividad y la preparaci\u00f3n para la exportaci\u00f3n de las empresas dirigidas por mujeres en todo el Caribe. M\u00e1s all\u00e1 de [&hellip;]","og_url":"https:\/\/content.carib-export.com\/es\/resources\/technical-assistance\/grit\/","og_site_name":"Exportaci\u00f3n del Caribe","article_publisher":"https:\/\/www.facebook.com\/CaribbeanExport","article_modified_time":"2026-02-24T12:46:18+00:00","og_image":[{"width":1920,"height":1080,"url":"https:\/\/content.carib-export.com\/wp-content\/uploads\/2026\/02\/CE-GRIT-25-Holding-Screen.jpg","type":"image\/jpeg"}],"twitter_card":"summary_large_image","twitter_site":"@CaribXport","twitter_misc":{"Tiempo de lectura":"1 minuto"},"schema":{"@context":"https:\/\/schema.org","@graph":[{"@type":"WebPage","@id":"https:\/\/content.carib-export.com\/es\/resources\/technical-assistance\/grit\/","url":"https:\/\/content.carib-export.com\/es\/resources\/technical-assistance\/grit\/","name":"GRIT - nombre del Exportaci\u00f3n del Caribe","isPartOf":{"@id":"https:\/\/content.carib-export.com\/es\/#website"},"primaryImageOfPage":{"@id":"https:\/\/content.carib-export.com\/es\/resources\/technical-assistance\/grit\/#primaryimage"},"image":{"@id":"https:\/\/content.carib-export.com\/es\/resources\/technical-assistance\/grit\/#primaryimage"},"thumbnailUrl":"https:\/\/content.carib-export.com\/wp-content\/uploads\/2026\/02\/CE-GRIT-25-Holding-Screen.jpg","datePublished":"2026-02-23T21:29:15+00:00","dateModified":"2026-02-24T12:46:18+00:00","breadcrumb":{"@id":"https:\/\/content.carib-export.com\/es\/resources\/technical-assistance\/grit\/#breadcrumb"},"inLanguage":"es","potentialAction":[{"@type":"ReadAction","target":["https:\/\/content.carib-export.com\/es\/resources\/technical-assistance\/grit\/"]}]},{"@type":"ImageObject","inLanguage":"es","@id":"https:\/\/content.carib-export.com\/es\/resources\/technical-assistance\/grit\/#primaryimage","url":"https:\/\/content.carib-export.com\/wp-content\/uploads\/2026\/02\/CE-GRIT-25-Holding-Screen.jpg","contentUrl":"https:\/\/content.carib-export.com\/wp-content\/uploads\/2026\/02\/CE-GRIT-25-Holding-Screen.jpg","width":1920,"height":1080},{"@type":"BreadcrumbList","@id":"https:\/\/content.carib-export.com\/es\/resources\/technical-assistance\/grit\/#breadcrumb","itemListElement":[{"@type":"ListItem","position":1,"name":"Casa","item":"https:\/\/content.carib-export.com\/es\/home\/"},{"@type":"ListItem","position":2,"name":"Recursos","item":"https:\/\/content.carib-export.com\/es\/resources\/"},{"@type":"ListItem","position":3,"name":"Asistencia t\u00e9cnica","item":"https:\/\/content.carib-export.com\/es\/resources\/technical-assistance\/"},{"@type":"ListItem","position":4,"name":"GRIT"}]},{"@type":"WebSite","@id":"https:\/\/content.carib-export.com\/es\/#website","url":"https:\/\/content.carib-export.com\/es\/","name":"Exportaci\u00f3n del Caribe","description":"La \u00fanica agencia regional de promoci\u00f3n del comercio y las inversiones en el grupo de \u00c1frica, el Caribe y el Pac\u00edfico.","publisher":{"@id":"https:\/\/content.carib-export.com\/es\/#organization"},"potentialAction":[{"@type":"SearchAction","target":{"@type":"EntryPoint","urlTemplate":"https:\/\/content.carib-export.com\/es\/?s={search_term_string}"},"query-input":{"@type":"PropertyValueSpecification","valueRequired":true,"valueName":"search_term_string"}}],"inLanguage":"es"},{"@type":"Organization","@id":"https:\/\/content.carib-export.com\/es\/#organization","name":"Agencia de Desarrollo de Exportaciones del Caribe","url":"https:\/\/content.carib-export.com\/es\/","logo":{"@type":"ImageObject","inLanguage":"es","@id":"https:\/\/content.carib-export.com\/es\/#\/schema\/logo\/image\/","url":"https:\/\/content.carib-export.com\/wp-content\/uploads\/2013\/03\/CE-Logo-2013.jpg","contentUrl":"https:\/\/content.carib-export.com\/wp-content\/uploads\/2013\/03\/CE-Logo-2013.jpg","width":1024,"height":244,"caption":"Agencia de Desarrollo de Exportaciones del Caribe"},"image":{"@id":"https:\/\/content.carib-export.com\/es\/#\/schema\/logo\/image\/"},"sameAs":["https:\/\/www.facebook.com\/CaribbeanExport","https:\/\/x.com\/CaribXport","https:\/\/www.instagram.com\/caribbeanexport","https:\/\/www.linkedin.com\/company\/caribbeanexport","https:\/\/www.youtube.com\/user\/TheCaribbeanExport"]}]}},"_links":{"self":[{"href":"https:\/\/content.carib-export.com\/es\/wp-json\/wp\/v2\/pages\/383929","targetHints":{"allow":["GET"]}}],"collection":[{"href":"https:\/\/content.carib-export.com\/es\/wp-json\/wp\/v2\/pages"}],"about":[{"href":"https:\/\/content.carib-export.com\/es\/wp-json\/wp\/v2\/types\/page"}],"author":[{"embeddable":true,"href":"https:\/\/content.carib-export.com\/es\/wp-json\/wp\/v2\/users\/10"}],"replies":[{"embeddable":true,"href":"https:\/\/content.carib-export.com\/es\/wp-json\/wp\/v2\/comments?post=383929"}],"version-history":[{"count":0,"href":"https:\/\/content.carib-export.com\/es\/wp-json\/wp\/v2\/pages\/383929\/revisions"}],"up":[{"embeddable":true,"href":"https:\/\/content.carib-export.com\/es\/wp-json\/wp\/v2\/pages\/256328"}],"wp:featuredmedia":[{"embeddable":true,"href":"https:\/\/content.carib-export.com\/es\/wp-json\/wp\/v2\/media\/383926"}],"wp:attachment":[{"href":"https:\/\/content.carib-export.com\/es\/wp-json\/wp\/v2\/media?parent=383929"}],"wp:term":[{"taxonomy":"post_tag","embeddable":true,"href":"https:\/\/content.carib-export.com\/es\/wp-json\/wp\/v2\/tags?post=383929"}],"curies":[{"name":"wp","href":"https:\/\/api.w.org\/{rel}","templated":true}]}}