{"id":255169,"date":"2022-03-21T11:35:15","date_gmt":"2022-03-21T15:35:15","guid":{"rendered":"https:\/\/content.carib-export.com\/partnerships\/"},"modified":"2025-03-01T07:23:17","modified_gmt":"2025-03-01T11:23:17","slug":"partnerships","status":"publish","type":"page","link":"https:\/\/content.carib-export.com\/fr\/our-work\/partnerships\/","title":{"rendered":"Partenariats"},"content":{"rendered":"\n<p>Caribbean Export reconna\u00eet la valeur de partenariats solides, comme en t\u00e9moigne la coop\u00e9ration fructueuse de longue date avec l&rsquo;Union europ\u00e9enne.<\/p>\n\n<p>Pour mener \u00e0 bien notre mission, nous collaborons avec des partenaires de d\u00e9veloppement et des organisations donatrices afin de stimuler la croissance du secteur priv\u00e9. Ces partenariats strat\u00e9giques sont essentiels pour transformer les \u00e9conomies des Cara\u00efbes et cr\u00e9er des emplois durables pour nos populations. <\/p>\n\n<p>Avec des bureaux \u00e0 la Barbade et en R\u00e9publique dominicaine, nous avons fait la preuve de nos performances avec un taux de mise en \u0153uvre annuel constant de pr\u00e8s de 93 %.<\/p>\n","protected":false},"excerpt":{"rendered":"<p>Nous reconnaissons la valeur de partenariats et d&rsquo;une coop\u00e9ration solides pour faire progresser le d\u00e9veloppement du secteur priv\u00e9 dans les Cara\u00efbes \u23af Cliquez sur Partenaires pour d\u00e9couvrir leurs projets<\/p>\n","protected":false},"author":9,"featured_media":0,"parent":308385,"menu_order":0,"comment_status":"closed","ping_status":"closed","template":"partners.php","meta":{"_acf_changed":false,"inline_featured_image":false,"footnotes":""},"tags":[],"class_list":["post-255169","page","type-page","status-publish","hentry"],"acf":[],"yoast_head":"<!-- This site is optimized with the Yoast SEO plugin v27.1.1 - https:\/\/yoast.com\/product\/yoast-seo-wordpress\/ -->\n<title>de Partenariats - Exportation Cara\u00efbes<\/title>\n<meta name=\"description\" content=\"Nous mettons en \u0153uvre une gamme d&#039;initiatives innovantes et cibl\u00e9es con\u00e7ues pour faciliter l&#039;expansion des entreprises des Cara\u00efbes aux niveaux national, r\u00e9gional et international sur des march\u00e9s \u00e0 forte valeur tout en profitant d&#039;un acc\u00e8s sp\u00e9cial au march\u00e9.\" \/>\n<meta name=\"robots\" content=\"index, follow, max-snippet:-1, max-image-preview:large, max-video-preview:-1\" \/>\n<link rel=\"canonical\" href=\"https:\/\/content.carib-export.com\/fr\/our-work\/partnerships\/\" \/>\n<meta property=\"og:locale\" content=\"fr_FR\" \/>\n<meta property=\"og:type\" content=\"article\" \/>\n<meta property=\"og:title\" content=\"de Partenariats - Exportation Cara\u00efbes\" \/>\n<meta property=\"og:description\" content=\"Nous mettons en \u0153uvre une gamme d&#039;initiatives innovantes et cibl\u00e9es con\u00e7ues pour faciliter l&#039;expansion des entreprises des Cara\u00efbes aux niveaux national, r\u00e9gional et international sur des march\u00e9s \u00e0 forte valeur tout en profitant d&#039;un acc\u00e8s sp\u00e9cial au march\u00e9.\" \/>\n<meta property=\"og:url\" content=\"https:\/\/content.carib-export.com\/fr\/our-work\/partnerships\/\" \/>\n<meta property=\"og:site_name\" content=\"Exportation Cara\u00efbes\" \/>\n<meta property=\"article:publisher\" content=\"https:\/\/www.facebook.com\/CaribbeanExport\" \/>\n<meta property=\"article:modified_time\" content=\"2025-03-01T11:23:17+00:00\" \/>\n<meta property=\"og:image\" content=\"https:\/\/content.carib-export.com\/wp-content\/uploads\/2019\/06\/CEDA-default-square.jpg\" \/>\n\t<meta property=\"og:image:width\" content=\"1000\" \/>\n\t<meta property=\"og:image:height\" content=\"1000\" \/>\n\t<meta property=\"og:image:type\" content=\"image\/jpeg\" \/>\n<meta name=\"twitter:card\" content=\"summary_large_image\" \/>\n<meta name=\"twitter:site\" content=\"@CaribXport\" \/>\n<meta name=\"twitter:label1\" content=\"Dur\u00e9e de lecture estim\u00e9e\" \/>\n\t<meta name=\"twitter:data1\" content=\"1 minute\" \/>\n<script type=\"application\/ld+json\" class=\"yoast-schema-graph\">{\"@context\":\"https:\/\/schema.org\",\"@graph\":[{\"@type\":\"WebPage\",\"@id\":\"https:\/\/content.carib-export.com\/fr\/our-work\/partnerships\/\",\"url\":\"https:\/\/content.carib-export.com\/fr\/our-work\/partnerships\/\",\"name\":\"de Partenariats - Exportation Cara\u00efbes\",\"isPartOf\":{\"@id\":\"https:\/\/content.carib-export.com\/fr\/#website\"},\"datePublished\":\"2022-03-21T15:35:15+00:00\",\"dateModified\":\"2025-03-01T11:23:17+00:00\",\"description\":\"Nous mettons en \u0153uvre une gamme d'initiatives innovantes et cibl\u00e9es con\u00e7ues pour faciliter l'expansion des entreprises des Cara\u00efbes aux niveaux national, r\u00e9gional et international sur des march\u00e9s \u00e0 forte valeur tout en profitant d'un acc\u00e8s sp\u00e9cial au march\u00e9.\",\"breadcrumb\":{\"@id\":\"https:\/\/content.carib-export.com\/fr\/our-work\/partnerships\/#breadcrumb\"},\"inLanguage\":\"fr-FR\",\"potentialAction\":[{\"@type\":\"ReadAction\",\"target\":[\"https:\/\/content.carib-export.com\/fr\/our-work\/partnerships\/\"]}]},{\"@type\":\"BreadcrumbList\",\"@id\":\"https:\/\/content.carib-export.com\/fr\/our-work\/partnerships\/#breadcrumb\",\"itemListElement\":[{\"@type\":\"ListItem\",\"position\":1,\"name\":\"Accueil\",\"item\":\"https:\/\/content.carib-export.com\/fr\/home\/\"},{\"@type\":\"ListItem\",\"position\":2,\"name\":\"Notre travail\",\"item\":\"https:\/\/content.carib-export.com\/fr\/our-work\/\"},{\"@type\":\"ListItem\",\"position\":3,\"name\":\"Partenariats\"}]},{\"@type\":\"WebSite\",\"@id\":\"https:\/\/content.carib-export.com\/fr\/#website\",\"url\":\"https:\/\/content.carib-export.com\/fr\/\",\"name\":\"Exportation Cara\u00efbes\",\"description\":\"La seule agence r\u00e9gionale de promotion du commerce et des investissements du groupe Afrique, Cara\u00efbes et Pacifique.\",\"publisher\":{\"@id\":\"https:\/\/content.carib-export.com\/fr\/#organization\"},\"potentialAction\":[{\"@type\":\"SearchAction\",\"target\":{\"@type\":\"EntryPoint\",\"urlTemplate\":\"https:\/\/content.carib-export.com\/fr\/?s={search_term_string}\"},\"query-input\":{\"@type\":\"PropertyValueSpecification\",\"valueRequired\":true,\"valueName\":\"search_term_string\"}}],\"inLanguage\":\"fr-FR\"},{\"@type\":\"Organization\",\"@id\":\"https:\/\/content.carib-export.com\/fr\/#organization\",\"name\":\"Agence carib\u00e9enne de d\u00e9veloppement des exportations\",\"url\":\"https:\/\/content.carib-export.com\/fr\/\",\"logo\":{\"@type\":\"ImageObject\",\"inLanguage\":\"fr-FR\",\"@id\":\"https:\/\/content.carib-export.com\/fr\/#\/schema\/logo\/image\/\",\"url\":\"https:\/\/content.carib-export.com\/wp-content\/uploads\/2013\/03\/CE-Logo-2013.jpg\",\"contentUrl\":\"https:\/\/content.carib-export.com\/wp-content\/uploads\/2013\/03\/CE-Logo-2013.jpg\",\"width\":1024,\"height\":244,\"caption\":\"Agence carib\u00e9enne de d\u00e9veloppement des exportations\"},\"image\":{\"@id\":\"https:\/\/content.carib-export.com\/fr\/#\/schema\/logo\/image\/\"},\"sameAs\":[\"https:\/\/www.facebook.com\/CaribbeanExport\",\"https:\/\/x.com\/CaribXport\",\"https:\/\/www.instagram.com\/caribbeanexport\",\"https:\/\/www.linkedin.com\/company\/caribbeanexport\",\"https:\/\/www.youtube.com\/user\/TheCaribbeanExport\"]}]}<\/script>\n<!-- \/ Yoast SEO plugin. -->","yoast_head_json":{"title":"de Partenariats - Exportation Cara\u00efbes","description":"Nous mettons en \u0153uvre une gamme d'initiatives innovantes et cibl\u00e9es con\u00e7ues pour faciliter l'expansion des entreprises des Cara\u00efbes aux niveaux national, r\u00e9gional et international sur des march\u00e9s \u00e0 forte valeur tout en profitant d'un acc\u00e8s sp\u00e9cial au march\u00e9.","robots":{"index":"index","follow":"follow","max-snippet":"max-snippet:-1","max-image-preview":"max-image-preview:large","max-video-preview":"max-video-preview:-1"},"canonical":"https:\/\/content.carib-export.com\/fr\/our-work\/partnerships\/","og_locale":"fr_FR","og_type":"article","og_title":"de Partenariats - Exportation Cara\u00efbes","og_description":"Nous mettons en \u0153uvre une gamme d'initiatives innovantes et cibl\u00e9es con\u00e7ues pour faciliter l'expansion des entreprises des Cara\u00efbes aux niveaux national, r\u00e9gional et international sur des march\u00e9s \u00e0 forte valeur tout en profitant d'un acc\u00e8s sp\u00e9cial au march\u00e9.","og_url":"https:\/\/content.carib-export.com\/fr\/our-work\/partnerships\/","og_site_name":"Exportation Cara\u00efbes","article_publisher":"https:\/\/www.facebook.com\/CaribbeanExport","article_modified_time":"2025-03-01T11:23:17+00:00","og_image":[{"width":1000,"height":1000,"url":"https:\/\/content.carib-export.com\/wp-content\/uploads\/2019\/06\/CEDA-default-square.jpg","type":"image\/jpeg"}],"twitter_card":"summary_large_image","twitter_site":"@CaribXport","twitter_misc":{"Dur\u00e9e de lecture estim\u00e9e":"1 minute"},"schema":{"@context":"https:\/\/schema.org","@graph":[{"@type":"WebPage","@id":"https:\/\/content.carib-export.com\/fr\/our-work\/partnerships\/","url":"https:\/\/content.carib-export.com\/fr\/our-work\/partnerships\/","name":"de Partenariats - Exportation Cara\u00efbes","isPartOf":{"@id":"https:\/\/content.carib-export.com\/fr\/#website"},"datePublished":"2022-03-21T15:35:15+00:00","dateModified":"2025-03-01T11:23:17+00:00","description":"Nous mettons en \u0153uvre une gamme d'initiatives innovantes et cibl\u00e9es con\u00e7ues pour faciliter l'expansion des entreprises des Cara\u00efbes aux niveaux national, r\u00e9gional et international sur des march\u00e9s \u00e0 forte valeur tout en profitant d'un acc\u00e8s sp\u00e9cial au march\u00e9.","breadcrumb":{"@id":"https:\/\/content.carib-export.com\/fr\/our-work\/partnerships\/#breadcrumb"},"inLanguage":"fr-FR","potentialAction":[{"@type":"ReadAction","target":["https:\/\/content.carib-export.com\/fr\/our-work\/partnerships\/"]}]},{"@type":"BreadcrumbList","@id":"https:\/\/content.carib-export.com\/fr\/our-work\/partnerships\/#breadcrumb","itemListElement":[{"@type":"ListItem","position":1,"name":"Accueil","item":"https:\/\/content.carib-export.com\/fr\/home\/"},{"@type":"ListItem","position":2,"name":"Notre travail","item":"https:\/\/content.carib-export.com\/fr\/our-work\/"},{"@type":"ListItem","position":3,"name":"Partenariats"}]},{"@type":"WebSite","@id":"https:\/\/content.carib-export.com\/fr\/#website","url":"https:\/\/content.carib-export.com\/fr\/","name":"Exportation Cara\u00efbes","description":"La seule agence r\u00e9gionale de promotion du commerce et des investissements du groupe Afrique, Cara\u00efbes et Pacifique.","publisher":{"@id":"https:\/\/content.carib-export.com\/fr\/#organization"},"potentialAction":[{"@type":"SearchAction","target":{"@type":"EntryPoint","urlTemplate":"https:\/\/content.carib-export.com\/fr\/?s={search_term_string}"},"query-input":{"@type":"PropertyValueSpecification","valueRequired":true,"valueName":"search_term_string"}}],"inLanguage":"fr-FR"},{"@type":"Organization","@id":"https:\/\/content.carib-export.com\/fr\/#organization","name":"Agence carib\u00e9enne de d\u00e9veloppement des exportations","url":"https:\/\/content.carib-export.com\/fr\/","logo":{"@type":"ImageObject","inLanguage":"fr-FR","@id":"https:\/\/content.carib-export.com\/fr\/#\/schema\/logo\/image\/","url":"https:\/\/content.carib-export.com\/wp-content\/uploads\/2013\/03\/CE-Logo-2013.jpg","contentUrl":"https:\/\/content.carib-export.com\/wp-content\/uploads\/2013\/03\/CE-Logo-2013.jpg","width":1024,"height":244,"caption":"Agence carib\u00e9enne de d\u00e9veloppement des exportations"},"image":{"@id":"https:\/\/content.carib-export.com\/fr\/#\/schema\/logo\/image\/"},"sameAs":["https:\/\/www.facebook.com\/CaribbeanExport","https:\/\/x.com\/CaribXport","https:\/\/www.instagram.com\/caribbeanexport","https:\/\/www.linkedin.com\/company\/caribbeanexport","https:\/\/www.youtube.com\/user\/TheCaribbeanExport"]}]}},"_links":{"self":[{"href":"https:\/\/content.carib-export.com\/fr\/wp-json\/wp\/v2\/pages\/255169","targetHints":{"allow":["GET"]}}],"collection":[{"href":"https:\/\/content.carib-export.com\/fr\/wp-json\/wp\/v2\/pages"}],"about":[{"href":"https:\/\/content.carib-export.com\/fr\/wp-json\/wp\/v2\/types\/page"}],"author":[{"embeddable":true,"href":"https:\/\/content.carib-export.com\/fr\/wp-json\/wp\/v2\/users\/9"}],"replies":[{"embeddable":true,"href":"https:\/\/content.carib-export.com\/fr\/wp-json\/wp\/v2\/comments?post=255169"}],"version-history":[{"count":0,"href":"https:\/\/content.carib-export.com\/fr\/wp-json\/wp\/v2\/pages\/255169\/revisions"}],"up":[{"embeddable":true,"href":"https:\/\/content.carib-export.com\/fr\/wp-json\/wp\/v2\/pages\/308385"}],"wp:attachment":[{"href":"https:\/\/content.carib-export.com\/fr\/wp-json\/wp\/v2\/media?parent=255169"}],"wp:term":[{"taxonomy":"post_tag","embeddable":true,"href":"https:\/\/content.carib-export.com\/fr\/wp-json\/wp\/v2\/tags?post=255169"}],"curies":[{"name":"wp","href":"https:\/\/api.w.org\/{rel}","templated":true}]}}