{"id":255382,"date":"2009-06-25T18:20:15","date_gmt":"2009-06-25T22:20:15","guid":{"rendered":"https:\/\/content.carib-export.com\/sur\/"},"modified":"2025-02-04T10:50:36","modified_gmt":"2025-02-04T14:50:36","slug":"about","status":"publish","type":"page","link":"https:\/\/content.carib-export.com\/fr\/about\/","title":{"rendered":"Sur"},"content":{"rendered":"\n<p>Caribbean Export est l&rsquo;agence r\u00e9gionale de promotion du commerce et des investissements ax\u00e9e sur la construction d&rsquo;une Cara\u00efbe r\u00e9siliente en fournissant un soutien de pointe et \u00e0 fort impact au secteur priv\u00e9.<\/p>\n\n<p>Nous travaillons en \u00e9troite collaboration avec les entreprises pour accro\u00eetre les exportations et attirer les investissements, contribuant ainsi \u00e0 la cr\u00e9ation d&#8217;emplois, \u00e0 la transformation de nos \u00e9conomies et au soutien des Cara\u00efbes pour atteindre les objectifs de d\u00e9veloppement durable.<\/p>\n\n<p><a href=\"https:\/\/user-Wb8Ncdk.cld.bz\/Caribbean-Export-General-Brochure-2021\">Brochure g\u00e9n\u00e9rale Export Cara\u00efbes 2021<\/a><\/p>\n\n<p><a href=\"https:\/\/content.carib-export.com\/download\/186820\/\">T\u00e9l\u00e9chargez la brochure d&rsquo;information g\u00e9n\u00e9rale<\/a><\/p>\n\n<figure class=\"wp-block-embed is-type-rich is-provider-flippingbook-cloud wp-block-embed-flippingbook-cloud\"><div class=\"wp-block-embed__wrapper\">\n<a href=\"https:\/\/flippingbook.cld.bz\/arizona-restaurant-news\" class=\"fbc-embed\" data-fbc-id=\"fTRzoRe\" data-fbc-lightbox=\"yes\" data-fbc-width=\"640px\" data-fbc-height=\"540px\" data-fbc-version=\"2021.1.2\" data-fbc-method=\"oEmbed\" data-fbc-analytics=\"True\" style=\"max-width: 100%\">Arizona Restaurant News<\/a><script async defer src=\"https:\/\/cld.bz\/e\/fTRzoRe\/embed.js\"><\/script>\n<\/div><\/figure>\n\n<figure class=\"wp-block-embed is-type-rich is-provider-flippingbook-cloud wp-block-embed-flippingbook-cloud\"><div class=\"wp-block-embed__wrapper\">\n<a href=\"https:\/\/user-wb8ncdk.cld.bz\/Caribbean-Export-General-Brochure-2021\/12\/\" class=\"fbc-embed\" data-fbc-id=\"7cCaDPo\" data-fbc-lightbox=\"yes\" data-fbc-width=\"640px\" data-fbc-height=\"540px\" data-fbc-version=\"2021.2.1\" data-fbc-method=\"oEmbed\" data-fbc-analytics=\"True\" style=\"max-width: 100%\">Caribbean Export General Brochure 2021<\/a><script async defer src=\"https:\/\/cld.bz\/e\/7cCaDPo\/embed.js\"><\/script>\n<\/div><\/figure>\n","protected":false},"excerpt":{"rendered":"<p>Nous mettons en \u0153uvre une gamme d&rsquo;initiatives innovantes et cibl\u00e9es con\u00e7ues pour faciliter l&rsquo;expansion des entreprises des Cara\u00efbes aux niveaux national, r\u00e9gional et international sur des march\u00e9s \u00e0 forte valeur tout en profitant d&rsquo;un acc\u00e8s sp\u00e9cial au march\u00e9. Nous aidons les entreprises qui ont un potentiel d&rsquo;exportation ou qui exportent d\u00e9j\u00e0 \u00e0 accro\u00eetre leur capacit\u00e9 et leur comp\u00e9titivit\u00e9, \u00e0 augmenter leurs recettes d&rsquo;exportation et \u00e0 cr\u00e9er de pr\u00e9cieux emplois.<\/p>\n","protected":false},"author":3,"featured_media":254394,"parent":0,"menu_order":0,"comment_status":"closed","ping_status":"closed","template":"section.php","meta":{"_acf_changed":false,"inline_featured_image":false,"footnotes":""},"tags":[4889],"class_list":["post-255382","page","type-page","status-publish","has-post-thumbnail","hentry","tag-sur"],"acf":[],"yoast_head":"<!-- This site is optimized with the Yoast SEO plugin v27.1.1 - https:\/\/yoast.com\/product\/yoast-seo-wordpress\/ -->\n<title>de Sur - Exportation Cara\u00efbes<\/title>\n<meta name=\"robots\" content=\"index, follow, max-snippet:-1, max-image-preview:large, max-video-preview:-1\" \/>\n<link rel=\"canonical\" href=\"https:\/\/content.carib-export.com\/fr\/about\/\" \/>\n<meta property=\"og:locale\" content=\"fr_FR\" \/>\n<meta property=\"og:type\" content=\"article\" \/>\n<meta property=\"og:title\" content=\"de Sur - Exportation Cara\u00efbes\" \/>\n<meta property=\"og:description\" content=\"Nous mettons en \u0153uvre une gamme d&#039;initiatives innovantes et cibl\u00e9es con\u00e7ues pour faciliter l&#039;expansion des entreprises des Cara\u00efbes aux niveaux national, r\u00e9gional et international sur des march\u00e9s \u00e0 forte valeur tout en profitant d&#039;un acc\u00e8s sp\u00e9cial au march\u00e9. Nous aidons les entreprises qui ont un potentiel d&#039;exportation ou qui exportent d\u00e9j\u00e0 \u00e0 accro\u00eetre leur capacit\u00e9 et leur comp\u00e9titivit\u00e9, \u00e0 augmenter leurs recettes d&#039;exportation et \u00e0 cr\u00e9er de pr\u00e9cieux emplois.\" \/>\n<meta property=\"og:url\" content=\"https:\/\/content.carib-export.com\/fr\/about\/\" \/>\n<meta property=\"og:site_name\" content=\"Exportation Cara\u00efbes\" \/>\n<meta property=\"article:publisher\" content=\"https:\/\/www.facebook.com\/CaribbeanExport\" \/>\n<meta property=\"article:modified_time\" content=\"2025-02-04T14:50:36+00:00\" \/>\n<meta property=\"og:image\" content=\"https:\/\/content.carib-export.com\/wp-content\/uploads\/2021\/04\/Deodat-Maharaj.png\" \/>\n\t<meta property=\"og:image:width\" content=\"1080\" \/>\n\t<meta property=\"og:image:height\" content=\"1080\" \/>\n\t<meta property=\"og:image:type\" content=\"image\/png\" \/>\n<meta name=\"twitter:card\" content=\"summary_large_image\" \/>\n<meta name=\"twitter:site\" content=\"@CaribXport\" \/>\n<meta name=\"twitter:label1\" content=\"Dur\u00e9e de lecture estim\u00e9e\" \/>\n\t<meta name=\"twitter:data1\" content=\"1 minute\" \/>\n<script type=\"application\/ld+json\" class=\"yoast-schema-graph\">{\"@context\":\"https:\/\/schema.org\",\"@graph\":[{\"@type\":\"WebPage\",\"@id\":\"https:\/\/content.carib-export.com\/fr\/about\/\",\"url\":\"https:\/\/content.carib-export.com\/fr\/about\/\",\"name\":\"de Sur - Exportation Cara\u00efbes\",\"isPartOf\":{\"@id\":\"https:\/\/content.carib-export.com\/fr\/#website\"},\"primaryImageOfPage\":{\"@id\":\"https:\/\/content.carib-export.com\/fr\/about\/#primaryimage\"},\"image\":{\"@id\":\"https:\/\/content.carib-export.com\/fr\/about\/#primaryimage\"},\"thumbnailUrl\":\"https:\/\/content.carib-export.com\/wp-content\/uploads\/2021\/04\/Deodat-Maharaj.png\",\"datePublished\":\"2009-06-25T22:20:15+00:00\",\"dateModified\":\"2025-02-04T14:50:36+00:00\",\"breadcrumb\":{\"@id\":\"https:\/\/content.carib-export.com\/fr\/about\/#breadcrumb\"},\"inLanguage\":\"fr-FR\",\"potentialAction\":[{\"@type\":\"ReadAction\",\"target\":[\"https:\/\/content.carib-export.com\/fr\/about\/\"]}]},{\"@type\":\"ImageObject\",\"inLanguage\":\"fr-FR\",\"@id\":\"https:\/\/content.carib-export.com\/fr\/about\/#primaryimage\",\"url\":\"https:\/\/content.carib-export.com\/wp-content\/uploads\/2021\/04\/Deodat-Maharaj.png\",\"contentUrl\":\"https:\/\/content.carib-export.com\/wp-content\/uploads\/2021\/04\/Deodat-Maharaj.png\",\"width\":1080,\"height\":1080,\"caption\":\"Deodat Maharaj\"},{\"@type\":\"BreadcrumbList\",\"@id\":\"https:\/\/content.carib-export.com\/fr\/about\/#breadcrumb\",\"itemListElement\":[{\"@type\":\"ListItem\",\"position\":1,\"name\":\"Accueil\",\"item\":\"https:\/\/content.carib-export.com\/fr\/home\/\"},{\"@type\":\"ListItem\",\"position\":2,\"name\":\"Sur\"}]},{\"@type\":\"WebSite\",\"@id\":\"https:\/\/content.carib-export.com\/fr\/#website\",\"url\":\"https:\/\/content.carib-export.com\/fr\/\",\"name\":\"Exportation Cara\u00efbes\",\"description\":\"La seule agence r\u00e9gionale de promotion du commerce et des investissements du groupe Afrique, Cara\u00efbes et Pacifique.\",\"publisher\":{\"@id\":\"https:\/\/content.carib-export.com\/fr\/#organization\"},\"potentialAction\":[{\"@type\":\"SearchAction\",\"target\":{\"@type\":\"EntryPoint\",\"urlTemplate\":\"https:\/\/content.carib-export.com\/fr\/?s={search_term_string}\"},\"query-input\":{\"@type\":\"PropertyValueSpecification\",\"valueRequired\":true,\"valueName\":\"search_term_string\"}}],\"inLanguage\":\"fr-FR\"},{\"@type\":\"Organization\",\"@id\":\"https:\/\/content.carib-export.com\/fr\/#organization\",\"name\":\"Agence carib\u00e9enne de d\u00e9veloppement des exportations\",\"url\":\"https:\/\/content.carib-export.com\/fr\/\",\"logo\":{\"@type\":\"ImageObject\",\"inLanguage\":\"fr-FR\",\"@id\":\"https:\/\/content.carib-export.com\/fr\/#\/schema\/logo\/image\/\",\"url\":\"https:\/\/content.carib-export.com\/wp-content\/uploads\/2013\/03\/CE-Logo-2013.jpg\",\"contentUrl\":\"https:\/\/content.carib-export.com\/wp-content\/uploads\/2013\/03\/CE-Logo-2013.jpg\",\"width\":1024,\"height\":244,\"caption\":\"Agence carib\u00e9enne de d\u00e9veloppement des exportations\"},\"image\":{\"@id\":\"https:\/\/content.carib-export.com\/fr\/#\/schema\/logo\/image\/\"},\"sameAs\":[\"https:\/\/www.facebook.com\/CaribbeanExport\",\"https:\/\/x.com\/CaribXport\",\"https:\/\/www.instagram.com\/caribbeanexport\",\"https:\/\/www.linkedin.com\/company\/caribbeanexport\",\"https:\/\/www.youtube.com\/user\/TheCaribbeanExport\"]}]}<\/script>\n<!-- \/ Yoast SEO plugin. -->","yoast_head_json":{"title":"de Sur - Exportation Cara\u00efbes","robots":{"index":"index","follow":"follow","max-snippet":"max-snippet:-1","max-image-preview":"max-image-preview:large","max-video-preview":"max-video-preview:-1"},"canonical":"https:\/\/content.carib-export.com\/fr\/about\/","og_locale":"fr_FR","og_type":"article","og_title":"de Sur - Exportation Cara\u00efbes","og_description":"Nous mettons en \u0153uvre une gamme d'initiatives innovantes et cibl\u00e9es con\u00e7ues pour faciliter l'expansion des entreprises des Cara\u00efbes aux niveaux national, r\u00e9gional et international sur des march\u00e9s \u00e0 forte valeur tout en profitant d'un acc\u00e8s sp\u00e9cial au march\u00e9. Nous aidons les entreprises qui ont un potentiel d'exportation ou qui exportent d\u00e9j\u00e0 \u00e0 accro\u00eetre leur capacit\u00e9 et leur comp\u00e9titivit\u00e9, \u00e0 augmenter leurs recettes d'exportation et \u00e0 cr\u00e9er de pr\u00e9cieux emplois.","og_url":"https:\/\/content.carib-export.com\/fr\/about\/","og_site_name":"Exportation Cara\u00efbes","article_publisher":"https:\/\/www.facebook.com\/CaribbeanExport","article_modified_time":"2025-02-04T14:50:36+00:00","og_image":[{"width":1080,"height":1080,"url":"https:\/\/content.carib-export.com\/wp-content\/uploads\/2021\/04\/Deodat-Maharaj.png","type":"image\/png"}],"twitter_card":"summary_large_image","twitter_site":"@CaribXport","twitter_misc":{"Dur\u00e9e de lecture estim\u00e9e":"1 minute"},"schema":{"@context":"https:\/\/schema.org","@graph":[{"@type":"WebPage","@id":"https:\/\/content.carib-export.com\/fr\/about\/","url":"https:\/\/content.carib-export.com\/fr\/about\/","name":"de Sur - Exportation Cara\u00efbes","isPartOf":{"@id":"https:\/\/content.carib-export.com\/fr\/#website"},"primaryImageOfPage":{"@id":"https:\/\/content.carib-export.com\/fr\/about\/#primaryimage"},"image":{"@id":"https:\/\/content.carib-export.com\/fr\/about\/#primaryimage"},"thumbnailUrl":"https:\/\/content.carib-export.com\/wp-content\/uploads\/2021\/04\/Deodat-Maharaj.png","datePublished":"2009-06-25T22:20:15+00:00","dateModified":"2025-02-04T14:50:36+00:00","breadcrumb":{"@id":"https:\/\/content.carib-export.com\/fr\/about\/#breadcrumb"},"inLanguage":"fr-FR","potentialAction":[{"@type":"ReadAction","target":["https:\/\/content.carib-export.com\/fr\/about\/"]}]},{"@type":"ImageObject","inLanguage":"fr-FR","@id":"https:\/\/content.carib-export.com\/fr\/about\/#primaryimage","url":"https:\/\/content.carib-export.com\/wp-content\/uploads\/2021\/04\/Deodat-Maharaj.png","contentUrl":"https:\/\/content.carib-export.com\/wp-content\/uploads\/2021\/04\/Deodat-Maharaj.png","width":1080,"height":1080,"caption":"Deodat Maharaj"},{"@type":"BreadcrumbList","@id":"https:\/\/content.carib-export.com\/fr\/about\/#breadcrumb","itemListElement":[{"@type":"ListItem","position":1,"name":"Accueil","item":"https:\/\/content.carib-export.com\/fr\/home\/"},{"@type":"ListItem","position":2,"name":"Sur"}]},{"@type":"WebSite","@id":"https:\/\/content.carib-export.com\/fr\/#website","url":"https:\/\/content.carib-export.com\/fr\/","name":"Exportation Cara\u00efbes","description":"La seule agence r\u00e9gionale de promotion du commerce et des investissements du groupe Afrique, Cara\u00efbes et Pacifique.","publisher":{"@id":"https:\/\/content.carib-export.com\/fr\/#organization"},"potentialAction":[{"@type":"SearchAction","target":{"@type":"EntryPoint","urlTemplate":"https:\/\/content.carib-export.com\/fr\/?s={search_term_string}"},"query-input":{"@type":"PropertyValueSpecification","valueRequired":true,"valueName":"search_term_string"}}],"inLanguage":"fr-FR"},{"@type":"Organization","@id":"https:\/\/content.carib-export.com\/fr\/#organization","name":"Agence carib\u00e9enne de d\u00e9veloppement des exportations","url":"https:\/\/content.carib-export.com\/fr\/","logo":{"@type":"ImageObject","inLanguage":"fr-FR","@id":"https:\/\/content.carib-export.com\/fr\/#\/schema\/logo\/image\/","url":"https:\/\/content.carib-export.com\/wp-content\/uploads\/2013\/03\/CE-Logo-2013.jpg","contentUrl":"https:\/\/content.carib-export.com\/wp-content\/uploads\/2013\/03\/CE-Logo-2013.jpg","width":1024,"height":244,"caption":"Agence carib\u00e9enne de d\u00e9veloppement des exportations"},"image":{"@id":"https:\/\/content.carib-export.com\/fr\/#\/schema\/logo\/image\/"},"sameAs":["https:\/\/www.facebook.com\/CaribbeanExport","https:\/\/x.com\/CaribXport","https:\/\/www.instagram.com\/caribbeanexport","https:\/\/www.linkedin.com\/company\/caribbeanexport","https:\/\/www.youtube.com\/user\/TheCaribbeanExport"]}]}},"_links":{"self":[{"href":"https:\/\/content.carib-export.com\/fr\/wp-json\/wp\/v2\/pages\/255382","targetHints":{"allow":["GET"]}}],"collection":[{"href":"https:\/\/content.carib-export.com\/fr\/wp-json\/wp\/v2\/pages"}],"about":[{"href":"https:\/\/content.carib-export.com\/fr\/wp-json\/wp\/v2\/types\/page"}],"author":[{"embeddable":true,"href":"https:\/\/content.carib-export.com\/fr\/wp-json\/wp\/v2\/users\/3"}],"replies":[{"embeddable":true,"href":"https:\/\/content.carib-export.com\/fr\/wp-json\/wp\/v2\/comments?post=255382"}],"version-history":[{"count":0,"href":"https:\/\/content.carib-export.com\/fr\/wp-json\/wp\/v2\/pages\/255382\/revisions"}],"wp:featuredmedia":[{"embeddable":true,"href":"https:\/\/content.carib-export.com\/fr\/wp-json\/wp\/v2\/media\/254394"}],"wp:attachment":[{"href":"https:\/\/content.carib-export.com\/fr\/wp-json\/wp\/v2\/media?parent=255382"}],"wp:term":[{"taxonomy":"post_tag","embeddable":true,"href":"https:\/\/content.carib-export.com\/fr\/wp-json\/wp\/v2\/tags?post=255382"}],"curies":[{"name":"wp","href":"https:\/\/api.w.org\/{rel}","templated":true}]}}