{"id":255529,"date":"2022-03-23T14:25:32","date_gmt":"2022-03-23T18:25:32","guid":{"rendered":"https:\/\/content.carib-export.com\/buyers\/services-registry\/"},"modified":"2025-02-06T12:57:27","modified_gmt":"2025-02-06T16:57:27","slug":"services-registry","status":"publish","type":"page","link":"https:\/\/content.carib-export.com\/fr\/resources\/services-registry\/","title":{"rendered":"Registre des services"},"content":{"rendered":"\n<h2 class=\"wp-block-heading\">Bienvenue au registre des services CE<\/h2>\n\n<p>Le registre des services CE est une base de donn\u00e9es des fournisseurs de services dans les Cara\u00efbes.<\/p>\n\n<p>Recherchez des entreprises en fonction de l&#8217;emplacement, des accr\u00e9ditations professionnelles, des domaines de sp\u00e9cialit\u00e9 et de la cat\u00e9gorisation de l&rsquo;industrie.<\/p>\n\n<p>Le registre des services CE est \u00e9galement une excellente ressource pour les fournisseurs de services des Cara\u00efbes \u00e0 la recherche d&rsquo;informations sur l&rsquo;APE CARIFORUM-UE (accord de partenariat \u00e9conomique) ; une gamme de guides d&rsquo;exportation et d&rsquo;informations commerciales pour vous aider \u00e0 fournir votre service au-del\u00e0 des fronti\u00e8res.<\/p>\n\n<h2 class=\"wp-block-heading\">Pourquoi s&rsquo;inscrire ?<\/h2>\n\n<p>La soumission d&rsquo;informations au registre est enti\u00e8rement volontaire, cependant, il existe un certain nombre d&rsquo;avantages pour les entreprises et les praticiens inscrits au registre, bien qu&rsquo;aucun de ces avantages ne soit garanti par Caribbean Export.<\/p>\n\n<h2 class=\"wp-block-heading\">Avantages pour les cabinets\/praticiens inscrits<\/h2>\n\n<ul class=\"wp-block-list\">\n<li>Une reconnaissance et une visibilit\u00e9 accrues qui pourraient aider \u00e0 ajouter une autre couche de l\u00e9gitimit\u00e9 et de professionnalisme au cabinet\/au praticien.<\/li>\n\n\n\n<li>L&rsquo;enregistrement peut d\u00e9clencher de nouvelles collaborations et de nouveaux partenariats, car les entreprises sont en mesure d&rsquo;identifier d&rsquo;autres entreprises ou praticiens poss\u00e9dant des ensembles de comp\u00e9tences qui leur manquent actuellement, mais qui am\u00e9lioreraient et \u00e9largiraient leur offre commerciale.<\/li>\n\n\n\n<li>L&rsquo;enregistrement pourrait entra\u00eener une augmentation de la client\u00e8le, car la promotion du registre exposerait les entreprises et les praticiens \u00e0 une client\u00e8le plus large. <\/li>\n<\/ul>\n\n<h2 class=\"wp-block-heading\">Avantages pour une population plus large<\/h2>\n\n<p>Le registre est con\u00e7u pour r\u00e9pondre \u00e0 des besoins tels que :<\/p>\n\n<ul class=\"wp-block-list\">\n<li>Identification facile des prestataires dans les secteurs repr\u00e9sent\u00e9s<\/li>\n\n\n\n<li>Acc\u00e8s facile aux coordonn\u00e9es des fournisseurs de services<\/li>\n\n\n\n<li>Acc\u00e8s aux informations d&rsquo;identification et \u00e0 l&rsquo;exp\u00e9rience des fournisseurs de services.<\/li>\n\n\n\n<li>Un ensemble croissant de connaissances sur les secteurs qui peuvent \u00e9clairer les politiques et les interventions visant \u00e0 relever les d\u00e9fis g\u00e9n\u00e9ralis\u00e9s et \u00e0 apporter des am\u00e9liorations aux secteurs repr\u00e9sent\u00e9s.<\/li>\n\n\n\n<li>Donn\u00e9es sur le secteur des services r\u00e9gionaux qui clarifient si des progr\u00e8s sont r\u00e9alis\u00e9s vers les objectifs nationaux et r\u00e9gionaux et peuvent aboutir \u00e0 rehausser le profil international des secteurs repr\u00e9sent\u00e9s. <\/li>\n<\/ul>\n","protected":false},"excerpt":{"rendered":"<p>Trouvez les services dont vous avez besoin dans les Cara\u00efbes.<\/p>\n","protected":false},"author":9,"featured_media":0,"parent":256186,"menu_order":0,"comment_status":"closed","ping_status":"closed","template":"our-sites.php","meta":{"_acf_changed":false,"inline_featured_image":false,"footnotes":""},"tags":[],"class_list":["post-255529","page","type-page","status-publish","hentry"],"acf":[],"yoast_head":"<!-- This site is optimized with the Yoast SEO plugin v27.1.1 - https:\/\/yoast.com\/product\/yoast-seo-wordpress\/ -->\n<title>de Registre des services - Exportation Cara\u00efbes<\/title>\n<meta name=\"robots\" content=\"index, follow, max-snippet:-1, max-image-preview:large, max-video-preview:-1\" \/>\n<link rel=\"canonical\" href=\"https:\/\/content.carib-export.com\/fr\/resources\/services-registry\/\" \/>\n<meta property=\"og:locale\" content=\"fr_FR\" \/>\n<meta property=\"og:type\" content=\"article\" \/>\n<meta property=\"og:title\" content=\"de Registre des services - Exportation Cara\u00efbes\" \/>\n<meta property=\"og:description\" content=\"Trouvez les services dont vous avez besoin dans les Cara\u00efbes.\" \/>\n<meta property=\"og:url\" content=\"https:\/\/content.carib-export.com\/fr\/resources\/services-registry\/\" \/>\n<meta property=\"og:site_name\" content=\"Exportation Cara\u00efbes\" \/>\n<meta property=\"article:publisher\" content=\"https:\/\/www.facebook.com\/CaribbeanExport\" \/>\n<meta property=\"article:modified_time\" content=\"2025-02-06T16:57:27+00:00\" \/>\n<meta property=\"og:image\" content=\"https:\/\/content.carib-export.com\/wp-content\/uploads\/2019\/06\/CEDA-default-square.jpg\" \/>\n\t<meta property=\"og:image:width\" content=\"1000\" \/>\n\t<meta property=\"og:image:height\" content=\"1000\" \/>\n\t<meta property=\"og:image:type\" content=\"image\/jpeg\" \/>\n<meta name=\"twitter:card\" content=\"summary_large_image\" \/>\n<meta name=\"twitter:site\" content=\"@CaribXport\" \/>\n<meta name=\"twitter:label1\" content=\"Dur\u00e9e de lecture estim\u00e9e\" \/>\n\t<meta name=\"twitter:data1\" content=\"1 minute\" \/>\n<script type=\"application\/ld+json\" class=\"yoast-schema-graph\">{\"@context\":\"https:\/\/schema.org\",\"@graph\":[{\"@type\":\"WebPage\",\"@id\":\"https:\/\/content.carib-export.com\/fr\/resources\/services-registry\/\",\"url\":\"https:\/\/content.carib-export.com\/fr\/resources\/services-registry\/\",\"name\":\"de Registre des services - Exportation Cara\u00efbes\",\"isPartOf\":{\"@id\":\"https:\/\/content.carib-export.com\/fr\/#website\"},\"datePublished\":\"2022-03-23T18:25:32+00:00\",\"dateModified\":\"2025-02-06T16:57:27+00:00\",\"breadcrumb\":{\"@id\":\"https:\/\/content.carib-export.com\/fr\/resources\/services-registry\/#breadcrumb\"},\"inLanguage\":\"fr-FR\",\"potentialAction\":[{\"@type\":\"ReadAction\",\"target\":[\"https:\/\/content.carib-export.com\/fr\/resources\/services-registry\/\"]}]},{\"@type\":\"BreadcrumbList\",\"@id\":\"https:\/\/content.carib-export.com\/fr\/resources\/services-registry\/#breadcrumb\",\"itemListElement\":[{\"@type\":\"ListItem\",\"position\":1,\"name\":\"Accueil\",\"item\":\"https:\/\/content.carib-export.com\/fr\/home\/\"},{\"@type\":\"ListItem\",\"position\":2,\"name\":\"Ressources\",\"item\":\"https:\/\/content.carib-export.com\/fr\/resources\/\"},{\"@type\":\"ListItem\",\"position\":3,\"name\":\"Registre des services\"}]},{\"@type\":\"WebSite\",\"@id\":\"https:\/\/content.carib-export.com\/fr\/#website\",\"url\":\"https:\/\/content.carib-export.com\/fr\/\",\"name\":\"Exportation Cara\u00efbes\",\"description\":\"La seule agence r\u00e9gionale de promotion du commerce et des investissements du groupe Afrique, Cara\u00efbes et Pacifique.\",\"publisher\":{\"@id\":\"https:\/\/content.carib-export.com\/fr\/#organization\"},\"potentialAction\":[{\"@type\":\"SearchAction\",\"target\":{\"@type\":\"EntryPoint\",\"urlTemplate\":\"https:\/\/content.carib-export.com\/fr\/?s={search_term_string}\"},\"query-input\":{\"@type\":\"PropertyValueSpecification\",\"valueRequired\":true,\"valueName\":\"search_term_string\"}}],\"inLanguage\":\"fr-FR\"},{\"@type\":\"Organization\",\"@id\":\"https:\/\/content.carib-export.com\/fr\/#organization\",\"name\":\"Agence carib\u00e9enne de d\u00e9veloppement des exportations\",\"url\":\"https:\/\/content.carib-export.com\/fr\/\",\"logo\":{\"@type\":\"ImageObject\",\"inLanguage\":\"fr-FR\",\"@id\":\"https:\/\/content.carib-export.com\/fr\/#\/schema\/logo\/image\/\",\"url\":\"https:\/\/content.carib-export.com\/wp-content\/uploads\/2013\/03\/CE-Logo-2013.jpg\",\"contentUrl\":\"https:\/\/content.carib-export.com\/wp-content\/uploads\/2013\/03\/CE-Logo-2013.jpg\",\"width\":1024,\"height\":244,\"caption\":\"Agence carib\u00e9enne de d\u00e9veloppement des exportations\"},\"image\":{\"@id\":\"https:\/\/content.carib-export.com\/fr\/#\/schema\/logo\/image\/\"},\"sameAs\":[\"https:\/\/www.facebook.com\/CaribbeanExport\",\"https:\/\/x.com\/CaribXport\",\"https:\/\/www.instagram.com\/caribbeanexport\",\"https:\/\/www.linkedin.com\/company\/caribbeanexport\",\"https:\/\/www.youtube.com\/user\/TheCaribbeanExport\"]}]}<\/script>\n<!-- \/ Yoast SEO plugin. -->","yoast_head_json":{"title":"de Registre des services - Exportation Cara\u00efbes","robots":{"index":"index","follow":"follow","max-snippet":"max-snippet:-1","max-image-preview":"max-image-preview:large","max-video-preview":"max-video-preview:-1"},"canonical":"https:\/\/content.carib-export.com\/fr\/resources\/services-registry\/","og_locale":"fr_FR","og_type":"article","og_title":"de Registre des services - Exportation Cara\u00efbes","og_description":"Trouvez les services dont vous avez besoin dans les Cara\u00efbes.","og_url":"https:\/\/content.carib-export.com\/fr\/resources\/services-registry\/","og_site_name":"Exportation Cara\u00efbes","article_publisher":"https:\/\/www.facebook.com\/CaribbeanExport","article_modified_time":"2025-02-06T16:57:27+00:00","og_image":[{"width":1000,"height":1000,"url":"https:\/\/content.carib-export.com\/wp-content\/uploads\/2019\/06\/CEDA-default-square.jpg","type":"image\/jpeg"}],"twitter_card":"summary_large_image","twitter_site":"@CaribXport","twitter_misc":{"Dur\u00e9e de lecture estim\u00e9e":"1 minute"},"schema":{"@context":"https:\/\/schema.org","@graph":[{"@type":"WebPage","@id":"https:\/\/content.carib-export.com\/fr\/resources\/services-registry\/","url":"https:\/\/content.carib-export.com\/fr\/resources\/services-registry\/","name":"de Registre des services - Exportation Cara\u00efbes","isPartOf":{"@id":"https:\/\/content.carib-export.com\/fr\/#website"},"datePublished":"2022-03-23T18:25:32+00:00","dateModified":"2025-02-06T16:57:27+00:00","breadcrumb":{"@id":"https:\/\/content.carib-export.com\/fr\/resources\/services-registry\/#breadcrumb"},"inLanguage":"fr-FR","potentialAction":[{"@type":"ReadAction","target":["https:\/\/content.carib-export.com\/fr\/resources\/services-registry\/"]}]},{"@type":"BreadcrumbList","@id":"https:\/\/content.carib-export.com\/fr\/resources\/services-registry\/#breadcrumb","itemListElement":[{"@type":"ListItem","position":1,"name":"Accueil","item":"https:\/\/content.carib-export.com\/fr\/home\/"},{"@type":"ListItem","position":2,"name":"Ressources","item":"https:\/\/content.carib-export.com\/fr\/resources\/"},{"@type":"ListItem","position":3,"name":"Registre des services"}]},{"@type":"WebSite","@id":"https:\/\/content.carib-export.com\/fr\/#website","url":"https:\/\/content.carib-export.com\/fr\/","name":"Exportation Cara\u00efbes","description":"La seule agence r\u00e9gionale de promotion du commerce et des investissements du groupe Afrique, Cara\u00efbes et Pacifique.","publisher":{"@id":"https:\/\/content.carib-export.com\/fr\/#organization"},"potentialAction":[{"@type":"SearchAction","target":{"@type":"EntryPoint","urlTemplate":"https:\/\/content.carib-export.com\/fr\/?s={search_term_string}"},"query-input":{"@type":"PropertyValueSpecification","valueRequired":true,"valueName":"search_term_string"}}],"inLanguage":"fr-FR"},{"@type":"Organization","@id":"https:\/\/content.carib-export.com\/fr\/#organization","name":"Agence carib\u00e9enne de d\u00e9veloppement des exportations","url":"https:\/\/content.carib-export.com\/fr\/","logo":{"@type":"ImageObject","inLanguage":"fr-FR","@id":"https:\/\/content.carib-export.com\/fr\/#\/schema\/logo\/image\/","url":"https:\/\/content.carib-export.com\/wp-content\/uploads\/2013\/03\/CE-Logo-2013.jpg","contentUrl":"https:\/\/content.carib-export.com\/wp-content\/uploads\/2013\/03\/CE-Logo-2013.jpg","width":1024,"height":244,"caption":"Agence carib\u00e9enne de d\u00e9veloppement des exportations"},"image":{"@id":"https:\/\/content.carib-export.com\/fr\/#\/schema\/logo\/image\/"},"sameAs":["https:\/\/www.facebook.com\/CaribbeanExport","https:\/\/x.com\/CaribXport","https:\/\/www.instagram.com\/caribbeanexport","https:\/\/www.linkedin.com\/company\/caribbeanexport","https:\/\/www.youtube.com\/user\/TheCaribbeanExport"]}]}},"_links":{"self":[{"href":"https:\/\/content.carib-export.com\/fr\/wp-json\/wp\/v2\/pages\/255529","targetHints":{"allow":["GET"]}}],"collection":[{"href":"https:\/\/content.carib-export.com\/fr\/wp-json\/wp\/v2\/pages"}],"about":[{"href":"https:\/\/content.carib-export.com\/fr\/wp-json\/wp\/v2\/types\/page"}],"author":[{"embeddable":true,"href":"https:\/\/content.carib-export.com\/fr\/wp-json\/wp\/v2\/users\/9"}],"replies":[{"embeddable":true,"href":"https:\/\/content.carib-export.com\/fr\/wp-json\/wp\/v2\/comments?post=255529"}],"version-history":[{"count":0,"href":"https:\/\/content.carib-export.com\/fr\/wp-json\/wp\/v2\/pages\/255529\/revisions"}],"up":[{"embeddable":true,"href":"https:\/\/content.carib-export.com\/fr\/wp-json\/wp\/v2\/pages\/256186"}],"wp:attachment":[{"href":"https:\/\/content.carib-export.com\/fr\/wp-json\/wp\/v2\/media?parent=255529"}],"wp:term":[{"taxonomy":"post_tag","embeddable":true,"href":"https:\/\/content.carib-export.com\/fr\/wp-json\/wp\/v2\/tags?post=255529"}],"curies":[{"name":"wp","href":"https:\/\/api.w.org\/{rel}","templated":true}]}}