{"id":256158,"date":"2009-06-25T18:38:17","date_gmt":"2009-06-25T22:38:17","guid":{"rendered":"https:\/\/content.carib-export.com\/privacy-policy\/"},"modified":"2025-02-05T13:28:51","modified_gmt":"2025-02-05T17:28:51","slug":"privacy-policy","status":"publish","type":"page","link":"https:\/\/content.carib-export.com\/fr\/privacy-policy\/","title":{"rendered":"Politique de confidentialit\u00e9"},"content":{"rendered":"\n<p>Caribbean Export respecte la vie priv\u00e9e de chaque personne qui visite notre site Web ou r\u00e9pond \u00e0 nos publicit\u00e9s en ligne. Cette politique de confidentialit\u00e9 d\u00e9crit le type d&rsquo;informations que Caribbean Export collecte g\u00e9n\u00e9ralement \u00e0 partir de notre site Web et de nos publicit\u00e9s en ligne, et comment nous pouvons utiliser ces informations.<\/p>\n\n<p>Sur le site Web et la publicit\u00e9 en ligne de Caribbean Export, nous pouvons vous demander des informations telles que votre nom, votre adresse, votre num\u00e9ro de t\u00e9l\u00e9phone, votre date de naissance et\/ou votre adresse e-mail. De temps en temps, il peut \u00e9galement vous \u00eatre demand\u00e9 si vous souhaitez fournir des informations suppl\u00e9mentaires qui seront collect\u00e9es \u00e0 l&rsquo;aide d&rsquo;un \u00ab cookie \u00bb ou d&rsquo;un fichier similaire. Votre accord et la fourniture d&rsquo;informations sont enti\u00e8rement volontaires.<\/p>\n\n<p>Lorsque vous nous fournissez des informations, sauf avis contraire, nous pouvons utiliser ces informations pour am\u00e9liorer nos produits et services ; pour personnaliser un site Web ou une publicit\u00e9 afin de mieux correspondre \u00e0 vos int\u00e9r\u00eats et pr\u00e9f\u00e9rences ; comme inscription \u00e0 un concours ou \u00e0 un tirage au sort ; ou pour vous contacter. Nous ne fournissons pas ces informations \u00e0 des tiers non affili\u00e9s \u00e0 Caribbean Export.<\/p>\n\n<p>Si vous ne souhaitez pas que des informations soient collect\u00e9es \u00e0 partir de notre site Web et de la publicit\u00e9 en ligne, veuillez ne pas accepter la collecte d&rsquo;informations et ne nous soumettez aucune information. Si vous avez d\u00e9j\u00e0 soumis des informations personnelles et souhaitez que nous les supprimions de nos dossiers, veuillez nous contacter \u00e0 l&rsquo;adresse e-mail indiqu\u00e9e au bas de cette politique. \u00c0 votre demande, les informations personnelles que vous nous avez fournies seront supprim\u00e9es de nos fichiers existants. Veuillez noter qu&rsquo;avec la plupart des navigateurs Internet, vous pouvez effacer les cookies du disque dur de votre ordinateur, bloquer tous les cookies ou recevoir un avertissement avant qu&rsquo;un cookie ne soit stock\u00e9. Vous devez vous r\u00e9f\u00e9rer aux instructions de votre navigateur ou \u00e0 l&rsquo;\u00e9cran d&rsquo;aide pour en savoir plus sur ces fonctions.<\/p>\n\n<p>Certaines informations non personnelles peuvent \u00eatre collect\u00e9es automatiquement. Des exemples de ce type d&rsquo;informations incluent le type de navigateur Internet, le type de syst\u00e8me d&rsquo;exploitation informatique utilis\u00e9 et le nom de domaine du site Web \u00e0 partir duquel vous vous \u00eates connect\u00e9 \u00e0 notre site ou \u00e0 notre publicit\u00e9.<\/p>\n\n<p>Si vous avez soumis des informations personnelles via le site Web de Caribbean Export ou une publicit\u00e9 en ligne et souhaitez que ces informations soient supprim\u00e9es de nos dossiers, veuillez nous envoyer un e-mail. \u00c0 votre demande, nous supprimerons ces informations personnelles de nos fichiers existants. Nous sommes ravis que vous ayez choisi de visiter notre site.<\/p>\n","protected":false},"excerpt":{"rendered":"<p>Caribbean Export respecte la vie priv\u00e9e de chaque personne qui visite notre site Web ou r\u00e9pond \u00e0 nos publicit\u00e9s en ligne. Cette politique de confidentialit\u00e9 d\u00e9crit le type d&rsquo;informations que Caribbean Export collecte g\u00e9n\u00e9ralement \u00e0 partir de notre site Web et de nos publicit\u00e9s en ligne, et comment nous pouvons utiliser ces informations. Sur le [&hellip;]<\/p>\n","protected":false},"author":3,"featured_media":0,"parent":0,"menu_order":0,"comment_status":"closed","ping_status":"closed","template":"","meta":{"_acf_changed":false,"inline_featured_image":false,"footnotes":""},"tags":[],"class_list":["post-256158","page","type-page","status-publish","hentry"],"acf":[],"yoast_head":"<!-- This site is optimized with the Yoast SEO plugin v27.1.1 - https:\/\/yoast.com\/product\/yoast-seo-wordpress\/ -->\n<title>de Politique de confidentialit\u00e9 - Exportation Cara\u00efbes<\/title>\n<meta name=\"robots\" content=\"index, follow, max-snippet:-1, max-image-preview:large, max-video-preview:-1\" \/>\n<link rel=\"canonical\" href=\"https:\/\/content.carib-export.com\/fr\/privacy-policy\/\" \/>\n<meta property=\"og:locale\" content=\"fr_FR\" \/>\n<meta property=\"og:type\" content=\"article\" \/>\n<meta property=\"og:title\" content=\"de Politique de confidentialit\u00e9 - Exportation Cara\u00efbes\" \/>\n<meta property=\"og:description\" content=\"Caribbean Export respecte la vie priv\u00e9e de chaque personne qui visite notre site Web ou r\u00e9pond \u00e0 nos publicit\u00e9s en ligne. Cette politique de confidentialit\u00e9 d\u00e9crit le type d&rsquo;informations que Caribbean Export collecte g\u00e9n\u00e9ralement \u00e0 partir de notre site Web et de nos publicit\u00e9s en ligne, et comment nous pouvons utiliser ces informations. Sur le [&hellip;]\" \/>\n<meta property=\"og:url\" content=\"https:\/\/content.carib-export.com\/fr\/privacy-policy\/\" \/>\n<meta property=\"og:site_name\" content=\"Exportation Cara\u00efbes\" \/>\n<meta property=\"article:publisher\" content=\"https:\/\/www.facebook.com\/CaribbeanExport\" \/>\n<meta property=\"article:modified_time\" content=\"2025-02-05T17:28:51+00:00\" \/>\n<meta property=\"og:image\" content=\"https:\/\/content.carib-export.com\/wp-content\/uploads\/2019\/06\/CEDA-default-square.jpg\" \/>\n\t<meta property=\"og:image:width\" content=\"1000\" \/>\n\t<meta property=\"og:image:height\" content=\"1000\" \/>\n\t<meta property=\"og:image:type\" content=\"image\/jpeg\" \/>\n<meta name=\"twitter:card\" content=\"summary_large_image\" \/>\n<meta name=\"twitter:site\" content=\"@CaribXport\" \/>\n<meta name=\"twitter:label1\" content=\"Dur\u00e9e de lecture estim\u00e9e\" \/>\n\t<meta name=\"twitter:data1\" content=\"2 minutes\" \/>\n<script type=\"application\/ld+json\" class=\"yoast-schema-graph\">{\"@context\":\"https:\/\/schema.org\",\"@graph\":[{\"@type\":\"WebPage\",\"@id\":\"https:\/\/content.carib-export.com\/fr\/privacy-policy\/\",\"url\":\"https:\/\/content.carib-export.com\/fr\/privacy-policy\/\",\"name\":\"de Politique de confidentialit\u00e9 - Exportation Cara\u00efbes\",\"isPartOf\":{\"@id\":\"https:\/\/content.carib-export.com\/fr\/#website\"},\"datePublished\":\"2009-06-25T22:38:17+00:00\",\"dateModified\":\"2025-02-05T17:28:51+00:00\",\"breadcrumb\":{\"@id\":\"https:\/\/content.carib-export.com\/fr\/privacy-policy\/#breadcrumb\"},\"inLanguage\":\"fr-FR\",\"potentialAction\":[{\"@type\":\"ReadAction\",\"target\":[\"https:\/\/content.carib-export.com\/fr\/privacy-policy\/\"]}]},{\"@type\":\"BreadcrumbList\",\"@id\":\"https:\/\/content.carib-export.com\/fr\/privacy-policy\/#breadcrumb\",\"itemListElement\":[{\"@type\":\"ListItem\",\"position\":1,\"name\":\"Accueil\",\"item\":\"https:\/\/content.carib-export.com\/fr\/home\/\"},{\"@type\":\"ListItem\",\"position\":2,\"name\":\"Politique de confidentialit\u00e9\"}]},{\"@type\":\"WebSite\",\"@id\":\"https:\/\/content.carib-export.com\/fr\/#website\",\"url\":\"https:\/\/content.carib-export.com\/fr\/\",\"name\":\"Exportation Cara\u00efbes\",\"description\":\"La seule agence r\u00e9gionale de promotion du commerce et des investissements du groupe Afrique, Cara\u00efbes et Pacifique.\",\"publisher\":{\"@id\":\"https:\/\/content.carib-export.com\/fr\/#organization\"},\"potentialAction\":[{\"@type\":\"SearchAction\",\"target\":{\"@type\":\"EntryPoint\",\"urlTemplate\":\"https:\/\/content.carib-export.com\/fr\/?s={search_term_string}\"},\"query-input\":{\"@type\":\"PropertyValueSpecification\",\"valueRequired\":true,\"valueName\":\"search_term_string\"}}],\"inLanguage\":\"fr-FR\"},{\"@type\":\"Organization\",\"@id\":\"https:\/\/content.carib-export.com\/fr\/#organization\",\"name\":\"Agence carib\u00e9enne de d\u00e9veloppement des exportations\",\"url\":\"https:\/\/content.carib-export.com\/fr\/\",\"logo\":{\"@type\":\"ImageObject\",\"inLanguage\":\"fr-FR\",\"@id\":\"https:\/\/content.carib-export.com\/fr\/#\/schema\/logo\/image\/\",\"url\":\"https:\/\/content.carib-export.com\/wp-content\/uploads\/2013\/03\/CE-Logo-2013.jpg\",\"contentUrl\":\"https:\/\/content.carib-export.com\/wp-content\/uploads\/2013\/03\/CE-Logo-2013.jpg\",\"width\":1024,\"height\":244,\"caption\":\"Agence carib\u00e9enne de d\u00e9veloppement des exportations\"},\"image\":{\"@id\":\"https:\/\/content.carib-export.com\/fr\/#\/schema\/logo\/image\/\"},\"sameAs\":[\"https:\/\/www.facebook.com\/CaribbeanExport\",\"https:\/\/x.com\/CaribXport\",\"https:\/\/www.instagram.com\/caribbeanexport\",\"https:\/\/www.linkedin.com\/company\/caribbeanexport\",\"https:\/\/www.youtube.com\/user\/TheCaribbeanExport\"]}]}<\/script>\n<!-- \/ Yoast SEO plugin. -->","yoast_head_json":{"title":"de Politique de confidentialit\u00e9 - Exportation Cara\u00efbes","robots":{"index":"index","follow":"follow","max-snippet":"max-snippet:-1","max-image-preview":"max-image-preview:large","max-video-preview":"max-video-preview:-1"},"canonical":"https:\/\/content.carib-export.com\/fr\/privacy-policy\/","og_locale":"fr_FR","og_type":"article","og_title":"de Politique de confidentialit\u00e9 - Exportation Cara\u00efbes","og_description":"Caribbean Export respecte la vie priv\u00e9e de chaque personne qui visite notre site Web ou r\u00e9pond \u00e0 nos publicit\u00e9s en ligne. Cette politique de confidentialit\u00e9 d\u00e9crit le type d&rsquo;informations que Caribbean Export collecte g\u00e9n\u00e9ralement \u00e0 partir de notre site Web et de nos publicit\u00e9s en ligne, et comment nous pouvons utiliser ces informations. Sur le [&hellip;]","og_url":"https:\/\/content.carib-export.com\/fr\/privacy-policy\/","og_site_name":"Exportation Cara\u00efbes","article_publisher":"https:\/\/www.facebook.com\/CaribbeanExport","article_modified_time":"2025-02-05T17:28:51+00:00","og_image":[{"width":1000,"height":1000,"url":"https:\/\/content.carib-export.com\/wp-content\/uploads\/2019\/06\/CEDA-default-square.jpg","type":"image\/jpeg"}],"twitter_card":"summary_large_image","twitter_site":"@CaribXport","twitter_misc":{"Dur\u00e9e de lecture estim\u00e9e":"2 minutes"},"schema":{"@context":"https:\/\/schema.org","@graph":[{"@type":"WebPage","@id":"https:\/\/content.carib-export.com\/fr\/privacy-policy\/","url":"https:\/\/content.carib-export.com\/fr\/privacy-policy\/","name":"de Politique de confidentialit\u00e9 - Exportation Cara\u00efbes","isPartOf":{"@id":"https:\/\/content.carib-export.com\/fr\/#website"},"datePublished":"2009-06-25T22:38:17+00:00","dateModified":"2025-02-05T17:28:51+00:00","breadcrumb":{"@id":"https:\/\/content.carib-export.com\/fr\/privacy-policy\/#breadcrumb"},"inLanguage":"fr-FR","potentialAction":[{"@type":"ReadAction","target":["https:\/\/content.carib-export.com\/fr\/privacy-policy\/"]}]},{"@type":"BreadcrumbList","@id":"https:\/\/content.carib-export.com\/fr\/privacy-policy\/#breadcrumb","itemListElement":[{"@type":"ListItem","position":1,"name":"Accueil","item":"https:\/\/content.carib-export.com\/fr\/home\/"},{"@type":"ListItem","position":2,"name":"Politique de confidentialit\u00e9"}]},{"@type":"WebSite","@id":"https:\/\/content.carib-export.com\/fr\/#website","url":"https:\/\/content.carib-export.com\/fr\/","name":"Exportation Cara\u00efbes","description":"La seule agence r\u00e9gionale de promotion du commerce et des investissements du groupe Afrique, Cara\u00efbes et Pacifique.","publisher":{"@id":"https:\/\/content.carib-export.com\/fr\/#organization"},"potentialAction":[{"@type":"SearchAction","target":{"@type":"EntryPoint","urlTemplate":"https:\/\/content.carib-export.com\/fr\/?s={search_term_string}"},"query-input":{"@type":"PropertyValueSpecification","valueRequired":true,"valueName":"search_term_string"}}],"inLanguage":"fr-FR"},{"@type":"Organization","@id":"https:\/\/content.carib-export.com\/fr\/#organization","name":"Agence carib\u00e9enne de d\u00e9veloppement des exportations","url":"https:\/\/content.carib-export.com\/fr\/","logo":{"@type":"ImageObject","inLanguage":"fr-FR","@id":"https:\/\/content.carib-export.com\/fr\/#\/schema\/logo\/image\/","url":"https:\/\/content.carib-export.com\/wp-content\/uploads\/2013\/03\/CE-Logo-2013.jpg","contentUrl":"https:\/\/content.carib-export.com\/wp-content\/uploads\/2013\/03\/CE-Logo-2013.jpg","width":1024,"height":244,"caption":"Agence carib\u00e9enne de d\u00e9veloppement des exportations"},"image":{"@id":"https:\/\/content.carib-export.com\/fr\/#\/schema\/logo\/image\/"},"sameAs":["https:\/\/www.facebook.com\/CaribbeanExport","https:\/\/x.com\/CaribXport","https:\/\/www.instagram.com\/caribbeanexport","https:\/\/www.linkedin.com\/company\/caribbeanexport","https:\/\/www.youtube.com\/user\/TheCaribbeanExport"]}]}},"_links":{"self":[{"href":"https:\/\/content.carib-export.com\/fr\/wp-json\/wp\/v2\/pages\/256158","targetHints":{"allow":["GET"]}}],"collection":[{"href":"https:\/\/content.carib-export.com\/fr\/wp-json\/wp\/v2\/pages"}],"about":[{"href":"https:\/\/content.carib-export.com\/fr\/wp-json\/wp\/v2\/types\/page"}],"author":[{"embeddable":true,"href":"https:\/\/content.carib-export.com\/fr\/wp-json\/wp\/v2\/users\/3"}],"replies":[{"embeddable":true,"href":"https:\/\/content.carib-export.com\/fr\/wp-json\/wp\/v2\/comments?post=256158"}],"version-history":[{"count":0,"href":"https:\/\/content.carib-export.com\/fr\/wp-json\/wp\/v2\/pages\/256158\/revisions"}],"wp:attachment":[{"href":"https:\/\/content.carib-export.com\/fr\/wp-json\/wp\/v2\/media?parent=256158"}],"wp:term":[{"taxonomy":"post_tag","embeddable":true,"href":"https:\/\/content.carib-export.com\/fr\/wp-json\/wp\/v2\/tags?post=256158"}],"curies":[{"name":"wp","href":"https:\/\/api.w.org\/{rel}","templated":true}]}}