{"id":269570,"date":"2014-07-19T19:56:08","date_gmt":"2014-07-19T23:56:08","guid":{"rendered":"https:\/\/content.carib-export.com\/exporters\/advocacy\/regional-private-sector-advocacy-group\/"},"modified":"2025-02-05T14:08:44","modified_gmt":"2025-02-05T18:08:44","slug":"regional-private-sector-advocacy-group","status":"publish","type":"page","link":"https:\/\/content.carib-export.com\/fr\/resources\/advocacy\/regional-private-sector-advocacy-group\/","title":{"rendered":"Groupe r\u00e9gional de plaidoyer du secteur priv\u00e9"},"content":{"rendered":"\n<p>Caribbean Export est en train de mettre en \u0153uvre le programme r\u00e9gional de d\u00e9veloppement du secteur priv\u00e9 du 11e <sup>Fonds<\/sup> europ\u00e9en de d\u00e9veloppement (FED). Afin d&rsquo;assurer l&rsquo;ex\u00e9cution efficace et efficiente des programmes de Caribbean Export et de donner des conseils sur l&rsquo;orientation g\u00e9n\u00e9rale de l&rsquo;Agence, le Groupe consultatif r\u00e9gional du secteur priv\u00e9 (RPSAG) a \u00e9t\u00e9 cr\u00e9\u00e9.<\/p>\n\n<p>Le r\u00f4le du RPSAG portera sp\u00e9cifiquement sur les points suivants :<\/p>\n\n<ul class=\"wp-block-list\">\n<li>l&rsquo;orientation strat\u00e9gique globale de l&rsquo;Agence;<\/li>\n\n\n\n<li>les d\u00e9fis actuels affectant la croissance du secteur priv\u00e9, avec une r\u00e9f\u00e9rence particuli\u00e8re aux questions li\u00e9es \u00e0 l&rsquo;exportation ;<\/li>\n\n\n\n<li>les domaines d&rsquo;int\u00e9r\u00eat possibles pour les futurs programmes d&rsquo;exportation des Cara\u00efbes ;<\/li>\n\n\n\n<li>des conseils sur la fa\u00e7on d&rsquo;am\u00e9liorer les programmes existants offerts par Caribbean Export ;<\/li>\n\n\n\n<li>recommandations pour les futurs march\u00e9s d&rsquo;exportation des biens et services du CARIFORUM.<\/li>\n<\/ul>\n\n<p>Le groupe consultatif priv\u00e9 r\u00e9gional se r\u00e9unit deux fois par an. Pour plus d&rsquo;informations sur le Groupe et son r\u00f4le au sein de l&rsquo;Agence, veuillez contacter Allyson Francis, \u00e0 <a href=\"mailto:afrancis@carib-export.com\" target=\"_blank\" rel=\"noreferrer noopener\">afrancis@carib-export.com<\/a> ou <a href=\"http:\/\/carib-export.us5.list-manage.com\/subscribe?u=f70a3cefdf17281acaea426b4&amp;id=9e96a5189f\" target=\"_blank\" rel=\"noreferrer noopener\">rejoignez notre liste de diffusion<\/a> .<\/p>\n","protected":false},"excerpt":{"rendered":"<p>Caribbean Export est en train de mettre en \u0153uvre le programme r\u00e9gional de d\u00e9veloppement du secteur priv\u00e9 du 10e Fonds europ\u00e9en de d\u00e9veloppement (FED).<\/p>\n","protected":false},"author":3,"featured_media":0,"parent":256202,"menu_order":0,"comment_status":"closed","ping_status":"closed","template":"","meta":{"_acf_changed":false,"inline_featured_image":false,"footnotes":""},"tags":[],"class_list":["post-269570","page","type-page","status-publish","hentry"],"acf":[],"yoast_head":"<!-- This site is optimized with the Yoast SEO plugin v27.1.1 - https:\/\/yoast.com\/product\/yoast-seo-wordpress\/ -->\n<title>de Groupe r\u00e9gional de plaidoyer du secteur priv\u00e9 - Exportation Cara\u00efbes<\/title>\n<meta name=\"robots\" content=\"index, follow, max-snippet:-1, max-image-preview:large, max-video-preview:-1\" \/>\n<link rel=\"canonical\" href=\"https:\/\/content.carib-export.com\/fr\/resources\/advocacy\/regional-private-sector-advocacy-group\/\" \/>\n<meta property=\"og:locale\" content=\"fr_FR\" \/>\n<meta property=\"og:type\" content=\"article\" \/>\n<meta property=\"og:title\" content=\"de Groupe r\u00e9gional de plaidoyer du secteur priv\u00e9 - Exportation Cara\u00efbes\" \/>\n<meta property=\"og:description\" content=\"Caribbean Export est en train de mettre en \u0153uvre le programme r\u00e9gional de d\u00e9veloppement du secteur priv\u00e9 du 10e Fonds europ\u00e9en de d\u00e9veloppement (FED).\" \/>\n<meta property=\"og:url\" content=\"https:\/\/content.carib-export.com\/fr\/resources\/advocacy\/regional-private-sector-advocacy-group\/\" \/>\n<meta property=\"og:site_name\" content=\"Exportation Cara\u00efbes\" \/>\n<meta property=\"article:publisher\" content=\"https:\/\/www.facebook.com\/CaribbeanExport\" \/>\n<meta property=\"article:modified_time\" content=\"2025-02-05T18:08:44+00:00\" \/>\n<meta property=\"og:image\" content=\"https:\/\/content.carib-export.com\/wp-content\/uploads\/2019\/06\/CEDA-default-square.jpg\" \/>\n\t<meta property=\"og:image:width\" content=\"1000\" \/>\n\t<meta property=\"og:image:height\" content=\"1000\" \/>\n\t<meta property=\"og:image:type\" content=\"image\/jpeg\" \/>\n<meta name=\"twitter:card\" content=\"summary_large_image\" \/>\n<meta name=\"twitter:site\" content=\"@CaribXport\" \/>\n<meta name=\"twitter:label1\" content=\"Dur\u00e9e de lecture estim\u00e9e\" \/>\n\t<meta name=\"twitter:data1\" content=\"1 minute\" \/>\n<script type=\"application\/ld+json\" class=\"yoast-schema-graph\">{\"@context\":\"https:\/\/schema.org\",\"@graph\":[{\"@type\":\"WebPage\",\"@id\":\"https:\/\/content.carib-export.com\/fr\/resources\/advocacy\/regional-private-sector-advocacy-group\/\",\"url\":\"https:\/\/content.carib-export.com\/fr\/resources\/advocacy\/regional-private-sector-advocacy-group\/\",\"name\":\"de Groupe r\u00e9gional de plaidoyer du secteur priv\u00e9 - Exportation Cara\u00efbes\",\"isPartOf\":{\"@id\":\"https:\/\/content.carib-export.com\/fr\/#website\"},\"datePublished\":\"2014-07-19T23:56:08+00:00\",\"dateModified\":\"2025-02-05T18:08:44+00:00\",\"breadcrumb\":{\"@id\":\"https:\/\/content.carib-export.com\/fr\/resources\/advocacy\/regional-private-sector-advocacy-group\/#breadcrumb\"},\"inLanguage\":\"fr-FR\",\"potentialAction\":[{\"@type\":\"ReadAction\",\"target\":[\"https:\/\/content.carib-export.com\/fr\/resources\/advocacy\/regional-private-sector-advocacy-group\/\"]}]},{\"@type\":\"BreadcrumbList\",\"@id\":\"https:\/\/content.carib-export.com\/fr\/resources\/advocacy\/regional-private-sector-advocacy-group\/#breadcrumb\",\"itemListElement\":[{\"@type\":\"ListItem\",\"position\":1,\"name\":\"Accueil\",\"item\":\"https:\/\/content.carib-export.com\/fr\/home\/\"},{\"@type\":\"ListItem\",\"position\":2,\"name\":\"Ressources\",\"item\":\"https:\/\/content.carib-export.com\/fr\/resources\/\"},{\"@type\":\"ListItem\",\"position\":3,\"name\":\"Plaidoyer\",\"item\":\"https:\/\/content.carib-export.com\/fr\/resources\/advocacy\/\"},{\"@type\":\"ListItem\",\"position\":4,\"name\":\"Groupe r\u00e9gional de plaidoyer du secteur priv\u00e9\"}]},{\"@type\":\"WebSite\",\"@id\":\"https:\/\/content.carib-export.com\/fr\/#website\",\"url\":\"https:\/\/content.carib-export.com\/fr\/\",\"name\":\"Exportation Cara\u00efbes\",\"description\":\"La seule agence r\u00e9gionale de promotion du commerce et des investissements du groupe Afrique, Cara\u00efbes et Pacifique.\",\"publisher\":{\"@id\":\"https:\/\/content.carib-export.com\/fr\/#organization\"},\"potentialAction\":[{\"@type\":\"SearchAction\",\"target\":{\"@type\":\"EntryPoint\",\"urlTemplate\":\"https:\/\/content.carib-export.com\/fr\/?s={search_term_string}\"},\"query-input\":{\"@type\":\"PropertyValueSpecification\",\"valueRequired\":true,\"valueName\":\"search_term_string\"}}],\"inLanguage\":\"fr-FR\"},{\"@type\":\"Organization\",\"@id\":\"https:\/\/content.carib-export.com\/fr\/#organization\",\"name\":\"Agence carib\u00e9enne de d\u00e9veloppement des exportations\",\"url\":\"https:\/\/content.carib-export.com\/fr\/\",\"logo\":{\"@type\":\"ImageObject\",\"inLanguage\":\"fr-FR\",\"@id\":\"https:\/\/content.carib-export.com\/fr\/#\/schema\/logo\/image\/\",\"url\":\"https:\/\/content.carib-export.com\/wp-content\/uploads\/2013\/03\/CE-Logo-2013.jpg\",\"contentUrl\":\"https:\/\/content.carib-export.com\/wp-content\/uploads\/2013\/03\/CE-Logo-2013.jpg\",\"width\":1024,\"height\":244,\"caption\":\"Agence carib\u00e9enne de d\u00e9veloppement des exportations\"},\"image\":{\"@id\":\"https:\/\/content.carib-export.com\/fr\/#\/schema\/logo\/image\/\"},\"sameAs\":[\"https:\/\/www.facebook.com\/CaribbeanExport\",\"https:\/\/x.com\/CaribXport\",\"https:\/\/www.instagram.com\/caribbeanexport\",\"https:\/\/www.linkedin.com\/company\/caribbeanexport\",\"https:\/\/www.youtube.com\/user\/TheCaribbeanExport\"]}]}<\/script>\n<!-- \/ Yoast SEO plugin. -->","yoast_head_json":{"title":"de Groupe r\u00e9gional de plaidoyer du secteur priv\u00e9 - Exportation Cara\u00efbes","robots":{"index":"index","follow":"follow","max-snippet":"max-snippet:-1","max-image-preview":"max-image-preview:large","max-video-preview":"max-video-preview:-1"},"canonical":"https:\/\/content.carib-export.com\/fr\/resources\/advocacy\/regional-private-sector-advocacy-group\/","og_locale":"fr_FR","og_type":"article","og_title":"de Groupe r\u00e9gional de plaidoyer du secteur priv\u00e9 - Exportation Cara\u00efbes","og_description":"Caribbean Export est en train de mettre en \u0153uvre le programme r\u00e9gional de d\u00e9veloppement du secteur priv\u00e9 du 10e Fonds europ\u00e9en de d\u00e9veloppement (FED).","og_url":"https:\/\/content.carib-export.com\/fr\/resources\/advocacy\/regional-private-sector-advocacy-group\/","og_site_name":"Exportation Cara\u00efbes","article_publisher":"https:\/\/www.facebook.com\/CaribbeanExport","article_modified_time":"2025-02-05T18:08:44+00:00","og_image":[{"width":1000,"height":1000,"url":"https:\/\/content.carib-export.com\/wp-content\/uploads\/2019\/06\/CEDA-default-square.jpg","type":"image\/jpeg"}],"twitter_card":"summary_large_image","twitter_site":"@CaribXport","twitter_misc":{"Dur\u00e9e de lecture estim\u00e9e":"1 minute"},"schema":{"@context":"https:\/\/schema.org","@graph":[{"@type":"WebPage","@id":"https:\/\/content.carib-export.com\/fr\/resources\/advocacy\/regional-private-sector-advocacy-group\/","url":"https:\/\/content.carib-export.com\/fr\/resources\/advocacy\/regional-private-sector-advocacy-group\/","name":"de Groupe r\u00e9gional de plaidoyer du secteur priv\u00e9 - Exportation Cara\u00efbes","isPartOf":{"@id":"https:\/\/content.carib-export.com\/fr\/#website"},"datePublished":"2014-07-19T23:56:08+00:00","dateModified":"2025-02-05T18:08:44+00:00","breadcrumb":{"@id":"https:\/\/content.carib-export.com\/fr\/resources\/advocacy\/regional-private-sector-advocacy-group\/#breadcrumb"},"inLanguage":"fr-FR","potentialAction":[{"@type":"ReadAction","target":["https:\/\/content.carib-export.com\/fr\/resources\/advocacy\/regional-private-sector-advocacy-group\/"]}]},{"@type":"BreadcrumbList","@id":"https:\/\/content.carib-export.com\/fr\/resources\/advocacy\/regional-private-sector-advocacy-group\/#breadcrumb","itemListElement":[{"@type":"ListItem","position":1,"name":"Accueil","item":"https:\/\/content.carib-export.com\/fr\/home\/"},{"@type":"ListItem","position":2,"name":"Ressources","item":"https:\/\/content.carib-export.com\/fr\/resources\/"},{"@type":"ListItem","position":3,"name":"Plaidoyer","item":"https:\/\/content.carib-export.com\/fr\/resources\/advocacy\/"},{"@type":"ListItem","position":4,"name":"Groupe r\u00e9gional de plaidoyer du secteur priv\u00e9"}]},{"@type":"WebSite","@id":"https:\/\/content.carib-export.com\/fr\/#website","url":"https:\/\/content.carib-export.com\/fr\/","name":"Exportation Cara\u00efbes","description":"La seule agence r\u00e9gionale de promotion du commerce et des investissements du groupe Afrique, Cara\u00efbes et Pacifique.","publisher":{"@id":"https:\/\/content.carib-export.com\/fr\/#organization"},"potentialAction":[{"@type":"SearchAction","target":{"@type":"EntryPoint","urlTemplate":"https:\/\/content.carib-export.com\/fr\/?s={search_term_string}"},"query-input":{"@type":"PropertyValueSpecification","valueRequired":true,"valueName":"search_term_string"}}],"inLanguage":"fr-FR"},{"@type":"Organization","@id":"https:\/\/content.carib-export.com\/fr\/#organization","name":"Agence carib\u00e9enne de d\u00e9veloppement des exportations","url":"https:\/\/content.carib-export.com\/fr\/","logo":{"@type":"ImageObject","inLanguage":"fr-FR","@id":"https:\/\/content.carib-export.com\/fr\/#\/schema\/logo\/image\/","url":"https:\/\/content.carib-export.com\/wp-content\/uploads\/2013\/03\/CE-Logo-2013.jpg","contentUrl":"https:\/\/content.carib-export.com\/wp-content\/uploads\/2013\/03\/CE-Logo-2013.jpg","width":1024,"height":244,"caption":"Agence carib\u00e9enne de d\u00e9veloppement des exportations"},"image":{"@id":"https:\/\/content.carib-export.com\/fr\/#\/schema\/logo\/image\/"},"sameAs":["https:\/\/www.facebook.com\/CaribbeanExport","https:\/\/x.com\/CaribXport","https:\/\/www.instagram.com\/caribbeanexport","https:\/\/www.linkedin.com\/company\/caribbeanexport","https:\/\/www.youtube.com\/user\/TheCaribbeanExport"]}]}},"_links":{"self":[{"href":"https:\/\/content.carib-export.com\/fr\/wp-json\/wp\/v2\/pages\/269570","targetHints":{"allow":["GET"]}}],"collection":[{"href":"https:\/\/content.carib-export.com\/fr\/wp-json\/wp\/v2\/pages"}],"about":[{"href":"https:\/\/content.carib-export.com\/fr\/wp-json\/wp\/v2\/types\/page"}],"author":[{"embeddable":true,"href":"https:\/\/content.carib-export.com\/fr\/wp-json\/wp\/v2\/users\/3"}],"replies":[{"embeddable":true,"href":"https:\/\/content.carib-export.com\/fr\/wp-json\/wp\/v2\/comments?post=269570"}],"version-history":[{"count":0,"href":"https:\/\/content.carib-export.com\/fr\/wp-json\/wp\/v2\/pages\/269570\/revisions"}],"up":[{"embeddable":true,"href":"https:\/\/content.carib-export.com\/fr\/wp-json\/wp\/v2\/pages\/256202"}],"wp:attachment":[{"href":"https:\/\/content.carib-export.com\/fr\/wp-json\/wp\/v2\/media?parent=269570"}],"wp:term":[{"taxonomy":"post_tag","embeddable":true,"href":"https:\/\/content.carib-export.com\/fr\/wp-json\/wp\/v2\/tags?post=269570"}],"curies":[{"name":"wp","href":"https:\/\/api.w.org\/{rel}","templated":true}]}}