{"id":270052,"date":"2014-07-19T19:24:00","date_gmt":"2014-07-19T23:24:00","guid":{"rendered":"https:\/\/content.carib-export.com\/exporters\/exporters-toolkit\/10-steps-to-exporting\/"},"modified":"2025-02-05T15:30:04","modified_gmt":"2025-02-05T19:30:04","slug":"10-steps-to-exporting","status":"publish","type":"page","link":"https:\/\/content.carib-export.com\/fr\/resources\/exporters-toolkit\/10-steps-to-exporting\/","title":{"rendered":"10 \u00e9tapes pour exporter"},"content":{"rendered":"\n<blockquote class=\"wp-block-quote is-layout-flow wp-block-quote-is-layout-flow\"><p><em>Toute entreprise peut exporter des produits ou des services, mais le processus peut \u00eatre complexe et difficile et le succ\u00e8s est loin d&rsquo;\u00eatre garanti. Pourtant, lorsqu&rsquo;elle est abord\u00e9e avec soin, l&rsquo;exportation peut \u00eatre une strat\u00e9gie de croissance gratifiante pour toute entreprise.<\/em><\/p><\/blockquote>\n\n<p>Toute entreprise peut exporter des produits ou des services, mais le processus peut \u00eatre complexe et difficile et le succ\u00e8s est loin d&rsquo;\u00eatre garanti. Pourtant, lorsqu&rsquo;elle est abord\u00e9e avec soin, l&rsquo;exportation peut \u00eatre une strat\u00e9gie de croissance gratifiante pour toute entreprise. Que vous soyez une entreprise individuelle offrant des services-conseils ou que vous g\u00e9riez une usine de fabrication de 500 personnes, l&rsquo;exportation vous offre des opportunit\u00e9s de croissance, d&rsquo;augmentation des ventes et de diversification des march\u00e9s. Mais un produit ou un service commercialisable n&rsquo;est que le d\u00e9but. Exporter demande du temps et des efforts. Il faut aussi des ressources et un engagement fort pour rivaliser au-del\u00e0 de vos fronti\u00e8res actuelles. Si vous \u00eates concentr\u00e9 et engag\u00e9, vous devez d&rsquo;abord \u00e9valuer si vous \u00eates pr\u00eat \u00e0 entrer sur le march\u00e9 mondial. Suivez notre guide en 10 \u00e9tapes pour r\u00e9ussir \u00e0 exporter.<\/p>\n","protected":false},"excerpt":{"rendered":"<p>Toute entreprise peut exporter des produits ou des services, mais le processus peut \u00eatre complexe et difficile et le succ\u00e8s est loin d&rsquo;\u00eatre garanti. Pourtant, lorsqu&rsquo;elle est abord\u00e9e avec soin, l&rsquo;exportation peut \u00eatre une strat\u00e9gie de croissance gratifiante pour toute entreprise.<\/p>\n","protected":false},"author":3,"featured_media":0,"parent":256236,"menu_order":2,"comment_status":"closed","ping_status":"closed","template":"","meta":{"_acf_changed":false,"inline_featured_image":false,"footnotes":""},"tags":[],"class_list":["post-270052","page","type-page","status-publish","hentry"],"acf":[],"yoast_head":"<!-- This site is optimized with the Yoast SEO plugin v27.1.1 - https:\/\/yoast.com\/product\/yoast-seo-wordpress\/ -->\n<title>de 10 \u00e9tapes pour exporter - Exportation Cara\u00efbes<\/title>\n<meta name=\"robots\" content=\"index, follow, max-snippet:-1, max-image-preview:large, max-video-preview:-1\" \/>\n<link rel=\"canonical\" href=\"https:\/\/content.carib-export.com\/fr\/resources\/exporters-toolkit\/10-steps-to-exporting\/\" \/>\n<meta property=\"og:locale\" content=\"fr_FR\" \/>\n<meta property=\"og:type\" content=\"article\" \/>\n<meta property=\"og:title\" content=\"de 10 \u00e9tapes pour exporter - Exportation Cara\u00efbes\" \/>\n<meta property=\"og:description\" content=\"Toute entreprise peut exporter des produits ou des services, mais le processus peut \u00eatre complexe et difficile et le succ\u00e8s est loin d&#039;\u00eatre garanti. Pourtant, lorsqu&#039;elle est abord\u00e9e avec soin, l&#039;exportation peut \u00eatre une strat\u00e9gie de croissance gratifiante pour toute entreprise.\" \/>\n<meta property=\"og:url\" content=\"https:\/\/content.carib-export.com\/fr\/resources\/exporters-toolkit\/10-steps-to-exporting\/\" \/>\n<meta property=\"og:site_name\" content=\"Exportation Cara\u00efbes\" \/>\n<meta property=\"article:publisher\" content=\"https:\/\/www.facebook.com\/CaribbeanExport\" \/>\n<meta property=\"article:modified_time\" content=\"2025-02-05T19:30:04+00:00\" \/>\n<meta property=\"og:image\" content=\"https:\/\/content.carib-export.com\/wp-content\/uploads\/2019\/06\/CEDA-default-square.jpg\" \/>\n\t<meta property=\"og:image:width\" content=\"1000\" \/>\n\t<meta property=\"og:image:height\" content=\"1000\" \/>\n\t<meta property=\"og:image:type\" content=\"image\/jpeg\" \/>\n<meta name=\"twitter:card\" content=\"summary_large_image\" \/>\n<meta name=\"twitter:site\" content=\"@CaribXport\" \/>\n<meta name=\"twitter:label1\" content=\"Dur\u00e9e de lecture estim\u00e9e\" \/>\n\t<meta name=\"twitter:data1\" content=\"1 minute\" \/>\n<script type=\"application\/ld+json\" class=\"yoast-schema-graph\">{\"@context\":\"https:\/\/schema.org\",\"@graph\":[{\"@type\":\"WebPage\",\"@id\":\"https:\/\/content.carib-export.com\/fr\/resources\/exporters-toolkit\/10-steps-to-exporting\/\",\"url\":\"https:\/\/content.carib-export.com\/fr\/resources\/exporters-toolkit\/10-steps-to-exporting\/\",\"name\":\"de 10 \u00e9tapes pour exporter - Exportation Cara\u00efbes\",\"isPartOf\":{\"@id\":\"https:\/\/content.carib-export.com\/fr\/#website\"},\"datePublished\":\"2014-07-19T23:24:00+00:00\",\"dateModified\":\"2025-02-05T19:30:04+00:00\",\"breadcrumb\":{\"@id\":\"https:\/\/content.carib-export.com\/fr\/resources\/exporters-toolkit\/10-steps-to-exporting\/#breadcrumb\"},\"inLanguage\":\"fr-FR\",\"potentialAction\":[{\"@type\":\"ReadAction\",\"target\":[\"https:\/\/content.carib-export.com\/fr\/resources\/exporters-toolkit\/10-steps-to-exporting\/\"]}]},{\"@type\":\"BreadcrumbList\",\"@id\":\"https:\/\/content.carib-export.com\/fr\/resources\/exporters-toolkit\/10-steps-to-exporting\/#breadcrumb\",\"itemListElement\":[{\"@type\":\"ListItem\",\"position\":1,\"name\":\"Accueil\",\"item\":\"https:\/\/content.carib-export.com\/fr\/home\/\"},{\"@type\":\"ListItem\",\"position\":2,\"name\":\"Ressources\",\"item\":\"https:\/\/content.carib-export.com\/fr\/resources\/\"},{\"@type\":\"ListItem\",\"position\":3,\"name\":\"Bo\u00eete \u00e0 outils des exportateurs\",\"item\":\"https:\/\/content.carib-export.com\/fr\/resources\/exporters-toolkit\/\"},{\"@type\":\"ListItem\",\"position\":4,\"name\":\"10 \u00e9tapes pour exporter\"}]},{\"@type\":\"WebSite\",\"@id\":\"https:\/\/content.carib-export.com\/fr\/#website\",\"url\":\"https:\/\/content.carib-export.com\/fr\/\",\"name\":\"Exportation Cara\u00efbes\",\"description\":\"La seule agence r\u00e9gionale de promotion du commerce et des investissements du groupe Afrique, Cara\u00efbes et Pacifique.\",\"publisher\":{\"@id\":\"https:\/\/content.carib-export.com\/fr\/#organization\"},\"potentialAction\":[{\"@type\":\"SearchAction\",\"target\":{\"@type\":\"EntryPoint\",\"urlTemplate\":\"https:\/\/content.carib-export.com\/fr\/?s={search_term_string}\"},\"query-input\":{\"@type\":\"PropertyValueSpecification\",\"valueRequired\":true,\"valueName\":\"search_term_string\"}}],\"inLanguage\":\"fr-FR\"},{\"@type\":\"Organization\",\"@id\":\"https:\/\/content.carib-export.com\/fr\/#organization\",\"name\":\"Agence carib\u00e9enne de d\u00e9veloppement des exportations\",\"url\":\"https:\/\/content.carib-export.com\/fr\/\",\"logo\":{\"@type\":\"ImageObject\",\"inLanguage\":\"fr-FR\",\"@id\":\"https:\/\/content.carib-export.com\/fr\/#\/schema\/logo\/image\/\",\"url\":\"https:\/\/content.carib-export.com\/wp-content\/uploads\/2013\/03\/CE-Logo-2013.jpg\",\"contentUrl\":\"https:\/\/content.carib-export.com\/wp-content\/uploads\/2013\/03\/CE-Logo-2013.jpg\",\"width\":1024,\"height\":244,\"caption\":\"Agence carib\u00e9enne de d\u00e9veloppement des exportations\"},\"image\":{\"@id\":\"https:\/\/content.carib-export.com\/fr\/#\/schema\/logo\/image\/\"},\"sameAs\":[\"https:\/\/www.facebook.com\/CaribbeanExport\",\"https:\/\/x.com\/CaribXport\",\"https:\/\/www.instagram.com\/caribbeanexport\",\"https:\/\/www.linkedin.com\/company\/caribbeanexport\",\"https:\/\/www.youtube.com\/user\/TheCaribbeanExport\"]}]}<\/script>\n<!-- \/ Yoast SEO plugin. -->","yoast_head_json":{"title":"de 10 \u00e9tapes pour exporter - Exportation Cara\u00efbes","robots":{"index":"index","follow":"follow","max-snippet":"max-snippet:-1","max-image-preview":"max-image-preview:large","max-video-preview":"max-video-preview:-1"},"canonical":"https:\/\/content.carib-export.com\/fr\/resources\/exporters-toolkit\/10-steps-to-exporting\/","og_locale":"fr_FR","og_type":"article","og_title":"de 10 \u00e9tapes pour exporter - Exportation Cara\u00efbes","og_description":"Toute entreprise peut exporter des produits ou des services, mais le processus peut \u00eatre complexe et difficile et le succ\u00e8s est loin d'\u00eatre garanti. Pourtant, lorsqu'elle est abord\u00e9e avec soin, l'exportation peut \u00eatre une strat\u00e9gie de croissance gratifiante pour toute entreprise.","og_url":"https:\/\/content.carib-export.com\/fr\/resources\/exporters-toolkit\/10-steps-to-exporting\/","og_site_name":"Exportation Cara\u00efbes","article_publisher":"https:\/\/www.facebook.com\/CaribbeanExport","article_modified_time":"2025-02-05T19:30:04+00:00","og_image":[{"width":1000,"height":1000,"url":"https:\/\/content.carib-export.com\/wp-content\/uploads\/2019\/06\/CEDA-default-square.jpg","type":"image\/jpeg"}],"twitter_card":"summary_large_image","twitter_site":"@CaribXport","twitter_misc":{"Dur\u00e9e de lecture estim\u00e9e":"1 minute"},"schema":{"@context":"https:\/\/schema.org","@graph":[{"@type":"WebPage","@id":"https:\/\/content.carib-export.com\/fr\/resources\/exporters-toolkit\/10-steps-to-exporting\/","url":"https:\/\/content.carib-export.com\/fr\/resources\/exporters-toolkit\/10-steps-to-exporting\/","name":"de 10 \u00e9tapes pour exporter - Exportation Cara\u00efbes","isPartOf":{"@id":"https:\/\/content.carib-export.com\/fr\/#website"},"datePublished":"2014-07-19T23:24:00+00:00","dateModified":"2025-02-05T19:30:04+00:00","breadcrumb":{"@id":"https:\/\/content.carib-export.com\/fr\/resources\/exporters-toolkit\/10-steps-to-exporting\/#breadcrumb"},"inLanguage":"fr-FR","potentialAction":[{"@type":"ReadAction","target":["https:\/\/content.carib-export.com\/fr\/resources\/exporters-toolkit\/10-steps-to-exporting\/"]}]},{"@type":"BreadcrumbList","@id":"https:\/\/content.carib-export.com\/fr\/resources\/exporters-toolkit\/10-steps-to-exporting\/#breadcrumb","itemListElement":[{"@type":"ListItem","position":1,"name":"Accueil","item":"https:\/\/content.carib-export.com\/fr\/home\/"},{"@type":"ListItem","position":2,"name":"Ressources","item":"https:\/\/content.carib-export.com\/fr\/resources\/"},{"@type":"ListItem","position":3,"name":"Bo\u00eete \u00e0 outils des exportateurs","item":"https:\/\/content.carib-export.com\/fr\/resources\/exporters-toolkit\/"},{"@type":"ListItem","position":4,"name":"10 \u00e9tapes pour exporter"}]},{"@type":"WebSite","@id":"https:\/\/content.carib-export.com\/fr\/#website","url":"https:\/\/content.carib-export.com\/fr\/","name":"Exportation Cara\u00efbes","description":"La seule agence r\u00e9gionale de promotion du commerce et des investissements du groupe Afrique, Cara\u00efbes et Pacifique.","publisher":{"@id":"https:\/\/content.carib-export.com\/fr\/#organization"},"potentialAction":[{"@type":"SearchAction","target":{"@type":"EntryPoint","urlTemplate":"https:\/\/content.carib-export.com\/fr\/?s={search_term_string}"},"query-input":{"@type":"PropertyValueSpecification","valueRequired":true,"valueName":"search_term_string"}}],"inLanguage":"fr-FR"},{"@type":"Organization","@id":"https:\/\/content.carib-export.com\/fr\/#organization","name":"Agence carib\u00e9enne de d\u00e9veloppement des exportations","url":"https:\/\/content.carib-export.com\/fr\/","logo":{"@type":"ImageObject","inLanguage":"fr-FR","@id":"https:\/\/content.carib-export.com\/fr\/#\/schema\/logo\/image\/","url":"https:\/\/content.carib-export.com\/wp-content\/uploads\/2013\/03\/CE-Logo-2013.jpg","contentUrl":"https:\/\/content.carib-export.com\/wp-content\/uploads\/2013\/03\/CE-Logo-2013.jpg","width":1024,"height":244,"caption":"Agence carib\u00e9enne de d\u00e9veloppement des exportations"},"image":{"@id":"https:\/\/content.carib-export.com\/fr\/#\/schema\/logo\/image\/"},"sameAs":["https:\/\/www.facebook.com\/CaribbeanExport","https:\/\/x.com\/CaribXport","https:\/\/www.instagram.com\/caribbeanexport","https:\/\/www.linkedin.com\/company\/caribbeanexport","https:\/\/www.youtube.com\/user\/TheCaribbeanExport"]}]}},"_links":{"self":[{"href":"https:\/\/content.carib-export.com\/fr\/wp-json\/wp\/v2\/pages\/270052","targetHints":{"allow":["GET"]}}],"collection":[{"href":"https:\/\/content.carib-export.com\/fr\/wp-json\/wp\/v2\/pages"}],"about":[{"href":"https:\/\/content.carib-export.com\/fr\/wp-json\/wp\/v2\/types\/page"}],"author":[{"embeddable":true,"href":"https:\/\/content.carib-export.com\/fr\/wp-json\/wp\/v2\/users\/3"}],"replies":[{"embeddable":true,"href":"https:\/\/content.carib-export.com\/fr\/wp-json\/wp\/v2\/comments?post=270052"}],"version-history":[{"count":0,"href":"https:\/\/content.carib-export.com\/fr\/wp-json\/wp\/v2\/pages\/270052\/revisions"}],"up":[{"embeddable":true,"href":"https:\/\/content.carib-export.com\/fr\/wp-json\/wp\/v2\/pages\/256236"}],"wp:attachment":[{"href":"https:\/\/content.carib-export.com\/fr\/wp-json\/wp\/v2\/media?parent=270052"}],"wp:term":[{"taxonomy":"post_tag","embeddable":true,"href":"https:\/\/content.carib-export.com\/fr\/wp-json\/wp\/v2\/tags?post=270052"}],"curies":[{"name":"wp","href":"https:\/\/api.w.org\/{rel}","templated":true}]}}