{"id":270140,"date":"2018-07-18T14:20:21","date_gmt":"2018-07-18T18:20:21","guid":{"rendered":"https:\/\/content.carib-export.com\/exporters\/exporters-toolkit\/understanding-intellectual-property\/"},"modified":"2025-02-06T01:06:15","modified_gmt":"2025-02-06T05:06:15","slug":"understanding-intellectual-property","status":"publish","type":"page","link":"https:\/\/content.carib-export.com\/fr\/resources\/exporters-toolkit\/understanding-intellectual-property\/","title":{"rendered":"Comprendre la propri\u00e9t\u00e9 intellectuelle"},"content":{"rendered":"\n<p><strong>La propri\u00e9t\u00e9 intellectuelle (PI)<\/strong> est un terme qui fait r\u00e9f\u00e9rence aux cr\u00e9ations de l&rsquo;esprit et dans les \u00e9conomies d&rsquo;aujourd&rsquo;hui ax\u00e9es sur la connaissance, la protection et la gestion des actifs de PI peuvent \u00eatre essentielles au succ\u00e8s ou \u00e0 l&rsquo;\u00e9chec d&rsquo;une entreprise.<\/p>\n\n<p class=\"has-text-align-center\"><a class=\"fbc-embed\" style=\"max-width: 100%;\" href=\"https:\/\/user-Wb8Ncdk.cld.bz\/Roadmap-for-Protecting-Origin-Linked-Products-OLPs\" data-fbc-lightbox=\"no\" data-fbc-width=\"640px\" data-fbc-height=\"480px\">Feuille de route pour la protection des produits li\u00e9s \u00e0 l&rsquo;origine (OLP)<\/a><script async=\"\" defer=\"defer\" src=\"https:\/\/cld.bz\/e\/ld92fju\/embed.js\"><\/script><\/p>\n\n<div style=\"height:40px\" aria-hidden=\"true\" class=\"wp-block-spacer\"><\/div>\n\n<p><strong>Les indications g\u00e9ographiques (IG)<\/strong> sont souvent utilis\u00e9es sur des produits qui ont une origine g\u00e9ographique sp\u00e9cifique et poss\u00e8dent des qualit\u00e9s, une r\u00e9putation ou des caract\u00e9ristiques qui sont essentiellement attribuables \u00e0 ce lieu d&rsquo;origine. L&rsquo;exp\u00e9rience Jamaica Jerk fournit un guide \u00e9tape par \u00e9tape pour la mise en \u0153uvre d&rsquo;une IG.<\/p>\n\n<p class=\"has-text-align-center\"><a class=\"fbc-embed\" style=\"max-width: 100%;\" href=\"https:\/\/user-Wb8Ncdk.cld.bz\/The-Jamaica-Jerk-Experience\" data-fbc-lightbox=\"no\" data-fbc-width=\"640px\" data-fbc-height=\"480px\">L&rsquo;exp\u00e9rience jama\u00efcaine Jerk<\/a><script async=\"\" defer=\"defer\" src=\"https:\/\/cld.bz\/e\/1f5e4G\/embed.js\"><\/script><\/p>\n","protected":false},"excerpt":{"rendered":"<p>La propri\u00e9t\u00e9 intellectuelle (PI) est un terme qui fait r\u00e9f\u00e9rence aux cr\u00e9ations de l&rsquo;esprit et dans les \u00e9conomies d&rsquo;aujourd&rsquo;hui ax\u00e9es sur la connaissance, la protection et la gestion des actifs de PI peuvent \u00eatre essentielles au succ\u00e8s ou \u00e0 l&rsquo;\u00e9chec d&rsquo;une entreprise. Feuille de route pour la protection des produits li\u00e9s \u00e0 l&rsquo;origine (OLP) Les [&hellip;]<\/p>\n","protected":false},"author":3,"featured_media":243033,"parent":256236,"menu_order":6,"comment_status":"closed","ping_status":"closed","template":"","meta":{"_acf_changed":false,"inline_featured_image":false,"footnotes":""},"tags":[],"class_list":["post-270140","page","type-page","status-publish","has-post-thumbnail","hentry"],"acf":[],"yoast_head":"<!-- This site is optimized with the Yoast SEO plugin v27.1.1 - https:\/\/yoast.com\/product\/yoast-seo-wordpress\/ -->\n<title>de Comprendre la propri\u00e9t\u00e9 intellectuelle - Exportation Cara\u00efbes<\/title>\n<meta name=\"robots\" content=\"index, follow, max-snippet:-1, max-image-preview:large, max-video-preview:-1\" \/>\n<link rel=\"canonical\" href=\"https:\/\/content.carib-export.com\/fr\/resources\/exporters-toolkit\/understanding-intellectual-property\/\" \/>\n<meta property=\"og:locale\" content=\"fr_FR\" \/>\n<meta property=\"og:type\" content=\"article\" \/>\n<meta property=\"og:title\" content=\"de Comprendre la propri\u00e9t\u00e9 intellectuelle - Exportation Cara\u00efbes\" \/>\n<meta property=\"og:description\" content=\"La propri\u00e9t\u00e9 intellectuelle (PI) est un terme qui fait r\u00e9f\u00e9rence aux cr\u00e9ations de l&rsquo;esprit et dans les \u00e9conomies d&rsquo;aujourd&rsquo;hui ax\u00e9es sur la connaissance, la protection et la gestion des actifs de PI peuvent \u00eatre essentielles au succ\u00e8s ou \u00e0 l&rsquo;\u00e9chec d&rsquo;une entreprise. Feuille de route pour la protection des produits li\u00e9s \u00e0 l&rsquo;origine (OLP) Les [&hellip;]\" \/>\n<meta property=\"og:url\" content=\"https:\/\/content.carib-export.com\/fr\/resources\/exporters-toolkit\/understanding-intellectual-property\/\" \/>\n<meta property=\"og:site_name\" content=\"Exportation Cara\u00efbes\" \/>\n<meta property=\"article:publisher\" content=\"https:\/\/www.facebook.com\/CaribbeanExport\" \/>\n<meta property=\"article:modified_time\" content=\"2025-02-06T05:06:15+00:00\" \/>\n<meta property=\"og:image\" content=\"https:\/\/content.carib-export.com\/wp-content\/uploads\/2018\/10\/OLP.jpg\" \/>\n\t<meta property=\"og:image:width\" content=\"1024\" \/>\n\t<meta property=\"og:image:height\" content=\"1024\" \/>\n\t<meta property=\"og:image:type\" content=\"image\/jpeg\" \/>\n<meta name=\"twitter:card\" content=\"summary_large_image\" \/>\n<meta name=\"twitter:site\" content=\"@CaribXport\" \/>\n<meta name=\"twitter:label1\" content=\"Dur\u00e9e de lecture estim\u00e9e\" \/>\n\t<meta name=\"twitter:data1\" content=\"1 minute\" \/>\n<script type=\"application\/ld+json\" class=\"yoast-schema-graph\">{\"@context\":\"https:\/\/schema.org\",\"@graph\":[{\"@type\":\"WebPage\",\"@id\":\"https:\/\/content.carib-export.com\/fr\/resources\/exporters-toolkit\/understanding-intellectual-property\/\",\"url\":\"https:\/\/content.carib-export.com\/fr\/resources\/exporters-toolkit\/understanding-intellectual-property\/\",\"name\":\"de Comprendre la propri\u00e9t\u00e9 intellectuelle - Exportation Cara\u00efbes\",\"isPartOf\":{\"@id\":\"https:\/\/content.carib-export.com\/fr\/#website\"},\"primaryImageOfPage\":{\"@id\":\"https:\/\/content.carib-export.com\/fr\/resources\/exporters-toolkit\/understanding-intellectual-property\/#primaryimage\"},\"image\":{\"@id\":\"https:\/\/content.carib-export.com\/fr\/resources\/exporters-toolkit\/understanding-intellectual-property\/#primaryimage\"},\"thumbnailUrl\":\"https:\/\/content.carib-export.com\/wp-content\/uploads\/2018\/10\/OLP.jpg\",\"datePublished\":\"2018-07-18T18:20:21+00:00\",\"dateModified\":\"2025-02-06T05:06:15+00:00\",\"breadcrumb\":{\"@id\":\"https:\/\/content.carib-export.com\/fr\/resources\/exporters-toolkit\/understanding-intellectual-property\/#breadcrumb\"},\"inLanguage\":\"fr-FR\",\"potentialAction\":[{\"@type\":\"ReadAction\",\"target\":[\"https:\/\/content.carib-export.com\/fr\/resources\/exporters-toolkit\/understanding-intellectual-property\/\"]}]},{\"@type\":\"ImageObject\",\"inLanguage\":\"fr-FR\",\"@id\":\"https:\/\/content.carib-export.com\/fr\/resources\/exporters-toolkit\/understanding-intellectual-property\/#primaryimage\",\"url\":\"https:\/\/content.carib-export.com\/wp-content\/uploads\/2018\/10\/OLP.jpg\",\"contentUrl\":\"https:\/\/content.carib-export.com\/wp-content\/uploads\/2018\/10\/OLP.jpg\",\"width\":1024,\"height\":1024},{\"@type\":\"BreadcrumbList\",\"@id\":\"https:\/\/content.carib-export.com\/fr\/resources\/exporters-toolkit\/understanding-intellectual-property\/#breadcrumb\",\"itemListElement\":[{\"@type\":\"ListItem\",\"position\":1,\"name\":\"Accueil\",\"item\":\"https:\/\/content.carib-export.com\/fr\/home\/\"},{\"@type\":\"ListItem\",\"position\":2,\"name\":\"Ressources\",\"item\":\"https:\/\/content.carib-export.com\/fr\/resources\/\"},{\"@type\":\"ListItem\",\"position\":3,\"name\":\"Bo\u00eete \u00e0 outils des exportateurs\",\"item\":\"https:\/\/content.carib-export.com\/fr\/resources\/exporters-toolkit\/\"},{\"@type\":\"ListItem\",\"position\":4,\"name\":\"Comprendre la propri\u00e9t\u00e9 intellectuelle\"}]},{\"@type\":\"WebSite\",\"@id\":\"https:\/\/content.carib-export.com\/fr\/#website\",\"url\":\"https:\/\/content.carib-export.com\/fr\/\",\"name\":\"Exportation Cara\u00efbes\",\"description\":\"La seule agence r\u00e9gionale de promotion du commerce et des investissements du groupe Afrique, Cara\u00efbes et Pacifique.\",\"publisher\":{\"@id\":\"https:\/\/content.carib-export.com\/fr\/#organization\"},\"potentialAction\":[{\"@type\":\"SearchAction\",\"target\":{\"@type\":\"EntryPoint\",\"urlTemplate\":\"https:\/\/content.carib-export.com\/fr\/?s={search_term_string}\"},\"query-input\":{\"@type\":\"PropertyValueSpecification\",\"valueRequired\":true,\"valueName\":\"search_term_string\"}}],\"inLanguage\":\"fr-FR\"},{\"@type\":\"Organization\",\"@id\":\"https:\/\/content.carib-export.com\/fr\/#organization\",\"name\":\"Agence carib\u00e9enne de d\u00e9veloppement des exportations\",\"url\":\"https:\/\/content.carib-export.com\/fr\/\",\"logo\":{\"@type\":\"ImageObject\",\"inLanguage\":\"fr-FR\",\"@id\":\"https:\/\/content.carib-export.com\/fr\/#\/schema\/logo\/image\/\",\"url\":\"https:\/\/content.carib-export.com\/wp-content\/uploads\/2013\/03\/CE-Logo-2013.jpg\",\"contentUrl\":\"https:\/\/content.carib-export.com\/wp-content\/uploads\/2013\/03\/CE-Logo-2013.jpg\",\"width\":1024,\"height\":244,\"caption\":\"Agence carib\u00e9enne de d\u00e9veloppement des exportations\"},\"image\":{\"@id\":\"https:\/\/content.carib-export.com\/fr\/#\/schema\/logo\/image\/\"},\"sameAs\":[\"https:\/\/www.facebook.com\/CaribbeanExport\",\"https:\/\/x.com\/CaribXport\",\"https:\/\/www.instagram.com\/caribbeanexport\",\"https:\/\/www.linkedin.com\/company\/caribbeanexport\",\"https:\/\/www.youtube.com\/user\/TheCaribbeanExport\"]}]}<\/script>\n<!-- \/ Yoast SEO plugin. -->","yoast_head_json":{"title":"de Comprendre la propri\u00e9t\u00e9 intellectuelle - Exportation Cara\u00efbes","robots":{"index":"index","follow":"follow","max-snippet":"max-snippet:-1","max-image-preview":"max-image-preview:large","max-video-preview":"max-video-preview:-1"},"canonical":"https:\/\/content.carib-export.com\/fr\/resources\/exporters-toolkit\/understanding-intellectual-property\/","og_locale":"fr_FR","og_type":"article","og_title":"de Comprendre la propri\u00e9t\u00e9 intellectuelle - Exportation Cara\u00efbes","og_description":"La propri\u00e9t\u00e9 intellectuelle (PI) est un terme qui fait r\u00e9f\u00e9rence aux cr\u00e9ations de l&rsquo;esprit et dans les \u00e9conomies d&rsquo;aujourd&rsquo;hui ax\u00e9es sur la connaissance, la protection et la gestion des actifs de PI peuvent \u00eatre essentielles au succ\u00e8s ou \u00e0 l&rsquo;\u00e9chec d&rsquo;une entreprise. Feuille de route pour la protection des produits li\u00e9s \u00e0 l&rsquo;origine (OLP) Les [&hellip;]","og_url":"https:\/\/content.carib-export.com\/fr\/resources\/exporters-toolkit\/understanding-intellectual-property\/","og_site_name":"Exportation Cara\u00efbes","article_publisher":"https:\/\/www.facebook.com\/CaribbeanExport","article_modified_time":"2025-02-06T05:06:15+00:00","og_image":[{"width":1024,"height":1024,"url":"https:\/\/content.carib-export.com\/wp-content\/uploads\/2018\/10\/OLP.jpg","type":"image\/jpeg"}],"twitter_card":"summary_large_image","twitter_site":"@CaribXport","twitter_misc":{"Dur\u00e9e de lecture estim\u00e9e":"1 minute"},"schema":{"@context":"https:\/\/schema.org","@graph":[{"@type":"WebPage","@id":"https:\/\/content.carib-export.com\/fr\/resources\/exporters-toolkit\/understanding-intellectual-property\/","url":"https:\/\/content.carib-export.com\/fr\/resources\/exporters-toolkit\/understanding-intellectual-property\/","name":"de Comprendre la propri\u00e9t\u00e9 intellectuelle - Exportation Cara\u00efbes","isPartOf":{"@id":"https:\/\/content.carib-export.com\/fr\/#website"},"primaryImageOfPage":{"@id":"https:\/\/content.carib-export.com\/fr\/resources\/exporters-toolkit\/understanding-intellectual-property\/#primaryimage"},"image":{"@id":"https:\/\/content.carib-export.com\/fr\/resources\/exporters-toolkit\/understanding-intellectual-property\/#primaryimage"},"thumbnailUrl":"https:\/\/content.carib-export.com\/wp-content\/uploads\/2018\/10\/OLP.jpg","datePublished":"2018-07-18T18:20:21+00:00","dateModified":"2025-02-06T05:06:15+00:00","breadcrumb":{"@id":"https:\/\/content.carib-export.com\/fr\/resources\/exporters-toolkit\/understanding-intellectual-property\/#breadcrumb"},"inLanguage":"fr-FR","potentialAction":[{"@type":"ReadAction","target":["https:\/\/content.carib-export.com\/fr\/resources\/exporters-toolkit\/understanding-intellectual-property\/"]}]},{"@type":"ImageObject","inLanguage":"fr-FR","@id":"https:\/\/content.carib-export.com\/fr\/resources\/exporters-toolkit\/understanding-intellectual-property\/#primaryimage","url":"https:\/\/content.carib-export.com\/wp-content\/uploads\/2018\/10\/OLP.jpg","contentUrl":"https:\/\/content.carib-export.com\/wp-content\/uploads\/2018\/10\/OLP.jpg","width":1024,"height":1024},{"@type":"BreadcrumbList","@id":"https:\/\/content.carib-export.com\/fr\/resources\/exporters-toolkit\/understanding-intellectual-property\/#breadcrumb","itemListElement":[{"@type":"ListItem","position":1,"name":"Accueil","item":"https:\/\/content.carib-export.com\/fr\/home\/"},{"@type":"ListItem","position":2,"name":"Ressources","item":"https:\/\/content.carib-export.com\/fr\/resources\/"},{"@type":"ListItem","position":3,"name":"Bo\u00eete \u00e0 outils des exportateurs","item":"https:\/\/content.carib-export.com\/fr\/resources\/exporters-toolkit\/"},{"@type":"ListItem","position":4,"name":"Comprendre la propri\u00e9t\u00e9 intellectuelle"}]},{"@type":"WebSite","@id":"https:\/\/content.carib-export.com\/fr\/#website","url":"https:\/\/content.carib-export.com\/fr\/","name":"Exportation Cara\u00efbes","description":"La seule agence r\u00e9gionale de promotion du commerce et des investissements du groupe Afrique, Cara\u00efbes et Pacifique.","publisher":{"@id":"https:\/\/content.carib-export.com\/fr\/#organization"},"potentialAction":[{"@type":"SearchAction","target":{"@type":"EntryPoint","urlTemplate":"https:\/\/content.carib-export.com\/fr\/?s={search_term_string}"},"query-input":{"@type":"PropertyValueSpecification","valueRequired":true,"valueName":"search_term_string"}}],"inLanguage":"fr-FR"},{"@type":"Organization","@id":"https:\/\/content.carib-export.com\/fr\/#organization","name":"Agence carib\u00e9enne de d\u00e9veloppement des exportations","url":"https:\/\/content.carib-export.com\/fr\/","logo":{"@type":"ImageObject","inLanguage":"fr-FR","@id":"https:\/\/content.carib-export.com\/fr\/#\/schema\/logo\/image\/","url":"https:\/\/content.carib-export.com\/wp-content\/uploads\/2013\/03\/CE-Logo-2013.jpg","contentUrl":"https:\/\/content.carib-export.com\/wp-content\/uploads\/2013\/03\/CE-Logo-2013.jpg","width":1024,"height":244,"caption":"Agence carib\u00e9enne de d\u00e9veloppement des exportations"},"image":{"@id":"https:\/\/content.carib-export.com\/fr\/#\/schema\/logo\/image\/"},"sameAs":["https:\/\/www.facebook.com\/CaribbeanExport","https:\/\/x.com\/CaribXport","https:\/\/www.instagram.com\/caribbeanexport","https:\/\/www.linkedin.com\/company\/caribbeanexport","https:\/\/www.youtube.com\/user\/TheCaribbeanExport"]}]}},"_links":{"self":[{"href":"https:\/\/content.carib-export.com\/fr\/wp-json\/wp\/v2\/pages\/270140","targetHints":{"allow":["GET"]}}],"collection":[{"href":"https:\/\/content.carib-export.com\/fr\/wp-json\/wp\/v2\/pages"}],"about":[{"href":"https:\/\/content.carib-export.com\/fr\/wp-json\/wp\/v2\/types\/page"}],"author":[{"embeddable":true,"href":"https:\/\/content.carib-export.com\/fr\/wp-json\/wp\/v2\/users\/3"}],"replies":[{"embeddable":true,"href":"https:\/\/content.carib-export.com\/fr\/wp-json\/wp\/v2\/comments?post=270140"}],"version-history":[{"count":0,"href":"https:\/\/content.carib-export.com\/fr\/wp-json\/wp\/v2\/pages\/270140\/revisions"}],"up":[{"embeddable":true,"href":"https:\/\/content.carib-export.com\/fr\/wp-json\/wp\/v2\/pages\/256236"}],"wp:featuredmedia":[{"embeddable":true,"href":"https:\/\/content.carib-export.com\/fr\/wp-json\/wp\/v2\/media\/243033"}],"wp:attachment":[{"href":"https:\/\/content.carib-export.com\/fr\/wp-json\/wp\/v2\/media?parent=270140"}],"wp:term":[{"taxonomy":"post_tag","embeddable":true,"href":"https:\/\/content.carib-export.com\/fr\/wp-json\/wp\/v2\/tags?post=270140"}],"curies":[{"name":"wp","href":"https:\/\/api.w.org\/{rel}","templated":true}]}}