{"id":270159,"date":"2019-01-03T14:31:59","date_gmt":"2019-01-03T18:31:59","guid":{"rendered":"https:\/\/content.carib-export.com\/exporters\/exporters-toolkit\/achieving-success-at-tradeshows\/"},"modified":"2025-02-06T01:03:37","modified_gmt":"2025-02-06T05:03:37","slug":"achieving-success-at-tradeshows","status":"publish","type":"page","link":"https:\/\/content.carib-export.com\/fr\/resources\/exporters-toolkit\/achieving-success-at-tradeshows\/","title":{"rendered":"R\u00e9ussir sur les salons"},"content":{"rendered":"\n<p>Vous envisagez de pr\u00e9senter votre entreprise lors d&rsquo;un salon ? La recherche indique que 81% des participants ont un pouvoir d&rsquo;achat. Le succ\u00e8s de votre salon d\u00e9pend d&rsquo;une bonne planification, ex\u00e9cution et \u00e9valuation. Nous avons partag\u00e9 tout ce que vous devez savoir dans la s\u00e9rie multim\u00e9dia en 3 parties ci-dessous.<\/p>\n\n<p>La r\u00e9ussite d&rsquo;un salon professionnel d\u00e9pend d&rsquo;une bonne planification. Voici tout ce que vous devez consid\u00e9rer lors de la planification.<\/p>\n\n<p><strong><a href=\"https:\/\/user-Wb8Ncdk.cld.bz\/Tradeshow-Success-Pre-Show-Planning\" target=\"_blank\" rel=\"noreferrer noopener\">Succ\u00e8s d&rsquo;un salon : planification avant le salon<\/a><\/strong><script><\/script><\/p>\n\n<p>Une bonne ex\u00e9cution est fondamentale pour le succ\u00e8s d&rsquo;un salon.<\/p>\n\n<p><strong><a href=\"https:\/\/user-Wb8Ncdk.cld.bz\/Tradeshow-Success-Execution\" target=\"_blank\" rel=\"noreferrer noopener\">Succ\u00e8s du salon : ex\u00e9cution<\/a><\/strong><script><\/script><\/p>\n\n<p>Le salon est termin\u00e9. Maintenant quoi? Il y a un certain nombre de probl\u00e8mes cl\u00e9s \u00e0 r\u00e9soudre, notamment d\u00e9terminer si l&rsquo;\u00e9v\u00e9nement a \u00e9t\u00e9 b\u00e9n\u00e9fique pour votre entreprise.<\/p>\n\n<p><a href=\"https:\/\/user-Wb8Ncdk.cld.bz\/Tradeshow-Success-Evaluation\" target=\"_blank\" rel=\"noreferrer noopener\"><strong>Succ\u00e8s du salon : \u00e9valuation<\/strong><\/a><\/p>\n\n<p><\/p>\n\n<figure class=\"wp-block-embed is-type-video is-provider-youtube wp-block-embed-youtube wp-embed-aspect-16-9 wp-has-aspect-ratio\"><div class=\"wp-block-embed__wrapper\">\n<iframe loading=\"lazy\" title=\"Achieving Success at a Tradeshow\" width=\"640\" height=\"360\" src=\"https:\/\/www.youtube.com\/embed\/videoseries?list=PLr0w--_hV6qqT6wtb31jld6y3nEv7UwmH\" frameborder=\"0\" allow=\"accelerometer; autoplay; clipboard-write; encrypted-media; gyroscope; picture-in-picture; web-share\" referrerpolicy=\"strict-origin-when-cross-origin\" allowfullscreen><\/iframe>\n<\/div><\/figure>\n","protected":false},"excerpt":{"rendered":"<p>Vous envisagez de pr\u00e9senter votre entreprise lors d&rsquo;un salon ? La recherche indique que 81% des participants ont un pouvoir d&rsquo;achat. Le succ\u00e8s de votre salon d\u00e9pend d&rsquo;une bonne planification, ex\u00e9cution et \u00e9valuation. Nous avons partag\u00e9 tout ce que vous devez savoir dans la s\u00e9rie multim\u00e9dia en 3 parties ci-dessous. La r\u00e9ussite d&rsquo;un salon professionnel [&hellip;]<\/p>\n","protected":false},"author":3,"featured_media":305520,"parent":256236,"menu_order":5,"comment_status":"closed","ping_status":"closed","template":"","meta":{"_acf_changed":false,"inline_featured_image":false,"footnotes":""},"tags":[],"class_list":["post-270159","page","type-page","status-publish","has-post-thumbnail","hentry"],"acf":[],"yoast_head":"<!-- This site is optimized with the Yoast SEO plugin v27.1.1 - https:\/\/yoast.com\/product\/yoast-seo-wordpress\/ -->\n<title>de R\u00e9ussir sur les salons - Exportation Cara\u00efbes<\/title>\n<meta name=\"robots\" content=\"index, follow, max-snippet:-1, max-image-preview:large, max-video-preview:-1\" \/>\n<link rel=\"canonical\" href=\"https:\/\/content.carib-export.com\/fr\/resources\/exporters-toolkit\/achieving-success-at-tradeshows\/\" \/>\n<meta property=\"og:locale\" content=\"fr_FR\" \/>\n<meta property=\"og:type\" content=\"article\" \/>\n<meta property=\"og:title\" content=\"de R\u00e9ussir sur les salons - Exportation Cara\u00efbes\" \/>\n<meta property=\"og:description\" content=\"Vous envisagez de pr\u00e9senter votre entreprise lors d&rsquo;un salon ? La recherche indique que 81% des participants ont un pouvoir d&rsquo;achat. Le succ\u00e8s de votre salon d\u00e9pend d&rsquo;une bonne planification, ex\u00e9cution et \u00e9valuation. Nous avons partag\u00e9 tout ce que vous devez savoir dans la s\u00e9rie multim\u00e9dia en 3 parties ci-dessous. La r\u00e9ussite d&rsquo;un salon professionnel [&hellip;]\" \/>\n<meta property=\"og:url\" content=\"https:\/\/content.carib-export.com\/fr\/resources\/exporters-toolkit\/achieving-success-at-tradeshows\/\" \/>\n<meta property=\"og:site_name\" content=\"Exportation Cara\u00efbes\" \/>\n<meta property=\"article:publisher\" content=\"https:\/\/www.facebook.com\/CaribbeanExport\" \/>\n<meta property=\"article:modified_time\" content=\"2025-02-06T05:03:37+00:00\" \/>\n<meta property=\"og:image\" content=\"https:\/\/content.carib-export.com\/wp-content\/uploads\/2022\/11\/New-website-featured-image-1500-x-1125-19-1024x768.png\" \/>\n\t<meta property=\"og:image:width\" content=\"1024\" \/>\n\t<meta property=\"og:image:height\" content=\"768\" \/>\n\t<meta property=\"og:image:type\" content=\"image\/png\" \/>\n<meta name=\"twitter:card\" content=\"summary_large_image\" \/>\n<meta name=\"twitter:site\" content=\"@CaribXport\" \/>\n<meta name=\"twitter:label1\" content=\"Dur\u00e9e de lecture estim\u00e9e\" \/>\n\t<meta name=\"twitter:data1\" content=\"1 minute\" \/>\n<script type=\"application\/ld+json\" class=\"yoast-schema-graph\">{\"@context\":\"https:\/\/schema.org\",\"@graph\":[{\"@type\":\"WebPage\",\"@id\":\"https:\/\/content.carib-export.com\/fr\/resources\/exporters-toolkit\/achieving-success-at-tradeshows\/\",\"url\":\"https:\/\/content.carib-export.com\/fr\/resources\/exporters-toolkit\/achieving-success-at-tradeshows\/\",\"name\":\"de R\u00e9ussir sur les salons - Exportation Cara\u00efbes\",\"isPartOf\":{\"@id\":\"https:\/\/content.carib-export.com\/fr\/#website\"},\"primaryImageOfPage\":{\"@id\":\"https:\/\/content.carib-export.com\/fr\/resources\/exporters-toolkit\/achieving-success-at-tradeshows\/#primaryimage\"},\"image\":{\"@id\":\"https:\/\/content.carib-export.com\/fr\/resources\/exporters-toolkit\/achieving-success-at-tradeshows\/#primaryimage\"},\"thumbnailUrl\":\"https:\/\/content.carib-export.com\/wp-content\/uploads\/2022\/11\/New-website-featured-image-1500-x-1125-19.png\",\"datePublished\":\"2019-01-03T18:31:59+00:00\",\"dateModified\":\"2025-02-06T05:03:37+00:00\",\"breadcrumb\":{\"@id\":\"https:\/\/content.carib-export.com\/fr\/resources\/exporters-toolkit\/achieving-success-at-tradeshows\/#breadcrumb\"},\"inLanguage\":\"fr-FR\",\"potentialAction\":[{\"@type\":\"ReadAction\",\"target\":[\"https:\/\/content.carib-export.com\/fr\/resources\/exporters-toolkit\/achieving-success-at-tradeshows\/\"]}]},{\"@type\":\"ImageObject\",\"inLanguage\":\"fr-FR\",\"@id\":\"https:\/\/content.carib-export.com\/fr\/resources\/exporters-toolkit\/achieving-success-at-tradeshows\/#primaryimage\",\"url\":\"https:\/\/content.carib-export.com\/wp-content\/uploads\/2022\/11\/New-website-featured-image-1500-x-1125-19.png\",\"contentUrl\":\"https:\/\/content.carib-export.com\/wp-content\/uploads\/2022\/11\/New-website-featured-image-1500-x-1125-19.png\",\"width\":1500,\"height\":1125},{\"@type\":\"BreadcrumbList\",\"@id\":\"https:\/\/content.carib-export.com\/fr\/resources\/exporters-toolkit\/achieving-success-at-tradeshows\/#breadcrumb\",\"itemListElement\":[{\"@type\":\"ListItem\",\"position\":1,\"name\":\"Accueil\",\"item\":\"https:\/\/content.carib-export.com\/fr\/home\/\"},{\"@type\":\"ListItem\",\"position\":2,\"name\":\"Ressources\",\"item\":\"https:\/\/content.carib-export.com\/fr\/resources\/\"},{\"@type\":\"ListItem\",\"position\":3,\"name\":\"Bo\u00eete \u00e0 outils des exportateurs\",\"item\":\"https:\/\/content.carib-export.com\/fr\/resources\/exporters-toolkit\/\"},{\"@type\":\"ListItem\",\"position\":4,\"name\":\"R\u00e9ussir sur les salons\"}]},{\"@type\":\"WebSite\",\"@id\":\"https:\/\/content.carib-export.com\/fr\/#website\",\"url\":\"https:\/\/content.carib-export.com\/fr\/\",\"name\":\"Exportation Cara\u00efbes\",\"description\":\"La seule agence r\u00e9gionale de promotion du commerce et des investissements du groupe Afrique, Cara\u00efbes et Pacifique.\",\"publisher\":{\"@id\":\"https:\/\/content.carib-export.com\/fr\/#organization\"},\"potentialAction\":[{\"@type\":\"SearchAction\",\"target\":{\"@type\":\"EntryPoint\",\"urlTemplate\":\"https:\/\/content.carib-export.com\/fr\/?s={search_term_string}\"},\"query-input\":{\"@type\":\"PropertyValueSpecification\",\"valueRequired\":true,\"valueName\":\"search_term_string\"}}],\"inLanguage\":\"fr-FR\"},{\"@type\":\"Organization\",\"@id\":\"https:\/\/content.carib-export.com\/fr\/#organization\",\"name\":\"Agence carib\u00e9enne de d\u00e9veloppement des exportations\",\"url\":\"https:\/\/content.carib-export.com\/fr\/\",\"logo\":{\"@type\":\"ImageObject\",\"inLanguage\":\"fr-FR\",\"@id\":\"https:\/\/content.carib-export.com\/fr\/#\/schema\/logo\/image\/\",\"url\":\"https:\/\/content.carib-export.com\/wp-content\/uploads\/2013\/03\/CE-Logo-2013.jpg\",\"contentUrl\":\"https:\/\/content.carib-export.com\/wp-content\/uploads\/2013\/03\/CE-Logo-2013.jpg\",\"width\":1024,\"height\":244,\"caption\":\"Agence carib\u00e9enne de d\u00e9veloppement des exportations\"},\"image\":{\"@id\":\"https:\/\/content.carib-export.com\/fr\/#\/schema\/logo\/image\/\"},\"sameAs\":[\"https:\/\/www.facebook.com\/CaribbeanExport\",\"https:\/\/x.com\/CaribXport\",\"https:\/\/www.instagram.com\/caribbeanexport\",\"https:\/\/www.linkedin.com\/company\/caribbeanexport\",\"https:\/\/www.youtube.com\/user\/TheCaribbeanExport\"]}]}<\/script>\n<!-- \/ Yoast SEO plugin. -->","yoast_head_json":{"title":"de R\u00e9ussir sur les salons - Exportation Cara\u00efbes","robots":{"index":"index","follow":"follow","max-snippet":"max-snippet:-1","max-image-preview":"max-image-preview:large","max-video-preview":"max-video-preview:-1"},"canonical":"https:\/\/content.carib-export.com\/fr\/resources\/exporters-toolkit\/achieving-success-at-tradeshows\/","og_locale":"fr_FR","og_type":"article","og_title":"de R\u00e9ussir sur les salons - Exportation Cara\u00efbes","og_description":"Vous envisagez de pr\u00e9senter votre entreprise lors d&rsquo;un salon ? La recherche indique que 81% des participants ont un pouvoir d&rsquo;achat. Le succ\u00e8s de votre salon d\u00e9pend d&rsquo;une bonne planification, ex\u00e9cution et \u00e9valuation. Nous avons partag\u00e9 tout ce que vous devez savoir dans la s\u00e9rie multim\u00e9dia en 3 parties ci-dessous. La r\u00e9ussite d&rsquo;un salon professionnel [&hellip;]","og_url":"https:\/\/content.carib-export.com\/fr\/resources\/exporters-toolkit\/achieving-success-at-tradeshows\/","og_site_name":"Exportation Cara\u00efbes","article_publisher":"https:\/\/www.facebook.com\/CaribbeanExport","article_modified_time":"2025-02-06T05:03:37+00:00","og_image":[{"width":1024,"height":768,"url":"https:\/\/content.carib-export.com\/wp-content\/uploads\/2022\/11\/New-website-featured-image-1500-x-1125-19-1024x768.png","type":"image\/png"}],"twitter_card":"summary_large_image","twitter_site":"@CaribXport","twitter_misc":{"Dur\u00e9e de lecture estim\u00e9e":"1 minute"},"schema":{"@context":"https:\/\/schema.org","@graph":[{"@type":"WebPage","@id":"https:\/\/content.carib-export.com\/fr\/resources\/exporters-toolkit\/achieving-success-at-tradeshows\/","url":"https:\/\/content.carib-export.com\/fr\/resources\/exporters-toolkit\/achieving-success-at-tradeshows\/","name":"de R\u00e9ussir sur les salons - Exportation Cara\u00efbes","isPartOf":{"@id":"https:\/\/content.carib-export.com\/fr\/#website"},"primaryImageOfPage":{"@id":"https:\/\/content.carib-export.com\/fr\/resources\/exporters-toolkit\/achieving-success-at-tradeshows\/#primaryimage"},"image":{"@id":"https:\/\/content.carib-export.com\/fr\/resources\/exporters-toolkit\/achieving-success-at-tradeshows\/#primaryimage"},"thumbnailUrl":"https:\/\/content.carib-export.com\/wp-content\/uploads\/2022\/11\/New-website-featured-image-1500-x-1125-19.png","datePublished":"2019-01-03T18:31:59+00:00","dateModified":"2025-02-06T05:03:37+00:00","breadcrumb":{"@id":"https:\/\/content.carib-export.com\/fr\/resources\/exporters-toolkit\/achieving-success-at-tradeshows\/#breadcrumb"},"inLanguage":"fr-FR","potentialAction":[{"@type":"ReadAction","target":["https:\/\/content.carib-export.com\/fr\/resources\/exporters-toolkit\/achieving-success-at-tradeshows\/"]}]},{"@type":"ImageObject","inLanguage":"fr-FR","@id":"https:\/\/content.carib-export.com\/fr\/resources\/exporters-toolkit\/achieving-success-at-tradeshows\/#primaryimage","url":"https:\/\/content.carib-export.com\/wp-content\/uploads\/2022\/11\/New-website-featured-image-1500-x-1125-19.png","contentUrl":"https:\/\/content.carib-export.com\/wp-content\/uploads\/2022\/11\/New-website-featured-image-1500-x-1125-19.png","width":1500,"height":1125},{"@type":"BreadcrumbList","@id":"https:\/\/content.carib-export.com\/fr\/resources\/exporters-toolkit\/achieving-success-at-tradeshows\/#breadcrumb","itemListElement":[{"@type":"ListItem","position":1,"name":"Accueil","item":"https:\/\/content.carib-export.com\/fr\/home\/"},{"@type":"ListItem","position":2,"name":"Ressources","item":"https:\/\/content.carib-export.com\/fr\/resources\/"},{"@type":"ListItem","position":3,"name":"Bo\u00eete \u00e0 outils des exportateurs","item":"https:\/\/content.carib-export.com\/fr\/resources\/exporters-toolkit\/"},{"@type":"ListItem","position":4,"name":"R\u00e9ussir sur les salons"}]},{"@type":"WebSite","@id":"https:\/\/content.carib-export.com\/fr\/#website","url":"https:\/\/content.carib-export.com\/fr\/","name":"Exportation Cara\u00efbes","description":"La seule agence r\u00e9gionale de promotion du commerce et des investissements du groupe Afrique, Cara\u00efbes et Pacifique.","publisher":{"@id":"https:\/\/content.carib-export.com\/fr\/#organization"},"potentialAction":[{"@type":"SearchAction","target":{"@type":"EntryPoint","urlTemplate":"https:\/\/content.carib-export.com\/fr\/?s={search_term_string}"},"query-input":{"@type":"PropertyValueSpecification","valueRequired":true,"valueName":"search_term_string"}}],"inLanguage":"fr-FR"},{"@type":"Organization","@id":"https:\/\/content.carib-export.com\/fr\/#organization","name":"Agence carib\u00e9enne de d\u00e9veloppement des exportations","url":"https:\/\/content.carib-export.com\/fr\/","logo":{"@type":"ImageObject","inLanguage":"fr-FR","@id":"https:\/\/content.carib-export.com\/fr\/#\/schema\/logo\/image\/","url":"https:\/\/content.carib-export.com\/wp-content\/uploads\/2013\/03\/CE-Logo-2013.jpg","contentUrl":"https:\/\/content.carib-export.com\/wp-content\/uploads\/2013\/03\/CE-Logo-2013.jpg","width":1024,"height":244,"caption":"Agence carib\u00e9enne de d\u00e9veloppement des exportations"},"image":{"@id":"https:\/\/content.carib-export.com\/fr\/#\/schema\/logo\/image\/"},"sameAs":["https:\/\/www.facebook.com\/CaribbeanExport","https:\/\/x.com\/CaribXport","https:\/\/www.instagram.com\/caribbeanexport","https:\/\/www.linkedin.com\/company\/caribbeanexport","https:\/\/www.youtube.com\/user\/TheCaribbeanExport"]}]}},"_links":{"self":[{"href":"https:\/\/content.carib-export.com\/fr\/wp-json\/wp\/v2\/pages\/270159","targetHints":{"allow":["GET"]}}],"collection":[{"href":"https:\/\/content.carib-export.com\/fr\/wp-json\/wp\/v2\/pages"}],"about":[{"href":"https:\/\/content.carib-export.com\/fr\/wp-json\/wp\/v2\/types\/page"}],"author":[{"embeddable":true,"href":"https:\/\/content.carib-export.com\/fr\/wp-json\/wp\/v2\/users\/3"}],"replies":[{"embeddable":true,"href":"https:\/\/content.carib-export.com\/fr\/wp-json\/wp\/v2\/comments?post=270159"}],"version-history":[{"count":0,"href":"https:\/\/content.carib-export.com\/fr\/wp-json\/wp\/v2\/pages\/270159\/revisions"}],"up":[{"embeddable":true,"href":"https:\/\/content.carib-export.com\/fr\/wp-json\/wp\/v2\/pages\/256236"}],"wp:featuredmedia":[{"embeddable":true,"href":"https:\/\/content.carib-export.com\/fr\/wp-json\/wp\/v2\/media\/305520"}],"wp:attachment":[{"href":"https:\/\/content.carib-export.com\/fr\/wp-json\/wp\/v2\/media?parent=270159"}],"wp:term":[{"taxonomy":"post_tag","embeddable":true,"href":"https:\/\/content.carib-export.com\/fr\/wp-json\/wp\/v2\/tags?post=270159"}],"curies":[{"name":"wp","href":"https:\/\/api.w.org\/{rel}","templated":true}]}}