{"id":270178,"date":"2016-04-04T15:52:50","date_gmt":"2016-04-04T19:52:50","guid":{"rendered":"https:\/\/content.carib-export.com\/exporters\/funding\/angel-investing\/"},"modified":"2025-02-06T10:51:39","modified_gmt":"2025-02-06T14:51:39","slug":"angel-investing","status":"publish","type":"page","link":"https:\/\/content.carib-export.com\/fr\/resources\/funding\/angel-investing\/","title":{"rendered":"Investissement providentiel"},"content":{"rendered":"\n<h2 class=\"wp-block-heading\">Une communaut\u00e9 o\u00f9 les investisseurs peuvent se connecter avec les petites et moyennes entreprises dans les Cara\u00efbes<\/h2>\n\n<p>L&rsquo;acc\u00e8s au financement est l&rsquo;un des principaux d\u00e9fis auxquels sont confront\u00e9es les petites et moyennes entreprises (PME) lorsqu&rsquo;elles tentent de se d\u00e9velopper, en particulier au stade initial. Pour aider \u00e0 r\u00e9soudre ce probl\u00e8me, Angel investing propose une solution de financement alternative viable pour les entreprises des Cara\u00efbes \u00e0 la recherche de financements suppl\u00e9mentaires pour financer leurs projets d&rsquo;entrepreneuriat.<\/p>\n\n<p>De plus, il y a souvent un certain nombre de personnes fortun\u00e9es qui souhaitent investir dans de nouvelles entreprises innovantes, mais trouvent parfois le processus d&rsquo;\u00e9valuation des entreprises fastidieux et chronophage.<\/p>\n\n<p>Pour en savoir plus sur l&rsquo;investissement providentiel, cliquez sur une ic\u00f4ne ci-dessous.<\/p>\n\n<div class=\"wp-block-columns is-layout-flex wp-container-core-columns-is-layout-9d6595d7 wp-block-columns-is-layout-flex\">\n<div class=\"wp-block-column is-layout-flow wp-block-column-is-layout-flow\">\n<figure class=\"wp-block-image size-full is-resized\"><a href=\"https:\/\/content.carib-export.com\/exporters\/funding\/angel-investing\/what-is-angel-investing\/\"><img loading=\"lazy\" decoding=\"async\" src=\"https:\/\/content.carib-export.com\/wp-content\/uploads\/2016\/04\/button.png\" alt=\"qu'est-ce que le bouton d'investissement providentiel\" class=\"wp-image-10809\" width=\"400\" height=\"400\" srcset=\"https:\/\/content.carib-export.com\/wp-content\/uploads\/2016\/04\/button.png 300w, https:\/\/content.carib-export.com\/wp-content\/uploads\/2016\/04\/button-150x150.png 150w, https:\/\/content.carib-export.com\/wp-content\/uploads\/2016\/04\/button-50x50.png 50w, https:\/\/content.carib-export.com\/wp-content\/uploads\/2016\/04\/button-40x40.png 40w\" sizes=\"auto, (max-width: 400px) 100vw, 400px\" \/><\/a><\/figure>\n\n\n\n<figure class=\"wp-block-image size-full is-resized\"><a href=\"https:\/\/content.carib-export.com\/exporters\/funding\/angel-investing\/what-makes-a-successful-business-angel\/\"><img loading=\"lazy\" decoding=\"async\" src=\"https:\/\/content.carib-export.com\/wp-content\/uploads\/2016\/04\/button3.png\" alt=\"qu'est-ce qui fait le succ&#xE8;s d'un bouton ange\" class=\"wp-image-10811\" width=\"402\" height=\"402\" srcset=\"https:\/\/content.carib-export.com\/wp-content\/uploads\/2016\/04\/button3.png 300w, https:\/\/content.carib-export.com\/wp-content\/uploads\/2016\/04\/button3-150x150.png 150w, https:\/\/content.carib-export.com\/wp-content\/uploads\/2016\/04\/button3-50x50.png 50w, https:\/\/content.carib-export.com\/wp-content\/uploads\/2016\/04\/button3-40x40.png 40w\" sizes=\"auto, (max-width: 402px) 100vw, 402px\" \/><\/a><\/figure>\n<\/div>\n\n\n\n<div class=\"wp-block-column is-layout-flow wp-block-column-is-layout-flow\">\n<figure class=\"wp-block-image is-resized\"><a href=\"https:\/\/content.carib-export.com\/exporters\/funding\/angel-investing\/why-have-an-angel-network\/\"><img loading=\"lazy\" decoding=\"async\" src=\"https:\/\/content.carib-export.com\/wp-content\/uploads\/2016\/04\/button2.png\" alt=\"pourquoi avoir un bouton r&#xE9;seau ange\" class=\"wp-image-10810\" width=\"402\" height=\"402\" srcset=\"https:\/\/content.carib-export.com\/wp-content\/uploads\/2016\/04\/button2.png 300w, https:\/\/content.carib-export.com\/wp-content\/uploads\/2016\/04\/button2-150x150.png 150w, https:\/\/content.carib-export.com\/wp-content\/uploads\/2016\/04\/button2-50x50.png 50w, https:\/\/content.carib-export.com\/wp-content\/uploads\/2016\/04\/button2-40x40.png 40w\" sizes=\"auto, (max-width: 402px) 100vw, 402px\" \/><\/a><\/figure>\n\n\n\n<figure class=\"wp-block-image size-full is-resized\"><a href=\"https:\/\/content.carib-export.com\/exporters\/funding\/angel-investing\/is-angel-investment-right-for-your-business\/\"><img loading=\"lazy\" decoding=\"async\" src=\"https:\/\/content.carib-export.com\/wp-content\/uploads\/2016\/04\/BUTTON4.png\" alt=\"est-ce que l'investissement providentiel vous convient bouton\" class=\"wp-image-10812\" width=\"401\" height=\"401\" srcset=\"https:\/\/content.carib-export.com\/wp-content\/uploads\/2016\/04\/BUTTON4.png 300w, https:\/\/content.carib-export.com\/wp-content\/uploads\/2016\/04\/BUTTON4-150x150.png 150w, https:\/\/content.carib-export.com\/wp-content\/uploads\/2016\/04\/BUTTON4-50x50.png 50w, https:\/\/content.carib-export.com\/wp-content\/uploads\/2016\/04\/BUTTON4-40x40.png 40w\" sizes=\"auto, (max-width: 401px) 100vw, 401px\" \/><\/a><\/figure>\n<\/div>\n<\/div>\n\n<div class=\"wp-block-buttons is-layout-flex wp-block-buttons-is-layout-flex\">\n<div class=\"wp-block-button has-custom-font-size is-style-outline has-small-font-size is-style-outline--2\"><a class=\"wp-block-button__link wp-element-button\" href=\"mailto:dsinanan@carib-export.com\" style=\"border-radius:0px\" target=\"_blank\" rel=\"noreferrer noopener\">Cliquez ici pour rejoindre le Caribbean Business Angel Network<\/a><\/div>\n<\/div>\n\n<p>L&rsquo;Agence carib\u00e9enne pour le d\u00e9veloppement des exportations (Caribbean Export) a cr\u00e9\u00e9 le Caribbean Business Angel Network (CBAN) pour mettre en relation les investisseurs providentiels et les PME en qu\u00eate de financement, dans le but de favoriser un \u00e9cosyst\u00e8me pour les investisseurs providentiels dans les Cara\u00efbes.<\/p>\n","protected":false},"excerpt":{"rendered":"<p>Une communaut\u00e9 o\u00f9 les investisseurs peuvent se connecter avec les petites et moyennes entreprises dans les Cara\u00efbes L&rsquo;acc\u00e8s au financement est l&rsquo;un des principaux d\u00e9fis auxquels sont confront\u00e9es les petites et moyennes entreprises (PME) lorsqu&rsquo;elles tentent de se d\u00e9velopper, en particulier au stade initial. Pour aider \u00e0 r\u00e9soudre ce probl\u00e8me, Angel investing propose une solution [&hellip;]<\/p>\n","protected":false},"author":3,"featured_media":0,"parent":256255,"menu_order":0,"comment_status":"closed","ping_status":"closed","template":"","meta":{"_acf_changed":false,"inline_featured_image":false,"footnotes":""},"tags":[],"class_list":["post-270178","page","type-page","status-publish","hentry"],"acf":[],"yoast_head":"<!-- This site is optimized with the Yoast SEO plugin v27.1.1 - https:\/\/yoast.com\/product\/yoast-seo-wordpress\/ -->\n<title>de Investissement providentiel - Exportation Cara\u00efbes<\/title>\n<meta name=\"robots\" content=\"index, follow, max-snippet:-1, max-image-preview:large, max-video-preview:-1\" \/>\n<link rel=\"canonical\" href=\"https:\/\/content.carib-export.com\/fr\/resources\/funding\/angel-investing\/\" \/>\n<meta property=\"og:locale\" content=\"fr_FR\" \/>\n<meta property=\"og:type\" content=\"article\" \/>\n<meta property=\"og:title\" content=\"de Investissement providentiel - Exportation Cara\u00efbes\" \/>\n<meta property=\"og:description\" content=\"Une communaut\u00e9 o\u00f9 les investisseurs peuvent se connecter avec les petites et moyennes entreprises dans les Cara\u00efbes L&rsquo;acc\u00e8s au financement est l&rsquo;un des principaux d\u00e9fis auxquels sont confront\u00e9es les petites et moyennes entreprises (PME) lorsqu&rsquo;elles tentent de se d\u00e9velopper, en particulier au stade initial. Pour aider \u00e0 r\u00e9soudre ce probl\u00e8me, Angel investing propose une solution [&hellip;]\" \/>\n<meta property=\"og:url\" content=\"https:\/\/content.carib-export.com\/fr\/resources\/funding\/angel-investing\/\" \/>\n<meta property=\"og:site_name\" content=\"Exportation Cara\u00efbes\" \/>\n<meta property=\"article:publisher\" content=\"https:\/\/www.facebook.com\/CaribbeanExport\" \/>\n<meta property=\"article:modified_time\" content=\"2025-02-06T14:51:39+00:00\" \/>\n<meta property=\"og:image\" content=\"https:\/\/content.carib-export.com\/wp-content\/uploads\/2016\/04\/button.png\" \/>\n\t<meta property=\"og:image:width\" content=\"300\" \/>\n\t<meta property=\"og:image:height\" content=\"300\" \/>\n\t<meta property=\"og:image:type\" content=\"image\/png\" \/>\n<meta name=\"twitter:card\" content=\"summary_large_image\" \/>\n<meta name=\"twitter:site\" content=\"@CaribXport\" \/>\n<meta name=\"twitter:label1\" content=\"Dur\u00e9e de lecture estim\u00e9e\" \/>\n\t<meta name=\"twitter:data1\" content=\"1 minute\" \/>\n<script type=\"application\/ld+json\" class=\"yoast-schema-graph\">{\"@context\":\"https:\/\/schema.org\",\"@graph\":[{\"@type\":\"WebPage\",\"@id\":\"https:\/\/content.carib-export.com\/fr\/resources\/funding\/angel-investing\/\",\"url\":\"https:\/\/content.carib-export.com\/fr\/resources\/funding\/angel-investing\/\",\"name\":\"de Investissement providentiel - Exportation Cara\u00efbes\",\"isPartOf\":{\"@id\":\"https:\/\/content.carib-export.com\/fr\/#website\"},\"primaryImageOfPage\":{\"@id\":\"https:\/\/content.carib-export.com\/fr\/resources\/funding\/angel-investing\/#primaryimage\"},\"image\":{\"@id\":\"https:\/\/content.carib-export.com\/fr\/resources\/funding\/angel-investing\/#primaryimage\"},\"thumbnailUrl\":\"https:\/\/content.carib-export.com\/wp-content\/uploads\/2016\/04\/button.png\",\"datePublished\":\"2016-04-04T19:52:50+00:00\",\"dateModified\":\"2025-02-06T14:51:39+00:00\",\"breadcrumb\":{\"@id\":\"https:\/\/content.carib-export.com\/fr\/resources\/funding\/angel-investing\/#breadcrumb\"},\"inLanguage\":\"fr-FR\",\"potentialAction\":[{\"@type\":\"ReadAction\",\"target\":[\"https:\/\/content.carib-export.com\/fr\/resources\/funding\/angel-investing\/\"]}]},{\"@type\":\"ImageObject\",\"inLanguage\":\"fr-FR\",\"@id\":\"https:\/\/content.carib-export.com\/fr\/resources\/funding\/angel-investing\/#primaryimage\",\"url\":\"https:\/\/content.carib-export.com\/wp-content\/uploads\/2016\/04\/button.png\",\"contentUrl\":\"https:\/\/content.carib-export.com\/wp-content\/uploads\/2016\/04\/button.png\"},{\"@type\":\"BreadcrumbList\",\"@id\":\"https:\/\/content.carib-export.com\/fr\/resources\/funding\/angel-investing\/#breadcrumb\",\"itemListElement\":[{\"@type\":\"ListItem\",\"position\":1,\"name\":\"Accueil\",\"item\":\"https:\/\/content.carib-export.com\/fr\/home\/\"},{\"@type\":\"ListItem\",\"position\":2,\"name\":\"Ressources\",\"item\":\"https:\/\/content.carib-export.com\/fr\/resources\/\"},{\"@type\":\"ListItem\",\"position\":3,\"name\":\"Subventions\",\"item\":\"https:\/\/content.carib-export.com\/fr\/resources\/funding\/\"},{\"@type\":\"ListItem\",\"position\":4,\"name\":\"Investissement providentiel\"}]},{\"@type\":\"WebSite\",\"@id\":\"https:\/\/content.carib-export.com\/fr\/#website\",\"url\":\"https:\/\/content.carib-export.com\/fr\/\",\"name\":\"Exportation Cara\u00efbes\",\"description\":\"La seule agence r\u00e9gionale de promotion du commerce et des investissements du groupe Afrique, Cara\u00efbes et Pacifique.\",\"publisher\":{\"@id\":\"https:\/\/content.carib-export.com\/fr\/#organization\"},\"potentialAction\":[{\"@type\":\"SearchAction\",\"target\":{\"@type\":\"EntryPoint\",\"urlTemplate\":\"https:\/\/content.carib-export.com\/fr\/?s={search_term_string}\"},\"query-input\":{\"@type\":\"PropertyValueSpecification\",\"valueRequired\":true,\"valueName\":\"search_term_string\"}}],\"inLanguage\":\"fr-FR\"},{\"@type\":\"Organization\",\"@id\":\"https:\/\/content.carib-export.com\/fr\/#organization\",\"name\":\"Agence carib\u00e9enne de d\u00e9veloppement des exportations\",\"url\":\"https:\/\/content.carib-export.com\/fr\/\",\"logo\":{\"@type\":\"ImageObject\",\"inLanguage\":\"fr-FR\",\"@id\":\"https:\/\/content.carib-export.com\/fr\/#\/schema\/logo\/image\/\",\"url\":\"https:\/\/content.carib-export.com\/wp-content\/uploads\/2013\/03\/CE-Logo-2013.jpg\",\"contentUrl\":\"https:\/\/content.carib-export.com\/wp-content\/uploads\/2013\/03\/CE-Logo-2013.jpg\",\"width\":1024,\"height\":244,\"caption\":\"Agence carib\u00e9enne de d\u00e9veloppement des exportations\"},\"image\":{\"@id\":\"https:\/\/content.carib-export.com\/fr\/#\/schema\/logo\/image\/\"},\"sameAs\":[\"https:\/\/www.facebook.com\/CaribbeanExport\",\"https:\/\/x.com\/CaribXport\",\"https:\/\/www.instagram.com\/caribbeanexport\",\"https:\/\/www.linkedin.com\/company\/caribbeanexport\",\"https:\/\/www.youtube.com\/user\/TheCaribbeanExport\"]}]}<\/script>\n<!-- \/ Yoast SEO plugin. -->","yoast_head_json":{"title":"de Investissement providentiel - Exportation Cara\u00efbes","robots":{"index":"index","follow":"follow","max-snippet":"max-snippet:-1","max-image-preview":"max-image-preview:large","max-video-preview":"max-video-preview:-1"},"canonical":"https:\/\/content.carib-export.com\/fr\/resources\/funding\/angel-investing\/","og_locale":"fr_FR","og_type":"article","og_title":"de Investissement providentiel - Exportation Cara\u00efbes","og_description":"Une communaut\u00e9 o\u00f9 les investisseurs peuvent se connecter avec les petites et moyennes entreprises dans les Cara\u00efbes L&rsquo;acc\u00e8s au financement est l&rsquo;un des principaux d\u00e9fis auxquels sont confront\u00e9es les petites et moyennes entreprises (PME) lorsqu&rsquo;elles tentent de se d\u00e9velopper, en particulier au stade initial. Pour aider \u00e0 r\u00e9soudre ce probl\u00e8me, Angel investing propose une solution [&hellip;]","og_url":"https:\/\/content.carib-export.com\/fr\/resources\/funding\/angel-investing\/","og_site_name":"Exportation Cara\u00efbes","article_publisher":"https:\/\/www.facebook.com\/CaribbeanExport","article_modified_time":"2025-02-06T14:51:39+00:00","og_image":[{"width":300,"height":300,"url":"https:\/\/content.carib-export.com\/wp-content\/uploads\/2016\/04\/button.png","type":"image\/png"}],"twitter_card":"summary_large_image","twitter_site":"@CaribXport","twitter_misc":{"Dur\u00e9e de lecture estim\u00e9e":"1 minute"},"schema":{"@context":"https:\/\/schema.org","@graph":[{"@type":"WebPage","@id":"https:\/\/content.carib-export.com\/fr\/resources\/funding\/angel-investing\/","url":"https:\/\/content.carib-export.com\/fr\/resources\/funding\/angel-investing\/","name":"de Investissement providentiel - Exportation Cara\u00efbes","isPartOf":{"@id":"https:\/\/content.carib-export.com\/fr\/#website"},"primaryImageOfPage":{"@id":"https:\/\/content.carib-export.com\/fr\/resources\/funding\/angel-investing\/#primaryimage"},"image":{"@id":"https:\/\/content.carib-export.com\/fr\/resources\/funding\/angel-investing\/#primaryimage"},"thumbnailUrl":"https:\/\/content.carib-export.com\/wp-content\/uploads\/2016\/04\/button.png","datePublished":"2016-04-04T19:52:50+00:00","dateModified":"2025-02-06T14:51:39+00:00","breadcrumb":{"@id":"https:\/\/content.carib-export.com\/fr\/resources\/funding\/angel-investing\/#breadcrumb"},"inLanguage":"fr-FR","potentialAction":[{"@type":"ReadAction","target":["https:\/\/content.carib-export.com\/fr\/resources\/funding\/angel-investing\/"]}]},{"@type":"ImageObject","inLanguage":"fr-FR","@id":"https:\/\/content.carib-export.com\/fr\/resources\/funding\/angel-investing\/#primaryimage","url":"https:\/\/content.carib-export.com\/wp-content\/uploads\/2016\/04\/button.png","contentUrl":"https:\/\/content.carib-export.com\/wp-content\/uploads\/2016\/04\/button.png"},{"@type":"BreadcrumbList","@id":"https:\/\/content.carib-export.com\/fr\/resources\/funding\/angel-investing\/#breadcrumb","itemListElement":[{"@type":"ListItem","position":1,"name":"Accueil","item":"https:\/\/content.carib-export.com\/fr\/home\/"},{"@type":"ListItem","position":2,"name":"Ressources","item":"https:\/\/content.carib-export.com\/fr\/resources\/"},{"@type":"ListItem","position":3,"name":"Subventions","item":"https:\/\/content.carib-export.com\/fr\/resources\/funding\/"},{"@type":"ListItem","position":4,"name":"Investissement providentiel"}]},{"@type":"WebSite","@id":"https:\/\/content.carib-export.com\/fr\/#website","url":"https:\/\/content.carib-export.com\/fr\/","name":"Exportation Cara\u00efbes","description":"La seule agence r\u00e9gionale de promotion du commerce et des investissements du groupe Afrique, Cara\u00efbes et Pacifique.","publisher":{"@id":"https:\/\/content.carib-export.com\/fr\/#organization"},"potentialAction":[{"@type":"SearchAction","target":{"@type":"EntryPoint","urlTemplate":"https:\/\/content.carib-export.com\/fr\/?s={search_term_string}"},"query-input":{"@type":"PropertyValueSpecification","valueRequired":true,"valueName":"search_term_string"}}],"inLanguage":"fr-FR"},{"@type":"Organization","@id":"https:\/\/content.carib-export.com\/fr\/#organization","name":"Agence carib\u00e9enne de d\u00e9veloppement des exportations","url":"https:\/\/content.carib-export.com\/fr\/","logo":{"@type":"ImageObject","inLanguage":"fr-FR","@id":"https:\/\/content.carib-export.com\/fr\/#\/schema\/logo\/image\/","url":"https:\/\/content.carib-export.com\/wp-content\/uploads\/2013\/03\/CE-Logo-2013.jpg","contentUrl":"https:\/\/content.carib-export.com\/wp-content\/uploads\/2013\/03\/CE-Logo-2013.jpg","width":1024,"height":244,"caption":"Agence carib\u00e9enne de d\u00e9veloppement des exportations"},"image":{"@id":"https:\/\/content.carib-export.com\/fr\/#\/schema\/logo\/image\/"},"sameAs":["https:\/\/www.facebook.com\/CaribbeanExport","https:\/\/x.com\/CaribXport","https:\/\/www.instagram.com\/caribbeanexport","https:\/\/www.linkedin.com\/company\/caribbeanexport","https:\/\/www.youtube.com\/user\/TheCaribbeanExport"]}]}},"_links":{"self":[{"href":"https:\/\/content.carib-export.com\/fr\/wp-json\/wp\/v2\/pages\/270178","targetHints":{"allow":["GET"]}}],"collection":[{"href":"https:\/\/content.carib-export.com\/fr\/wp-json\/wp\/v2\/pages"}],"about":[{"href":"https:\/\/content.carib-export.com\/fr\/wp-json\/wp\/v2\/types\/page"}],"author":[{"embeddable":true,"href":"https:\/\/content.carib-export.com\/fr\/wp-json\/wp\/v2\/users\/3"}],"replies":[{"embeddable":true,"href":"https:\/\/content.carib-export.com\/fr\/wp-json\/wp\/v2\/comments?post=270178"}],"version-history":[{"count":0,"href":"https:\/\/content.carib-export.com\/fr\/wp-json\/wp\/v2\/pages\/270178\/revisions"}],"up":[{"embeddable":true,"href":"https:\/\/content.carib-export.com\/fr\/wp-json\/wp\/v2\/pages\/256255"}],"wp:attachment":[{"href":"https:\/\/content.carib-export.com\/fr\/wp-json\/wp\/v2\/media?parent=270178"}],"wp:term":[{"taxonomy":"post_tag","embeddable":true,"href":"https:\/\/content.carib-export.com\/fr\/wp-json\/wp\/v2\/tags?post=270178"}],"curies":[{"name":"wp","href":"https:\/\/api.w.org\/{rel}","templated":true}]}}