{"id":270207,"date":"2020-07-10T12:13:59","date_gmt":"2020-07-10T16:13:59","guid":{"rendered":"https:\/\/content.carib-export.com\/exporters\/funding\/direct-support-grants-programme\/"},"modified":"2025-09-15T15:38:29","modified_gmt":"2025-09-15T19:38:29","slug":"direct-support-grants-programme","status":"publish","type":"page","link":"https:\/\/content.carib-export.com\/fr\/resources\/funding\/direct-support-grants-programme\/","title":{"rendered":"Programme de subventions de soutien direct"},"content":{"rendered":"\n<p>Le programme de subventions de soutien direct (DSGP) a \u00e9t\u00e9 d\u00e9velopp\u00e9 en r\u00e9ponse au besoin imm\u00e9diat des entreprises de se r\u00e9\u00e9quiper et d&rsquo;att\u00e9nuer l&rsquo;impact de la pand\u00e9mie de coronavirus (COVID-19). Caribbean Export a allou\u00e9 des fonds aux entreprises du CARIFORUM, qui seront distribu\u00e9s sous forme de subventions. Ce financement est fourni par l&rsquo;Union europ\u00e9enne dans le cadre du programme r\u00e9gional de d\u00e9veloppement du secteur priv\u00e9 du 11e FED.<\/p>\n\n<p>Les entreprises du CARIFORUM peuvent recevoir une subvention non remboursable d&rsquo;une valeur comprise entre 5 000 \u20ac et 15 000 \u20ac pour mettre en \u0153uvre des projets approuv\u00e9s.<\/p>\n\n<p>Les objectifs du DSGP sont les suivants :<\/p>\n\n<ul class=\"wp-block-list\">\n<li>Fournir un soutien direct au secteur priv\u00e9 du CARIFORUM, y compris les PME, sur une base non remboursable, compte tenu des d\u00e9fis rencontr\u00e9s en raison de la pand\u00e9mie de COVID-19 ;<\/li>\n\n\n\n<li>Fournir un soutien aux activit\u00e9s ax\u00e9es sur la continuit\u00e9 des activit\u00e9s ;<\/li>\n\n\n\n<li>Augmenter les exportations vers la r\u00e9gion des Cara\u00efbes et\/ou d&rsquo;autres march\u00e9s internationaux ;<\/li>\n\n\n\n<li>Tirer parti des avantages de l&rsquo;accord de partenariat \u00e9conomique (APE) CARIFORUM-Union europ\u00e9enne, de l&rsquo;\u00e9conomie de march\u00e9 unique (CSME) de la CARICOM, de l&rsquo;accord de libre-\u00e9change entre la CARICOM et la R\u00e9publique dominicaine ou de tout autre accord bilat\u00e9ral ou multilat\u00e9ral sign\u00e9 par les pays de la r\u00e9gion au sein de la r\u00e9gion ou avec des partenaires ACP ou de l&rsquo;Union europ\u00e9enne (UE) ;<\/li>\n\n\n\n<li>Faciliter la transformation num\u00e9rique, la gestion et l&rsquo;efficacit\u00e9 \u00e9nerg\u00e9tiques et la protection des droits de propri\u00e9t\u00e9 intellectuelle.<\/li>\n<\/ul>\n\n<div style=\"height:40px\" aria-hidden=\"true\" class=\"wp-block-spacer\"><\/div>\n\n<figure class=\"wp-block-embed is-type-video is-provider-youtube wp-block-embed-youtube wp-embed-aspect-16-9 wp-has-aspect-ratio\"><div class=\"wp-block-embed__wrapper\">\n<iframe loading=\"lazy\" title=\"Direct Support Grants Programme  Sensitisation Webinar\" width=\"640\" height=\"360\" src=\"https:\/\/www.youtube.com\/embed\/SrvVIN8_FE0?feature=oembed\" frameborder=\"0\" allow=\"accelerometer; autoplay; clipboard-write; encrypted-media; gyroscope; picture-in-picture; web-share\" referrerpolicy=\"strict-origin-when-cross-origin\" allowfullscreen><\/iframe>\n<\/div><figcaption class=\"wp-element-caption\"><em>Ce webinaire de sensibilisation vous donne l&rsquo;opportunit\u00e9 d&rsquo;\u00e9valuer l&rsquo;\u00e9ligibilit\u00e9 de votre projet, de mieux comprendre le processus de candidature, comment les projets seront \u00e9valu\u00e9s et plus encore<\/em> .<\/figcaption><\/figure>\n\n<div style=\"height:40px\" aria-hidden=\"true\" class=\"wp-block-spacer\"><\/div>\n\n<p>Toutes les questions relatives au programme de subventions de soutien direct doivent \u00eatre envoy\u00e9es \u00e0 <a title=\"mailto:dsgpinfo@carib-export.com\" href=\"mailto:dsgpinfo@carib-export.com\" target=\"_blank\" rel=\"noreferrer noopener\">dsgpinfo@carib-export.com<\/a> <\/p>\n\n<div style=\"height:40px\" aria-hidden=\"true\" class=\"wp-block-spacer\"><\/div>\n\n<div class=\"wp-block-buttons is-layout-flex wp-block-buttons-is-layout-flex\">\n<div class=\"wp-block-button is-style-outline is-style-outline--2\"><a class=\"wp-block-button__link wp-element-button\" href=\"https:\/\/carib-export.com\/resources\/funding\/dags\/grant-awardees\/\" style=\"border-radius:0px\">Les boursiers du 11e FED<\/a><\/div>\n<\/div>\n\n<div style=\"height:40px\" aria-hidden=\"true\" class=\"wp-block-spacer\"><\/div>\n\n<figure class=\"wp-block-image size-full\"><img loading=\"lazy\" decoding=\"async\" width=\"813\" height=\"525\" src=\"https:\/\/content.carib-export.com\/wp-content\/uploads\/2020\/09\/DGSP-2020-Cover-image.png\" alt=\"DGSP-2020-Cover-image\" class=\"wp-image-189887\" srcset=\"https:\/\/content.carib-export.com\/wp-content\/uploads\/2020\/09\/DGSP-2020-Cover-image.png 813w, https:\/\/content.carib-export.com\/wp-content\/uploads\/2020\/09\/DGSP-2020-Cover-image-150x97.png 150w, https:\/\/content.carib-export.com\/wp-content\/uploads\/2020\/09\/DGSP-2020-Cover-image-155x100.png 155w, https:\/\/content.carib-export.com\/wp-content\/uploads\/2020\/09\/DGSP-2020-Cover-image-768x496.png 768w\" sizes=\"auto, (max-width: 813px) 100vw, 813px\" \/><\/figure>\n","protected":false},"excerpt":{"rendered":"<p>Le programme de subventions de soutien direct (DSGP) a \u00e9t\u00e9 d\u00e9velopp\u00e9 en r\u00e9ponse au besoin imm\u00e9diat des entreprises de se r\u00e9\u00e9quiper et d&rsquo;att\u00e9nuer l&rsquo;impact de la pand\u00e9mie de coronavirus (COVID-19). Caribbean Export a allou\u00e9 des fonds aux entreprises du CARIFORUM, qui seront distribu\u00e9s sous forme de subventions. Ce financement est fourni par l&rsquo;Union europ\u00e9enne dans [&hellip;]<\/p>\n","protected":false},"author":9,"featured_media":251895,"parent":256255,"menu_order":0,"comment_status":"closed","ping_status":"closed","template":"","meta":{"_acf_changed":false,"inline_featured_image":false,"footnotes":""},"tags":[12780,14332,12821],"class_list":["post-270207","page","type-page","status-publish","has-post-thumbnail","hentry","tag-covid19-fr","tag-grantfunding-fr","tag-grants-fr"],"acf":[],"yoast_head":"<!-- This site is optimized with the Yoast SEO plugin v27.1.1 - https:\/\/yoast.com\/product\/yoast-seo-wordpress\/ -->\n<title>de Programme de subventions de soutien direct - Exportation Cara\u00efbes<\/title>\n<meta name=\"description\" content=\"-1184\" \/>\n<meta name=\"robots\" content=\"index, follow, max-snippet:-1, max-image-preview:large, max-video-preview:-1\" \/>\n<link rel=\"canonical\" href=\"https:\/\/content.carib-export.com\/fr\/resources\/funding\/direct-support-grants-programme\/\" \/>\n<meta property=\"og:locale\" content=\"fr_FR\" \/>\n<meta property=\"og:type\" content=\"article\" \/>\n<meta property=\"og:title\" content=\"de Programme de subventions de soutien direct - Exportation Cara\u00efbes\" \/>\n<meta property=\"og:description\" content=\"-1184\" \/>\n<meta property=\"og:url\" content=\"https:\/\/content.carib-export.com\/fr\/resources\/funding\/direct-support-grants-programme\/\" \/>\n<meta property=\"og:site_name\" content=\"Exportation Cara\u00efbes\" \/>\n<meta property=\"article:publisher\" content=\"https:\/\/www.facebook.com\/CaribbeanExport\" \/>\n<meta property=\"article:modified_time\" content=\"2025-09-15T19:38:29+00:00\" \/>\n<meta property=\"og:image\" content=\"https:\/\/content.carib-export.com\/wp-content\/uploads\/2020\/08\/DSGP-Social-Media-Sq-Apply-Nowf-02.png\" \/>\n\t<meta property=\"og:image:width\" content=\"6251\" \/>\n\t<meta property=\"og:image:height\" content=\"6250\" \/>\n\t<meta property=\"og:image:type\" content=\"image\/png\" \/>\n<meta name=\"twitter:card\" content=\"summary_large_image\" \/>\n<meta name=\"twitter:site\" content=\"@CaribXport\" \/>\n<meta name=\"twitter:label1\" content=\"Dur\u00e9e de lecture estim\u00e9e\" \/>\n\t<meta name=\"twitter:data1\" content=\"2 minutes\" \/>\n<script type=\"application\/ld+json\" class=\"yoast-schema-graph\">{\"@context\":\"https:\/\/schema.org\",\"@graph\":[{\"@type\":\"WebPage\",\"@id\":\"https:\/\/content.carib-export.com\/fr\/resources\/funding\/direct-support-grants-programme\/\",\"url\":\"https:\/\/content.carib-export.com\/fr\/resources\/funding\/direct-support-grants-programme\/\",\"name\":\"de Programme de subventions de soutien direct - Exportation Cara\u00efbes\",\"isPartOf\":{\"@id\":\"https:\/\/content.carib-export.com\/fr\/#website\"},\"primaryImageOfPage\":{\"@id\":\"https:\/\/content.carib-export.com\/fr\/resources\/funding\/direct-support-grants-programme\/#primaryimage\"},\"image\":{\"@id\":\"https:\/\/content.carib-export.com\/fr\/resources\/funding\/direct-support-grants-programme\/#primaryimage\"},\"thumbnailUrl\":\"https:\/\/content.carib-export.com\/wp-content\/uploads\/2020\/08\/DSGP-Social-Media-Sq-Apply-Nowf-02.png\",\"datePublished\":\"2020-07-10T16:13:59+00:00\",\"dateModified\":\"2025-09-15T19:38:29+00:00\",\"description\":\"-1184\",\"breadcrumb\":{\"@id\":\"https:\/\/content.carib-export.com\/fr\/resources\/funding\/direct-support-grants-programme\/#breadcrumb\"},\"inLanguage\":\"fr-FR\",\"potentialAction\":[{\"@type\":\"ReadAction\",\"target\":[\"https:\/\/content.carib-export.com\/fr\/resources\/funding\/direct-support-grants-programme\/\"]}]},{\"@type\":\"ImageObject\",\"inLanguage\":\"fr-FR\",\"@id\":\"https:\/\/content.carib-export.com\/fr\/resources\/funding\/direct-support-grants-programme\/#primaryimage\",\"url\":\"https:\/\/content.carib-export.com\/wp-content\/uploads\/2020\/08\/DSGP-Social-Media-Sq-Apply-Nowf-02.png\",\"contentUrl\":\"https:\/\/content.carib-export.com\/wp-content\/uploads\/2020\/08\/DSGP-Social-Media-Sq-Apply-Nowf-02.png\",\"width\":6251,\"height\":6250,\"caption\":\"Grants\"},{\"@type\":\"BreadcrumbList\",\"@id\":\"https:\/\/content.carib-export.com\/fr\/resources\/funding\/direct-support-grants-programme\/#breadcrumb\",\"itemListElement\":[{\"@type\":\"ListItem\",\"position\":1,\"name\":\"Accueil\",\"item\":\"https:\/\/content.carib-export.com\/fr\/home\/\"},{\"@type\":\"ListItem\",\"position\":2,\"name\":\"Ressources\",\"item\":\"https:\/\/content.carib-export.com\/fr\/resources\/\"},{\"@type\":\"ListItem\",\"position\":3,\"name\":\"Subventions\",\"item\":\"https:\/\/content.carib-export.com\/fr\/resources\/funding\/\"},{\"@type\":\"ListItem\",\"position\":4,\"name\":\"Programme de subventions de soutien direct\"}]},{\"@type\":\"WebSite\",\"@id\":\"https:\/\/content.carib-export.com\/fr\/#website\",\"url\":\"https:\/\/content.carib-export.com\/fr\/\",\"name\":\"Exportation Cara\u00efbes\",\"description\":\"La seule agence r\u00e9gionale de promotion du commerce et des investissements du groupe Afrique, Cara\u00efbes et Pacifique.\",\"publisher\":{\"@id\":\"https:\/\/content.carib-export.com\/fr\/#organization\"},\"potentialAction\":[{\"@type\":\"SearchAction\",\"target\":{\"@type\":\"EntryPoint\",\"urlTemplate\":\"https:\/\/content.carib-export.com\/fr\/?s={search_term_string}\"},\"query-input\":{\"@type\":\"PropertyValueSpecification\",\"valueRequired\":true,\"valueName\":\"search_term_string\"}}],\"inLanguage\":\"fr-FR\"},{\"@type\":\"Organization\",\"@id\":\"https:\/\/content.carib-export.com\/fr\/#organization\",\"name\":\"Agence carib\u00e9enne de d\u00e9veloppement des exportations\",\"url\":\"https:\/\/content.carib-export.com\/fr\/\",\"logo\":{\"@type\":\"ImageObject\",\"inLanguage\":\"fr-FR\",\"@id\":\"https:\/\/content.carib-export.com\/fr\/#\/schema\/logo\/image\/\",\"url\":\"https:\/\/content.carib-export.com\/wp-content\/uploads\/2013\/03\/CE-Logo-2013.jpg\",\"contentUrl\":\"https:\/\/content.carib-export.com\/wp-content\/uploads\/2013\/03\/CE-Logo-2013.jpg\",\"width\":1024,\"height\":244,\"caption\":\"Agence carib\u00e9enne de d\u00e9veloppement des exportations\"},\"image\":{\"@id\":\"https:\/\/content.carib-export.com\/fr\/#\/schema\/logo\/image\/\"},\"sameAs\":[\"https:\/\/www.facebook.com\/CaribbeanExport\",\"https:\/\/x.com\/CaribXport\",\"https:\/\/www.instagram.com\/caribbeanexport\",\"https:\/\/www.linkedin.com\/company\/caribbeanexport\",\"https:\/\/www.youtube.com\/user\/TheCaribbeanExport\"]}]}<\/script>\n<!-- \/ Yoast SEO plugin. -->","yoast_head_json":{"title":"de Programme de subventions de soutien direct - Exportation Cara\u00efbes","description":"-1184","robots":{"index":"index","follow":"follow","max-snippet":"max-snippet:-1","max-image-preview":"max-image-preview:large","max-video-preview":"max-video-preview:-1"},"canonical":"https:\/\/content.carib-export.com\/fr\/resources\/funding\/direct-support-grants-programme\/","og_locale":"fr_FR","og_type":"article","og_title":"de Programme de subventions de soutien direct - Exportation Cara\u00efbes","og_description":"-1184","og_url":"https:\/\/content.carib-export.com\/fr\/resources\/funding\/direct-support-grants-programme\/","og_site_name":"Exportation Cara\u00efbes","article_publisher":"https:\/\/www.facebook.com\/CaribbeanExport","article_modified_time":"2025-09-15T19:38:29+00:00","og_image":[{"width":6251,"height":6250,"url":"https:\/\/content.carib-export.com\/wp-content\/uploads\/2020\/08\/DSGP-Social-Media-Sq-Apply-Nowf-02.png","type":"image\/png"}],"twitter_card":"summary_large_image","twitter_site":"@CaribXport","twitter_misc":{"Dur\u00e9e de lecture estim\u00e9e":"2 minutes"},"schema":{"@context":"https:\/\/schema.org","@graph":[{"@type":"WebPage","@id":"https:\/\/content.carib-export.com\/fr\/resources\/funding\/direct-support-grants-programme\/","url":"https:\/\/content.carib-export.com\/fr\/resources\/funding\/direct-support-grants-programme\/","name":"de Programme de subventions de soutien direct - Exportation Cara\u00efbes","isPartOf":{"@id":"https:\/\/content.carib-export.com\/fr\/#website"},"primaryImageOfPage":{"@id":"https:\/\/content.carib-export.com\/fr\/resources\/funding\/direct-support-grants-programme\/#primaryimage"},"image":{"@id":"https:\/\/content.carib-export.com\/fr\/resources\/funding\/direct-support-grants-programme\/#primaryimage"},"thumbnailUrl":"https:\/\/content.carib-export.com\/wp-content\/uploads\/2020\/08\/DSGP-Social-Media-Sq-Apply-Nowf-02.png","datePublished":"2020-07-10T16:13:59+00:00","dateModified":"2025-09-15T19:38:29+00:00","description":"-1184","breadcrumb":{"@id":"https:\/\/content.carib-export.com\/fr\/resources\/funding\/direct-support-grants-programme\/#breadcrumb"},"inLanguage":"fr-FR","potentialAction":[{"@type":"ReadAction","target":["https:\/\/content.carib-export.com\/fr\/resources\/funding\/direct-support-grants-programme\/"]}]},{"@type":"ImageObject","inLanguage":"fr-FR","@id":"https:\/\/content.carib-export.com\/fr\/resources\/funding\/direct-support-grants-programme\/#primaryimage","url":"https:\/\/content.carib-export.com\/wp-content\/uploads\/2020\/08\/DSGP-Social-Media-Sq-Apply-Nowf-02.png","contentUrl":"https:\/\/content.carib-export.com\/wp-content\/uploads\/2020\/08\/DSGP-Social-Media-Sq-Apply-Nowf-02.png","width":6251,"height":6250,"caption":"Grants"},{"@type":"BreadcrumbList","@id":"https:\/\/content.carib-export.com\/fr\/resources\/funding\/direct-support-grants-programme\/#breadcrumb","itemListElement":[{"@type":"ListItem","position":1,"name":"Accueil","item":"https:\/\/content.carib-export.com\/fr\/home\/"},{"@type":"ListItem","position":2,"name":"Ressources","item":"https:\/\/content.carib-export.com\/fr\/resources\/"},{"@type":"ListItem","position":3,"name":"Subventions","item":"https:\/\/content.carib-export.com\/fr\/resources\/funding\/"},{"@type":"ListItem","position":4,"name":"Programme de subventions de soutien direct"}]},{"@type":"WebSite","@id":"https:\/\/content.carib-export.com\/fr\/#website","url":"https:\/\/content.carib-export.com\/fr\/","name":"Exportation Cara\u00efbes","description":"La seule agence r\u00e9gionale de promotion du commerce et des investissements du groupe Afrique, Cara\u00efbes et Pacifique.","publisher":{"@id":"https:\/\/content.carib-export.com\/fr\/#organization"},"potentialAction":[{"@type":"SearchAction","target":{"@type":"EntryPoint","urlTemplate":"https:\/\/content.carib-export.com\/fr\/?s={search_term_string}"},"query-input":{"@type":"PropertyValueSpecification","valueRequired":true,"valueName":"search_term_string"}}],"inLanguage":"fr-FR"},{"@type":"Organization","@id":"https:\/\/content.carib-export.com\/fr\/#organization","name":"Agence carib\u00e9enne de d\u00e9veloppement des exportations","url":"https:\/\/content.carib-export.com\/fr\/","logo":{"@type":"ImageObject","inLanguage":"fr-FR","@id":"https:\/\/content.carib-export.com\/fr\/#\/schema\/logo\/image\/","url":"https:\/\/content.carib-export.com\/wp-content\/uploads\/2013\/03\/CE-Logo-2013.jpg","contentUrl":"https:\/\/content.carib-export.com\/wp-content\/uploads\/2013\/03\/CE-Logo-2013.jpg","width":1024,"height":244,"caption":"Agence carib\u00e9enne de d\u00e9veloppement des exportations"},"image":{"@id":"https:\/\/content.carib-export.com\/fr\/#\/schema\/logo\/image\/"},"sameAs":["https:\/\/www.facebook.com\/CaribbeanExport","https:\/\/x.com\/CaribXport","https:\/\/www.instagram.com\/caribbeanexport","https:\/\/www.linkedin.com\/company\/caribbeanexport","https:\/\/www.youtube.com\/user\/TheCaribbeanExport"]}]}},"_links":{"self":[{"href":"https:\/\/content.carib-export.com\/fr\/wp-json\/wp\/v2\/pages\/270207","targetHints":{"allow":["GET"]}}],"collection":[{"href":"https:\/\/content.carib-export.com\/fr\/wp-json\/wp\/v2\/pages"}],"about":[{"href":"https:\/\/content.carib-export.com\/fr\/wp-json\/wp\/v2\/types\/page"}],"author":[{"embeddable":true,"href":"https:\/\/content.carib-export.com\/fr\/wp-json\/wp\/v2\/users\/9"}],"replies":[{"embeddable":true,"href":"https:\/\/content.carib-export.com\/fr\/wp-json\/wp\/v2\/comments?post=270207"}],"version-history":[{"count":0,"href":"https:\/\/content.carib-export.com\/fr\/wp-json\/wp\/v2\/pages\/270207\/revisions"}],"up":[{"embeddable":true,"href":"https:\/\/content.carib-export.com\/fr\/wp-json\/wp\/v2\/pages\/256255"}],"wp:featuredmedia":[{"embeddable":true,"href":"https:\/\/content.carib-export.com\/fr\/wp-json\/wp\/v2\/media\/251895"}],"wp:attachment":[{"href":"https:\/\/content.carib-export.com\/fr\/wp-json\/wp\/v2\/media?parent=270207"}],"wp:term":[{"taxonomy":"post_tag","embeddable":true,"href":"https:\/\/content.carib-export.com\/fr\/wp-json\/wp\/v2\/tags?post=270207"}],"curies":[{"name":"wp","href":"https:\/\/api.w.org\/{rel}","templated":true}]}}