{"id":270240,"date":"2021-10-18T15:18:50","date_gmt":"2021-10-18T19:18:50","guid":{"rendered":"https:\/\/content.carib-export.com\/exporters\/funding\/dsgp2021\/"},"modified":"2025-02-06T12:07:52","modified_gmt":"2025-02-06T16:07:52","slug":"dsgp2021","status":"publish","type":"page","link":"https:\/\/content.carib-export.com\/fr\/resources\/funding\/dsgp2021\/","title":{"rendered":"Programme de subventions de soutien direct 2021"},"content":{"rendered":"\n<p><strong><mark style=\"background-color:rgba(0, 0, 0, 0)\" class=\"has-inline-color has-vivid-red-color\">L&rsquo;appel est maintenant clos.<\/mark><\/strong><\/p>\n\n<div style=\"height:40px\" aria-hidden=\"true\" class=\"wp-block-spacer\"><\/div>\n\n<p>Le programme de subventions de soutien direct (DSGP) a \u00e9t\u00e9 d\u00e9velopp\u00e9 en r\u00e9ponse au besoin imm\u00e9diat des entreprises de se r\u00e9\u00e9quiper et d&rsquo;att\u00e9nuer l&rsquo;impact de la pand\u00e9mie de coronavirus (COVID-19). Caribbean Export a allou\u00e9 des fonds aux entreprises du CARIFORUM, qui seront distribu\u00e9s sous forme de subventions en 2022. Ce financement est fourni par l&rsquo;Union europ\u00e9enne dans le cadre du programme r\u00e9gional de d\u00e9veloppement du secteur priv\u00e9 du 11e FED.<\/p>\n\n<p>Les entreprises du CARIFORUM peuvent recevoir une subvention non remboursable d&rsquo;une valeur comprise entre 10 000 \u20ac et 30 000 \u20ac pour mettre en \u0153uvre des projets approuv\u00e9s.<\/p>\n\n<p>Les objectifs du DSGP sont les suivants :<\/p>\n\n<ul class=\"wp-block-list\"><li>Fournir un soutien direct au secteur priv\u00e9 du CARIFORUM, y compris les micro, petites et moyennes entreprises (MPME), sur une base non remboursable, compte tenu des d\u00e9fis rencontr\u00e9s en raison de la pand\u00e9mie de COVID-19 ;<\/li><li>Fournir un soutien aux activit\u00e9s ax\u00e9es sur la continuit\u00e9 des affaires ;<\/li><li>Faciliter l&rsquo;augmentation des exportations vers la r\u00e9gion des Cara\u00efbes et\/ou d&rsquo;autres march\u00e9s internationaux ; et<\/li><li>Profitez des avantages de l&rsquo;accord de partenariat \u00e9conomique (APE) CARIFORUM-Union europ\u00e9enne, de l&rsquo;\u00e9conomie de march\u00e9 unique de la CARICOM (CSME), de l&rsquo;accord de libre-\u00e9change entre la CARICOM et la R\u00e9publique dominicaine ou de tout autre accord bilat\u00e9ral ou multilat\u00e9ral sign\u00e9 par les pays de la r\u00e9gion au sein la r\u00e9gion ou avec des partenaires ACP ou de l&rsquo;Union europ\u00e9enne (UE) ;<\/li><li>Faciliter la transformation num\u00e9rique, la gestion et l&rsquo;efficacit\u00e9 \u00e9nerg\u00e9tiques et la protection des droits de propri\u00e9t\u00e9 intellectuelle.<\/li><\/ul>\n\n<p><strong>L&rsquo;appel \u00e0 propositions s&rsquo;est cl\u00f4tur\u00e9 le 8 d\u00e9cembre 2021.<\/strong><\/p>\n","protected":false},"excerpt":{"rendered":"<p>L&rsquo;appel est maintenant clos. Le programme de subventions de soutien direct (DSGP) a \u00e9t\u00e9 d\u00e9velopp\u00e9 en r\u00e9ponse au besoin imm\u00e9diat des entreprises de se r\u00e9\u00e9quiper et d&rsquo;att\u00e9nuer l&rsquo;impact de la pand\u00e9mie de coronavirus (COVID-19). Caribbean Export a allou\u00e9 des fonds aux entreprises du CARIFORUM, qui seront distribu\u00e9s sous forme de subventions en 2022. Ce financement [&hellip;]<\/p>\n","protected":false},"author":9,"featured_media":270245,"parent":256255,"menu_order":0,"comment_status":"closed","ping_status":"closed","template":"","meta":{"_acf_changed":false,"inline_featured_image":false,"footnotes":""},"tags":[],"class_list":["post-270240","page","type-page","status-publish","has-post-thumbnail","hentry"],"acf":[],"yoast_head":"<!-- This site is optimized with the Yoast SEO plugin v27.1.1 - https:\/\/yoast.com\/product\/yoast-seo-wordpress\/ -->\n<title>de Programme de subventions de soutien direct 2021 - Exportation Cara\u00efbes<\/title>\n<meta name=\"robots\" content=\"index, follow, max-snippet:-1, max-image-preview:large, max-video-preview:-1\" \/>\n<link rel=\"canonical\" href=\"https:\/\/content.carib-export.com\/fr\/resources\/funding\/dsgp2021\/\" \/>\n<meta property=\"og:locale\" content=\"fr_FR\" \/>\n<meta property=\"og:type\" content=\"article\" \/>\n<meta property=\"og:title\" content=\"de Programme de subventions de soutien direct 2021 - Exportation Cara\u00efbes\" \/>\n<meta property=\"og:description\" content=\"L&rsquo;appel est maintenant clos. Le programme de subventions de soutien direct (DSGP) a \u00e9t\u00e9 d\u00e9velopp\u00e9 en r\u00e9ponse au besoin imm\u00e9diat des entreprises de se r\u00e9\u00e9quiper et d&rsquo;att\u00e9nuer l&rsquo;impact de la pand\u00e9mie de coronavirus (COVID-19). Caribbean Export a allou\u00e9 des fonds aux entreprises du CARIFORUM, qui seront distribu\u00e9s sous forme de subventions en 2022. Ce financement [&hellip;]\" \/>\n<meta property=\"og:url\" content=\"https:\/\/content.carib-export.com\/fr\/resources\/funding\/dsgp2021\/\" \/>\n<meta property=\"og:site_name\" content=\"Exportation Cara\u00efbes\" \/>\n<meta property=\"article:publisher\" content=\"https:\/\/www.facebook.com\/CaribbeanExport\" \/>\n<meta property=\"article:modified_time\" content=\"2025-02-06T16:07:52+00:00\" \/>\n<meta property=\"og:image\" content=\"https:\/\/content.carib-export.com\/wp-content\/uploads\/2021\/10\/DSGP-Flyers-Apply-Now-IGFB-scaled.jpg\" \/>\n\t<meta property=\"og:image:width\" content=\"2560\" \/>\n\t<meta property=\"og:image:height\" content=\"2560\" \/>\n\t<meta property=\"og:image:type\" content=\"image\/jpeg\" \/>\n<meta name=\"twitter:card\" content=\"summary_large_image\" \/>\n<meta name=\"twitter:site\" content=\"@CaribXport\" \/>\n<meta name=\"twitter:label1\" content=\"Dur\u00e9e de lecture estim\u00e9e\" \/>\n\t<meta name=\"twitter:data1\" content=\"1 minute\" \/>\n<script type=\"application\/ld+json\" class=\"yoast-schema-graph\">{\"@context\":\"https:\/\/schema.org\",\"@graph\":[{\"@type\":\"WebPage\",\"@id\":\"https:\/\/content.carib-export.com\/fr\/resources\/funding\/dsgp2021\/\",\"url\":\"https:\/\/content.carib-export.com\/fr\/resources\/funding\/dsgp2021\/\",\"name\":\"de Programme de subventions de soutien direct 2021 - Exportation Cara\u00efbes\",\"isPartOf\":{\"@id\":\"https:\/\/content.carib-export.com\/fr\/#website\"},\"primaryImageOfPage\":{\"@id\":\"https:\/\/content.carib-export.com\/fr\/resources\/funding\/dsgp2021\/#primaryimage\"},\"image\":{\"@id\":\"https:\/\/content.carib-export.com\/fr\/resources\/funding\/dsgp2021\/#primaryimage\"},\"thumbnailUrl\":\"https:\/\/content.carib-export.com\/wp-content\/uploads\/2021\/10\/DSGP-Flyers-Apply-Now-IGFB-scaled.jpg\",\"datePublished\":\"2021-10-18T19:18:50+00:00\",\"dateModified\":\"2025-02-06T16:07:52+00:00\",\"breadcrumb\":{\"@id\":\"https:\/\/content.carib-export.com\/fr\/resources\/funding\/dsgp2021\/#breadcrumb\"},\"inLanguage\":\"fr-FR\",\"potentialAction\":[{\"@type\":\"ReadAction\",\"target\":[\"https:\/\/content.carib-export.com\/fr\/resources\/funding\/dsgp2021\/\"]}]},{\"@type\":\"ImageObject\",\"inLanguage\":\"fr-FR\",\"@id\":\"https:\/\/content.carib-export.com\/fr\/resources\/funding\/dsgp2021\/#primaryimage\",\"url\":\"https:\/\/content.carib-export.com\/wp-content\/uploads\/2021\/10\/DSGP-Flyers-Apply-Now-IGFB-scaled.jpg\",\"contentUrl\":\"https:\/\/content.carib-export.com\/wp-content\/uploads\/2021\/10\/DSGP-Flyers-Apply-Now-IGFB-scaled.jpg\",\"width\":2560,\"height\":2560},{\"@type\":\"BreadcrumbList\",\"@id\":\"https:\/\/content.carib-export.com\/fr\/resources\/funding\/dsgp2021\/#breadcrumb\",\"itemListElement\":[{\"@type\":\"ListItem\",\"position\":1,\"name\":\"Accueil\",\"item\":\"https:\/\/content.carib-export.com\/fr\/home\/\"},{\"@type\":\"ListItem\",\"position\":2,\"name\":\"Ressources\",\"item\":\"https:\/\/content.carib-export.com\/fr\/resources\/\"},{\"@type\":\"ListItem\",\"position\":3,\"name\":\"Subventions\",\"item\":\"https:\/\/content.carib-export.com\/fr\/resources\/funding\/\"},{\"@type\":\"ListItem\",\"position\":4,\"name\":\"Programme de subventions de soutien direct 2021\"}]},{\"@type\":\"WebSite\",\"@id\":\"https:\/\/content.carib-export.com\/fr\/#website\",\"url\":\"https:\/\/content.carib-export.com\/fr\/\",\"name\":\"Exportation Cara\u00efbes\",\"description\":\"La seule agence r\u00e9gionale de promotion du commerce et des investissements du groupe Afrique, Cara\u00efbes et Pacifique.\",\"publisher\":{\"@id\":\"https:\/\/content.carib-export.com\/fr\/#organization\"},\"potentialAction\":[{\"@type\":\"SearchAction\",\"target\":{\"@type\":\"EntryPoint\",\"urlTemplate\":\"https:\/\/content.carib-export.com\/fr\/?s={search_term_string}\"},\"query-input\":{\"@type\":\"PropertyValueSpecification\",\"valueRequired\":true,\"valueName\":\"search_term_string\"}}],\"inLanguage\":\"fr-FR\"},{\"@type\":\"Organization\",\"@id\":\"https:\/\/content.carib-export.com\/fr\/#organization\",\"name\":\"Agence carib\u00e9enne de d\u00e9veloppement des exportations\",\"url\":\"https:\/\/content.carib-export.com\/fr\/\",\"logo\":{\"@type\":\"ImageObject\",\"inLanguage\":\"fr-FR\",\"@id\":\"https:\/\/content.carib-export.com\/fr\/#\/schema\/logo\/image\/\",\"url\":\"https:\/\/content.carib-export.com\/wp-content\/uploads\/2013\/03\/CE-Logo-2013.jpg\",\"contentUrl\":\"https:\/\/content.carib-export.com\/wp-content\/uploads\/2013\/03\/CE-Logo-2013.jpg\",\"width\":1024,\"height\":244,\"caption\":\"Agence carib\u00e9enne de d\u00e9veloppement des exportations\"},\"image\":{\"@id\":\"https:\/\/content.carib-export.com\/fr\/#\/schema\/logo\/image\/\"},\"sameAs\":[\"https:\/\/www.facebook.com\/CaribbeanExport\",\"https:\/\/x.com\/CaribXport\",\"https:\/\/www.instagram.com\/caribbeanexport\",\"https:\/\/www.linkedin.com\/company\/caribbeanexport\",\"https:\/\/www.youtube.com\/user\/TheCaribbeanExport\"]}]}<\/script>\n<!-- \/ Yoast SEO plugin. -->","yoast_head_json":{"title":"de Programme de subventions de soutien direct 2021 - Exportation Cara\u00efbes","robots":{"index":"index","follow":"follow","max-snippet":"max-snippet:-1","max-image-preview":"max-image-preview:large","max-video-preview":"max-video-preview:-1"},"canonical":"https:\/\/content.carib-export.com\/fr\/resources\/funding\/dsgp2021\/","og_locale":"fr_FR","og_type":"article","og_title":"de Programme de subventions de soutien direct 2021 - Exportation Cara\u00efbes","og_description":"L&rsquo;appel est maintenant clos. Le programme de subventions de soutien direct (DSGP) a \u00e9t\u00e9 d\u00e9velopp\u00e9 en r\u00e9ponse au besoin imm\u00e9diat des entreprises de se r\u00e9\u00e9quiper et d&rsquo;att\u00e9nuer l&rsquo;impact de la pand\u00e9mie de coronavirus (COVID-19). Caribbean Export a allou\u00e9 des fonds aux entreprises du CARIFORUM, qui seront distribu\u00e9s sous forme de subventions en 2022. Ce financement [&hellip;]","og_url":"https:\/\/content.carib-export.com\/fr\/resources\/funding\/dsgp2021\/","og_site_name":"Exportation Cara\u00efbes","article_publisher":"https:\/\/www.facebook.com\/CaribbeanExport","article_modified_time":"2025-02-06T16:07:52+00:00","og_image":[{"width":2560,"height":2560,"url":"https:\/\/content.carib-export.com\/wp-content\/uploads\/2021\/10\/DSGP-Flyers-Apply-Now-IGFB-scaled.jpg","type":"image\/jpeg"}],"twitter_card":"summary_large_image","twitter_site":"@CaribXport","twitter_misc":{"Dur\u00e9e de lecture estim\u00e9e":"1 minute"},"schema":{"@context":"https:\/\/schema.org","@graph":[{"@type":"WebPage","@id":"https:\/\/content.carib-export.com\/fr\/resources\/funding\/dsgp2021\/","url":"https:\/\/content.carib-export.com\/fr\/resources\/funding\/dsgp2021\/","name":"de Programme de subventions de soutien direct 2021 - Exportation Cara\u00efbes","isPartOf":{"@id":"https:\/\/content.carib-export.com\/fr\/#website"},"primaryImageOfPage":{"@id":"https:\/\/content.carib-export.com\/fr\/resources\/funding\/dsgp2021\/#primaryimage"},"image":{"@id":"https:\/\/content.carib-export.com\/fr\/resources\/funding\/dsgp2021\/#primaryimage"},"thumbnailUrl":"https:\/\/content.carib-export.com\/wp-content\/uploads\/2021\/10\/DSGP-Flyers-Apply-Now-IGFB-scaled.jpg","datePublished":"2021-10-18T19:18:50+00:00","dateModified":"2025-02-06T16:07:52+00:00","breadcrumb":{"@id":"https:\/\/content.carib-export.com\/fr\/resources\/funding\/dsgp2021\/#breadcrumb"},"inLanguage":"fr-FR","potentialAction":[{"@type":"ReadAction","target":["https:\/\/content.carib-export.com\/fr\/resources\/funding\/dsgp2021\/"]}]},{"@type":"ImageObject","inLanguage":"fr-FR","@id":"https:\/\/content.carib-export.com\/fr\/resources\/funding\/dsgp2021\/#primaryimage","url":"https:\/\/content.carib-export.com\/wp-content\/uploads\/2021\/10\/DSGP-Flyers-Apply-Now-IGFB-scaled.jpg","contentUrl":"https:\/\/content.carib-export.com\/wp-content\/uploads\/2021\/10\/DSGP-Flyers-Apply-Now-IGFB-scaled.jpg","width":2560,"height":2560},{"@type":"BreadcrumbList","@id":"https:\/\/content.carib-export.com\/fr\/resources\/funding\/dsgp2021\/#breadcrumb","itemListElement":[{"@type":"ListItem","position":1,"name":"Accueil","item":"https:\/\/content.carib-export.com\/fr\/home\/"},{"@type":"ListItem","position":2,"name":"Ressources","item":"https:\/\/content.carib-export.com\/fr\/resources\/"},{"@type":"ListItem","position":3,"name":"Subventions","item":"https:\/\/content.carib-export.com\/fr\/resources\/funding\/"},{"@type":"ListItem","position":4,"name":"Programme de subventions de soutien direct 2021"}]},{"@type":"WebSite","@id":"https:\/\/content.carib-export.com\/fr\/#website","url":"https:\/\/content.carib-export.com\/fr\/","name":"Exportation Cara\u00efbes","description":"La seule agence r\u00e9gionale de promotion du commerce et des investissements du groupe Afrique, Cara\u00efbes et Pacifique.","publisher":{"@id":"https:\/\/content.carib-export.com\/fr\/#organization"},"potentialAction":[{"@type":"SearchAction","target":{"@type":"EntryPoint","urlTemplate":"https:\/\/content.carib-export.com\/fr\/?s={search_term_string}"},"query-input":{"@type":"PropertyValueSpecification","valueRequired":true,"valueName":"search_term_string"}}],"inLanguage":"fr-FR"},{"@type":"Organization","@id":"https:\/\/content.carib-export.com\/fr\/#organization","name":"Agence carib\u00e9enne de d\u00e9veloppement des exportations","url":"https:\/\/content.carib-export.com\/fr\/","logo":{"@type":"ImageObject","inLanguage":"fr-FR","@id":"https:\/\/content.carib-export.com\/fr\/#\/schema\/logo\/image\/","url":"https:\/\/content.carib-export.com\/wp-content\/uploads\/2013\/03\/CE-Logo-2013.jpg","contentUrl":"https:\/\/content.carib-export.com\/wp-content\/uploads\/2013\/03\/CE-Logo-2013.jpg","width":1024,"height":244,"caption":"Agence carib\u00e9enne de d\u00e9veloppement des exportations"},"image":{"@id":"https:\/\/content.carib-export.com\/fr\/#\/schema\/logo\/image\/"},"sameAs":["https:\/\/www.facebook.com\/CaribbeanExport","https:\/\/x.com\/CaribXport","https:\/\/www.instagram.com\/caribbeanexport","https:\/\/www.linkedin.com\/company\/caribbeanexport","https:\/\/www.youtube.com\/user\/TheCaribbeanExport"]}]}},"_links":{"self":[{"href":"https:\/\/content.carib-export.com\/fr\/wp-json\/wp\/v2\/pages\/270240","targetHints":{"allow":["GET"]}}],"collection":[{"href":"https:\/\/content.carib-export.com\/fr\/wp-json\/wp\/v2\/pages"}],"about":[{"href":"https:\/\/content.carib-export.com\/fr\/wp-json\/wp\/v2\/types\/page"}],"author":[{"embeddable":true,"href":"https:\/\/content.carib-export.com\/fr\/wp-json\/wp\/v2\/users\/9"}],"replies":[{"embeddable":true,"href":"https:\/\/content.carib-export.com\/fr\/wp-json\/wp\/v2\/comments?post=270240"}],"version-history":[{"count":0,"href":"https:\/\/content.carib-export.com\/fr\/wp-json\/wp\/v2\/pages\/270240\/revisions"}],"up":[{"embeddable":true,"href":"https:\/\/content.carib-export.com\/fr\/wp-json\/wp\/v2\/pages\/256255"}],"wp:featuredmedia":[{"embeddable":true,"href":"https:\/\/content.carib-export.com\/fr\/wp-json\/wp\/v2\/media\/270245"}],"wp:attachment":[{"href":"https:\/\/content.carib-export.com\/fr\/wp-json\/wp\/v2\/media?parent=270240"}],"wp:term":[{"taxonomy":"post_tag","embeddable":true,"href":"https:\/\/content.carib-export.com\/fr\/wp-json\/wp\/v2\/tags?post=270240"}],"curies":[{"name":"wp","href":"https:\/\/api.w.org\/{rel}","templated":true}]}}