{"id":270554,"date":"2014-07-19T20:52:44","date_gmt":"2014-07-20T00:52:44","guid":{"rendered":"https:\/\/content.carib-export.com\/exporters\/training\/small-business-development-centres-sbdcs\/"},"modified":"2025-02-06T13:07:30","modified_gmt":"2025-02-06T17:07:30","slug":"small-business-development-centres-sbdcs","status":"publish","type":"page","link":"https:\/\/content.carib-export.com\/fr\/resources\/training\/small-business-development-centres-sbdcs\/","title":{"rendered":"Centres de d\u00e9veloppement des petites entreprises (SBDC)"},"content":{"rendered":"\n<p>Les centres de d\u00e9veloppement des petites entreprises (SBDC) sont la source centrale et compl\u00e8te de soutien technique et de gestion pour les micro, petites et moyennes entreprises. Ces centres sont originaires des \u00c9tats-Unis d&rsquo;Am\u00e9rique o\u00f9 ils constituent un r\u00e9seau collectif (SBDCN), une matrice \u00e9tablie et interconnect\u00e9e de centres d\u00e9di\u00e9s au d\u00e9veloppement global du secteur priv\u00e9 aux \u00c9tats-Unis.<\/p>\n\n<p>La mission principale de ces centres est de promouvoir la croissance, l&rsquo;innovation, la productivit\u00e9 et les revenus des petites entreprises par l&rsquo;am\u00e9lioration de leur administration interne.<\/p>\n\n<p>Les centres cherchent \u00e0 r\u00e9aliser cette mission gr\u00e2ce \u00e0 l&rsquo;utilisation de certains services de base :<\/p>\n\n<ul class=\"wp-block-list\"><li>Assistance technique pour am\u00e9liorer l&rsquo;efficacit\u00e9 de l&rsquo;infrastructure syst\u00e9matique de l&rsquo;entreprise<\/li><li>Formation de groupe pour am\u00e9liorer l&rsquo;efficacit\u00e9 des ressources humaines de l&rsquo;entreprise<\/li><li>Etude de march\u00e9 adapt\u00e9e aux besoins du client<\/li><\/ul>\n\n<p>La mise en \u0153uvre r\u00e9ussie d&rsquo;un stratag\u00e8me commercial efficace et des meilleures pratiques au sein de ces petites entreprises individuelles s&rsquo;efforce en fin de compte de cr\u00e9er de nouvelles opportunit\u00e9s d&#8217;emploi ; augmentation des revenus ; le renforcement et la diversification de l&rsquo;\u00e9conomie du pays ; ainsi que la stabilit\u00e9 et la poursuite de la croissance des secteurs \u00e9conomiques de ce pays. Tels sont les objectifs d\u00e9clar\u00e9s des SBDC.<\/p>\n\n<p>Les \u00e9l\u00e9ments cl\u00e9s du mod\u00e8le SBDC sont con\u00e7us pour favoriser un environnement productif dans lequel le client peut tirer le maximum d&rsquo;avantages. Ce mod\u00e8le est bas\u00e9 sur :<\/p>\n\n<ul class=\"wp-block-list\"><li>un accent sur l&rsquo;assistance \u00e0 long terme<\/li><li>travailler avec plusieurs petites entreprises clientes<\/li><li>la cr\u00e9ation d&rsquo;impact \u00e9conomique<\/li><li>une culture ax\u00e9e sur les r\u00e9sultats<\/li><\/ul>\n\n<p>Les ressources investies dans la r\u00e9alisation des objectifs des SBDC proviennent des secteurs public et priv\u00e9 ainsi qu&rsquo;acad\u00e9mique de chaque soci\u00e9t\u00e9 dans laquelle ces centres sont implant\u00e9s. Le succ\u00e8s du projet d\u00e9pend de l&rsquo;adaptabilit\u00e9 du mod\u00e8le SBDC \u00e0 l&rsquo;environnement socio-politique et \u00e9conomique du pays afin d&rsquo;obtenir un retour sur investissement maximal.<\/p>\n\n<p>Ce mod\u00e8le est actuellement mis en \u0153uvre dans les Cara\u00efbes avec le soutien de Caribbean Export en association avec le D\u00e9partement du d\u00e9veloppement \u00e9conomique, du commerce et du tourisme de l&rsquo;Organisation des \u00c9tats am\u00e9ricains et de l&rsquo;Universit\u00e9 du Texas \u00e0 San Antonio (UTSA). Cette initiative est le r\u00e9sultat de discussions lors de l&rsquo;atelier r\u00e9gional \u00ab\u00a0Promouvoir et am\u00e9liorer la comp\u00e9titivit\u00e9 et la productivit\u00e9 des PME dans les Cara\u00efbes\u00a0\u00bb qui s&rsquo;est tenu \u00e0 San Diego, Californie, les 6 et 7 septembre 2011, auquel les trois parties ont particip\u00e9.<\/p>\n\n<p>Les Cara\u00efbes ont maintenant des SBDC;<\/p>\n","protected":false},"excerpt":{"rendered":"<p>Les centres de d\u00e9veloppement des petites entreprises (SBDC) sont la source centrale et compl\u00e8te de soutien technique et de gestion pour les micro, petites et moyennes entreprises.<\/p>\n","protected":false},"author":3,"featured_media":0,"parent":256311,"menu_order":0,"comment_status":"closed","ping_status":"closed","template":"","meta":{"_acf_changed":false,"inline_featured_image":false,"footnotes":""},"tags":[],"class_list":["post-270554","page","type-page","status-publish","hentry"],"acf":[],"yoast_head":"<!-- This site is optimized with the Yoast SEO plugin v27.1.1 - https:\/\/yoast.com\/product\/yoast-seo-wordpress\/ -->\n<title>de Centres de d\u00e9veloppement des petites entreprises (SBDC) - Exportation Cara\u00efbes<\/title>\n<meta name=\"robots\" content=\"index, follow, max-snippet:-1, max-image-preview:large, max-video-preview:-1\" \/>\n<link rel=\"canonical\" href=\"https:\/\/content.carib-export.com\/fr\/resources\/training\/small-business-development-centres-sbdcs\/\" \/>\n<meta property=\"og:locale\" content=\"fr_FR\" \/>\n<meta property=\"og:type\" content=\"article\" \/>\n<meta property=\"og:title\" content=\"de Centres de d\u00e9veloppement des petites entreprises (SBDC) - Exportation Cara\u00efbes\" \/>\n<meta property=\"og:description\" content=\"Les centres de d\u00e9veloppement des petites entreprises (SBDC) sont la source centrale et compl\u00e8te de soutien technique et de gestion pour les micro, petites et moyennes entreprises.\" \/>\n<meta property=\"og:url\" content=\"https:\/\/content.carib-export.com\/fr\/resources\/training\/small-business-development-centres-sbdcs\/\" \/>\n<meta property=\"og:site_name\" content=\"Exportation Cara\u00efbes\" \/>\n<meta property=\"article:publisher\" content=\"https:\/\/www.facebook.com\/CaribbeanExport\" \/>\n<meta property=\"article:modified_time\" content=\"2025-02-06T17:07:30+00:00\" \/>\n<meta property=\"og:image\" content=\"https:\/\/content.carib-export.com\/wp-content\/uploads\/2019\/06\/CEDA-default-square.jpg\" \/>\n\t<meta property=\"og:image:width\" content=\"1000\" \/>\n\t<meta property=\"og:image:height\" content=\"1000\" \/>\n\t<meta property=\"og:image:type\" content=\"image\/jpeg\" \/>\n<meta name=\"twitter:card\" content=\"summary_large_image\" \/>\n<meta name=\"twitter:site\" content=\"@CaribXport\" \/>\n<meta name=\"twitter:label1\" content=\"Dur\u00e9e de lecture estim\u00e9e\" \/>\n\t<meta name=\"twitter:data1\" content=\"2 minutes\" \/>\n<script type=\"application\/ld+json\" class=\"yoast-schema-graph\">{\"@context\":\"https:\/\/schema.org\",\"@graph\":[{\"@type\":\"WebPage\",\"@id\":\"https:\/\/content.carib-export.com\/fr\/resources\/training\/small-business-development-centres-sbdcs\/\",\"url\":\"https:\/\/content.carib-export.com\/fr\/resources\/training\/small-business-development-centres-sbdcs\/\",\"name\":\"de Centres de d\u00e9veloppement des petites entreprises (SBDC) - Exportation Cara\u00efbes\",\"isPartOf\":{\"@id\":\"https:\/\/content.carib-export.com\/fr\/#website\"},\"datePublished\":\"2014-07-20T00:52:44+00:00\",\"dateModified\":\"2025-02-06T17:07:30+00:00\",\"breadcrumb\":{\"@id\":\"https:\/\/content.carib-export.com\/fr\/resources\/training\/small-business-development-centres-sbdcs\/#breadcrumb\"},\"inLanguage\":\"fr-FR\",\"potentialAction\":[{\"@type\":\"ReadAction\",\"target\":[\"https:\/\/content.carib-export.com\/fr\/resources\/training\/small-business-development-centres-sbdcs\/\"]}]},{\"@type\":\"BreadcrumbList\",\"@id\":\"https:\/\/content.carib-export.com\/fr\/resources\/training\/small-business-development-centres-sbdcs\/#breadcrumb\",\"itemListElement\":[{\"@type\":\"ListItem\",\"position\":1,\"name\":\"Accueil\",\"item\":\"https:\/\/content.carib-export.com\/fr\/home\/\"},{\"@type\":\"ListItem\",\"position\":2,\"name\":\"Ressources\",\"item\":\"https:\/\/content.carib-export.com\/fr\/resources\/\"},{\"@type\":\"ListItem\",\"position\":3,\"name\":\"Entra\u00eenement\",\"item\":\"https:\/\/content.carib-export.com\/fr\/resources\/training\/\"},{\"@type\":\"ListItem\",\"position\":4,\"name\":\"Centres de d\u00e9veloppement des petites entreprises (SBDC)\"}]},{\"@type\":\"WebSite\",\"@id\":\"https:\/\/content.carib-export.com\/fr\/#website\",\"url\":\"https:\/\/content.carib-export.com\/fr\/\",\"name\":\"Exportation Cara\u00efbes\",\"description\":\"La seule agence r\u00e9gionale de promotion du commerce et des investissements du groupe Afrique, Cara\u00efbes et Pacifique.\",\"publisher\":{\"@id\":\"https:\/\/content.carib-export.com\/fr\/#organization\"},\"potentialAction\":[{\"@type\":\"SearchAction\",\"target\":{\"@type\":\"EntryPoint\",\"urlTemplate\":\"https:\/\/content.carib-export.com\/fr\/?s={search_term_string}\"},\"query-input\":{\"@type\":\"PropertyValueSpecification\",\"valueRequired\":true,\"valueName\":\"search_term_string\"}}],\"inLanguage\":\"fr-FR\"},{\"@type\":\"Organization\",\"@id\":\"https:\/\/content.carib-export.com\/fr\/#organization\",\"name\":\"Agence carib\u00e9enne de d\u00e9veloppement des exportations\",\"url\":\"https:\/\/content.carib-export.com\/fr\/\",\"logo\":{\"@type\":\"ImageObject\",\"inLanguage\":\"fr-FR\",\"@id\":\"https:\/\/content.carib-export.com\/fr\/#\/schema\/logo\/image\/\",\"url\":\"https:\/\/content.carib-export.com\/wp-content\/uploads\/2013\/03\/CE-Logo-2013.jpg\",\"contentUrl\":\"https:\/\/content.carib-export.com\/wp-content\/uploads\/2013\/03\/CE-Logo-2013.jpg\",\"width\":1024,\"height\":244,\"caption\":\"Agence carib\u00e9enne de d\u00e9veloppement des exportations\"},\"image\":{\"@id\":\"https:\/\/content.carib-export.com\/fr\/#\/schema\/logo\/image\/\"},\"sameAs\":[\"https:\/\/www.facebook.com\/CaribbeanExport\",\"https:\/\/x.com\/CaribXport\",\"https:\/\/www.instagram.com\/caribbeanexport\",\"https:\/\/www.linkedin.com\/company\/caribbeanexport\",\"https:\/\/www.youtube.com\/user\/TheCaribbeanExport\"]}]}<\/script>\n<!-- \/ Yoast SEO plugin. -->","yoast_head_json":{"title":"de Centres de d\u00e9veloppement des petites entreprises (SBDC) - Exportation Cara\u00efbes","robots":{"index":"index","follow":"follow","max-snippet":"max-snippet:-1","max-image-preview":"max-image-preview:large","max-video-preview":"max-video-preview:-1"},"canonical":"https:\/\/content.carib-export.com\/fr\/resources\/training\/small-business-development-centres-sbdcs\/","og_locale":"fr_FR","og_type":"article","og_title":"de Centres de d\u00e9veloppement des petites entreprises (SBDC) - Exportation Cara\u00efbes","og_description":"Les centres de d\u00e9veloppement des petites entreprises (SBDC) sont la source centrale et compl\u00e8te de soutien technique et de gestion pour les micro, petites et moyennes entreprises.","og_url":"https:\/\/content.carib-export.com\/fr\/resources\/training\/small-business-development-centres-sbdcs\/","og_site_name":"Exportation Cara\u00efbes","article_publisher":"https:\/\/www.facebook.com\/CaribbeanExport","article_modified_time":"2025-02-06T17:07:30+00:00","og_image":[{"width":1000,"height":1000,"url":"https:\/\/content.carib-export.com\/wp-content\/uploads\/2019\/06\/CEDA-default-square.jpg","type":"image\/jpeg"}],"twitter_card":"summary_large_image","twitter_site":"@CaribXport","twitter_misc":{"Dur\u00e9e de lecture estim\u00e9e":"2 minutes"},"schema":{"@context":"https:\/\/schema.org","@graph":[{"@type":"WebPage","@id":"https:\/\/content.carib-export.com\/fr\/resources\/training\/small-business-development-centres-sbdcs\/","url":"https:\/\/content.carib-export.com\/fr\/resources\/training\/small-business-development-centres-sbdcs\/","name":"de Centres de d\u00e9veloppement des petites entreprises (SBDC) - Exportation Cara\u00efbes","isPartOf":{"@id":"https:\/\/content.carib-export.com\/fr\/#website"},"datePublished":"2014-07-20T00:52:44+00:00","dateModified":"2025-02-06T17:07:30+00:00","breadcrumb":{"@id":"https:\/\/content.carib-export.com\/fr\/resources\/training\/small-business-development-centres-sbdcs\/#breadcrumb"},"inLanguage":"fr-FR","potentialAction":[{"@type":"ReadAction","target":["https:\/\/content.carib-export.com\/fr\/resources\/training\/small-business-development-centres-sbdcs\/"]}]},{"@type":"BreadcrumbList","@id":"https:\/\/content.carib-export.com\/fr\/resources\/training\/small-business-development-centres-sbdcs\/#breadcrumb","itemListElement":[{"@type":"ListItem","position":1,"name":"Accueil","item":"https:\/\/content.carib-export.com\/fr\/home\/"},{"@type":"ListItem","position":2,"name":"Ressources","item":"https:\/\/content.carib-export.com\/fr\/resources\/"},{"@type":"ListItem","position":3,"name":"Entra\u00eenement","item":"https:\/\/content.carib-export.com\/fr\/resources\/training\/"},{"@type":"ListItem","position":4,"name":"Centres de d\u00e9veloppement des petites entreprises (SBDC)"}]},{"@type":"WebSite","@id":"https:\/\/content.carib-export.com\/fr\/#website","url":"https:\/\/content.carib-export.com\/fr\/","name":"Exportation Cara\u00efbes","description":"La seule agence r\u00e9gionale de promotion du commerce et des investissements du groupe Afrique, Cara\u00efbes et Pacifique.","publisher":{"@id":"https:\/\/content.carib-export.com\/fr\/#organization"},"potentialAction":[{"@type":"SearchAction","target":{"@type":"EntryPoint","urlTemplate":"https:\/\/content.carib-export.com\/fr\/?s={search_term_string}"},"query-input":{"@type":"PropertyValueSpecification","valueRequired":true,"valueName":"search_term_string"}}],"inLanguage":"fr-FR"},{"@type":"Organization","@id":"https:\/\/content.carib-export.com\/fr\/#organization","name":"Agence carib\u00e9enne de d\u00e9veloppement des exportations","url":"https:\/\/content.carib-export.com\/fr\/","logo":{"@type":"ImageObject","inLanguage":"fr-FR","@id":"https:\/\/content.carib-export.com\/fr\/#\/schema\/logo\/image\/","url":"https:\/\/content.carib-export.com\/wp-content\/uploads\/2013\/03\/CE-Logo-2013.jpg","contentUrl":"https:\/\/content.carib-export.com\/wp-content\/uploads\/2013\/03\/CE-Logo-2013.jpg","width":1024,"height":244,"caption":"Agence carib\u00e9enne de d\u00e9veloppement des exportations"},"image":{"@id":"https:\/\/content.carib-export.com\/fr\/#\/schema\/logo\/image\/"},"sameAs":["https:\/\/www.facebook.com\/CaribbeanExport","https:\/\/x.com\/CaribXport","https:\/\/www.instagram.com\/caribbeanexport","https:\/\/www.linkedin.com\/company\/caribbeanexport","https:\/\/www.youtube.com\/user\/TheCaribbeanExport"]}]}},"_links":{"self":[{"href":"https:\/\/content.carib-export.com\/fr\/wp-json\/wp\/v2\/pages\/270554","targetHints":{"allow":["GET"]}}],"collection":[{"href":"https:\/\/content.carib-export.com\/fr\/wp-json\/wp\/v2\/pages"}],"about":[{"href":"https:\/\/content.carib-export.com\/fr\/wp-json\/wp\/v2\/types\/page"}],"author":[{"embeddable":true,"href":"https:\/\/content.carib-export.com\/fr\/wp-json\/wp\/v2\/users\/3"}],"replies":[{"embeddable":true,"href":"https:\/\/content.carib-export.com\/fr\/wp-json\/wp\/v2\/comments?post=270554"}],"version-history":[{"count":0,"href":"https:\/\/content.carib-export.com\/fr\/wp-json\/wp\/v2\/pages\/270554\/revisions"}],"up":[{"embeddable":true,"href":"https:\/\/content.carib-export.com\/fr\/wp-json\/wp\/v2\/pages\/256311"}],"wp:attachment":[{"href":"https:\/\/content.carib-export.com\/fr\/wp-json\/wp\/v2\/media?parent=270554"}],"wp:term":[{"taxonomy":"post_tag","embeddable":true,"href":"https:\/\/content.carib-export.com\/fr\/wp-json\/wp\/v2\/tags?post=270554"}],"curies":[{"name":"wp","href":"https:\/\/api.w.org\/{rel}","templated":true}]}}