{"id":270633,"date":"2017-05-08T11:50:05","date_gmt":"2017-05-08T15:50:05","guid":{"rendered":"https:\/\/content.carib-export.com\/exporters\/training\/services-go-global\/"},"modified":"2025-02-06T13:14:26","modified_gmt":"2025-02-06T17:14:26","slug":"services-go-global","status":"publish","type":"page","link":"https:\/\/content.carib-export.com\/fr\/resources\/training\/services-go-global\/","title":{"rendered":"Les services deviennent mondiaux"},"content":{"rendered":"\n<p>Le programme Services Go Global (SGG) a \u00e9t\u00e9 d\u00e9velopp\u00e9 pour optimiser l&rsquo;exportation de services de la r\u00e9gion du CARIFORUM en renfor\u00e7ant la capacit\u00e9 des fournisseurs de services \u00e0 tirer parti des opportunit\u00e9s dans le cadre de l&rsquo;accord de partenariat \u00e9conomique (APE), du march\u00e9 unique de la CARICOM (MSC) et d&rsquo;autres tiers existants. Accords commerciaux; et \u00e9tablir un cadre de formateurs certifi\u00e9s pour la plate-forme SGG destin\u00e9e \u00e0 aider les PME du secteur des services.<\/p>\n\n<p>La pr\u00e9paration \u00e0 l&rsquo;exportation est l&rsquo;objectif ultime, car les participants sont guid\u00e9s \u00e0 travers une feuille de route en 4 \u00e9tapes, qui couvre 4 domaines cl\u00e9s :<\/p>\n\n<div style=\"height:40px\" aria-hidden=\"true\" class=\"wp-block-spacer\"><\/div>\n\n<ul class=\"wp-block-list\"><li><strong><strong>\u00ab\u00a0\u00c9tape 1, Pr\u00e9parer votre entreprise\u00a0\u00bb,<\/strong><\/strong> qui vise \u00e0 comprendre le commerce des services, \u00e0 \u00e9valuer la pr\u00e9paration \u00e0 l&rsquo;exportation et \u00e0 \u00e9laborer un plan d&rsquo;exportation ;<\/li><li><strong><strong>\u00ab\u00a0\u00c9tape 2, R\u00e9alisation d&rsquo;\u00e9tudes de march\u00e9\u00a0\u00bb<\/strong><\/strong> , y compris la recherche de march\u00e9s, de secteurs et la collecte d&rsquo;informations sur le march\u00e9 ;<\/li><li><strong><strong>\u00ab\u00a0\u00c9tape 3, \u00c9laboration d&rsquo;une strat\u00e9gie marketing\u00a0\u00bb<\/strong><\/strong> , y compris le d\u00e9marrage d&rsquo;un plan marketing, l&rsquo;\u00e9laboration d&rsquo;une strat\u00e9gie en ligne et la conqu\u00eate d&rsquo;affaires ; et<\/li><li><strong><strong>\u00ab\u00a0\u00c9tape 4, Entr\u00e9e sur le march\u00e9\u00a0\u00bb<\/strong><\/strong> qui passe en revue les options d&rsquo;entr\u00e9e sur le march\u00e9, le financement, la r\u00e9mun\u00e9ration, ainsi que les aspects contractuels et juridiques associ\u00e9s \u00e0 <strong>l&rsquo;exportation de services.<\/strong><\/li><\/ul>\n\n<div style=\"height:40px\" aria-hidden=\"true\" class=\"wp-block-spacer\"><\/div>\n\n<p>Les programmes de formation SGG se d\u00e9roulent en collaboration avec les BSO nationaux et les entreprises int\u00e9ress\u00e9es sont encourag\u00e9es \u00e0 rejoindre le programme dans leur pays. Visitez la <a href=\"https:\/\/content.carib-export.com\/events\/\">page de l&rsquo;\u00e9v\u00e9nement<\/a> pour trouver un cours dans votre pays ou contactez Allyson Francis &#8211; Sp\u00e9cialiste des services \u00e0 afrancis@carib-export.com<\/p>\n","protected":false},"excerpt":{"rendered":"<p>Le programme Services Go Global (SGG) a \u00e9t\u00e9 d\u00e9velopp\u00e9 pour optimiser l&rsquo;exportation de services de la r\u00e9gion du CARIFORUM en renfor\u00e7ant la capacit\u00e9 des fournisseurs de services \u00e0 tirer parti des opportunit\u00e9s dans le cadre de l&rsquo;accord de partenariat \u00e9conomique (APE), du march\u00e9 unique de la CARICOM (MSC) et d&rsquo;autres tiers existants. Accords commerciaux; et [&hellip;]<\/p>\n","protected":false},"author":3,"featured_media":0,"parent":256311,"menu_order":0,"comment_status":"closed","ping_status":"closed","template":"","meta":{"_acf_changed":false,"inline_featured_image":false,"footnotes":""},"tags":[11074,12911],"class_list":["post-270633","page","type-page","status-publish","hentry","tag-services-go-global-fr","tag-sgg-fr"],"acf":[],"yoast_head":"<!-- This site is optimized with the Yoast SEO plugin v27.1.1 - https:\/\/yoast.com\/product\/yoast-seo-wordpress\/ -->\n<title>de Les services deviennent mondiaux - Exportation Cara\u00efbes<\/title>\n<meta name=\"robots\" content=\"index, follow, max-snippet:-1, max-image-preview:large, max-video-preview:-1\" \/>\n<link rel=\"canonical\" href=\"https:\/\/content.carib-export.com\/fr\/resources\/training\/services-go-global\/\" \/>\n<meta property=\"og:locale\" content=\"fr_FR\" \/>\n<meta property=\"og:type\" content=\"article\" \/>\n<meta property=\"og:title\" content=\"de Les services deviennent mondiaux - Exportation Cara\u00efbes\" \/>\n<meta property=\"og:description\" content=\"Le programme Services Go Global (SGG) a \u00e9t\u00e9 d\u00e9velopp\u00e9 pour optimiser l&rsquo;exportation de services de la r\u00e9gion du CARIFORUM en renfor\u00e7ant la capacit\u00e9 des fournisseurs de services \u00e0 tirer parti des opportunit\u00e9s dans le cadre de l&rsquo;accord de partenariat \u00e9conomique (APE), du march\u00e9 unique de la CARICOM (MSC) et d&rsquo;autres tiers existants. Accords commerciaux; et [&hellip;]\" \/>\n<meta property=\"og:url\" content=\"https:\/\/content.carib-export.com\/fr\/resources\/training\/services-go-global\/\" \/>\n<meta property=\"og:site_name\" content=\"Exportation Cara\u00efbes\" \/>\n<meta property=\"article:publisher\" content=\"https:\/\/www.facebook.com\/CaribbeanExport\" \/>\n<meta property=\"article:modified_time\" content=\"2025-02-06T17:14:26+00:00\" \/>\n<meta property=\"og:image\" content=\"https:\/\/content.carib-export.com\/wp-content\/uploads\/2019\/06\/CEDA-default-square.jpg\" \/>\n\t<meta property=\"og:image:width\" content=\"1000\" \/>\n\t<meta property=\"og:image:height\" content=\"1000\" \/>\n\t<meta property=\"og:image:type\" content=\"image\/jpeg\" \/>\n<meta name=\"twitter:card\" content=\"summary_large_image\" \/>\n<meta name=\"twitter:site\" content=\"@CaribXport\" \/>\n<meta name=\"twitter:label1\" content=\"Dur\u00e9e de lecture estim\u00e9e\" \/>\n\t<meta name=\"twitter:data1\" content=\"1 minute\" \/>\n<script type=\"application\/ld+json\" class=\"yoast-schema-graph\">{\"@context\":\"https:\/\/schema.org\",\"@graph\":[{\"@type\":\"WebPage\",\"@id\":\"https:\/\/content.carib-export.com\/fr\/resources\/training\/services-go-global\/\",\"url\":\"https:\/\/content.carib-export.com\/fr\/resources\/training\/services-go-global\/\",\"name\":\"de Les services deviennent mondiaux - Exportation Cara\u00efbes\",\"isPartOf\":{\"@id\":\"https:\/\/content.carib-export.com\/fr\/#website\"},\"datePublished\":\"2017-05-08T15:50:05+00:00\",\"dateModified\":\"2025-02-06T17:14:26+00:00\",\"breadcrumb\":{\"@id\":\"https:\/\/content.carib-export.com\/fr\/resources\/training\/services-go-global\/#breadcrumb\"},\"inLanguage\":\"fr-FR\",\"potentialAction\":[{\"@type\":\"ReadAction\",\"target\":[\"https:\/\/content.carib-export.com\/fr\/resources\/training\/services-go-global\/\"]}]},{\"@type\":\"BreadcrumbList\",\"@id\":\"https:\/\/content.carib-export.com\/fr\/resources\/training\/services-go-global\/#breadcrumb\",\"itemListElement\":[{\"@type\":\"ListItem\",\"position\":1,\"name\":\"Accueil\",\"item\":\"https:\/\/content.carib-export.com\/fr\/home\/\"},{\"@type\":\"ListItem\",\"position\":2,\"name\":\"Ressources\",\"item\":\"https:\/\/content.carib-export.com\/fr\/resources\/\"},{\"@type\":\"ListItem\",\"position\":3,\"name\":\"Entra\u00eenement\",\"item\":\"https:\/\/content.carib-export.com\/fr\/resources\/training\/\"},{\"@type\":\"ListItem\",\"position\":4,\"name\":\"Les services deviennent mondiaux\"}]},{\"@type\":\"WebSite\",\"@id\":\"https:\/\/content.carib-export.com\/fr\/#website\",\"url\":\"https:\/\/content.carib-export.com\/fr\/\",\"name\":\"Exportation Cara\u00efbes\",\"description\":\"La seule agence r\u00e9gionale de promotion du commerce et des investissements du groupe Afrique, Cara\u00efbes et Pacifique.\",\"publisher\":{\"@id\":\"https:\/\/content.carib-export.com\/fr\/#organization\"},\"potentialAction\":[{\"@type\":\"SearchAction\",\"target\":{\"@type\":\"EntryPoint\",\"urlTemplate\":\"https:\/\/content.carib-export.com\/fr\/?s={search_term_string}\"},\"query-input\":{\"@type\":\"PropertyValueSpecification\",\"valueRequired\":true,\"valueName\":\"search_term_string\"}}],\"inLanguage\":\"fr-FR\"},{\"@type\":\"Organization\",\"@id\":\"https:\/\/content.carib-export.com\/fr\/#organization\",\"name\":\"Agence carib\u00e9enne de d\u00e9veloppement des exportations\",\"url\":\"https:\/\/content.carib-export.com\/fr\/\",\"logo\":{\"@type\":\"ImageObject\",\"inLanguage\":\"fr-FR\",\"@id\":\"https:\/\/content.carib-export.com\/fr\/#\/schema\/logo\/image\/\",\"url\":\"https:\/\/content.carib-export.com\/wp-content\/uploads\/2013\/03\/CE-Logo-2013.jpg\",\"contentUrl\":\"https:\/\/content.carib-export.com\/wp-content\/uploads\/2013\/03\/CE-Logo-2013.jpg\",\"width\":1024,\"height\":244,\"caption\":\"Agence carib\u00e9enne de d\u00e9veloppement des exportations\"},\"image\":{\"@id\":\"https:\/\/content.carib-export.com\/fr\/#\/schema\/logo\/image\/\"},\"sameAs\":[\"https:\/\/www.facebook.com\/CaribbeanExport\",\"https:\/\/x.com\/CaribXport\",\"https:\/\/www.instagram.com\/caribbeanexport\",\"https:\/\/www.linkedin.com\/company\/caribbeanexport\",\"https:\/\/www.youtube.com\/user\/TheCaribbeanExport\"]}]}<\/script>\n<!-- \/ Yoast SEO plugin. -->","yoast_head_json":{"title":"de Les services deviennent mondiaux - Exportation Cara\u00efbes","robots":{"index":"index","follow":"follow","max-snippet":"max-snippet:-1","max-image-preview":"max-image-preview:large","max-video-preview":"max-video-preview:-1"},"canonical":"https:\/\/content.carib-export.com\/fr\/resources\/training\/services-go-global\/","og_locale":"fr_FR","og_type":"article","og_title":"de Les services deviennent mondiaux - Exportation Cara\u00efbes","og_description":"Le programme Services Go Global (SGG) a \u00e9t\u00e9 d\u00e9velopp\u00e9 pour optimiser l&rsquo;exportation de services de la r\u00e9gion du CARIFORUM en renfor\u00e7ant la capacit\u00e9 des fournisseurs de services \u00e0 tirer parti des opportunit\u00e9s dans le cadre de l&rsquo;accord de partenariat \u00e9conomique (APE), du march\u00e9 unique de la CARICOM (MSC) et d&rsquo;autres tiers existants. Accords commerciaux; et [&hellip;]","og_url":"https:\/\/content.carib-export.com\/fr\/resources\/training\/services-go-global\/","og_site_name":"Exportation Cara\u00efbes","article_publisher":"https:\/\/www.facebook.com\/CaribbeanExport","article_modified_time":"2025-02-06T17:14:26+00:00","og_image":[{"width":1000,"height":1000,"url":"https:\/\/content.carib-export.com\/wp-content\/uploads\/2019\/06\/CEDA-default-square.jpg","type":"image\/jpeg"}],"twitter_card":"summary_large_image","twitter_site":"@CaribXport","twitter_misc":{"Dur\u00e9e de lecture estim\u00e9e":"1 minute"},"schema":{"@context":"https:\/\/schema.org","@graph":[{"@type":"WebPage","@id":"https:\/\/content.carib-export.com\/fr\/resources\/training\/services-go-global\/","url":"https:\/\/content.carib-export.com\/fr\/resources\/training\/services-go-global\/","name":"de Les services deviennent mondiaux - Exportation Cara\u00efbes","isPartOf":{"@id":"https:\/\/content.carib-export.com\/fr\/#website"},"datePublished":"2017-05-08T15:50:05+00:00","dateModified":"2025-02-06T17:14:26+00:00","breadcrumb":{"@id":"https:\/\/content.carib-export.com\/fr\/resources\/training\/services-go-global\/#breadcrumb"},"inLanguage":"fr-FR","potentialAction":[{"@type":"ReadAction","target":["https:\/\/content.carib-export.com\/fr\/resources\/training\/services-go-global\/"]}]},{"@type":"BreadcrumbList","@id":"https:\/\/content.carib-export.com\/fr\/resources\/training\/services-go-global\/#breadcrumb","itemListElement":[{"@type":"ListItem","position":1,"name":"Accueil","item":"https:\/\/content.carib-export.com\/fr\/home\/"},{"@type":"ListItem","position":2,"name":"Ressources","item":"https:\/\/content.carib-export.com\/fr\/resources\/"},{"@type":"ListItem","position":3,"name":"Entra\u00eenement","item":"https:\/\/content.carib-export.com\/fr\/resources\/training\/"},{"@type":"ListItem","position":4,"name":"Les services deviennent mondiaux"}]},{"@type":"WebSite","@id":"https:\/\/content.carib-export.com\/fr\/#website","url":"https:\/\/content.carib-export.com\/fr\/","name":"Exportation Cara\u00efbes","description":"La seule agence r\u00e9gionale de promotion du commerce et des investissements du groupe Afrique, Cara\u00efbes et Pacifique.","publisher":{"@id":"https:\/\/content.carib-export.com\/fr\/#organization"},"potentialAction":[{"@type":"SearchAction","target":{"@type":"EntryPoint","urlTemplate":"https:\/\/content.carib-export.com\/fr\/?s={search_term_string}"},"query-input":{"@type":"PropertyValueSpecification","valueRequired":true,"valueName":"search_term_string"}}],"inLanguage":"fr-FR"},{"@type":"Organization","@id":"https:\/\/content.carib-export.com\/fr\/#organization","name":"Agence carib\u00e9enne de d\u00e9veloppement des exportations","url":"https:\/\/content.carib-export.com\/fr\/","logo":{"@type":"ImageObject","inLanguage":"fr-FR","@id":"https:\/\/content.carib-export.com\/fr\/#\/schema\/logo\/image\/","url":"https:\/\/content.carib-export.com\/wp-content\/uploads\/2013\/03\/CE-Logo-2013.jpg","contentUrl":"https:\/\/content.carib-export.com\/wp-content\/uploads\/2013\/03\/CE-Logo-2013.jpg","width":1024,"height":244,"caption":"Agence carib\u00e9enne de d\u00e9veloppement des exportations"},"image":{"@id":"https:\/\/content.carib-export.com\/fr\/#\/schema\/logo\/image\/"},"sameAs":["https:\/\/www.facebook.com\/CaribbeanExport","https:\/\/x.com\/CaribXport","https:\/\/www.instagram.com\/caribbeanexport","https:\/\/www.linkedin.com\/company\/caribbeanexport","https:\/\/www.youtube.com\/user\/TheCaribbeanExport"]}]}},"_links":{"self":[{"href":"https:\/\/content.carib-export.com\/fr\/wp-json\/wp\/v2\/pages\/270633","targetHints":{"allow":["GET"]}}],"collection":[{"href":"https:\/\/content.carib-export.com\/fr\/wp-json\/wp\/v2\/pages"}],"about":[{"href":"https:\/\/content.carib-export.com\/fr\/wp-json\/wp\/v2\/types\/page"}],"author":[{"embeddable":true,"href":"https:\/\/content.carib-export.com\/fr\/wp-json\/wp\/v2\/users\/3"}],"replies":[{"embeddable":true,"href":"https:\/\/content.carib-export.com\/fr\/wp-json\/wp\/v2\/comments?post=270633"}],"version-history":[{"count":0,"href":"https:\/\/content.carib-export.com\/fr\/wp-json\/wp\/v2\/pages\/270633\/revisions"}],"up":[{"embeddable":true,"href":"https:\/\/content.carib-export.com\/fr\/wp-json\/wp\/v2\/pages\/256311"}],"wp:attachment":[{"href":"https:\/\/content.carib-export.com\/fr\/wp-json\/wp\/v2\/media?parent=270633"}],"wp:term":[{"taxonomy":"post_tag","embeddable":true,"href":"https:\/\/content.carib-export.com\/fr\/wp-json\/wp\/v2\/tags?post=270633"}],"curies":[{"name":"wp","href":"https:\/\/api.w.org\/{rel}","templated":true}]}}