{"id":270668,"date":"2012-12-06T15:25:44","date_gmt":"2012-12-06T19:25:44","guid":{"rendered":"https:\/\/content.carib-export.com\/exporters\/training\/export-training\/"},"modified":"2025-02-06T13:16:52","modified_gmt":"2025-02-06T17:16:52","slug":"export-training","status":"publish","type":"page","link":"https:\/\/content.carib-export.com\/fr\/resources\/training\/export-training\/","title":{"rendered":"Formation ProNET"},"content":{"rendered":"\n<p>Caribbean Export, en partenariat avec la Deutsche Gesellschaft fur Internationale Zusammenarbeit (GIZ), propose une formation ProNET aux petites et moyennes entreprises (PME). En collaboration avec les organisations locales de soutien aux entreprises (OSB), ces programmes de formation sont con\u00e7us pour fournir une formation de renforcement institutionnel et de marketing \u00e0 l&rsquo;exportation au secteur des PME, am\u00e9liorant ainsi leurs comp\u00e9tences commerciales de base tout en augmentant leur productivit\u00e9 et leur comp\u00e9titivit\u00e9. L&rsquo;objectif final de ces formations est de pr\u00e9parer les entreprises r\u00e9gionales \u00e0 l&rsquo;exportation et de les positionner pour tirer parti des opportunit\u00e9s disponibles dans le cadre de l&rsquo;accord de partenariat \u00e9conomique (APE).<\/p>\n\n<h2 class=\"wp-block-heading\">ProNET &#8211; Un programme de formation en gestion d&rsquo;entreprise pour les petites et moyennes entreprises<\/h2>\n\n<p>ProNet est un programme de formation pour les propri\u00e9taires de PME qui souhaitent d\u00e9velopper leur entreprise et devenir plus comp\u00e9titifs. Les PME sont d\u00e9finies comme des entreprises comptant plus de 5 mais moins de 25 salari\u00e9s. Le programme est actuellement con\u00e7u pour les entreprises manufacturi\u00e8res et pr\u00e9voit de l&rsquo;\u00e9tendre aux entreprises du secteur des services.<\/p>\n\n<h2 class=\"wp-block-heading\">Modules ProNET et formateurs certifi\u00e9s<\/h2>\n\n<figure class=\"wp-block-flexible-table-block-table is-scroll-on-mobile is-style-default\"><table class=\"has-fixed-layout\" style=\"border-collapse:collapse;width:100%;border-width:0\"><thead><tr><th style=\"border-style:solid;border-color:#abb8c3;text-align:left;vertical-align:top\">Module<\/th><th style=\"border-style:solid;vertical-align:top;text-align:left;border-color:#abb8c3\">Trainer<\/th><th style=\"text-align:left;vertical-align:top;border-color:#abb8c3;border-style:solid\">Country<\/th><\/tr><\/thead><tbody><tr><td rowspan=\"5\" style=\"border-style:solid;text-align:left;vertical-align:top;border-color:#abb8c3\">1- Business Strategy<\/td><td style=\"text-align:left;border-style:solid;border-color:#abb8c3\">Colin Porter<\/td><td style=\"text-align:left;vertical-align:top;border-color:#abb8c3;border-style:solid\">Jamaica<\/td><\/tr><tr><td style=\"text-align:left;border-style:solid;border-color:#abb8c3\">Maxine Harris<\/td><td style=\"text-align:left;vertical-align:top;border-color:#abb8c3;border-style:solid\">Jamaica<\/td><\/tr><tr><td style=\"text-align:left;border-style:solid;border-color:#abb8c3\">Kamesha Turner<\/td><td style=\"text-align:left;vertical-align:top;border-color:#abb8c3;border-style:solid\">Jamaica<\/td><\/tr><tr><td style=\"text-align:left;border-style:solid;border-color:#abb8c3\">Ramesh Ramdeen<\/td><td style=\"text-align:left;vertical-align:top;border-color:#abb8c3;border-style:solid\">Trinidad<\/td><\/tr><tr><td style=\"text-align:left;border-style:solid;border-color:#abb8c3\">Joy Francis<\/td><td style=\"text-align:left;vertical-align:top;border-radius:10px;border-color:#abb8c3;border-style:solid\">Trinidad<\/td><\/tr><tr><td rowspan=\"3\" style=\"text-align:left;vertical-align:top;border-color:#abb8c3;border-style:solid\">2-Quality Management<\/td><td style=\"text-align:left;vertical-align:top;border-color:#abb8c3;border-style:solid\">Nsombi Jaja<\/td><td style=\"text-align:left;vertical-align:top;border-color:#abb8c3;border-style:solid\">Jamaica<\/td><\/tr><tr><td style=\"text-align:left;border-color:#abb8c3;border-style:solid\">Cheryl Collymore<\/td><td style=\"text-align:left;vertical-align:top;border-color:#abb8c3;border-style:solid\">Barbados<\/td><\/tr><tr><td style=\"text-align:left;border-color:#abb8c3;border-style:solid\">Sheryl Mullings<\/td><td style=\"text-align:left;vertical-align:top;border-color:#abb8c3;border-style:solid\">Jamaica<\/td><\/tr><tr><td rowspan=\"2\" style=\"text-align:left;vertical-align:top;border-style:solid;border-color:#abb8c3\">3-Production Management<br><br><\/td><td style=\"text-align:left;vertical-align:top;border-style:solid;border-color:#abb8c3\">Donald Demeritte<\/td><td style=\"text-align:left;vertical-align:top;border-color:#abb8c3;border-style:solid\">Bahamas<\/td><\/tr><tr><td style=\"text-align:left;vertical-align:top;border-color:#abb8c3;border-style:solid\">Wilma Dandel<\/td><td style=\"text-align:left;vertical-align:top;border-color:#abb8c3;border-style:solid\">Bahamas<\/td><\/tr><tr><td rowspan=\"3\" style=\"text-align:left;vertical-align:top;border-style:solid;border-color:#abb8c3\">4-Resources Management<\/td><td style=\"border-style:solid;border-color:#abb8c3\">Paula Calderon<\/td><td style=\"border-color:#abb8c3;border-style:solid\">St. Lucia<\/td><\/tr><tr><td style=\"border-style:solid;text-align:left;vertical-align:top;border-color:#abb8c3\">Nsombi Jaja<\/td><td style=\"text-align:left;vertical-align:top;border-color:#abb8c3;border-style:solid\">Jamaica<\/td><\/tr><tr><td style=\"text-align:left;vertical-align:top;border-color:#abb8c3;border-style:solid\">Cheryl Collymore<\/td><td style=\"text-align:left;vertical-align:top;border-color:#abb8c3;border-style:solid\">Barbados<\/td><\/tr><tr><td rowspan=\"2\" style=\"text-align:left;vertical-align:top;border-style:solid;border-color:#abb8c3\">5-Product Development<\/td><td style=\"text-align:left;border-style:solid;border-color:#abb8c3\">Ramesh Ramdeen<\/td><td style=\"text-align:left;vertical-align:top;border-color:#abb8c3;border-style:solid\">Trinidad<\/td><\/tr><tr><td style=\"border-style:solid;border-color:#abb8c3;text-align:left;vertical-align:top\">Joy Francis<\/td><td style=\"border-color:#abb8c3;text-align:left;vertical-align:top;border-style:solid\">Trinidad<\/td><\/tr><tr><td rowspan=\"4\" style=\"border-style:solid;border-color:#abb8c3;text-align:left;vertical-align:top\">6-Information and Knowledge Management<\/td><td style=\"border-style:solid;border-color:#abb8c3;text-align:left;vertical-align:top\">Cosbert Manchester<\/td><td style=\"border-color:#abb8c3;text-align:left;vertical-align:top;border-style:solid\">St. Kitts and Nevis<\/td><\/tr><tr><td style=\"border-style:solid;border-color:#abb8c3;text-align:left;vertical-align:top\">Tonya Cargill-Adderly<\/td><td style=\"border-color:#abb8c3;text-align:left;vertical-align:top;border-style:solid\">Bahamas<\/td><\/tr><tr><td style=\"border-style:solid;border-color:#abb8c3;text-align:left;vertical-align:top\">Nsombi Jaja<\/td><td style=\"border-color:#abb8c3;text-align:left;vertical-align:top;border-style:solid\">Jamaica<\/td><\/tr><tr><td style=\"border-style:solid;border-color:#abb8c3;text-align:left;vertical-align:top\">Valda Henry<\/td><td style=\"border-color:#abb8c3;text-align:left;vertical-align:top;border-style:solid\">Dominica<\/td><\/tr><tr><td rowspan=\"3\" style=\"border-style:solid;border-color:#abb8c3;text-align:left;vertical-align:top\">7-HR Management<\/td><td style=\"border-style:solid;border-color:#abb8c3;text-align:left;vertical-align:top\">Beverly Burke<\/td><td style=\"border-color:#abb8c3;text-align:left;vertical-align:top;border-style:solid\">Belize<\/td><\/tr><tr><td style=\"border-style:solid;border-color:#abb8c3;text-align:left;vertical-align:top\">Colin Porter<\/td><td style=\"border-color:#abb8c3;text-align:left;vertical-align:top;border-style:solid\">Jamaica<\/td><\/tr><tr><td style=\"border-style:solid;border-color:#abb8c3;text-align:left;vertical-align:top\">Maxine Harris<\/td><td style=\"border-color:#abb8c3;text-align:left;vertical-align:top;border-style:solid\">Jamaica<\/td><\/tr><tr><td rowspan=\"5\" style=\"border-style:solid;border-color:#abb8c3;text-align:left;vertical-align:top\">8-Cost and Financial Management<\/td><td style=\"border-style:solid;border-color:#abb8c3;text-align:left;vertical-align:top\">Donald Demeritte<\/td><td style=\"border-color:#abb8c3;text-align:left;vertical-align:top;border-style:solid\">Bahamas<\/td><\/tr><tr><td style=\"border-style:solid;border-color:#abb8c3;text-align:left;vertical-align:top\">Beverly Burke<\/td><td style=\"border-color:#abb8c3;text-align:left;vertical-align:top;border-style:solid\">Belize<\/td><\/tr><tr><td style=\"border-style:solid;border-color:#abb8c3;text-align:left;vertical-align:top\">Colin Porter<\/td><td style=\"border-color:#abb8c3;text-align:left;vertical-align:top;border-style:solid\">Jamaica<\/td><\/tr><tr><td style=\"border-style:solid;border-color:#abb8c3\">Kamesha Turner<\/td><td style=\"border-color:#abb8c3;border-style:solid\">Jamaica<\/td><\/tr><tr><td style=\"border-style:solid;text-align:left;vertical-align:top;border-color:#abb8c3\">Wilma Dandel<\/td><td style=\"text-align:left;vertical-align:top;border-color:#abb8c3;border-style:solid\">Suriname<\/td><\/tr><tr><td rowspan=\"14\" style=\"border-style:solid;border-color:#abb8c3;text-align:left;vertical-align:top\">9-Export Marketing<\/td><td style=\"border-style:solid;border-color:#abb8c3;text-align:left;vertical-align:top\">Donald Demeritte<\/td><td style=\"border-color:#abb8c3;text-align:left;vertical-align:top;border-style:solid\">Bahamas<\/td><\/tr><tr><td style=\"text-align:left;vertical-align:top;border-style:solid;border-color:#abb8c3\">Beverly Burke<\/td><td style=\"text-align:left;vertical-align:top;border-color:#abb8c3;border-style:solid\">Belize<\/td><\/tr><tr><td style=\"border-color:#abb8c3;border-style:solid\">Gail Defoe<\/td><td style=\"border-color:#abb8c3;border-style:solid\">Dominica<\/td><\/tr><tr><td style=\"border-style:solid;border-color:#abb8c3;text-align:left;vertical-align:top\">Shameilla Moses<\/td><td style=\"border-color:#abb8c3;text-align:left;vertical-align:top;border-style:solid\">Grenada<\/td><\/tr><tr><td style=\"border-style:solid;border-color:#abb8c3;text-align:left;vertical-align:top\">Colin Porter<\/td><td style=\"border-color:#abb8c3;text-align:left;vertical-align:top;border-style:solid\">Jamaica<\/td><\/tr><tr><td style=\"border-style:solid;border-color:#abb8c3;text-align:left;vertical-align:top\">Camille Beckford-Scott<\/td><td style=\"border-color:#abb8c3;text-align:left;vertical-align:top;border-style:solid\">Jamaica<\/td><\/tr><tr><td style=\"border-style:solid;border-color:#abb8c3;text-align:left;vertical-align:top\">Maxine Harris<\/td><td style=\"border-color:#abb8c3;text-align:left;vertical-align:top;border-style:solid\">Jamaica<\/td><\/tr><tr><td style=\"border-style:solid;border-color:#abb8c3;text-align:left;vertical-align:top\">Junia Belizaire<\/td><td style=\"border-color:#abb8c3;text-align:left;vertical-align:top;border-style:solid\">St. Lucia<\/td><\/tr><tr><td style=\"border-style:solid;border-color:#abb8c3;text-align:left;vertical-align:top\">Renee de Myers<\/td><td style=\"border-color:#abb8c3;text-align:left;vertical-align:top;border-style:solid\">St. Luci<\/td><\/tr><tr><td style=\"border-style:solid;border-color:#abb8c3;text-align:left;vertical-align:top\">Wilma Dandel<\/td><td style=\"border-color:#abb8c3;text-align:left;vertical-align:top;border-style:solid\">Suriname<\/td><\/tr><tr><td style=\"border-style:solid;border-color:#abb8c3;text-align:left;vertical-align:top\">Ramesh Ramdeen<\/td><td style=\"border-color:#abb8c3;text-align:left;vertical-align:top;border-style:solid\">Trinidad<\/td><\/tr><tr><td style=\"border-style:solid;border-color:#abb8c3;text-align:left;vertical-align:top\">Elka Scheker<\/td><td style=\"border-color:#abb8c3;text-align:left;vertical-align:top;border-style:solid\">Dominican Republic<\/td><\/tr><tr><td style=\"text-align:left;vertical-align:top;border-color:#abb8c3;border-style:solid\">Glady Pimentel<\/td><td style=\"text-align:left;vertical-align:top;border-color:#abb8c3;border-style:solid\">Dominican Republic<\/td><\/tr><tr><td style=\"border-style:solid;border-color:#abb8c3;text-align:left;vertical-align:top\">Milagros Puello<\/td><td style=\"border-color:#abb8c3;text-align:left;vertical-align:top;border-style:solid\">Dominican Republic<\/td><\/tr><\/tbody><\/table><\/figure>\n\n<div style=\"height:40px\" aria-hidden=\"true\" class=\"wp-block-spacer\"><\/div>\n\n<p>Pour plus d&rsquo;informations sur ce programme, contactez Natasha Edwin-Walcott de Caribbean Export tel : +1 246 436 0578 ; email: <a href=\"mailto:nwalcott@carib-export.com\">nwalcott@carib-export.com<\/a><\/p>\n","protected":false},"excerpt":{"rendered":"<p>Caribbean Export, en partenariat avec la Deutsche Gesellschaft fur Internationale Zusammenarbeit (GIZ), propose une formation ProNET aux petites et moyennes entreprises (PME).<\/p>\n","protected":false},"author":3,"featured_media":0,"parent":256311,"menu_order":0,"comment_status":"closed","ping_status":"closed","template":"","meta":{"_acf_changed":false,"inline_featured_image":false,"footnotes":""},"tags":[],"class_list":["post-270668","page","type-page","status-publish","hentry"],"acf":[],"yoast_head":"<!-- This site is optimized with the Yoast SEO plugin v27.1.1 - https:\/\/yoast.com\/product\/yoast-seo-wordpress\/ -->\n<title>de Formation ProNET - Exportation Cara\u00efbes<\/title>\n<meta name=\"robots\" content=\"index, follow, max-snippet:-1, max-image-preview:large, max-video-preview:-1\" \/>\n<link rel=\"canonical\" href=\"https:\/\/content.carib-export.com\/fr\/resources\/training\/export-training\/\" \/>\n<meta property=\"og:locale\" content=\"fr_FR\" \/>\n<meta property=\"og:type\" content=\"article\" \/>\n<meta property=\"og:title\" content=\"de Formation ProNET - Exportation Cara\u00efbes\" \/>\n<meta property=\"og:description\" content=\"Caribbean Export, en partenariat avec la Deutsche Gesellschaft fur Internationale Zusammenarbeit (GIZ), propose une formation ProNET aux petites et moyennes entreprises (PME).\" \/>\n<meta property=\"og:url\" content=\"https:\/\/content.carib-export.com\/fr\/resources\/training\/export-training\/\" \/>\n<meta property=\"og:site_name\" content=\"Exportation Cara\u00efbes\" \/>\n<meta property=\"article:publisher\" content=\"https:\/\/www.facebook.com\/CaribbeanExport\" \/>\n<meta property=\"article:modified_time\" content=\"2025-02-06T17:16:52+00:00\" \/>\n<meta property=\"og:image\" content=\"https:\/\/content.carib-export.com\/wp-content\/uploads\/2019\/06\/CEDA-default-square.jpg\" \/>\n\t<meta property=\"og:image:width\" content=\"1000\" \/>\n\t<meta property=\"og:image:height\" content=\"1000\" \/>\n\t<meta property=\"og:image:type\" content=\"image\/jpeg\" \/>\n<meta name=\"twitter:card\" content=\"summary_large_image\" \/>\n<meta name=\"twitter:site\" content=\"@CaribXport\" \/>\n<meta name=\"twitter:label1\" content=\"Dur\u00e9e de lecture estim\u00e9e\" \/>\n\t<meta name=\"twitter:data1\" content=\"1 minute\" \/>\n<script type=\"application\/ld+json\" class=\"yoast-schema-graph\">{\"@context\":\"https:\/\/schema.org\",\"@graph\":[{\"@type\":\"WebPage\",\"@id\":\"https:\/\/content.carib-export.com\/fr\/resources\/training\/export-training\/\",\"url\":\"https:\/\/content.carib-export.com\/fr\/resources\/training\/export-training\/\",\"name\":\"de Formation ProNET - Exportation Cara\u00efbes\",\"isPartOf\":{\"@id\":\"https:\/\/content.carib-export.com\/fr\/#website\"},\"datePublished\":\"2012-12-06T19:25:44+00:00\",\"dateModified\":\"2025-02-06T17:16:52+00:00\",\"breadcrumb\":{\"@id\":\"https:\/\/content.carib-export.com\/fr\/resources\/training\/export-training\/#breadcrumb\"},\"inLanguage\":\"fr-FR\",\"potentialAction\":[{\"@type\":\"ReadAction\",\"target\":[\"https:\/\/content.carib-export.com\/fr\/resources\/training\/export-training\/\"]}]},{\"@type\":\"BreadcrumbList\",\"@id\":\"https:\/\/content.carib-export.com\/fr\/resources\/training\/export-training\/#breadcrumb\",\"itemListElement\":[{\"@type\":\"ListItem\",\"position\":1,\"name\":\"Accueil\",\"item\":\"https:\/\/content.carib-export.com\/fr\/home\/\"},{\"@type\":\"ListItem\",\"position\":2,\"name\":\"Ressources\",\"item\":\"https:\/\/content.carib-export.com\/fr\/resources\/\"},{\"@type\":\"ListItem\",\"position\":3,\"name\":\"Entra\u00eenement\",\"item\":\"https:\/\/content.carib-export.com\/fr\/resources\/training\/\"},{\"@type\":\"ListItem\",\"position\":4,\"name\":\"Formation ProNET\"}]},{\"@type\":\"WebSite\",\"@id\":\"https:\/\/content.carib-export.com\/fr\/#website\",\"url\":\"https:\/\/content.carib-export.com\/fr\/\",\"name\":\"Exportation Cara\u00efbes\",\"description\":\"La seule agence r\u00e9gionale de promotion du commerce et des investissements du groupe Afrique, Cara\u00efbes et Pacifique.\",\"publisher\":{\"@id\":\"https:\/\/content.carib-export.com\/fr\/#organization\"},\"potentialAction\":[{\"@type\":\"SearchAction\",\"target\":{\"@type\":\"EntryPoint\",\"urlTemplate\":\"https:\/\/content.carib-export.com\/fr\/?s={search_term_string}\"},\"query-input\":{\"@type\":\"PropertyValueSpecification\",\"valueRequired\":true,\"valueName\":\"search_term_string\"}}],\"inLanguage\":\"fr-FR\"},{\"@type\":\"Organization\",\"@id\":\"https:\/\/content.carib-export.com\/fr\/#organization\",\"name\":\"Agence carib\u00e9enne de d\u00e9veloppement des exportations\",\"url\":\"https:\/\/content.carib-export.com\/fr\/\",\"logo\":{\"@type\":\"ImageObject\",\"inLanguage\":\"fr-FR\",\"@id\":\"https:\/\/content.carib-export.com\/fr\/#\/schema\/logo\/image\/\",\"url\":\"https:\/\/content.carib-export.com\/wp-content\/uploads\/2013\/03\/CE-Logo-2013.jpg\",\"contentUrl\":\"https:\/\/content.carib-export.com\/wp-content\/uploads\/2013\/03\/CE-Logo-2013.jpg\",\"width\":1024,\"height\":244,\"caption\":\"Agence carib\u00e9enne de d\u00e9veloppement des exportations\"},\"image\":{\"@id\":\"https:\/\/content.carib-export.com\/fr\/#\/schema\/logo\/image\/\"},\"sameAs\":[\"https:\/\/www.facebook.com\/CaribbeanExport\",\"https:\/\/x.com\/CaribXport\",\"https:\/\/www.instagram.com\/caribbeanexport\",\"https:\/\/www.linkedin.com\/company\/caribbeanexport\",\"https:\/\/www.youtube.com\/user\/TheCaribbeanExport\"]}]}<\/script>\n<!-- \/ Yoast SEO plugin. -->","yoast_head_json":{"title":"de Formation ProNET - Exportation Cara\u00efbes","robots":{"index":"index","follow":"follow","max-snippet":"max-snippet:-1","max-image-preview":"max-image-preview:large","max-video-preview":"max-video-preview:-1"},"canonical":"https:\/\/content.carib-export.com\/fr\/resources\/training\/export-training\/","og_locale":"fr_FR","og_type":"article","og_title":"de Formation ProNET - Exportation Cara\u00efbes","og_description":"Caribbean Export, en partenariat avec la Deutsche Gesellschaft fur Internationale Zusammenarbeit (GIZ), propose une formation ProNET aux petites et moyennes entreprises (PME).","og_url":"https:\/\/content.carib-export.com\/fr\/resources\/training\/export-training\/","og_site_name":"Exportation Cara\u00efbes","article_publisher":"https:\/\/www.facebook.com\/CaribbeanExport","article_modified_time":"2025-02-06T17:16:52+00:00","og_image":[{"width":1000,"height":1000,"url":"https:\/\/content.carib-export.com\/wp-content\/uploads\/2019\/06\/CEDA-default-square.jpg","type":"image\/jpeg"}],"twitter_card":"summary_large_image","twitter_site":"@CaribXport","twitter_misc":{"Dur\u00e9e de lecture estim\u00e9e":"1 minute"},"schema":{"@context":"https:\/\/schema.org","@graph":[{"@type":"WebPage","@id":"https:\/\/content.carib-export.com\/fr\/resources\/training\/export-training\/","url":"https:\/\/content.carib-export.com\/fr\/resources\/training\/export-training\/","name":"de Formation ProNET - Exportation Cara\u00efbes","isPartOf":{"@id":"https:\/\/content.carib-export.com\/fr\/#website"},"datePublished":"2012-12-06T19:25:44+00:00","dateModified":"2025-02-06T17:16:52+00:00","breadcrumb":{"@id":"https:\/\/content.carib-export.com\/fr\/resources\/training\/export-training\/#breadcrumb"},"inLanguage":"fr-FR","potentialAction":[{"@type":"ReadAction","target":["https:\/\/content.carib-export.com\/fr\/resources\/training\/export-training\/"]}]},{"@type":"BreadcrumbList","@id":"https:\/\/content.carib-export.com\/fr\/resources\/training\/export-training\/#breadcrumb","itemListElement":[{"@type":"ListItem","position":1,"name":"Accueil","item":"https:\/\/content.carib-export.com\/fr\/home\/"},{"@type":"ListItem","position":2,"name":"Ressources","item":"https:\/\/content.carib-export.com\/fr\/resources\/"},{"@type":"ListItem","position":3,"name":"Entra\u00eenement","item":"https:\/\/content.carib-export.com\/fr\/resources\/training\/"},{"@type":"ListItem","position":4,"name":"Formation ProNET"}]},{"@type":"WebSite","@id":"https:\/\/content.carib-export.com\/fr\/#website","url":"https:\/\/content.carib-export.com\/fr\/","name":"Exportation Cara\u00efbes","description":"La seule agence r\u00e9gionale de promotion du commerce et des investissements du groupe Afrique, Cara\u00efbes et Pacifique.","publisher":{"@id":"https:\/\/content.carib-export.com\/fr\/#organization"},"potentialAction":[{"@type":"SearchAction","target":{"@type":"EntryPoint","urlTemplate":"https:\/\/content.carib-export.com\/fr\/?s={search_term_string}"},"query-input":{"@type":"PropertyValueSpecification","valueRequired":true,"valueName":"search_term_string"}}],"inLanguage":"fr-FR"},{"@type":"Organization","@id":"https:\/\/content.carib-export.com\/fr\/#organization","name":"Agence carib\u00e9enne de d\u00e9veloppement des exportations","url":"https:\/\/content.carib-export.com\/fr\/","logo":{"@type":"ImageObject","inLanguage":"fr-FR","@id":"https:\/\/content.carib-export.com\/fr\/#\/schema\/logo\/image\/","url":"https:\/\/content.carib-export.com\/wp-content\/uploads\/2013\/03\/CE-Logo-2013.jpg","contentUrl":"https:\/\/content.carib-export.com\/wp-content\/uploads\/2013\/03\/CE-Logo-2013.jpg","width":1024,"height":244,"caption":"Agence carib\u00e9enne de d\u00e9veloppement des exportations"},"image":{"@id":"https:\/\/content.carib-export.com\/fr\/#\/schema\/logo\/image\/"},"sameAs":["https:\/\/www.facebook.com\/CaribbeanExport","https:\/\/x.com\/CaribXport","https:\/\/www.instagram.com\/caribbeanexport","https:\/\/www.linkedin.com\/company\/caribbeanexport","https:\/\/www.youtube.com\/user\/TheCaribbeanExport"]}]}},"_links":{"self":[{"href":"https:\/\/content.carib-export.com\/fr\/wp-json\/wp\/v2\/pages\/270668","targetHints":{"allow":["GET"]}}],"collection":[{"href":"https:\/\/content.carib-export.com\/fr\/wp-json\/wp\/v2\/pages"}],"about":[{"href":"https:\/\/content.carib-export.com\/fr\/wp-json\/wp\/v2\/types\/page"}],"author":[{"embeddable":true,"href":"https:\/\/content.carib-export.com\/fr\/wp-json\/wp\/v2\/users\/3"}],"replies":[{"embeddable":true,"href":"https:\/\/content.carib-export.com\/fr\/wp-json\/wp\/v2\/comments?post=270668"}],"version-history":[{"count":0,"href":"https:\/\/content.carib-export.com\/fr\/wp-json\/wp\/v2\/pages\/270668\/revisions"}],"up":[{"embeddable":true,"href":"https:\/\/content.carib-export.com\/fr\/wp-json\/wp\/v2\/pages\/256311"}],"wp:attachment":[{"href":"https:\/\/content.carib-export.com\/fr\/wp-json\/wp\/v2\/media?parent=270668"}],"wp:term":[{"taxonomy":"post_tag","embeddable":true,"href":"https:\/\/content.carib-export.com\/fr\/wp-json\/wp\/v2\/tags?post=270668"}],"curies":[{"name":"wp","href":"https:\/\/api.w.org\/{rel}","templated":true}]}}