{"id":270765,"date":"2019-04-18T10:15:39","date_gmt":"2019-04-18T14:15:39","guid":{"rendered":"https:\/\/content.carib-export.com\/exporters\/training\/business-of-music\/"},"modified":"2025-02-06T13:29:47","modified_gmt":"2025-02-06T17:29:47","slug":"business-of-music","status":"publish","type":"page","link":"https:\/\/content.carib-export.com\/fr\/resources\/training\/business-of-music\/","title":{"rendered":"Entreprise de musique"},"content":{"rendered":"\n<p>L&rsquo;industrie musicale mondiale d&rsquo;un milliard de dollars a subi un certain nombre de changements \u00e0 la suite de l&rsquo;av\u00e8nement du streaming. Jusqu&rsquo;en 2013, les revenus de la musique enregistr\u00e9e ont diminu\u00e9 lorsque les clients ont commenc\u00e9 \u00e0 passer aux m\u00e9thodes de diffusion en continu. En fait, de nombreux artistes et professionnels de la musique s&rsquo;inqui\u00e9taient des impacts n\u00e9gatifs potentiels du streaming sur leurs revenus. Cependant, cette discussion s&rsquo;est estomp\u00e9e, car les entreprises ont trouv\u00e9 des moyens de mon\u00e9tiser le streaming.<\/p>\n<div class=\"wp-block-image\">\n<figure class=\"alignright size-full is-resized\"><img loading=\"lazy\" decoding=\"async\" src=\"https:\/\/content.carib-export.com\/wp-content\/uploads\/2021\/06\/Business-Of-Music-800-x-800-01.png\" alt=\"\" class=\"wp-image-194021\" width=\"600\" height=\"600\" srcset=\"https:\/\/content.carib-export.com\/wp-content\/uploads\/2021\/06\/Business-Of-Music-800-x-800-01.png 800w, https:\/\/content.carib-export.com\/wp-content\/uploads\/2021\/06\/Business-Of-Music-800-x-800-01-150x150.png 150w, https:\/\/content.carib-export.com\/wp-content\/uploads\/2021\/06\/Business-Of-Music-800-x-800-01-100x100.png 100w, https:\/\/content.carib-export.com\/wp-content\/uploads\/2021\/06\/Business-Of-Music-800-x-800-01-768x768.png 768w, https:\/\/content.carib-export.com\/wp-content\/uploads\/2021\/06\/Business-Of-Music-800-x-800-01-70x70.png 70w\" sizes=\"auto, (max-width: 600px) 100vw, 600px\" \/><\/figure>\n<\/div>\n<p>L&rsquo;\u00e9tude de 2015 men\u00e9e pour le compte de Caribbean Export by Visual &amp; Performing Arts Jamaica (VPAJ) et KEA European Affairs (KEA), a mis en lumi\u00e8re le travail de McCandless, dont les recherches ont r\u00e9v\u00e9l\u00e9 que les artistes sign\u00e9s avec des labels gagnaient 0,00128 $ \u00e0 chaque fois que leur musique \u00e9tait diffus\u00e9e. En fait, l&rsquo;\u00e9tude a conclu que les m\u00e9thodes de streaming sous-estimaient le travail des artistes. Cependant, les \u00e9v\u00e9nements ax\u00e9s sur les festivals et la musique ont connu une forte croissance. Le rapport cite une \u00e9tude d&rsquo;EY qui a identifi\u00e9 que les concerts et les festivals de musique repr\u00e9sentaient un peu plus d&rsquo;un tiers des revenus mondiaux des arts de la sc\u00e8ne. L&rsquo;\u00e9tude a \u00e9galement identifi\u00e9 que pour les artistes carib\u00e9ens, le streaming offrait une opportunit\u00e9 d&rsquo;\u00eatre mieux connus et reconnus.<\/p>\n\n<p>Il a \u00e9galement r\u00e9v\u00e9l\u00e9 plusieurs d\u00e9fis auxquels les artistes \u00e9taient confront\u00e9s lorsqu&rsquo;ils cherchaient \u00e0 exporter. Le principal d\u00e9fi identifi\u00e9 \u00e9tait l&rsquo;acc\u00e8s au financement. Le manque d&rsquo;assistance figurait \u00e9galement en bonne place parmi les probl\u00e8mes rencontr\u00e9s par les cr\u00e9atifs.<\/p>\n\n<p>En r\u00e9ponse, le programme <strong>BUSINESS OF MUSIC (BOM)<\/strong> a \u00e9t\u00e9 d\u00e9velopp\u00e9 pour l&rsquo;industrie musicale r\u00e9gionale en mettant l&rsquo;accent sur le renforcement des capacit\u00e9s des gestionnaires de musique et des artistes.<\/p>\n\n<p>Le BOM est un programme en ligne qui traite de l&rsquo;utilisation des plateformes num\u00e9riques, de la propri\u00e9t\u00e9 intellectuelle, de la distribution et de la promotion. Vous trouverez ci-dessous un aper\u00e7u du programme.<\/p>\n\n<div style=\"height:40px\" aria-hidden=\"true\" class=\"wp-block-spacer\"><\/div>\n\n<div class=\"wp-block-columns is-layout-flex wp-container-core-columns-is-layout-9d6595d7 wp-block-columns-is-layout-flex\">\n<div class=\"wp-block-column is-layout-flow wp-block-column-is-layout-flow\">\n<h2 class=\"wp-block-heading\"><strong>LE\u00c7ON 1 &#8211; Comprendre le business de la musique<\/strong><\/h2>\n\n\n\n<ul class=\"wp-block-list\">\n<li>Introduction aux m\u00e9tiers de la musique<\/li>\n\n\n\n<li>Ce qui constitue l&rsquo;industrie de la musique<\/li>\n\n\n\n<li>D\u00e9finir les r\u00f4les et les professions de l&rsquo;industrie<\/li>\n\n\n\n<li>D\u00e9marrage et formalisation de vos op\u00e9rations<\/li>\n\n\n\n<li>Tendances mondiales et perspective carib\u00e9enne<\/li>\n\n\n\n<li>Types d&rsquo;entit\u00e9s commerciales<\/li>\n\n\n\n<li>Aptitudes et comp\u00e9tences pour une entreprise musicale prosp\u00e8re<\/li>\n<\/ul>\n<\/div>\n\n\n\n<div class=\"wp-block-column is-layout-flow wp-block-column-is-layout-flow\">\n<h2 class=\"wp-block-heading\"><strong>LE\u00c7ON 2 &#8211; Identification et \u00e9valuation des partenaires de d\u00e9veloppement<\/strong><\/h2>\n\n\n\n<ul class=\"wp-block-list\">\n<li>L&rsquo;\u00e9quipe du projet musical et ses partenaires<\/li>\n\n\n\n<li>Le gestionnaire d&rsquo;artistes<\/li>\n\n\n\n<li>Le producteur de musique<\/li>\n\n\n\n<li>L&rsquo;agent de publicit\u00e9<\/li>\n\n\n\n<li>L&rsquo;agent de r\u00e9servation<\/li>\n\n\n\n<li>L&rsquo;\u00e9diteur de musique<\/li>\n\n\n\n<li>Distributeur de musique<\/li>\n\n\n\n<li>Promoteur d&rsquo;\u00e9v\u00e9nements<\/li>\n\n\n\n<li>Votre conseiller juridique<\/li>\n\n\n\n<li>Soci\u00e9t\u00e9s de perception des droits d&rsquo;auteur sur la musique<\/li>\n<\/ul>\n<\/div>\n<\/div>\n\n<div class=\"wp-block-columns is-layout-flex wp-container-core-columns-is-layout-9d6595d7 wp-block-columns-is-layout-flex\">\n<div class=\"wp-block-column is-layout-flow wp-block-column-is-layout-flow\">\n<h2 class=\"wp-block-heading\"><strong>LE\u00c7ON 3 &#8211; Le plan de d\u00e9veloppement de l&rsquo;artiste\/du projet<\/strong><\/h2>\n\n\n\n<ul class=\"wp-block-list\">\n<li>Les avantages d&rsquo;un plan d&rsquo;affaires musical<\/li>\n\n\n\n<li>Pourquoi avez-vous besoin d&rsquo;un plan d&rsquo;affaires pour la musique<\/li>\n\n\n\n<li>\u00c9l\u00e9ments d&rsquo;un plan d&rsquo;affaires de projet musical<\/li>\n\n\n\n<li>Financer votre projet<\/li>\n<\/ul>\n<\/div>\n\n\n\n<div class=\"wp-block-column is-layout-flow wp-block-column-is-layout-flow\">\n<h2 class=\"wp-block-heading\"><strong>LE\u00c7ON 4 &#8211; Biens et services de l&rsquo;industrie musicale<\/strong><\/h2>\n\n\n\n<ul class=\"wp-block-list\">\n<li>L&rsquo;industrie de la musique enregistr\u00e9e<\/li>\n\n\n\n<li>L&rsquo;industrie de la musique live<\/li>\n\n\n\n<li>Marchandise et image de marque<\/li>\n\n\n\n<li>Qu&rsquo;entend-on par revenu de la marque ?<\/li>\n<\/ul>\n<\/div>\n<\/div>\n\n<div class=\"wp-block-columns is-layout-flex wp-container-core-columns-is-layout-9d6595d7 wp-block-columns-is-layout-flex\">\n<div class=\"wp-block-column is-layout-flow wp-block-column-is-layout-flow\">\n<h2 class=\"wp-block-heading\"><strong>LE\u00c7ON 5 &#8211; Recueillir des informations sur le march\u00e9<\/strong><\/h2>\n\n\n\n<ul class=\"wp-block-list\">\n<li>Comment mener une \u00e9tude de march\u00e9<\/li>\n\n\n\n<li>March\u00e9s cibl\u00e9s<\/li>\n\n\n\n<li>Analyse de la concurrence<\/li>\n\n\n\n<li>Tendances actuelles et futures<\/li>\n<\/ul>\n<\/div>\n\n\n\n<div class=\"wp-block-column is-layout-flow wp-block-column-is-layout-flow\">\n<h2 class=\"wp-block-heading\"><strong>LE\u00c7ON 6 &#8211; Identifier et \u00e9tablir votre cr\u00e9neau<\/strong><\/h2>\n\n\n\n<ul class=\"wp-block-list\">\n<li>Connaissez votre cr\u00e9neau \u00e0 l&rsquo;envers<\/li>\n\n\n\n<li>R\u00e9solvez les probl\u00e8mes de vos clients<\/li>\n\n\n\n<li>Faire conna\u00eetre votre entreprise<\/li>\n\n\n\n<li>Gardez un \u0153il sur les concurrents de votre march\u00e9 de niche<\/li>\n\n\n\n<li>Soyez ouvert \u00e0 de nouvelles opportunit\u00e9s<\/li>\n\n\n\n<li>\u00c9coutez vos clients<\/li>\n<\/ul>\n<\/div>\n<\/div>\n\n<div class=\"wp-block-columns is-layout-flex wp-container-core-columns-is-layout-9d6595d7 wp-block-columns-is-layout-flex\">\n<div class=\"wp-block-column is-layout-flow wp-block-column-is-layout-flow\">\n<h2 class=\"wp-block-heading\"><strong>LE\u00c7ON 7 &#8211; Votre plan de marketing musical<\/strong><\/h2>\n\n\n\n<ul class=\"wp-block-list\">\n<li>Cinq \u00e9tapes essentielles du marketing musical<\/li>\n\n\n\n<li>Diffuser votre musique au public<\/li>\n\n\n\n<li>Vid\u00e9os<\/li>\n\n\n\n<li>La marchandise comme outil de marketing<\/li>\n\n\n\n<li>Tourn\u00e9e<\/li>\n\n\n\n<li>Campagne m\u00e9dia et lancement de votre musique<\/li>\n<\/ul>\n<\/div>\n\n\n\n<div class=\"wp-block-column is-layout-flow wp-block-column-is-layout-flow\">\n<h2 class=\"wp-block-heading\"><strong>LE\u00c7ON 8 &#8211; Trouver et n\u00e9gocier avec des acheteurs et des distributeurs<\/strong><\/h2>\n\n\n\n<ul class=\"wp-block-list\">\n<li>La configuration de la distribution de musique traditionnelle<\/li>\n\n\n\n<li>Changements radicaux dans la distribution musicale<\/li>\n\n\n\n<li>Trouver la distribution de musique<\/li>\n\n\n\n<li>Ce que vous devez savoir avant de conclure un accord de distribution<\/li>\n\n\n\n<li>Auto-distribution de votre musique<\/li>\n\n\n\n<li>Diffusion num\u00e9rique<\/li>\n\n\n\n<li>Probl\u00e8mes importants li\u00e9s aux contrats de distribution<\/li>\n<\/ul>\n<\/div>\n<\/div>\n\n<div class=\"wp-block-columns is-layout-flex wp-container-core-columns-is-layout-9d6595d7 wp-block-columns-is-layout-flex\">\n<div class=\"wp-block-column is-layout-flow wp-block-column-is-layout-flow\">\n<h2 class=\"wp-block-heading\"><strong>LE\u00c7ON 9 &#8211; Le r\u00f4le de la technologie num\u00e9rique et d&rsquo;Internet<\/strong><\/h2>\n\n\n\n<ul class=\"wp-block-list\">\n<li>Technologie num\u00e9rique et industrie de la musique<\/li>\n\n\n\n<li>Tendances de la musique num\u00e9rique<\/li>\n\n\n\n<li>Le rapport de l&rsquo;IFPI sur la musique num\u00e9rique<\/li>\n\n\n\n<li>Marketing des m\u00e9dias sociaux dans la musique<\/li>\n\n\n\n<li>Les m\u00e9dias sociaux et vos fans<\/li>\n\n\n\n<li>Publication sur les r\u00e9seaux sociaux<\/li>\n\n\n\n<li>Votre site officiel<\/li>\n<\/ul>\n<\/div>\n\n\n\n<div class=\"wp-block-column is-layout-flow wp-block-column-is-layout-flow\">\n<h2 class=\"wp-block-heading\"><strong>LE\u00c7ON 10 &#8211; Comment entrer sur le march\u00e9 de la musique et r\u00e9ussir<\/strong><\/h2>\n\n\n\n<ul class=\"wp-block-list\">\n<li>V\u00e9rification de la r\u00e9alit\u00e9<\/li>\n\n\n\n<li>Se pr\u00e9parer au succ\u00e8s de l&rsquo;industrie de la musique<\/li>\n\n\n\n<li>Cr\u00e9er une bonne \u00e9quipe<\/li>\n\n\n\n<li>Connais tes droits<\/li>\n\n\n\n<li>Soignez les inscriptions<\/li>\n\n\n\n<li>Mettre en place une distribution et une promotion efficaces<\/li>\n\n\n\n<li>Suivez l&rsquo;argent<\/li>\n\n\n\n<li>Gardez le cap et entretenez de bonnes relations<\/li>\n<\/ul>\n<\/div>\n<\/div>\n\n<div class=\"wp-block-columns is-layout-flex wp-container-core-columns-is-layout-9d6595d7 wp-block-columns-is-layout-flex\">\n<div class=\"wp-block-column is-layout-flow wp-block-column-is-layout-flow\">\n<h2 class=\"wp-block-heading\"><strong>LE\u00c7ON 11 &#8211; Travailler avec les institutions et organisations internationales<\/strong><\/h2>\n\n\n\n<ul class=\"wp-block-list\">\n<li>Organisations nationales et r\u00e9gionales<\/li>\n\n\n\n<li>Organisations internationales<\/li>\n\n\n\n<li>Institutions internationales et r\u00e9seautage<\/li>\n<\/ul>\n<\/div>\n\n\n\n<div class=\"wp-block-column is-layout-flow wp-block-column-is-layout-flow\">\n<h2 class=\"wp-block-heading\"><strong>LE\u00c7ON 12 &#8211; Contrats et protection des droits de propri\u00e9t\u00e9 intellectuelle<\/strong><\/h2>\n\n\n\n<ul class=\"wp-block-list\">\n<li>Droit de la propri\u00e9t\u00e9 intellectuelle (droits d&rsquo;auteur, marques et noms de domaine)<\/li>\n\n\n\n<li>Contrats commerciaux de musique<\/li>\n\n\n\n<li>Contrat de gestion d&rsquo;artiste<\/li>\n\n\n\n<li>Contrat de repr\u00e9sentation\/tourn\u00e9e<\/li>\n\n\n\n<li>Contrat d&rsquo;enregistrement<\/li>\n\n\n\n<li>Contrats de licence\/distribution<\/li>\n\n\n\n<li>Contrats d&rsquo;\u00e9dition musicale<\/li>\n\n\n\n<li>Chaque module comprend des pr\u00e9sentations \u00e9crites, des liens vers des ressources documentaires et un questionnaire.<\/li>\n<\/ul>\n<\/div>\n<\/div>\n\n<div style=\"height:40px\" aria-hidden=\"true\" class=\"wp-block-spacer\"><\/div>\n\n<p>Pour plus d&rsquo;informations ou pour participer au <strong>programme de la MOB, inscrivez-vous ici<\/strong> et visitez \u00e9galement le site web du programme : <strong><a href=\"https:\/\/carib-export.thinkific.com\/courses\/business-of-music\" target=\"_blank\" rel=\"noreferrer noopener\">Site Internet de la MOB<\/a><\/strong><\/p>\n\n<p><\/p>\n","protected":false},"excerpt":{"rendered":"<p>L&rsquo;industrie musicale mondiale d&rsquo;un milliard de dollars a subi un certain nombre de changements \u00e0 la suite de l&rsquo;av\u00e8nement du streaming. Jusqu&rsquo;en 2013, les revenus de la musique enregistr\u00e9e ont diminu\u00e9 lorsque les clients ont commenc\u00e9 \u00e0 passer aux m\u00e9thodes de diffusion en continu. En fait, de nombreux artistes et professionnels de la musique s&rsquo;inqui\u00e9taient [&hellip;]<\/p>\n","protected":false},"author":3,"featured_media":248926,"parent":256311,"menu_order":0,"comment_status":"closed","ping_status":"closed","template":"","meta":{"_acf_changed":false,"inline_featured_image":false,"footnotes":""},"tags":[12680],"class_list":["post-270765","page","type-page","status-publish","has-post-thumbnail","hentry","tag-music-fr"],"acf":[],"yoast_head":"<!-- This site is optimized with the Yoast SEO plugin v27.1.1 - https:\/\/yoast.com\/product\/yoast-seo-wordpress\/ -->\n<title>de Entreprise de musique - Exportation Cara\u00efbes<\/title>\n<meta name=\"robots\" content=\"index, follow, max-snippet:-1, max-image-preview:large, max-video-preview:-1\" \/>\n<link rel=\"canonical\" href=\"https:\/\/content.carib-export.com\/fr\/resources\/training\/business-of-music\/\" \/>\n<meta property=\"og:locale\" content=\"fr_FR\" \/>\n<meta property=\"og:type\" content=\"article\" \/>\n<meta property=\"og:title\" content=\"de Entreprise de musique - Exportation Cara\u00efbes\" \/>\n<meta property=\"og:description\" content=\"L&rsquo;industrie musicale mondiale d&rsquo;un milliard de dollars a subi un certain nombre de changements \u00e0 la suite de l&rsquo;av\u00e8nement du streaming. Jusqu&rsquo;en 2013, les revenus de la musique enregistr\u00e9e ont diminu\u00e9 lorsque les clients ont commenc\u00e9 \u00e0 passer aux m\u00e9thodes de diffusion en continu. En fait, de nombreux artistes et professionnels de la musique s&rsquo;inqui\u00e9taient [&hellip;]\" \/>\n<meta property=\"og:url\" content=\"https:\/\/content.carib-export.com\/fr\/resources\/training\/business-of-music\/\" \/>\n<meta property=\"og:site_name\" content=\"Exportation Cara\u00efbes\" \/>\n<meta property=\"article:publisher\" content=\"https:\/\/www.facebook.com\/CaribbeanExport\" \/>\n<meta property=\"article:modified_time\" content=\"2025-02-06T17:29:47+00:00\" \/>\n<meta property=\"og:image\" content=\"https:\/\/content.carib-export.com\/wp-content\/uploads\/2019\/11\/Business-Of-Music-800-x-800_orange.png\" \/>\n\t<meta property=\"og:image:width\" content=\"800\" \/>\n\t<meta property=\"og:image:height\" content=\"800\" \/>\n\t<meta property=\"og:image:type\" content=\"image\/png\" \/>\n<meta name=\"twitter:card\" content=\"summary_large_image\" \/>\n<meta name=\"twitter:site\" content=\"@CaribXport\" \/>\n<meta name=\"twitter:label1\" content=\"Dur\u00e9e de lecture estim\u00e9e\" \/>\n\t<meta name=\"twitter:data1\" content=\"5 minutes\" \/>\n<script type=\"application\/ld+json\" class=\"yoast-schema-graph\">{\"@context\":\"https:\/\/schema.org\",\"@graph\":[{\"@type\":\"WebPage\",\"@id\":\"https:\/\/content.carib-export.com\/fr\/resources\/training\/business-of-music\/\",\"url\":\"https:\/\/content.carib-export.com\/fr\/resources\/training\/business-of-music\/\",\"name\":\"de Entreprise de musique - Exportation Cara\u00efbes\",\"isPartOf\":{\"@id\":\"https:\/\/content.carib-export.com\/fr\/#website\"},\"primaryImageOfPage\":{\"@id\":\"https:\/\/content.carib-export.com\/fr\/resources\/training\/business-of-music\/#primaryimage\"},\"image\":{\"@id\":\"https:\/\/content.carib-export.com\/fr\/resources\/training\/business-of-music\/#primaryimage\"},\"thumbnailUrl\":\"https:\/\/content.carib-export.com\/wp-content\/uploads\/2019\/11\/Business-Of-Music-800-x-800_orange.png\",\"datePublished\":\"2019-04-18T14:15:39+00:00\",\"dateModified\":\"2025-02-06T17:29:47+00:00\",\"breadcrumb\":{\"@id\":\"https:\/\/content.carib-export.com\/fr\/resources\/training\/business-of-music\/#breadcrumb\"},\"inLanguage\":\"fr-FR\",\"potentialAction\":[{\"@type\":\"ReadAction\",\"target\":[\"https:\/\/content.carib-export.com\/fr\/resources\/training\/business-of-music\/\"]}]},{\"@type\":\"ImageObject\",\"inLanguage\":\"fr-FR\",\"@id\":\"https:\/\/content.carib-export.com\/fr\/resources\/training\/business-of-music\/#primaryimage\",\"url\":\"https:\/\/content.carib-export.com\/wp-content\/uploads\/2019\/11\/Business-Of-Music-800-x-800_orange.png\",\"contentUrl\":\"https:\/\/content.carib-export.com\/wp-content\/uploads\/2019\/11\/Business-Of-Music-800-x-800_orange.png\",\"width\":800,\"height\":800},{\"@type\":\"BreadcrumbList\",\"@id\":\"https:\/\/content.carib-export.com\/fr\/resources\/training\/business-of-music\/#breadcrumb\",\"itemListElement\":[{\"@type\":\"ListItem\",\"position\":1,\"name\":\"Accueil\",\"item\":\"https:\/\/content.carib-export.com\/fr\/home\/\"},{\"@type\":\"ListItem\",\"position\":2,\"name\":\"Ressources\",\"item\":\"https:\/\/content.carib-export.com\/fr\/resources\/\"},{\"@type\":\"ListItem\",\"position\":3,\"name\":\"Entra\u00eenement\",\"item\":\"https:\/\/content.carib-export.com\/fr\/resources\/training\/\"},{\"@type\":\"ListItem\",\"position\":4,\"name\":\"Entreprise de musique\"}]},{\"@type\":\"WebSite\",\"@id\":\"https:\/\/content.carib-export.com\/fr\/#website\",\"url\":\"https:\/\/content.carib-export.com\/fr\/\",\"name\":\"Exportation Cara\u00efbes\",\"description\":\"La seule agence r\u00e9gionale de promotion du commerce et des investissements du groupe Afrique, Cara\u00efbes et Pacifique.\",\"publisher\":{\"@id\":\"https:\/\/content.carib-export.com\/fr\/#organization\"},\"potentialAction\":[{\"@type\":\"SearchAction\",\"target\":{\"@type\":\"EntryPoint\",\"urlTemplate\":\"https:\/\/content.carib-export.com\/fr\/?s={search_term_string}\"},\"query-input\":{\"@type\":\"PropertyValueSpecification\",\"valueRequired\":true,\"valueName\":\"search_term_string\"}}],\"inLanguage\":\"fr-FR\"},{\"@type\":\"Organization\",\"@id\":\"https:\/\/content.carib-export.com\/fr\/#organization\",\"name\":\"Agence carib\u00e9enne de d\u00e9veloppement des exportations\",\"url\":\"https:\/\/content.carib-export.com\/fr\/\",\"logo\":{\"@type\":\"ImageObject\",\"inLanguage\":\"fr-FR\",\"@id\":\"https:\/\/content.carib-export.com\/fr\/#\/schema\/logo\/image\/\",\"url\":\"https:\/\/content.carib-export.com\/wp-content\/uploads\/2013\/03\/CE-Logo-2013.jpg\",\"contentUrl\":\"https:\/\/content.carib-export.com\/wp-content\/uploads\/2013\/03\/CE-Logo-2013.jpg\",\"width\":1024,\"height\":244,\"caption\":\"Agence carib\u00e9enne de d\u00e9veloppement des exportations\"},\"image\":{\"@id\":\"https:\/\/content.carib-export.com\/fr\/#\/schema\/logo\/image\/\"},\"sameAs\":[\"https:\/\/www.facebook.com\/CaribbeanExport\",\"https:\/\/x.com\/CaribXport\",\"https:\/\/www.instagram.com\/caribbeanexport\",\"https:\/\/www.linkedin.com\/company\/caribbeanexport\",\"https:\/\/www.youtube.com\/user\/TheCaribbeanExport\"]}]}<\/script>\n<!-- \/ Yoast SEO plugin. -->","yoast_head_json":{"title":"de Entreprise de musique - Exportation Cara\u00efbes","robots":{"index":"index","follow":"follow","max-snippet":"max-snippet:-1","max-image-preview":"max-image-preview:large","max-video-preview":"max-video-preview:-1"},"canonical":"https:\/\/content.carib-export.com\/fr\/resources\/training\/business-of-music\/","og_locale":"fr_FR","og_type":"article","og_title":"de Entreprise de musique - Exportation Cara\u00efbes","og_description":"L&rsquo;industrie musicale mondiale d&rsquo;un milliard de dollars a subi un certain nombre de changements \u00e0 la suite de l&rsquo;av\u00e8nement du streaming. Jusqu&rsquo;en 2013, les revenus de la musique enregistr\u00e9e ont diminu\u00e9 lorsque les clients ont commenc\u00e9 \u00e0 passer aux m\u00e9thodes de diffusion en continu. En fait, de nombreux artistes et professionnels de la musique s&rsquo;inqui\u00e9taient [&hellip;]","og_url":"https:\/\/content.carib-export.com\/fr\/resources\/training\/business-of-music\/","og_site_name":"Exportation Cara\u00efbes","article_publisher":"https:\/\/www.facebook.com\/CaribbeanExport","article_modified_time":"2025-02-06T17:29:47+00:00","og_image":[{"width":800,"height":800,"url":"https:\/\/content.carib-export.com\/wp-content\/uploads\/2019\/11\/Business-Of-Music-800-x-800_orange.png","type":"image\/png"}],"twitter_card":"summary_large_image","twitter_site":"@CaribXport","twitter_misc":{"Dur\u00e9e de lecture estim\u00e9e":"5 minutes"},"schema":{"@context":"https:\/\/schema.org","@graph":[{"@type":"WebPage","@id":"https:\/\/content.carib-export.com\/fr\/resources\/training\/business-of-music\/","url":"https:\/\/content.carib-export.com\/fr\/resources\/training\/business-of-music\/","name":"de Entreprise de musique - Exportation Cara\u00efbes","isPartOf":{"@id":"https:\/\/content.carib-export.com\/fr\/#website"},"primaryImageOfPage":{"@id":"https:\/\/content.carib-export.com\/fr\/resources\/training\/business-of-music\/#primaryimage"},"image":{"@id":"https:\/\/content.carib-export.com\/fr\/resources\/training\/business-of-music\/#primaryimage"},"thumbnailUrl":"https:\/\/content.carib-export.com\/wp-content\/uploads\/2019\/11\/Business-Of-Music-800-x-800_orange.png","datePublished":"2019-04-18T14:15:39+00:00","dateModified":"2025-02-06T17:29:47+00:00","breadcrumb":{"@id":"https:\/\/content.carib-export.com\/fr\/resources\/training\/business-of-music\/#breadcrumb"},"inLanguage":"fr-FR","potentialAction":[{"@type":"ReadAction","target":["https:\/\/content.carib-export.com\/fr\/resources\/training\/business-of-music\/"]}]},{"@type":"ImageObject","inLanguage":"fr-FR","@id":"https:\/\/content.carib-export.com\/fr\/resources\/training\/business-of-music\/#primaryimage","url":"https:\/\/content.carib-export.com\/wp-content\/uploads\/2019\/11\/Business-Of-Music-800-x-800_orange.png","contentUrl":"https:\/\/content.carib-export.com\/wp-content\/uploads\/2019\/11\/Business-Of-Music-800-x-800_orange.png","width":800,"height":800},{"@type":"BreadcrumbList","@id":"https:\/\/content.carib-export.com\/fr\/resources\/training\/business-of-music\/#breadcrumb","itemListElement":[{"@type":"ListItem","position":1,"name":"Accueil","item":"https:\/\/content.carib-export.com\/fr\/home\/"},{"@type":"ListItem","position":2,"name":"Ressources","item":"https:\/\/content.carib-export.com\/fr\/resources\/"},{"@type":"ListItem","position":3,"name":"Entra\u00eenement","item":"https:\/\/content.carib-export.com\/fr\/resources\/training\/"},{"@type":"ListItem","position":4,"name":"Entreprise de musique"}]},{"@type":"WebSite","@id":"https:\/\/content.carib-export.com\/fr\/#website","url":"https:\/\/content.carib-export.com\/fr\/","name":"Exportation Cara\u00efbes","description":"La seule agence r\u00e9gionale de promotion du commerce et des investissements du groupe Afrique, Cara\u00efbes et Pacifique.","publisher":{"@id":"https:\/\/content.carib-export.com\/fr\/#organization"},"potentialAction":[{"@type":"SearchAction","target":{"@type":"EntryPoint","urlTemplate":"https:\/\/content.carib-export.com\/fr\/?s={search_term_string}"},"query-input":{"@type":"PropertyValueSpecification","valueRequired":true,"valueName":"search_term_string"}}],"inLanguage":"fr-FR"},{"@type":"Organization","@id":"https:\/\/content.carib-export.com\/fr\/#organization","name":"Agence carib\u00e9enne de d\u00e9veloppement des exportations","url":"https:\/\/content.carib-export.com\/fr\/","logo":{"@type":"ImageObject","inLanguage":"fr-FR","@id":"https:\/\/content.carib-export.com\/fr\/#\/schema\/logo\/image\/","url":"https:\/\/content.carib-export.com\/wp-content\/uploads\/2013\/03\/CE-Logo-2013.jpg","contentUrl":"https:\/\/content.carib-export.com\/wp-content\/uploads\/2013\/03\/CE-Logo-2013.jpg","width":1024,"height":244,"caption":"Agence carib\u00e9enne de d\u00e9veloppement des exportations"},"image":{"@id":"https:\/\/content.carib-export.com\/fr\/#\/schema\/logo\/image\/"},"sameAs":["https:\/\/www.facebook.com\/CaribbeanExport","https:\/\/x.com\/CaribXport","https:\/\/www.instagram.com\/caribbeanexport","https:\/\/www.linkedin.com\/company\/caribbeanexport","https:\/\/www.youtube.com\/user\/TheCaribbeanExport"]}]}},"_links":{"self":[{"href":"https:\/\/content.carib-export.com\/fr\/wp-json\/wp\/v2\/pages\/270765","targetHints":{"allow":["GET"]}}],"collection":[{"href":"https:\/\/content.carib-export.com\/fr\/wp-json\/wp\/v2\/pages"}],"about":[{"href":"https:\/\/content.carib-export.com\/fr\/wp-json\/wp\/v2\/types\/page"}],"author":[{"embeddable":true,"href":"https:\/\/content.carib-export.com\/fr\/wp-json\/wp\/v2\/users\/3"}],"replies":[{"embeddable":true,"href":"https:\/\/content.carib-export.com\/fr\/wp-json\/wp\/v2\/comments?post=270765"}],"version-history":[{"count":0,"href":"https:\/\/content.carib-export.com\/fr\/wp-json\/wp\/v2\/pages\/270765\/revisions"}],"up":[{"embeddable":true,"href":"https:\/\/content.carib-export.com\/fr\/wp-json\/wp\/v2\/pages\/256311"}],"wp:featuredmedia":[{"embeddable":true,"href":"https:\/\/content.carib-export.com\/fr\/wp-json\/wp\/v2\/media\/248926"}],"wp:attachment":[{"href":"https:\/\/content.carib-export.com\/fr\/wp-json\/wp\/v2\/media?parent=270765"}],"wp:term":[{"taxonomy":"post_tag","embeddable":true,"href":"https:\/\/content.carib-export.com\/fr\/wp-json\/wp\/v2\/tags?post=270765"}],"curies":[{"name":"wp","href":"https:\/\/api.w.org\/{rel}","templated":true}]}}